{"id":150001,"date":"2025-02-06T12:58:36","date_gmt":"2025-02-06T12:58:36","guid":{"rendered":"https:\/\/bas-ip.com\/napco\/"},"modified":"2025-11-18T11:19:36","modified_gmt":"2025-11-18T11:19:36","slug":"napco","status":"publish","type":"page","link":"https:\/\/bas-ip.com\/et\/napco\/","title":{"rendered":"NAPCO"},"content":{"rendered":"<h2 class=\"wp-block-heading\"><strong>BAS-IP ja NAPCO: Integratsioon Mugavaks Juurdep\u00e4\u00e4suhalduseks<\/strong><\/h2>\n\n\n<div class=\"wp-block-image\">\n<figure class=\"aligncenter size-full\"><img loading=\"lazy\" decoding=\"async\" width=\"900\" height=\"183\" src=\"https:\/\/bas-ip.com\/wp-content\/uploads\/2025\/02\/napco-security-logo.png\" alt=\"\" class=\"wp-image-130197\" srcset=\"https:\/\/bas-ip.com\/wp-content\/uploads\/2025\/02\/napco-security-logo.png 900w,  https:\/\/bas-ip.com\/wp-content\/uploads\/2025\/02\/napco-security-logo-300x61.png 300w,  https:\/\/bas-ip.com\/wp-content\/uploads\/2025\/02\/napco-security-logo-768x156.png 768w,  https:\/\/bas-ip.com\/wp-content\/uploads\/2025\/02\/napco-security-logo-767x156.png 767w\" sizes=\"auto, (max-width: 900px) 100vw, 900px\" \/><\/figure>\n<\/div>\n\n<p data-path-to-node=\"2\">Integratsioon <b>NAPCO-ga<\/b> toimib <b>Androidi-p\u00f5hise<\/b> paneeli <b>AV-08FB<\/b> kaudu. \u00dchendades paneeli tarkvaraga <b>Card Access Software v1.2.x<\/b>, saavad kasutajad hallata mandaate \u00fche liidese kaudu, v\u00e4listades vajaduse eraldi veebiliidese j\u00e4rele, mis lihtsustab protsessi.<\/p>\n<p data-path-to-node=\"3\">Integratsioon h\u00f5lmab <b>juurdep\u00e4\u00e4sukontrolli<\/b>, <b>videovalvet<\/b> ja <b>reaalajas monitooringut<\/b>, muutes s\u00fcsteemi paindlikuks ja mugavaks, eriti elamukompleksides ja kontorites, kus kiire haldamine ja s\u00fcndmustele reageerimine on \u00fcliolulised.<\/p>\n<p data-path-to-node=\"5\">\u00a0<\/p>\n<h3>BAS-IP ja NAPCO Integratsiooni Eelised:<\/h3>\n<p>\u00a0<\/p>\n<ul>\n<li data-path-to-node=\"6,0,0\"><b>Haldamise Lihtsus:<\/b> \u00dcks liides v\u00f5imaldab kasutajatel h\u00f5lpsasti hallata mandaate ja juurdep\u00e4\u00e4su, lihtsustades haldusprotsessi.<\/li>\n<li data-path-to-node=\"6,0,0\"><b>Paindlik S\u00fcsteem:<\/b> Integratsioon v\u00f5imaldab kasutada erinevaid funktsioone, sealhulgas juurdep\u00e4\u00e4sukontrolli ja videovalvet, muutes s\u00fcsteemi mitmek\u00fclgseks.<\/li>\n<li data-path-to-node=\"6,0,0\"><b>Reaalajas Monitooring:<\/b> V\u00f5ime s\u00fcndmusi reaalajas j\u00e4lgida suurendab turvalisust ja v\u00f5imaldab kiiremini intsidentidele reageerida.<\/li>\n<li data-path-to-node=\"6,0,0\"><b>Ideaalne Elamu- ja B\u00fcrookompleksidele:<\/b> Lahendus sobib objektidele, kus on oluline kiire reageerimine ja mugav juurdep\u00e4\u00e4suhaldus.<\/li>\n<\/ul>\n<p data-path-to-node=\"8\">\u00a0<\/p>\n<h3>Integratsiooni Peamised Tunnused:<\/h3>\n<p>\u00a0<\/p>\n<p data-path-to-node=\"9\">BAS-IP ja NAPCO koost\u00f6\u00f6 pakub:<\/p>\n<ul>\n<li data-path-to-node=\"10,0,0\">Integratsiooni <b>AV-08FB<\/b> paneeli ja <b>Card Access<\/b> tarkvaraga, pakkudes mugavat juurdep\u00e4\u00e4suhaldust.<\/li>\n<li data-path-to-node=\"10,0,0\">Erinevate turvaaspektide, nagu videovalve ja juurdep\u00e4\u00e4sukontrolli omavahelist \u00fchendatust.<\/li>\n<li data-path-to-node=\"10,0,0\">Paindlikke konfiguratsioone erinevate kasutajavajadustega kohanemiseks.<\/li>\n<\/ul>\n<p data-path-to-node=\"11\">See integratsioon v\u00f5imaldab koondada juurdep\u00e4\u00e4suhalduse ja videovalve \u00fchte s\u00fcsteemi, muutes selle ideaalseks lahenduseks kaasaegsetele objektidele. BAS-IP ja NAPCO koost\u00f6\u00f6 pakub t\u00f5husat ja turvalist t\u00f6\u00f6riista juurdep\u00e4\u00e4suhalduseks ja monitooringuks.<\/p>\n<p data-path-to-node=\"12\">T\u00e4psemate paigaldus- ja seadistamisjuhiste saamiseks vaadake palun meie <a href=\"https:\/\/basip.atlassian.net\/wiki\/spaces\/Integrations\/pages\/248479748\/Integration+with+NAPCO\" target=\"_blank\" rel=\"noopener\"><b>Wiki K\u00e4siraamatut<\/b><\/a>.<\/p>\n\n<!-- START Block Sign Up --><section id=\"block_629678229e935\" class=\"sign-up-section\">\r\n\r\n    <div class=\"form-holder js-form\" data-aos=\"fade-right\">\r\n                    <div class=\"title-block h3\">Sign up for connection<\/div>\r\n        \r\n                    <div class=\"text-block\">\r\n                Filling out all the information needed to answer you as quickly as possible            <\/div>\r\n        \r\n                    \n<div class=\"wpcf7 no-js\" id=\"wpcf7-f102-o1\" lang=\"en-US\" dir=\"ltr\">\n<div class=\"screen-reader-response\"><p role=\"status\" aria-live=\"polite\" aria-atomic=\"true\"><\/p> <ul><\/ul><\/div>\n<form action=\"\/et\/wp-json\/wp\/v2\/pages\/150001#wpcf7-f102-o1\" method=\"post\" class=\"wpcf7-form init\" aria-label=\"Contact form\" enctype=\"multipart\/form-data\" novalidate=\"novalidate\" data-status=\"init\">\n<div style=\"display: none;\">\n<input type=\"hidden\" name=\"_wpcf7\" value=\"102\" \/>\n<input type=\"hidden\" name=\"_wpcf7_version\" value=\"5.8.3\" \/>\n<input type=\"hidden\" name=\"_wpcf7_locale\" value=\"en_US\" \/>\n<input type=\"hidden\" name=\"_wpcf7_unit_tag\" value=\"wpcf7-f102-o1\" \/>\n<input type=\"hidden\" name=\"_wpcf7_container_post\" value=\"0\" \/>\n<input type=\"hidden\" name=\"_wpcf7_posted_data_hash\" value=\"\" \/>\n<input type=\"hidden\" name=\"_wpcf7_recaptcha_response\" value=\"\" \/>\n<\/div>\n<div class=\"row\"> \n <label><span class=\"label-text\">Name<\/span> \n  <span class=\"wpcf7-form-control-wrap\" data-name=\"text-full-name\"><input size=\"40\" class=\"wpcf7-form-control wpcf7-text wpcf7-validates-as-required\" aria-required=\"true\" aria-invalid=\"false\" placeholder=\"Name\" value=\"\" type=\"text\" name=\"text-full-name\" \/><\/span><\/label> \n<\/div> \n<div class=\"row\"> \n <label><span class=\"label-text\">Phone*<\/span> \n<span class=\"wpcf7-form-control-wrap\" data-name=\"phonetext-270\"><input size=\"40\" class=\"wpcf7-form-control wpcf7-phonetext wpcf7-validates-as-required wpcf7-text wpcf7-validates-as-phonetext\" aria-required=\"true\" aria-invalid=\"false\" placeholder=\"Phone*\" value=\"\" type=\"text\" name=\"phonetext-270\" \/><input type=\"hidden\" name=\"phonetext-270-country-code\" class=\"wpcf7-phonetext-country-code\" \/><\/span><\/label> \n<\/div> \n<div class=\"row\"> \n <label><span class=\"label-text\">E-mail<\/span> \n  <span class=\"wpcf7-form-control-wrap\" data-name=\"email-e-mail\"><input size=\"40\" class=\"wpcf7-form-control wpcf7-email wpcf7-validates-as-required wpcf7-text wpcf7-validates-as-email\" aria-required=\"true\" aria-invalid=\"false\" placeholder=\"E-mail\" value=\"\" type=\"email\" name=\"email-e-mail\" \/><\/span><\/label> \n<\/div> \n<div class=\"row\"><span>Your country<\/span> \n <label><span class=\"wpcf7-form-control-wrap\" data-name=\"countrytext-126\"><input size=\"40\" class=\"wpcf7-form-control wpcf7-countrytext wpcf7-text wpcf7-validates-as-countrytext\" aria-invalid=\"false\" value=\"\" type=\"text\" name=\"countrytext-126\" \/><\/span> <\/label>\n<\/div> \n<div class=\"row\"> \n <button type=\"submit\" class=\"btn\">Send<\/button> \n<\/div> \n<div class=\"row\"> \n <span class=\"wpcf7-form-control-wrap\" data-name=\"checkbox-931\"><span class=\"wpcf7-form-control wpcf7-checkbox\"><span class=\"wpcf7-list-item first\"><label><input type=\"checkbox\" name=\"checkbox-931[]\" value=\"Integrator\" \/><span class=\"wpcf7-list-item-label\">Integrator<\/span><\/label><\/span><span class=\"wpcf7-list-item\"><label><input type=\"checkbox\" name=\"checkbox-931[]\" value=\"Builder\" \/><span class=\"wpcf7-list-item-label\">Builder<\/span><\/label><\/span><span class=\"wpcf7-list-item last\"><label><input type=\"checkbox\" name=\"checkbox-931[]\" value=\"End-User\" \/><span class=\"wpcf7-list-item-label\">End-User<\/span><\/label><\/span><\/span><\/span> \n<\/div> \n<div class=\"row row-upload-file\"> \n <label class=\"upload-file-block js-upload-file\">Attach file \n  <span class=\"wpcf7-form-control-wrap\" data-name=\"file-466\"><input size=\"40\" class=\"wpcf7-form-control wpcf7-file\" accept=\"audio\/*,video\/*,image\/*\" aria-invalid=\"false\" type=\"file\" name=\"file-466\" \/><\/span><\/label> \n<\/div><input type='hidden' class='wpcf7-pum' value='{\"closepopup\":false,\"closedelay\":0,\"openpopup\":false,\"openpopup_id\":0}' \/><div class=\"wpcf7-response-output\" aria-hidden=\"true\"><\/div>\n<\/form>\n<\/div>\n            <\/div>\r\n\r\n\t\t    <div class=\"text-holder\" data-aos=\"fade-left\">\r\n\t\t\t\t\t\t    <h3 class=\"title-block\">How Can We Help?<\/h3>\r\n\t\t\t\r\n\t\t\t                <div class=\"text-block\">\r\n                    Please select a topic below related to your inquiry. If you don&#8217;t find what you need, fill out our contact form.                <\/div>\r\n\t\t\t\r\n\t\t\t\t\t\t    <ul class=\"link-list\">\r\n\t\t\t\t\t\t\t\t\t\t\t\t\t\t\t\t\t\t<li>\r\n\t\t\t\t\t\t\t\t\t\t\t\t\t\t\t\t    <strong>Get Inspired<\/strong>\r\n\t\t\t\t\t\t\t\t\t\t\t\t\t\t\t\t\t\t\t\t\t\t\t\t    <a href=\"\/features\/\">\r\n\t\t\t\t\t\t\t\t        Discover what&#8217;s beneath our intercom\t\t\t\t\t\t\t\t    <\/a>\r\n\t\t\t\t\t\t\t\t\t\t\t\t\t\t\t<\/li>\r\n\t\t\t\t\t\t\t\t\t\t\t\t\t\t\t\t\t\t\t\t\t\t\t\t<li>\r\n\t\t\t\t\t\t\t\t\t\t\t\t\t\t\t\t    <strong>Become a Partner<\/strong>\r\n\t\t\t\t\t\t\t\t\t\t\t\t\t\t\t\t\t\t\t\t\t\t\t\t    <a href=\"\/distributors\/\">\r\n\t\t\t\t\t\t\t\t        Expand your business with BAS-IP intercom\t\t\t\t\t\t\t\t    <\/a>\r\n\t\t\t\t\t\t\t\t\t\t\t\t\t\t\t<\/li>\r\n\t\t\t\t\t\t\t\t\t\t\t\t\t\t\t\t\t\t\t\t\t\t\t\t<li>\r\n\t\t\t\t\t\t\t\t\t\t\t\t\t\t\t\t    <strong>Check the Guides<\/strong>\r\n\t\t\t\t\t\t\t\t\t\t\t\t\t\t\t\t\t\t\t\t\t\t\t\t    <a href=\"\/support\/\">\r\n\t\t\t\t\t\t\t\t        Download detailed manuals and schemes\t\t\t\t\t\t\t\t    <\/a>\r\n\t\t\t\t\t\t\t\t\t\t\t\t\t\t\t<\/li>\r\n\t\t\t\t\t\t\t\t\t\t\t\t\t\t\t<\/ul>\r\n\t\t\t\r\n\t\t\t\t\t\t    <h3 class=\"title-block\">Our contacts<\/h3>\r\n\t\t\t\r\n\t\t\t\t\t\t\t<ul class=\"contact-list\">\r\n\t\t\t\t\t\t\t\t\t\t\t\t\t\t\t\t\t\t<li>\r\n\t\t\t\t\t\t\t\t\t\t\t\t\t\t\t\t\t<strong>Sales:<\/strong>\r\n\t\t\t\t\t\t\t\t\t\t\t\t\t\t\t\t\t\t\t\t\t\t\t\t    <a href=\"mailto:&#115;&#97;&#108;es&#64;b&#97;&#115;&#45;i&#112;.&#99;om\">sal&#101;s&#64;ba&#115;-i&#112;.c&#111;&#109;<\/a>\r\n\t\t\t\t\t\t\t\t\t\t\t\t\t\t\t<\/li>\r\n\t\t\t\t\t\t\t\t\t\t\t\t\t\t\t\t\t\t\t\t\t\t\t\t<li>\r\n\t\t\t\t\t\t\t\t\t\t\t\t\t\t\t\t\t<strong>Technical support:<\/strong>\r\n\t\t\t\t\t\t\t\t\t\t\t\t\t\t\t\t\t\t\t\t\t\t\t\t    <a href=\"mailto:&#115;&#117;pp&#111;rt&#64;b&#97;&#115;-&#105;&#112;.com\">&#115;u&#112;&#112;ort&#64;b&#97;s&#45;&#105;p&#46;c&#111;m<\/a>\r\n\t\t\t\t\t\t\t\t\t\t\t\t\t\t\t<\/li>\r\n\t\t\t\t\t\t\t\t\t\t\t\t\t\t\t<\/ul>\r\n\t\t\t\t\t<\/div>\r\n\t<\/section>\r\n\r\n\r\n\r\n<!-- END Block Sign Up -->","protected":false},"excerpt":{"rendered":"<p>BAS-IP ja NAPCO: Integratsioon Mugavaks Juurdep\u00e4\u00e4suhalduseks Integratsioon NAPCO-ga toimib Androidi-p\u00f5hise paneeli AV-08FB kaudu. \u00dchendades paneeli tarkvaraga Card Access Software v1.2.x, saavad kasutajad hallata mandaate \u00fche liidese kaudu, v\u00e4listades vajaduse eraldi veebiliidese j\u00e4rele, mis lihtsustab protsessi. Integratsioon h\u00f5lmab juurdep\u00e4\u00e4sukontrolli, videovalvet ja reaalajas monitooringut, muutes s\u00fcsteemi paindlikuks ja mugavaks, eriti elamukompleksides ja kontorites, kus kiire haldamine ja [&hellip;]<\/p>","protected":false},"author":1,"featured_media":0,"parent":0,"menu_order":0,"comment_status":"closed","ping_status":"closed","template":"page-custom-breadcrumbs.php","meta":{"inline_featured_image":false,"footnotes":""},"class_list":["post-150001","page","type-page","status-publish","hentry"],"acf":[],"_links":{"self":[{"href":"https:\/\/bas-ip.com\/et\/wp-json\/wp\/v2\/pages\/150001","targetHints":{"allow":["GET"]}}],"collection":[{"href":"https:\/\/bas-ip.com\/et\/wp-json\/wp\/v2\/pages"}],"about":[{"href":"https:\/\/bas-ip.com\/et\/wp-json\/wp\/v2\/types\/page"}],"author":[{"embeddable":true,"href":"https:\/\/bas-ip.com\/et\/wp-json\/wp\/v2\/users\/1"}],"replies":[{"embeddable":true,"href":"https:\/\/bas-ip.com\/et\/wp-json\/wp\/v2\/comments?post=150001"}],"version-history":[{"count":2,"href":"https:\/\/bas-ip.com\/et\/wp-json\/wp\/v2\/pages\/150001\/revisions"}],"predecessor-version":[{"id":150122,"href":"https:\/\/bas-ip.com\/et\/wp-json\/wp\/v2\/pages\/150001\/revisions\/150122"}],"wp:attachment":[{"href":"https:\/\/bas-ip.com\/et\/wp-json\/wp\/v2\/media?parent=150001"}],"curies":[{"name":"wp","href":"https:\/\/api.w.org\/{rel}","templated":true}]}}