{"id":148166,"date":"2025-02-06T12:39:32","date_gmt":"2025-02-06T12:39:32","guid":{"rendered":"https:\/\/bas-ip.com\/hikvision\/"},"modified":"2025-11-19T10:42:27","modified_gmt":"2025-11-19T10:42:27","slug":"hikvision","status":"publish","type":"page","link":"https:\/\/bas-ip.com\/et\/hikvision\/","title":{"rendered":"Hikvision"},"content":{"rendered":"<h2 class=\"wp-block-heading\"><strong>BAS-IP ja Hikvision: Integratsioon Nutikaks Juurdep\u00e4\u00e4suhalduseks<\/strong><\/h2>\n\n\n<div class=\"wp-block-image\">\n<figure class=\"aligncenter size-full\"><img loading=\"lazy\" decoding=\"async\" width=\"900\" height=\"254\" src=\"https:\/\/bas-ip.com\/wp-content\/uploads\/2025\/02\/Hikvision-logo_n.png\" alt=\"\" class=\"wp-image-130158\" srcset=\"https:\/\/bas-ip.com\/wp-content\/uploads\/2025\/02\/Hikvision-logo_n.png 900w,  https:\/\/bas-ip.com\/wp-content\/uploads\/2025\/02\/Hikvision-logo_n-300x85.png 300w,  https:\/\/bas-ip.com\/wp-content\/uploads\/2025\/02\/Hikvision-logo_n-768x217.png 768w,  https:\/\/bas-ip.com\/wp-content\/uploads\/2025\/02\/Hikvision-logo_n-767x216.png 767w\" sizes=\"auto, (max-width: 900px) 100vw, 900px\" \/><\/figure>\n<\/div>\n\n<p data-path-to-node=\"1\"><b>BAS-IP<\/b> ja <b>Hikvisioni<\/b> integratsioon pakub kaasaegset lahendust automaatseks juurdep\u00e4\u00e4suhalduseks numbrim\u00e4rkide tuvastamise kaudu. <b>Hikvision<\/b> annab v\u00f5imaluse kasutada numbrim\u00e4rke identifikaatoritena automaatse t\u00f5kkepuu avamiseks, rakendades <b>ALPR<\/b>-i (Automatic License Plate Recognition \u2013 Automaatne Numbrim\u00e4rgi Tuvastus) valikut.<\/p>\n<p data-path-to-node=\"2\"><b>BAS-IP Link<\/b> server on \u00fchilduv mitte ainult <b>Axis<\/b> kaameratega, vaid ka teiste tootjate kaameratega, nagu n\u00e4iteks <b>Axxon One<\/b>. See laiendab integratsiooniv\u00f5imalusi ning <b>ALPR<\/b>-i kasutamist tuvastamiseks ja skaneerimiseks, muutes selle sobivaks kaasaegsetele hoonetele, kus automatiseerimine ja turvalisus on esmat\u00e4htsad.<\/p>\n<p data-path-to-node=\"4\">\u00a0<\/p>\n<h3>BAS-IP ja Hikvisioni Integratsiooni Eelised:<\/h3>\n<p>\u00a0<\/p>\n<ul>\n<li data-path-to-node=\"5,0,0\"><b>Automaatne Juurdep\u00e4\u00e4suhaldus:<\/b> Numbrim\u00e4rkide kasutamine automaatseks v\u00e4rava avamiseks lihtsustab sisenemisprotsessi ja t\u00f5stab turvalisuse taset.<\/li>\n<li data-path-to-node=\"5,0,0\"><b>\u00dchilduvus Erinevate Kaameratega:<\/b> <b>Axis<\/b>, <b>Axxon One<\/b> ja teiste tootjate kaamerate toetamine pakub paindlikkust ja valikuv\u00f5imalust j\u00e4lgimiss\u00fcsteemi loomisel.<\/li>\n<li data-path-to-node=\"5,0,0\"><b>Lihtne Seadistamine:<\/b> Integratsioon on lihtsasti konfigureeritav <b>BAS-IP Link<\/b> serveri kaudu, mis lihtsustab juurutamisprotsessi.<\/li>\n<li data-path-to-node=\"5,0,0\"><b>ALPR Tugi:<\/b> T\u00e4iustatud <b>ALPR<\/b>-tehnoloogiate kasutamine v\u00f5imaldab t\u00e4pset ja kiiret numbrim\u00e4rkide tuvastamist, suurendades juurdep\u00e4\u00e4su t\u00f5husust.<\/li>\n<\/ul>\n<p data-path-to-node=\"7\">\u00a0<\/p>\n<h3>Integratsiooni Peamised Tunnused:<\/h3>\n<p>\u00a0<\/p>\n<p data-path-to-node=\"8\"><b>BAS-IP<\/b> ja <b>Hikvisioni<\/b> koost\u00f6\u00f6 pakub:<\/p>\n<ul>\n<li data-path-to-node=\"9,0,0\">V\u00f5imalust integreerida numbrim\u00e4rkide tuvastamine <b>BAS-IP<\/b> tehnoloogiatega juurdep\u00e4\u00e4suhalduse jaoks.<\/li>\n<li data-path-to-node=\"9,0,0\">T\u00e4iustatud j\u00e4lgimisfunktsioone t\u00e4nu kaamerate \u00fchilduvusele.<\/li>\n<li data-path-to-node=\"9,0,0\">Paindlikke konfiguratsioone s\u00fcsteemi j\u00f5udluse optimeerimiseks.<\/li>\n<\/ul>\n<p data-path-to-node=\"10\">See lahendus on m\u00f5eldud kinnisvaraobjektidele, kes soovivad optimeerida juurdep\u00e4\u00e4suhaldust ja t\u00f5sta turvalisust kaasaegsete tehnoloogiate abil. <b>BAS-IP<\/b> ja <b>Hikvisioni<\/b> \u00fchised j\u00f5upingutused loovad usaldusv\u00e4\u00e4rse ja t\u00f5husa vahendi ohutuse ja mugavuse tagamiseks.<\/p>\n<p data-path-to-node=\"11\">T\u00e4psema paigaldus- ja seadistamisjuhendi saamiseks palun vaadake meie <a href=\"https:\/\/basip.atlassian.net\/wiki\/spaces\/Integrations\/pages\/249856010\/Integration+with+Hikvision\" target=\"_blank\" rel=\"noopener\"><b>Wiki Manuali<\/b> (Wiki K\u00e4siraamatut).<\/a><\/p>\n\n<!-- START Block Sign Up --><section id=\"block_629678229e935\" class=\"sign-up-section\">\r\n\r\n    <div class=\"form-holder js-form\" data-aos=\"fade-right\">\r\n                    <div class=\"title-block h3\">Sign up for connection<\/div>\r\n        \r\n                    <div class=\"text-block\">\r\n                Filling out all the information needed to answer you as quickly as possible            <\/div>\r\n        \r\n                    \n<div class=\"wpcf7 no-js\" id=\"wpcf7-f102-o1\" lang=\"en-US\" dir=\"ltr\">\n<div class=\"screen-reader-response\"><p role=\"status\" aria-live=\"polite\" aria-atomic=\"true\"><\/p> <ul><\/ul><\/div>\n<form action=\"\/et\/wp-json\/wp\/v2\/pages\/148166#wpcf7-f102-o1\" method=\"post\" class=\"wpcf7-form init\" aria-label=\"Contact form\" enctype=\"multipart\/form-data\" novalidate=\"novalidate\" data-status=\"init\">\n<div style=\"display: none;\">\n<input type=\"hidden\" name=\"_wpcf7\" value=\"102\" \/>\n<input type=\"hidden\" name=\"_wpcf7_version\" value=\"5.8.3\" \/>\n<input type=\"hidden\" name=\"_wpcf7_locale\" value=\"en_US\" \/>\n<input type=\"hidden\" name=\"_wpcf7_unit_tag\" value=\"wpcf7-f102-o1\" \/>\n<input type=\"hidden\" name=\"_wpcf7_container_post\" value=\"0\" \/>\n<input type=\"hidden\" name=\"_wpcf7_posted_data_hash\" value=\"\" \/>\n<input type=\"hidden\" name=\"_wpcf7_recaptcha_response\" value=\"\" \/>\n<\/div>\n<div class=\"row\"> \n <label><span class=\"label-text\">Name<\/span> \n  <span class=\"wpcf7-form-control-wrap\" data-name=\"text-full-name\"><input size=\"40\" class=\"wpcf7-form-control wpcf7-text wpcf7-validates-as-required\" aria-required=\"true\" aria-invalid=\"false\" placeholder=\"Name\" value=\"\" type=\"text\" name=\"text-full-name\" \/><\/span><\/label> \n<\/div> \n<div class=\"row\"> \n <label><span class=\"label-text\">Phone*<\/span> \n<span class=\"wpcf7-form-control-wrap\" data-name=\"phonetext-270\"><input size=\"40\" class=\"wpcf7-form-control wpcf7-phonetext wpcf7-validates-as-required wpcf7-text wpcf7-validates-as-phonetext\" aria-required=\"true\" aria-invalid=\"false\" placeholder=\"Phone*\" value=\"\" type=\"text\" name=\"phonetext-270\" \/><input type=\"hidden\" name=\"phonetext-270-country-code\" class=\"wpcf7-phonetext-country-code\" \/><\/span><\/label> \n<\/div> \n<div class=\"row\"> \n <label><span class=\"label-text\">E-mail<\/span> \n  <span class=\"wpcf7-form-control-wrap\" data-name=\"email-e-mail\"><input size=\"40\" class=\"wpcf7-form-control wpcf7-email wpcf7-validates-as-required wpcf7-text wpcf7-validates-as-email\" aria-required=\"true\" aria-invalid=\"false\" placeholder=\"E-mail\" value=\"\" type=\"email\" name=\"email-e-mail\" \/><\/span><\/label> \n<\/div> \n<div class=\"row\"><span>Your country<\/span> \n <label><span class=\"wpcf7-form-control-wrap\" data-name=\"countrytext-126\"><input size=\"40\" class=\"wpcf7-form-control wpcf7-countrytext wpcf7-text wpcf7-validates-as-countrytext\" aria-invalid=\"false\" value=\"\" type=\"text\" name=\"countrytext-126\" \/><\/span> <\/label>\n<\/div> \n<div class=\"row\"> \n <button type=\"submit\" class=\"btn\">Send<\/button> \n<\/div> \n<div class=\"row\"> \n <span class=\"wpcf7-form-control-wrap\" data-name=\"checkbox-931\"><span class=\"wpcf7-form-control wpcf7-checkbox\"><span class=\"wpcf7-list-item first\"><label><input type=\"checkbox\" name=\"checkbox-931[]\" value=\"Integrator\" \/><span class=\"wpcf7-list-item-label\">Integrator<\/span><\/label><\/span><span class=\"wpcf7-list-item\"><label><input type=\"checkbox\" name=\"checkbox-931[]\" value=\"Builder\" \/><span class=\"wpcf7-list-item-label\">Builder<\/span><\/label><\/span><span class=\"wpcf7-list-item last\"><label><input type=\"checkbox\" name=\"checkbox-931[]\" value=\"End-User\" \/><span class=\"wpcf7-list-item-label\">End-User<\/span><\/label><\/span><\/span><\/span> \n<\/div> \n<div class=\"row row-upload-file\"> \n <label class=\"upload-file-block js-upload-file\">Attach file \n  <span class=\"wpcf7-form-control-wrap\" data-name=\"file-466\"><input size=\"40\" class=\"wpcf7-form-control wpcf7-file\" accept=\"audio\/*,video\/*,image\/*\" aria-invalid=\"false\" type=\"file\" name=\"file-466\" \/><\/span><\/label> \n<\/div><input type='hidden' class='wpcf7-pum' value='{\"closepopup\":false,\"closedelay\":0,\"openpopup\":false,\"openpopup_id\":0}' \/><div class=\"wpcf7-response-output\" aria-hidden=\"true\"><\/div>\n<\/form>\n<\/div>\n            <\/div>\r\n\r\n\t\t    <div class=\"text-holder\" data-aos=\"fade-left\">\r\n\t\t\t\t\t\t    <h3 class=\"title-block\">How Can We Help?<\/h3>\r\n\t\t\t\r\n\t\t\t                <div class=\"text-block\">\r\n                    Please select a topic below related to your inquiry. If you don&#8217;t find what you need, fill out our contact form.                <\/div>\r\n\t\t\t\r\n\t\t\t\t\t\t    <ul class=\"link-list\">\r\n\t\t\t\t\t\t\t\t\t\t\t\t\t\t\t\t\t\t<li>\r\n\t\t\t\t\t\t\t\t\t\t\t\t\t\t\t\t    <strong>Get Inspired<\/strong>\r\n\t\t\t\t\t\t\t\t\t\t\t\t\t\t\t\t\t\t\t\t\t\t\t\t    <a href=\"\/features\/\">\r\n\t\t\t\t\t\t\t\t        Discover what&#8217;s beneath our intercom\t\t\t\t\t\t\t\t    <\/a>\r\n\t\t\t\t\t\t\t\t\t\t\t\t\t\t\t<\/li>\r\n\t\t\t\t\t\t\t\t\t\t\t\t\t\t\t\t\t\t\t\t\t\t\t\t<li>\r\n\t\t\t\t\t\t\t\t\t\t\t\t\t\t\t\t    <strong>Become a Partner<\/strong>\r\n\t\t\t\t\t\t\t\t\t\t\t\t\t\t\t\t\t\t\t\t\t\t\t\t    <a href=\"\/distributors\/\">\r\n\t\t\t\t\t\t\t\t        Expand your business with BAS-IP intercom\t\t\t\t\t\t\t\t    <\/a>\r\n\t\t\t\t\t\t\t\t\t\t\t\t\t\t\t<\/li>\r\n\t\t\t\t\t\t\t\t\t\t\t\t\t\t\t\t\t\t\t\t\t\t\t\t<li>\r\n\t\t\t\t\t\t\t\t\t\t\t\t\t\t\t\t    <strong>Check the Guides<\/strong>\r\n\t\t\t\t\t\t\t\t\t\t\t\t\t\t\t\t\t\t\t\t\t\t\t\t    <a href=\"\/support\/\">\r\n\t\t\t\t\t\t\t\t        Download detailed manuals and schemes\t\t\t\t\t\t\t\t    <\/a>\r\n\t\t\t\t\t\t\t\t\t\t\t\t\t\t\t<\/li>\r\n\t\t\t\t\t\t\t\t\t\t\t\t\t\t\t<\/ul>\r\n\t\t\t\r\n\t\t\t\t\t\t    <h3 class=\"title-block\">Our contacts<\/h3>\r\n\t\t\t\r\n\t\t\t\t\t\t\t<ul class=\"contact-list\">\r\n\t\t\t\t\t\t\t\t\t\t\t\t\t\t\t\t\t\t<li>\r\n\t\t\t\t\t\t\t\t\t\t\t\t\t\t\t\t\t<strong>Sales:<\/strong>\r\n\t\t\t\t\t\t\t\t\t\t\t\t\t\t\t\t\t\t\t\t\t\t\t\t    <a href=\"mailto:s&#97;&#108;es&#64;bas-i&#112;.&#99;om\">&#115;al&#101;s&#64;b&#97;s-&#105;&#112;.co&#109;<\/a>\r\n\t\t\t\t\t\t\t\t\t\t\t\t\t\t\t<\/li>\r\n\t\t\t\t\t\t\t\t\t\t\t\t\t\t\t\t\t\t\t\t\t\t\t\t<li>\r\n\t\t\t\t\t\t\t\t\t\t\t\t\t\t\t\t\t<strong>Technical support:<\/strong>\r\n\t\t\t\t\t\t\t\t\t\t\t\t\t\t\t\t\t\t\t\t\t\t\t\t    <a href=\"mailto:&#115;upp&#111;&#114;t&#64;bas-&#105;&#112;&#46;c&#111;m\">&#115;&#117;&#112;&#112;o&#114;t&#64;bas-i&#112;&#46;com<\/a>\r\n\t\t\t\t\t\t\t\t\t\t\t\t\t\t\t<\/li>\r\n\t\t\t\t\t\t\t\t\t\t\t\t\t\t\t<\/ul>\r\n\t\t\t\t\t<\/div>\r\n\t<\/section>\r\n\r\n\r\n\r\n<!-- END Block Sign Up -->\n\n\n<p><\/p>","protected":false},"excerpt":{"rendered":"<p>BAS-IP ja Hikvision: Integratsioon Nutikaks Juurdep\u00e4\u00e4suhalduseks BAS-IP ja Hikvisioni integratsioon pakub kaasaegset lahendust automaatseks juurdep\u00e4\u00e4suhalduseks numbrim\u00e4rkide tuvastamise kaudu. Hikvision annab v\u00f5imaluse kasutada numbrim\u00e4rke identifikaatoritena automaatse t\u00f5kkepuu avamiseks, rakendades ALPR-i (Automatic License Plate Recognition \u2013 Automaatne Numbrim\u00e4rgi Tuvastus) valikut. BAS-IP Link server on \u00fchilduv mitte ainult Axis kaameratega, vaid ka teiste tootjate kaameratega, nagu n\u00e4iteks Axxon [&hellip;]<\/p>","protected":false},"author":1,"featured_media":0,"parent":0,"menu_order":0,"comment_status":"closed","ping_status":"closed","template":"page-custom-breadcrumbs.php","meta":{"inline_featured_image":false,"footnotes":""},"class_list":["post-148166","page","type-page","status-publish","hentry"],"acf":[],"_links":{"self":[{"href":"https:\/\/bas-ip.com\/et\/wp-json\/wp\/v2\/pages\/148166","targetHints":{"allow":["GET"]}}],"collection":[{"href":"https:\/\/bas-ip.com\/et\/wp-json\/wp\/v2\/pages"}],"about":[{"href":"https:\/\/bas-ip.com\/et\/wp-json\/wp\/v2\/types\/page"}],"author":[{"embeddable":true,"href":"https:\/\/bas-ip.com\/et\/wp-json\/wp\/v2\/users\/1"}],"replies":[{"embeddable":true,"href":"https:\/\/bas-ip.com\/et\/wp-json\/wp\/v2\/comments?post=148166"}],"version-history":[{"count":2,"href":"https:\/\/bas-ip.com\/et\/wp-json\/wp\/v2\/pages\/148166\/revisions"}],"predecessor-version":[{"id":150418,"href":"https:\/\/bas-ip.com\/et\/wp-json\/wp\/v2\/pages\/148166\/revisions\/150418"}],"wp:attachment":[{"href":"https:\/\/bas-ip.com\/et\/wp-json\/wp\/v2\/media?parent=148166"}],"curies":[{"name":"wp","href":"https:\/\/api.w.org\/{rel}","templated":true}]}}