{"id":147933,"date":"2025-02-06T14:14:40","date_gmt":"2025-02-06T14:14:40","guid":{"rendered":"https:\/\/bas-ip.com\/actentry-vanderbilt\/"},"modified":"2025-11-12T11:37:32","modified_gmt":"2025-11-12T11:37:32","slug":"actentry-vanderbilt","status":"publish","type":"page","link":"https:\/\/bas-ip.com\/et\/actentry-vanderbilt\/","title":{"rendered":"ACTentry (Vanderbilt)"},"content":{"rendered":"<h2 class=\"wp-block-heading\">BAS-IP ja ACTentry: juurdep\u00e4\u00e4sukontrolli \u00fcmberm\u00f5testamine nutika integratsiooniga<\/h2>\n\n\n<div class=\"wp-block-image\">\n<figure class=\"aligncenter size-full\"><img loading=\"lazy\" decoding=\"async\" width=\"594\" height=\"321\" src=\"https:\/\/bas-ip.com\/wp-content\/uploads\/2025\/02\/ACTpro.png\" alt=\"\" class=\"wp-image-130372\" srcset=\"https:\/\/bas-ip.com\/wp-content\/uploads\/2025\/02\/ACTpro.png 594w,  https:\/\/bas-ip.com\/wp-content\/uploads\/2025\/02\/ACTpro-300x162.png 300w\" sizes=\"auto, (max-width: 594px) 100vw, 594px\" \/><\/figure>\n<\/div>\n\n<p data-start=\"89\" data-end=\"393\">ACTentry muudab traditsioonilist juurdep\u00e4\u00e4sukontrolli, asendades f\u00fc\u00fcsilised sissetelefonid tarkvarap\u00f5hise lahendusega. Koos BAS-IP uksetelefonipaneelidega pakub see integratsioon t\u00e4iustatud k\u00fclastajate haldust, \u00fchendades video- ja helisuhtluse sujuva juurdep\u00e4\u00e4sukontrolliga otse ACTpro platvormi kaudu.<\/p>\n<p data-start=\"395\" data-end=\"646\">Toetatud mudelid, nagu <strong>AA-12FB2M<\/strong> ja <strong>AV-03BD<\/strong>, \u00fchenduvad ACTentryga lihtsalt, v\u00f5imaldades operaatoritel hallata k\u00fclastajate sisenemist, uksi ja tegevusi reaalajas. See s\u00fcnergia parandab turvaprotsesse ja lihtsustab t\u00f6\u00f6voogu igas kaasaegses keskkonnas.<\/p>\n<h4 dir=\"auto\"><span class=\"heading-content\">Miks valida see integratsioon?<\/span><\/h4>\n<ul>\n<li dir=\"auto\"><strong data-start=\"686\" data-end=\"722\">Lihtsustatud k\u00fclastajate haldus:<\/strong> Ava uksi ja suhtle k\u00fclastajatega otse oma arvutist, kasutades reaalajas video- ja helisuhtlust.<\/li>\n<li dir=\"auto\"><strong data-start=\"822\" data-end=\"842\">T\u00f5hus juhtimine:<\/strong> Keskne uksetelefonide ja juurdep\u00e4\u00e4supunktide haldus ACTentry liidese kaudu.<\/li>\n<li dir=\"auto\"><strong data-start=\"922\" data-end=\"947\">Nutikas seadistamine:<\/strong> Kohanda uksetelefoni seadeid turvaliste juurdep\u00e4\u00e4sutunnuste, reaalajas j\u00e4relevalve ja paindlike kasutajavalikutega.<\/li>\n<li dir=\"auto\"><strong data-start=\"1067\" data-end=\"1088\">Kulut\u00f5hus haldus:<\/strong> V\u00e4henda riistvara s\u00f5ltuvust, kasutades uksehalduseks tarkvarap\u00f5hist lahendust.<\/li>\n<li dir=\"auto\"><strong data-start=\"1171\" data-end=\"1191\">Sujuv \u00fchilduvus:<\/strong> Kavandatud t\u00f6\u00f6tama t\u00f5rgeteta koos ACTpro ja BAS-IP t\u00e4iustatud uksetelefonitehnoloogiaga.<\/li>\n<\/ul>\n<h4 dir=\"auto\"><span class=\"heading-content\">Integratsiooni peamised eelised<\/span><\/h4>\n<p dir=\"auto\">BAS-IP ja ACTentry koost\u00f6\u00f6 pakub:<\/p>\n<ul>\n<li dir=\"auto\">Turvalist ja intuitiivset SIP-p\u00f5hist suhtlust uksetelefonide ja ACTentry tarkvara vahel..<\/li>\n<li dir=\"auto\">Keskset litsentside s\u00fcnkroonimist ja lihtsat seadistamist ACTentry serveri kaudu.<\/li>\n<li dir=\"auto\">Kohandatavaid juurdep\u00e4\u00e4su\u00f5igusi ja reaalajas j\u00e4relevalvet vastavalt kasutajate d\u00fcnaamilistele vajadustele.<\/li>\n<li dir=\"auto\">Mitmekeelset liidest ja tugevat paroolihaldust \u00fclemaailmseks kasutuseks.<\/li>\n<\/ul>\n<p data-start=\"1728\" data-end=\"2077\">See lahendus on m\u00f5eldud objektidele, mis eelistavad sujuvat juurdep\u00e4\u00e4suhaldust, pakkudes paindlikku ja usaldusv\u00e4\u00e4rset alternatiivi vananenud riistvarap\u00f5histele s\u00fcsteemidele. Kombineerides BAS-IP uksetelefoni teadmised ja ACTentry nutika tehnoloogia, saavad operaatorid praktilise ja skaleeritava t\u00f6\u00f6riista igap\u00e4evaseks turvalisuseks ja mugavuseks.<\/p>\n<p data-start=\"2079\" data-end=\"2165\" data-is-last-node=\"\" data-is-only-node=\"\">\u00dcksikasjalike paigaldus- ja seadistusjuhiste saamiseks vaadake meie <a href=\"https:\/\/basip.atlassian.net\/wiki\/spaces\/Integrations\/pages\/250019867\/Integration+with+ACRE+Vanderbilt\" target=\"_blank\" rel=\"noopener\"><strong data-start=\"2147\" data-end=\"2164\">Wiki juhendit<\/strong><\/a>.<\/p>\n\n<!-- START Block Sign Up --><section id=\"block_629678229e935\" class=\"sign-up-section\">\r\n\r\n    <div class=\"form-holder js-form\" data-aos=\"fade-right\">\r\n                    <div class=\"title-block h3\">Sign up for connection<\/div>\r\n        \r\n                    <div class=\"text-block\">\r\n                Filling out all the information needed to answer you as quickly as possible            <\/div>\r\n        \r\n                    \n<div class=\"wpcf7 no-js\" id=\"wpcf7-f102-o1\" lang=\"en-US\" dir=\"ltr\">\n<div class=\"screen-reader-response\"><p role=\"status\" aria-live=\"polite\" aria-atomic=\"true\"><\/p> <ul><\/ul><\/div>\n<form action=\"\/et\/wp-json\/wp\/v2\/pages\/147933#wpcf7-f102-o1\" method=\"post\" class=\"wpcf7-form init\" aria-label=\"Contact form\" enctype=\"multipart\/form-data\" novalidate=\"novalidate\" data-status=\"init\">\n<div style=\"display: none;\">\n<input type=\"hidden\" name=\"_wpcf7\" value=\"102\" \/>\n<input type=\"hidden\" name=\"_wpcf7_version\" value=\"5.8.3\" \/>\n<input type=\"hidden\" name=\"_wpcf7_locale\" value=\"en_US\" \/>\n<input type=\"hidden\" name=\"_wpcf7_unit_tag\" value=\"wpcf7-f102-o1\" \/>\n<input type=\"hidden\" name=\"_wpcf7_container_post\" value=\"0\" \/>\n<input type=\"hidden\" name=\"_wpcf7_posted_data_hash\" value=\"\" \/>\n<input type=\"hidden\" name=\"_wpcf7_recaptcha_response\" value=\"\" \/>\n<\/div>\n<div class=\"row\"> \n <label><span class=\"label-text\">Name<\/span> \n  <span class=\"wpcf7-form-control-wrap\" data-name=\"text-full-name\"><input size=\"40\" class=\"wpcf7-form-control wpcf7-text wpcf7-validates-as-required\" aria-required=\"true\" aria-invalid=\"false\" placeholder=\"Name\" value=\"\" type=\"text\" name=\"text-full-name\" \/><\/span><\/label> \n<\/div> \n<div class=\"row\"> \n <label><span class=\"label-text\">Phone*<\/span> \n<span class=\"wpcf7-form-control-wrap\" data-name=\"phonetext-270\"><input size=\"40\" class=\"wpcf7-form-control wpcf7-phonetext wpcf7-validates-as-required wpcf7-text wpcf7-validates-as-phonetext\" aria-required=\"true\" aria-invalid=\"false\" placeholder=\"Phone*\" value=\"\" type=\"text\" name=\"phonetext-270\" \/><input type=\"hidden\" name=\"phonetext-270-country-code\" class=\"wpcf7-phonetext-country-code\" \/><\/span><\/label> \n<\/div> \n<div class=\"row\"> \n <label><span class=\"label-text\">E-mail<\/span> \n  <span class=\"wpcf7-form-control-wrap\" data-name=\"email-e-mail\"><input size=\"40\" class=\"wpcf7-form-control wpcf7-email wpcf7-validates-as-required wpcf7-text wpcf7-validates-as-email\" aria-required=\"true\" aria-invalid=\"false\" placeholder=\"E-mail\" value=\"\" type=\"email\" name=\"email-e-mail\" \/><\/span><\/label> \n<\/div> \n<div class=\"row\"><span>Your country<\/span> \n <label><span class=\"wpcf7-form-control-wrap\" data-name=\"countrytext-126\"><input size=\"40\" class=\"wpcf7-form-control wpcf7-countrytext wpcf7-text wpcf7-validates-as-countrytext\" aria-invalid=\"false\" value=\"\" type=\"text\" name=\"countrytext-126\" \/><\/span> <\/label>\n<\/div> \n<div class=\"row\"> \n <button type=\"submit\" class=\"btn\">Send<\/button> \n<\/div> \n<div class=\"row\"> \n <span class=\"wpcf7-form-control-wrap\" data-name=\"checkbox-931\"><span class=\"wpcf7-form-control wpcf7-checkbox\"><span class=\"wpcf7-list-item first\"><label><input type=\"checkbox\" name=\"checkbox-931[]\" value=\"Integrator\" \/><span class=\"wpcf7-list-item-label\">Integrator<\/span><\/label><\/span><span class=\"wpcf7-list-item\"><label><input type=\"checkbox\" name=\"checkbox-931[]\" value=\"Builder\" \/><span class=\"wpcf7-list-item-label\">Builder<\/span><\/label><\/span><span class=\"wpcf7-list-item last\"><label><input type=\"checkbox\" name=\"checkbox-931[]\" value=\"End-User\" \/><span class=\"wpcf7-list-item-label\">End-User<\/span><\/label><\/span><\/span><\/span> \n<\/div> \n<div class=\"row row-upload-file\"> \n <label class=\"upload-file-block js-upload-file\">Attach file \n  <span class=\"wpcf7-form-control-wrap\" data-name=\"file-466\"><input size=\"40\" class=\"wpcf7-form-control wpcf7-file\" accept=\"audio\/*,video\/*,image\/*\" aria-invalid=\"false\" type=\"file\" name=\"file-466\" \/><\/span><\/label> \n<\/div><input type='hidden' class='wpcf7-pum' value='{\"closepopup\":false,\"closedelay\":0,\"openpopup\":false,\"openpopup_id\":0}' \/><div class=\"wpcf7-response-output\" aria-hidden=\"true\"><\/div>\n<\/form>\n<\/div>\n            <\/div>\r\n\r\n\t\t    <div class=\"text-holder\" data-aos=\"fade-left\">\r\n\t\t\t\t\t\t    <h3 class=\"title-block\">How Can We Help?<\/h3>\r\n\t\t\t\r\n\t\t\t                <div class=\"text-block\">\r\n                    Please select a topic below related to your inquiry. If you don&#8217;t find what you need, fill out our contact form.                <\/div>\r\n\t\t\t\r\n\t\t\t\t\t\t    <ul class=\"link-list\">\r\n\t\t\t\t\t\t\t\t\t\t\t\t\t\t\t\t\t\t<li>\r\n\t\t\t\t\t\t\t\t\t\t\t\t\t\t\t\t    <strong>Get Inspired<\/strong>\r\n\t\t\t\t\t\t\t\t\t\t\t\t\t\t\t\t\t\t\t\t\t\t\t\t    <a href=\"\/features\/\">\r\n\t\t\t\t\t\t\t\t        Discover what&#8217;s beneath our intercom\t\t\t\t\t\t\t\t    <\/a>\r\n\t\t\t\t\t\t\t\t\t\t\t\t\t\t\t<\/li>\r\n\t\t\t\t\t\t\t\t\t\t\t\t\t\t\t\t\t\t\t\t\t\t\t\t<li>\r\n\t\t\t\t\t\t\t\t\t\t\t\t\t\t\t\t    <strong>Become a Partner<\/strong>\r\n\t\t\t\t\t\t\t\t\t\t\t\t\t\t\t\t\t\t\t\t\t\t\t\t    <a href=\"\/distributors\/\">\r\n\t\t\t\t\t\t\t\t        Expand your business with BAS-IP intercom\t\t\t\t\t\t\t\t    <\/a>\r\n\t\t\t\t\t\t\t\t\t\t\t\t\t\t\t<\/li>\r\n\t\t\t\t\t\t\t\t\t\t\t\t\t\t\t\t\t\t\t\t\t\t\t\t<li>\r\n\t\t\t\t\t\t\t\t\t\t\t\t\t\t\t\t    <strong>Check the Guides<\/strong>\r\n\t\t\t\t\t\t\t\t\t\t\t\t\t\t\t\t\t\t\t\t\t\t\t\t    <a href=\"\/support\/\">\r\n\t\t\t\t\t\t\t\t        Download detailed manuals and schemes\t\t\t\t\t\t\t\t    <\/a>\r\n\t\t\t\t\t\t\t\t\t\t\t\t\t\t\t<\/li>\r\n\t\t\t\t\t\t\t\t\t\t\t\t\t\t\t<\/ul>\r\n\t\t\t\r\n\t\t\t\t\t\t    <h3 class=\"title-block\">Our contacts<\/h3>\r\n\t\t\t\r\n\t\t\t\t\t\t\t<ul class=\"contact-list\">\r\n\t\t\t\t\t\t\t\t\t\t\t\t\t\t\t\t\t\t<li>\r\n\t\t\t\t\t\t\t\t\t\t\t\t\t\t\t\t\t<strong>Sales:<\/strong>\r\n\t\t\t\t\t\t\t\t\t\t\t\t\t\t\t\t\t\t\t\t\t\t\t\t    <a href=\"mailto:&#115;&#97;&#108;&#101;s&#64;ba&#115;-i&#112;.c&#111;m\">&#115;ales&#64;&#98;as&#45;&#105;p.com<\/a>\r\n\t\t\t\t\t\t\t\t\t\t\t\t\t\t\t<\/li>\r\n\t\t\t\t\t\t\t\t\t\t\t\t\t\t\t\t\t\t\t\t\t\t\t\t<li>\r\n\t\t\t\t\t\t\t\t\t\t\t\t\t\t\t\t\t<strong>Technical support:<\/strong>\r\n\t\t\t\t\t\t\t\t\t\t\t\t\t\t\t\t\t\t\t\t\t\t\t\t    <a href=\"mailto:s&#117;&#112;&#112;o&#114;&#116;&#64;bas&#45;ip.&#99;&#111;m\">supp&#111;rt&#64;&#98;&#97;s-&#105;&#112;.co&#109;<\/a>\r\n\t\t\t\t\t\t\t\t\t\t\t\t\t\t\t<\/li>\r\n\t\t\t\t\t\t\t\t\t\t\t\t\t\t\t<\/ul>\r\n\t\t\t\t\t<\/div>\r\n\t<\/section>\r\n\r\n\r\n\r\n<!-- END Block Sign Up -->","protected":false},"excerpt":{"rendered":"<p>BAS-IP ja ACTentry: juurdep\u00e4\u00e4sukontrolli \u00fcmberm\u00f5testamine nutika integratsiooniga ACTentry muudab traditsioonilist juurdep\u00e4\u00e4sukontrolli, asendades f\u00fc\u00fcsilised sissetelefonid tarkvarap\u00f5hise lahendusega. Koos BAS-IP uksetelefonipaneelidega pakub see integratsioon t\u00e4iustatud k\u00fclastajate haldust, \u00fchendades video- ja helisuhtluse sujuva juurdep\u00e4\u00e4sukontrolliga otse ACTpro platvormi kaudu. Toetatud mudelid, nagu AA-12FB2M ja AV-03BD, \u00fchenduvad ACTentryga lihtsalt, v\u00f5imaldades operaatoritel hallata k\u00fclastajate sisenemist, uksi ja tegevusi reaalajas. See s\u00fcnergia [&hellip;]<\/p>","protected":false},"author":1,"featured_media":0,"parent":0,"menu_order":0,"comment_status":"closed","ping_status":"closed","template":"page-custom-breadcrumbs.php","meta":{"inline_featured_image":false,"footnotes":""},"class_list":["post-147933","page","type-page","status-publish","hentry"],"acf":[],"_links":{"self":[{"href":"https:\/\/bas-ip.com\/et\/wp-json\/wp\/v2\/pages\/147933","targetHints":{"allow":["GET"]}}],"collection":[{"href":"https:\/\/bas-ip.com\/et\/wp-json\/wp\/v2\/pages"}],"about":[{"href":"https:\/\/bas-ip.com\/et\/wp-json\/wp\/v2\/types\/page"}],"author":[{"embeddable":true,"href":"https:\/\/bas-ip.com\/et\/wp-json\/wp\/v2\/users\/1"}],"replies":[{"embeddable":true,"href":"https:\/\/bas-ip.com\/et\/wp-json\/wp\/v2\/comments?post=147933"}],"version-history":[{"count":3,"href":"https:\/\/bas-ip.com\/et\/wp-json\/wp\/v2\/pages\/147933\/revisions"}],"predecessor-version":[{"id":148097,"href":"https:\/\/bas-ip.com\/et\/wp-json\/wp\/v2\/pages\/147933\/revisions\/148097"}],"wp:attachment":[{"href":"https:\/\/bas-ip.com\/et\/wp-json\/wp\/v2\/media?parent=147933"}],"curies":[{"name":"wp","href":"https:\/\/api.w.org\/{rel}","templated":true}]}}