{"id":145703,"date":"2025-09-22T13:03:10","date_gmt":"2025-09-22T13:03:10","guid":{"rendered":"https:\/\/bas-ip.com\/career\/"},"modified":"2025-10-02T10:32:46","modified_gmt":"2025-10-02T10:32:46","slug":"career","status":"publish","type":"page","link":"https:\/\/bas-ip.com\/et\/career\/","title":{"rendered":"Karj\u00e4\u00e4r"},"content":{"rendered":"<!-- START Block Career Hero -->   <div class=\"careers-hero\" style=\"background-image:url(https:\/\/bas-ip.com\/wp-content\/uploads\/2025\/09\/career_top_bg_2-scaled.jpg)\">\r\n    <div class=\"careers-hero__overlay\"><\/div>\r\n    <div class=\"careers-container careers-hero__content\">\r\n      <h1 class=\"careers-hero__title\">Me <span>otsime<\/span> oskuslikke inimesi<\/h1>\r\n              <p class=\"careers-hero__subtitle\">Me arendame tipptasemel lahendusi turvalisuse valdkonnas \u2014 alates IP-intercomidest kuni juurdep\u00e4\u00e4sukontrolli ja videovalve s\u00fcsteemideni.<br>\r\nKuid k\u00f5ige olulisem, mida me ehitame, on meeskond.<\/p>\r\n                    <a class=\"careers-btn careers-btn--primary\" href=\"https:\/\/bas-ip.com\/vacancies\/\">\r\n          t\u00f6\u00f6ta meiega        <\/a>\r\n          <\/div>\r\n  <\/div>\r\n     <section class=\"careers-benefits\">\r\n    <div class=\"careers-container\">\r\n              <h2 class=\"careers-section-title\">Miks liituda meiega<\/h2>\r\n                    <div class=\"careers-benefits__grid\">\r\n                      <div class=\"careers-benefit\">\r\n                              <div class=\"careers-benefit__icon\"><img decoding=\"async\" src=\"https:\/\/bas-ip.com\/wp-content\/uploads\/2025\/09\/hugeicons_global.svg\" alt=\"icon\"><\/div>\r\n                                            <h3>Kaugjuhtimise esmane<\/h3>\r\n                                            <p>T\u00f6\u00f6ta \u00fcksk\u00f5ik kus maailmas<\/p>\r\n                          <\/div>\r\n                      <div class=\"careers-benefit\">\r\n                              <div class=\"careers-benefit__icon\"><img decoding=\"async\" src=\"https:\/\/bas-ip.com\/wp-content\/uploads\/2025\/09\/iconoir_brain.svg\" alt=\"icon\"><\/div>\r\n                                            <h3>Innovatiivsed tooted<\/h3>\r\n                                            <p>Tipptasemel tehnoloogia turvaturul<\/p>\r\n                          <\/div>\r\n                      <div class=\"careers-benefit\">\r\n                              <div class=\"careers-benefit__icon\"><img decoding=\"async\" src=\"https:\/\/bas-ip.com\/wp-content\/uploads\/2025\/09\/fluent_people-team-16-regular.svg\" alt=\"icon\"><\/div>\r\n                                            <h3>Globaalne meeskond<\/h3>\r\n                                            <p>Tehke koost\u00f6\u00f6d piiride ja ajav\u00f6\u00f6ndite \u00fcleselt<\/p>\r\n                          <\/div>\r\n                      <div class=\"careers-benefit\">\r\n                              <div class=\"careers-benefit__icon\"><img decoding=\"async\" src=\"https:\/\/bas-ip.com\/wp-content\/uploads\/2025\/09\/tabler_rocket.svg\" alt=\"icon\"><\/div>\r\n                                            <h3>Kasvule orienteeritud<\/h3>\r\n                                            <p>Toetame teie \u00f5ppimist ja karj\u00e4\u00e4riarengut<\/p>\r\n                          <\/div>\r\n                      <div class=\"careers-benefit\">\r\n                              <div class=\"careers-benefit__icon\"><img decoding=\"async\" src=\"https:\/\/bas-ip.com\/wp-content\/uploads\/2025\/09\/octicon_goal-24.svg\" alt=\"icon\"><\/div>\r\n                                            <h3>Tulemused b\u00fcrokraatia asemel<\/h3>\r\n                                            <p>Me v\u00e4\u00e4rtustame tegutsemist ja vastutust<\/p>\r\n                          <\/div>\r\n                      <div class=\"careers-benefit\">\r\n                              <div class=\"careers-benefit__icon\"><img decoding=\"async\" src=\"https:\/\/bas-ip.com\/wp-content\/uploads\/2025\/09\/hugeicons_idea.svg\" alt=\"icon\"><\/div>\r\n                                            <h3>Sinu h\u00e4\u00e4l loeb<\/h3>\r\n                                            <p>Algatus on teretulnud ja seda tasustatakse<\/p>\r\n                          <\/div>\r\n                  <\/div>\r\n          <\/div>\r\n  <\/section>\r\n    <section class=\"careers-vision\">\r\n    <div class=\"careers-container careers-vision__grid\">\r\n      <div class=\"careers-vision__media\">\r\n                  <img decoding=\"async\" src=\"https:\/\/bas-ip.com\/wp-content\/uploads\/2025\/09\/vision.jpg\" alt=\"\" class=\"careers-vision__img careers-vision__img--single\">\r\n              <\/div>\r\n      <div class=\"careers-vision__text\">\r\n                  <h2 class=\"careers-section-title careers-section-title--left\">meie visioon<\/h2>\r\n                          <p data-start=\"366\" data-end=\"602\">BAS-IP-s leiad v\u00f5imalusi kasvuks, inspireerivaid projekte ja \u00fclemaailmse meeskonna, mis kujundab intelligentse turvalisuse tulevikku. Me oleme rohkem kui 60 inimest, kes t\u00f6\u00f6tavad erinevatest maailma nurkadest \u2014 talentidele pole piire.<\/p>\n<p data-start=\"604\" data-end=\"807\">Meie meeskond koondab professionaale teadus- ja arendustegevuses, m\u00fc\u00fcgis, tugiteenustes, turunduses, hankes ja logistikas, rahanduses ning personalit\u00f6\u00f6s. Me oleme mitmekesised \u2013 ja see on meie tugevus.<\/p>\n<p data-start=\"809\" data-end=\"948\" data-is-last-node=\"\" data-is-only-node=\"\">Toetame uusi tulijaid, inspireerime \u00fcksteist, teeme kiireid otsuseid ja hindame algatusv\u00f5imet. Siin sa ei t\u00f6\u00f6ta lihtsalt \u2014 sa avaldad m\u00f5ju.<\/p>\n                          <a class=\"careers-btn careers-btn--primary\" href=\"https:\/\/bas-ip.com\/vacancies\/\">\r\n            t\u00f6\u00f6ta meiega          <\/a>\r\n              <\/div>\r\n    <\/div>\r\n  <\/section>\r\n  <section class=\"careers-values\">\r\n    <div class=\"careers-container\">\r\n              <h2 class=\"careers-section-title\">Meie v\u00e4\u00e4rtused<\/h2>\r\n        <p>BAS-IP-s on meie kultuur \u00fcles ehitatud enamale kui eesm\u00e4rkidele \u2013 seda kujundavad \u00fchised v\u00e4\u00e4rtused, mis juhivad meie igap\u00e4evast t\u00f6\u00f6d:<\/p>\r\n                    <div class=\"careers-values__grid\">\r\n                      <article class=\"careers-card\">\r\n                              <img decoding=\"async\" src=\"https:\/\/bas-ip.com\/wp-content\/uploads\/2025\/09\/honesty3.jpg\" alt=\"\">\r\n                            <div class=\"careers-card__body\">\r\n                                  <h3>Ausus<\/h3>\r\n                                                  <p>Avatus ja l\u00e4bipaistvus k\u00f5iges, mida teeme<\/p>\r\n                              <\/div>\r\n            <\/article>\r\n                      <article class=\"careers-card\">\r\n                              <img decoding=\"async\" src=\"https:\/\/bas-ip.com\/wp-content\/uploads\/2025\/09\/optimism.jpg\" alt=\"\">\r\n                            <div class=\"careers-card__body\">\r\n                                  <h3>Optimism<\/h3>\r\n                                                  <p>Usk endasse ja oma meeskonna edusse<\/p>\r\n                              <\/div>\r\n            <\/article>\r\n                      <article class=\"careers-card\">\r\n                              <img decoding=\"async\" src=\"https:\/\/bas-ip.com\/wp-content\/uploads\/2025\/09\/support2.jpg\" alt=\"\">\r\n                            <div class=\"careers-card__body\">\r\n                                  <h3>Tugi<\/h3>\r\n                                                  <p>Aidates \u00fcksteist lahkuse ja hoolivusega<\/p>\r\n                              <\/div>\r\n            <\/article>\r\n                      <article class=\"careers-card\">\r\n                              <img decoding=\"async\" src=\"https:\/\/bas-ip.com\/wp-content\/uploads\/2025\/09\/selfdev-1.jpg\" alt=\"\">\r\n                            <div class=\"careers-card__body\">\r\n                                  <h3>Eneseareng<\/h3>\r\n                                                  <p>Alati p\u00fc\u00fcdled \u00f5ppimise ja kasvamise poole<\/p>\r\n                              <\/div>\r\n            <\/article>\r\n                  <\/div>\r\n          <\/div>\r\n  <\/section>\r\n    <section class=\"careers-banner\">\r\n    <div class=\"careers-banner__bg\" style=\"background-image:url(https:\/\/bas-ip.com\/wp-content\/uploads\/2025\/09\/careerbannerbg1-scaled.jpg)\"><\/div>\r\n    <div class=\"careers-container careers-banner__content\">\r\n              <p class=\"careers-banner__title\">ME EI EHITA AINULT TEHNOLOOGIAT \u2014 <span>ME EHITAME<br>\r\nMEESKONDA<\/span>, MIS PEEGELDAB NEID V\u00c4\u00c4RTUSI IGA SAMMU JUURES.<\/p>\r\n          <\/div>\r\n  <\/section>\r\n\r\n  \r\n    <section id=\"open\" class=\"careers-open\">\r\n    <div class=\"careers-container careers-open__inner\">\r\n              <h2 class=\"careers-section-title\">Avatud positsioonid<\/h2>\r\n                    <p>Tutvu meie praeguste vabade t\u00f6\u00f6kohtadega ja kandideeri otse. Otsime alati kirglikke spetsialiste meie teekonnale.<\/p>\r\n                    <a class=\"careers-btn careers-btn--primary\" href=\"https:\/\/bas-ip.com\/vacancies\/\">\r\n          t\u00f6\u00f6ta meiega        <\/a>\r\n          <\/div>\r\n  <\/section><!-- END Block Career Hero -->","protected":false},"excerpt":{"rendered":"","protected":false},"author":2,"featured_media":0,"parent":0,"menu_order":0,"comment_status":"closed","ping_status":"closed","template":"","meta":{"inline_featured_image":false,"footnotes":""},"class_list":["post-145703","page","type-page","status-publish","hentry"],"acf":[],"_links":{"self":[{"href":"https:\/\/bas-ip.com\/et\/wp-json\/wp\/v2\/pages\/145703","targetHints":{"allow":["GET"]}}],"collection":[{"href":"https:\/\/bas-ip.com\/et\/wp-json\/wp\/v2\/pages"}],"about":[{"href":"https:\/\/bas-ip.com\/et\/wp-json\/wp\/v2\/types\/page"}],"author":[{"embeddable":true,"href":"https:\/\/bas-ip.com\/et\/wp-json\/wp\/v2\/users\/2"}],"replies":[{"embeddable":true,"href":"https:\/\/bas-ip.com\/et\/wp-json\/wp\/v2\/comments?post=145703"}],"version-history":[{"count":3,"href":"https:\/\/bas-ip.com\/et\/wp-json\/wp\/v2\/pages\/145703\/revisions"}],"predecessor-version":[{"id":145761,"href":"https:\/\/bas-ip.com\/et\/wp-json\/wp\/v2\/pages\/145703\/revisions\/145761"}],"wp:attachment":[{"href":"https:\/\/bas-ip.com\/et\/wp-json\/wp\/v2\/media?parent=145703"}],"curies":[{"name":"wp","href":"https:\/\/api.w.org\/{rel}","templated":true}]}}