{"id":140854,"date":"2025-06-03T12:48:57","date_gmt":"2025-06-03T12:48:57","guid":{"rendered":"https:\/\/bas-ip.com\/condo-control\/"},"modified":"2025-08-05T09:55:48","modified_gmt":"2025-08-05T09:55:48","slug":"condo-control","status":"publish","type":"page","link":"https:\/\/bas-ip.com\/et\/condo-control\/","title":{"rendered":"Condo Control"},"content":{"rendered":"<h2><strong>BAS-IP ja Condo Control teatasid integratsioonist, et parandada elamute elamiskogemust<\/strong><\/h2>\n\n<div class=\"wp-block-image\">\n<figure class=\"aligncenter size-large\"><img loading=\"lazy\" decoding=\"async\" width=\"1024\" height=\"235\" src=\"https:\/\/bas-ip.com\/wp-content\/uploads\/2025\/06\/Condo-Control-1024x235.png\" alt=\"\" class=\"wp-image-138764\" srcset=\"https:\/\/bas-ip.com\/wp-content\/uploads\/2025\/06\/Condo-Control-1024x235.png 1024w,  https:\/\/bas-ip.com\/wp-content\/uploads\/2025\/06\/Condo-Control-300x69.png 300w,  https:\/\/bas-ip.com\/wp-content\/uploads\/2025\/06\/Condo-Control-768x177.png 768w,  https:\/\/bas-ip.com\/wp-content\/uploads\/2025\/06\/Condo-Control-767x176.png 767w,  https:\/\/bas-ip.com\/wp-content\/uploads\/2025\/06\/Condo-Control.png 1266w\" sizes=\"auto, (max-width: 1024px) 100vw, 1024px\" \/><\/figure>\n<\/div>\n\n<p>BAS-IP, juhtiv IP-uksefonis\u00fcsteemide arendaja, ja Condo Control, k\u00f5ik-\u00fches platvorm, mis digitaliseerib tegevused enam kui 2 miljoni elaniku jaoks, teatasid t\u00e4na strateegilisest integratsioonist. See koost\u00f6\u00f6 loob elanike andmete jaoks \u00fchtse t\u00f5eallika, k\u00f5rvaldades dubleeriva sisestuse ja v\u00f5imaldades sujuvat elanike andmete s\u00fcnkroonimist kahe s\u00fcsteemi vahel, pakkudes uut mugavuse ja andmete t\u00e4psuse taset elanikele ja kinnisvarahalduritele Kanadas.<\/p>\n<p>Selle integratsiooni p\u00f5hifunktsioon on elanike nimekirja s\u00fcnkroonimine Condo Controli platvormilt BAS-IP uksefonidega. Selle asemel, et valida korterinumbreid, saavad k\u00fclastajad kerida t\u00e4hestikulist nutikataloogi, puudutada nime ja k\u00f5nepaneel kuvab n\u00fc\u00fcd telefoniraamatu elanike nimedega, pakkudes intuitiivsemat ja kasutajakeskset l\u00e4henemist.<\/p>\n<p>Condo Controli s\u00fcsteem toimib kinnisvarahaldurite peamise liidesena, et h\u00f5lpsasti lisada, kustutada ja uuendada elanike andmeid. Need muudatused edastatakse automaatselt uksefonis\u00fcsteemi nutikataloogi BAS-IP Linki haldusplatvormi kaudu, mis toimib vahevarana. BAS-IP Link haldab ka helistamisprotsessi, tagades usaldusv\u00e4\u00e4rse kommunikatsiooni.<\/p>\n<p>See t\u00e4iustus rakendati Kanada elanike eelistusi silmas pidades, kes on harjunud saama k\u00f5nesid oma isiklikele mobiiltelefonidele, mitte fikseeritud seadmele korteris.<\/p>\n<p>\u201eMeie missioon on digitaliseerida ja sujuvamaks muuta kogukonna tegevusi,\u201d \u00fctles Brian Bosscher, Condo Control. \u201ePartnerlus BAS-IP-ga v\u00f5imaldab halduritel andmeid uuendada ainult \u00fcks kord ja annab elanikele h\u00f5\u00f5rdumatut mobiilset juurdep\u00e4\u00e4su, mida nad ootavad.\u201d<\/p>\n<p><strong><u>Peamised eelised:<\/u><\/strong><\/p>\n<ul>\n<li><b>Null dubleerivat sisestust<\/b> \u2013 elanike andmed liiguvad automaatselt.<\/li>\n<li><b>K\u00f5ned j\u00f5uavad \u00f5ige inimeseni esimesel korral<\/b> \u2013 v\u00e4hem edasi-tagasi helistamist fuajees.<\/li>\n<li><b>Mobiilne-esikogemus<\/b> \u2013 elanikud saavad vastata mis tahes mobiiltelefonilt.<\/li>\n<li><b>Alati ajakohane:<\/b> telefoninumbrid ja sisse-\/v\u00e4ljakolimine s\u00fcnkroonitakse koheselt.<\/li>\n<\/ul>\n<p><strong><u>Helistamisprotsessi on t\u00e4iustatud maksimaalse paindlikkuse tagamiseks:<\/u><\/strong><\/p>\n<ul>\n<li><b>Otse-elanikule helistamine:<\/b> K\u00fclastajad saavad helistada konkreetsele elanikule tema isiklikule telefoninumbrile v\u00f5i BAS-IP Linki mobiilirakenduses, valides tema nime nutikataloogist v\u00f5i valides konkreetse koodi.<\/li>\n<li><b>Korterisse helistamine:<\/b> Traditsiooniline v\u00f5imalus helistada k\u00f5igile korteri elanikele samaaegselt on endiselt saadaval.<\/li>\n<li><b>H\u00fcbriidmudel:<\/b> M\u00f5lemat v\u00f5imalust saab toetada samaaegselt \u00fchel k\u00f5neseadmel.<\/li>\n<\/ul>\n<p><strong><u>Kuidas integratsioon t\u00f6\u00f6tab:<\/u><\/strong><\/p>\n<ul>\n<li><b>Registreerimine:<\/b> Haldur registreerib elaniku Condo Controli s\u00fcsteemis ja lisab tema kontaktandmed.<\/li>\n<li><b>S\u00fcnkroonimine:<\/b> BAS-IP Linki server saadab elaniku andmed automaatselt k\u00f5nepaneeli nutikataloogi.<\/li>\n<li><b>K\u00f5ne:<\/b> Kuller v\u00f5i k\u00fclaline valib elaniku nime j\u00e4rgi v\u00f5i valib tema koodi.<\/li>\n<li><b>Vastus:<\/b> Elanik vastab k\u00f5nele paneelilt oma isiklikule mobiilnumbrile (\u00fchendatud Twilio SIP-trunki kaudu) v\u00f5i BAS-IP Linki rakenduses.<\/li>\n<li><b>Juurdep\u00e4\u00e4s:<\/b> Elanik saab ukse kaugjuhtimisega avada.<\/li>\n<\/ul>\n<p>Integratsioon tagab ka automaatsed andmete uuendused. Mis tahes muudatused elaniku telefoninumbri, kasutaja kustutamise v\u00f5i mobiilirakenduse seansi osas Condo Controli s\u00fcsteemis kajastuvad koheselt BAS-IP Linki edastusskeemis, tagades, et kontaktandmed on alati ajakohased.<\/p>\n<p>See integratsioon on oluline samm edasi nutikamate ja mugavamate elamispindade loomisel. Kombineerides BAS-IP tipptasemel IP-uksefonitehnoloogia Condo Controli v\u00f5imsate kinnisvarahalduse v\u00f5imetega, pakuvad ettev\u00f5tted lahendust, mis vastab elanike kaasaegsetele vajadustele ja lihtsustab haldurite t\u00f6\u00f6voogu.<\/p>\n\n<!-- START Block Sign Up --><section id=\"block_629678229e935\" class=\"sign-up-section\">\r\n\r\n    <div class=\"form-holder js-form\" data-aos=\"fade-right\">\r\n                    <div class=\"title-block h3\">Sign up for connection<\/div>\r\n        \r\n                    <div class=\"text-block\">\r\n                Filling out all the information needed to answer you as quickly as possible            <\/div>\r\n        \r\n                    \n<div class=\"wpcf7 no-js\" id=\"wpcf7-f102-o1\" lang=\"en-US\" dir=\"ltr\">\n<div class=\"screen-reader-response\"><p role=\"status\" aria-live=\"polite\" aria-atomic=\"true\"><\/p> <ul><\/ul><\/div>\n<form action=\"\/et\/wp-json\/wp\/v2\/pages\/140854#wpcf7-f102-o1\" method=\"post\" class=\"wpcf7-form init\" aria-label=\"Contact form\" enctype=\"multipart\/form-data\" novalidate=\"novalidate\" data-status=\"init\">\n<div style=\"display: none;\">\n<input type=\"hidden\" name=\"_wpcf7\" value=\"102\" \/>\n<input type=\"hidden\" name=\"_wpcf7_version\" value=\"5.8.3\" \/>\n<input type=\"hidden\" name=\"_wpcf7_locale\" value=\"en_US\" \/>\n<input type=\"hidden\" name=\"_wpcf7_unit_tag\" value=\"wpcf7-f102-o1\" \/>\n<input type=\"hidden\" name=\"_wpcf7_container_post\" value=\"0\" \/>\n<input type=\"hidden\" name=\"_wpcf7_posted_data_hash\" value=\"\" \/>\n<input type=\"hidden\" name=\"_wpcf7_recaptcha_response\" value=\"\" \/>\n<\/div>\n<div class=\"row\"> \n <label><span class=\"label-text\">Name<\/span> \n  <span class=\"wpcf7-form-control-wrap\" data-name=\"text-full-name\"><input size=\"40\" class=\"wpcf7-form-control wpcf7-text wpcf7-validates-as-required\" aria-required=\"true\" aria-invalid=\"false\" placeholder=\"Name\" value=\"\" type=\"text\" name=\"text-full-name\" \/><\/span><\/label> \n<\/div> \n<div class=\"row\"> \n <label><span class=\"label-text\">Phone*<\/span> \n<span class=\"wpcf7-form-control-wrap\" data-name=\"phonetext-270\"><input size=\"40\" class=\"wpcf7-form-control wpcf7-phonetext wpcf7-validates-as-required wpcf7-text wpcf7-validates-as-phonetext\" aria-required=\"true\" aria-invalid=\"false\" placeholder=\"Phone*\" value=\"\" type=\"text\" name=\"phonetext-270\" \/><input type=\"hidden\" name=\"phonetext-270-country-code\" class=\"wpcf7-phonetext-country-code\" \/><\/span><\/label> \n<\/div> \n<div class=\"row\"> \n <label><span class=\"label-text\">E-mail<\/span> \n  <span class=\"wpcf7-form-control-wrap\" data-name=\"email-e-mail\"><input size=\"40\" class=\"wpcf7-form-control wpcf7-email wpcf7-validates-as-required wpcf7-text wpcf7-validates-as-email\" aria-required=\"true\" aria-invalid=\"false\" placeholder=\"E-mail\" value=\"\" type=\"email\" name=\"email-e-mail\" \/><\/span><\/label> \n<\/div> \n<div class=\"row\"><span>Your country<\/span> \n <label><span class=\"wpcf7-form-control-wrap\" data-name=\"countrytext-126\"><input size=\"40\" class=\"wpcf7-form-control wpcf7-countrytext wpcf7-text wpcf7-validates-as-countrytext\" aria-invalid=\"false\" value=\"\" type=\"text\" name=\"countrytext-126\" \/><\/span> <\/label>\n<\/div> \n<div class=\"row\"> \n <button type=\"submit\" class=\"btn\">Send<\/button> \n<\/div> \n<div class=\"row\"> \n <span class=\"wpcf7-form-control-wrap\" data-name=\"checkbox-931\"><span class=\"wpcf7-form-control wpcf7-checkbox\"><span class=\"wpcf7-list-item first\"><label><input type=\"checkbox\" name=\"checkbox-931[]\" value=\"Integrator\" \/><span class=\"wpcf7-list-item-label\">Integrator<\/span><\/label><\/span><span class=\"wpcf7-list-item\"><label><input type=\"checkbox\" name=\"checkbox-931[]\" value=\"Builder\" \/><span class=\"wpcf7-list-item-label\">Builder<\/span><\/label><\/span><span class=\"wpcf7-list-item last\"><label><input type=\"checkbox\" name=\"checkbox-931[]\" value=\"End-User\" \/><span class=\"wpcf7-list-item-label\">End-User<\/span><\/label><\/span><\/span><\/span> \n<\/div> \n<div class=\"row row-upload-file\"> \n <label class=\"upload-file-block js-upload-file\">Attach file \n  <span class=\"wpcf7-form-control-wrap\" data-name=\"file-466\"><input size=\"40\" class=\"wpcf7-form-control wpcf7-file\" accept=\"audio\/*,video\/*,image\/*\" aria-invalid=\"false\" type=\"file\" name=\"file-466\" \/><\/span><\/label> \n<\/div><input type='hidden' class='wpcf7-pum' value='{\"closepopup\":false,\"closedelay\":0,\"openpopup\":false,\"openpopup_id\":0}' \/><div class=\"wpcf7-response-output\" aria-hidden=\"true\"><\/div>\n<\/form>\n<\/div>\n            <\/div>\r\n\r\n\t\t    <div class=\"text-holder\" data-aos=\"fade-left\">\r\n\t\t\t\t\t\t    <h3 class=\"title-block\">How Can We Help?<\/h3>\r\n\t\t\t\r\n\t\t\t                <div class=\"text-block\">\r\n                    Please select a topic below related to your inquiry. If you don&#8217;t find what you need, fill out our contact form.                <\/div>\r\n\t\t\t\r\n\t\t\t\t\t\t    <ul class=\"link-list\">\r\n\t\t\t\t\t\t\t\t\t\t\t\t\t\t\t\t\t\t<li>\r\n\t\t\t\t\t\t\t\t\t\t\t\t\t\t\t\t    <strong>Get Inspired<\/strong>\r\n\t\t\t\t\t\t\t\t\t\t\t\t\t\t\t\t\t\t\t\t\t\t\t\t    <a href=\"\/features\/\">\r\n\t\t\t\t\t\t\t\t        Discover what&#8217;s beneath our intercom\t\t\t\t\t\t\t\t    <\/a>\r\n\t\t\t\t\t\t\t\t\t\t\t\t\t\t\t<\/li>\r\n\t\t\t\t\t\t\t\t\t\t\t\t\t\t\t\t\t\t\t\t\t\t\t\t<li>\r\n\t\t\t\t\t\t\t\t\t\t\t\t\t\t\t\t    <strong>Become a Partner<\/strong>\r\n\t\t\t\t\t\t\t\t\t\t\t\t\t\t\t\t\t\t\t\t\t\t\t\t    <a href=\"\/distributors\/\">\r\n\t\t\t\t\t\t\t\t        Expand your business with BAS-IP intercom\t\t\t\t\t\t\t\t    <\/a>\r\n\t\t\t\t\t\t\t\t\t\t\t\t\t\t\t<\/li>\r\n\t\t\t\t\t\t\t\t\t\t\t\t\t\t\t\t\t\t\t\t\t\t\t\t<li>\r\n\t\t\t\t\t\t\t\t\t\t\t\t\t\t\t\t    <strong>Check the Guides<\/strong>\r\n\t\t\t\t\t\t\t\t\t\t\t\t\t\t\t\t\t\t\t\t\t\t\t\t    <a href=\"\/support\/\">\r\n\t\t\t\t\t\t\t\t        Download detailed manuals and schemes\t\t\t\t\t\t\t\t    <\/a>\r\n\t\t\t\t\t\t\t\t\t\t\t\t\t\t\t<\/li>\r\n\t\t\t\t\t\t\t\t\t\t\t\t\t\t\t<\/ul>\r\n\t\t\t\r\n\t\t\t\t\t\t    <h3 class=\"title-block\">Our contacts<\/h3>\r\n\t\t\t\r\n\t\t\t\t\t\t\t<ul class=\"contact-list\">\r\n\t\t\t\t\t\t\t\t\t\t\t\t\t\t\t\t\t\t<li>\r\n\t\t\t\t\t\t\t\t\t\t\t\t\t\t\t\t\t<strong>Sales:<\/strong>\r\n\t\t\t\t\t\t\t\t\t\t\t\t\t\t\t\t\t\t\t\t\t\t\t\t    <a href=\"mailto:s&#97;les&#64;&#98;&#97;&#115;&#45;&#105;&#112;.com\">s&#97;l&#101;&#115;&#64;b&#97;&#115;&#45;&#105;p.&#99;o&#109;<\/a>\r\n\t\t\t\t\t\t\t\t\t\t\t\t\t\t\t<\/li>\r\n\t\t\t\t\t\t\t\t\t\t\t\t\t\t\t\t\t\t\t\t\t\t\t\t<li>\r\n\t\t\t\t\t\t\t\t\t\t\t\t\t\t\t\t\t<strong>Technical support:<\/strong>\r\n\t\t\t\t\t\t\t\t\t\t\t\t\t\t\t\t\t\t\t\t\t\t\t\t    <a href=\"mailto:&#115;up&#112;&#111;r&#116;&#64;b&#97;&#115;-&#105;&#112;.co&#109;\">su&#112;&#112;&#111;rt&#64;ba&#115;-&#105;p&#46;&#99;&#111;m<\/a>\r\n\t\t\t\t\t\t\t\t\t\t\t\t\t\t\t<\/li>\r\n\t\t\t\t\t\t\t\t\t\t\t\t\t\t\t<\/ul>\r\n\t\t\t\t\t<\/div>\r\n\t<\/section>\r\n\r\n\r\n\r\n<!-- END Block Sign Up -->","protected":false},"excerpt":{"rendered":"<p>BAS-IP ja Condo Control teatasid integratsioonist, et parandada elamute elamiskogemust BAS-IP, juhtiv IP-uksefonis\u00fcsteemide arendaja, ja Condo Control, k\u00f5ik-\u00fches platvorm, mis digitaliseerib tegevused enam kui 2 miljoni elaniku jaoks, teatasid t\u00e4na strateegilisest integratsioonist. See koost\u00f6\u00f6 loob elanike andmete jaoks \u00fchtse t\u00f5eallika, k\u00f5rvaldades dubleeriva sisestuse ja v\u00f5imaldades sujuvat elanike andmete s\u00fcnkroonimist kahe s\u00fcsteemi vahel, pakkudes uut mugavuse [&hellip;]<\/p>","protected":false},"author":1,"featured_media":0,"parent":0,"menu_order":0,"comment_status":"closed","ping_status":"closed","template":"page-custom-breadcrumbs.php","meta":{"inline_featured_image":false,"footnotes":""},"class_list":["post-140854","page","type-page","status-publish","hentry"],"acf":[],"_links":{"self":[{"href":"https:\/\/bas-ip.com\/et\/wp-json\/wp\/v2\/pages\/140854","targetHints":{"allow":["GET"]}}],"collection":[{"href":"https:\/\/bas-ip.com\/et\/wp-json\/wp\/v2\/pages"}],"about":[{"href":"https:\/\/bas-ip.com\/et\/wp-json\/wp\/v2\/types\/page"}],"author":[{"embeddable":true,"href":"https:\/\/bas-ip.com\/et\/wp-json\/wp\/v2\/users\/1"}],"replies":[{"embeddable":true,"href":"https:\/\/bas-ip.com\/et\/wp-json\/wp\/v2\/comments?post=140854"}],"version-history":[{"count":2,"href":"https:\/\/bas-ip.com\/et\/wp-json\/wp\/v2\/pages\/140854\/revisions"}],"predecessor-version":[{"id":140928,"href":"https:\/\/bas-ip.com\/et\/wp-json\/wp\/v2\/pages\/140854\/revisions\/140928"}],"wp:attachment":[{"href":"https:\/\/bas-ip.com\/et\/wp-json\/wp\/v2\/media?parent=140854"}],"curies":[{"name":"wp","href":"https:\/\/api.w.org\/{rel}","templated":true}]}}