{"id":133753,"date":"2023-03-27T16:07:41","date_gmt":"2023-03-27T16:07:41","guid":{"rendered":"https:\/\/bas-ip.com\/gates\/"},"modified":"2025-03-17T13:33:44","modified_gmt":"2025-03-17T13:33:44","slug":"gates","status":"publish","type":"page","link":"https:\/\/bas-ip.com\/et\/gates\/","title":{"rendered":"V\u00e4ravad"},"content":{"rendered":"<h1 class=\"wp-block-heading\"><strong>V\u00e4rava sisetelefonis\u00fcsteem: parandage oma turvalisust<\/strong><\/h1>\n\n\n\n<p>Tere tulemast kinnisvara juurdep\u00e4\u00e4su haldamise tulevikku, kus mugavus, turvalisus ja tipptehnoloogia \u00fchinevad. BAS-IP v\u00e4ravaintercom-s\u00fcsteemiga saate kogeda enneolematut kontrolli oma kinnisvara juurdep\u00e4\u00e4supunktide \u00fcle. Olgu see elumaja, kortermaja v\u00f5i \u00e4rihoone, meie intercom-v\u00e4ravas\u00fcsteemid pakuvad ainulaadseid funktsioone, mis vastavad teie igale vajadusele. Me s\u00fcveneme BAS-IP v\u00e4ravaintercomi p\u00f5hifunktsioonidesse ja eelistesse, andes teile kogu vajaliku teabe teadliku otsuse tegemiseks.<\/p>\n\n\n\n<h2 class=\"wp-block-heading\"><strong>Miks valida BAS-IP sisetelefoni v\u00e4ravas\u00fcsteem?<\/strong><\/h2>\n\n\n\n<p>BAS-IP intercom-v\u00e4ravas\u00fcsteemid pakuvad hulgaliselt funktsioone, mis eristavad neid traditsioonilistest v\u00e4ravaintercomidest. Siin on m\u00f5ned peamised eelised, miks valida BAS-IP v\u00e4lisv\u00e4rava intercom-s\u00fcsteem:<\/p>\n\n\n<!-- START Block Features --><section id=\"block_6430528dc3f3e\" class=\"features-section\">\r\n\t\r\n    <div class=\"features-list\">\r\n                    <div class=\"features-item\" data-aos=\"fade-up\">\r\n    <div class=\"features-box\">\r\n                    <div class=\"image-holder\">\r\n                <img loading=\"lazy\" decoding=\"async\" width=\"350\" height=\"320\" src=\"https:\/\/bas-ip.com\/wp-content\/uploads\/2023\/04\/1-3-350x320.jpg\" class=\"attachment-thumbnail_350x320 size-thumbnail_350x320\" alt=\"\" \/>            <\/div>\r\n        \r\n        <div class=\"text-holder\">\r\n                        <h3 class=\"title-block\">Sujuv integreerimine IP kohtv\u00f5rgus<\/h3>\r\n          \r\n                        <div class=\"text-block\">\r\n                <p>BAS-IP v\u00e4ravaintercom-s\u00fcsteemid on loodud t\u00f6\u00f6tama sujuvalt samas IP-kohalikus v\u00f5rgus, tagades lihtsa paigalduse ja seadistamise. See sujuv integratsioon v\u00f5imaldab teil vaevata integreerida oma intercom-s\u00fcsteem olemasolevasse v\u00f5rguinfrastruktuuri, minimeerides \u00fchilduvusprobleeme ja v\u00e4hendades keerukust.<\/p>\n              <\/div>\r\n                  <\/div>\r\n    <\/div>\r\n<\/div>\r\n                    <div class=\"features-item\" data-aos=\"fade-up\">\r\n    <div class=\"features-box\">\r\n                    <div class=\"image-holder\">\r\n                <img loading=\"lazy\" decoding=\"async\" width=\"350\" height=\"320\" src=\"https:\/\/bas-ip.com\/wp-content\/uploads\/2023\/04\/2-3-350x320.jpg\" class=\"attachment-thumbnail_350x320 size-thumbnail_350x320\" alt=\"\" \/>            <\/div>\r\n        \r\n        <div class=\"text-holder\">\r\n                        <h3 class=\"title-block\">Pikamaa\u00fchendus<\/h3>\r\n          \r\n                        <div class=\"text-block\">\r\n                <p>\u00dcks BAS-IP v\u00e4ravate intercom-s\u00fcsteemide silmapaistvamaid omadusi on nende v\u00f5ime t\u00f6\u00f6tada pikkade vahemaade taga. See muudab need ideaalseks valikuks suurtele kinnistutele, laialivalguvatele elamukompleksidele v\u00f5i \u00e4rihoonetele, kus juurdep\u00e4\u00e4supunktid v\u00f5ivad olla hajutatud. BAS-IP v\u00e4ravate intercom-lahendustega saate s\u00e4ilitada turvalise side ja kontrolli kogu oma kinnistul, olenemata vahemaast.<\/p>\n              <\/div>\r\n                  <\/div>\r\n    <\/div>\r\n<\/div>\r\n                    <div class=\"features-item\" data-aos=\"fade-up\">\r\n    <div class=\"features-box\">\r\n                    <div class=\"image-holder\">\r\n                <img loading=\"lazy\" decoding=\"async\" width=\"350\" height=\"320\" src=\"https:\/\/bas-ip.com\/wp-content\/uploads\/2023\/04\/3-3-350x320.jpg\" class=\"attachment-thumbnail_350x320 size-thumbnail_350x320\" alt=\"\" \/>            <\/div>\r\n        \r\n        <div class=\"text-holder\">\r\n                        <h3 class=\"title-block\">PC-p\u00f5hine v\u00e4rava juhtimine<\/h3>\r\n          \r\n                        <div class=\"text-block\">\r\n                <p>BAS-IP v\u00e4ravaintercom-s\u00fcsteemid pakuvad paindlikkust v\u00e4ravate avamiseks ja haldamiseks arvutist. See t\u00e4hendab, et saate juurdep\u00e4\u00e4su juhtida eemalt ja mugavalt, ilma et oleks vaja spetsiaalset f\u00fc\u00fcsilist liidest. Olenemata sellest, kas olete kodus v\u00f5i kontoris, on teil t\u00e4ielik kontroll oma kinnisvara juurdep\u00e4\u00e4supunktide \u00fcle otse teie k\u00e4eulatuses.<\/p>\n              <\/div>\r\n                  <\/div>\r\n    <\/div>\r\n<\/div>\r\n                    <div class=\"features-item\" data-aos=\"fade-up\">\r\n    <div class=\"features-box\">\r\n                    <div class=\"image-holder\">\r\n                <img loading=\"lazy\" decoding=\"async\" width=\"350\" height=\"320\" src=\"https:\/\/bas-ip.com\/wp-content\/uploads\/2023\/04\/4-3-350x320.jpg\" class=\"attachment-thumbnail_350x320 size-thumbnail_350x320\" alt=\"\" \/>            <\/div>\r\n        \r\n        <div class=\"text-holder\">\r\n                        <h3 class=\"title-block\">Kahe lukustuse moodul mitme v\u00e4rava haldamiseks<\/h3>\r\n          \r\n                        <div class=\"text-block\">\r\n                <p>BAS-IP SH-42 kahe lukuga moodul v\u00f5imaldab teil juhtida kahte v\u00e4ravat samaaegselt, kasutades \u00fchte v\u00e4ravaintercom-s\u00fcsteemi. See funktsioon on ideaalne kinnistutele, millel on mitu juurdep\u00e4\u00e4supunkti v\u00f5i eraldi jalak\u00e4ijate ja s\u00f5idukite sissep\u00e4\u00e4sud, v\u00f5imaldades t\u00f5husat k\u00f5igi teie v\u00e4ravate haldamist \u00fchest tsentraliseeritud s\u00fcsteemist.<\/p>\n              <\/div>\r\n                  <\/div>\r\n    <\/div>\r\n<\/div>\r\n                    <div class=\"features-item\" data-aos=\"fade-up\">\r\n    <div class=\"features-box\">\r\n                    <div class=\"image-holder\">\r\n                <img loading=\"lazy\" decoding=\"async\" width=\"350\" height=\"320\" src=\"https:\/\/bas-ip.com\/wp-content\/uploads\/2023\/04\/5-4-350x320.jpg\" class=\"attachment-thumbnail_350x320 size-thumbnail_350x320\" alt=\"\" \/>            <\/div>\r\n        \r\n        <div class=\"text-holder\">\r\n                        <h3 class=\"title-block\">Integratsioon olemasolevate IP CCTV s\u00fcsteemidega<\/h3>\r\n          \r\n                        <div class=\"text-block\">\r\n                <p>BAS-IP v\u00e4rava videokommunikatsiooni s\u00fcsteeme saab h\u00f5lpsasti integreerida teie olemasoleva IP CCTV infrastruktuuriga. See v\u00f5imaldab teil j\u00e4lgida ja juhtida oma kinnisvara juurdep\u00e4\u00e4supunkte, kasutades sama liidest, mida teie turvakaamerad, lihtsustades teie turvahaldust ja suurendades \u00fcldist t\u00f5husust.<\/p>\n              <\/div>\r\n                  <\/div>\r\n    <\/div>\r\n<\/div>\r\n                    <div class=\"features-item\" data-aos=\"fade-up\">\r\n    <div class=\"features-box\">\r\n                    <div class=\"image-holder\">\r\n                <img loading=\"lazy\" decoding=\"async\" width=\"350\" height=\"320\" src=\"https:\/\/bas-ip.com\/wp-content\/uploads\/2023\/04\/6-3-350x320.jpg\" class=\"attachment-thumbnail_350x320 size-thumbnail_350x320\" alt=\"\" \/>            <\/div>\r\n        \r\n        <div class=\"text-holder\">\r\n                        <h3 class=\"title-block\">Numbrim\u00e4rgituvastuse integreerimine<\/h3>\r\n          \r\n                        <div class=\"text-block\">\r\n                <p>BAS-IP sissep\u00e4\u00e4supaneele saab integreerida numbrim\u00e4rkide tuvastamise kaameratega, mis v\u00f5imaldab automatiseerida juurdep\u00e4\u00e4su eelnevalt volitatud s\u00f5idukitele. See t\u00e4iustatud funktsioon suurendab oluliselt turvalisust ja mugavust, avades automaatselt t\u00f5kkepuid volitatud s\u00f5idukitele, minimeerides ooteaegu ja v\u00e4hendades vajadust k\u00e4sitsi juurdep\u00e4\u00e4su kontrolli j\u00e4rele<\/p>\n              <\/div>\r\n                  <\/div>\r\n    <\/div>\r\n<\/div>\r\n            <\/div>\r\n<\/section>\r\n<!-- END Block Features -->\n\n\n<h2 class=\"wp-block-heading\"><strong>\u00dchildub erinevat t\u00fc\u00fcpi v\u00e4ravatega<\/strong><\/h2>\n\n\n\n<p>BAS-IP v\u00e4rava sisetelefone saab integreerida erinevate v\u00e4ravamehhanismidega, pakkudes kasutajatele sujuvat suhtluskogemust:<\/p>\n\n\n\n<ol class=\"wp-block-list\">\n<li><strong>Kiikv\u00e4ravad:<\/strong> Need v\u00e4ravad avanevad ja sulguvad kiikuva liigutusega, kas sisse- v\u00f5i v\u00e4ljapoole. Need on populaarsed elamu- ja \u00e4rikeskkondades oma klassikalise v\u00e4limuse ja kasutusmugavuse t\u00f5ttu.<\/li>\n\n\n\n<li><strong>Liugv\u00e4ravad: <\/strong>Tavaliselt kasutatakse \u00e4ri- ja t\u00f6\u00f6stuskeskkondades, liugv\u00e4ravad liiguvad horisontaalselt m\u00f6\u00f6da r\u00f6\u00f6bast, et avaneda ja sulguda.<\/li>\n\n\n\n<li><strong>T\u00f5kkepuud: <\/strong>Sageli leidub parklates ja juurdep\u00e4\u00e4sukontrolliga aladel, t\u00f5kkepuud kasutavad sisse- ja v\u00e4ljap\u00e4\u00e4su kontrollimiseks vertikaalset hooba.<\/li>\n\n\n\n<li><strong>Kokkupandavad v\u00e4ravad:<\/strong> Need v\u00e4ravad koosnevad kahest paneelist, mis avanemisel kokku volditakse, s\u00e4\u00e4stes ruumi ja pakkudes stiilset v\u00e4limust.<\/li>\n\n\n\n<li><strong>Vertikaalsed t\u00f5stv\u00e4ravad:<\/strong> Tavaliselt kasutatakse k\u00f5rge turvalisusega aladel, vertikaalsed t\u00f5stv\u00e4ravad liiguvad \u00fcles ja alla, et avaneda ja sulguda.<\/li>\n\n\n\n<li><strong>P\u00f6\u00f6rdv\u00e4ravad:<\/strong> Levinud \u00fchistranspordi s\u00f5lmpunktides ja m\u00f5nedes \u00e4rihoonetes, p\u00f6\u00f6rdv\u00e4ravad kontrollivad juurdep\u00e4\u00e4su, lubades korraga l\u00e4bi ainult \u00fche inimese.<\/li>\n\n\n\n<li><strong>Jalak\u00e4ijate v\u00e4ravad: <\/strong>Need v\u00e4ravad on m\u00f5eldud spetsiaalselt jalak\u00e4ijate liikluseks ja neid v\u00f5ib leida erinevates kohtades, nagu elamukogukonnad, pargid v\u00f5i \u00e4rikompleksid.<\/li>\n<\/ol>\n\n\n\n<p>BAS-IP intercomi kohandatavus muudab selle ideaalseks valikuks paljudele v\u00e4ravat\u00fc\u00fcpidele, tagades t\u00f5husa ja turvalise juurdep\u00e4\u00e4sukontrolli elamu-, \u00e4ri- ja t\u00f6\u00f6stuskinnistutele.<\/p>\n\n\n\n<h2 class=\"wp-block-heading\"><strong>V\u00e4ravate BAS-IP sisekommunikatsioonis\u00fcsteemi komponentide m\u00f5istmine<\/strong><\/h2>\n\n\n\n<p>BAS-IP v\u00e4rava intercom-s\u00fcsteemid koosnevad kolmest peamisest komponendist, millest iga\u00fcks m\u00e4ngib olulist rolli tervikliku ja t\u00f5husa v\u00e4rava sissep\u00e4\u00e4su intercom-s\u00fcsteemi loomisel:<\/p>\n\n\n<!-- START Block Features --><section id=\"block_643053d1c3f45\" class=\"features-section\">\r\n\t\r\n    <div class=\"features-list\">\r\n                    <div class=\"features-item\" data-aos=\"fade-up\">\r\n    <div class=\"features-box\">\r\n                    <div class=\"image-holder\">\r\n                <img loading=\"lazy\" decoding=\"async\" width=\"350\" height=\"320\" src=\"https:\/\/bas-ip.com\/wp-content\/uploads\/2023\/04\/7-1-350x320.jpg\" class=\"attachment-thumbnail_350x320 size-thumbnail_350x320\" alt=\"\" \/>            <\/div>\r\n        \r\n        <div class=\"text-holder\">\r\n                        <h3 class=\"title-block\">IP sisetelefoni uksepaneelid<\/h3>\r\n          \r\n                        <div class=\"text-block\">\r\n                <p>BAS-IP ukse sissep\u00e4\u00e4supaneelid toimivad teie v\u00e4rava intercom-s\u00fcsteemi peamise liidesena. Need on loodud olema vastupidavad, ilmastikukindlad ja h\u00f5lpsasti kasutatavad. Erinevate disainide ja viimistlustega saab neid paneele kohandada vastavalt teie kinnisvara esteetikale. Sisseehitatud kaamerate, mikrofonide ja k\u00f5laritega BAS-IP uksepaneelid tagavad kristallselge heli- ja videokommunikatsiooni k\u00fclastaja ning elaniku v\u00f5i turvat\u00f6\u00f6taja vahel.<\/p>\n              <\/div>\r\n                  <\/div>\r\n    <\/div>\r\n<\/div>\r\n                    <div class=\"features-item\" data-aos=\"fade-up\">\r\n    <div class=\"features-box\">\r\n                    <div class=\"image-holder\">\r\n                <img loading=\"lazy\" decoding=\"async\" width=\"350\" height=\"320\" src=\"https:\/\/bas-ip.com\/wp-content\/uploads\/2023\/04\/8-1-350x320.jpg\" class=\"attachment-thumbnail_350x320 size-thumbnail_350x320\" alt=\"\" \/>            <\/div>\r\n        \r\n        <div class=\"text-holder\">\r\n                        <h3 class=\"title-block\">Videotelefonid<\/h3>\r\n          \r\n                        <div class=\"text-block\">\r\n                <p>Videouksetelefonid v\u00f5imaldavad kasutajatel n\u00e4ha, kes seisab v\u00e4rava taga, enne kui nad lubavad sissep\u00e4\u00e4su. See on oluline turvalisuse aspekt, mis aitab \u00e4ra hoida soovimatuid k\u00fclalisi.<\/p>\n              <\/div>\r\n                  <\/div>\r\n    <\/div>\r\n<\/div>\r\n                    <div class=\"features-item\" data-aos=\"fade-up\">\r\n    <div class=\"features-box\">\r\n                    <div class=\"image-holder\">\r\n                <img loading=\"lazy\" decoding=\"async\" width=\"350\" height=\"320\" src=\"https:\/\/bas-ip.com\/wp-content\/uploads\/2023\/04\/9-1-350x320.jpg\" class=\"attachment-thumbnail_350x320 size-thumbnail_350x320\" alt=\"\" \/>            <\/div>\r\n        \r\n        <div class=\"text-holder\">\r\n                        <h3 class=\"title-block\">POE l\u00fclitid<\/h3>\r\n          \r\n                        <div class=\"text-block\">\r\n                <p>Power over Ethernet (POE) l\u00fclitid on BAS-IP elektriliste v\u00e4ravate intercom-s\u00fcsteemi oluline komponent. Need tagavad nii toite kui ka andmeside teie intercom-seadmetele, kasutades \u00fchte Etherneti kaablit. See lihtsustab paigaldamist, v\u00e4hendab kaablite segadust ja tagab usaldusv\u00e4\u00e4rse kiire \u00fchenduse teie v\u00e4rava intercom-komponentide vahel.<\/p>\n              <\/div>\r\n                  <\/div>\r\n    <\/div>\r\n<\/div>\r\n            <\/div>\r\n<\/section>\r\n<!-- END Block Features -->\n\n<!-- START Block FAQ --><section id=\"block_6421c0e7ae86e\" class=\"faq-section\">\r\n\t\t    <h2 class=\"title-section\" data-aos=\"fade-right\">Korduma kippuvad k\u00fcsimused (KKK)<\/h2>\r\n\t\t\t    <div class=\"faq-list js-accordion\" data-aos=\"fade-up\">\r\n\t\t\t\t\t\t\t\t\t\t\t    <div class=\"accordion-item faq-item\">\r\n                        <div class=\"accordion-opener\">\r\n                            Q: Kas ma saan oma olemasoleva IP-kohav\u00f5rguga kasutada BAS-IP sisekommunikatsiooni v\u00e4ravas\u00fcsteemi?                            <i class=\"fa-solid fa-chevron-down\"><\/i>\r\n                        <\/div>\r\n                        <div class=\"accordion-slide\">\r\n\t\t\t\t\t\t    <p>Jah, BAS-IP v\u00e4rava intercom-s\u00fcsteemid on loodud t\u00f6\u00f6tama sujuvalt teie olemasolevas IP-kohalikus v\u00f5rgus, muutes integreerimise lihtsaks ja probleemivabaks.<\/p>\n                        <\/div>\r\n\t\t\t\t\t<\/div>\r\n\t\t\t\t\t\t\t\t\t\t\t\t\t\t\t    <div class=\"accordion-item faq-item\">\r\n                        <div class=\"accordion-opener\">\r\n                            Q: Kuidas toimivad v\u00e4ravate BAS-IP sisesides\u00fcsteemid pikkadel vahemaadel?                            <i class=\"fa-solid fa-chevron-down\"><\/i>\r\n                        <\/div>\r\n                        <div class=\"accordion-slide\">\r\n\t\t\t\t\t\t    <p>BAS-IP v\u00e4rava intercom-s\u00fcsteemid on loodud t\u00f6\u00f6tama t\u00f5husalt pikkade vahemaade taga, muutes need ideaalseks valikuks kinnistutele, millel on hajutatud juurdep\u00e4\u00e4supunktid v\u00f5i suured rajatised.<\/p>\n                        <\/div>\r\n\t\t\t\t\t<\/div>\r\n\t\t\t\t\t\t\t\t\t\t\t\t\t\t\t    <div class=\"accordion-item faq-item\">\r\n                        <div class=\"accordion-opener\">\r\n                            Q: Kuidas ma saan integreerida oma BAS-IP v\u00e4rava video sisetelefoni olemasoleva IP CCTV s\u00fcsteemiga?                            <i class=\"fa-solid fa-chevron-down\"><\/i>\r\n                        <\/div>\r\n                        <div class=\"accordion-slide\">\r\n\t\t\t\t\t\t    <p>BAS-IP v\u00e4rava intercom-s\u00fcsteeme saab h\u00f5lpsasti integreerida teie olemasoleva IP CCTV infrastruktuuriga, mis v\u00f5imaldab teil hallata ja j\u00e4lgida oma kinnisvara juurdep\u00e4\u00e4supunkte, kasutades sama liidest, mida teie turvakaamerad.<\/p>\n                        <\/div>\r\n\t\t\t\t\t<\/div>\r\n\t\t\t\t\t\t\t\t\t\t\t\t\t\t\t    <div class=\"accordion-item faq-item\">\r\n                        <div class=\"accordion-opener\">\r\n                            Q: Kas \u00fche BAS-IP sisesideseadme abil on v\u00f5imalik juhtida mitut v\u00e4ravat?                            <i class=\"fa-solid fa-chevron-down\"><\/i>\r\n                        <\/div>\r\n                        <div class=\"accordion-slide\">\r\n\t\t\t\t\t\t    <p>Jah, BAS-IP SH-42 kahe lukuga mooduliga saate juhtida kahte v\u00e4ravat samaaegselt, kasutades \u00fchte v\u00e4ravaintercom-s\u00fcsteemi. See funktsioon on ideaalne kinnistutele, millel on mitu juurdep\u00e4\u00e4supunkti v\u00f5i eraldi jalak\u00e4ijate ja s\u00f5idukite sissep\u00e4\u00e4sud.<\/p>\n                        <\/div>\r\n\t\t\t\t\t<\/div>\r\n\t\t\t\t\t\t\t\t\t<\/div>\r\n\t<\/section>\r\n<!-- END Block FAQ -->\n\n\n<p>BAS-IP v\u00e4ravaintercom-s\u00fcsteemid pakuvad t\u00e4iuslikku mugavuse, turvalisuse ja arenenud tehnoloogia kombinatsiooni, et tagada enneolematu kontroll teie kinnisvara juurdep\u00e4\u00e4su \u00fcle. Ainulaadsete funktsioonidega, nagu sujuv IP-kohaliku v\u00f5rgu integratsioon, pika vahemaa \u00fchenduvus, arvutip\u00f5hine v\u00e4rava juhtimine, kahe lukuga mooduli funktsionaalsus, IP CCTV s\u00fcsteemi integratsioon ja numbrim\u00e4rkide tuvastamise kaamera \u00fchilduvus, on BAS-IP v\u00e4ravate intercom-s\u00fcsteemid erakordne valik igale kinnisvaraomanikule, kes soovib oma juurdep\u00e4\u00e4su haldamist t\u00e4iustada.<br>Valides BAS-IP v\u00e4lisv\u00e4rava intercom-s\u00fcsteemi, investeerite lahendusse, mis kohandub h\u00f5lpsalt teie vajadustega, kasvab koos teie kinnisvaraga ja annab teile meelerahu, mis kaasneb teadmisega, et teie kinnisvara on turvaline ja juurdep\u00e4\u00e4setav ainult neile, keda usaldate. Kogege erinevust, mida BAS-IP v\u00e4ravaintercom-s\u00fcsteem teie kinnisvarale t\u00e4na tuua v\u00f5ib.<\/p>","protected":false},"excerpt":{"rendered":"<p>V\u00e4rava sisetelefonis\u00fcsteem: parandage oma turvalisust Tere tulemast kinnisvara juurdep\u00e4\u00e4su haldamise tulevikku, kus mugavus, turvalisus ja tipptehnoloogia \u00fchinevad. BAS-IP v\u00e4ravaintercom-s\u00fcsteemiga saate kogeda enneolematut kontrolli oma kinnisvara juurdep\u00e4\u00e4supunktide \u00fcle. Olgu see elumaja, kortermaja v\u00f5i \u00e4rihoone, meie intercom-v\u00e4ravas\u00fcsteemid pakuvad ainulaadseid funktsioone, mis vastavad teie igale vajadusele. Me s\u00fcveneme BAS-IP v\u00e4ravaintercomi p\u00f5hifunktsioonidesse ja eelistesse, andes teile kogu vajaliku teabe [&hellip;]<\/p>","protected":false},"author":1,"featured_media":0,"parent":0,"menu_order":0,"comment_status":"closed","ping_status":"closed","template":"","meta":{"inline_featured_image":false,"footnotes":""},"class_list":["post-133753","page","type-page","status-publish","hentry"],"acf":[],"_links":{"self":[{"href":"https:\/\/bas-ip.com\/et\/wp-json\/wp\/v2\/pages\/133753","targetHints":{"allow":["GET"]}}],"collection":[{"href":"https:\/\/bas-ip.com\/et\/wp-json\/wp\/v2\/pages"}],"about":[{"href":"https:\/\/bas-ip.com\/et\/wp-json\/wp\/v2\/types\/page"}],"author":[{"embeddable":true,"href":"https:\/\/bas-ip.com\/et\/wp-json\/wp\/v2\/users\/1"}],"replies":[{"embeddable":true,"href":"https:\/\/bas-ip.com\/et\/wp-json\/wp\/v2\/comments?post=133753"}],"version-history":[{"count":4,"href":"https:\/\/bas-ip.com\/et\/wp-json\/wp\/v2\/pages\/133753\/revisions"}],"predecessor-version":[{"id":133851,"href":"https:\/\/bas-ip.com\/et\/wp-json\/wp\/v2\/pages\/133753\/revisions\/133851"}],"wp:attachment":[{"href":"https:\/\/bas-ip.com\/et\/wp-json\/wp\/v2\/media?parent=133753"}],"curies":[{"name":"wp","href":"https:\/\/api.w.org\/{rel}","templated":true}]}}