{"id":133472,"date":"2023-03-27T12:22:38","date_gmt":"2023-03-27T12:22:38","guid":{"rendered":"https:\/\/bas-ip.com\/school\/"},"modified":"2025-03-12T10:49:02","modified_gmt":"2025-03-12T10:49:02","slug":"school","status":"publish","type":"page","link":"https:\/\/bas-ip.com\/et\/school\/","title":{"rendered":"Kool"},"content":{"rendered":"<h1 class=\"wp-block-heading\"><strong>Sisetelefonis\u00fcsteemid koolidele<\/strong><\/h1>\n\n\n\n<p>T\u00e4nap\u00e4eva maailmas on sujuv kommunikatsioon ja turvalisus igasugustes \u00f5ppeasutustes h\u00e4davajalikud komponendid. T\u00f5hus kooli fonis\u00fcsteem tagab mitte ainult kiire kommunikatsiooni, vaid parandab ka \u00f5pilaste, \u00f5petajate ja personali turvalisust. Tutvustame BAS-IP fonis\u00fcsteemi koolidele \u2013 l\u00f5pplahendust, mis \u00fchendab tugeva tehnoloogia, uuenduslikud omadused ja v\u00f5rreldamatu j\u00f5udluse. K\u00e4esolev artikkel k\u00e4sitleb BAS-IP fonis\u00fcsteemide peamisi omadusi ja eeliseid, tuues esile, miks need on parim valik teie koolile.<\/p>\n\n\n\n<h2 class=\"wp-block-heading\"><strong>IP-intercomi j\u00f5ud koolidele<\/strong><\/h2>\n\n\n\n<h3 class=\"wp-block-heading\"><strong>Juhtmega IP-intercoms\u00fcsteem: parim valik<\/strong><\/h3>\n\n\n\n<p>Kuigi traadita fonis\u00fcsteemid pakuvad teatavat mugavust, pakuvad kaabeldatud IP-fonis\u00fcsteemid k\u00f5rgemat usaldusv\u00e4\u00e4rsuse, turvalisuse ja j\u00f5udluse taset. Kasutades BAS-IP fonis\u00fcsteemi koolides, investeerite turvalisse ja stabiilsesse lahendusse, mis tagab katkematu kommunikatsiooni ja kontrolli.<\/p>\n\n\n\n<h3 class=\"wp-block-heading\"><strong>Terviklahendus haridusasutustele<\/strong><\/h3>\n\n\n\n<p>BAS-IP fonis\u00fcsteem on loodud koolide, \u00fclikoolide ja kolled\u017eite jaoks. See integreerib sujuvalt audio paneelid, concierge terminalid ja POE l\u00fclitid, luues \u00fchtse kommunikatsiooniv\u00f5rgu, mis on nii t\u00f5hus kui ka kulut\u00f5hus. Oma ainulaadsete omadustega, nagu temperatuuri j\u00e4lgimine kooli sissep\u00e4\u00e4su juures, tagab see fonis\u00fcsteem k\u00f5igi kasutajate turvalisuse ja mugavuse.<\/p>\n\n\n\n<h2 class=\"wp-block-heading\"><strong>BAS-IP kooli sisetelefonis\u00fcsteemi p\u00f5hikomponendid<\/strong><\/h2>\n\n\n<!-- START Block Features --><section id=\"block_6430565dc8a2b\" class=\"features-section\">\r\n\t\r\n    <div class=\"features-list\">\r\n                    <div class=\"features-item\" data-aos=\"fade-up\">\r\n    <div class=\"features-box\">\r\n                    <div class=\"image-holder\">\r\n                <img loading=\"lazy\" decoding=\"async\" width=\"350\" height=\"320\" src=\"https:\/\/bas-ip.com\/wp-content\/uploads\/2023\/04\/1-4-350x320.jpg\" class=\"attachment-thumbnail_350x320 size-thumbnail_350x320\" alt=\"\" \/>            <\/div>\r\n        \r\n        <div class=\"text-holder\">\r\n                        <h3 class=\"title-block\">BAS-IP AV-04AFD Helipaneel<\/h3>\r\n          \r\n                        <div class=\"text-block\">\r\n                <p>AV-04AFD audio paneel on taskukohane ja omadusi t\u00e4is fonis\u00fcsteemi lahendus, mis on spetsiaalselt loodud \u00f5ppeasutuste jaoks. See v\u00f5imaldab kristallselget kommunikatsiooni kooli erinevate alade vahel, tagades samal ajal kiire juurdep\u00e4\u00e4sukontrolli.<\/p>\n              <\/div>\r\n                  <\/div>\r\n    <\/div>\r\n<\/div>\r\n                    <div class=\"features-item\" data-aos=\"fade-up\">\r\n    <div class=\"features-box\">\r\n                    <div class=\"image-holder\">\r\n                <img loading=\"lazy\" decoding=\"async\" width=\"350\" height=\"320\" src=\"https:\/\/bas-ip.com\/wp-content\/uploads\/2023\/04\/2-4-350x320.jpg\" class=\"attachment-thumbnail_350x320 size-thumbnail_350x320\" alt=\"\" \/>            <\/div>\r\n        \r\n        <div class=\"text-holder\">\r\n                        <h3 class=\"title-block\">BAS-IP AM-02 Uksehoidja Terminal<\/h3>\r\n          \r\n                        <div class=\"text-block\">\r\n                <p>The AM-02 concierge terminal serves as a central control point for the entire intercom system, allowing staff to manage calls, monitor entrances, and grant access with ease. Its user-friendly interface makes it the perfect choice for efficient communication and administration.<\/p>\n              <\/div>\r\n                  <\/div>\r\n    <\/div>\r\n<\/div>\r\n                    <div class=\"features-item\" data-aos=\"fade-up\">\r\n    <div class=\"features-box\">\r\n                    <div class=\"image-holder\">\r\n                <img loading=\"lazy\" decoding=\"async\" width=\"350\" height=\"320\" src=\"https:\/\/bas-ip.com\/wp-content\/uploads\/2023\/04\/3-4-350x320.jpg\" class=\"attachment-thumbnail_350x320 size-thumbnail_350x320\" alt=\"\" \/>            <\/div>\r\n        \r\n        <div class=\"text-holder\">\r\n                        <h3 class=\"title-block\">BAS-IP SH-20.16 16-pordiline POE l\u00fcliti<\/h3>\r\n          \r\n                        <div class=\"text-block\">\r\n                <p>SH-20.16 16-portine POE l\u00fcliti tagab BAS-IP fonis\u00fcsteemi jaoks vajaliku toite ja \u00fchenduvuse, tagades sujuva ja katkematu j\u00f5udluse kogu kooli territooriumil.<\/p>\n              <\/div>\r\n                  <\/div>\r\n    <\/div>\r\n<\/div>\r\n                    <div class=\"features-item\" data-aos=\"fade-up\">\r\n    <div class=\"features-box\">\r\n                    <div class=\"image-holder\">\r\n                <img loading=\"lazy\" decoding=\"async\" width=\"350\" height=\"320\" src=\"https:\/\/bas-ip.com\/wp-content\/uploads\/2023\/04\/4-4-350x320.jpg\" class=\"attachment-thumbnail_350x320 size-thumbnail_350x320\" alt=\"\" \/>            <\/div>\r\n        \r\n        <div class=\"text-holder\">\r\n                        <h3 class=\"title-block\">BAS-IP SH-31TM Temperatuurimudel<\/h3>\r\n          \r\n                        <div class=\"text-block\">\r\n                <p>SH-31TM temperatuuri mudel saab paigaldada kooli sissep\u00e4\u00e4su juurde, v\u00f5imaldades reaalajas temperatuuri j\u00e4lgimist ja aidates s\u00e4ilitada tervislikku keskkonda \u00f5pilastele, personalile ja k\u00fclastajatele. Selle lisaturvakihi lisamisega saab teie kool proaktiivselt tegeleda v\u00f5imalike tervisemuredega ja tagada k\u00f5igi koolis viibijate heaolu.<\/p>\n              <\/div>\r\n                  <\/div>\r\n    <\/div>\r\n<\/div>\r\n                    <div class=\"features-item features-full-width\" data-aos=\"fade-up\">\r\n    <div class=\"features-box image-position-left\">\r\n                <div class=\"image-holder\">\r\n            <img loading=\"lazy\" decoding=\"async\" width=\"1\" height=\"1\" src=\"https:\/\/bas-ip.com\/wp-content\/uploads\/2023\/04\/school-1.svg\" class=\"attachment-thumbnail_350x320 size-thumbnail_350x320\" alt=\"\" \/>          <\/div>\r\n      \r\n      <div class=\"text-holder\">\r\n                        <h3 class=\"title-block\">IP-v\u00f5rkude kasutamine sujuvaks integreerimiseks<\/h3>\r\n          \r\n                        <div class=\"text-block\">\r\n                <p>BAS-IP fonis\u00fcsteemid on loodud t\u00f6\u00f6tama sujuvalt teie kooli olemasolevas IP-lokaalses v\u00f5rgus, v\u00f5imaldades lihtsat paigaldust ja hooldust. See integratsioon soodustab paremat kommunikatsiooni, juurdep\u00e4\u00e4sukontrolli ja turvalisust kogu \u00f5ppeasutuses.<\/p>\n              <\/div>\r\n                <\/div>\r\n    <\/div>\r\n<\/div>\r\n                    <div class=\"features-item features-full-width\" data-aos=\"fade-up\">\r\n    <div class=\"features-box image-position-right\">\r\n                <div class=\"image-holder\">\r\n            <img loading=\"lazy\" decoding=\"async\" width=\"1\" height=\"1\" src=\"https:\/\/bas-ip.com\/wp-content\/uploads\/2023\/04\/collage-1.svg\" class=\"attachment-thumbnail_350x320 size-thumbnail_350x320\" alt=\"\" \/>          <\/div>\r\n      \r\n      <div class=\"text-holder\">\r\n                        <h3 class=\"title-block\">Kaugjuurdep\u00e4\u00e4s ja -juhtimine teie arvutist<\/h3>\r\n          \r\n                        <div class=\"text-block\">\r\n                <p>BAS-IP t\u00e4iendatud fonis\u00fcsteemi abil saavad kooli t\u00f6\u00f6tajad h\u00f5lpsasti kasutada oma arvuteid fonis\u00fcsteemi kaudu suhtlemiseks, sissep\u00e4\u00e4sude j\u00e4lgimiseks ja ukse juurdep\u00e4\u00e4su kontrollimiseks. See paindlikkus v\u00f5imaldab paremat reageerimisaega ja suuremat t\u00f5husust igap\u00e4evaste \u00fclesannete ja erakorraliste olukordade haldamisel.<\/p>\n              <\/div>\r\n                <\/div>\r\n    <\/div>\r\n<\/div>\r\n            <\/div>\r\n<\/section>\r\n<!-- END Block Features -->\n\n<!-- START Block FAQ --><section id=\"block_64218de5ac119\" class=\"faq-section\">\r\n\t\t    <h2 class=\"title-section\" data-aos=\"fade-right\">Korduma kippuvad k\u00fcsimused<\/h2>\r\n\t\t\t    <div class=\"faq-list js-accordion\" data-aos=\"fade-up\">\r\n\t\t\t\t\t\t\t\t\t\t\t    <div class=\"accordion-item faq-item\">\r\n                        <div class=\"accordion-opener\">\r\n                            Q: Kas koolide sisetelefonis\u00fcsteemi BAS-IP saab h\u00f5lpsasti integreerida meie olemasolevasse infrastruktuuri?                            <i class=\"fa-solid fa-chevron-down\"><\/i>\r\n                        <\/div>\r\n                        <div class=\"accordion-slide\">\r\n\t\t\t\t\t\t    <p>Jah, BAS-IP fonis\u00fcsteemid saab h\u00f5lpsasti integreerida teie kooli olemasolevasse IP-lokaalsesse v\u00f5rku, v\u00f5imaldades sujuvat ja kulut\u00f5husat paigaldusprotsessi.<\/p>\n                        <\/div>\r\n\t\t\t\t\t<\/div>\r\n\t\t\t\t\t\t\t\t\t\t\t\t\t\t\t    <div class=\"accordion-item faq-item\">\r\n                        <div class=\"accordion-opener\">\r\n                            Q: Kuidas tagab BAS-IP sisetelefoni s\u00fcsteem meie \u00f5pilaste ja t\u00f6\u00f6tajate turvalisuse?                            <i class=\"fa-solid fa-chevron-down\"><\/i>\r\n                        <\/div>\r\n                        <div class=\"accordion-slide\">\r\n\t\t\t\t\t\t    <p>BAS-IP fonis\u00fcsteem pakub mitmeid turvafunktsioone, nagu temperatuuri j\u00e4lgimine sissep\u00e4\u00e4sude juures, kiire juurdep\u00e4\u00e4sukontroll ja v\u00f5imalus j\u00e4lgida ning hallata kommunikatsiooni ja ukse juurdep\u00e4\u00e4su oma arvutist, tagades turvalise keskkonna k\u00f5igile.<\/p>\n                        <\/div>\r\n\t\t\t\t\t<\/div>\r\n\t\t\t\t\t\t\t\t\t\t\t\t\t\t\t    <div class=\"accordion-item faq-item\">\r\n                        <div class=\"accordion-opener\">\r\n                            Q: Kas BAS-IP sisetelefon \u00fchildub teiste sideseadmete ja s\u00fcsteemidega?                            <i class=\"fa-solid fa-chevron-down\"><\/i>\r\n                        <\/div>\r\n                        <div class=\"accordion-slide\">\r\n\t\t\t\t\t\t    <p>Jah, BAS-IP fonis\u00fcsteem on loodud t\u00f6\u00f6tama sujuvalt erinevate kommunikatsiooniseadmete ja -s\u00fcsteemidega, pakkudes teie kooli kommunikatsioonivajaduste jaoks terviklikku ja paindlikku lahendust.<\/p>\n                        <\/div>\r\n\t\t\t\t\t<\/div>\r\n\t\t\t\t\t\t\t\t\t\t\t\t\t\t\t    <div class=\"accordion-item faq-item\">\r\n                        <div class=\"accordion-opener\">\r\n                            Q: Kui usaldusv\u00e4\u00e4rsed on traadiga IP sisekommunikatsioonis\u00fcsteemid v\u00f5rreldes traadita sisesides\u00fcsteemidega?                            <i class=\"fa-solid fa-chevron-down\"><\/i>\r\n                        <\/div>\r\n                        <div class=\"accordion-slide\">\r\n\t\t\t\t\t\t    <p>Kaabeldatud IP-fonis\u00fcsteemid, nagu BAS-IP fonis\u00fcsteem koolidele, pakuvad v\u00f5rreldes traadita fonis\u00fcsteemidega paremat usaldusv\u00e4\u00e4rsust, turvalisust ja j\u00f5udlust. Need tagavad stabiilse ja katkematu kommunikatsiooni ning kontrolli, muutes need ideaalseks valikuks \u00f5ppeasutustele.<\/p>\n                        <\/div>\r\n\t\t\t\t\t<\/div>\r\n\t\t\t\t\t\t\t\t\t\t\t\t\t\t\t    <div class=\"accordion-item faq-item\">\r\n                        <div class=\"accordion-opener\">\r\n                            Q: Kas saame kohandada BAS-IP sisetelefoni s\u00fcsteemi vastavalt meie kooli spetsiifilistele vajadustele?                            <i class=\"fa-solid fa-chevron-down\"><\/i>\r\n                        <\/div>\r\n                        <div class=\"accordion-slide\">\r\n\t\t\t\t\t\t    <p>Jah, BAS-IP fonis\u00fcsteem on v\u00e4ga kohandatav ja seda saab kohandada vastavalt teie kooli ainulaadsetele n\u00f5udmistele. Selle modulaarsed kujundus v\u00f5imaldab lisada erinevaid komponente, nagu temperatuuri mudel, et parandada turvalisust ja funktsionaalsust.<\/p>\n                        <\/div>\r\n\t\t\t\t\t<\/div>\r\n\t\t\t\t\t\t\t\t\t<\/div>\r\n\t<\/section>\r\n<!-- END Block FAQ -->\n\n\n<p>Usaldusv\u00e4\u00e4rse, omadusi t\u00e4is ja turvalise fonis\u00fcsteemi investeerimine on h\u00e4davajalik iga \u00f5ppeasutuse turvalisuse ja t\u00f5hususe tagamiseks. BAS-IP fonis\u00fcsteem koolidele pakub v\u00f5rreldamatut j\u00f5udlust, uuenduslikke omadusi ja sujuvat integratsiooni olemasolevate IP-v\u00f5rkudega. Valides BAS-IP, investeerite oma kooli kommunikatsiooni- ja turvalisusstruktuuri tulevikku. Kogege kommunikatsiooni revolutsiooni parima kooli fonis\u00fcsteemiga \u2013 BAS-IP. Parandage oma \u00f5ppeasutuse turvalisust, kommunikatsiooni ja \u00fcldist keskkonda, tagades \u00f5pilaste, personali ja k\u00fclastajate heaolu. \u00c4rge tehke kvaliteedi osas kompromisse; usaldage BAS-IP-d, et tagada oma koolile erakorraline j\u00f5udlus ja usaldusv\u00e4\u00e4rsus.<\/p>","protected":false},"excerpt":{"rendered":"<p>Sisetelefonis\u00fcsteemid koolidele T\u00e4nap\u00e4eva maailmas on sujuv kommunikatsioon ja turvalisus igasugustes \u00f5ppeasutustes h\u00e4davajalikud komponendid. T\u00f5hus kooli fonis\u00fcsteem tagab mitte ainult kiire kommunikatsiooni, vaid parandab ka \u00f5pilaste, \u00f5petajate ja personali turvalisust. Tutvustame BAS-IP fonis\u00fcsteemi koolidele \u2013 l\u00f5pplahendust, mis \u00fchendab tugeva tehnoloogia, uuenduslikud omadused ja v\u00f5rreldamatu j\u00f5udluse. K\u00e4esolev artikkel k\u00e4sitleb BAS-IP fonis\u00fcsteemide peamisi omadusi ja eeliseid, tuues esile, [&hellip;]<\/p>","protected":false},"author":1,"featured_media":0,"parent":0,"menu_order":0,"comment_status":"closed","ping_status":"closed","template":"","meta":{"inline_featured_image":false,"footnotes":""},"class_list":["post-133472","page","type-page","status-publish","hentry"],"acf":[],"_links":{"self":[{"href":"https:\/\/bas-ip.com\/et\/wp-json\/wp\/v2\/pages\/133472","targetHints":{"allow":["GET"]}}],"collection":[{"href":"https:\/\/bas-ip.com\/et\/wp-json\/wp\/v2\/pages"}],"about":[{"href":"https:\/\/bas-ip.com\/et\/wp-json\/wp\/v2\/types\/page"}],"author":[{"embeddable":true,"href":"https:\/\/bas-ip.com\/et\/wp-json\/wp\/v2\/users\/1"}],"replies":[{"embeddable":true,"href":"https:\/\/bas-ip.com\/et\/wp-json\/wp\/v2\/comments?post=133472"}],"version-history":[{"count":3,"href":"https:\/\/bas-ip.com\/et\/wp-json\/wp\/v2\/pages\/133472\/revisions"}],"predecessor-version":[{"id":133539,"href":"https:\/\/bas-ip.com\/et\/wp-json\/wp\/v2\/pages\/133472\/revisions\/133539"}],"wp:attachment":[{"href":"https:\/\/bas-ip.com\/et\/wp-json\/wp\/v2\/media?parent=133472"}],"curies":[{"name":"wp","href":"https:\/\/api.w.org\/{rel}","templated":true}]}}