{"id":133223,"date":"2023-03-27T09:04:54","date_gmt":"2023-03-27T09:04:54","guid":{"rendered":"https:\/\/bas-ip.com\/%d1%82%d1%8a%d1%80%d0%b3%d0%be%d0%b2%d1%81%d0%ba%d0%b8-%d0%bf%d1%80%d0%be%d0%bc%d0%b8%d1%88%d0%bb%d0%b5%d0%bd%d0%b8\/"},"modified":"2025-03-10T10:15:19","modified_gmt":"2025-03-10T10:15:19","slug":"commercial","status":"publish","type":"page","link":"https:\/\/bas-ip.com\/et\/kaubanduslik-toostuslik\/","title":{"rendered":"Kaubanduslik \/ T\u00f6\u00f6stuslik"},"content":{"rendered":"<h1 class=\"wp-block-heading\"><strong>Muutke oma t\u00f6\u00f6koht revolutsiooniliseks \u00e4ri intercom s\u00fcsteemidega<\/strong><\/h1>\n\n\n\n<p>Kuna tehnoloogia areneb pidevalt, on ettev\u00f5tete jaoks \u00fclioluline olla kursis viimaste edusammudega. \u00dcks selline areng on \u00e4ri intercom s\u00fcsteemide integreerimine, mis pakub t\u00e4iustatud turvalisust ja t\u00f5husat suhtlust kontoritele ja \u00e4ripindadele. BAS-IP&#8217;i IP-intercomid pakuvad terviklikku lahendust, millel on mitmesuguseid unikaalseid funktsioone, mis vastavad kaasaegse t\u00f6\u00f6koha vajadustele. Uurime \u00e4ri intercom s\u00fcsteemi kasutuselev\u00f5tu eeliseid ja s\u00fcveneme BAS-IP&#8217;i tipptasemel toodete spetsiifikasse.<\/p>\n\n\n\n<h2 class=\"wp-block-heading\"><strong>Miks valida oma \u00e4ri intercom s\u00fcsteemiks BAS-IP?<\/strong><\/h2>\n\n\n\n<p>BAS-IP on olnud teerajaja t\u00e4iustatud intercom s\u00fcsteemide arendamisel ettev\u00f5tetele, pakkudes mitmesuguseid uuenduslikke tooteid, mis on loodud vastama kaasaegsete t\u00f6\u00f6kohtade n\u00f5udmistele. Integreerides tipptasemel funktsioone ja usaldusv\u00e4\u00e4rset riistvara, tagavad BAS-IP&#8217;i kommerts intercom s\u00fcsteemid t\u00f5husa suhtluse ja k\u00f5rgendatud turvalisuse nii kontoritele kui ka t\u00f6\u00f6stusrajatistele.<\/p>\n\n\n<!-- START Block Features --><section id=\"block_642edd596eeb4\" class=\"features-section\">\r\n\t\r\n    <div class=\"features-list\">\r\n                    <div class=\"features-item\" data-aos=\"fade-up\">\r\n    <div class=\"features-box\">\r\n                    <div class=\"image-holder\">\r\n                <img loading=\"lazy\" decoding=\"async\" width=\"350\" height=\"320\" src=\"https:\/\/bas-ip.com\/wp-content\/uploads\/2023\/04\/1-350x320.jpg\" class=\"attachment-thumbnail_350x320 size-thumbnail_350x320\" alt=\"\" \/>            <\/div>\r\n        \r\n        <div class=\"text-holder\">\r\n                        <h3 class=\"title-block\">IP-intercomide m\u00f5ju t\u00f6\u00f6kohal.<\/h3>\r\n          \r\n                        <div class=\"text-block\">\r\n                <p>BAS-IP&#8217;i IP-intercom s\u00fcsteemid pakuvad laia valikut eeliseid, sealhulgas sujuvat integreerimist olemasolevatesse IP-kohalikesse v\u00f5rkudesse.<\/p>\n<p>See v\u00f5imaldab t\u00f6\u00f6tajatel h\u00f5lpsasti juurde p\u00e4\u00e4seda intercom s\u00fcsteemile ja avada uksi oma arvutitest, muutes kontorisisese suhtluse ja turvalisuse sujuvamaks.<\/p>\n<p>Lisaks v\u00f5imaldab IP-p\u00f5hine infrastruktuur skaleeritavust ja kohandatavust, tagades, et teie \u00e4ri intercom s\u00fcsteem saab kasvada ja areneda koos teie organisatsiooniga.<\/p>\n              <\/div>\r\n                  <\/div>\r\n    <\/div>\r\n<\/div>\r\n                    <div class=\"features-item\" data-aos=\"fade-up\">\r\n    <div class=\"features-box\">\r\n                    <div class=\"image-holder\">\r\n                <img loading=\"lazy\" decoding=\"async\" width=\"350\" height=\"320\" src=\"https:\/\/bas-ip.com\/wp-content\/uploads\/2023\/04\/2-350x320.jpg\" class=\"attachment-thumbnail_350x320 size-thumbnail_350x320\" alt=\"Business intercom systems\" \/>            <\/div>\r\n        \r\n        <div class=\"text-holder\">\r\n                        <h3 class=\"title-block\">K\u00f5rgeima klassi riistvarakomponendid. <\/h3>\r\n          \r\n                        <div class=\"text-block\">\r\n                <p>Parim BAS-IP \u00e4ri intercom s\u00fcsteem koosneb mudelitest AV-08FBL, AT-10 ja BR-AT10. Need komponendid t\u00f6\u00f6tavad koos, et pakkuda erakordset j\u00f5udlust ja kasutajakogemust, muutes need ideaalseks kontoritele ja \u00e4ripindadele.<\/p>\n<p>AV-08FBL: Sellel v\u00e4lispaneelil on elegantne disain, sisseehitatud kaamera ja RFID-lugeja, tagades turvalise juurdep\u00e4\u00e4sukontrolli ja k\u00fclastajate visuaalse tuvastamise.<\/p>\n<p>AT-10: See stiilne sisemine puutepaneel pakub k\u00f5rge eraldusv\u00f5imega ekraani, intuitiivset kasutajaliidest ning \u00fchilduvust erinevate nutikodu- ja turvaseadmetega.<\/p>\n<p>BR-AT10: See multifunktsionaalne lauakinnitus h\u00f5lbustab AT-10 paneeli lihtsat paigaldamist t\u00f6\u00f6lauale.<\/p>\n              <\/div>\r\n                  <\/div>\r\n    <\/div>\r\n<\/div>\r\n                    <div class=\"features-item\" data-aos=\"fade-up\">\r\n    <div class=\"features-box\">\r\n                    <div class=\"image-holder\">\r\n                <img loading=\"lazy\" decoding=\"async\" width=\"350\" height=\"320\" src=\"https:\/\/bas-ip.com\/wp-content\/uploads\/2023\/04\/3-350x320.jpg\" class=\"attachment-thumbnail_350x320 size-thumbnail_350x320\" alt=\"\" \/>            <\/div>\r\n        \r\n        <div class=\"text-holder\">\r\n                        <h3 class=\"title-block\">Usaldusv\u00e4\u00e4rne klienditugi ja teenindus.<\/h3>\r\n          \r\n                        <div class=\"text-block\">\r\n                <p>BAS-IP on p\u00fchendunud erakordse klienditeeninduse pakkumisele, pakkudes professionaalset abi ja tuge oma toodetele kogu paigaldusprotsessi v\u00e4ltel ja ka p\u00e4rast seda.<\/p>\n<p>Meie asjatundlik tugimeeskond aitab lahendada k\u00f5ik tekkida v\u00f5ivad probleemid, tagades, et teie \u00e4ri intercom s\u00fcsteem j\u00e4\u00e4b funktsionaalseks ja t\u00f5husaks.<\/p>\n<p>Lisaks t\u00e4hendab meie p\u00fchendumus j\u00e4tkuvale teadus- ja arendustegevusele, et BAS-IP tooted paranevad pidevalt, pakkudes teie ettev\u00f5ttele intercom lahendust, mis p\u00fcsib tehnoloogia ja j\u00f5udluse osas esirinnas.<\/p>\n              <\/div>\r\n                  <\/div>\r\n    <\/div>\r\n<\/div>\r\n            <\/div>\r\n<\/section>\r\n<!-- END Block Features -->\n\n\n<h2 class=\"wp-block-heading\"><strong>BAS-IP \u00e4ri intercom s\u00fcsteemide peamised omadused<\/strong><\/h2>\n\n\n\n<p>BAS-IP&#8217;i intercom s\u00fcsteemidel ettev\u00f5tetele on mitmeid unikaalseid funktsioone, mis eristavad neid konkurentidest. Neid t\u00e4iustatud v\u00f5imalusi kasutades saate parandada oma t\u00f6\u00f6koha t\u00f5husust, turvalisust ja \u00fcldist funktsionaalsust.<\/p>\n\n\n<!-- START Block Features --><section id=\"block_642edfc06eeba\" class=\"features-section\">\r\n\t\r\n    <div class=\"features-list\">\r\n                    <div class=\"features-item\" data-aos=\"fade-up\">\r\n    <div class=\"features-box\">\r\n                    <div class=\"image-holder\">\r\n                <img loading=\"lazy\" decoding=\"async\" width=\"350\" height=\"320\" src=\"https:\/\/bas-ip.com\/wp-content\/uploads\/2023\/04\/4-350x320.jpg\" class=\"attachment-thumbnail_350x320 size-thumbnail_350x320\" alt=\"\" \/>            <\/div>\r\n        \r\n        <div class=\"text-holder\">\r\n                        <h3 class=\"title-block\">Juhtmega intercom s\u00fcsteemid \u00e4ridele, tagades usaldusv\u00e4\u00e4rse \u00fchenduse.<\/h3>\r\n          \r\n                        <div class=\"text-block\">\r\n                <p>uigi juhtmevaba tehnoloogia kogub j\u00e4tkuvalt populaarsust, pakuvad ettev\u00f5tetele m\u00f5eldud juhtmega intercom s\u00fcsteemid mitmeid eeliseid, sealhulgas suuremat usaldusv\u00e4\u00e4rsust, v\u00e4hem h\u00e4ireid ja t\u00e4iustatud turvalisust. BAS-IP&#8217;i juhtmega intercom s\u00fcsteemid on loodud tagama j\u00e4rjepidevat j\u00f5udlust, kindlustades sujuva suhtluse ja juurdep\u00e4\u00e4sukontrolli teie kontoris v\u00f5i \u00e4ripinnal.<\/p>\n              <\/div>\r\n                  <\/div>\r\n    <\/div>\r\n<\/div>\r\n                    <div class=\"features-item\" data-aos=\"fade-up\">\r\n    <div class=\"features-box\">\r\n                    <div class=\"image-holder\">\r\n                <img loading=\"lazy\" decoding=\"async\" width=\"350\" height=\"320\" src=\"https:\/\/bas-ip.com\/wp-content\/uploads\/2023\/04\/5-1-350x320.jpg\" class=\"attachment-thumbnail_350x320 size-thumbnail_350x320\" alt=\"\" \/>            <\/div>\r\n        \r\n        <div class=\"text-holder\">\r\n                        <h3 class=\"title-block\">Lauaintercomi ja kontoriintercomi s\u00fcsteemide \u00fchildamine.<\/h3>\r\n          \r\n                        <div class=\"text-block\">\r\n                <p>BAS-IP&#8217;i \u00e4ri intercom s\u00fcsteeme saab h\u00f5lpsasti integreerida lauatelefonide ja kontori intercom seadistustega, v\u00f5imaldades t\u00f6\u00f6tajatel t\u00f6\u00f6kohal vaevata suhelda. See soodustab koost\u00f6\u00f6keskkonda ja tagab, et olulist teavet saab kiiresti ja t\u00e4pselt edastada.<\/p>\n              <\/div>\r\n                  <\/div>\r\n    <\/div>\r\n<\/div>\r\n                    <div class=\"features-item\" data-aos=\"fade-up\">\r\n    <div class=\"features-box\">\r\n                    <div class=\"image-holder\">\r\n                <img loading=\"lazy\" decoding=\"async\" width=\"350\" height=\"320\" src=\"https:\/\/bas-ip.com\/wp-content\/uploads\/2023\/04\/6-350x320.jpg\" class=\"attachment-thumbnail_350x320 size-thumbnail_350x320\" alt=\"\" \/>            <\/div>\r\n        \r\n        <div class=\"text-holder\">\r\n                        <h3 class=\"title-block\">T\u00f6\u00f6stuslike intercom s\u00fcsteemide integreerimine.<\/h3>\r\n          \r\n                        <div class=\"text-block\">\r\n                <p>Ettev\u00f5tetele, mis tegutsevad t\u00f6\u00f6stuskeskkonnas, pakuvad BAS-IP&#8217;i intercom s\u00fcsteemid vastupidavaid kommunikatsioonilahendusi, mis on loodud taluma karme tingimusi. Usaldusv\u00e4\u00e4rse t\u00f6\u00f6stusliku intercom s\u00fcsteemi rakendamisega saate s\u00e4ilitada t\u00f5husa kommunikatsiooni ja turvalise juurdep\u00e4\u00e4sukontrolli isegi k\u00f5ige keerulisemates keskkondades.<\/p>\n              <\/div>\r\n                  <\/div>\r\n    <\/div>\r\n<\/div>\r\n            <\/div>\r\n<\/section>\r\n<!-- END Block Features -->\n\n<!-- START Block FAQ --><section id=\"block_64215db07ecd6\" class=\"faq-section\">\r\n\t\t    <h2 class=\"title-section\" data-aos=\"fade-right\">Korduma kippuvad k\u00fcsimused \u00e4ri intercom s\u00fcsteemide kohta<\/h2>\r\n\t\t\t    <div class=\"faq-list js-accordion\" data-aos=\"fade-up\">\r\n\t\t\t\t\t\t\t\t\t\t\t    <div class=\"accordion-item faq-item\">\r\n                        <div class=\"accordion-opener\">\r\n                            Q: Kuidas saab \u00e4ri intercom s\u00fcsteem parandada kontori turvalisust?                            <i class=\"fa-solid fa-chevron-down\"><\/i>\r\n                        <\/div>\r\n                        <div class=\"accordion-slide\">\r\n\t\t\t\t\t\t    <p>Lisades selliseid funktsioone nagu videovalve, juurdep\u00e4\u00e4sukontroll ja k\u00fclastajate tuvastamine, aitavad \u00e4ri intercom s\u00fcsteemid kaitsta teie kontorit v\u00f5i \u00e4ripinda volitamata juurdep\u00e4\u00e4su ja v\u00f5imalike ohtude eest.<\/p>\n                        <\/div>\r\n\t\t\t\t\t<\/div>\r\n\t\t\t\t\t\t\t\t\t\t\t\t\t\t\t    <div class=\"accordion-item faq-item\">\r\n                        <div class=\"accordion-opener\">\r\n                            Q: Kas ma saan BAS-IP&#8217;i intercom s\u00fcsteemi integreerida oma olemasolevasse IP-kohalikku v\u00f5rku?                            <i class=\"fa-solid fa-chevron-down\"><\/i>\r\n                        <\/div>\r\n                        <div class=\"accordion-slide\">\r\n\t\t\t\t\t\t    <p>Jah, BAS-IP&#8217;i intercom s\u00fcsteeme saab sujuvalt integreerida olemasolevatesse IP-kohalikesse v\u00f5rkudesse, v\u00f5imaldades t\u00f6\u00f6tajatel s\u00fcsteemile juurde p\u00e4\u00e4seda ja uksi avada oma arvutitest ja muudest \u00fchendatud seadmetest. See lihtsustab suhtlust ja juurdep\u00e4\u00e4sukontrolli teie t\u00f6\u00f6kohal.<\/p>\n                        <\/div>\r\n\t\t\t\t\t<\/div>\r\n\t\t\t\t\t\t\t\t\t\t\t\t\t\t\t    <div class=\"accordion-item faq-item\">\r\n                        <div class=\"accordion-opener\">\r\n                            Q: Mis teeb BAS-IP&#8217;i juhtmega intercom s\u00fcsteemid paremaks valikuks kui juhtmevabad lahendused?                            <i class=\"fa-solid fa-chevron-down\"><\/i>\r\n                        <\/div>\r\n                        <div class=\"accordion-slide\">\r\n\t\t\t\t\t\t    <p>Juhtmega intercom s\u00fcsteemid pakuvad juhtmevabade v\u00f5imalustega v\u00f5rreldes suuremat usaldusv\u00e4\u00e4rsust, v\u00e4hem h\u00e4ireid ja t\u00e4iustatud turvalisust. BAS-IP&#8217;i juhtmega intercom s\u00fcsteemid on loodud tagama j\u00e4rjepidevat j\u00f5udlust, muutes need ideaalseks ettev\u00f5tetele, kes otsivad usaldusv\u00e4\u00e4rseid kommunikatsioonilahendusi.<\/p>\n                        <\/div>\r\n\t\t\t\t\t<\/div>\r\n\t\t\t\t\t\t\t\t\t\t\t\t\t\t\t    <div class=\"accordion-item faq-item\">\r\n                        <div class=\"accordion-opener\">\r\n                            Q: Kas BAS-IP&#8217;i intercom s\u00fcsteemid sobivad t\u00f6\u00f6stuskeskkondadesse?                            <i class=\"fa-solid fa-chevron-down\"><\/i>\r\n                        <\/div>\r\n                        <div class=\"accordion-slide\">\r\n\t\t\t\t\t\t    <p>Jah, BAS-IP&#8217;i intercom s\u00fcsteemid on loodud olema \u00fchilduvad t\u00f6\u00f6stuskeskkondadega. Need vastupidavad s\u00fcsteemid taluvad karme tingimusi, tagades t\u00f5husa kommunikatsiooni ja turvalise juurdep\u00e4\u00e4sukontrolli erinevates t\u00f6\u00f6stusharudes.<\/p>\n                        <\/div>\r\n\t\t\t\t\t<\/div>\r\n\t\t\t\t\t\t\t\t\t\t\t\t\t\t\t    <div class=\"accordion-item faq-item\">\r\n                        <div class=\"accordion-opener\">\r\n                            Q: Kas ma saan BAS-IP&#8217;i intercom s\u00fcsteemi kasutada oma nutikontori seadmetega integreerimiseks?                            <i class=\"fa-solid fa-chevron-down\"><\/i>\r\n                        <\/div>\r\n                        <div class=\"accordion-slide\">\r\n\t\t\t\t\t\t    <p>Jah, BAS-IP&#8217;i intercom s\u00fcsteemid on loodud olema \u00fchilduvad mitmesuguste nutikontori seadmetega, nagu valgustus- ja kliimaseadmed. See v\u00f5imaldab sujuvat integratsiooni ja parandab t\u00f6\u00f6koha \u00fcldist funktsionaalsust.<\/p>\n                        <\/div>\r\n\t\t\t\t\t<\/div>\r\n\t\t\t\t\t\t\t\t\t<\/div>\r\n\t<\/section>\r\n<!-- END Block FAQ -->\n\n\n<p>T\u00e4nap\u00e4eva kiires \u00e4rimaailmas on t\u00f5hus suhtlus ja tugevad turvameetmed h\u00e4davajalikud. BAS-IP&#8217;i \u00e4ri intercom s\u00fcsteemid pakuvad terviklikku lahendust, \u00fchendades tipptasemel funktsioonid, usaldusv\u00e4\u00e4rse riistvara ja sujuva integreerimise olemasolevatesse IP-kohalikesse v\u00f5rkudesse. Paigaldades BAS-IP intercom s\u00fcsteemi oma kontorisse v\u00f5i \u00e4ripinnale, saate parandada suhtlust, turvalisust ja t\u00f6\u00f6koha \u00fcldist funktsionaalsust. Kogege maailmatasemel intercom s\u00fcsteemi eeliseid ja muutke oma t\u00f6\u00f6koht BAS-IP&#8217;i uuenduslike intercom lahendustega revolutsiooniliseks. Avastage t\u00f5husa suhtluse, t\u00e4iustatud turvalisuse ja sujuva integreerimise v\u00f5imalused, mis v\u00f5ivad anda teie ettev\u00f5ttele j\u00f5udu \u00fcha enam \u00fchendatud maailmas edukalt tegutseda.<\/p>","protected":false},"excerpt":{"rendered":"<p>Muutke oma t\u00f6\u00f6koht revolutsiooniliseks \u00e4ri intercom s\u00fcsteemidega Kuna tehnoloogia areneb pidevalt, on ettev\u00f5tete jaoks \u00fclioluline olla kursis viimaste edusammudega. \u00dcks selline areng on \u00e4ri intercom s\u00fcsteemide integreerimine, mis pakub t\u00e4iustatud turvalisust ja t\u00f5husat suhtlust kontoritele ja \u00e4ripindadele. BAS-IP&#8217;i IP-intercomid pakuvad terviklikku lahendust, millel on mitmesuguseid unikaalseid funktsioone, mis vastavad kaasaegse t\u00f6\u00f6koha vajadustele. Uurime \u00e4ri intercom [&hellip;]<\/p>","protected":false},"author":1,"featured_media":0,"parent":0,"menu_order":0,"comment_status":"closed","ping_status":"closed","template":"","meta":{"inline_featured_image":false,"footnotes":""},"class_list":["post-133223","page","type-page","status-publish","hentry"],"acf":[],"_links":{"self":[{"href":"https:\/\/bas-ip.com\/et\/wp-json\/wp\/v2\/pages\/133223","targetHints":{"allow":["GET"]}}],"collection":[{"href":"https:\/\/bas-ip.com\/et\/wp-json\/wp\/v2\/pages"}],"about":[{"href":"https:\/\/bas-ip.com\/et\/wp-json\/wp\/v2\/types\/page"}],"author":[{"embeddable":true,"href":"https:\/\/bas-ip.com\/et\/wp-json\/wp\/v2\/users\/1"}],"replies":[{"embeddable":true,"href":"https:\/\/bas-ip.com\/et\/wp-json\/wp\/v2\/comments?post=133223"}],"version-history":[{"count":4,"href":"https:\/\/bas-ip.com\/et\/wp-json\/wp\/v2\/pages\/133223\/revisions"}],"predecessor-version":[{"id":133288,"href":"https:\/\/bas-ip.com\/et\/wp-json\/wp\/v2\/pages\/133223\/revisions\/133288"}],"wp:attachment":[{"href":"https:\/\/bas-ip.com\/et\/wp-json\/wp\/v2\/media?parent=133223"}],"curies":[{"name":"wp","href":"https:\/\/api.w.org\/{rel}","templated":true}]}}