{"id":133063,"date":"2023-03-28T17:03:55","date_gmt":"2023-03-28T17:03:55","guid":{"rendered":"https:\/\/bas-ip.com\/case-studies\/"},"modified":"2025-03-05T12:17:53","modified_gmt":"2025-03-05T12:17:53","slug":"case-studies","status":"publish","type":"page","link":"https:\/\/bas-ip.com\/et\/case-studies\/","title":{"rendered":"Lahendused"},"content":{"rendered":"<h1 class=\"wp-block-heading\"><strong>Intercom-lahendused<\/strong><\/h1>\n\n\n\n<p>BAS-IP on juhtiv tipptasemel intercom-lahenduste pakkuja erinevatele t\u00f6\u00f6stusharudele, pakkudes erakordseid turva- ja kommunikatsioonikogemusi. Selles artiklis uurime kuut veenvat intercom-juhtumiuuringut, mis n\u00e4itavad BAS-IP toodete mitmek\u00fclgsust ja t\u00f5husust erinevates seadetes. Alates mitme elanikuga hoonetest kuni haiglate rajatisteni, r\u00f5hutavad need juhtumiuuringud BAS-IP intercom-s\u00fcsteemide transformeerivat j\u00f5udu.<\/p>\n\n\n<!-- START Block Info 3 Columns with links --><section id=\"block_6437b6d9794a8\" class=\"info-columns-section\">\r\n   <div class=\"column-list\">\r\n                        <div class=\"column-item\" data-aos=\"fade-up\" data-aos-delay=\"100\">\r\n                  <div class=\"image-block\">\r\n            <a href=\"\/building-intercom-system\/\">\r\n               <img loading=\"lazy\" decoding=\"async\" width=\"320\" height=\"232\" src=\"https:\/\/bas-ip.com\/wp-content\/uploads\/2023\/04\/1-5.jpg\" class=\"attachment-thumbnail_345x250 size-thumbnail_345x250\" alt=\"\" srcset=\"https:\/\/bas-ip.com\/wp-content\/uploads\/2023\/04\/1-5.jpg 320w,  https:\/\/bas-ip.com\/wp-content\/uploads\/2023\/04\/1-5-300x218.jpg 300w\" sizes=\"auto, (max-width: 320px) 100vw, 320px\" \/><\/a>\r\n         <\/div>\r\n         \r\n                  <a href=\"\/building-intercom-system\/\">\r\n            <h3 class=\"title-section\">Mitme elanikuga hoone: sujuv elamiskogemus<\/h3>\r\n         <\/a>\r\n                           <div class=\"text-block\">\r\n            <p>BAS-IP-i intercom-lahendused on muutnud elanike suhtlemist oma elukeskkonnaga. Mitme elanikuga hoones ei suurendanud BAS-IP intercom-s\u00fcsteemi rakendamine mitte ainult turvalisust, vaid h\u00f5lbustas ka sujuvat suhtlust \u00fc\u00fcrnike, k\u00fclaliste ja hoonete halduse vahel. S\u00fcsteemi kasutajas\u00f5bralik liides ja integratsioon nutika kodu tehnoloogiaga pakkusid elanikele uue taseme mugavust ja juurdep\u00e4\u00e4setavust, t\u00f5stes nende elamiskogemust.<\/p>\n         <\/div>\r\n               <\/div>\r\n                              <div class=\"column-item\" data-aos=\"fade-up\" data-aos-delay=\"200\">\r\n                  <div class=\"image-block\">\r\n            <a href=\"\/business-intercom-systems-for-office\/\">\r\n               <img loading=\"lazy\" decoding=\"async\" width=\"320\" height=\"232\" src=\"https:\/\/bas-ip.com\/wp-content\/uploads\/2023\/04\/2-5.jpg\" class=\"attachment-thumbnail_345x250 size-thumbnail_345x250\" alt=\"\" srcset=\"https:\/\/bas-ip.com\/wp-content\/uploads\/2023\/04\/2-5.jpg 320w,  https:\/\/bas-ip.com\/wp-content\/uploads\/2023\/04\/2-5-300x218.jpg 300w\" sizes=\"auto, (max-width: 320px) 100vw, 320px\" \/><\/a>\r\n         <\/div>\r\n         \r\n                  <a href=\"\/business-intercom-systems-for-office\/\">\r\n            <h3 class=\"title-section\">\u00c4riline: Tegevuse ja turvalisuse sujuvamaks muutmine<\/h3>\r\n         <\/a>\r\n                           <div class=\"text-block\">\r\n            <p>\u00c4ri- v\u00f5i t\u00f6\u00f6stuskeskkonnas on t\u00f5hus suhtlus ja turvalisus sujuva toimimise jaoks kriitilise t\u00e4htsusega. BAS-IP intercom-lahendused m\u00e4ngisid suurt rolli t\u00f6\u00f6voo ja ohutusmeetmete parandamisel suures tootmisettev\u00f5ttes. Intercom-s\u00fcsteemi integreerimine juurdep\u00e4\u00e4sukontrolli, videovalve ja h\u00e4daolukorra reageerimise funktsioonidega t\u00f5i kaasa m\u00e4rkimisv\u00e4\u00e4rse paranemise suhtluses ja \u00fcldises turvalisuses.<\/p>\n         <\/div>\r\n               <\/div>\r\n                              <div class=\"column-item\" data-aos=\"fade-up\" data-aos-delay=\"300\">\r\n                  <div class=\"image-block\">\r\n            <a href=\"\/intercom-systems-for-home-and-house\/\">\r\n               <img loading=\"lazy\" decoding=\"async\" width=\"320\" height=\"232\" src=\"https:\/\/bas-ip.com\/wp-content\/uploads\/2023\/04\/3-5.jpg\" class=\"attachment-thumbnail_345x250 size-thumbnail_345x250\" alt=\"\" srcset=\"https:\/\/bas-ip.com\/wp-content\/uploads\/2023\/04\/3-5.jpg 320w,  https:\/\/bas-ip.com\/wp-content\/uploads\/2023\/04\/3-5-300x218.jpg 300w\" sizes=\"auto, (max-width: 320px) 100vw, 320px\" \/><\/a>\r\n         <\/div>\r\n         \r\n                  <a href=\"\/intercom-systems-for-home-and-house\/\">\r\n            <h3 class=\"title-section\">Kodu: Turvalisuse ja \u00fchenduvuse parandamine<\/h3>\r\n         <\/a>\r\n                           <div class=\"text-block\">\r\n            <p>Kuna majaomanikud peavad \u00fcha olulisemaks turvalisust ja nutika kodu tehnoloogiat, on BAS-IP-i intercom-lahendused muutunud populaarseks valikuks. Eeslinna kodus ei suurendanud BAS-IP intercom-s\u00fcsteemi paigaldamine mitte ainult turvalisust, vaid parandas ka \u00fchenduvust pereliikmete ja k\u00fclalistega. Intuitiivne liides ja nutitelefonidega \u00fchilduvus v\u00f5imaldasid majaomanikel oma kinnisvara j\u00e4lgida ja vaevata suhelda, luues turvalise ja \u00fchendatud elukeskkonna.<\/p>\n         <\/div>\r\n               <\/div>\r\n                              <div class=\"column-item\" data-aos=\"fade-up\" data-aos-delay=\"400\">\r\n                  <div class=\"image-block\">\r\n            <a href=\"\/medical-hospital-intercom-system\/\">\r\n               <img loading=\"lazy\" decoding=\"async\" width=\"320\" height=\"232\" src=\"https:\/\/bas-ip.com\/wp-content\/uploads\/2023\/04\/4-5.jpg\" class=\"attachment-thumbnail_345x250 size-thumbnail_345x250\" alt=\"\" srcset=\"https:\/\/bas-ip.com\/wp-content\/uploads\/2023\/04\/4-5.jpg 320w,  https:\/\/bas-ip.com\/wp-content\/uploads\/2023\/04\/4-5-300x218.jpg 300w\" sizes=\"auto, (max-width: 320px) 100vw, 320px\" \/><\/a>\r\n         <\/div>\r\n         \r\n                  <a href=\"\/medical-hospital-intercom-system\/\">\r\n            <h3 class=\"title-section\">Haigla: Patsiendihoolduse ja ohutuse tugevdamine<\/h3>\r\n         <\/a>\r\n                           <div class=\"text-block\">\r\n            <p>Haiglad ja meditsiiniasutused vajavad t\u00f5husaks patsiendihoolduseks ja ohutuse tagamiseks t\u00e4iustatud sides\u00fcsteeme. Tipptasemel haiglas kasutati BAS-IP-i intercom-lahendusi meditsiinipersonali, patsientide ja k\u00fclastajate vahelise suhtluse sujuvamaks muutmiseks. S\u00fcsteem h\u00f5lbustas kiiret reageerimist h\u00e4daolukordadele, suurendas patsientide privaatsust ja parandas haigla \u00fcldist turvalisust. BAS-IP-i intercom-s\u00fcsteemi integreerimine osutus erakordse patsiendihoolduse pakkumisel murranguliseks.<\/p>\n         <\/div>\r\n               <\/div>\r\n                              <div class=\"column-item\" data-aos=\"fade-up\" data-aos-delay=\"500\">\r\n                  <div class=\"image-block\">\r\n            <a href=\"\/intercom-systems-for-schools\/\">\r\n               <img loading=\"lazy\" decoding=\"async\" width=\"320\" height=\"232\" src=\"https:\/\/bas-ip.com\/wp-content\/uploads\/2023\/04\/5-5.jpg\" class=\"attachment-thumbnail_345x250 size-thumbnail_345x250\" alt=\"\" srcset=\"https:\/\/bas-ip.com\/wp-content\/uploads\/2023\/04\/5-5.jpg 320w,  https:\/\/bas-ip.com\/wp-content\/uploads\/2023\/04\/5-5-300x218.jpg 300w\" sizes=\"auto, (max-width: 320px) 100vw, 320px\" \/><\/a>\r\n         <\/div>\r\n         \r\n                  <a href=\"\/intercom-systems-for-schools\/\">\r\n            <h3 class=\"title-section\">Kool: Turvalise \u00f5pikeskkonna edendamine<\/h3>\r\n         <\/a>\r\n                           <div class=\"text-block\">\r\n            <p>Haridusasutused vajavad \u00f5pilaste ja personali kaitsmiseks tugevaid turva- ja sides\u00fcsteeme. Progressiivses koolis olid BAS-IP-i intercom-lahendused olulised turvalise \u00f5pikeskkonna loomisel. S\u00fcsteem v\u00f5imaldas sujuvat suhtlust klassiruumide, halduskontorite ja v\u00e4liste k\u00fclastajate vahel, tagades \u00f5pilaste ja personali ohutuse. Lisaks parandas intercom-s\u00fcsteemi integreerimine juurdep\u00e4\u00e4sukontrolli ja videovalve funktsioonidega oluliselt kooli \u00fcldist turvalisust.<\/p>\n         <\/div>\r\n               <\/div>\r\n                              <div class=\"column-item\" data-aos=\"fade-up\" data-aos-delay=\"600\">\r\n                  <div class=\"image-block\">\r\n            <a href=\"\/gate-intercom-system\/\">\r\n               <img loading=\"lazy\" decoding=\"async\" width=\"320\" height=\"232\" src=\"https:\/\/bas-ip.com\/wp-content\/uploads\/2023\/04\/6-4.jpg\" class=\"attachment-thumbnail_345x250 size-thumbnail_345x250\" alt=\"\" srcset=\"https:\/\/bas-ip.com\/wp-content\/uploads\/2023\/04\/6-4.jpg 320w,  https:\/\/bas-ip.com\/wp-content\/uploads\/2023\/04\/6-4-300x218.jpg 300w\" sizes=\"auto, (max-width: 320px) 100vw, 320px\" \/><\/a>\r\n         <\/div>\r\n         \r\n                  <a href=\"\/gate-intercom-system\/\">\r\n            <h3 class=\"title-section\">V\u00e4ravad: Perimeetri turvalisuse tugevdamine<\/h3>\r\n         <\/a>\r\n                           <div class=\"text-block\">\r\n            <p>V\u00e4rava turvalisus on kinnisvara kaitsmiseks ja privaatsuse s\u00e4ilitamiseks \u00fclioluline. K\u00f5rgklassi elamukogukonnas rakendati BAS-IP-i intercom-lahendusi perimeetri turvalisuse tugevdamiseks. S\u00fcsteem v\u00f5imaldas elanikel k\u00fclalistele kaugjuhtimisega juurdep\u00e4\u00e4su anda v\u00f5i keelata ning videovalvega integreerimine v\u00f5imaldas kogukonna sisse- ja v\u00e4ljap\u00e4\u00e4sude sujuvat j\u00e4lgimist. See t\u00e4iustatud intercom-lahendus aitas kaasa elanike suurenenud turvatundele ja meelerahule.<\/p>\n         <\/div>\r\n               <\/div>\r\n                     <\/div>\r\n<\/section>\r\n<!-- END Block Info 3 Columns with links -->\n\n\n<p>Need intercom-juhtumiuuringud n\u00e4itavad BAS-IP intercom-lahenduste m\u00e4rkimisv\u00e4\u00e4rset mitmek\u00fclgsust ja t\u00f5husust erinevates sektorites. Alates elamukogukondadest kuni haiglateni on BAS-IP intercom-s\u00fcsteemide rakendamine muutnud suhtlust, turvalisust ja \u00fcldist kasutajakogemust. Kuna tehnoloogia areneb edasi, on BAS-IP j\u00e4tkuvalt p\u00fchendunud uuenduslike ja suurep\u00e4raste intercom-lahenduste pakkumisele, mis vastavad erinevate t\u00f6\u00f6stusharude arenevatele vajadustele.<\/p>\n\n\n<!-- START Block FAQ --><section id=\"block_64231e53deae2\" class=\"faq-section\">\r\n\t\t    <h2 class=\"title-section\" data-aos=\"fade-right\">Korduma kippuvad k\u00fcsimused<\/h2>\r\n\t\t\t    <div class=\"faq-list js-accordion\" data-aos=\"fade-up\">\r\n\t\t\t\t\t\t\t\t\t\t\t    <div class=\"accordion-item faq-item\">\r\n                        <div class=\"accordion-opener\">\r\n                            Q: Kuidas tagab BAS-IP oma intercom-lahenduste turvalisuse ja usaldusv\u00e4\u00e4rsuse?                            <i class=\"fa-solid fa-chevron-down\"><\/i>\r\n                        <\/div>\r\n                        <div class=\"accordion-slide\">\r\n\t\t\t\t\t\t    <p>BAS-IP kasutab oma intercom-s\u00fcsteemide turvalisuse ja usaldusv\u00e4\u00e4rsuse tagamiseks t\u00e4iustatud kr\u00fcpteerimisprotokolle ja vastupidavat riistvara. See p\u00fchendumus tipptasemel tehnoloogia pakkumisele on teinud BAS-IP-ist usaldusv\u00e4\u00e4rse valiku erinevatele t\u00f6\u00f6stusharudele \u00fcle maailma<\/p>\n                        <\/div>\r\n\t\t\t\t\t<\/div>\r\n\t\t\t\t\t\t\t\t\t\t\t\t\t\t\t    <div class=\"accordion-item faq-item\">\r\n                        <div class=\"accordion-opener\">\r\n                            Q: Kuidas aitavad BAS-IP intercom-lahendused kaasa energiat\u00f5hususele?                            <i class=\"fa-solid fa-chevron-down\"><\/i>\r\n                        <\/div>\r\n                        <div class=\"accordion-slide\">\r\n\t\t\t\t\t\t    <p>BAS-IP-i intercom-s\u00fcsteemid on loodud energiat\u00f5husust silmas pidades. Lisades selliseid funktsioone nagu liikumisaktiveeritud valgustus, nutikas kliimaseade ja energias\u00e4\u00e4stlikud ootere\u017eiimid, aitavad BAS-IP-i intercom-lahendused kaasa rohelisemale ja j\u00e4tkusuutlikumale keskkonnale.<\/p>\n                        <\/div>\r\n\t\t\t\t\t<\/div>\r\n\t\t\t\t\t\t\t\t\t\t\t\t\t\t\t    <div class=\"accordion-item faq-item\">\r\n                        <div class=\"accordion-opener\">\r\n                            Q: Millist tuge pakub BAS-IP oma intercom-lahendustele?                            <i class=\"fa-solid fa-chevron-down\"><\/i>\r\n                        <\/div>\r\n                        <div class=\"accordion-slide\">\r\n\t\t\t\t\t\t    <p>BAS-IP on p\u00fchendunud erakordse klienditoe pakkumisele, pakkudes laiaulatuslikku tehnilist abi ja ressursse, et tagada oma intercom-s\u00fcsteemide sujuv rakendamine ja toimimine. See p\u00fchendumus kliendirahulolule on toonud BAS-IP-ile t\u00f6\u00f6stuses suurep\u00e4rase maine.<\/p>\n                        <\/div>\r\n\t\t\t\t\t<\/div>\r\n\t\t\t\t\t\t\t\t\t<\/div>\r\n\t<\/section>\r\n<!-- END Block FAQ -->","protected":false},"excerpt":{"rendered":"<p>Intercom-lahendused BAS-IP on juhtiv tipptasemel intercom-lahenduste pakkuja erinevatele t\u00f6\u00f6stusharudele, pakkudes erakordseid turva- ja kommunikatsioonikogemusi. Selles artiklis uurime kuut veenvat intercom-juhtumiuuringut, mis n\u00e4itavad BAS-IP toodete mitmek\u00fclgsust ja t\u00f5husust erinevates seadetes. Alates mitme elanikuga hoonetest kuni haiglate rajatisteni, r\u00f5hutavad need juhtumiuuringud BAS-IP intercom-s\u00fcsteemide transformeerivat j\u00f5udu. Need intercom-juhtumiuuringud n\u00e4itavad BAS-IP intercom-lahenduste m\u00e4rkimisv\u00e4\u00e4rset mitmek\u00fclgsust ja t\u00f5husust erinevates sektorites. Alates [&hellip;]<\/p>","protected":false},"author":1,"featured_media":0,"parent":0,"menu_order":0,"comment_status":"closed","ping_status":"closed","template":"","meta":{"inline_featured_image":false,"footnotes":""},"class_list":["post-133063","page","type-page","status-publish","hentry"],"acf":[],"_links":{"self":[{"href":"https:\/\/bas-ip.com\/et\/wp-json\/wp\/v2\/pages\/133063","targetHints":{"allow":["GET"]}}],"collection":[{"href":"https:\/\/bas-ip.com\/et\/wp-json\/wp\/v2\/pages"}],"about":[{"href":"https:\/\/bas-ip.com\/et\/wp-json\/wp\/v2\/types\/page"}],"author":[{"embeddable":true,"href":"https:\/\/bas-ip.com\/et\/wp-json\/wp\/v2\/users\/1"}],"replies":[{"embeddable":true,"href":"https:\/\/bas-ip.com\/et\/wp-json\/wp\/v2\/comments?post=133063"}],"version-history":[{"count":3,"href":"https:\/\/bas-ip.com\/et\/wp-json\/wp\/v2\/pages\/133063\/revisions"}],"predecessor-version":[{"id":133129,"href":"https:\/\/bas-ip.com\/et\/wp-json\/wp\/v2\/pages\/133063\/revisions\/133129"}],"wp:attachment":[{"href":"https:\/\/bas-ip.com\/et\/wp-json\/wp\/v2\/media?parent=133063"}],"curies":[{"name":"wp","href":"https:\/\/api.w.org\/{rel}","templated":true}]}}