{"id":131209,"date":"2025-02-19T15:47:09","date_gmt":"2025-02-19T15:47:09","guid":{"rendered":"https:\/\/bas-ip.com\/intercom-migration-to-link\/"},"modified":"2025-02-25T11:48:23","modified_gmt":"2025-02-25T11:48:23","slug":"intercom-migration-to-link","status":"publish","type":"page","link":"https:\/\/bas-ip.com\/et\/intercom-migration-to-link\/","title":{"rendered":"Intercomi \u00fcleminek lingile"},"content":{"rendered":"<h2 data-sourcepos=\"1:1-1:56\">Intercom kolib lingile: mida see sinu jaoks t\u00e4hendab?<\/h2>\n<p data-sourcepos=\"3:1-3:283\">Alates 4. m\u00e4rtsist 2025 ei ole Intercomi rakendus Androidile enam Google Play poes saadaval. Veebiversioon ja iOS-i rakendus j\u00e4tkavad aga t\u00f6\u00f6d ilma muudatusteta ning Intercomi serverid j\u00e4\u00e4vad aktiivseks, et tagada stabiilsus ja juurdep\u00e4\u00e4s teie andmetele kuni serveri toe l\u00f5ppemiseni.<\/p>\n<p data-sourcepos=\"5:1-5:223\">Kutsume teid \u00fcle minema lingile &#8211; v\u00f5imsale lahendusele, mis on loodud teie mugavuse huvides. Platvorm pakub t\u00e4iustatud haldusv\u00f5imalusi, k\u00f5rgetasemelist stabiilsust ja turvalisust, mis vastab uusimatele t\u00f6\u00f6stusstandarditele.<\/p>\n<p data-sourcepos=\"7:1-7:165\">M\u00f5istame, et see muudatus v\u00f5ib tekitada k\u00fcsimusi, seega oleme koostanud \u00fcksikasjalikud juhised ja igak\u00fclgse toe, et muuta \u00fcleminek v\u00f5imalikult sujuvaks ja vaevatuks.<\/p>\n<h2 data-sourcepos=\"9:1-9:32\">Miks me seda muudatust teeme?<\/h2>\n<p data-sourcepos=\"11:1-11:348\">Meie otsus lingile \u00fcle minna on tingitud vajadusest pakkuda teile paremat teenuse kvaliteeti ja kaasaegseid seadmehalduse t\u00f6\u00f6riistu. Intercomi rakendus Androidile on vananenud ega vasta enam praegustele n\u00f5uetele. Vana platvormi v\u00e4rskendamise asemel otsustasime luua v\u00f5imsama ja kasutajas\u00f5bralikuma lahenduse, mis seab teie mugavusele uue standardi.<\/p>\n<h2 data-sourcepos=\"13:1-13:15\">Mis on link?<\/h2>\n<p data-sourcepos=\"15:1-15:201\">Link on platvorm, mis on loodud neile, kes hindavad mugavust ja t\u00f6\u00f6kindlust. See asendab Intercomi ja pakub rohkem funktsioone, t\u00e4iustatud disaini ja pikaajalist tuge. Siin on see, mida lingilt oodata:<\/p>\n<ul data-sourcepos=\"17:1-21:0\">\n<li data-sourcepos=\"17:1-17:108\"><strong>\u00dcmberkujundatud liides:<\/strong> Lihtne ja intuitiivne disain, mis on loodud sujuva kasutuskogemuse tagamiseks.<\/li>\n<li data-sourcepos=\"18:1-18:116\"><strong>Kaasaegsete seadmete tugi:<\/strong> Link \u00fchildub uusimate operatsioonis\u00fcsteemidega ja integreerub uute tehnoloogiatega.<\/li>\n<li data-sourcepos=\"19:1-19:136\"><strong>T\u00e4iustatud funktsioonid:<\/strong> Juurdep\u00e4\u00e4suhaldus, turvalisus ja paindlik seadme konfigureerimine &#8211; k\u00f5ik see on saadaval uuel platvormil.<\/li>\n<li data-sourcepos=\"20:1-21:0\"><strong>Stabiilsus ja t\u00f6\u00f6kindlus:<\/strong> Ehitatud suurte koormuste k\u00e4sitlemiseks, tagades katkematu j\u00f5udluse.<\/li>\n<\/ul>\n<h2 data-sourcepos=\"22:1-22:26\">Kuidas \u00fcleminek toimub?<\/h2>\n<p data-sourcepos=\"24:1-24:348\">Oleme teinud \u00fcleminekuprotsessi v\u00f5imalikult sujuvaks. Aktiivsed Intercomi kontod migreeritakse automaatselt lingi platvormile ja kasutajad saavad Basic-versiooni litsentse, mis vastavad nende kontol olevate SIP-numbrite arvule. Protsess on loodud v\u00f5imalike raskuste minimeerimiseks, tagades samal ajal juurdep\u00e4\u00e4su k\u00f5igile platvormi funktsioonidele.<\/p>\n<p data-sourcepos=\"26:1-26:43\">Kinnisvaraomanike jaoks on \u00fcleminek lihtne:<\/p>\n<ol data-sourcepos=\"28:1-30:0\">\n<li data-sourcepos=\"28:1-28:62\">Seadistage oma konto ja \u00fchendage uksefoniseadmed serveriga.<\/li>\n<li data-sourcepos=\"29:1-30:0\">T\u00e4itke elanike teabega tabel ja laadige see s\u00fcsteemi \u00fcles.<\/li>\n<\/ol>\n<p data-sourcepos=\"31:1-31:136\">S\u00fcsteem hoolitseb \u00fclej\u00e4\u00e4nu eest: see loob kasutajakontod, saadab kutsed, konfigureerib uksefoniseadmed ja annab juurdep\u00e4\u00e4su platvormile.<\/p>\n<p data-sourcepos=\"33:1-33:114\">Elanikud peavad ainult kutse kaudu registreerimise l\u00f5pule viima &#8211; ja nad saavad kohe uut s\u00fcsteemi kasutama hakata.<\/p>\n<h2 data-sourcepos=\"35:1-35:22\">Mida platvorm teeb?<\/h2>\n<ul data-sourcepos=\"37:1-40:0\">\n<li data-sourcepos=\"37:1-37:85\">Lingib automaatselt kasutajakontod nende seadmetega ja annab juurdep\u00e4\u00e4su teenusele.<\/li>\n<li data-sourcepos=\"38:1-38:94\">Konfigureerib uksefonide integreerimise, sealhulgas vajadusel telefoniraamatu s\u00fcnkroonimise.<\/li>\n<li data-sourcepos=\"39:1-40:0\">T\u00f6\u00f6tleb andmeid ja v\u00e4ljastab lingi jaoks Basic-versiooni litsentse.<\/li>\n<\/ul>\n<p data-sourcepos=\"41:1-41:181\">Keerulisemate juhtumite jaoks, n\u00e4iteks vanemate seadmete v\u00f5i andmete k\u00e4sitsi \u00fclekandmise korral, oleme v\u00e4lja t\u00f6\u00f6tanud t\u00f6\u00f6riistad, mis aitavad partneritel protsessi sujuvamaks muuta.<\/p>\n<h2 data-sourcepos=\"43:1-43:28\">Millised on teie eelised?<\/h2>\n<p data-sourcepos=\"45:1-45:95\">\u00dclemineku v\u00f5imalikult kasulikuks muutmiseks pakub lingi platvorm laia valikut uusi funktsioone:<\/p>\n<p data-sourcepos=\"47:1-47:22\"><strong>Juurdep\u00e4\u00e4suhaldus:<\/strong><\/p>\n<ul data-sourcepos=\"49:1-50:0\">\n<li data-sourcepos=\"49:1-50:0\">T\u00e4ielik kontroll hoone juurdep\u00e4\u00e4su \u00fcle mobiilirakenduse kaudu, sealhulgas uste kaugavamine ja k\u00fclaliste juurdep\u00e4\u00e4su haldamine.<\/li>\n<\/ul>\n<p data-sourcepos=\"51:1-51:33\"><strong>T\u00e4iustatud suhtlusv\u00f5imalused:<\/strong><\/p>\n<ul data-sourcepos=\"53:1-54:0\">\n<li data-sourcepos=\"53:1-54:0\">Integreerimine kaasaegsete seadmetega nagu Apple Watch ja Siri, perekondlike s\u00fcndmuste haldamine ja ruumide broneerimine platvormi kaudu.<\/li>\n<\/ul>\n<p data-sourcepos=\"55:1-55:26\"><strong>Logimine ja j\u00e4lgimine:<\/strong><\/p>\n<ul data-sourcepos=\"57:1-58:0\">\n<li data-sourcepos=\"57:1-58:0\">K\u00f5neajaloo ja juurdep\u00e4\u00e4sulogide vaatamine ning ajakavade ja piirangute haldamine.<\/li>\n<\/ul>\n<p data-sourcepos=\"59:1-59:31\"><strong>Modulaarsus ja kohandamine:<\/strong><\/p>\n<ul data-sourcepos=\"61:1-62:0\">\n<li data-sourcepos=\"61:1-62:0\">Elamute ja \u00e4ripindade loomine, paindlike k\u00f5nede edastamise reeglite konfigureerimine ja telefoniraamatute haldamine.<\/li>\n<\/ul>\n<p data-sourcepos=\"63:1-63:36\"><strong>T\u00e4iustatud telefonifunktsioonid:<\/strong><\/p>\n<ul data-sourcepos=\"65:1-66:0\">\n<li data-sourcepos=\"65:1-66:0\">SIP-trunkide, virtuaalsete numbrite ja pehmetelefoni funktsioonide tugi sujuvaks suhtluseks.<\/li>\n<\/ul>\n<p data-sourcepos=\"67:1-67:27\"><strong>Turvalisuse t\u00f6\u00f6riistad:<\/strong><\/p>\n<ul data-sourcepos=\"69:1-70:0\">\n<li data-sourcepos=\"69:1-70:0\">Integreerimine h\u00e4daabik\u00f5neseadmetega, lifti juurdep\u00e4\u00e4su haldamine ja kontrollitud alade kontroll.<\/li>\n<\/ul>\n<h2 data-sourcepos=\"71:1-71:34\">Kuidas me kasutajaid teavitame?<\/h2>\n<p data-sourcepos=\"73:1-73:71\">Oleme koostanud rea teateid, mis juhendavad teid \u00fclemineku igas etapis:<\/p>\n<ul data-sourcepos=\"75:1-79:0\">\n<li data-sourcepos=\"75:1-75:161\"><strong>Teavitusmeilid:<\/strong> Saate meilis\u00f5numeid, milles kirjeldatakse \u00fcksikasjalikult muudatusi, \u00fclemineku ajakava, lingi eeliseid ja samm-sammult migreerimisjuhiseid.<\/li>\n<li data-sourcepos=\"76:1-76:116\"><strong>Registreerimiskutsed:<\/strong> P\u00e4rast andmete migreerimist saate kutse registreerimise l\u00f5puleviimiseks uuel platvormil.<\/li>\n<li data-sourcepos=\"77:1-77:136\"><strong>Meeldetuletused:<\/strong> Vajadusel saadame meeldetuletusi, et tagada seadistuse l\u00f5puleviimine ja lingi kasutamise alustamine viivitusteta.<\/li>\n<li data-sourcepos=\"78:1-79:0\"><strong>Kasutajatugi:<\/strong> Meie meeskond on saadaval teie k\u00fcsimustele vastamiseks e-posti ja muude tugikanalite kaudu.<\/li>\n<\/ul>\n<h2 data-sourcepos=\"80:1-80:56\">Intercomilt lingile migreerimine: samm-sammult juhend<\/h2>\n<p data-sourcepos=\"82:1-82:254\">Sujuva \u00fclemineku tagamiseks saate 20. ja 25. veebruari vahel kutse uuele lingi serverile liitumiseks. See kutse saadetakse e-posti aadressile, millega te Intercomis registreerusite. Palun kontrollige oma postkasti (ja r\u00e4mpsposti kausta) sellel perioodil.<\/p>\n<h2 data-sourcepos=\"84:1-84:21\">Alustamine lingiga<\/h2>\n<ol data-sourcepos=\"86:1-90:0\">\n<li data-sourcepos=\"86:1-86:102\"><strong>V\u00f5tke kutse vastu:<\/strong> Kl\u00f5psake lingi serverile juurdep\u00e4\u00e4su saamiseks kutse e-kirjas oleval lingil.<\/li>\n<li data-sourcepos=\"87:1-87:74\"><strong>Looge parool:<\/strong> Teil palutakse luua oma lingi konto jaoks uus parool.<\/li>\n<li data-sourcepos=\"88:1-88:136\"><strong>Logige sisse:<\/strong> Kui olete parooli loonud, saate lingi serverisse sisse logida oma registreeritud e-posti aadressi ja uue parooliga.<\/li>\n<li data-sourcepos=\"89:1-90:0\"><strong>J\u00e4rgige seadistusjuhiseid:<\/strong> P\u00e4rast sisselogimist juhendatakse teid seadistusprotsessi kaudu. Juhised erinevad s\u00f5ltuvalt teie kasutajat\u00fc\u00fcbist ja seadmetest.<\/li>\n<\/ol>\n<h2 data-sourcepos=\"91:1-91:33\">Kasutajaspetsiifilised juhised<\/h2>\n<p data-sourcepos=\"93:1-93:122\">Migreerimisprotsessi v\u00f5imalikult lihtsaks muutmiseks oleme esitanud erinevatele kasutajagruppidele \u00fcksikasjalikud juhised:<\/p>\n<p data-sourcepos=\"95:1-95:14\"><strong>Partnerid<\/strong><strong style=\"font-size: revert; color: initial;\">:<\/strong><\/p>\n<div id=\"model-response-message-contentr_7cc64dd4d44cdcb4\" class=\"markdown markdown-main-panel\" dir=\"ltr\">\n<ul>\n<li><a href=\"https:\/\/basip.atlassian.net\/wiki\/spaces\/migrationtothelink\/pages\/354812908\" target=\"_blank\" rel=\"noopener\">Uute seadmete omanikud v\u00f5i nendest seadmetest vastutavad isikud<\/a><\/li>\n<li><a href=\"https:\/\/basip.atlassian.net\/wiki\/spaces\/migrationtothelink\/pages\/354713882\" target=\"_blank\" rel=\"noopener\">Vanade seadmete omanikud (v\u00f5i nendest seadmetest vastutavad isikud), mida ei saa uue lingi serveriga \u00fchendada<\/a><\/li>\n<li><a style=\"font-size: revert;\" href=\"https:\/\/basip.atlassian.net\/wiki\/spaces\/migrationtothelink\/pages\/354877460\" target=\"_blank\" rel=\"noopener\">Vanade seadmete omanikud (v\u00f5i nendest seadmetest vastutavad isikud), mis toetavad \u00fchendust uue lingi serveriga<\/a><\/li>\n<\/ul>\n<p><strong>Elamukomplekside elanikud v\u00f5i erakliendid:<\/strong><\/p>\n<ul>\n<li><a href=\"https:\/\/basip.atlassian.net\/wiki\/spaces\/migrationtothelink\/pages\/354713902\" target=\"_blank\" rel=\"noopener\">Intercomi kasutajad, kellel pole ukseposti, kuid on mobiilirakendus<\/a><\/li>\n<li><a href=\"https:\/\/basip.atlassian.net\/wiki\/spaces\/migrationtothelink\/pages\/354713892\" target=\"_blank\" rel=\"noopener\">Intercomi kasutajad, kellel on nii uksepost kui ka mobiilirakendus<\/a><\/li>\n<\/ul>\n<p data-sourcepos=\"1:1-1:197\">Soovitame teil l\u00e4bi vaadata juhised, mis on asjakohased teie kasutajat\u00fc\u00fcbi ja seadmete jaoks. Kui teil on k\u00fcsimusi v\u00f5i vajate migreerimisprotsessi ajal abi, v\u00f5tke julgelt \u00fchendust meie tugitiimiga.<\/p>\n<p data-sourcepos=\"3:1-3:109\">Oleme kindlad, et teile meeldib t\u00e4iustatud suhtluskogemus, mida Link pakub. T\u00e4name teid j\u00e4tkuva toetuse eest!<\/p>\n<p data-sourcepos=\"5:1-5:22\">Tere tulemast lingile!<\/p>\n<\/div>\n\n<!-- START Block Sign Up --><section id=\"block_629678229e935\" class=\"sign-up-section\">\r\n\r\n    <div class=\"form-holder js-form\" data-aos=\"fade-right\">\r\n                    <div class=\"title-block h3\">Sign up for connection<\/div>\r\n        \r\n                    <div class=\"text-block\">\r\n                Filling out all the information needed to answer you as quickly as possible            <\/div>\r\n        \r\n                    \n<div class=\"wpcf7 no-js\" id=\"wpcf7-f102-o1\" lang=\"en-US\" dir=\"ltr\">\n<div class=\"screen-reader-response\"><p role=\"status\" aria-live=\"polite\" aria-atomic=\"true\"><\/p> <ul><\/ul><\/div>\n<form action=\"\/et\/wp-json\/wp\/v2\/pages\/131209#wpcf7-f102-o1\" method=\"post\" class=\"wpcf7-form init\" aria-label=\"Contact form\" enctype=\"multipart\/form-data\" novalidate=\"novalidate\" data-status=\"init\">\n<div style=\"display: none;\">\n<input type=\"hidden\" name=\"_wpcf7\" value=\"102\" \/>\n<input type=\"hidden\" name=\"_wpcf7_version\" value=\"5.8.3\" \/>\n<input type=\"hidden\" name=\"_wpcf7_locale\" value=\"en_US\" \/>\n<input type=\"hidden\" name=\"_wpcf7_unit_tag\" value=\"wpcf7-f102-o1\" \/>\n<input type=\"hidden\" name=\"_wpcf7_container_post\" value=\"0\" \/>\n<input type=\"hidden\" name=\"_wpcf7_posted_data_hash\" value=\"\" \/>\n<input type=\"hidden\" name=\"_wpcf7_recaptcha_response\" value=\"\" \/>\n<\/div>\n<div class=\"row\"> \n <label><span class=\"label-text\">Name<\/span> \n  <span class=\"wpcf7-form-control-wrap\" data-name=\"text-full-name\"><input size=\"40\" class=\"wpcf7-form-control wpcf7-text wpcf7-validates-as-required\" aria-required=\"true\" aria-invalid=\"false\" placeholder=\"Name\" value=\"\" type=\"text\" name=\"text-full-name\" \/><\/span><\/label> \n<\/div> \n<div class=\"row\"> \n <label><span class=\"label-text\">Phone*<\/span> \n<span class=\"wpcf7-form-control-wrap\" data-name=\"phonetext-270\"><input size=\"40\" class=\"wpcf7-form-control wpcf7-phonetext wpcf7-validates-as-required wpcf7-text wpcf7-validates-as-phonetext\" aria-required=\"true\" aria-invalid=\"false\" placeholder=\"Phone*\" value=\"\" type=\"text\" name=\"phonetext-270\" \/><input type=\"hidden\" name=\"phonetext-270-country-code\" class=\"wpcf7-phonetext-country-code\" \/><\/span><\/label> \n<\/div> \n<div class=\"row\"> \n <label><span class=\"label-text\">E-mail<\/span> \n  <span class=\"wpcf7-form-control-wrap\" data-name=\"email-e-mail\"><input size=\"40\" class=\"wpcf7-form-control wpcf7-email wpcf7-validates-as-required wpcf7-text wpcf7-validates-as-email\" aria-required=\"true\" aria-invalid=\"false\" placeholder=\"E-mail\" value=\"\" type=\"email\" name=\"email-e-mail\" \/><\/span><\/label> \n<\/div> \n<div class=\"row\"><span>Your country<\/span> \n <label><span class=\"wpcf7-form-control-wrap\" data-name=\"countrytext-126\"><input size=\"40\" class=\"wpcf7-form-control wpcf7-countrytext wpcf7-text wpcf7-validates-as-countrytext\" aria-invalid=\"false\" value=\"\" type=\"text\" name=\"countrytext-126\" \/><\/span> <\/label>\n<\/div> \n<div class=\"row\"> \n <button type=\"submit\" class=\"btn\">Send<\/button> \n<\/div> \n<div class=\"row\"> \n <span class=\"wpcf7-form-control-wrap\" data-name=\"checkbox-931\"><span class=\"wpcf7-form-control wpcf7-checkbox\"><span class=\"wpcf7-list-item first\"><label><input type=\"checkbox\" name=\"checkbox-931[]\" value=\"Integrator\" \/><span class=\"wpcf7-list-item-label\">Integrator<\/span><\/label><\/span><span class=\"wpcf7-list-item\"><label><input type=\"checkbox\" name=\"checkbox-931[]\" value=\"Builder\" \/><span class=\"wpcf7-list-item-label\">Builder<\/span><\/label><\/span><span class=\"wpcf7-list-item last\"><label><input type=\"checkbox\" name=\"checkbox-931[]\" value=\"End-User\" \/><span class=\"wpcf7-list-item-label\">End-User<\/span><\/label><\/span><\/span><\/span> \n<\/div> \n<div class=\"row row-upload-file\"> \n <label class=\"upload-file-block js-upload-file\">Attach file \n  <span class=\"wpcf7-form-control-wrap\" data-name=\"file-466\"><input size=\"40\" class=\"wpcf7-form-control wpcf7-file\" accept=\"audio\/*,video\/*,image\/*\" aria-invalid=\"false\" type=\"file\" name=\"file-466\" \/><\/span><\/label> \n<\/div><input type='hidden' class='wpcf7-pum' value='{\"closepopup\":false,\"closedelay\":0,\"openpopup\":false,\"openpopup_id\":0}' \/><div class=\"wpcf7-response-output\" aria-hidden=\"true\"><\/div>\n<\/form>\n<\/div>\n            <\/div>\r\n\r\n\t\t    <div class=\"text-holder\" data-aos=\"fade-left\">\r\n\t\t\t\t\t\t    <h3 class=\"title-block\">How Can We Help?<\/h3>\r\n\t\t\t\r\n\t\t\t                <div class=\"text-block\">\r\n                    Please select a topic below related to your inquiry. If you don&#8217;t find what you need, fill out our contact form.                <\/div>\r\n\t\t\t\r\n\t\t\t\t\t\t    <ul class=\"link-list\">\r\n\t\t\t\t\t\t\t\t\t\t\t\t\t\t\t\t\t\t<li>\r\n\t\t\t\t\t\t\t\t\t\t\t\t\t\t\t\t    <strong>Get Inspired<\/strong>\r\n\t\t\t\t\t\t\t\t\t\t\t\t\t\t\t\t\t\t\t\t\t\t\t\t    <a href=\"\/features\/\">\r\n\t\t\t\t\t\t\t\t        Discover what&#8217;s beneath our intercom\t\t\t\t\t\t\t\t    <\/a>\r\n\t\t\t\t\t\t\t\t\t\t\t\t\t\t\t<\/li>\r\n\t\t\t\t\t\t\t\t\t\t\t\t\t\t\t\t\t\t\t\t\t\t\t\t<li>\r\n\t\t\t\t\t\t\t\t\t\t\t\t\t\t\t\t    <strong>Become a Partner<\/strong>\r\n\t\t\t\t\t\t\t\t\t\t\t\t\t\t\t\t\t\t\t\t\t\t\t\t    <a href=\"\/distributors\/\">\r\n\t\t\t\t\t\t\t\t        Expand your business with BAS-IP intercom\t\t\t\t\t\t\t\t    <\/a>\r\n\t\t\t\t\t\t\t\t\t\t\t\t\t\t\t<\/li>\r\n\t\t\t\t\t\t\t\t\t\t\t\t\t\t\t\t\t\t\t\t\t\t\t\t<li>\r\n\t\t\t\t\t\t\t\t\t\t\t\t\t\t\t\t    <strong>Check the Guides<\/strong>\r\n\t\t\t\t\t\t\t\t\t\t\t\t\t\t\t\t\t\t\t\t\t\t\t\t    <a href=\"\/support\/\">\r\n\t\t\t\t\t\t\t\t        Download detailed manuals and schemes\t\t\t\t\t\t\t\t    <\/a>\r\n\t\t\t\t\t\t\t\t\t\t\t\t\t\t\t<\/li>\r\n\t\t\t\t\t\t\t\t\t\t\t\t\t\t\t<\/ul>\r\n\t\t\t\r\n\t\t\t\t\t\t    <h3 class=\"title-block\">Our contacts<\/h3>\r\n\t\t\t\r\n\t\t\t\t\t\t\t<ul class=\"contact-list\">\r\n\t\t\t\t\t\t\t\t\t\t\t\t\t\t\t\t\t\t<li>\r\n\t\t\t\t\t\t\t\t\t\t\t\t\t\t\t\t\t<strong>Sales:<\/strong>\r\n\t\t\t\t\t\t\t\t\t\t\t\t\t\t\t\t\t\t\t\t\t\t\t\t    <a href=\"mailto:sa&#108;&#101;s&#64;&#98;as-i&#112;&#46;c&#111;m\">sal&#101;s&#64;&#98;a&#115;-&#105;&#112;&#46;co&#109;<\/a>\r\n\t\t\t\t\t\t\t\t\t\t\t\t\t\t\t<\/li>\r\n\t\t\t\t\t\t\t\t\t\t\t\t\t\t\t\t\t\t\t\t\t\t\t\t<li>\r\n\t\t\t\t\t\t\t\t\t\t\t\t\t\t\t\t\t<strong>Technical support:<\/strong>\r\n\t\t\t\t\t\t\t\t\t\t\t\t\t\t\t\t\t\t\t\t\t\t\t\t    <a href=\"mailto:&#115;upport&#64;&#98;a&#115;&#45;&#105;&#112;.c&#111;m\">&#115;upport&#64;bas&#45;&#105;p&#46;c&#111;&#109;<\/a>\r\n\t\t\t\t\t\t\t\t\t\t\t\t\t\t\t<\/li>\r\n\t\t\t\t\t\t\t\t\t\t\t\t\t\t\t<\/ul>\r\n\t\t\t\t\t<\/div>\r\n\t<\/section>\r\n\r\n\r\n\r\n<!-- END Block Sign Up -->","protected":false},"excerpt":{"rendered":"<p>Intercom kolib lingile: mida see sinu jaoks t\u00e4hendab? Alates 4. m\u00e4rtsist 2025 ei ole Intercomi rakendus Androidile enam Google Play poes saadaval. Veebiversioon ja iOS-i rakendus j\u00e4tkavad aga t\u00f6\u00f6d ilma muudatusteta ning Intercomi serverid j\u00e4\u00e4vad aktiivseks, et tagada stabiilsus ja juurdep\u00e4\u00e4s teie andmetele kuni serveri toe l\u00f5ppemiseni. Kutsume teid \u00fcle minema lingile &#8211; v\u00f5imsale lahendusele, [&hellip;]<\/p>","protected":false},"author":1,"featured_media":0,"parent":0,"menu_order":0,"comment_status":"closed","ping_status":"closed","template":"","meta":{"inline_featured_image":false,"footnotes":""},"class_list":["post-131209","page","type-page","status-publish","hentry"],"acf":[],"_links":{"self":[{"href":"https:\/\/bas-ip.com\/et\/wp-json\/wp\/v2\/pages\/131209","targetHints":{"allow":["GET"]}}],"collection":[{"href":"https:\/\/bas-ip.com\/et\/wp-json\/wp\/v2\/pages"}],"about":[{"href":"https:\/\/bas-ip.com\/et\/wp-json\/wp\/v2\/types\/page"}],"author":[{"embeddable":true,"href":"https:\/\/bas-ip.com\/et\/wp-json\/wp\/v2\/users\/1"}],"replies":[{"embeddable":true,"href":"https:\/\/bas-ip.com\/et\/wp-json\/wp\/v2\/comments?post=131209"}],"version-history":[{"count":2,"href":"https:\/\/bas-ip.com\/et\/wp-json\/wp\/v2\/pages\/131209\/revisions"}],"predecessor-version":[{"id":131552,"href":"https:\/\/bas-ip.com\/et\/wp-json\/wp\/v2\/pages\/131209\/revisions\/131552"}],"wp:attachment":[{"href":"https:\/\/bas-ip.com\/et\/wp-json\/wp\/v2\/media?parent=131209"}],"curies":[{"name":"wp","href":"https:\/\/api.w.org\/{rel}","templated":true}]}}