{"id":123034,"date":"2023-03-31T12:50:05","date_gmt":"2023-03-31T12:50:05","guid":{"rendered":"https:\/\/bas-ip.com\/?page_id=123034"},"modified":"2025-03-14T09:44:27","modified_gmt":"2025-03-14T09:44:27","slug":"lift-tostuk","status":"publish","type":"page","link":"https:\/\/bas-ip.com\/et\/lift\/","title":{"rendered":"Lift"},"content":{"rendered":"<h1 class=\"wp-block-heading\"><strong>IP-tehnoloogial p\u00f5hinev liftisiseside<\/strong><\/h1>\n\n\n\n<p>Pidevalt \u00fchendatud maailmas on suhtlemine muutunud \u00fclimalt oluliseks. Eriti kehtib see keskkondades, kus ohutus ja ligip\u00e4\u00e4setavus on \u00fcliolulised, n\u00e4iteks liftides. Liftisides\u00fcsteemil on oluline roll reisijate heaolu tagamisel ja seda peetakse \u00fcha enam kohustuslikuks funktsiooniks. Tutvustame BAS-IP IP-p\u00f5histe liftisides\u00fcsteemide kasutamise eeliseid ja seda, kuidas need revolutsiooniliselt muudavad lifti kasutuskogemust.<\/p>\n\n\n<!-- START Block Features --><section id=\"block_6437d003aff43\" class=\"features-section\">\r\n\t\r\n    <div class=\"features-list\">\r\n                    <div class=\"features-item\" data-aos=\"fade-up\">\r\n    <div class=\"features-box\">\r\n                    <div class=\"image-holder\">\r\n                <img loading=\"lazy\" decoding=\"async\" width=\"350\" height=\"320\" src=\"https:\/\/bas-ip.com\/wp-content\/uploads\/2023\/04\/1-6-350x320.jpg\" class=\"attachment-thumbnail_350x320 size-thumbnail_350x320\" alt=\"\" \/>            <\/div>\r\n        \r\n        <div class=\"text-holder\">\r\n                        <h3 class=\"title-block\">Intercomide vajadus liftides<\/h3>\r\n          \r\n                        <div class=\"text-block\">\r\n                <p>Liftide vastastikused telefonid on reisijate jaoks p\u00e4\u00e4ster\u00f5ngas h\u00e4daolukordade v\u00f5i tehniliste probleemide korral. Need pakuvad otsest sidekanalit hoone juhtkonnaga v\u00f5i h\u00e4daabiteenistusega, tagades vajaduse korral kiire abi. Seega on usaldusv\u00e4\u00e4rne ja t\u00f5hus intercom-s\u00fcsteem liftides h\u00e4davajalik ohutusstandardite s\u00e4ilitamiseks ja reisijate rahustamiseks.<\/p>\n              <\/div>\r\n                  <\/div>\r\n    <\/div>\r\n<\/div>\r\n                    <div class=\"features-item\" data-aos=\"fade-up\">\r\n    <div class=\"features-box\">\r\n                    <div class=\"image-holder\">\r\n                <img loading=\"lazy\" decoding=\"async\" width=\"350\" height=\"320\" src=\"https:\/\/bas-ip.com\/wp-content\/uploads\/2023\/04\/2-6-350x320.jpg\" class=\"attachment-thumbnail_350x320 size-thumbnail_350x320\" alt=\"\" \/>            <\/div>\r\n        \r\n        <div class=\"text-holder\">\r\n                        <h3 class=\"title-block\">IP-p\u00f5hised sisetelefonid: samm traditsioonilistest s\u00fcsteemidest k\u00f5rgemal<\/h3>\r\n          \r\n                        <div class=\"text-block\">\r\n                <p>Traditsioonilised analoog-sides\u00fcsteemid on olnud standardiks juba aastaid. IP-p\u00f5histe lahenduste kasutuselev\u00f5tt, mis kasutavad \u00e4ra internetiprotokolli (IP) ja istungi algatamise protokolli (SIP), on aga toonud kaasa paradigma muutuse selles, kuidas me liftides suhtleme.<\/p>\n              <\/div>\r\n                  <\/div>\r\n    <\/div>\r\n<\/div>\r\n                    <div class=\"features-item\" data-aos=\"fade-up\">\r\n    <div class=\"features-box\">\r\n                    <div class=\"image-holder\">\r\n                <img loading=\"lazy\" decoding=\"async\" width=\"350\" height=\"320\" src=\"https:\/\/bas-ip.com\/wp-content\/uploads\/2023\/04\/3-6-350x320.jpg\" class=\"attachment-thumbnail_350x320 size-thumbnail_350x320\" alt=\"\" \/>            <\/div>\r\n        \r\n        <div class=\"text-holder\">\r\n                        <h3 class=\"title-block\">Partnerlus \u00fclemaailmsete liftitootjatega<\/h3>\r\n          \r\n                        <div class=\"text-block\">\r\n                <p>BAS-IP on s\u00f5lminud partnerlussuhted juhtivate liftitootjatega, n\u00e4iteks Kone&#8217;iga, et tagada sujuv integratsioon nende toodetega. See koost\u00f6\u00f6 v\u00f5imaldab Kone&#8217;i liftide t\u00e4ielikku juhtimist korteritesse paigaldatud BAS-IP intercomidest, luues \u00fchtse ja t\u00e4iustatud kasutajakogemuse.<\/p>\n              <\/div>\r\n                  <\/div>\r\n    <\/div>\r\n<\/div>\r\n            <\/div>\r\n<\/section>\r\n<!-- END Block Features -->\n\n\n<h2 class=\"wp-block-heading\"><strong>BAS-IP liftisiseside eelised<\/strong><\/h2>\n\n\n\n<p>V\u00f5rreldes traditsiooniliste analoogs\u00fcsteemidega pakuvad IP-p\u00f5hised liftisides\u00fcsteemid, nagu BAS-IP lahendus, mitmeid eeliseid:<\/p>\n\n\n<!-- START Block Features --><section id=\"block_6437d09daff47\" class=\"features-section\">\r\n\t\r\n    <div class=\"features-list\">\r\n                    <div class=\"features-item\" data-aos=\"fade-up\">\r\n    <div class=\"features-box\">\r\n                    <div class=\"image-holder\">\r\n                <img loading=\"lazy\" decoding=\"async\" width=\"350\" height=\"320\" src=\"https:\/\/bas-ip.com\/wp-content\/uploads\/2023\/04\/4-6-350x320.jpg\" class=\"attachment-thumbnail_350x320 size-thumbnail_350x320\" alt=\"\" \/>            <\/div>\r\n        \r\n        <div class=\"text-holder\">\r\n                        <h3 class=\"title-block\">T\u00e4iustatud heli- ja videokvaliteet<\/h3>\r\n          \r\n                        <div class=\"text-block\">\r\n                <p>BAS-IP intercomid on varustatud sisseehitatud kaameratega, mis tagab, et hoone haldus- ja turvapersonal saab j\u00e4lgida lifti tegevust reaalajas. See funktsioon mitte ainult ei suurenda hoone \u00fcldist turvalisust, vaid on ka potentsiaalsete kurjategijate heidutuseks.<\/p>\n              <\/div>\r\n                  <\/div>\r\n    <\/div>\r\n<\/div>\r\n                    <div class=\"features-item\" data-aos=\"fade-up\">\r\n    <div class=\"features-box\">\r\n                    <div class=\"image-holder\">\r\n                <img loading=\"lazy\" decoding=\"async\" width=\"350\" height=\"320\" src=\"https:\/\/bas-ip.com\/wp-content\/uploads\/2023\/04\/5-6-350x320.jpg\" class=\"attachment-thumbnail_350x320 size-thumbnail_350x320\" alt=\"\" \/>            <\/div>\r\n        \r\n        <div class=\"text-holder\">\r\n                        <h3 class=\"title-block\">Piiramatu arv seadmeid ja uksehoidja terminali tugi<\/h3>\r\n          \r\n                        <div class=\"text-block\">\r\n                <p>BAS-IP lahendus toetab piiramatut arvu seadmeid v\u00f5rgus, kaasa arvatud concierge-terminali integreerimine. Selline skaleeritavus tagab, et s\u00fcsteem saab kasvada koos hoonega, kohandudes mis tahes n\u00f5uete muutustega, ilma et see kahjustaks j\u00f5udlust v\u00f5i usaldusv\u00e4\u00e4rsust.<\/p>\n              <\/div>\r\n                  <\/div>\r\n    <\/div>\r\n<\/div>\r\n                    <div class=\"features-item\" data-aos=\"fade-up\">\r\n    <div class=\"features-box\">\r\n                    <div class=\"image-holder\">\r\n                <img loading=\"lazy\" decoding=\"async\" width=\"350\" height=\"320\" src=\"https:\/\/bas-ip.com\/wp-content\/uploads\/2023\/04\/6-5-350x320.jpg\" class=\"attachment-thumbnail_350x320 size-thumbnail_350x320\" alt=\"\" \/>            <\/div>\r\n        \r\n        <div class=\"text-holder\">\r\n                        <h3 class=\"title-block\">Lihtsam paigaldamine ja hooldus<\/h3>\r\n          \r\n                        <div class=\"text-block\">\r\n                <p>IP-t\u00f5stukisides kasutatakse olemasolevat v\u00f5rguinfrastruktuuri, mis muudab nende paigaldamise ja hooldamise lihtsamaks ja kuluefektiivsemaks.<\/p>\n<p>T\u00e4nap\u00e4eva \u00fcha enam \u00fchendatud maailmas ei saa \u00fclehinnata vajadust t\u00f5husa ja usaldusv\u00e4\u00e4rse kommunikatsiooni j\u00e4rele liftides. IP-p\u00f5hised liftisides\u00fcsteemid, nagu BAS-IP lahendus, on selles valdkonnas kujunenud kuldstandardiks, pakkudes mitmeid eeliseid v\u00f5rreldes traditsiooniliste analoogs\u00fcsteemidega. Alates paremast heli- ja videokvaliteedist kuni \u00f5mblusteta integreerimiseni teiste hoonete halduss\u00fcsteemidega muudavad IP-sides\u00fcsteemid lifti kasutuskogemust paremaks. Selle tulemusena saavad hoonete omanikud, haldajad ja elanikud nautida suuremat turvalisust, mugavust ja meelerahu.<\/p>\n              <\/div>\r\n                  <\/div>\r\n    <\/div>\r\n<\/div>\r\n            <\/div>\r\n<\/section>\r\n<!-- END Block Features -->\n\n<!-- START Block FAQ --><section id=\"block_6426d69cbc4a0\" class=\"faq-section\">\r\n\t\t    <h2 class=\"title-section\" data-aos=\"fade-right\">Korduma kippuvad k\u00fcsimused<\/h2>\r\n\t\t\t    <div class=\"faq-list js-accordion\" data-aos=\"fade-up\">\r\n\t\t\t\t\t\t\t\t\t\t\t    <div class=\"accordion-item faq-item\">\r\n                        <div class=\"accordion-opener\">\r\n                            Q: Miks peetakse lifti sisetelefone kohustuslikuks?                            <i class=\"fa-solid fa-chevron-down\"><\/i>\r\n                        <\/div>\r\n                        <div class=\"accordion-slide\">\r\n\t\t\t\t\t\t    <p>Liftisisesidet peetakse kohustuslikuks, sest see tagab otsese sidekanali reisijate ja hoone juhtkonna v\u00f5i h\u00e4daabiteenistuse vahel, tagades \u00f5igeaegse abi h\u00e4daolukordades v\u00f5i tehniliste probleemide korral.<\/p>\n                        <\/div>\r\n\t\t\t\t\t<\/div>\r\n\t\t\t\t\t\t\t\t\t\t\t\t\t\t\t    <div class=\"accordion-item faq-item\">\r\n                        <div class=\"accordion-opener\">\r\n                            Q: Mille poolest on IP-p\u00f5hised lifti sisetelefonid paremad kui traditsioonilised analoogs\u00fcsteemid?                            <i class=\"fa-solid fa-chevron-down\"><\/i>\r\n                        <\/div>\r\n                        <div class=\"accordion-slide\">\r\n\t\t\t\t\t\t    <p>IP-p\u00f5hised liftisides\u00fcsteemid, nagu BAS-IP lahendus, pakuvad traditsiooniliste analoogs\u00fcsteemide ees mitmeid eeliseid, sealhulgas paremat heli- ja videokvaliteeti, skaleeritavust, lihtsamat paigaldamist ja hooldust, sisseehitatud kaamerafunktsioone ning sujuvat integreerimist teiste IP-p\u00f5histe s\u00fcsteemidega.<\/p>\n                        <\/div>\r\n\t\t\t\t\t<\/div>\r\n\t\t\t\t\t\t\t\t\t\t\t\t\t\t\t    <div class=\"accordion-item faq-item\">\r\n                        <div class=\"accordion-opener\">\r\n                            Q: Kuidas parandab IP-intercomide sisseehitatud kaamera funktsioon lifti ohutust?                            <i class=\"fa-solid fa-chevron-down\"><\/i>\r\n                        <\/div>\r\n                        <div class=\"accordion-slide\">\r\n\t\t\t\t\t\t    <p>Sisseehitatud kaamerafunktsioon IP-sidesides\u00fcsteemides v\u00f5imaldab hoone haldus- ja turvapersonalil j\u00e4lgida lifti tegevust reaalajas. See lisaturvalisuse tase v\u00f5ib toimida potentsiaalsete \u00f5igusrikkujate heidutajana ja annab visuaalse t\u00f5endusmaterjali v\u00f5imalike vahejuhtumite korral.<\/p>\n                        <\/div>\r\n\t\t\t\t\t<\/div>\r\n\t\t\t\t\t\t\t\t\t\t\t\t\t\t\t    <div class=\"accordion-item faq-item\">\r\n                        <div class=\"accordion-opener\">\r\n                            Q: Kas IP-p\u00f5hised lifti sisetelefonid v\u00f5ivad t\u00f6\u00f6tada koos teiste hoonehalduss\u00fcsteemidega?                            <i class=\"fa-solid fa-chevron-down\"><\/i>\r\n                        <\/div>\r\n                        <div class=\"accordion-slide\">\r\n\t\t\t\t\t\t    <p>Jah, IP-p\u00f5hised liftisides\u00fcsteemid on kavandatud nii, et need on sujuvalt integreeritavad teiste IP-p\u00f5histe hoonete juhtimiss\u00fcsteemidega. See h\u00f5lbustab hoone haldamise \u00f6kos\u00fcsteemi \u00fchendamist ja t\u00f5hustamist, suurendades \u00fcldist turvalisust ja mugavust.<\/p>\n                        <\/div>\r\n\t\t\t\t\t<\/div>\r\n\t\t\t\t\t\t\t\t\t\t\t\t\t\t\t    <div class=\"accordion-item faq-item\">\r\n                        <div class=\"accordion-opener\">\r\n                            Q: Kuidas on BAS-IP ja Kone-suguste liftitootjate vaheline partnerlus kasutajatele kasulik?                            <i class=\"fa-solid fa-chevron-down\"><\/i>\r\n                        <\/div>\r\n                        <div class=\"accordion-slide\">\r\n\t\t\t\t\t\t    <p>BAS-IP ja selliste liftitootjate nagu Kone vaheline partnerlus v\u00f5imaldab nende vastavate toodete sujuvat integreerimist. See koost\u00f6\u00f6 v\u00f5imaldab Kone&#8217;i liftide t\u00e4ielikku juhtimist korteritesse paigaldatud BAS-IP intercomidest, pakkudes \u00fchtset ja sujuvat kasutajakogemust.<\/p>\n                        <\/div>\r\n\t\t\t\t\t<\/div>\r\n\t\t\t\t\t\t\t\t\t<\/div>\r\n\t<\/section>\r\n<!-- END Block FAQ -->","protected":false},"excerpt":{"rendered":"<p>IP-tehnoloogial p\u00f5hinev liftisiseside Pidevalt \u00fchendatud maailmas on suhtlemine muutunud \u00fclimalt oluliseks. Eriti kehtib see keskkondades, kus ohutus ja ligip\u00e4\u00e4setavus on \u00fcliolulised, n\u00e4iteks liftides. Liftisides\u00fcsteemil on oluline roll reisijate heaolu tagamisel ja seda peetakse \u00fcha enam kohustuslikuks funktsiooniks. Tutvustame BAS-IP IP-p\u00f5histe liftisides\u00fcsteemide kasutamise eeliseid ja seda, kuidas need revolutsiooniliselt muudavad lifti kasutuskogemust. BAS-IP liftisiseside eelised V\u00f5rreldes [&hellip;]<\/p>","protected":false},"author":3,"featured_media":0,"parent":0,"menu_order":0,"comment_status":"closed","ping_status":"closed","template":"","meta":{"inline_featured_image":false,"footnotes":""},"class_list":["post-123034","page","type-page","status-publish","hentry"],"acf":[],"_links":{"self":[{"href":"https:\/\/bas-ip.com\/et\/wp-json\/wp\/v2\/pages\/123034","targetHints":{"allow":["GET"]}}],"collection":[{"href":"https:\/\/bas-ip.com\/et\/wp-json\/wp\/v2\/pages"}],"about":[{"href":"https:\/\/bas-ip.com\/et\/wp-json\/wp\/v2\/types\/page"}],"author":[{"embeddable":true,"href":"https:\/\/bas-ip.com\/et\/wp-json\/wp\/v2\/users\/3"}],"replies":[{"embeddable":true,"href":"https:\/\/bas-ip.com\/et\/wp-json\/wp\/v2\/comments?post=123034"}],"version-history":[{"count":3,"href":"https:\/\/bas-ip.com\/et\/wp-json\/wp\/v2\/pages\/123034\/revisions"}],"predecessor-version":[{"id":133672,"href":"https:\/\/bas-ip.com\/et\/wp-json\/wp\/v2\/pages\/123034\/revisions\/133672"}],"wp:attachment":[{"href":"https:\/\/bas-ip.com\/et\/wp-json\/wp\/v2\/media?parent=123034"}],"curies":[{"name":"wp","href":"https:\/\/api.w.org\/{rel}","templated":true}]}}