{"id":122449,"date":"2024-05-15T14:21:12","date_gmt":"2024-05-15T14:21:12","guid":{"rendered":"https:\/\/bas-ip.com\/?page_id=122449"},"modified":"2024-11-05T14:23:24","modified_gmt":"2024-11-05T14:23:24","slug":"firmware-tugipoliitika","status":"publish","type":"page","link":"https:\/\/bas-ip.com\/et\/firmware-tugipoliitika\/","title":{"rendered":"Firmware tugipoliitika"},"content":{"rendered":"<p><strong>Firmware hooldus<\/strong><\/p>\n\n\n\n<p id=\"block-f87f9d02-835d-496e-9b0f-96b3887a9081\">BAS-IP v\u00f5ib omal \u00e4ran\u00e4gemisel pakkuda riistvara suhtes kohaldatava garantiiaja jooksul p\u00f5hilist p\u00fcsivara tuge. Garantiiperioodi jooksul v\u00f5ib BAS-IP v\u00e4lja anda riistvara hooldusversioone v\u00f5i veaparandusi.<\/p>\n\n\n\n<p id=\"block-c3bc07a8-327e-458e-90a4-22c64fbc3f5a\">Kui garantiiaeg on m\u00f6\u00f6dunud, ei arenda, hoolda ega testi BAS-IP enam k\u00f5nealust p\u00fcsivara. BAS-IP v\u00f5ib siiski omal \u00e4ran\u00e4gemisel ja tootep\u00f5hiselt pakkuda tuge p\u00e4rast garantiiperioodi l\u00f5ppu. Kogu BAS-IP p\u00fcsivara, sealhulgas, kuid mitte ainult, BAS-IP riistvarale eelinstalleeritud p\u00fcsivara ja riistvara, mille suhtes kohaldatakse RMA-teenust, tarnitakse &#8220;nagu on&#8221;.<\/p>\n\n\n\n<p>BAS-IP p\u00fcsivara ei kuulu BAS-IP garantii alla.<\/p>\n\n\n\n<p><\/p>\n\n\n\n<p><\/p>","protected":false},"excerpt":{"rendered":"<p>Firmware hooldus BAS-IP v\u00f5ib omal \u00e4ran\u00e4gemisel pakkuda riistvara suhtes kohaldatava garantiiaja jooksul p\u00f5hilist p\u00fcsivara tuge. Garantiiperioodi jooksul v\u00f5ib BAS-IP v\u00e4lja anda riistvara hooldusversioone v\u00f5i veaparandusi. Kui garantiiaeg on m\u00f6\u00f6dunud, ei arenda, hoolda ega testi BAS-IP enam k\u00f5nealust p\u00fcsivara. BAS-IP v\u00f5ib siiski omal \u00e4ran\u00e4gemisel ja tootep\u00f5hiselt pakkuda tuge p\u00e4rast garantiiperioodi l\u00f5ppu. Kogu BAS-IP p\u00fcsivara, sealhulgas, kuid [&hellip;]<\/p>","protected":false},"author":3,"featured_media":0,"parent":0,"menu_order":0,"comment_status":"closed","ping_status":"closed","template":"","meta":{"inline_featured_image":false,"footnotes":""},"class_list":["post-122449","page","type-page","status-publish","hentry"],"acf":[],"_links":{"self":[{"href":"https:\/\/bas-ip.com\/et\/wp-json\/wp\/v2\/pages\/122449","targetHints":{"allow":["GET"]}}],"collection":[{"href":"https:\/\/bas-ip.com\/et\/wp-json\/wp\/v2\/pages"}],"about":[{"href":"https:\/\/bas-ip.com\/et\/wp-json\/wp\/v2\/types\/page"}],"author":[{"embeddable":true,"href":"https:\/\/bas-ip.com\/et\/wp-json\/wp\/v2\/users\/3"}],"replies":[{"embeddable":true,"href":"https:\/\/bas-ip.com\/et\/wp-json\/wp\/v2\/comments?post=122449"}],"version-history":[{"count":1,"href":"https:\/\/bas-ip.com\/et\/wp-json\/wp\/v2\/pages\/122449\/revisions"}],"predecessor-version":[{"id":122450,"href":"https:\/\/bas-ip.com\/et\/wp-json\/wp\/v2\/pages\/122449\/revisions\/122450"}],"wp:attachment":[{"href":"https:\/\/bas-ip.com\/et\/wp-json\/wp\/v2\/media?parent=122449"}],"curies":[{"name":"wp","href":"https:\/\/api.w.org\/{rel}","templated":true}]}}