{"id":121683,"date":"2024-02-14T09:43:47","date_gmt":"2024-02-14T09:43:47","guid":{"rendered":"https:\/\/bas-ip.com\/?page_id=121683"},"modified":"2024-11-04T17:03:54","modified_gmt":"2024-11-04T17:03:54","slug":"axis","status":"publish","type":"page","link":"https:\/\/bas-ip.com\/et\/axis\/","title":{"rendered":"Axis"},"content":{"rendered":"<div class=\"wp-block-image\">\n<figure class=\"aligncenter size-medium\"><img loading=\"lazy\" decoding=\"async\" width=\"300\" height=\"108\" src=\"https:\/\/bas-ip.com\/wp-content\/uploads\/2024\/02\/Axis_Communications_logo.svg-300x108.png\" alt=\"\" class=\"wp-image-108863\" srcset=\"https:\/\/bas-ip.com\/wp-content\/uploads\/2024\/02\/Axis_Communications_logo.svg-300x108.png 300w,  https:\/\/bas-ip.com\/wp-content\/uploads\/2024\/02\/Axis_Communications_logo.svg-1024x369.png 1024w,  https:\/\/bas-ip.com\/wp-content\/uploads\/2024\/02\/Axis_Communications_logo.svg-768x277.png 768w,  https:\/\/bas-ip.com\/wp-content\/uploads\/2024\/02\/Axis_Communications_logo.svg-767x276.png 767w,  https:\/\/bas-ip.com\/wp-content\/uploads\/2024\/02\/Axis_Communications_logo.svg.png 1280w\" sizes=\"auto, (max-width: 300px) 100vw, 300px\" \/><\/figure>\n<\/div>\n\n\n<p>BAS-IP intercomide integreerimine AXIS CCTV kaameratega, eriti automaatse numbrim\u00e4rkide tuvastamise (ALPR) funktsiooni jaoks, h\u00f5lmab lihtsat, kuid t\u00f5husat seadistamist. Selline integreerimine v\u00f5imaldab sujuvat toimimist ja kuluefektiivsust, kuna puudub vajadus professionaalse ALPR-tarkvara j\u00e4rele. Siin on \u00fcksikasjalik kirjeldus selle integratsiooni toimimise kohta:<\/p>\n\n\n\n<p><strong>Integratsiooni \u00fclevaade<\/strong><\/p>\n\n\n\n<p>Eesm\u00e4rk: Automatiseerida v\u00e4rava avamine numbrim\u00e4rkide tuvastamise abil, kasutades BAS-IP-sides\u00fcsteeme ja AXIS CCTV kaameraid, millel on ALPR-v\u00f5imekus.<\/p>\n\n\n\n<p><strong>Komponendid:<\/strong><\/p>\n\n\n\n<p><strong>1.<\/strong> BAS-IP intercom paneel: Keerukas intercom-s\u00fcsteem, mis on v\u00f5imeline integreeruma IP-kaameratega.<\/p>\n\n\n\n<p id=\"block-8906bc3d-105a-4fee-a145-eb6a9e2b5565\"><strong>2. <\/strong>AXIS kaamera koos ALPR-funktsiooniga: AXIS P1455-LE-3, AXIS P3245-LVE-3 v\u00f5i AXIS Q1700-LE sobivad selle integreerimiseks.<\/p>\n\n\n\n<p><strong>3.<\/strong> Numbrim\u00e4rkide andmebaas: Salvestatud kas BAS-IP intercomi v\u00e4lispaneeli m\u00e4llu v\u00f5i BAS-IP Linki tarkvarasse.<\/p>\n\n\n\n<p><strong>Kuidas see toimib<\/strong><\/p>\n\n\n\n<p><strong>1.<\/strong> Paigaldamine ja seadistamine: Kasutaja ostab BAS-IP-sidesidepaneeli ja AXISi kaamera, mis on varustatud ALPR-tehnoloogiaga.<\/p>\n\n\n\n<p id=\"block-cc74f4d7-3bc4-429e-8949-297dd898a71b\"><strong>2.<\/strong> V\u00f5rgu konfigureerimine: AXIS kaamera ja BAS-IP sissep\u00e4\u00e4supaneel peavad t\u00f5husaks suhtlemiseks olema samas alamv\u00f5rgus.<\/p>\n\n\n\n<p id=\"block-c2fe476d-7e11-47ce-93bf-9ee3c12b6b0b\"><strong>3.<\/strong> Numbrim\u00e4rkide registreerimine: S\u00f5iduki numbrim\u00e4rgid registreeritakse ja s\u00e4ilitatakse. Seda saab teha intercomi veebiliidese v\u00f5i BAS-IP Link tarkvara kaudu.<\/p>\n\n\n\n<p id=\"block-8b49041b-d2e3-45b8-9376-b9a9ff3764e7\"><strong>4.<\/strong> Numbrim\u00e4rkide skaneerimine: Kui s\u00f5iduk l\u00e4heneb v\u00e4ravale, skaneerib AXISi kaamera numbrim\u00e4rki.<\/p>\n\n\n\n<p><strong>5.<\/strong> Tuvastamine ja tegevus: Kui skaneeritud numbrim\u00e4rk langeb kokku salvestatud andmebaasis oleva numbrim\u00e4rgiga, k\u00e4ivitab BAS-IP-sidesidepaneel v\u00e4rava automaatse avamise.<\/p>\n\n\n\n<p><strong>Eelised<\/strong><\/p>\n\n\n\n<p>Kulut\u00f5hus: kaotab vajaduse kalli professionaalse ALPR-tarkvara j\u00e4rele.<\/p>\n\n\n\n<p id=\"block-1d3410a6-4aaf-4b32-ae5a-90615d4d31f8\">Kasutamise lihtsus: lihtne seadistamine ja numbrim\u00e4rkide kasutajas\u00f5bralik haldamine veebiliidese v\u00f5i BAS-IP tarkvara kaudu.<\/p>\n\n\n\n<p id=\"block-0b17214d-2536-4061-8b65-630bd308f6f0\">T\u00f5hustatud turvalisus: Automaatne v\u00e4ravate kasutamine tunnustatud numbrim\u00e4rkide alusel lisab t\u00e4iendavat turvalisust.<\/p>\n\n\n\n<p>Paindlikkus: Sobib erinevateks rakendusteks, nagu elamukompleksid, b\u00fcroohooned v\u00f5i suletud kogukonnad.<\/p>\n\n\n\n<p>Kombineerides BAS-IP intercomide t\u00e4iustatud tehnoloogia ALPRiga varustatud AXIS kaamerate t\u00e4psusega, saavad kasutajad nautida k\u00f5rgetasemelist turvalisust ja mugavust, ilma et nad vajaksid t\u00e4iendavat ALPR-tarkvara.<\/p>\n\n\n<!-- START Block Sign Up --><section id=\"block_629678229e935\" class=\"sign-up-section\">\r\n\r\n    <div class=\"form-holder js-form\" data-aos=\"fade-right\">\r\n                    <div class=\"title-block h3\">Sign up for connection<\/div>\r\n        \r\n                    <div class=\"text-block\">\r\n                Filling out all the information needed to answer you as quickly as possible            <\/div>\r\n        \r\n                    \n<div class=\"wpcf7 no-js\" id=\"wpcf7-f102-o1\" lang=\"en-US\" dir=\"ltr\">\n<div class=\"screen-reader-response\"><p role=\"status\" aria-live=\"polite\" aria-atomic=\"true\"><\/p> <ul><\/ul><\/div>\n<form action=\"\/et\/wp-json\/wp\/v2\/pages\/121683#wpcf7-f102-o1\" method=\"post\" class=\"wpcf7-form init\" aria-label=\"Contact form\" enctype=\"multipart\/form-data\" novalidate=\"novalidate\" data-status=\"init\">\n<div style=\"display: none;\">\n<input type=\"hidden\" name=\"_wpcf7\" value=\"102\" \/>\n<input type=\"hidden\" name=\"_wpcf7_version\" value=\"5.8.3\" \/>\n<input type=\"hidden\" name=\"_wpcf7_locale\" value=\"en_US\" \/>\n<input type=\"hidden\" name=\"_wpcf7_unit_tag\" value=\"wpcf7-f102-o1\" \/>\n<input type=\"hidden\" name=\"_wpcf7_container_post\" value=\"0\" \/>\n<input type=\"hidden\" name=\"_wpcf7_posted_data_hash\" value=\"\" \/>\n<input type=\"hidden\" name=\"_wpcf7_recaptcha_response\" value=\"\" \/>\n<\/div>\n<div class=\"row\"> \n <label><span class=\"label-text\">Name<\/span> \n  <span class=\"wpcf7-form-control-wrap\" data-name=\"text-full-name\"><input size=\"40\" class=\"wpcf7-form-control wpcf7-text wpcf7-validates-as-required\" aria-required=\"true\" aria-invalid=\"false\" placeholder=\"Name\" value=\"\" type=\"text\" name=\"text-full-name\" \/><\/span><\/label> \n<\/div> \n<div class=\"row\"> \n <label><span class=\"label-text\">Phone*<\/span> \n<span class=\"wpcf7-form-control-wrap\" data-name=\"phonetext-270\"><input size=\"40\" class=\"wpcf7-form-control wpcf7-phonetext wpcf7-validates-as-required wpcf7-text wpcf7-validates-as-phonetext\" aria-required=\"true\" aria-invalid=\"false\" placeholder=\"Phone*\" value=\"\" type=\"text\" name=\"phonetext-270\" \/><input type=\"hidden\" name=\"phonetext-270-country-code\" class=\"wpcf7-phonetext-country-code\" \/><\/span><\/label> \n<\/div> \n<div class=\"row\"> \n <label><span class=\"label-text\">E-mail<\/span> \n  <span class=\"wpcf7-form-control-wrap\" data-name=\"email-e-mail\"><input size=\"40\" class=\"wpcf7-form-control wpcf7-email wpcf7-validates-as-required wpcf7-text wpcf7-validates-as-email\" aria-required=\"true\" aria-invalid=\"false\" placeholder=\"E-mail\" value=\"\" type=\"email\" name=\"email-e-mail\" \/><\/span><\/label> \n<\/div> \n<div class=\"row\"><span>Your country<\/span> \n <label><span class=\"wpcf7-form-control-wrap\" data-name=\"countrytext-126\"><input size=\"40\" class=\"wpcf7-form-control wpcf7-countrytext wpcf7-text wpcf7-validates-as-countrytext\" aria-invalid=\"false\" value=\"\" type=\"text\" name=\"countrytext-126\" \/><\/span> <\/label>\n<\/div> \n<div class=\"row\"> \n <button type=\"submit\" class=\"btn\">Send<\/button> \n<\/div> \n<div class=\"row\"> \n <span class=\"wpcf7-form-control-wrap\" data-name=\"checkbox-931\"><span class=\"wpcf7-form-control wpcf7-checkbox\"><span class=\"wpcf7-list-item first\"><label><input type=\"checkbox\" name=\"checkbox-931[]\" value=\"Integrator\" \/><span class=\"wpcf7-list-item-label\">Integrator<\/span><\/label><\/span><span class=\"wpcf7-list-item\"><label><input type=\"checkbox\" name=\"checkbox-931[]\" value=\"Builder\" \/><span class=\"wpcf7-list-item-label\">Builder<\/span><\/label><\/span><span class=\"wpcf7-list-item last\"><label><input type=\"checkbox\" name=\"checkbox-931[]\" value=\"End-User\" \/><span class=\"wpcf7-list-item-label\">End-User<\/span><\/label><\/span><\/span><\/span> \n<\/div> \n<div class=\"row row-upload-file\"> \n <label class=\"upload-file-block js-upload-file\">Attach file \n  <span class=\"wpcf7-form-control-wrap\" data-name=\"file-466\"><input size=\"40\" class=\"wpcf7-form-control wpcf7-file\" accept=\"audio\/*,video\/*,image\/*\" aria-invalid=\"false\" type=\"file\" name=\"file-466\" \/><\/span><\/label> \n<\/div><input type='hidden' class='wpcf7-pum' value='{\"closepopup\":false,\"closedelay\":0,\"openpopup\":false,\"openpopup_id\":0}' \/><div class=\"wpcf7-response-output\" aria-hidden=\"true\"><\/div>\n<\/form>\n<\/div>\n            <\/div>\r\n\r\n\t\t    <div class=\"text-holder\" data-aos=\"fade-left\">\r\n\t\t\t\t\t\t    <h3 class=\"title-block\">How Can We Help?<\/h3>\r\n\t\t\t\r\n\t\t\t                <div class=\"text-block\">\r\n                    Please select a topic below related to your inquiry. If you don&#8217;t find what you need, fill out our contact form.                <\/div>\r\n\t\t\t\r\n\t\t\t\t\t\t    <ul class=\"link-list\">\r\n\t\t\t\t\t\t\t\t\t\t\t\t\t\t\t\t\t\t<li>\r\n\t\t\t\t\t\t\t\t\t\t\t\t\t\t\t\t    <strong>Get Inspired<\/strong>\r\n\t\t\t\t\t\t\t\t\t\t\t\t\t\t\t\t\t\t\t\t\t\t\t\t    <a href=\"\/features\/\">\r\n\t\t\t\t\t\t\t\t        Discover what&#8217;s beneath our intercom\t\t\t\t\t\t\t\t    <\/a>\r\n\t\t\t\t\t\t\t\t\t\t\t\t\t\t\t<\/li>\r\n\t\t\t\t\t\t\t\t\t\t\t\t\t\t\t\t\t\t\t\t\t\t\t\t<li>\r\n\t\t\t\t\t\t\t\t\t\t\t\t\t\t\t\t    <strong>Become a Partner<\/strong>\r\n\t\t\t\t\t\t\t\t\t\t\t\t\t\t\t\t\t\t\t\t\t\t\t\t    <a href=\"\/distributors\/\">\r\n\t\t\t\t\t\t\t\t        Expand your business with BAS-IP intercom\t\t\t\t\t\t\t\t    <\/a>\r\n\t\t\t\t\t\t\t\t\t\t\t\t\t\t\t<\/li>\r\n\t\t\t\t\t\t\t\t\t\t\t\t\t\t\t\t\t\t\t\t\t\t\t\t<li>\r\n\t\t\t\t\t\t\t\t\t\t\t\t\t\t\t\t    <strong>Check the Guides<\/strong>\r\n\t\t\t\t\t\t\t\t\t\t\t\t\t\t\t\t\t\t\t\t\t\t\t\t    <a href=\"\/support\/\">\r\n\t\t\t\t\t\t\t\t        Download detailed manuals and schemes\t\t\t\t\t\t\t\t    <\/a>\r\n\t\t\t\t\t\t\t\t\t\t\t\t\t\t\t<\/li>\r\n\t\t\t\t\t\t\t\t\t\t\t\t\t\t\t<\/ul>\r\n\t\t\t\r\n\t\t\t\t\t\t    <h3 class=\"title-block\">Our contacts<\/h3>\r\n\t\t\t\r\n\t\t\t\t\t\t\t<ul class=\"contact-list\">\r\n\t\t\t\t\t\t\t\t\t\t\t\t\t\t\t\t\t\t<li>\r\n\t\t\t\t\t\t\t\t\t\t\t\t\t\t\t\t\t<strong>Sales:<\/strong>\r\n\t\t\t\t\t\t\t\t\t\t\t\t\t\t\t\t\t\t\t\t\t\t\t\t    <a href=\"mailto:&#115;&#97;&#108;&#101;&#115;&#64;b&#97;s-&#105;&#112;&#46;&#99;o&#109;\">sa&#108;es&#64;b&#97;s-&#105;p.&#99;&#111;m<\/a>\r\n\t\t\t\t\t\t\t\t\t\t\t\t\t\t\t<\/li>\r\n\t\t\t\t\t\t\t\t\t\t\t\t\t\t\t\t\t\t\t\t\t\t\t\t<li>\r\n\t\t\t\t\t\t\t\t\t\t\t\t\t\t\t\t\t<strong>Technical support:<\/strong>\r\n\t\t\t\t\t\t\t\t\t\t\t\t\t\t\t\t\t\t\t\t\t\t\t\t    <a href=\"mailto:&#115;uppor&#116;&#64;ba&#115;-&#105;&#112;&#46;c&#111;&#109;\">s&#117;&#112;&#112;o&#114;&#116;&#64;b&#97;s&#45;i&#112;&#46;&#99;&#111;m<\/a>\r\n\t\t\t\t\t\t\t\t\t\t\t\t\t\t\t<\/li>\r\n\t\t\t\t\t\t\t\t\t\t\t\t\t\t\t<\/ul>\r\n\t\t\t\t\t<\/div>\r\n\t<\/section>\r\n\r\n\r\n\r\n<!-- END Block Sign Up -->","protected":false},"excerpt":{"rendered":"<p>BAS-IP intercomide integreerimine AXIS CCTV kaameratega, eriti automaatse numbrim\u00e4rkide tuvastamise (ALPR) funktsiooni jaoks, h\u00f5lmab lihtsat, kuid t\u00f5husat seadistamist. Selline integreerimine v\u00f5imaldab sujuvat toimimist ja kuluefektiivsust, kuna puudub vajadus professionaalse ALPR-tarkvara j\u00e4rele. Siin on \u00fcksikasjalik kirjeldus selle integratsiooni toimimise kohta: Integratsiooni \u00fclevaade Eesm\u00e4rk: Automatiseerida v\u00e4rava avamine numbrim\u00e4rkide tuvastamise abil, kasutades BAS-IP-sides\u00fcsteeme ja AXIS CCTV kaameraid, millel [&hellip;]<\/p>","protected":false},"author":3,"featured_media":0,"parent":0,"menu_order":0,"comment_status":"closed","ping_status":"closed","template":"page-custom-breadcrumbs.php","meta":{"inline_featured_image":false,"footnotes":""},"class_list":["post-121683","page","type-page","status-publish","hentry"],"acf":[],"_links":{"self":[{"href":"https:\/\/bas-ip.com\/et\/wp-json\/wp\/v2\/pages\/121683","targetHints":{"allow":["GET"]}}],"collection":[{"href":"https:\/\/bas-ip.com\/et\/wp-json\/wp\/v2\/pages"}],"about":[{"href":"https:\/\/bas-ip.com\/et\/wp-json\/wp\/v2\/types\/page"}],"author":[{"embeddable":true,"href":"https:\/\/bas-ip.com\/et\/wp-json\/wp\/v2\/users\/3"}],"replies":[{"embeddable":true,"href":"https:\/\/bas-ip.com\/et\/wp-json\/wp\/v2\/comments?post=121683"}],"version-history":[{"count":1,"href":"https:\/\/bas-ip.com\/et\/wp-json\/wp\/v2\/pages\/121683\/revisions"}],"predecessor-version":[{"id":121684,"href":"https:\/\/bas-ip.com\/et\/wp-json\/wp\/v2\/pages\/121683\/revisions\/121684"}],"wp:attachment":[{"href":"https:\/\/bas-ip.com\/et\/wp-json\/wp\/v2\/media?parent=121683"}],"curies":[{"name":"wp","href":"https:\/\/api.w.org\/{rel}","templated":true}]}}