{"id":29787,"date":"2022-05-31T21:22:07","date_gmt":"2022-05-31T21:22:07","guid":{"rendered":"https:\/\/bas-ip.com\/?page_id=29787"},"modified":"2025-12-25T11:14:53","modified_gmt":"2025-12-25T11:14:53","slug":"integrations","status":"publish","type":"page","link":"https:\/\/bas-ip.com\/es\/integraciones\/","title":{"rendered":"Integraciones"},"content":{"rendered":"<!-- START Block General Hero --><section id=\"block_62968804c83f8\" class=\"general-hero-section\">\r\n\t<div class=\"text-holder\" data-aos=\"fade-right\">\r\n                    <h1 class=\"page-title\">Maximice los beneficios de su intercomunicador con las integraciones BAS-IP<\/h1>\r\n                                    <div class=\"text-section\">\r\n                <p>BAS-IP trabaja en estrecha colaboraci\u00f3n con productores de software y hardware de primer nivel en los \u00e1mbitos de sistemas de control de acceso, seguridad y tecnolog\u00eda de la informaci\u00f3n.<\/p>\n            <\/div>\r\n            <\/div>\r\n\t        <div class=\"image-holder\" data-aos=\"fade-left\">\r\n\t        <img loading=\"lazy\" decoding=\"async\" width=\"900\" height=\"671\" src=\"https:\/\/bas-ip.com\/wp-content\/uploads\/2022\/05\/Frame-6.svg\" class=\"attachment-large size-large\" alt=\"Audio Video IP Intercom Integrations\" \/>        <\/div>\r\n\t<\/section>\r\n<!-- END Block General Hero -->\n\n<!-- START Block Integrations Intro --><section id=\"block_62968ab105155\" class=\"integrations-intro-section\">\r\n\t\t    <h2 class=\"title-section\" data-aos=\"fade-right\">Unifique todos los sistemas dentro de un solo dispositivo<\/h2>\r\n\t\t        <div class=\"text-block\" data-aos=\"fade-right\">\r\n\t        <p>Mediante integraciones, ampliamos el potencial y gestionamos diversos sistemas de control de acceso y dom\u00f3tica desde un solo dispositivo. Desarrollamos constantemente nuevas soluciones y nos esforzamos por ofrecer servicios de primera clase a nuestros clientes en todo el mundo. Si le interesa integrar su marca con BAS-IP, cont\u00e1ctenos.<\/p>\n        <\/div>\r\n\t<\/section>\r\n<!-- END Block Integrations Intro -->\n\n<!-- START Block Integrations Text & Image --><section id=\"block_62968ac005156\" class=\"integrations-text-image-section\">\r\n\t\t<div class=\"image-holder\" data-aos=\"fade-left\">\r\n\t\t<img loading=\"lazy\" decoding=\"async\" width=\"791\" height=\"339\" src=\"https:\/\/bas-ip.com\/wp-content\/uploads\/2022\/09\/1-1.jpg\" class=\"attachment-large size-large\" alt=\"Audio video intercom with access control integration\" srcset=\"https:\/\/bas-ip.com\/wp-content\/uploads\/2022\/09\/1-1.jpg 791w,  https:\/\/bas-ip.com\/wp-content\/uploads\/2022\/09\/1-1-300x129.jpg 300w,  https:\/\/bas-ip.com\/wp-content\/uploads\/2022\/09\/1-1-768x329.jpg 768w,  https:\/\/bas-ip.com\/wp-content\/uploads\/2022\/09\/1-1-767x329.jpg 767w\" sizes=\"auto, (max-width: 791px) 100vw, 791px\" \/>\t<\/div>\r\n\t\r\n\t<div class=\"text-holder\" data-aos=\"fade-right\">\r\n\t\t\t\t<h3 class=\"title-block\">Control de acceso<\/h3>\r\n\t\t\t\t\t\t<div class=\"text-block\">\r\n\t\t\t<p data-path-to-node=\"1\"><b data-path-to-node=\"1\" data-index-in-node=\"0\">BAS-IP<\/b> es un videoportero con integraci\u00f3n de control de acceso que ofrece una compatibilidad integral de software y hardware con la mayor\u00eda de los equipos de control de acceso (ACS).<\/p>\n<p data-path-to-node=\"2\">La implementaci\u00f3n de los sistemas de intercomunicaci\u00f3n BAS-IP junto con un sistema de control de acceso representa un gran atractivo para desarrolladores, empresas de instalaci\u00f3n y propiedades comerciales, como oficinas y centros comerciales. Al fusionar ambos sistemas en uno solo, ha surgido un nivel de seguridad y facilidad de uso sin precedentes:<\/p>\n<ul data-path-to-node=\"3\">\n<li>\n<p data-path-to-node=\"3,0,0\"><b data-path-to-node=\"3,0,0\" data-index-in-node=\"0\">Integraci\u00f3n completa de los lectores de acceso<\/b> de los paneles BAS-IP en el software del sistema de control de acceso, lo que permite leer, a\u00f1adir y eliminar identificadores.<\/p>\n<\/li>\n<li>\n<p data-path-to-node=\"3,1,0\"><b data-path-to-node=\"3,1,0\" data-index-in-node=\"0\">Interfaz de control de acceso simplificada.<\/b><\/p>\n<\/li>\n<li>\n<p data-path-to-node=\"3,2,0\"><b data-path-to-node=\"3,2,0\" data-index-in-node=\"0\">Uso de smartphones<\/b> como herramientas de identificaci\u00f3n.<\/p>\n<\/li>\n<li>\n<p data-path-to-node=\"3,3,0\"><b data-path-to-node=\"3,3,0\" data-index-in-node=\"0\">Registro de eventos consolidado<\/b> con filtros ajustables.<\/p>\n<\/li>\n<li>\n<p data-path-to-node=\"3,4,0\"><b data-path-to-node=\"3,4,0\" data-index-in-node=\"0\">Asignaci\u00f3n centralizada de niveles de acceso<\/b> tanto en dispositivos BAS-IP como en equipos de otros fabricantes de ACS.<\/p>\n<\/li>\n<\/ul>\t\t<\/div>\r\n\t\t\r\n\t\t\t\t<h4 class=\"title-logo-block\">Marcas con las que estamos integrados<\/h4>\r\n\t\t\r\n\t\t\r\n\t\t<ul class=\"logo-list\">\r\n\t\t\t\t\t\t<li class=\"logo-item\">\r\n\t\t\t\t\r\n\t\t\t\t<img loading=\"lazy\" decoding=\"async\" width=\"300\" height=\"83\" src=\"https:\/\/bas-ip.com\/wp-content\/uploads\/2022\/11\/inner-range-logo-300x83.png\" class=\"attachment-medium size-medium\" alt=\"\" srcset=\"https:\/\/bas-ip.com\/wp-content\/uploads\/2022\/11\/inner-range-logo-300x83.png 300w,  https:\/\/bas-ip.com\/wp-content\/uploads\/2022\/11\/inner-range-logo-768x212.png 768w,  https:\/\/bas-ip.com\/wp-content\/uploads\/2022\/11\/inner-range-logo-767x212.png 767w,  https:\/\/bas-ip.com\/wp-content\/uploads\/2022\/11\/inner-range-logo.png 836w\" sizes=\"auto, (max-width: 300px) 100vw, 300px\" \/>\r\n\t\t\t\t\r\n\t\t\t<\/li>\r\n\t\t\t\t\t\t<li class=\"logo-item\">\r\n\t\t\t\t\r\n\t\t\t\t<img loading=\"lazy\" decoding=\"async\" width=\"300\" height=\"88\" src=\"https:\/\/bas-ip.com\/wp-content\/uploads\/2022\/11\/u-prox_logo-300x88.png\" class=\"attachment-medium size-medium\" alt=\"\" srcset=\"https:\/\/bas-ip.com\/wp-content\/uploads\/2022\/11\/u-prox_logo-300x88.png 300w,  https:\/\/bas-ip.com\/wp-content\/uploads\/2022\/11\/u-prox_logo.png 674w\" sizes=\"auto, (max-width: 300px) 100vw, 300px\" \/>\r\n\t\t\t\t\r\n\t\t\t<\/li>\r\n\t\t\t\t\t\t<li class=\"logo-item\">\r\n\t\t\t\t\r\n\t\t\t\t<img loading=\"lazy\" decoding=\"async\" width=\"300\" height=\"74\" src=\"https:\/\/bas-ip.com\/wp-content\/uploads\/2022\/11\/galaxy-control-systems-300x74.png\" class=\"attachment-medium size-medium\" alt=\"\" srcset=\"https:\/\/bas-ip.com\/wp-content\/uploads\/2022\/11\/galaxy-control-systems-300x74.png 300w,  https:\/\/bas-ip.com\/wp-content\/uploads\/2022\/11\/galaxy-control-systems-768x190.png 768w,  https:\/\/bas-ip.com\/wp-content\/uploads\/2022\/11\/galaxy-control-systems-767x190.png 767w,  https:\/\/bas-ip.com\/wp-content\/uploads\/2022\/11\/galaxy-control-systems.png 924w\" sizes=\"auto, (max-width: 300px) 100vw, 300px\" \/>\r\n\t\t\t\t\r\n\t\t\t<\/li>\r\n\t\t\t\t\t\t<li class=\"logo-item\">\r\n\t\t\t\t\r\n\t\t\t\t<img loading=\"lazy\" decoding=\"async\" width=\"300\" height=\"120\" src=\"https:\/\/bas-ip.com\/wp-content\/uploads\/2023\/02\/Gallagher-long-300x120.png\" class=\"attachment-medium size-medium\" alt=\"\" srcset=\"https:\/\/bas-ip.com\/wp-content\/uploads\/2023\/02\/Gallagher-long-300x120.png 300w,  https:\/\/bas-ip.com\/wp-content\/uploads\/2023\/02\/Gallagher-long.png 500w\" sizes=\"auto, (max-width: 300px) 100vw, 300px\" \/>\r\n\t\t\t\t\r\n\t\t\t<\/li>\r\n\t\t\t\t\t\t<li class=\"logo-item\">\r\n\t\t\t\t\r\n\t\t\t\t<img loading=\"lazy\" decoding=\"async\" width=\"300\" height=\"62\" src=\"https:\/\/bas-ip.com\/wp-content\/uploads\/2024\/08\/napco_logo-1-300x62.png\" class=\"attachment-medium size-medium\" alt=\"\" srcset=\"https:\/\/bas-ip.com\/wp-content\/uploads\/2024\/08\/napco_logo-1-300x62.png 300w,  https:\/\/bas-ip.com\/wp-content\/uploads\/2024\/08\/napco_logo-1-1024x213.png 1024w,  https:\/\/bas-ip.com\/wp-content\/uploads\/2024\/08\/napco_logo-1-768x160.png 768w,  https:\/\/bas-ip.com\/wp-content\/uploads\/2024\/08\/napco_logo-1-767x159.png 767w,  https:\/\/bas-ip.com\/wp-content\/uploads\/2024\/08\/napco_logo-1.png 1227w\" sizes=\"auto, (max-width: 300px) 100vw, 300px\" \/>\r\n\t\t\t\t\r\n\t\t\t<\/li>\r\n\t\t\t\t\t\t<li class=\"logo-item\">\r\n\t\t\t\t\r\n\t\t\t\t<img loading=\"lazy\" decoding=\"async\" width=\"300\" height=\"48\" src=\"https:\/\/bas-ip.com\/wp-content\/uploads\/2025\/02\/Rosslare_logo_new-300x48.png\" class=\"attachment-medium size-medium\" alt=\"\" srcset=\"https:\/\/bas-ip.com\/wp-content\/uploads\/2025\/02\/Rosslare_logo_new-300x48.png 300w,  https:\/\/bas-ip.com\/wp-content\/uploads\/2025\/02\/Rosslare_logo_new-1024x166.png 1024w,  https:\/\/bas-ip.com\/wp-content\/uploads\/2025\/02\/Rosslare_logo_new-768x124.png 768w,  https:\/\/bas-ip.com\/wp-content\/uploads\/2025\/02\/Rosslare_logo_new-767x124.png 767w,  https:\/\/bas-ip.com\/wp-content\/uploads\/2025\/02\/Rosslare_logo_new.png 1064w\" sizes=\"auto, (max-width: 300px) 100vw, 300px\" \/>\r\n\t\t\t\t\r\n\t\t\t<\/li>\r\n\t\t\t\t\t\t<li class=\"logo-item\">\r\n\t\t\t\t\r\n\t\t\t\t<img loading=\"lazy\" decoding=\"async\" width=\"300\" height=\"162\" src=\"https:\/\/bas-ip.com\/wp-content\/uploads\/2025\/02\/ACTpro-300x162.png\" class=\"attachment-medium size-medium\" alt=\"\" srcset=\"https:\/\/bas-ip.com\/wp-content\/uploads\/2025\/02\/ACTpro-300x162.png 300w,  https:\/\/bas-ip.com\/wp-content\/uploads\/2025\/02\/ACTpro.png 594w\" sizes=\"auto, (max-width: 300px) 100vw, 300px\" \/>\r\n\t\t\t\t\r\n\t\t\t<\/li>\r\n\t\t\t\t\t\t<li class=\"logo-item\">\r\n\t\t\t\t\r\n\t\t\t\t<img loading=\"lazy\" decoding=\"async\" width=\"300\" height=\"175\" src=\"https:\/\/bas-ip.com\/wp-content\/uploads\/2025\/06\/Condo-Control2-300x175.png\" class=\"attachment-medium size-medium\" alt=\"\" srcset=\"https:\/\/bas-ip.com\/wp-content\/uploads\/2025\/06\/Condo-Control2-300x175.png 300w,  https:\/\/bas-ip.com\/wp-content\/uploads\/2025\/06\/Condo-Control2-1024x596.png 1024w,  https:\/\/bas-ip.com\/wp-content\/uploads\/2025\/06\/Condo-Control2-768x447.png 768w,  https:\/\/bas-ip.com\/wp-content\/uploads\/2025\/06\/Condo-Control2-767x447.png 767w,  https:\/\/bas-ip.com\/wp-content\/uploads\/2025\/06\/Condo-Control2.png 1178w\" sizes=\"auto, (max-width: 300px) 100vw, 300px\" \/>\r\n\t\t\t\t\r\n\t\t\t<\/li>\r\n\t\t\t\t\t<\/ul>\r\n\t\t\t<\/div>\r\n<\/section>\r\n<!-- END Block Integrations Text & Image -->\n\n<!-- START Block Integrations Text & Image --><section id=\"block_62968bc905157\" class=\"integrations-text-image-section\">\r\n\t\t<div class=\"image-holder\" data-aos=\"fade-left\">\r\n\t\t<img loading=\"lazy\" decoding=\"async\" width=\"791\" height=\"339\" src=\"https:\/\/bas-ip.com\/wp-content\/uploads\/2022\/09\/2-2.jpg\" class=\"attachment-large size-large\" alt=\"\" srcset=\"https:\/\/bas-ip.com\/wp-content\/uploads\/2022\/09\/2-2.jpg 791w,  https:\/\/bas-ip.com\/wp-content\/uploads\/2022\/09\/2-2-300x129.jpg 300w,  https:\/\/bas-ip.com\/wp-content\/uploads\/2022\/09\/2-2-768x329.jpg 768w,  https:\/\/bas-ip.com\/wp-content\/uploads\/2022\/09\/2-2-767x329.jpg 767w\" sizes=\"auto, (max-width: 791px) 100vw, 791px\" \/>\t<\/div>\r\n\t\r\n\t<div class=\"text-holder\" data-aos=\"fade-right\">\r\n\t\t\t\t<h3 class=\"title-block\">CCTV<\/h3>\r\n\t\t\t\t\t\t<div class=\"text-block\">\r\n\t\t\t<p><a href=\"https:\/\/bas-ip.com\/es\/categoria-de-hardware\/placas-de-videoportero\/\">Los paneles de entrada<\/a> BAS-IP transmiten datos de v\u00eddeo digitalmente, lo que permite la grabaci\u00f3n en un NVR (grabador de v\u00eddeo en red). Este panel trasciende su funci\u00f3n de simple dispositivo de inicio de llamadas dentro de un sistema de intercomunicaci\u00f3n, sirviendo tambi\u00e9n como una c\u00e1mara IP completamente funcional para monitorizaci\u00f3n y grabaci\u00f3n de v\u00eddeo adicionales, facilitando el an\u00e1lisis y las estad\u00edsticas posteriores.<\/p>\n<p>Adem\u00e1s, estos paneles de llamada incorporan un micr\u00f3fono integrado que se puede ajustar para detectar niveles elevados de ruido o gritos, enviando posteriormente una se\u00f1al al NVR. Incluso puede configurar el sistema para que inicie la grabaci\u00f3n a trav\u00e9s de la c\u00e1mara del panel de entrada y varias c\u00e1maras adyacentes al detectar un evento, lo que garantiza una perspectiva completa.<\/p>\t\t<\/div>\r\n\t\t\r\n\t\t\t\t<h4 class=\"title-logo-block\">Marcas con las que estamos integrados<\/h4>\r\n\t\t\r\n\t\t\r\n\t\t<ul class=\"logo-list\">\r\n\t\t\t\t\t\t<li class=\"logo-item\">\r\n\t\t\t\t\r\n\t\t\t\t<img loading=\"lazy\" decoding=\"async\" width=\"300\" height=\"54\" src=\"https:\/\/bas-ip.com\/wp-content\/uploads\/2022\/11\/Hikvision-logo1-300x54.png\" class=\"attachment-medium size-medium\" alt=\"\" srcset=\"https:\/\/bas-ip.com\/wp-content\/uploads\/2022\/11\/Hikvision-logo1-300x54.png 300w,  https:\/\/bas-ip.com\/wp-content\/uploads\/2022\/11\/Hikvision-logo1-768x138.png 768w,  https:\/\/bas-ip.com\/wp-content\/uploads\/2022\/11\/Hikvision-logo1-767x138.png 767w,  https:\/\/bas-ip.com\/wp-content\/uploads\/2022\/11\/Hikvision-logo1.png 900w\" sizes=\"auto, (max-width: 300px) 100vw, 300px\" \/>\r\n\t\t\t\t\r\n\t\t\t<\/li>\r\n\t\t\t\t\t\t<li class=\"logo-item\">\r\n\t\t\t\t\r\n\t\t\t\t<img loading=\"lazy\" decoding=\"async\" width=\"300\" height=\"110\" src=\"https:\/\/bas-ip.com\/wp-content\/uploads\/2022\/11\/axis-logo2-300x110.png\" class=\"attachment-medium size-medium\" alt=\"\" srcset=\"https:\/\/bas-ip.com\/wp-content\/uploads\/2022\/11\/axis-logo2-300x110.png 300w,  https:\/\/bas-ip.com\/wp-content\/uploads\/2022\/11\/axis-logo2-768x283.png 768w,  https:\/\/bas-ip.com\/wp-content\/uploads\/2022\/11\/axis-logo2-767x282.png 767w,  https:\/\/bas-ip.com\/wp-content\/uploads\/2022\/11\/axis-logo2.png 899w\" sizes=\"auto, (max-width: 300px) 100vw, 300px\" \/>\r\n\t\t\t\t\r\n\t\t\t<\/li>\r\n\t\t\t\t\t<\/ul>\r\n\t\t\t<\/div>\r\n<\/section>\r\n<!-- END Block Integrations Text & Image -->\n\n<!-- START Block Integrations Text & Image --><section id=\"block_62968c2505159\" class=\"integrations-text-image-section\">\r\n\t\t<div class=\"image-holder\" data-aos=\"fade-left\">\r\n\t\t<img loading=\"lazy\" decoding=\"async\" width=\"791\" height=\"339\" src=\"https:\/\/bas-ip.com\/wp-content\/uploads\/2022\/09\/3-1.jpg\" class=\"attachment-large size-large\" alt=\"\" srcset=\"https:\/\/bas-ip.com\/wp-content\/uploads\/2022\/09\/3-1.jpg 791w,  https:\/\/bas-ip.com\/wp-content\/uploads\/2022\/09\/3-1-300x129.jpg 300w,  https:\/\/bas-ip.com\/wp-content\/uploads\/2022\/09\/3-1-768x329.jpg 768w,  https:\/\/bas-ip.com\/wp-content\/uploads\/2022\/09\/3-1-767x329.jpg 767w\" sizes=\"auto, (max-width: 791px) 100vw, 791px\" \/>\t<\/div>\r\n\t\r\n\t<div class=\"text-holder\" data-aos=\"fade-right\">\r\n\t\t\t\t<h3 class=\"title-block\">Automatizaci\u00f3n del hogar inteligente<\/h3>\r\n\t\t\t\t\t\t<div class=\"text-block\">\r\n\t\t\t<p><a href=\"https:\/\/bas-ip.com\/es\/categoria-de-hardware\/videoporteros\/\">Los monitores interiores<\/a> BAS-IP no solo funcionan como intercomunicadores, sino tambi\u00e9n como controladores para otros dispositivos inteligentes del hogar. En esencia, nuestro monitor se transforma en un panel de control para un sistema dom\u00e9stico avanzado. Diversas acciones, como la gesti\u00f3n de la iluminaci\u00f3n, la m\u00fasica y la climatizaci\u00f3n, se pueden ejecutar directamente desde el monitor.<\/p>\n<p>Por otro lado, las im\u00e1genes y las llamadas de los paneles exteriores BAS-IP se enrutan directamente a los paneles de control inteligentes preexistentes instalados en el lugar.<\/p>\t\t<\/div>\r\n\t\t\r\n\t\t\t\t<h4 class=\"title-logo-block\">Marcas con las que estamos integrados<\/h4>\r\n\t\t\r\n\t\t\r\n\t\t<ul class=\"logo-list\">\r\n\t\t\t\t\t\t<li class=\"logo-item\">\r\n\t\t\t\t\r\n\t\t\t\t<img loading=\"lazy\" decoding=\"async\" width=\"135\" height=\"40\" src=\"https:\/\/bas-ip.com\/wp-content\/uploads\/2022\/05\/351406-3-1.png\" class=\"attachment-medium size-medium\" alt=\"\" \/>\r\n\t\t\t\t\r\n\t\t\t<\/li>\r\n\t\t\t\t\t<\/ul>\r\n\t\t\t<\/div>\r\n<\/section>\r\n<!-- END Block Integrations Text & Image -->\n\n<!-- START Block Integrations Text & Image --><section id=\"block_65f975e9f18ea\" class=\"integrations-text-image-section\">\r\n\t\t<div class=\"image-holder\" data-aos=\"fade-left\">\r\n\t\t<img loading=\"lazy\" decoding=\"async\" width=\"791\" height=\"339\" src=\"https:\/\/bas-ip.com\/wp-content\/uploads\/2024\/03\/lift.jpg\" class=\"attachment-large size-large\" alt=\"\" srcset=\"https:\/\/bas-ip.com\/wp-content\/uploads\/2024\/03\/lift.jpg 791w,  https:\/\/bas-ip.com\/wp-content\/uploads\/2024\/03\/lift-300x129.jpg 300w,  https:\/\/bas-ip.com\/wp-content\/uploads\/2024\/03\/lift-768x329.jpg 768w,  https:\/\/bas-ip.com\/wp-content\/uploads\/2024\/03\/lift-767x329.jpg 767w\" sizes=\"auto, (max-width: 791px) 100vw, 791px\" \/>\t<\/div>\r\n\t\r\n\t<div class=\"text-holder\" data-aos=\"fade-right\">\r\n\t\t\t\t<h3 class=\"title-block\">Sistema de elevaci\u00f3n<\/h3>\r\n\t\t\t\t\t\t<div class=\"text-block\">\r\n\t\t\t<p data-path-to-node=\"6\">La integraci\u00f3n de los intercomunicadores BAS-IP con los equipos de ascensores proporciona un sistema integral de seguridad y comodidad para los usuarios. Esto permite:<\/p>\n<ul data-path-to-node=\"7\">\n<li>\n<p data-path-to-node=\"7,0,0\"><b data-path-to-node=\"7,0,0\" data-index-in-node=\"0\">Llamar al ascensor<\/b> desde el panel de entrada, utilizando tarjetas RFID, c\u00f3digos PIN, c\u00f3digos QR o datos biom\u00e9tricos.<\/p>\n<\/li>\n<li>\n<p data-path-to-node=\"7,1,0\"><b data-path-to-node=\"7,1,0\" data-index-in-node=\"0\">Restringir el acceso a pisos y ascensores<\/b>, permitiendo la entrada \u00fanicamente a usuarios autorizados.<\/p>\n<\/li>\n<li>\n<p data-path-to-node=\"7,2,0\"><b data-path-to-node=\"7,2,0\" data-index-in-node=\"0\">Mejorar la seguridad<\/b> mediante el monitoreo por video y el control de acceso.<\/p>\n<\/li>\n<li>\n<p data-path-to-node=\"7,3,0\"><b data-path-to-node=\"7,3,0\" data-index-in-node=\"0\">Hacer que la gesti\u00f3n del edificio<\/b> sea m\u00e1s c\u00f3moda y eficiente.<\/p>\n<\/li>\n<\/ul>\t\t<\/div>\r\n\t\t\r\n\t\t\t\t<h4 class=\"title-logo-block\">Marcas con las que estamos integrados<\/h4>\r\n\t\t\r\n\t\t\r\n\t\t<ul class=\"logo-list\">\r\n\t\t\t\t\t\t<li class=\"logo-item\">\r\n\t\t\t\t\r\n\t\t\t\t<img loading=\"lazy\" decoding=\"async\" width=\"300\" height=\"152\" src=\"https:\/\/bas-ip.com\/wp-content\/uploads\/2023\/06\/800px-Kone.svg-300x152.png\" class=\"attachment-medium size-medium\" alt=\"\" srcset=\"https:\/\/bas-ip.com\/wp-content\/uploads\/2023\/06\/800px-Kone.svg-300x152.png 300w,  https:\/\/bas-ip.com\/wp-content\/uploads\/2023\/06\/800px-Kone.svg-768x389.png 768w,  https:\/\/bas-ip.com\/wp-content\/uploads\/2023\/06\/800px-Kone.svg-767x388.png 767w,  https:\/\/bas-ip.com\/wp-content\/uploads\/2023\/06\/800px-Kone.svg.png 800w\" sizes=\"auto, (max-width: 300px) 100vw, 300px\" \/>\r\n\t\t\t\t\r\n\t\t\t<\/li>\r\n\t\t\t\t\t<\/ul>\r\n\t\t\t<\/div>\r\n<\/section>\r\n<!-- END Block Integrations Text & Image -->\n\n<!-- START Block Integrations Text & Image --><section id=\"block_62968c560515a\" class=\"integrations-text-image-section\">\r\n\t\t<div class=\"image-holder\" data-aos=\"fade-left\">\r\n\t\t<img loading=\"lazy\" decoding=\"async\" width=\"791\" height=\"339\" src=\"https:\/\/bas-ip.com\/wp-content\/uploads\/2022\/09\/4.jpg\" class=\"attachment-large size-large\" alt=\"\" srcset=\"https:\/\/bas-ip.com\/wp-content\/uploads\/2022\/09\/4.jpg 791w,  https:\/\/bas-ip.com\/wp-content\/uploads\/2022\/09\/4-300x129.jpg 300w,  https:\/\/bas-ip.com\/wp-content\/uploads\/2022\/09\/4-768x329.jpg 768w,  https:\/\/bas-ip.com\/wp-content\/uploads\/2022\/09\/4-767x329.jpg 767w\" sizes=\"auto, (max-width: 791px) 100vw, 791px\" \/>\t<\/div>\r\n\t\r\n\t<div class=\"text-holder\" data-aos=\"fade-right\">\r\n\t\t\t\t<h3 class=\"title-block\">Microsoft Teams (grabaci\u00f3n en la nube)<\/h3>\r\n\t\t\t\t\t\t<div class=\"text-block\">\r\n\t\t\t<p>Esta integraci\u00f3n permite que el intercomunicador BAS-IP se comunique con la plataforma Microsoft Teams. Los usuarios de Microsoft Teams pueden responder llamadas entrantes del intercomunicador con audio bidireccional y video en vivo, y abrir la puerta a los visitantes.<\/p>\t\t<\/div>\r\n\t\t\r\n\t\t\t\t<h4 class=\"title-logo-block\">Marcas con las que estamos integrados<\/h4>\r\n\t\t\r\n\t\t\r\n\t\t<ul class=\"logo-list\">\r\n\t\t\t\t\t\t<li class=\"logo-item\">\r\n\t\t\t\t\r\n\t\t\t\t<img loading=\"lazy\" decoding=\"async\" width=\"200\" height=\"32\" src=\"https:\/\/bas-ip.com\/wp-content\/uploads\/2022\/05\/cybertwice-logo-1.png\" class=\"attachment-medium size-medium\" alt=\"\" \/>\r\n\t\t\t\t\r\n\t\t\t<\/li>\r\n\t\t\t\t\t<\/ul>\r\n\t\t\t<\/div>\r\n<\/section>\r\n<!-- END Block Integrations Text & Image -->\n\n<!-- START Block Integrations Text & Image --><section id=\"block_62968cd10515b\" class=\"integrations-text-image-section\">\r\n\t\t<div class=\"image-holder\" data-aos=\"fade-left\">\r\n\t\t<img loading=\"lazy\" decoding=\"async\" width=\"791\" height=\"339\" src=\"https:\/\/bas-ip.com\/wp-content\/uploads\/2022\/09\/5.jpg\" class=\"attachment-large size-large\" alt=\"\" srcset=\"https:\/\/bas-ip.com\/wp-content\/uploads\/2022\/09\/5.jpg 791w,  https:\/\/bas-ip.com\/wp-content\/uploads\/2022\/09\/5-300x129.jpg 300w,  https:\/\/bas-ip.com\/wp-content\/uploads\/2022\/09\/5-768x329.jpg 768w,  https:\/\/bas-ip.com\/wp-content\/uploads\/2022\/09\/5-767x329.jpg 767w\" sizes=\"auto, (max-width: 791px) 100vw, 791px\" \/>\t<\/div>\r\n\t\r\n\t<div class=\"text-holder\" data-aos=\"fade-right\">\r\n\t\t\t\t<h3 class=\"title-block\">Plataformas de seguridad<\/h3>\r\n\t\t\t\t\t\t<div class=\"text-block\">\r\n\t\t\t<p>Las plataformas de seguridad combinan videovigilancia IP, control de acceso, sistema de gesti\u00f3n, reconocimiento autom\u00e1tico de matr\u00edculas (ANPR) y herramientas de comunicaci\u00f3n y an\u00e1lisis. Estos sistemas se utilizan en instalaciones extensas, donde es necesario integrar diversos sistemas en un \u00fanico panel para facilitar la monitorizaci\u00f3n.<\/p>\t\t<\/div>\r\n\t\t\r\n\t\t\t\t<h4 class=\"title-logo-block\">Marcas con las que estamos integrados<\/h4>\r\n\t\t\r\n\t\t\r\n\t\t<ul class=\"logo-list\">\r\n\t\t\t\t\t\t<li class=\"logo-item\">\r\n\t\t\t\t\r\n\t\t\t\t<img loading=\"lazy\" decoding=\"async\" width=\"300\" height=\"69\" src=\"https:\/\/bas-ip.com\/wp-content\/uploads\/2025\/02\/Logo_Main-300x69.png\" class=\"attachment-medium size-medium\" alt=\"\" srcset=\"https:\/\/bas-ip.com\/wp-content\/uploads\/2025\/02\/Logo_Main-300x69.png 300w,  https:\/\/bas-ip.com\/wp-content\/uploads\/2025\/02\/Logo_Main-768x177.png 768w,  https:\/\/bas-ip.com\/wp-content\/uploads\/2025\/02\/Logo_Main-767x176.png 767w,  https:\/\/bas-ip.com\/wp-content\/uploads\/2025\/02\/Logo_Main.png 800w\" sizes=\"auto, (max-width: 300px) 100vw, 300px\" \/>\r\n\t\t\t\t\r\n\t\t\t<\/li>\r\n\t\t\t\t\t<\/ul>\r\n\t\t\t<\/div>\r\n<\/section>\r\n<!-- END Block Integrations Text & Image -->\n\n<!-- START Block CTA Banner --><section id=\"block_62968eac884ad\" class=\"cta-banner-section image-positionleft\">\r\n\t        <div class=\"image-holder\" data-aos=\"fade-right\">\r\n\t        <img loading=\"lazy\" decoding=\"async\" width=\"900\" height=\"426\" src=\"https:\/\/bas-ip.com\/wp-content\/uploads\/2022\/05\/Group-36737.svg\" class=\"attachment-large size-large\" alt=\"\" \/>        <\/div>\r\n\t\r\n    <div class=\"text-holder\" data-aos=\"fade-left\">\r\n                    <h2 class=\"title-section\">\u00bfQuieres integrarte? Consulta nuestra API.<\/h2>\r\n                            <div class=\"text-block\">\r\n                <p>Puede contactarnos en <a href=\"mailto:integrations@bas-ip.com\">integrations@bas-ip.com<\/a><\/p>\n            <\/div>\r\n                            <a class=\"btn\" href=\"\/become-integration-partner\/\">\r\n                Convi\u00e9rtete en socio de integraci\u00f3n            <\/a>\r\n            <\/div>\r\n<\/section>\r\n<!-- END Block CTA Banner -->\n\n<!-- START Block FAQ --><section id=\"block_62968eda884ae\" class=\"faq-section\">\r\n\t\t    <h2 class=\"title-section\" data-aos=\"fade-right\">Preguntas frecuentes<\/h2>\r\n\t\t\t    <div class=\"faq-list js-accordion\" data-aos=\"fade-up\">\r\n\t\t\t\t\t\t\t\t\t\t\t    <div class=\"accordion-item faq-item\">\r\n                        <div class=\"accordion-opener\">\r\n                            Q: \u00bfLas integraciones tienen un costo de uso?                            <i class=\"fa-solid fa-chevron-down\"><\/i>\r\n                        <\/div>\r\n                        <div class=\"accordion-slide\">\r\n\t\t\t\t\t\t    <p>No, todas las integraciones BAS-IP son gratuitas.<\/p>\n                        <\/div>\r\n\t\t\t\t\t<\/div>\r\n\t\t\t\t\t\t\t\t\t\t\t\t\t\t\t    <div class=\"accordion-item faq-item\">\r\n                        <div class=\"accordion-opener\">\r\n                            Q: \u00bfC\u00f3mo puedo hacer para que mi integraci\u00f3n aparezca en el directorio oficial?                            <i class=\"fa-solid fa-chevron-down\"><\/i>\r\n                        <\/div>\r\n                        <div class=\"accordion-slide\">\r\n\t\t\t\t\t\t    <p>El directorio de integraciones es una lista seleccionada de las marcas m\u00e1s populares que trabajan con BAS-IP y se gestiona seg\u00fan la demanda de nuestros clientes. No dude en contactarnos si desea aparecer aqu\u00ed.<\/p>\n                        <\/div>\r\n\t\t\t\t\t<\/div>\r\n\t\t\t\t\t\t\t\t\t<\/div>\r\n\t<\/section>\r\n<!-- END Block FAQ -->","protected":false},"excerpt":{"rendered":"","protected":false},"author":1,"featured_media":0,"parent":0,"menu_order":0,"comment_status":"closed","ping_status":"closed","template":"","meta":{"inline_featured_image":false,"footnotes":""},"class_list":["post-29787","page","type-page","status-publish","hentry"],"acf":[],"_links":{"self":[{"href":"https:\/\/bas-ip.com\/es\/wp-json\/wp\/v2\/pages\/29787","targetHints":{"allow":["GET"]}}],"collection":[{"href":"https:\/\/bas-ip.com\/es\/wp-json\/wp\/v2\/pages"}],"about":[{"href":"https:\/\/bas-ip.com\/es\/wp-json\/wp\/v2\/types\/page"}],"author":[{"embeddable":true,"href":"https:\/\/bas-ip.com\/es\/wp-json\/wp\/v2\/users\/1"}],"replies":[{"embeddable":true,"href":"https:\/\/bas-ip.com\/es\/wp-json\/wp\/v2\/comments?post=29787"}],"version-history":[{"count":5,"href":"https:\/\/bas-ip.com\/es\/wp-json\/wp\/v2\/pages\/29787\/revisions"}],"predecessor-version":[{"id":153999,"href":"https:\/\/bas-ip.com\/es\/wp-json\/wp\/v2\/pages\/29787\/revisions\/153999"}],"wp:attachment":[{"href":"https:\/\/bas-ip.com\/es\/wp-json\/wp\/v2\/media?parent=29787"}],"curies":[{"name":"wp","href":"https:\/\/api.w.org\/{rel}","templated":true}]}}