{"id":160291,"date":"2026-02-02T03:51:00","date_gmt":"2026-02-02T03:51:00","guid":{"rendered":"https:\/\/bas-ip.com\/hartman\/"},"modified":"2026-03-25T12:17:32","modified_gmt":"2026-03-25T12:17:32","slug":"hartman","status":"publish","type":"page","link":"https:\/\/bas-ip.com\/es\/hartman\/","title":{"rendered":"Hartman"},"content":{"rendered":"<h2>BAS-IP y Hartman Controls anuncian una integraci\u00f3n para redefinir la gesti\u00f3n de acceso a edificios<\/h2>\n<p><img loading=\"lazy\" decoding=\"async\" class=\"aligncenter size-large wp-image-155099\" src=\"https:\/\/bas-ip.com\/wp-content\/uploads\/2026\/02\/Hartman_logo_n-1024x296.png\" alt=\"\" width=\"900\" height=\"260\" srcset=\"https:\/\/bas-ip.com\/wp-content\/uploads\/2026\/02\/Hartman_logo_n-1024x296.png 1024w,  https:\/\/bas-ip.com\/wp-content\/uploads\/2026\/02\/Hartman_logo_n-300x87.png 300w,  https:\/\/bas-ip.com\/wp-content\/uploads\/2026\/02\/Hartman_logo_n-768x222.png 768w,  https:\/\/bas-ip.com\/wp-content\/uploads\/2026\/02\/Hartman_logo_n-1536x444.png 1536w,  https:\/\/bas-ip.com\/wp-content\/uploads\/2026\/02\/Hartman_logo_n-2048x592.png 2048w,  https:\/\/bas-ip.com\/wp-content\/uploads\/2026\/02\/Hartman_logo_n-1920x555.png 1920w,  https:\/\/bas-ip.com\/wp-content\/uploads\/2026\/02\/Hartman_logo_n-767x222.png 767w,  https:\/\/bas-ip.com\/wp-content\/uploads\/2026\/02\/Hartman_logo_n-1534x443.png 1534w\" sizes=\"auto, (max-width: 900px) 100vw, 900px\" \/><\/p>\n<p data-path-to-node=\"1\"><strong>BAS-IP, desarrollador l\u00edder de sistemas de intercomunicaci\u00f3n IP, y Hartman Controls, l\u00edder en plataformas integradas de control de acceso, han anunciado una integraci\u00f3n estrat\u00e9gica. Esta alianza combina los avanzados paneles de entrada de BAS-IP con el ecosistema Odyssey, proporcionando una soluci\u00f3n unificada y escalable para edificios residenciales y comerciales modernos.<\/strong><\/p>\n<p data-path-to-node=\"2\">El n\u00facleo de esta integraci\u00f3n es la coordinaci\u00f3n fluida entre el hardware de <strong>BAS-IP y la plataforma<\/strong> Odyssey. Al aprovechar la comunicaci\u00f3n basada en SIP y la API abierta de BAS-IP, los sistemas trabajan al un\u00edsono para gestionar credenciales, comunicaci\u00f3n y seguridad desde una \u00fanica interfaz centralizada.<\/p>\n<p data-path-to-node=\"3\">El sistema Odyssey funciona como el centro de gesti\u00f3n principal. Los operadores de seguridad pueden gestionar residentes, puertas y permisos, mientras que la plataforma BAS-IP Link garantiza que todos los datos de configuraci\u00f3n \u2014incluidos los par\u00e1metros SIP y los directorios de contactos\u2014 se sincronicen autom\u00e1ticamente en toda la infraestructura de intercomunicaci\u00f3n.<\/p>\n<h3 data-path-to-node=\"4\">Principales beneficios:<\/h3>\n<ul>\n<li data-path-to-node=\"5,0,0\"><b data-path-to-node=\"5,0,0\" data-index-in-node=\"0\">Gesti\u00f3n centralizada:<\/b> Control unificado de accesos, intercomunicadores y v\u00eddeo dentro del ecosistema Odyssey.<\/li>\n<li data-path-to-node=\"5,1,0\"><b data-path-to-node=\"5,1,0\" data-index-in-node=\"0\">Movilidad mejorada:<\/b> Los residentes y el personal pueden recibir llamadas de intercomunicaci\u00f3n a trav\u00e9s de las aplicaciones m\u00f3viles HC-Key y HC-Admin.<\/li>\n<li data-path-to-node=\"5,2,0\"><b data-path-to-node=\"5,2,0\" data-index-in-node=\"0\">Sincronizaci\u00f3n automatizada:<\/b> Sincronizaci\u00f3n en tiempo real de agendas de contactos y ajustes SIP mediante la API abierta de BAS-IP.<\/li>\n<li data-path-to-node=\"5,3,0\"><b data-path-to-node=\"5,3,0\" data-index-in-node=\"0\">Arquitectura escalable:<\/b> Una soluci\u00f3n preparada para el futuro, adecuada para proyectos de viviendas m\u00faltiples, comerciales y de uso mixto.<\/li>\n<\/ul>\n<h3 data-path-to-node=\"6\">C\u00f3mo funciona la integraci\u00f3n:<\/h3>\n<ol>\n<li data-path-to-node=\"7,0,0\"><b data-path-to-node=\"7,0,0\" data-index-in-node=\"0\">Registro:<\/b> El administrador gestiona las credenciales y los datos de los residentes dentro de la plataforma Hartman Odyssey.<\/li>\n<li data-path-to-node=\"7,1,0\"><b data-path-to-node=\"7,1,0\" data-index-in-node=\"0\">Sincronizaci\u00f3n:<\/b> Utilizando la API abierta de BAS-IP, Odyssey sincroniza las cuentas SIP y los directorios de contactos directamente en los paneles de entrada.<\/li>\n<li data-path-to-node=\"7,2,0\"><b data-path-to-node=\"7,2,0\" data-index-in-node=\"0\">Llamada:<\/b> Un visitante selecciona un nombre del directorio del panel BAS-IP. La llamada se enruta a trav\u00e9s de la infraestructura SIP de Odyssey.<\/li>\n<li data-path-to-node=\"7,3,0\"><b data-path-to-node=\"7,3,0\" data-index-in-node=\"0\">Comunicaci\u00f3n:<\/b> Los residentes u operadores reciben la llamada en la aplicaci\u00f3n m\u00f3vil HC-Key, el software de escritorio Odyssey o estaciones de trabajo fijas.<\/li>\n<li data-path-to-node=\"7,4,0\"><b data-path-to-node=\"7,4,0\" data-index-in-node=\"0\">Acceso:<\/b> La puerta se desbloquea de forma remota a trav\u00e9s de la interfaz integrada de Odyssey, manteniendo un registro seguro de todas las operaciones.<\/li>\n<\/ol>\n<p data-path-to-node=\"8\">Esta integraci\u00f3n elimina el problema de los \u00absistemas fragmentados\u00bb, sustituyendo los componentes independientes por un entorno cohesivo que reduce el tiempo de puesta en marcha para los integradores y mejora la experiencia diaria de los ocupantes del edificio.<\/p>\n\n<!-- START Block Sign Up --><section id=\"block_629678229e935\" class=\"sign-up-section\">\r\n\r\n    <div class=\"form-holder js-form\" data-aos=\"fade-right\">\r\n                    <div class=\"title-block h3\">Sign up for connection<\/div>\r\n        \r\n                    <div class=\"text-block\">\r\n                Filling out all the information needed to answer you as quickly as possible            <\/div>\r\n        \r\n                    \n<div class=\"wpcf7 no-js\" id=\"wpcf7-f102-o1\" lang=\"en-US\" dir=\"ltr\">\n<div class=\"screen-reader-response\"><p role=\"status\" aria-live=\"polite\" aria-atomic=\"true\"><\/p> <ul><\/ul><\/div>\n<form action=\"\/es\/wp-json\/wp\/v2\/pages\/160291#wpcf7-f102-o1\" method=\"post\" class=\"wpcf7-form init\" aria-label=\"Contact form\" enctype=\"multipart\/form-data\" novalidate=\"novalidate\" data-status=\"init\">\n<div style=\"display: none;\">\n<input type=\"hidden\" name=\"_wpcf7\" value=\"102\" \/>\n<input type=\"hidden\" name=\"_wpcf7_version\" value=\"5.8.3\" \/>\n<input type=\"hidden\" name=\"_wpcf7_locale\" value=\"en_US\" \/>\n<input type=\"hidden\" name=\"_wpcf7_unit_tag\" value=\"wpcf7-f102-o1\" \/>\n<input type=\"hidden\" name=\"_wpcf7_container_post\" value=\"0\" \/>\n<input type=\"hidden\" name=\"_wpcf7_posted_data_hash\" value=\"\" \/>\n<input type=\"hidden\" name=\"_wpcf7_recaptcha_response\" value=\"\" \/>\n<\/div>\n<div class=\"row\"> \n <label><span class=\"label-text\">Name<\/span> \n  <span class=\"wpcf7-form-control-wrap\" data-name=\"text-full-name\"><input size=\"40\" class=\"wpcf7-form-control wpcf7-text wpcf7-validates-as-required\" aria-required=\"true\" aria-invalid=\"false\" placeholder=\"Name\" value=\"\" type=\"text\" name=\"text-full-name\" \/><\/span><\/label> \n<\/div> \n<div class=\"row\"> \n <label><span class=\"label-text\">Phone*<\/span> \n<span class=\"wpcf7-form-control-wrap\" data-name=\"phonetext-270\"><input size=\"40\" class=\"wpcf7-form-control wpcf7-phonetext wpcf7-validates-as-required wpcf7-text wpcf7-validates-as-phonetext\" aria-required=\"true\" aria-invalid=\"false\" placeholder=\"Phone*\" value=\"\" type=\"text\" name=\"phonetext-270\" \/><input type=\"hidden\" name=\"phonetext-270-country-code\" class=\"wpcf7-phonetext-country-code\" \/><\/span><\/label> \n<\/div> \n<div class=\"row\"> \n <label><span class=\"label-text\">E-mail<\/span> \n  <span class=\"wpcf7-form-control-wrap\" data-name=\"email-e-mail\"><input size=\"40\" class=\"wpcf7-form-control wpcf7-email wpcf7-validates-as-required wpcf7-text wpcf7-validates-as-email\" aria-required=\"true\" aria-invalid=\"false\" placeholder=\"E-mail\" value=\"\" type=\"email\" name=\"email-e-mail\" \/><\/span><\/label> \n<\/div> \n<div class=\"row\"><span>Your country<\/span> \n <label><span class=\"wpcf7-form-control-wrap\" data-name=\"countrytext-126\"><input size=\"40\" class=\"wpcf7-form-control wpcf7-countrytext wpcf7-text wpcf7-validates-as-countrytext\" aria-invalid=\"false\" value=\"\" type=\"text\" name=\"countrytext-126\" \/><\/span> <\/label>\n<\/div> \n<div class=\"row\"> \n <button type=\"submit\" class=\"btn\">Send<\/button> \n<\/div> \n<div class=\"row\"> \n <span class=\"wpcf7-form-control-wrap\" data-name=\"checkbox-931\"><span class=\"wpcf7-form-control wpcf7-checkbox\"><span class=\"wpcf7-list-item first\"><label><input type=\"checkbox\" name=\"checkbox-931[]\" value=\"Integrator\" \/><span class=\"wpcf7-list-item-label\">Integrator<\/span><\/label><\/span><span class=\"wpcf7-list-item\"><label><input type=\"checkbox\" name=\"checkbox-931[]\" value=\"Builder\" \/><span class=\"wpcf7-list-item-label\">Builder<\/span><\/label><\/span><span class=\"wpcf7-list-item last\"><label><input type=\"checkbox\" name=\"checkbox-931[]\" value=\"End-User\" \/><span class=\"wpcf7-list-item-label\">End-User<\/span><\/label><\/span><\/span><\/span> \n<\/div> \n<div class=\"row row-upload-file\"> \n <label class=\"upload-file-block js-upload-file\">Attach file \n  <span class=\"wpcf7-form-control-wrap\" data-name=\"file-466\"><input size=\"40\" class=\"wpcf7-form-control wpcf7-file\" accept=\"audio\/*,video\/*,image\/*\" aria-invalid=\"false\" type=\"file\" name=\"file-466\" \/><\/span><\/label> \n<\/div><input type='hidden' class='wpcf7-pum' value='{\"closepopup\":false,\"closedelay\":0,\"openpopup\":false,\"openpopup_id\":0}' \/><div class=\"wpcf7-response-output\" aria-hidden=\"true\"><\/div>\n<\/form>\n<\/div>\n            <\/div>\r\n\r\n\t\t    <div class=\"text-holder\" data-aos=\"fade-left\">\r\n\t\t\t\t\t\t    <h3 class=\"title-block\">How Can We Help?<\/h3>\r\n\t\t\t\r\n\t\t\t                <div class=\"text-block\">\r\n                    Please select a topic below related to your inquiry. If you don&#8217;t find what you need, fill out our contact form.                <\/div>\r\n\t\t\t\r\n\t\t\t\t\t\t    <ul class=\"link-list\">\r\n\t\t\t\t\t\t\t\t\t\t\t\t\t\t\t\t\t\t<li>\r\n\t\t\t\t\t\t\t\t\t\t\t\t\t\t\t\t    <strong>Get Inspired<\/strong>\r\n\t\t\t\t\t\t\t\t\t\t\t\t\t\t\t\t\t\t\t\t\t\t\t\t    <a href=\"\/features\/\">\r\n\t\t\t\t\t\t\t\t        Discover what&#8217;s beneath our intercom\t\t\t\t\t\t\t\t    <\/a>\r\n\t\t\t\t\t\t\t\t\t\t\t\t\t\t\t<\/li>\r\n\t\t\t\t\t\t\t\t\t\t\t\t\t\t\t\t\t\t\t\t\t\t\t\t<li>\r\n\t\t\t\t\t\t\t\t\t\t\t\t\t\t\t\t    <strong>Become a Partner<\/strong>\r\n\t\t\t\t\t\t\t\t\t\t\t\t\t\t\t\t\t\t\t\t\t\t\t\t    <a href=\"\/distributors\/\">\r\n\t\t\t\t\t\t\t\t        Expand your business with BAS-IP intercom\t\t\t\t\t\t\t\t    <\/a>\r\n\t\t\t\t\t\t\t\t\t\t\t\t\t\t\t<\/li>\r\n\t\t\t\t\t\t\t\t\t\t\t\t\t\t\t\t\t\t\t\t\t\t\t\t<li>\r\n\t\t\t\t\t\t\t\t\t\t\t\t\t\t\t\t    <strong>Check the Guides<\/strong>\r\n\t\t\t\t\t\t\t\t\t\t\t\t\t\t\t\t\t\t\t\t\t\t\t\t    <a href=\"\/support\/\">\r\n\t\t\t\t\t\t\t\t        Download detailed manuals and schemes\t\t\t\t\t\t\t\t    <\/a>\r\n\t\t\t\t\t\t\t\t\t\t\t\t\t\t\t<\/li>\r\n\t\t\t\t\t\t\t\t\t\t\t\t\t\t\t<\/ul>\r\n\t\t\t\r\n\t\t\t\t\t\t    <h3 class=\"title-block\">Our contacts<\/h3>\r\n\t\t\t\r\n\t\t\t\t\t\t\t<ul class=\"contact-list\">\r\n\t\t\t\t\t\t\t\t\t\t\t\t\t\t\t\t\t\t<li>\r\n\t\t\t\t\t\t\t\t\t\t\t\t\t\t\t\t\t<strong>Sales:<\/strong>\r\n\t\t\t\t\t\t\t\t\t\t\t\t\t\t\t\t\t\t\t\t\t\t\t\t    <a href=\"mailto:s&#97;le&#115;&#64;bas&#45;ip.&#99;om\">s&#97;&#108;&#101;s&#64;bas&#45;&#105;p&#46;c&#111;&#109;<\/a>\r\n\t\t\t\t\t\t\t\t\t\t\t\t\t\t\t<\/li>\r\n\t\t\t\t\t\t\t\t\t\t\t\t\t\t\t\t\t\t\t\t\t\t\t\t<li>\r\n\t\t\t\t\t\t\t\t\t\t\t\t\t\t\t\t\t<strong>Technical support:<\/strong>\r\n\t\t\t\t\t\t\t\t\t\t\t\t\t\t\t\t\t\t\t\t\t\t\t\t    <a href=\"mailto:su&#112;&#112;&#111;r&#116;&#64;&#98;&#97;s&#45;&#105;p.c&#111;m\">&#115;u&#112;p&#111;&#114;t&#64;ba&#115;&#45;&#105;p&#46;&#99;om<\/a>\r\n\t\t\t\t\t\t\t\t\t\t\t\t\t\t\t<\/li>\r\n\t\t\t\t\t\t\t\t\t\t\t\t\t\t\t<\/ul>\r\n\t\t\t\t\t<\/div>\r\n\t<\/section>\r\n\r\n\r\n\r\n<!-- END Block Sign Up -->\n\n\n<p><\/p>","protected":false},"excerpt":{"rendered":"<p>BAS-IP y Hartman Controls anuncian una integraci\u00f3n para redefinir la gesti\u00f3n de acceso a edificios BAS-IP, desarrollador l\u00edder de sistemas de intercomunicaci\u00f3n IP, y Hartman Controls, l\u00edder en plataformas integradas de control de acceso, han anunciado una integraci\u00f3n estrat\u00e9gica. Esta alianza combina los avanzados paneles de entrada de BAS-IP con el ecosistema Odyssey, proporcionando una [&hellip;]<\/p>","protected":false},"author":1,"featured_media":0,"parent":0,"menu_order":0,"comment_status":"closed","ping_status":"closed","template":"page-custom-breadcrumbs.php","meta":{"inline_featured_image":false,"footnotes":""},"class_list":["post-160291","page","type-page","status-publish","hentry"],"acf":[],"_links":{"self":[{"href":"https:\/\/bas-ip.com\/es\/wp-json\/wp\/v2\/pages\/160291","targetHints":{"allow":["GET"]}}],"collection":[{"href":"https:\/\/bas-ip.com\/es\/wp-json\/wp\/v2\/pages"}],"about":[{"href":"https:\/\/bas-ip.com\/es\/wp-json\/wp\/v2\/types\/page"}],"author":[{"embeddable":true,"href":"https:\/\/bas-ip.com\/es\/wp-json\/wp\/v2\/users\/1"}],"replies":[{"embeddable":true,"href":"https:\/\/bas-ip.com\/es\/wp-json\/wp\/v2\/comments?post=160291"}],"version-history":[{"count":2,"href":"https:\/\/bas-ip.com\/es\/wp-json\/wp\/v2\/pages\/160291\/revisions"}],"predecessor-version":[{"id":160344,"href":"https:\/\/bas-ip.com\/es\/wp-json\/wp\/v2\/pages\/160291\/revisions\/160344"}],"wp:attachment":[{"href":"https:\/\/bas-ip.com\/es\/wp-json\/wp\/v2\/media?parent=160291"}],"curies":[{"name":"wp","href":"https:\/\/api.w.org\/{rel}","templated":true}]}}