{"id":151771,"date":"2025-09-24T10:20:27","date_gmt":"2025-09-24T10:20:27","guid":{"rendered":"https:\/\/bas-ip.com\/warranty-policy-global-south\/"},"modified":"2025-12-03T14:32:25","modified_gmt":"2025-12-03T14:32:25","slug":"warranty-policy-global-south","status":"publish","type":"page","link":"https:\/\/bas-ip.com\/es\/warranty-policy-global-south\/","title":{"rendered":"Pol\u00edtica de Garant\u00eda (Sur Global)"},"content":{"rendered":"<div id=\"model-response-message-contentr_a9cd69937d94151d\" class=\"markdown markdown-main-panel stronger enable-updated-hr-color\" dir=\"ltr\" aria-live=\"polite\" aria-busy=\"false\">\n<p data-path-to-node=\"2\">Est\u00e1 en vigor una pol\u00edtica de sustituci\u00f3n de las piezas en garant\u00eda de los dispositivos por <b>m\u00f3dulos completos ensamblados<\/b>.<\/p>\n<p data-path-to-node=\"3\">Seg\u00fan los datos estad\u00edsticos sobre solicitudes de servicio, la mayor\u00eda de los problemas pueden resolverse de forma remota mediante actualizaciones de <i>firmware<\/i> o reconfiguraci\u00f3n del dispositivo. Para intentar resolver su problema de forma remota, p\u00f3ngase en contacto con nosotros a trav\u00e9s de los siguientes canales de comunicaci\u00f3n:<\/p>\n<p data-path-to-node=\"4,0,0\"><b>WhatsApp:<\/b> <a class=\"ng-star-inserted\" href=\"https:\/\/wa.me\/message\/TQPHTSMDUD6UE1\" target=\"_blank\" rel=\"noopener\" data-hveid=\"0\" data-ved=\"0CAAQ_4QMahgKEwiI69i1yqGRAxUAAAAAHQAAAAAQmAI\">https:\/\/wa.me\/message\/TQPHTSMDUD6UE1<\/a><\/p>\n<p data-path-to-node=\"4,1,0\"><b>Telegram:<\/b> <a class=\"ng-star-inserted\" href=\"https:\/\/t.me\/bas_ip_international_support_bot\" target=\"_blank\" rel=\"noopener\" data-hveid=\"0\" data-ved=\"0CAAQ_4QMahgKEwiI69i1yqGRAxUAAAAAHQAAAAAQmQI\">https:\/\/t.me\/bas_ip_international_support_bot<\/a><\/p>\n<p data-path-to-node=\"4,2,0\"><b>Correo electr\u00f3nico (Email):<\/b> <a href=\"mailto:support@bas-ip.com\">support@bas-ip.com<\/a><\/p>\n<p data-path-to-node=\"4,3,0\"><b>Horario de trabajo:<\/b> De lunes a viernes, 06:00\u201322:00 (GMT)<\/p>\n<p data-path-to-node=\"6\">Si su problema no puede resolverse de forma remota, siga el procedimiento que se describe a continuaci\u00f3n:<\/p>\n<p data-path-to-node=\"7\">Le rogamos que prepare con antelaci\u00f3n la informaci\u00f3n relativa a la <b>fecha de compra<\/b> y la <b>empresa asociada<\/b> a la que compr\u00f3 el producto.<\/p>\n<p data-path-to-node=\"8,0,0\">&#8211; A solicitud suya, nuestros especialistas requerir\u00e1n <b>toda la informaci\u00f3n necesaria<\/b> (modelo del dispositivo, n\u00famero de serie, motivo de la reclamaci\u00f3n, fecha de compra, posibles quejas, fotograf\u00edas) para iniciar el procedimiento de env\u00edo de m\u00f3dulos completamente ensamblados.<\/p>\n<p data-path-to-node=\"8,1,0\">&#8211; Una vez que se haya analizado toda la informaci\u00f3n proporcionada, se le contactar\u00e1 a trav\u00e9s de los datos de contacto que haya facilitado y se le <b>informar\u00e1 de la decisi\u00f3n tomada y de los pasos subsiguientes<\/b> que se deben seguir para el env\u00edo de los m\u00f3dulos completamente ensamblados.<\/p>\n<p data-path-to-node=\"8,2,0\">&#8211; En caso de env\u00edo de m\u00f3dulos completamente ensamblados, <b>el env\u00edo se llevar\u00e1 a cabo desde la empresa asociada<\/b> a la que compr\u00f3 el dispositivo.<\/p>\n<p data-path-to-node=\"10\"><strong>El per\u00edodo de garant\u00eda del producto es de treinta y seis (36) meses a partir de la fecha de venta.<\/strong><\/p>\n<p data-path-to-node=\"11,0,0\">&#8211; El transporte de los dispositivos debe realizarse en el <b>embalaje original<\/b> suministrado por el vendedor o en embalajes con <b>caracter\u00edsticas de protecci\u00f3n y operativas equivalentes<\/b>.<\/p>\n<p data-path-to-node=\"11,1,0\">&#8211; Una <b>garant\u00eda limitada de doce (12) meses<\/b> a partir de la fecha de venta se aplica a varios tipos de soportes de montaje, incluidos soportes empotrados, de superficie, de escritorio, viseras para lluvia y sol, y esquinas giratorias.<\/p>\n<p data-path-to-node=\"11,2,0\">&#8211; Estas condiciones de garant\u00eda son <b>complementarias<\/b> a los derechos constitucionales y otros derechos del consumidor aplicables en el pa\u00eds de residencia del consumidor y <b>no limitan en modo alguno<\/b> dichos derechos.<\/p>\n<h2 data-path-to-node=\"13\">Condiciones de Garant\u00eda<\/h2>\n<ol>\n<li data-path-to-node=\"14\">Al presentar un reclamo de RMA a BAS-IP, es necesario proporcionar informaci\u00f3n detallada sobre el modelo exacto del dispositivo, incluyendo su color, el n\u00famero de serie del dispositivo, la fecha de compra y el reclamo con una descripci\u00f3n completa y precisa del problema que da lugar al RMA.<\/li>\n<li data-path-to-node=\"15\">La entrega a BAS-IP o a su Centro de Servicio es responsabilidad y a expensas del comprador.<\/li>\n<li data-path-to-node=\"16\">El servicio de garant\u00eda se proporciona \u00fanicamente dentro del per\u00edodo de garant\u00eda especificado en esta pol\u00edtica de garant\u00eda.<\/li>\n<li data-path-to-node=\"17\">El tiempo dedicado a la restauraci\u00f3n de la operatividad del dispositivo se a\u00f1adir\u00e1 al per\u00edodo de garant\u00eda establecido en esta pol\u00edtica de garant\u00eda.<\/li>\n<\/ol>\n<h2 data-path-to-node=\"19\">Violaci\u00f3n de las Condiciones de Garant\u00eda<\/h2>\n<ol>\n<li data-path-to-node=\"20\">Estas condiciones de garant\u00eda ser\u00e1n nulas si los n\u00fameros est\u00e1ndar o de serie del producto son alterados, borrados, eliminados o ilegibles.<\/li>\n<li data-path-to-node=\"21\">Las disposiciones de la garant\u00eda ser\u00e1n invalidadas en caso de cualquier modificaci\u00f3n, adaptaci\u00f3n o alteraci\u00f3n del producto destinada a mejorar o extender el alcance normal de uso especificado en el manual del usuario.<\/li>\n<li data-path-to-node=\"22\">La garant\u00eda ser\u00e1 nula si el producto se utiliza contrariamente a su finalidad prevista o de una manera inconsistente con las instrucciones de uso y mantenimiento.<\/li>\n<li data-path-to-node=\"23\">La cobertura de la garant\u00eda se perder\u00e1 si objetos extra\u00f1os, sustancias, l\u00edquidos, vapores, gases corrosivos o insectos se infiltran en las partes internas o externas del producto, ya sea accidental o intencionalmente.<\/li>\n<li data-path-to-node=\"24\">La garant\u00eda ser\u00e1 nula en casos de conexi\u00f3n inadecuada del producto a otros sistemas o instalaci\u00f3n y montaje incorrectos.<\/li>\n<li data-path-to-node=\"25\">Esta garant\u00eda no se extiende a defectos o da\u00f1os incurridos por cualquier sistema en el que el producto haya sido integrado o utilizado conjuntamente.<\/li>\n<li data-path-to-node=\"26\">La garant\u00eda se considerar\u00e1 inv\u00e1lida y nula si el producto presenta da\u00f1os mec\u00e1nicos, astillas, abolladuras, grietas, signos de manipulaci\u00f3n o defectos similares.<\/li>\n<li data-path-to-node=\"27\">La garant\u00eda no cubre productos da\u00f1ados debido al incumplimiento de las normas aplicables en el pa\u00eds de operaci\u00f3n, incluidos problemas relacionados con par\u00e1metros de suministro el\u00e9ctrico, telecomunicaciones, redes de cableado u otros factores externos.<\/li>\n<li data-path-to-node=\"28\">La cobertura de la garant\u00eda excluye los da\u00f1os resultantes de factores externos como desastres naturales, guerra, incendio, inundaciones, rayos, tormentas, fluctuaciones de voltaje u otras causas fuera del control del fabricante.<\/li>\n<li data-path-to-node=\"29\">La garant\u00eda ser\u00e1 nula si los intentos de reparaci\u00f3n o modificaci\u00f3n son realizados por centros de servicio no autorizados o personas\/organizaciones que carecen de autoridad legal para realizar dichas reparaciones o modificaciones.<\/li>\n<li data-path-to-node=\"30\">Estas condiciones de garant\u00eda no se aplican a los accesorios (incluyendo, entre otros, bater\u00edas, fuentes de alimentaci\u00f3n externas, cables de conexi\u00f3n, llaveros, tarjetas, identificadores) ni a las partes del producto sujetas a desgaste normal.<\/li>\n<\/ol>\n<\/div>","protected":false},"excerpt":{"rendered":"<p>Est\u00e1 en vigor una pol\u00edtica de sustituci\u00f3n de las piezas en garant\u00eda de los dispositivos por m\u00f3dulos completos ensamblados. Seg\u00fan los datos estad\u00edsticos sobre solicitudes de servicio, la mayor\u00eda de los problemas pueden resolverse de forma remota mediante actualizaciones de firmware o reconfiguraci\u00f3n del dispositivo. Para intentar resolver su problema de forma remota, p\u00f3ngase en [&hellip;]<\/p>","protected":false},"author":1,"featured_media":0,"parent":0,"menu_order":0,"comment_status":"closed","ping_status":"closed","template":"","meta":{"inline_featured_image":false,"footnotes":""},"class_list":["post-151771","page","type-page","status-publish","hentry"],"acf":[],"_links":{"self":[{"href":"https:\/\/bas-ip.com\/es\/wp-json\/wp\/v2\/pages\/151771","targetHints":{"allow":["GET"]}}],"collection":[{"href":"https:\/\/bas-ip.com\/es\/wp-json\/wp\/v2\/pages"}],"about":[{"href":"https:\/\/bas-ip.com\/es\/wp-json\/wp\/v2\/types\/page"}],"author":[{"embeddable":true,"href":"https:\/\/bas-ip.com\/es\/wp-json\/wp\/v2\/users\/1"}],"replies":[{"embeddable":true,"href":"https:\/\/bas-ip.com\/es\/wp-json\/wp\/v2\/comments?post=151771"}],"version-history":[{"count":2,"href":"https:\/\/bas-ip.com\/es\/wp-json\/wp\/v2\/pages\/151771\/revisions"}],"predecessor-version":[{"id":151836,"href":"https:\/\/bas-ip.com\/es\/wp-json\/wp\/v2\/pages\/151771\/revisions\/151836"}],"wp:attachment":[{"href":"https:\/\/bas-ip.com\/es\/wp-json\/wp\/v2\/media?parent=151771"}],"curies":[{"name":"wp","href":"https:\/\/api.w.org\/{rel}","templated":true}]}}