{"id":151558,"date":"2025-09-24T10:12:14","date_gmt":"2025-09-24T10:12:14","guid":{"rendered":"https:\/\/bas-ip.com\/warranty-policy-north-america\/"},"modified":"2025-12-02T13:47:13","modified_gmt":"2025-12-02T13:47:13","slug":"warranty-policy-north-america","status":"publish","type":"page","link":"https:\/\/bas-ip.com\/es\/warranty-policy-north-america\/","title":{"rendered":"Pol\u00edtica de Garant\u00eda (Am\u00e9rica del Norte)"},"content":{"rendered":"<p data-path-to-node=\"2\"><span class=\"\">Las condiciones de servicio al cliente difieren y dependen de la regi\u00f3n geogr\u00e1fica en la que se encuentran y operan nuestros clientes.<\/span><span class=\"\"> En consecuencia,<\/span><span class=\"\"> las pol\u00edticas y obligaciones de garant\u00eda tambi\u00e9n pueden presentar ligeras variaciones dependiendo de la ubicaci\u00f3n y el contexto operativo del cliente.<\/span><span class=\"\"> Para la correcta prestaci\u00f3n de los servicios,<\/span><span class=\"\"> por favor,<\/span><span class=\"\"> proceda seleccionando la regi\u00f3n en la que se encuentra actualmente.<\/span><\/p>\n<p data-path-to-node=\"3\"><span class=\"\">Est\u00e1 en vigor una pol\u00edtica de sustituci\u00f3n de dispositivos en garant\u00eda y de reemplazo de piezas de dispositivos por m\u00f3dulos completos ensamblados.<\/span><\/p>\n<p data-path-to-node=\"4\"><span class=\"\">De acuerdo con los datos estad\u00edsticos sobre solicitudes de servicio,<\/span> <b class=\"\">la mayor\u00eda de los problemas encontrados se pueden resolver de forma remota<\/b><span class=\"\"> a trav\u00e9s de actualizaciones de firmware o reconfiguraci\u00f3n del dispositivo.<\/span><span class=\"\"> Para intentar resolver su problema de forma remota,<\/span><span class=\"\"> p\u00f3ngase en contacto con nosotros a trav\u00e9s de los siguientes canales de comunicaci\u00f3n:<\/span><\/p>\n<p data-path-to-node=\"5,0,0\"><b class=\"\">WhatsApp:<\/b> <a class=\"ng-star-inserted\" href=\"https:\/\/wa.me\/message\/TQPHTSMDUD6UE1\" target=\"_blank\" rel=\"noopener\" data-hveid=\"0\" data-ved=\"0CAAQ_4QMahcKEwj1lqnJ_56RAxUAAAAAHQAAAAAQdQ\">https:\/\/wa.me\/message\/TQPHTSMDUD6UE1<\/a><\/p>\n<p data-path-to-node=\"5,1,0\"><b class=\"\">Telegram:<\/b> <a class=\"ng-star-inserted\" href=\"https:\/\/t.me\/bas_ip_international_support_bot\" target=\"_blank\" rel=\"noopener\" data-hveid=\"0\" data-ved=\"0CAAQ_4QMahcKEwj1lqnJ_56RAxUAAAAAHQAAAAAQdg\">https:\/\/t.me\/bas_ip_international_support_bot<\/a><\/p>\n<p data-path-to-node=\"5,2,0\"><b class=\"\">Correo electr\u00f3nico:<\/b><a href=\"mailto:support@bas-ip.com\"><span class=\"\"> support@bas-ip.<\/span><span class=\"\">com<\/span><\/a><\/p>\n<p data-path-to-node=\"5,3,0\"><b class=\"\">Horario de trabajo:<\/b><span class=\"\"> Lunes a Viernes,<\/span><span class=\"\"> 06:<\/span><span class=\"\">00\u201322:<\/span><span class=\"\">00 (GMT)<\/span><\/p>\n<p data-path-to-node=\"6\"><span class=\"\">Si su problema no puede resolverse de forma remota,<\/span><span class=\"\"> siga el siguiente procedimiento:<\/span><\/p>\n<p data-path-to-node=\"7,0,0\"><b class=\"\">Tenga a bien preparar con antelaci\u00f3n la informaci\u00f3n<\/b><span class=\"\"> relativa a la fecha de compra y los detalles del socio al que se le adquiri\u00f3 el producto.<\/span><\/p>\n<p data-path-to-node=\"7,1,0\"><span class=\"\">&#8211; A petici\u00f3n suya,<\/span><span class=\"\"> nuestros especialistas requerir\u00e1n toda la informaci\u00f3n necesaria (modelo del dispositivo,<\/span><span class=\"\"> n\u00famero de serie,<\/span><span class=\"\"> motivo de la reclamaci\u00f3n,<\/span><span class=\"\"> fecha de compra,<\/span><span class=\"\"> posibles quejas,<\/span><span class=\"\"> fotograf\u00edas) para iniciar el procedimiento de sustituci\u00f3n o el env\u00edo de m\u00f3dulos completamente ensamblados.<\/span><\/p>\n<p data-path-to-node=\"7,2,0\"><span class=\"\">&#8211; Despu\u00e9s de analizar toda la informaci\u00f3n enviada,<\/span><span class=\"\"> se le contactar\u00e1 a trav\u00e9s de los detalles proporcionados para informarle de la decisi\u00f3n y los pasos subsiguientes a seguir,<\/span><span class=\"\"> como el reemplazo del dispositivo o el env\u00edo de m\u00f3dulos completamente ensamblados.<\/span><span class=\"\"> Adem\u00e1s,<\/span><span class=\"\"> nuestros especialistas le aconsejar\u00e1n si es necesario devolver su dispositivo actual.<\/span><\/p>\n<p data-path-to-node=\"7,3,0\"><span class=\"\">&#8211; En caso de un reemplazo completo del dispositivo o env\u00edo de m\u00f3dulos completamente ensamblados,<\/span> <b class=\"\">el env\u00edo se realizar\u00e1 desde la empresa socia a la que compr\u00f3 el dispositivo<\/b><span class=\"\">.<\/span><span class=\"\"> Cuando corresponda,<\/span><span class=\"\"> su dispositivo defectuoso actual ser\u00e1 devuelto a la misma empresa socia.<\/span><\/p>\n<p data-path-to-node=\"10\"><strong><span class=\"\">El per\u00edodo de garant\u00eda para el producto es de <\/span>treinta y seis (36) meses<span class=\"\"> a partir de la fecha de venta.<\/span><\/strong><\/p>\n<p data-path-to-node=\"11,0,0\"><span class=\"\">&#8211; El transporte de los dispositivos debe llevarse a cabo en el embalaje original suministrado por el vendedor o en un embalaje de caracter\u00edsticas protectoras y operativas equivalentes.<\/span><\/p>\n<p data-path-to-node=\"11,1,0\"><span class=\"\">&#8211; Una garant\u00eda limitada de <\/span><b class=\"\">doce (12) meses<\/b><span class=\"\"> a partir de la fecha de venta se aplica a varios tipos de soportes de montaje,<\/span><span class=\"\"> incluidos soportes empotrados,<\/span><span class=\"\"> de superficie,<\/span><span class=\"\"> de escritorio,<\/span><span class=\"\"> viseras de lluvia y sol,<\/span><span class=\"\"> y esquinas giratorias.<\/span><\/p>\n<p data-path-to-node=\"11,2,0\"><span class=\"\">&#8211; Estas condiciones de garant\u00eda son complementarias a los derechos constitucionales y otros derechos del consumidor aplicables en el pa\u00eds de residencia del consumidor y no limitan en modo alguno tales derechos.<\/span><\/p>\n<h3 class=\"\" data-path-to-node=\"13\">Condiciones de Garant\u00eda<\/h3>\n<ol>\n<li data-path-to-node=\"14\"><span class=\"\">Al presentar una reclamaci\u00f3n RMA (Autorizaci\u00f3n de Devoluci\u00f3n de Mercanc\u00eda) a BAS-IP,<\/span><span class=\"\"> es necesario proporcionar informaci\u00f3n detallada sobre el <\/span><b class=\"\">modelo exacto del dispositivo, incluido su color, el n\u00famero de serie del dispositivo, la fecha de compra y la reclamaci\u00f3n con una descripci\u00f3n completa y precisa del problema<\/b><span class=\"\"> que da lugar al RMA.<\/span><\/li>\n<li data-path-to-node=\"14\">La entrega a BAS-IP o a su Centro de Servicio es <b class=\"\" style=\"font-size: revert; color: initial;\">responsabilidad y a cargo del comprador<\/b><span class=\"\" style=\"font-size: revert; color: initial;\">.<\/span><\/li>\n<li data-path-to-node=\"14\">El servicio de garant\u00eda se proporciona \u00fanicamente <b class=\"\" style=\"font-size: revert; color: initial;\">dentro del per\u00edodo de garant\u00eda<\/b><span class=\"\" style=\"font-size: revert; color: initial;\"> especificado en esta pol\u00edtica de garant\u00eda.<\/span><\/li>\n<li data-path-to-node=\"14\">El tiempo dedicado a restaurar la operatividad del dispositivo <b class=\"\" style=\"font-size: revert; color: initial;\">se a\u00f1adir\u00e1 al per\u00edodo de garant\u00eda establecido<\/b><span class=\"\" style=\"font-size: revert; color: initial;\"> en esta pol\u00edtica de garant\u00eda.<\/span><\/li>\n<\/ol>\n<h3 class=\"\" data-path-to-node=\"19\">Violaci\u00f3n de las Condiciones de Garant\u00eda<\/h3>\n<ol>\n<li data-path-to-node=\"20\"><span class=\"\">Estas condiciones de garant\u00eda <\/span><b class=\"\">quedar\u00e1n anuladas<\/b><span class=\"\"> si los n\u00fameros est\u00e1ndar o de serie del producto son alterados,<\/span><span class=\"\"> borrados,<\/span><span class=\"\"> eliminados o se vuelven ilegibles.<\/span><\/li>\n<li data-path-to-node=\"20\">Las disposiciones de garant\u00eda <b class=\"\" style=\"font-size: revert; color: initial;\">ser\u00e1n invalidadas<\/b><span class=\"\" style=\"font-size: revert; color: initial;\"> en caso de cualquier modificaci\u00f3n,<\/span><span class=\"\" style=\"font-size: revert; color: initial;\"> adaptaci\u00f3n o alteraci\u00f3n del producto destinada a mejorar o extender el alcance normal de uso especificado en el manual del usuario.<\/span><\/li>\n<li data-path-to-node=\"20\">La garant\u00eda <b class=\"\" style=\"font-size: revert; color: initial;\">ser\u00e1 nula<\/b><span class=\"\" style=\"font-size: revert; color: initial;\"> si el producto se utiliza en contra de su prop\u00f3sito previsto o de una manera inconsistente con las instrucciones de uso y mantenimiento.<\/span><\/li>\n<li data-path-to-node=\"20\">La cobertura de la garant\u00eda <b class=\"\" style=\"font-size: revert; color: initial;\">se perder\u00e1<\/b><span class=\"\" style=\"font-size: revert; color: initial;\"> si objetos extra\u00f1os,<\/span><span class=\"\" style=\"font-size: revert; color: initial;\"> sustancias,<\/span><span class=\"\" style=\"font-size: revert; color: initial;\"> l\u00edquidos,<\/span><span class=\"\" style=\"font-size: revert; color: initial;\"> vapores,<\/span><span class=\"\" style=\"font-size: revert; color: initial;\"> gases corrosivos o insectos se infiltran en las partes internas o externas del producto,<\/span><span class=\"\" style=\"font-size: revert; color: initial;\"> ya sea accidental o intencionalmente.<\/span><\/li>\n<li data-path-to-node=\"20\">La garant\u00eda <b class=\"\" style=\"font-size: revert; color: initial;\">ser\u00e1 nula<\/b><span class=\"\" style=\"font-size: revert; color: initial;\"> en casos de conexi\u00f3n incorrecta del producto a otros sistemas o instalaci\u00f3n y montaje incorrectos.<\/span><\/li>\n<li data-path-to-node=\"20\">Esta garant\u00eda <b class=\"\" style=\"font-size: revert; color: initial;\">no se extiende a defectos o da\u00f1os<\/b><span class=\"\" style=\"font-size: revert; color: initial;\"> incurridos por cualquier sistema en el que el producto haya sido integrado o utilizado en conjunto.<\/span><\/li>\n<li data-path-to-node=\"20\">La garant\u00eda <b class=\"\" style=\"font-size: revert; color: initial;\">se considerar\u00e1 inv\u00e1lida y nula<\/b><span style=\"font-size: revert; color: initial;\"> si el producto presenta da\u00f1os mec\u00e1nicos, astillas, abolladuras, grietas, signos de manipulaci\u00f3n o defectos similares.<\/span><\/li>\n<li data-path-to-node=\"20\">La garant\u00eda <b style=\"font-size: revert; color: initial;\">no cubre<\/b><span style=\"font-size: revert; color: initial;\"> productos da\u00f1ados debido al incumplimiento de los est\u00e1ndares aplicables en el pa\u00eds de operaci\u00f3n, incluidos problemas relacionados con los par\u00e1metros de la fuente de alimentaci\u00f3n, las telecomunicaciones, las redes de cableado u otros factores externos.<\/span><\/li>\n<li data-path-to-node=\"20\">La cobertura de la garant\u00eda <b style=\"font-size: revert; color: initial;\">excluye los da\u00f1os<\/b><span style=\"font-size: revert; color: initial;\"> resultantes de factores externos como desastres naturales,<\/span><span class=\"animating\" style=\"font-size: revert; color: initial;\"> guerra,<\/span><span style=\"font-size: revert; color: initial;\"> incendio, inundaciones, rayos, tormentas, fluctuaciones de voltaje u otras causas fuera del control del fabricante.<\/span><\/li>\n<li data-path-to-node=\"20\">La garant\u00eda <b style=\"font-size: revert; color: initial;\">ser\u00e1 nula<\/b><span style=\"font-size: revert; color: initial;\"> si se intentan reparaciones o modificaciones por parte de centros de servicio no autorizados o personas\/organizaciones que carezcan de autoridad legal para realizar dichas reparaciones o modificaciones.<\/span><\/li>\n<li data-path-to-node=\"20\">Estas condiciones de garant\u00eda <b style=\"font-size: revert; color: initial;\">no se aplican a accesorios<\/b><span style=\"font-size: revert; color: initial;\"> (incluidos, entre otros, bater\u00edas, fuentes de alimentaci\u00f3n externas, cables de conexi\u00f3n, llaveros, tarjetas, identificadores) o partes del producto sujetas al desgaste normal.<\/span><\/li>\n<\/ol>","protected":false},"excerpt":{"rendered":"<p>Las condiciones de servicio al cliente difieren y dependen de la regi\u00f3n geogr\u00e1fica en la que se encuentran y operan nuestros clientes. En consecuencia, las pol\u00edticas y obligaciones de garant\u00eda tambi\u00e9n pueden presentar ligeras variaciones dependiendo de la ubicaci\u00f3n y el contexto operativo del cliente. Para la correcta prestaci\u00f3n de los servicios, por favor, proceda [&hellip;]<\/p>","protected":false},"author":1,"featured_media":0,"parent":0,"menu_order":0,"comment_status":"closed","ping_status":"closed","template":"","meta":{"inline_featured_image":false,"footnotes":""},"class_list":["post-151558","page","type-page","status-publish","hentry"],"acf":[],"_links":{"self":[{"href":"https:\/\/bas-ip.com\/es\/wp-json\/wp\/v2\/pages\/151558","targetHints":{"allow":["GET"]}}],"collection":[{"href":"https:\/\/bas-ip.com\/es\/wp-json\/wp\/v2\/pages"}],"about":[{"href":"https:\/\/bas-ip.com\/es\/wp-json\/wp\/v2\/types\/page"}],"author":[{"embeddable":true,"href":"https:\/\/bas-ip.com\/es\/wp-json\/wp\/v2\/users\/1"}],"replies":[{"embeddable":true,"href":"https:\/\/bas-ip.com\/es\/wp-json\/wp\/v2\/comments?post=151558"}],"version-history":[{"count":2,"href":"https:\/\/bas-ip.com\/es\/wp-json\/wp\/v2\/pages\/151558\/revisions"}],"predecessor-version":[{"id":151625,"href":"https:\/\/bas-ip.com\/es\/wp-json\/wp\/v2\/pages\/151558\/revisions\/151625"}],"wp:attachment":[{"href":"https:\/\/bas-ip.com\/es\/wp-json\/wp\/v2\/media?parent=151558"}],"curies":[{"name":"wp","href":"https:\/\/api.w.org\/{rel}","templated":true}]}}