{"id":145739,"date":"2025-09-22T13:03:10","date_gmt":"2025-09-22T13:03:10","guid":{"rendered":"https:\/\/bas-ip.com\/career\/"},"modified":"2025-10-06T13:13:14","modified_gmt":"2025-10-06T13:13:14","slug":"career","status":"publish","type":"page","link":"https:\/\/bas-ip.com\/es\/career\/","title":{"rendered":"Carrera"},"content":{"rendered":"<!-- START Block Career Hero -->   <div class=\"careers-hero\" style=\"background-image:url(https:\/\/bas-ip.com\/wp-content\/uploads\/2025\/09\/career_top_bg_2-scaled.jpg)\">\r\n    <div class=\"careers-hero__overlay\"><\/div>\r\n    <div class=\"careers-container careers-hero__content\">\r\n      <h1 class=\"careers-hero__title\">Estamos <span>buscando<\/span> personas capacitadas<\/h1>\r\n              <p class=\"careers-hero__subtitle\">Desarrollamos soluciones de vanguardia en el campo de la seguridad \u2014 desde intercomunicadores IP hasta control de accesos y sistemas de videovigilancia.<br>\r\nPero lo m\u00e1s importante que estamos construyendo es un equipo.<\/p>\r\n                    <a class=\"careers-btn careers-btn--primary\" href=\"https:\/\/bas-ip.com\/vacancies\/\">\r\n          Trabaja con nosotros        <\/a>\r\n          <\/div>\r\n  <\/div>\r\n     <section class=\"careers-benefits\">\r\n    <div class=\"careers-container\">\r\n              <h2 class=\"careers-section-title\">Por qu\u00e9 unirse a nosotros<\/h2>\r\n                    <div class=\"careers-benefits__grid\">\r\n                      <div class=\"careers-benefit\">\r\n                              <div class=\"careers-benefit__icon\"><img decoding=\"async\" src=\"https:\/\/bas-ip.com\/wp-content\/uploads\/2025\/09\/hugeicons_global.svg\" alt=\"icon\"><\/div>\r\n                                            <h3>Remoto primero<\/h3>\r\n                                            <p>Trabaje desde cualquier parte del mundo<\/p>\r\n                          <\/div>\r\n                      <div class=\"careers-benefit\">\r\n                              <div class=\"careers-benefit__icon\"><img decoding=\"async\" src=\"https:\/\/bas-ip.com\/wp-content\/uploads\/2025\/09\/iconoir_brain.svg\" alt=\"icon\"><\/div>\r\n                                            <h3>Productos innovadores<\/h3>\r\n                                            <p>Tecnolog\u00eda de vanguardia en el mercado de la seguridad<\/p>\r\n                          <\/div>\r\n                      <div class=\"careers-benefit\">\r\n                              <div class=\"careers-benefit__icon\"><img decoding=\"async\" src=\"https:\/\/bas-ip.com\/wp-content\/uploads\/2025\/09\/fluent_people-team-16-regular.svg\" alt=\"icon\"><\/div>\r\n                                            <h3>Equipo global<\/h3>\r\n                                            <p>Colaborar a trav\u00e9s de fronteras y zonas horarias<\/p>\r\n                          <\/div>\r\n                      <div class=\"careers-benefit\">\r\n                              <div class=\"careers-benefit__icon\"><img decoding=\"async\" src=\"https:\/\/bas-ip.com\/wp-content\/uploads\/2025\/09\/tabler_rocket.svg\" alt=\"icon\"><\/div>\r\n                                            <h3>Impulsado por el crecimiento<\/h3>\r\n                                            <p>Apoyamos tu aprendizaje y desarrollo profesional<\/p>\r\n                          <\/div>\r\n                      <div class=\"careers-benefit\">\r\n                              <div class=\"careers-benefit__icon\"><img decoding=\"async\" src=\"https:\/\/bas-ip.com\/wp-content\/uploads\/2025\/09\/octicon_goal-24.svg\" alt=\"icon\"><\/div>\r\n                                            <h3>Resultados por encima de la burocracia<\/h3>\r\n                                            <p>Valoramos la acci\u00f3n y la propiedad<\/p>\r\n                          <\/div>\r\n                      <div class=\"careers-benefit\">\r\n                              <div class=\"careers-benefit__icon\"><img decoding=\"async\" src=\"https:\/\/bas-ip.com\/wp-content\/uploads\/2025\/09\/hugeicons_idea.svg\" alt=\"icon\"><\/div>\r\n                                            <h3>Tu voz importa<\/h3>\r\n                                            <p>La iniciativa es bienvenida y recompensada<\/p>\r\n                          <\/div>\r\n                  <\/div>\r\n          <\/div>\r\n  <\/section>\r\n    <section class=\"careers-vision\">\r\n    <div class=\"careers-container careers-vision__grid\">\r\n      <div class=\"careers-vision__media\">\r\n                  <img decoding=\"async\" src=\"https:\/\/bas-ip.com\/wp-content\/uploads\/2025\/09\/vision.jpg\" alt=\"\" class=\"careers-vision__img careers-vision__img--single\">\r\n              <\/div>\r\n      <div class=\"careers-vision__text\">\r\n                  <h2 class=\"careers-section-title careers-section-title--left\">Nuestra visi\u00f3n<\/h2>\r\n                          <p data-start=\"413\" data-end=\"665\">En BAS-IP encontrar\u00e1s oportunidades de crecimiento, proyectos inspiradores y un equipo global que da forma al futuro de la seguridad inteligente. Somos m\u00e1s de 60 personas trabajando desde diferentes rincones del mundo \u2014 sin fronteras para el talento.<\/p>\n<p data-start=\"667\" data-end=\"825\">Nuestro equipo re\u00fane a profesionales en I+D, Ventas, Soporte, Marketing, Compras y Log\u00edstica, Finanzas y RR. HH. Somos diversos, y esa es nuestra fortaleza.<\/p>\n<p data-start=\"827\" data-end=\"992\" data-is-last-node=\"\" data-is-only-node=\"\">Apoyamos a los reci\u00e9n llegados, nos inspiramos mutuamente, tomamos decisiones r\u00e1pidamente y valoramos la iniciativa. Aqu\u00ed, no solo trabajar\u00e1s \u2014 dejar\u00e1s una huella.<\/p>\n                          <a class=\"careers-btn careers-btn--primary\" href=\"https:\/\/bas-ip.com\/vacancies\/\">\r\n            Trabaja con nosotras          <\/a>\r\n              <\/div>\r\n    <\/div>\r\n  <\/section>\r\n  <section class=\"careers-values\">\r\n    <div class=\"careers-container\">\r\n              <h2 class=\"careers-section-title\">Nuestros valores<\/h2>\r\n        <p>En BAS-IP, nuestra cultura se basa en algo m\u00e1s que objetivos: est\u00e1 moldeada por valores compartidos que gu\u00edan c\u00f3mo trabajamos todos los d\u00edas:<\/p>\r\n                    <div class=\"careers-values__grid\">\r\n                      <article class=\"careers-card\">\r\n                              <img decoding=\"async\" src=\"https:\/\/bas-ip.com\/wp-content\/uploads\/2025\/09\/honesty3.jpg\" alt=\"\">\r\n                            <div class=\"careers-card__body\">\r\n                                  <h3>Honestidad<\/h3>\r\n                                                  <p>Apertura y transparencia en todo lo que hacemos<\/p>\r\n                              <\/div>\r\n            <\/article>\r\n                      <article class=\"careers-card\">\r\n                              <img decoding=\"async\" src=\"https:\/\/bas-ip.com\/wp-content\/uploads\/2025\/09\/optimism.jpg\" alt=\"\">\r\n                            <div class=\"careers-card__body\">\r\n                                  <h3>Optimismo<\/h3>\r\n                                                  <p>Creencia en nosotras mismas y el \u00e9xito de nuestro equipo.<\/p>\r\n                              <\/div>\r\n            <\/article>\r\n                      <article class=\"careers-card\">\r\n                              <img decoding=\"async\" src=\"https:\/\/bas-ip.com\/wp-content\/uploads\/2025\/09\/support2.jpg\" alt=\"\">\r\n                            <div class=\"careers-card__body\">\r\n                                  <h3>Apoyo<\/h3>\r\n                                                  <p>Ayud\u00e1ndonos unos a otros con amabilidad y cuidado.<\/p>\r\n                              <\/div>\r\n            <\/article>\r\n                      <article class=\"careers-card\">\r\n                              <img decoding=\"async\" src=\"https:\/\/bas-ip.com\/wp-content\/uploads\/2025\/09\/selfdev-1.jpg\" alt=\"\">\r\n                            <div class=\"careers-card__body\">\r\n                                  <h3>Autodesarrollo<\/h3>\r\n                                                  <p>Siempre esforz\u00e1ndonos por aprender y crecer.<\/p>\r\n                              <\/div>\r\n            <\/article>\r\n                  <\/div>\r\n          <\/div>\r\n  <\/section>\r\n    <section class=\"careers-banner\">\r\n    <div class=\"careers-banner__bg\" style=\"background-image:url(https:\/\/bas-ip.com\/wp-content\/uploads\/2025\/09\/careerbannerbg1-scaled.jpg)\"><\/div>\r\n    <div class=\"careers-container careers-banner__content\">\r\n              <p class=\"careers-banner__title\">NO SOLO ESTAMOS CONSTRUYENDO TECNOLOG\u00cdA \u2014 <span>ESTAMOS CONSTRUYENDO<br>\r\nUN EQUIPO<\/span> QUE REFLEJA ESTOS VALORES EN CADA PASO.<\/p>\r\n          <\/div>\r\n  <\/section>\r\n\r\n  \r\n    <section id=\"open\" class=\"careers-open\">\r\n    <div class=\"careers-container careers-open__inner\">\r\n              <h2 class=\"careers-section-title\">Puestos vacantes<\/h2>\r\n                    <p>Explora nuestras vacantes actuales y post\u00falate directamente. Siempre buscamos profesionales apasionados que se unan a nuestra trayectoria.<\/p>\r\n                    <a class=\"careers-btn careers-btn--primary\" href=\"https:\/\/bas-ip.com\/vacancies\/\">\r\n          Trabaja con nosotros        <\/a>\r\n          <\/div>\r\n  <\/section><!-- END Block Career Hero -->","protected":false},"excerpt":{"rendered":"","protected":false},"author":2,"featured_media":0,"parent":0,"menu_order":0,"comment_status":"closed","ping_status":"closed","template":"","meta":{"inline_featured_image":false,"footnotes":""},"class_list":["post-145739","page","type-page","status-publish","hentry"],"acf":[],"_links":{"self":[{"href":"https:\/\/bas-ip.com\/es\/wp-json\/wp\/v2\/pages\/145739","targetHints":{"allow":["GET"]}}],"collection":[{"href":"https:\/\/bas-ip.com\/es\/wp-json\/wp\/v2\/pages"}],"about":[{"href":"https:\/\/bas-ip.com\/es\/wp-json\/wp\/v2\/types\/page"}],"author":[{"embeddable":true,"href":"https:\/\/bas-ip.com\/es\/wp-json\/wp\/v2\/users\/2"}],"replies":[{"embeddable":true,"href":"https:\/\/bas-ip.com\/es\/wp-json\/wp\/v2\/comments?post=145739"}],"version-history":[{"count":3,"href":"https:\/\/bas-ip.com\/es\/wp-json\/wp\/v2\/pages\/145739\/revisions"}],"predecessor-version":[{"id":145947,"href":"https:\/\/bas-ip.com\/es\/wp-json\/wp\/v2\/pages\/145739\/revisions\/145947"}],"wp:attachment":[{"href":"https:\/\/bas-ip.com\/es\/wp-json\/wp\/v2\/media?parent=145739"}],"curies":[{"name":"wp","href":"https:\/\/api.w.org\/{rel}","templated":true}]}}