{"id":140973,"date":"2025-06-03T12:48:57","date_gmt":"2025-06-03T12:48:57","guid":{"rendered":"https:\/\/bas-ip.com\/condo-control\/"},"modified":"2025-08-06T10:45:24","modified_gmt":"2025-08-06T10:45:24","slug":"condo-control","status":"publish","type":"page","link":"https:\/\/bas-ip.com\/es\/condo-control\/","title":{"rendered":"Condo Control"},"content":{"rendered":"<h2>BAS-IP y Condo Control anuncian una integraci\u00f3n para mejorar la experiencia de vida residencial<\/h2>\n\n<div class=\"wp-block-image\">\n<figure class=\"aligncenter size-large\"><img loading=\"lazy\" decoding=\"async\" width=\"1024\" height=\"235\" src=\"https:\/\/bas-ip.com\/wp-content\/uploads\/2025\/06\/Condo-Control-1024x235.png\" alt=\"\" class=\"wp-image-138764\" srcset=\"https:\/\/bas-ip.com\/wp-content\/uploads\/2025\/06\/Condo-Control-1024x235.png 1024w,  https:\/\/bas-ip.com\/wp-content\/uploads\/2025\/06\/Condo-Control-300x69.png 300w,  https:\/\/bas-ip.com\/wp-content\/uploads\/2025\/06\/Condo-Control-768x177.png 768w,  https:\/\/bas-ip.com\/wp-content\/uploads\/2025\/06\/Condo-Control-767x176.png 767w,  https:\/\/bas-ip.com\/wp-content\/uploads\/2025\/06\/Condo-Control.png 1266w\" sizes=\"auto, (max-width: 1024px) 100vw, 1024px\" \/><\/figure>\n<\/div>\n\n<p>BAS-IP, un desarrollador l\u00edder de sistemas de intercomunicaci\u00f3n IP, y Condo Control, la plataforma todo en uno que digitaliza las operaciones para m\u00e1s de 2 millones de residentes, anunciaron hoy una integraci\u00f3n estrat\u00e9gica. Esta colaboraci\u00f3n crea una fuente \u00fanica de verdad para los datos de los residentes, eliminando la duplicaci\u00f3n de entradas y permitiendo una sincronizaci\u00f3n fluida de los datos entre los dos sistemas. Esto ofrece un nuevo nivel de comodidad y precisi\u00f3n de datos para los residentes y administradores de propiedades en Canad\u00e1.<\/p>\n<p>La caracter\u00edstica clave de esta integraci\u00f3n es la sincronizaci\u00f3n de la lista de residentes de la plataforma Condo Control con los intercomunicadores BAS-IP. En lugar de marcar los n\u00fameros de los apartamentos, los visitantes pueden desplazarse por un directorio inteligente alfab\u00e9tico, tocar un nombre y el panel de llamadas ahora muestra una gu\u00eda telef\u00f3nica con los nombres de los residentes, lo que proporciona un enfoque m\u00e1s intuitivo y centrado en el usuario.<\/p>\n<p>El sistema Condo Control sirve como interfaz principal para que los administradores de propiedades puedan agregar, eliminar y actualizar f\u00e1cilmente los registros de los residentes. Estos cambios se transfieren autom\u00e1ticamente al directorio inteligente del sistema de intercomunicaci\u00f3n a trav\u00e9s de la plataforma de gesti\u00f3n BAS-IP Link, que act\u00faa como un middleware. BAS-IP Link tambi\u00e9n gestiona el proceso de llamadas, garantizando una comunicaci\u00f3n fiable.<\/p>\n<p>Esta mejora se implement\u00f3 teniendo en cuenta las preferencias de los residentes canadienses, que est\u00e1n acostumbrados a recibir llamadas en sus n\u00fameros de tel\u00e9fono m\u00f3vil personales en lugar de en un dispositivo fijo dentro del apartamento.<\/p>\n<p>\u00abNuestra misi\u00f3n es digitalizar y optimizar las operaciones de la comunidad\u00bb, dijo Brian Bosscher, de Condo Control. \u00abAsociarnos con BAS-IP permite a los administradores actualizar los datos una sola vez y les da a los residentes el acceso m\u00f3vil sin fricciones que esperan.\u00bb<\/p>\n<p><strong><u>Beneficios principales:<\/u><\/strong><\/p>\n<ul>\n<li><b>Cero entradas duplicadas<\/b> \u2013 los registros de los residentes fluyen autom\u00e1ticamente.<\/li>\n<li><b>Las llamadas llegan a la persona correcta la primera vez<\/b> \u2013 menos devoluciones de llamadas desde el lobby.<\/li>\n<li><b>Experiencia m\u00f3vil primero<\/b> \u2013 los residentes pueden responder desde cualquier tel\u00e9fono m\u00f3vil.<\/li>\n<li><b>Siempre al d\u00eda:<\/b> los n\u00fameros de tel\u00e9fono y las mudanzas se sincronizan al instante.<\/li>\n<\/ul>\n<p><strong><u>El proceso de llamadas se ha mejorado para una m\u00e1xima flexibilidad:<\/u><\/strong><\/p>\n<ul>\n<li><b>Llamada directa al residente:<\/b> Los visitantes pueden llamar a un residente espec\u00edfico a su n\u00famero de tel\u00e9fono personal o en la aplicaci\u00f3n m\u00f3vil BAS-IP Link seleccionando su nombre del directorio inteligente o marcando un c\u00f3digo espec\u00edfico.<\/li>\n<li><b>Llamada al apartamento:<\/b> La opci\u00f3n tradicional de llamar a todos los residentes de un apartamento simult\u00e1neamente sigue estando disponible.<\/li>\n<li><b>Modelo h\u00edbrido:<\/b> Ambas opciones pueden ser compatibles simult\u00e1neamente en un solo dispositivo de llamada.<\/li>\n<\/ul>\n<p><strong><u>C\u00f3mo funciona la integraci\u00f3n:<\/u><\/strong><\/p>\n<ul>\n<li><b>Registro:<\/b> El administrador registra a un residente en el sistema Condo Control y agrega su informaci\u00f3n de contacto.<\/li>\n<li><b>Sincronizaci\u00f3n:<\/b> El servidor BAS-IP Link env\u00eda autom\u00e1ticamente los datos del residente al directorio inteligente del panel de llamadas.<\/li>\n<li><b>Llamada:<\/b> Un mensajero o invitado selecciona al residente por nombre o marca su c\u00f3digo.<\/li>\n<li><b>Respuesta:<\/b> El residente responde a la llamada desde el panel en su n\u00famero de tel\u00e9fono m\u00f3vil personal (a trav\u00e9s de un troncal SIP de Twilio conectado) o en la aplicaci\u00f3n BAS-IP Link<\/li>\n<li><b>Acceso:<\/b> El residente puede abrir la puerta de forma remota.<\/li>\n<\/ul>\n<p>La integraci\u00f3n tambi\u00e9n garantiza actualizaciones autom\u00e1ticas de los datos. Cualquier cambio en el n\u00famero de tel\u00e9fono de un residente, la eliminaci\u00f3n de un usuario o una sesi\u00f3n de la aplicaci\u00f3n m\u00f3vil en el sistema Condo Control se reflejan inmediatamente en el esquema de desv\u00edo de BAS-IP Link, garantizando que la informaci\u00f3n de contacto est\u00e9 siempre actualizada.<\/p>\n<p>Esta integraci\u00f3n representa un paso significativo en la creaci\u00f3n de espacios de vida m\u00e1s inteligentes y convenientes. Al combinar la tecnolog\u00eda de intercomunicaci\u00f3n IP de vanguardia de BAS-IP con las potentes capacidades de gesti\u00f3n de propiedades de Condo Control, las empresas est\u00e1n ofreciendo una soluci\u00f3n que satisface las necesidades modernas de los residentes y simplifica el flujo de trabajo para los administradores.<\/p>\n\n<!-- START Block Sign Up --><section id=\"block_629678229e935\" class=\"sign-up-section\">\r\n\r\n    <div class=\"form-holder js-form\" data-aos=\"fade-right\">\r\n                    <div class=\"title-block h3\">Sign up for connection<\/div>\r\n        \r\n                    <div class=\"text-block\">\r\n                Filling out all the information needed to answer you as quickly as possible            <\/div>\r\n        \r\n                    \n<div class=\"wpcf7 no-js\" id=\"wpcf7-f102-o1\" lang=\"en-US\" dir=\"ltr\">\n<div class=\"screen-reader-response\"><p role=\"status\" aria-live=\"polite\" aria-atomic=\"true\"><\/p> <ul><\/ul><\/div>\n<form action=\"\/es\/wp-json\/wp\/v2\/pages\/140973#wpcf7-f102-o1\" method=\"post\" class=\"wpcf7-form init\" aria-label=\"Contact form\" enctype=\"multipart\/form-data\" novalidate=\"novalidate\" data-status=\"init\">\n<div style=\"display: none;\">\n<input type=\"hidden\" name=\"_wpcf7\" value=\"102\" \/>\n<input type=\"hidden\" name=\"_wpcf7_version\" value=\"5.8.3\" \/>\n<input type=\"hidden\" name=\"_wpcf7_locale\" value=\"en_US\" \/>\n<input type=\"hidden\" name=\"_wpcf7_unit_tag\" value=\"wpcf7-f102-o1\" \/>\n<input type=\"hidden\" name=\"_wpcf7_container_post\" value=\"0\" \/>\n<input type=\"hidden\" name=\"_wpcf7_posted_data_hash\" value=\"\" \/>\n<input type=\"hidden\" name=\"_wpcf7_recaptcha_response\" value=\"\" \/>\n<\/div>\n<div class=\"row\"> \n <label><span class=\"label-text\">Name<\/span> \n  <span class=\"wpcf7-form-control-wrap\" data-name=\"text-full-name\"><input size=\"40\" class=\"wpcf7-form-control wpcf7-text wpcf7-validates-as-required\" aria-required=\"true\" aria-invalid=\"false\" placeholder=\"Name\" value=\"\" type=\"text\" name=\"text-full-name\" \/><\/span><\/label> \n<\/div> \n<div class=\"row\"> \n <label><span class=\"label-text\">Phone*<\/span> \n<span class=\"wpcf7-form-control-wrap\" data-name=\"phonetext-270\"><input size=\"40\" class=\"wpcf7-form-control wpcf7-phonetext wpcf7-validates-as-required wpcf7-text wpcf7-validates-as-phonetext\" aria-required=\"true\" aria-invalid=\"false\" placeholder=\"Phone*\" value=\"\" type=\"text\" name=\"phonetext-270\" \/><input type=\"hidden\" name=\"phonetext-270-country-code\" class=\"wpcf7-phonetext-country-code\" \/><\/span><\/label> \n<\/div> \n<div class=\"row\"> \n <label><span class=\"label-text\">E-mail<\/span> \n  <span class=\"wpcf7-form-control-wrap\" data-name=\"email-e-mail\"><input size=\"40\" class=\"wpcf7-form-control wpcf7-email wpcf7-validates-as-required wpcf7-text wpcf7-validates-as-email\" aria-required=\"true\" aria-invalid=\"false\" placeholder=\"E-mail\" value=\"\" type=\"email\" name=\"email-e-mail\" \/><\/span><\/label> \n<\/div> \n<div class=\"row\"><span>Your country<\/span> \n <label><span class=\"wpcf7-form-control-wrap\" data-name=\"countrytext-126\"><input size=\"40\" class=\"wpcf7-form-control wpcf7-countrytext wpcf7-text wpcf7-validates-as-countrytext\" aria-invalid=\"false\" value=\"\" type=\"text\" name=\"countrytext-126\" \/><\/span> <\/label>\n<\/div> \n<div class=\"row\"> \n <button type=\"submit\" class=\"btn\">Send<\/button> \n<\/div> \n<div class=\"row\"> \n <span class=\"wpcf7-form-control-wrap\" data-name=\"checkbox-931\"><span class=\"wpcf7-form-control wpcf7-checkbox\"><span class=\"wpcf7-list-item first\"><label><input type=\"checkbox\" name=\"checkbox-931[]\" value=\"Integrator\" \/><span class=\"wpcf7-list-item-label\">Integrator<\/span><\/label><\/span><span class=\"wpcf7-list-item\"><label><input type=\"checkbox\" name=\"checkbox-931[]\" value=\"Builder\" \/><span class=\"wpcf7-list-item-label\">Builder<\/span><\/label><\/span><span class=\"wpcf7-list-item last\"><label><input type=\"checkbox\" name=\"checkbox-931[]\" value=\"End-User\" \/><span class=\"wpcf7-list-item-label\">End-User<\/span><\/label><\/span><\/span><\/span> \n<\/div> \n<div class=\"row row-upload-file\"> \n <label class=\"upload-file-block js-upload-file\">Attach file \n  <span class=\"wpcf7-form-control-wrap\" data-name=\"file-466\"><input size=\"40\" class=\"wpcf7-form-control wpcf7-file\" accept=\"audio\/*,video\/*,image\/*\" aria-invalid=\"false\" type=\"file\" name=\"file-466\" \/><\/span><\/label> \n<\/div><input type='hidden' class='wpcf7-pum' value='{\"closepopup\":false,\"closedelay\":0,\"openpopup\":false,\"openpopup_id\":0}' \/><div class=\"wpcf7-response-output\" aria-hidden=\"true\"><\/div>\n<\/form>\n<\/div>\n            <\/div>\r\n\r\n\t\t    <div class=\"text-holder\" data-aos=\"fade-left\">\r\n\t\t\t\t\t\t    <h3 class=\"title-block\">How Can We Help?<\/h3>\r\n\t\t\t\r\n\t\t\t                <div class=\"text-block\">\r\n                    Please select a topic below related to your inquiry. If you don&#8217;t find what you need, fill out our contact form.                <\/div>\r\n\t\t\t\r\n\t\t\t\t\t\t    <ul class=\"link-list\">\r\n\t\t\t\t\t\t\t\t\t\t\t\t\t\t\t\t\t\t<li>\r\n\t\t\t\t\t\t\t\t\t\t\t\t\t\t\t\t    <strong>Get Inspired<\/strong>\r\n\t\t\t\t\t\t\t\t\t\t\t\t\t\t\t\t\t\t\t\t\t\t\t\t    <a href=\"\/features\/\">\r\n\t\t\t\t\t\t\t\t        Discover what&#8217;s beneath our intercom\t\t\t\t\t\t\t\t    <\/a>\r\n\t\t\t\t\t\t\t\t\t\t\t\t\t\t\t<\/li>\r\n\t\t\t\t\t\t\t\t\t\t\t\t\t\t\t\t\t\t\t\t\t\t\t\t<li>\r\n\t\t\t\t\t\t\t\t\t\t\t\t\t\t\t\t    <strong>Become a Partner<\/strong>\r\n\t\t\t\t\t\t\t\t\t\t\t\t\t\t\t\t\t\t\t\t\t\t\t\t    <a href=\"\/distributors\/\">\r\n\t\t\t\t\t\t\t\t        Expand your business with BAS-IP intercom\t\t\t\t\t\t\t\t    <\/a>\r\n\t\t\t\t\t\t\t\t\t\t\t\t\t\t\t<\/li>\r\n\t\t\t\t\t\t\t\t\t\t\t\t\t\t\t\t\t\t\t\t\t\t\t\t<li>\r\n\t\t\t\t\t\t\t\t\t\t\t\t\t\t\t\t    <strong>Check the Guides<\/strong>\r\n\t\t\t\t\t\t\t\t\t\t\t\t\t\t\t\t\t\t\t\t\t\t\t\t    <a href=\"\/support\/\">\r\n\t\t\t\t\t\t\t\t        Download detailed manuals and schemes\t\t\t\t\t\t\t\t    <\/a>\r\n\t\t\t\t\t\t\t\t\t\t\t\t\t\t\t<\/li>\r\n\t\t\t\t\t\t\t\t\t\t\t\t\t\t\t<\/ul>\r\n\t\t\t\r\n\t\t\t\t\t\t    <h3 class=\"title-block\">Our contacts<\/h3>\r\n\t\t\t\r\n\t\t\t\t\t\t\t<ul class=\"contact-list\">\r\n\t\t\t\t\t\t\t\t\t\t\t\t\t\t\t\t\t\t<li>\r\n\t\t\t\t\t\t\t\t\t\t\t\t\t\t\t\t\t<strong>Sales:<\/strong>\r\n\t\t\t\t\t\t\t\t\t\t\t\t\t\t\t\t\t\t\t\t\t\t\t\t    <a href=\"mailto:s&#97;&#108;es&#64;&#98;&#97;s&#45;&#105;p&#46;c&#111;&#109;\">sale&#115;&#64;&#98;&#97;s&#45;i&#112;&#46;co&#109;<\/a>\r\n\t\t\t\t\t\t\t\t\t\t\t\t\t\t\t<\/li>\r\n\t\t\t\t\t\t\t\t\t\t\t\t\t\t\t\t\t\t\t\t\t\t\t\t<li>\r\n\t\t\t\t\t\t\t\t\t\t\t\t\t\t\t\t\t<strong>Technical support:<\/strong>\r\n\t\t\t\t\t\t\t\t\t\t\t\t\t\t\t\t\t\t\t\t\t\t\t\t    <a href=\"mailto:s&#117;&#112;&#112;or&#116;&#64;&#98;&#97;&#115;-ip&#46;&#99;o&#109;\">su&#112;port&#64;ba&#115;&#45;i&#112;&#46;com<\/a>\r\n\t\t\t\t\t\t\t\t\t\t\t\t\t\t\t<\/li>\r\n\t\t\t\t\t\t\t\t\t\t\t\t\t\t\t<\/ul>\r\n\t\t\t\t\t<\/div>\r\n\t<\/section>\r\n\r\n\r\n\r\n<!-- END Block Sign Up -->","protected":false},"excerpt":{"rendered":"<p>BAS-IP y Condo Control anuncian una integraci\u00f3n para mejorar la experiencia de vida residencial BAS-IP, un desarrollador l\u00edder de sistemas de intercomunicaci\u00f3n IP, y Condo Control, la plataforma todo en uno que digitaliza las operaciones para m\u00e1s de 2 millones de residentes, anunciaron hoy una integraci\u00f3n estrat\u00e9gica. Esta colaboraci\u00f3n crea una fuente \u00fanica de verdad [&hellip;]<\/p>","protected":false},"author":1,"featured_media":0,"parent":0,"menu_order":0,"comment_status":"closed","ping_status":"closed","template":"page-custom-breadcrumbs.php","meta":{"inline_featured_image":false,"footnotes":""},"class_list":["post-140973","page","type-page","status-publish","hentry"],"acf":[],"_links":{"self":[{"href":"https:\/\/bas-ip.com\/es\/wp-json\/wp\/v2\/pages\/140973","targetHints":{"allow":["GET"]}}],"collection":[{"href":"https:\/\/bas-ip.com\/es\/wp-json\/wp\/v2\/pages"}],"about":[{"href":"https:\/\/bas-ip.com\/es\/wp-json\/wp\/v2\/types\/page"}],"author":[{"embeddable":true,"href":"https:\/\/bas-ip.com\/es\/wp-json\/wp\/v2\/users\/1"}],"replies":[{"embeddable":true,"href":"https:\/\/bas-ip.com\/es\/wp-json\/wp\/v2\/comments?post=140973"}],"version-history":[{"count":7,"href":"https:\/\/bas-ip.com\/es\/wp-json\/wp\/v2\/pages\/140973\/revisions"}],"predecessor-version":[{"id":141017,"href":"https:\/\/bas-ip.com\/es\/wp-json\/wp\/v2\/pages\/140973\/revisions\/141017"}],"wp:attachment":[{"href":"https:\/\/bas-ip.com\/es\/wp-json\/wp\/v2\/media?parent=140973"}],"curies":[{"name":"wp","href":"https:\/\/api.w.org\/{rel}","templated":true}]}}