{"id":133972,"date":"2023-03-27T09:32:04","date_gmt":"2023-03-27T09:32:04","guid":{"rendered":"https:\/\/bas-ip.com\/medical\/"},"modified":"2025-03-24T10:53:42","modified_gmt":"2025-03-24T10:53:42","slug":"medical","status":"publish","type":"page","link":"https:\/\/bas-ip.com\/es\/medical\/","title":{"rendered":"Para hospitales\/Instalaciones m\u00e9dicas"},"content":{"rendered":"<h1 class=\"wp-block-heading\"><strong>Sistema de intercomunicaci\u00f3n hospitalaria BAS-IP: mejore la atenci\u00f3n al paciente<\/strong><\/h1>\n\n\n\n<p>La industria m\u00e9dica est\u00e1 en constante evoluci\u00f3n para ofrecer a los pacientes la mejor atenci\u00f3n posible. Dado que la comunicaci\u00f3n juega un papel crucial en la prestaci\u00f3n de servicios m\u00e9dicos eficientes y seguros, actualizar a un sistema de intercomunicador hospitalario de vanguardia es una necesidad. Los sistemas de intercomunicaci\u00f3n m\u00e9dica innovadores de BAS-IP, dise\u00f1ados espec\u00edficamente para salas limpias y centros m\u00e9dicos, brindan una comodidad y fiabilidad inigualables para los profesionales de la salud y sus pacientes. En este art\u00edculo, exploramos las caracter\u00edsticas y beneficios del intercomunicador hospitalario de BAS-IP y c\u00f3mo puede revolucionar la forma en que operan las instalaciones m\u00e9dicas.<\/p>\n\n\n\n<h2 class=\"wp-block-heading\"><strong>El poder del intercomunicador hospitalario de BAS-IP<\/strong><\/h2>\n\n\n<!-- START Block Features --><section id=\"block_64304f018b5e4\" class=\"features-section\">\r\n\t\r\n    <div class=\"features-list\">\r\n                    <div class=\"features-item\" data-aos=\"fade-up\">\r\n    <div class=\"features-box\">\r\n                    <div class=\"image-holder\">\r\n                <img loading=\"lazy\" decoding=\"async\" width=\"350\" height=\"320\" src=\"https:\/\/bas-ip.com\/wp-content\/uploads\/2023\/04\/1-2-350x320.jpg\" class=\"attachment-thumbnail_350x320 size-thumbnail_350x320\" alt=\"\" \/>            <\/div>\r\n        \r\n        <div class=\"text-holder\">\r\n                        <h3 class=\"title-block\">Integraci\u00f3n perfecta con redes locales IP<\/h3>\r\n          \r\n                        <div class=\"text-block\">\r\n                <p>Una de las principales ventajas de los sistemas de intercomunicaci\u00f3n m\u00e9dica de BAS-IP es su capacidad para operar de manera fluida dentro de la misma red local IP. Esta compatibilidad garantiza una comunicaci\u00f3n sin interrupciones entre los diferentes dispositivos de intercomunicaci\u00f3n, reduciendo la latencia y mejorando la eficiencia general.<\/p>\n              <\/div>\r\n                  <\/div>\r\n    <\/div>\r\n<\/div>\r\n                    <div class=\"features-item\" data-aos=\"fade-up\">\r\n    <div class=\"features-box\">\r\n                    <div class=\"image-holder\">\r\n                <img loading=\"lazy\" decoding=\"async\" width=\"350\" height=\"320\" src=\"https:\/\/bas-ip.com\/wp-content\/uploads\/2023\/04\/2-2-350x320.jpg\" class=\"attachment-thumbnail_350x320 size-thumbnail_350x320\" alt=\"\" \/>            <\/div>\r\n        \r\n        <div class=\"text-holder\">\r\n                        <h3 class=\"title-block\">Funciones avanzadas para una comunicaci\u00f3n mejorada<\/h3>\r\n          \r\n                        <div class=\"text-block\">\r\n                <p>BAS-IP ofrece una amplia gama de caracter\u00edsticas \u00fanicas para su sistema de intercomunicaci\u00f3n hospitalaria, lo que lo distingue de la competencia. Algunas de estas caracter\u00edsticas incluyen llamadas de video en alta definici\u00f3n, control de acceso y compatibilidad con diversos dispositivos IP, lo que garantiza una comunicaci\u00f3n fluida y una mayor seguridad para las instalaciones m\u00e9dicas.<\/p>\n              <\/div>\r\n                  <\/div>\r\n    <\/div>\r\n<\/div>\r\n                    <div class=\"features-item\" data-aos=\"fade-up\">\r\n    <div class=\"features-box\">\r\n                    <div class=\"image-holder\">\r\n                <img loading=\"lazy\" decoding=\"async\" width=\"350\" height=\"320\" src=\"https:\/\/bas-ip.com\/wp-content\/uploads\/2023\/04\/3-2-350x320.jpg\" class=\"attachment-thumbnail_350x320 size-thumbnail_350x320\" alt=\"\" \/>            <\/div>\r\n        \r\n        <div class=\"text-holder\">\r\n                        <h3 class=\"title-block\">Capacidades de intercomunicaci\u00f3n de sala limpia<\/h3>\r\n          \r\n                        <div class=\"text-block\">\r\n                <p>Las salas limpias requieren estrictos est\u00e1ndares higi\u00e9nicos, y el sistema de intercomunicaci\u00f3n hospitalaria de BAS-IP est\u00e1 dise\u00f1ado para cumplir con estos requisitos. El intercomunicador para salas limpias garantiza que la comunicaci\u00f3n entre los profesionales de la salud se mantenga ininterrumpida sin comprometer la esterilidad y seguridad de estos entornos especializados.<\/p>\n              <\/div>\r\n                  <\/div>\r\n    <\/div>\r\n<\/div>\r\n            <\/div>\r\n<\/section>\r\n<!-- END Block Features -->\n\n\n<h2 class=\"wp-block-heading\"><strong>Componentes de hardware de alta calidad de BAS-IP<\/strong><\/h2>\n\n\n<!-- START Block Features --><section id=\"block_64304f888b5e8\" class=\"features-section\">\r\n\t\r\n    <div class=\"features-list\">\r\n                    <div class=\"features-item\" data-aos=\"fade-up\">\r\n    <div class=\"features-box\">\r\n                    <div class=\"image-holder\">\r\n                <img loading=\"lazy\" decoding=\"async\" width=\"350\" height=\"320\" src=\"https:\/\/bas-ip.com\/wp-content\/uploads\/2023\/04\/4-2-350x320.jpg\" class=\"attachment-thumbnail_350x320 size-thumbnail_350x320\" alt=\"\" \/>            <\/div>\r\n        \r\n        <div class=\"text-holder\">\r\n                        <h3 class=\"title-block\">AV-04AFD: El intercomunicador definitivo<\/h3>\r\n          \r\n                        <div class=\"text-block\">\r\n                <p>El AV-04AFD es un dispositivo de intercomunicaci\u00f3n vers\u00e1til dise\u00f1ado para ofrecer un rendimiento de primer nivel en instalaciones m\u00e9dicas. Con sus capacidades de llamadas de audio en alta definici\u00f3n, integraci\u00f3n de control de acceso y compatibilidad con diversos dispositivos IP, ofrece caracter\u00edsticas de comunicaci\u00f3n y seguridad inigualables en un dise\u00f1o elegante y moderno.<\/p>\n              <\/div>\r\n                  <\/div>\r\n    <\/div>\r\n<\/div>\r\n                    <div class=\"features-item\" data-aos=\"fade-up\">\r\n    <div class=\"features-box\">\r\n                    <div class=\"image-holder\">\r\n                <img loading=\"lazy\" decoding=\"async\" width=\"350\" height=\"320\" src=\"https:\/\/bas-ip.com\/wp-content\/uploads\/2023\/04\/5-3-350x320.jpg\" class=\"attachment-thumbnail_350x320 size-thumbnail_350x320\" alt=\"\" \/>            <\/div>\r\n        \r\n        <div class=\"text-holder\">\r\n                        <h3 class=\"title-block\">AM-02 \u2013 Terminal de Conserjer\u00eda Eficiente<\/h3>\r\n          \r\n                        <div class=\"text-block\">\r\n                <p>El terminal AM-02 de conserjer\u00eda garantiza una comunicaci\u00f3n clara y confiable entre los profesionales de la salud. Este dispositivo de f\u00e1cil instalaci\u00f3n puede integrarse sin problemas en el sistema de intercomunicaci\u00f3n hospitalaria, proporcionando una soluci\u00f3n eficiente y rentable para las instalaciones m\u00e9dicas.<\/p>\n              <\/div>\r\n                  <\/div>\r\n    <\/div>\r\n<\/div>\r\n                    <div class=\"features-item\" data-aos=\"fade-up\">\r\n    <div class=\"features-box\">\r\n                    <div class=\"image-holder\">\r\n                <img loading=\"lazy\" decoding=\"async\" width=\"350\" height=\"320\" src=\"https:\/\/bas-ip.com\/wp-content\/uploads\/2023\/04\/6-2-350x320.jpg\" class=\"attachment-thumbnail_350x320 size-thumbnail_350x320\" alt=\"\" \/>            <\/div>\r\n        \r\n        <div class=\"text-holder\">\r\n                        <h3 class=\"title-block\">SH-31TM &#8211; M\u00f3dulo de temperatura del panel de entrada<\/h3>\r\n          \r\n                        <div class=\"text-block\">\r\n                <p>El m\u00f3dulo de temperatura del intercomunicador de puerta con medici\u00f3n de temperatura de mu\u00f1eca sin contacto es una parte esencial del sistema de intercomunicaci\u00f3n hospitalaria. Este dispositivo innovador combina control de acceso y caracter\u00edsticas de evaluaci\u00f3n de la salud para garantizar un entorno seguro y protegido tanto para los pacientes como para el personal en las instalaciones de atenci\u00f3n m\u00e9dica.<\/p>\n              <\/div>\r\n                  <\/div>\r\n    <\/div>\r\n<\/div>\r\n            <\/div>\r\n<\/section>\r\n<!-- END Block Features -->\n\n<!-- START Block FAQ --><section id=\"block_642163c6f4e28\" class=\"faq-section\">\r\n\t\t    <h2 class=\"title-section\" data-aos=\"fade-right\">Preguntas frecuentes (FAQ)<\/h2>\r\n\t\t\t    <div class=\"faq-list js-accordion\" data-aos=\"fade-up\">\r\n\t\t\t\t\t\t\t\t\t\t\t    <div class=\"accordion-item faq-item\">\r\n                        <div class=\"accordion-opener\">\r\n                            Q: \u00bfC\u00f3mo el sistema de intercomunicaci\u00f3n hospitalaria de BAS-IP mejora la eficiencia en las instalaciones m\u00e9dicas?                            <i class=\"fa-solid fa-chevron-down\"><\/i>\r\n                        <\/div>\r\n                        <div class=\"accordion-slide\">\r\n\t\t\t\t\t\t    <p>El sistema de intercomunicaci\u00f3n hospitalaria de BAS-IP permite a los profesionales de la salud comunicarse de manera fluida y segura, aumentando la eficiencia general. Al integrar caracter\u00edsticas avanzadas como llamadas de audio y video en alta definici\u00f3n, control de acceso y compatibilidad con diversos dispositivos IP, el sistema optimiza la comunicaci\u00f3n y reduce el tiempo de respuesta en situaciones cr\u00edticas.<\/p>\n                        <\/div>\r\n\t\t\t\t\t<\/div>\r\n\t\t\t\t\t\t\t\t\t\t\t\t\t\t\t    <div class=\"accordion-item faq-item\">\r\n                        <div class=\"accordion-opener\">\r\n                            Q: \u00bfSe puede personalizar el sistema de intercomunicaci\u00f3n hospitalaria BAS-IP para adaptarlo a los requisitos de una instalaci\u00f3n m\u00e9dica espec\u00edfica?                            <i class=\"fa-solid fa-chevron-down\"><\/i>\r\n                        <\/div>\r\n                        <div class=\"accordion-slide\">\r\n\t\t\t\t\t\t    <p>S\u00ed, el sistema de intercomunicaci\u00f3n hospitalaria de BAS-IP puede adaptarse a las necesidades espec\u00edficas de una instalaci\u00f3n m\u00e9dica. Su compatibilidad con diversos dispositivos IP y la integraci\u00f3n fluida con redes locales IP garantizan que el sistema pueda personalizarse para ofrecer la soluci\u00f3n de comunicaci\u00f3n m\u00e1s eficiente y efectiva para su instalaci\u00f3n.<\/p>\n                        <\/div>\r\n\t\t\t\t\t<\/div>\r\n\t\t\t\t\t\t\t\t\t\t\t\t\t\t\t    <div class=\"accordion-item faq-item\">\r\n                        <div class=\"accordion-opener\">\r\n                            Q: \u00bfQu\u00e9 hace que el intercomunicador de sala limpia de BAS-IP sea adecuado para entornos est\u00e9riles?                            <i class=\"fa-solid fa-chevron-down\"><\/i>\r\n                        <\/div>\r\n                        <div class=\"accordion-slide\">\r\n\t\t\t\t\t\t    <p>El intercomunicador para salas limpias de BAS-IP est\u00e1 dise\u00f1ado para cumplir con los estrictos est\u00e1ndares higi\u00e9nicos requeridos en entornos est\u00e9riles. El sistema garantiza una comunicaci\u00f3n ininterrumpida sin comprometer la esterilidad y seguridad de las salas limpias, lo que lo convierte en una opci\u00f3n ideal para instalaciones m\u00e9dicas con rigurosos requisitos de higiene.<\/p>\n                        <\/div>\r\n\t\t\t\t\t<\/div>\r\n\t\t\t\t\t\t\t\t\t\t\t\t\t\t\t    <div class=\"accordion-item faq-item\">\r\n                        <div class=\"accordion-opener\">\r\n                            Q: \u00bfQu\u00e9 tan f\u00e1cil es instalar y mantener el sistema de intercomunicaci\u00f3n hospitalaria de BAS-IP?                            <i class=\"fa-solid fa-chevron-down\"><\/i>\r\n                        <\/div>\r\n                        <div class=\"accordion-slide\">\r\n\t\t\t\t\t\t    <p>El sistema de intercomunicaci\u00f3n hospitalaria de BAS-IP est\u00e1 dise\u00f1ado para una f\u00e1cil instalaci\u00f3n y mantenimiento. La integraci\u00f3n fluida del sistema con redes locales IP simplifica el proceso de instalaci\u00f3n, mientras que sus componentes de hardware de alta calidad, como el AV-04AFD y el AM-02, garantizan fiabilidad y durabilidad para un uso a largo plazo.<\/p>\n                        <\/div>\r\n\t\t\t\t\t<\/div>\r\n\t\t\t\t\t\t\t\t\t<\/div>\r\n\t<\/section>\r\n<!-- END Block FAQ -->\n\n\n<p>El sistema de intercomunicaci\u00f3n hospitalaria de BAS-IP ofrece una soluci\u00f3n avanzada de comunicaci\u00f3n para las instalaciones m\u00e9dicas, mejorando la eficiencia, seguridad e higiene. Actualice hoy mismo al sistema de intercomunicaci\u00f3n hospitalaria de BAS-IP y experimente la diferencia en la comunicaci\u00f3n y las operaciones de su instalaci\u00f3n de atenci\u00f3n m\u00e9dica.<\/p>","protected":false},"excerpt":{"rendered":"<p>Sistema de intercomunicaci\u00f3n hospitalaria BAS-IP: mejore la atenci\u00f3n al paciente La industria m\u00e9dica est\u00e1 en constante evoluci\u00f3n para ofrecer a los pacientes la mejor atenci\u00f3n posible. Dado que la comunicaci\u00f3n juega un papel crucial en la prestaci\u00f3n de servicios m\u00e9dicos eficientes y seguros, actualizar a un sistema de intercomunicador hospitalario de vanguardia es una necesidad. [&hellip;]<\/p>","protected":false},"author":1,"featured_media":0,"parent":0,"menu_order":0,"comment_status":"closed","ping_status":"closed","template":"","meta":{"inline_featured_image":false,"footnotes":""},"class_list":["post-133972","page","type-page","status-publish","hentry"],"acf":[],"_links":{"self":[{"href":"https:\/\/bas-ip.com\/es\/wp-json\/wp\/v2\/pages\/133972","targetHints":{"allow":["GET"]}}],"collection":[{"href":"https:\/\/bas-ip.com\/es\/wp-json\/wp\/v2\/pages"}],"about":[{"href":"https:\/\/bas-ip.com\/es\/wp-json\/wp\/v2\/types\/page"}],"author":[{"embeddable":true,"href":"https:\/\/bas-ip.com\/es\/wp-json\/wp\/v2\/users\/1"}],"replies":[{"embeddable":true,"href":"https:\/\/bas-ip.com\/es\/wp-json\/wp\/v2\/comments?post=133972"}],"version-history":[{"count":3,"href":"https:\/\/bas-ip.com\/es\/wp-json\/wp\/v2\/pages\/133972\/revisions"}],"predecessor-version":[{"id":134064,"href":"https:\/\/bas-ip.com\/es\/wp-json\/wp\/v2\/pages\/133972\/revisions\/134064"}],"wp:attachment":[{"href":"https:\/\/bas-ip.com\/es\/wp-json\/wp\/v2\/media?parent=133972"}],"curies":[{"name":"wp","href":"https:\/\/api.w.org\/{rel}","templated":true}]}}