{"id":133791,"date":"2023-03-27T16:07:41","date_gmt":"2023-03-27T16:07:41","guid":{"rendered":"https:\/\/bas-ip.com\/gates\/"},"modified":"2025-03-19T10:57:42","modified_gmt":"2025-03-19T10:57:42","slug":"gates","status":"publish","type":"page","link":"https:\/\/bas-ip.com\/es\/gates\/","title":{"rendered":"Puertas"},"content":{"rendered":"<h1 class=\"wp-block-heading\"><strong>Sistema de intercomunicador de entrada: Mejore su seguridad.<\/strong><\/h1>\n\n\n\n<p>Bienvenido al futuro de la gesti\u00f3n de acceso a propiedades, donde la comodidad, la seguridad y la tecnolog\u00eda de vanguardia se combinan. Con un sistema de intercomunicador BAS-IP para puertas, podr\u00e1 disfrutar de un control sin igual sobre los puntos de acceso de su propiedad. Ya sea una vivienda, un complejo de apartamentos o una instalaci\u00f3n comercial, nuestros sistemas de intercomunicadores para puertas ofrecen caracter\u00edsticas \u00fanicas que satisfacen todas sus necesidades. Analizaremos las caracter\u00edsticas clave y las ventajas del intercomunicador BAS-IP para puertas, brind\u00e1ndole toda la informaci\u00f3n necesaria para tomar una decisi\u00f3n informada.<\/p>\n\n\n\n<h2 class=\"wp-block-heading\"><strong>\u00bfPor qu\u00e9 elegir un sistema de intercomunicaci\u00f3n para puerta BAS-IP?<\/strong><\/h2>\n\n\n\n<p>Los sistemas de intercomunicadores BAS-IP para puertas ofrecen una gran cantidad de caracter\u00edsticas que los distinguen de los intercomunicadores tradicionales. Aqu\u00ed est\u00e1n algunos de los principales beneficios de elegir un sistema de intercomunicador BAS-IP para la puerta de entrada:<\/p>\n\n\n<!-- START Block Features --><section id=\"block_6430528dc3f3e\" class=\"features-section\">\r\n\t\r\n    <div class=\"features-list\">\r\n                    <div class=\"features-item\" data-aos=\"fade-up\">\r\n    <div class=\"features-box\">\r\n                    <div class=\"image-holder\">\r\n                <img loading=\"lazy\" decoding=\"async\" width=\"350\" height=\"320\" src=\"https:\/\/bas-ip.com\/wp-content\/uploads\/2023\/04\/1-3-350x320.jpg\" class=\"attachment-thumbnail_350x320 size-thumbnail_350x320\" alt=\"\" \/>            <\/div>\r\n        \r\n        <div class=\"text-holder\">\r\n                        <h3 class=\"title-block\">Integraci\u00f3n perfecta dentro de la red local IP.<\/h3>\r\n          \r\n                        <div class=\"text-block\">\r\n                <p>Los sistemas de intercomunicadores BAS-IP para puertas est\u00e1n dise\u00f1ados para funcionar de manera fluida dentro de la misma red local IP, lo que garantiza una instalaci\u00f3n y configuraci\u00f3n sencillas. Esta integraci\u00f3n perfecta le permite incorporar sin esfuerzo su sistema de intercomunicador a la infraestructura de red existente, minimizando problemas de compatibilidad y reduciendo la complejidad.<\/p>\n              <\/div>\r\n                  <\/div>\r\n    <\/div>\r\n<\/div>\r\n                    <div class=\"features-item\" data-aos=\"fade-up\">\r\n    <div class=\"features-box\">\r\n                    <div class=\"image-holder\">\r\n                <img loading=\"lazy\" decoding=\"async\" width=\"350\" height=\"320\" src=\"https:\/\/bas-ip.com\/wp-content\/uploads\/2023\/04\/2-3-350x320.jpg\" class=\"attachment-thumbnail_350x320 size-thumbnail_350x320\" alt=\"\" \/>            <\/div>\r\n        \r\n        <div class=\"text-holder\">\r\n                        <h3 class=\"title-block\">Conectividad de larga distancia.<\/h3>\r\n          \r\n                        <div class=\"text-block\">\r\n                <p>Una de las caracter\u00edsticas destacadas de los sistemas de intercomunicadores BAS-IP para puertas es su capacidad para funcionar a largas distancias. Esto los convierte en una opci\u00f3n ideal para grandes propiedades, complejos residenciales extensos o instalaciones comerciales donde los puntos de acceso pueden estar dispersos. Con las soluciones de intercomunicadores BAS-IP para puertas, puede mantener una comunicaci\u00f3n segura y control sobre toda su propiedad, sin importar la distancia.<\/p>\n              <\/div>\r\n                  <\/div>\r\n    <\/div>\r\n<\/div>\r\n                    <div class=\"features-item\" data-aos=\"fade-up\">\r\n    <div class=\"features-box\">\r\n                    <div class=\"image-holder\">\r\n                <img loading=\"lazy\" decoding=\"async\" width=\"350\" height=\"320\" src=\"https:\/\/bas-ip.com\/wp-content\/uploads\/2023\/04\/3-3-350x320.jpg\" class=\"attachment-thumbnail_350x320 size-thumbnail_350x320\" alt=\"\" \/>            <\/div>\r\n        \r\n        <div class=\"text-holder\">\r\n                        <h3 class=\"title-block\">Control de puerta basado en PC.<\/h3>\r\n          \r\n                        <div class=\"text-block\">\r\n                <p>Los sistemas de intercomunicadores BAS-IP para puertas ofrecen la flexibilidad de abrir y gestionar sus puertas desde un PC. Esto significa que puede controlar el acceso de forma remota y conveniente, sin necesidad de una interfaz f\u00edsica dedicada. Ya sea que est\u00e9 en casa o en la oficina, tendr\u00e1 control total sobre los puntos de acceso de su propiedad directamente desde la comodidad de sus manos.<\/p>\n              <\/div>\r\n                  <\/div>\r\n    <\/div>\r\n<\/div>\r\n                    <div class=\"features-item\" data-aos=\"fade-up\">\r\n    <div class=\"features-box\">\r\n                    <div class=\"image-holder\">\r\n                <img loading=\"lazy\" decoding=\"async\" width=\"350\" height=\"320\" src=\"https:\/\/bas-ip.com\/wp-content\/uploads\/2023\/04\/4-3-350x320.jpg\" class=\"attachment-thumbnail_350x320 size-thumbnail_350x320\" alt=\"\" \/>            <\/div>\r\n        \r\n        <div class=\"text-holder\">\r\n                        <h3 class=\"title-block\">M\u00f3dulo de doble cerradura para gesti\u00f3n de m\u00faltiples puertas.<\/h3>\r\n          \r\n                        <div class=\"text-block\">\r\n                <p>El m\u00f3dulo de doble cerradura BAS-IP SH-42 le permite controlar dos puertas simult\u00e1neamente utilizando un solo sistema de intercomunicador para puertas. Esta funci\u00f3n es ideal para propiedades con m\u00faltiples puntos de acceso o entradas separadas para peatones y veh\u00edculos, lo que permite una gesti\u00f3n eficiente de todas sus puertas desde un sistema centralizado.<\/p>\n              <\/div>\r\n                  <\/div>\r\n    <\/div>\r\n<\/div>\r\n                    <div class=\"features-item\" data-aos=\"fade-up\">\r\n    <div class=\"features-box\">\r\n                    <div class=\"image-holder\">\r\n                <img loading=\"lazy\" decoding=\"async\" width=\"350\" height=\"320\" src=\"https:\/\/bas-ip.com\/wp-content\/uploads\/2023\/04\/5-4-350x320.jpg\" class=\"attachment-thumbnail_350x320 size-thumbnail_350x320\" alt=\"\" \/>            <\/div>\r\n        \r\n        <div class=\"text-holder\">\r\n                        <h3 class=\"title-block\">Integraci\u00f3n con sistemas de CCTV IP existentes.<\/h3>\r\n          \r\n                        <div class=\"text-block\">\r\n                <p>Los sistemas de intercomunicadores de video BAS-IP para puertas se pueden integrar f\u00e1cilmente con su infraestructura de CCTV IP existente. Esto le permite monitorear y controlar los puntos de acceso de su propiedad utilizando la misma interfaz que sus c\u00e1maras de seguridad, agilizando la gesti\u00f3n de seguridad y mejorando la eficiencia general.<\/p>\n              <\/div>\r\n                  <\/div>\r\n    <\/div>\r\n<\/div>\r\n                    <div class=\"features-item\" data-aos=\"fade-up\">\r\n    <div class=\"features-box\">\r\n                    <div class=\"image-holder\">\r\n                <img loading=\"lazy\" decoding=\"async\" width=\"350\" height=\"320\" src=\"https:\/\/bas-ip.com\/wp-content\/uploads\/2023\/04\/6-3-350x320.jpg\" class=\"attachment-thumbnail_350x320 size-thumbnail_350x320\" alt=\"\" \/>            <\/div>\r\n        \r\n        <div class=\"text-holder\">\r\n                        <h3 class=\"title-block\">Integraci\u00f3n de reconocimiento de matr\u00edculas.<\/h3>\r\n          \r\n                        <div class=\"text-block\">\r\n                <p>Los paneles de entrada BAS-IP se pueden integrar con c\u00e1maras de reconocimiento de matr\u00edculas, lo que le permite automatizar el acceso para veh\u00edculos preautorizados. Esta caracter\u00edstica avanzada mejora significativamente la seguridad y la comodidad al abrir autom\u00e1ticamente las barreras para veh\u00edculos autorizados, minimizando los tiempos de espera y reduciendo la necesidad de control de acceso manual.<\/p>\n              <\/div>\r\n                  <\/div>\r\n    <\/div>\r\n<\/div>\r\n            <\/div>\r\n<\/section>\r\n<!-- END Block Features -->\n\n\n<h2 class=\"wp-block-heading\"><strong>Compatible con varios tipos de puertas.<\/strong><\/h2>\n\n\n\n<p>Los intercomunicadores BAS-IP para puertas se pueden integrar con diferentes mecanismos de puertas, ofreciendo una experiencia de comunicaci\u00f3n fluida para los usuarios:<\/p>\n\n\n\n<ol class=\"wp-block-list\">\n<li><strong>Puertas abatibles:<\/strong> Estas puertas se abren y cierran con un movimiento oscilante, ya sea hacia adentro o hacia afuera. Son populares en entornos residenciales y comerciales debido a su apariencia cl\u00e1sica y facilidad de uso.<\/li>\n\n\n\n<li><strong>Puertas corredizas:<\/strong> Com\u00fanmente utilizadas en entornos comerciales e industriales, las puertas corredizas se desplazan horizontalmente a lo largo de una v\u00eda para abrirse y cerrarse.<\/li>\n\n\n\n<li><strong>Puertas de barrera: <\/strong>Frecuentemente encontradas en estacionamientos y \u00e1reas con control de acceso, las puertas de barrera utilizan un brazo vertical para controlar la entrada y salida.<\/li>\n\n\n\n<li><strong>Puertas plegables:<\/strong> Estas puertas constan de dos paneles que se pliegan juntos al abrirse, ahorrando espacio y proporcionando una apariencia elegante.<\/li>\n\n\n\n<li><strong>Puertas de elevaci\u00f3n vertical<\/strong>: Utilizadas t\u00edpicamente en \u00e1reas de alta seguridad, las puertas de elevaci\u00f3n vertical se mueven hacia arriba y hacia abajo para abrirse y cerrarse.<\/li>\n\n\n\n<li><strong>Torniquetes:<\/strong> Comunes en centros de transporte p\u00fablico y algunos edificios comerciales, los torniquetes controlan el acceso permitiendo que solo una persona pase a la vez.<\/li>\n\n\n\n<li><strong>Puertas peatonales:<\/strong> Estas puertas est\u00e1n dise\u00f1adas espec\u00edficamente para el paso de personas a pie y se pueden encontrar en diversos entornos, como comunidades residenciales, parques o complejos comerciales.<\/li>\n<\/ol>\n\n\n\n<p>La adaptabilidad del intercomunicador BAS-IP lo convierte en una opci\u00f3n ideal para una amplia variedad de tipos de puertas, asegurando un control de acceso eficiente y seguro para propiedades residenciales, comerciales e industriales.<\/p>\n\n\n\n<h2 class=\"wp-block-heading\"><strong>Understanding the Components of a BAS-IP Intercom System for Gates<\/strong><\/h2>\n\n\n\n<p>Los sistemas de intercomunicadores BAS-IP para puertas constan de tres componentes principales, cada uno de los cuales desempe\u00f1a un papel crucial en la creaci\u00f3n de un sistema de intercomunicador de entrada completo y eficiente:<\/p>\n\n\n<!-- START Block Features --><section id=\"block_643053d1c3f45\" class=\"features-section\">\r\n\t\r\n    <div class=\"features-list\">\r\n                    <div class=\"features-item\" data-aos=\"fade-up\">\r\n    <div class=\"features-box\">\r\n                    <div class=\"image-holder\">\r\n                <img loading=\"lazy\" decoding=\"async\" width=\"350\" height=\"320\" src=\"https:\/\/bas-ip.com\/wp-content\/uploads\/2023\/04\/7-1-350x320.jpg\" class=\"attachment-thumbnail_350x320 size-thumbnail_350x320\" alt=\"\" \/>            <\/div>\r\n        \r\n        <div class=\"text-holder\">\r\n                        <h3 class=\"title-block\">Paneles de puerta con intercomunicador IP.<\/h3>\r\n          \r\n                        <div class=\"text-block\">\r\n                <p>Los paneles de entrada BAS-IP sirven como la interfaz principal para su sistema de intercomunicador de puerta. Est\u00e1n dise\u00f1ados para ser duraderos, resistentes a la intemperie y f\u00e1ciles de usar. Con una variedad de dise\u00f1os y acabados, estos paneles pueden personalizarse para adaptarse a la est\u00e9tica de su propiedad. Con c\u00e1maras, micr\u00f3fonos y altavoces integrados, los paneles de puerta BAS-IP proporcionan comunicaci\u00f3n de audio y video n\u00edtida entre el visitante y el residente o el personal de seguridad.<\/p>\n              <\/div>\r\n                  <\/div>\r\n    <\/div>\r\n<\/div>\r\n                    <div class=\"features-item\" data-aos=\"fade-up\">\r\n    <div class=\"features-box\">\r\n                    <div class=\"image-holder\">\r\n                <img loading=\"lazy\" decoding=\"async\" width=\"350\" height=\"320\" src=\"https:\/\/bas-ip.com\/wp-content\/uploads\/2023\/04\/8-1-350x320.jpg\" class=\"attachment-thumbnail_350x320 size-thumbnail_350x320\" alt=\"\" \/>            <\/div>\r\n        \r\n        <div class=\"text-holder\">\r\n                        <h3 class=\"title-block\">Tel\u00e9fonos de video.<\/h3>\r\n          \r\n                        <div class=\"text-block\">\r\n                <p>Los tel\u00e9fonos de video BAS-IP sirven como la interfaz interna de su sistema de intercomunicador, permiti\u00e9ndole ver y hablar con los visitantes en su puerta. Estos dispositivos ofrecen comunicaci\u00f3n de video y audio de alta calidad, asegurando que pueda identificar y comunicarse claramente con sus visitantes antes de permitirles el acceso a su propiedad.<\/p>\n              <\/div>\r\n                  <\/div>\r\n    <\/div>\r\n<\/div>\r\n                    <div class=\"features-item\" data-aos=\"fade-up\">\r\n    <div class=\"features-box\">\r\n                    <div class=\"image-holder\">\r\n                <img loading=\"lazy\" decoding=\"async\" width=\"350\" height=\"320\" src=\"https:\/\/bas-ip.com\/wp-content\/uploads\/2023\/04\/9-1-350x320.jpg\" class=\"attachment-thumbnail_350x320 size-thumbnail_350x320\" alt=\"\" \/>            <\/div>\r\n        \r\n        <div class=\"text-holder\">\r\n                        <h3 class=\"title-block\">Conmutadores POE (Power over Ethernet).<\/h3>\r\n          \r\n                        <div class=\"text-block\">\r\n                <p>Los conmutadores Power over Ethernet (POE) son un componente esencial de un intercomunicador BAS-IP para puertas el\u00e9ctricas. Proporcionan tanto energ\u00eda como conectividad de datos a sus dispositivos de intercomunicaci\u00f3n utilizando un solo cable Ethernet. Esto simplifica la instalaci\u00f3n, reduce el desorden de cables y asegura una conexi\u00f3n confiable y de alta velocidad entre los componentes de su intercomunicador de puerta.<\/p>\n              <\/div>\r\n                  <\/div>\r\n    <\/div>\r\n<\/div>\r\n            <\/div>\r\n<\/section>\r\n<!-- END Block Features -->\n\n<!-- START Block FAQ --><section id=\"block_6421c0e7ae86e\" class=\"faq-section\">\r\n\t\t    <h2 class=\"title-section\" data-aos=\"fade-right\">Preguntas Frecuentes (FAQ).<\/h2>\r\n\t\t\t    <div class=\"faq-list js-accordion\" data-aos=\"fade-up\">\r\n\t\t\t\t\t\t\t\t\t\t\t    <div class=\"accordion-item faq-item\">\r\n                        <div class=\"accordion-opener\">\r\n                            Q: \u00bfPuedo utilizar un sistema de intercomunicaci\u00f3n BAS-IP con mi red local IP existente?                            <i class=\"fa-solid fa-chevron-down\"><\/i>\r\n                        <\/div>\r\n                        <div class=\"accordion-slide\">\r\n\t\t\t\t\t\t    <p>S\u00ed, los sistemas de intercomunicadores BAS-IP para puertas est\u00e1n dise\u00f1ados para funcionar de manera fluida dentro de su red local IP existente, lo que hace que la integraci\u00f3n sea f\u00e1cil y sin complicaciones.<\/p>\n                        <\/div>\r\n\t\t\t\t\t<\/div>\r\n\t\t\t\t\t\t\t\t\t\t\t\t\t\t\t    <div class=\"accordion-item faq-item\">\r\n                        <div class=\"accordion-opener\">\r\n                            Q: \u00bfC\u00f3mo funcionan los sistemas de intercomunicaci\u00f3n BAS-IP para puertas a largas distancias?                            <i class=\"fa-solid fa-chevron-down\"><\/i>\r\n                        <\/div>\r\n                        <div class=\"accordion-slide\">\r\n\t\t\t\t\t\t    <p>Los sistemas de intercomunicadores BAS-IP para puertas est\u00e1n dise\u00f1ados para funcionar de manera eficiente a largas distancias, lo que los convierte en una opci\u00f3n ideal para propiedades con puntos de acceso dispersos o instalaciones grandes.<\/p>\n                        <\/div>\r\n\t\t\t\t\t<\/div>\r\n\t\t\t\t\t\t\t\t\t\t\t\t\t\t\t    <div class=\"accordion-item faq-item\">\r\n                        <div class=\"accordion-opener\">\r\n                            Q: \u00bfC\u00f3mo puedo integrar mi videoportero BAS-IP con mi sistema CCTV IP existente?                            <i class=\"fa-solid fa-chevron-down\"><\/i>\r\n                        <\/div>\r\n                        <div class=\"accordion-slide\">\r\n\t\t\t\t\t\t    <p>Los sistemas de intercomunicadores BAS-IP para puertas se pueden integrar f\u00e1cilmente con su infraestructura de CCTV IP existente, lo que le permite gestionar y monitorear los puntos de acceso de su propiedad utilizando la misma interfaz que sus c\u00e1maras de seguridad.<\/p>\n                        <\/div>\r\n\t\t\t\t\t<\/div>\r\n\t\t\t\t\t\t\t\t\t\t\t\t\t\t\t    <div class=\"accordion-item faq-item\">\r\n                        <div class=\"accordion-opener\">\r\n                            Q: \u00bfEs posible controlar varias puertas utilizando un \u00fanico dispositivo de intercomunicaci\u00f3n BAS-IP?                            <i class=\"fa-solid fa-chevron-down\"><\/i>\r\n                        <\/div>\r\n                        <div class=\"accordion-slide\">\r\n\t\t\t\t\t\t    <p>S\u00ed, con el m\u00f3dulo de doble cerradura BAS-IP SH-42, puede controlar dos puertas simult\u00e1neamente utilizando un solo sistema de intercomunicador para puertas. Esta caracter\u00edstica es perfecta para propiedades con m\u00faltiples puntos de acceso o entradas separadas para peatones y veh\u00edculos.<\/p>\n                        <\/div>\r\n\t\t\t\t\t<\/div>\r\n\t\t\t\t\t\t\t\t\t<\/div>\r\n\t<\/section>\r\n<!-- END Block FAQ -->\n\n\n<p>Los sistemas de intercomunicadores BAS-IP para puertas ofrecen la combinaci\u00f3n perfecta de comodidad, seguridad y tecnolog\u00eda avanzada para un control sin igual sobre el acceso a su propiedad. Con caracter\u00edsticas \u00fanicas como integraci\u00f3n perfecta en redes locales IP, conectividad a larga distancia, control de puertas basado en PC, funcionalidad del m\u00f3dulo de doble cerradura, integraci\u00f3n con sistemas de CCTV IP y compatibilidad con c\u00e1maras de reconocimiento de matr\u00edculas, los sistemas de intercomunicadores BAS-IP para puertas son una opci\u00f3n excepcional para cualquier propietario que busque mejorar la gesti\u00f3n de su acceso.<\/p>\n\n\n\n<p>Al elegir un sistema de intercomunicador para puerta de entrada BAS-IP, estar\u00e1 invirtiendo en una soluci\u00f3n que puede adaptarse f\u00e1cilmente a sus necesidades, crecer con su propiedad y brindarle la tranquilidad de saber que su propiedad est\u00e1 segura y solo es accesible para aquellos en quienes conf\u00eda. Experimente hoy mismo la diferencia que un sistema de intercomunicador BAS-IP puede hacer en su propiedad.<\/p>","protected":false},"excerpt":{"rendered":"<p>Sistema de intercomunicador de entrada: Mejore su seguridad. Bienvenido al futuro de la gesti\u00f3n de acceso a propiedades, donde la comodidad, la seguridad y la tecnolog\u00eda de vanguardia se combinan. Con un sistema de intercomunicador BAS-IP para puertas, podr\u00e1 disfrutar de un control sin igual sobre los puntos de acceso de su propiedad. Ya sea [&hellip;]<\/p>","protected":false},"author":1,"featured_media":0,"parent":0,"menu_order":0,"comment_status":"closed","ping_status":"closed","template":"","meta":{"inline_featured_image":false,"footnotes":""},"class_list":["post-133791","page","type-page","status-publish","hentry"],"acf":[],"_links":{"self":[{"href":"https:\/\/bas-ip.com\/es\/wp-json\/wp\/v2\/pages\/133791","targetHints":{"allow":["GET"]}}],"collection":[{"href":"https:\/\/bas-ip.com\/es\/wp-json\/wp\/v2\/pages"}],"about":[{"href":"https:\/\/bas-ip.com\/es\/wp-json\/wp\/v2\/types\/page"}],"author":[{"embeddable":true,"href":"https:\/\/bas-ip.com\/es\/wp-json\/wp\/v2\/users\/1"}],"replies":[{"embeddable":true,"href":"https:\/\/bas-ip.com\/es\/wp-json\/wp\/v2\/comments?post=133791"}],"version-history":[{"count":3,"href":"https:\/\/bas-ip.com\/es\/wp-json\/wp\/v2\/pages\/133791\/revisions"}],"predecessor-version":[{"id":133917,"href":"https:\/\/bas-ip.com\/es\/wp-json\/wp\/v2\/pages\/133791\/revisions\/133917"}],"wp:attachment":[{"href":"https:\/\/bas-ip.com\/es\/wp-json\/wp\/v2\/media?parent=133791"}],"curies":[{"name":"wp","href":"https:\/\/api.w.org\/{rel}","templated":true}]}}