{"id":133510,"date":"2023-03-27T12:22:38","date_gmt":"2023-03-27T12:22:38","guid":{"rendered":"https:\/\/bas-ip.com\/school\/"},"modified":"2025-03-13T11:38:25","modified_gmt":"2025-03-13T11:38:25","slug":"school","status":"publish","type":"page","link":"https:\/\/bas-ip.com\/es\/school\/","title":{"rendered":"Escuela"},"content":{"rendered":"<h1 class=\"wp-block-heading\"><strong>Sistemas de intercomunicaci\u00f3n para escuelas<\/strong><\/h1>\n\n\n\n<p>En el mundo actual, la comunicaci\u00f3n fluida y la seguridad son componentes esenciales de cualquier instituci\u00f3n educativa. Un sistema de intercomunicaci\u00f3n escolar eficiente no solo garantiza una comunicaci\u00f3n r\u00e1pida, sino que tambi\u00e9n mejora la seguridad de los estudiantes, profesores y personal. Presentamos el sistema de intercomunicaci\u00f3n BAS-IP para escuelas, la soluci\u00f3n definitiva que combina tecnolog\u00eda robusta, caracter\u00edsticas innovadoras y un rendimiento inigualable. Este art\u00edculo profundiza en las caracter\u00edsticas clave y ventajas de los sistemas de intercomunicaci\u00f3n BAS-IP, mostrando por qu\u00e9 son la mejor opci\u00f3n para su escuela.<\/p>\n\n\n\n<h2 class=\"wp-block-heading\"><strong>El poder de la intercomunicaci\u00f3n IP para las escuelas<\/strong><\/h2>\n\n\n\n<h3 class=\"wp-block-heading\"><strong>Sistema de intercomunicaci\u00f3n IP con cable: la mejor opci\u00f3n<\/strong><\/h3>\n\n\n\n<p>Aunque los sistemas de intercomunicaci\u00f3n inal\u00e1mbricos ofrecen un cierto nivel de comodidad, los sistemas de intercomunicaci\u00f3n IP cableados brindan un nivel superior de fiabilidad, seguridad y rendimiento. Al utilizar el sistema de intercomunicaci\u00f3n BAS-IP para escuelas, est\u00e1 invirtiendo en una soluci\u00f3n segura y estable que garantiza una comunicaci\u00f3n y control ininterrumpidos.<\/p>\n\n\n\n<h3 class=\"wp-block-heading\"><strong>Una soluci\u00f3n integral para instituciones educativas<\/strong><\/h3>\n\n\n\n<p>El sistema de intercomunicaci\u00f3n BAS-IP est\u00e1 dise\u00f1ado para satisfacer las necesidades de escuelas, campus y universidades. Integra de manera fluida paneles de audio, terminales de conserjer\u00eda y switches POE, creando una red de comunicaci\u00f3n unificada que es tanto eficiente como rentable. Con sus caracter\u00edsticas \u00fanicas, como el monitoreo de temperatura en la entrada de la escuela, este sistema de intercomunicaci\u00f3n garantiza una mayor seguridad y comodidad para todos los usuarios.<\/p>\n\n\n\n<h2 class=\"wp-block-heading\"><strong>Componentes clave del sistema de intercomunicaci\u00f3n escolar BAS-IP<\/strong><\/h2>\n\n\n<!-- START Block Features --><section id=\"block_6430565dc8a2b\" class=\"features-section\">\r\n\t\r\n    <div class=\"features-list\">\r\n                    <div class=\"features-item\" data-aos=\"fade-up\">\r\n    <div class=\"features-box\">\r\n                    <div class=\"image-holder\">\r\n                <img loading=\"lazy\" decoding=\"async\" width=\"350\" height=\"320\" src=\"https:\/\/bas-ip.com\/wp-content\/uploads\/2023\/04\/1-4-350x320.jpg\" class=\"attachment-thumbnail_350x320 size-thumbnail_350x320\" alt=\"\" \/>            <\/div>\r\n        \r\n        <div class=\"text-holder\">\r\n                        <h3 class=\"title-block\">Panel de audio BAS-IP AV-04AFD<\/h3>\r\n          \r\n                        <div class=\"text-block\">\r\n                <p>El panel de audio AV-04AFD es una soluci\u00f3n de intercomunicaci\u00f3n asequible y rica en caracter\u00edsticas, dise\u00f1ada espec\u00edficamente para instituciones educativas. Permite una comunicaci\u00f3n clara y n\u00edtida entre las diferentes \u00e1reas de la escuela, al mismo tiempo que garantiza un acceso controlado y \u00e1gil.<\/p>\n              <\/div>\r\n                  <\/div>\r\n    <\/div>\r\n<\/div>\r\n                    <div class=\"features-item\" data-aos=\"fade-up\">\r\n    <div class=\"features-box\">\r\n                    <div class=\"image-holder\">\r\n                <img loading=\"lazy\" decoding=\"async\" width=\"350\" height=\"320\" src=\"https:\/\/bas-ip.com\/wp-content\/uploads\/2023\/04\/2-4-350x320.jpg\" class=\"attachment-thumbnail_350x320 size-thumbnail_350x320\" alt=\"\" \/>            <\/div>\r\n        \r\n        <div class=\"text-holder\">\r\n                        <h3 class=\"title-block\">Terminal de conserjer\u00eda BAS-IP AM-02<\/h3>\r\n          \r\n                        <div class=\"text-block\">\r\n                <p>El terminal de conserjer\u00eda AM-02 funciona como un punto de control central para todo el sistema de intercomunicaci\u00f3n, permitiendo al personal gestionar llamadas, monitorear entradas y otorgar acceso con facilidad. Su interfaz intuitiva lo convierte en la opci\u00f3n perfecta para una comunicaci\u00f3n y administraci\u00f3n eficientes.<\/p>\n              <\/div>\r\n                  <\/div>\r\n    <\/div>\r\n<\/div>\r\n                    <div class=\"features-item\" data-aos=\"fade-up\">\r\n    <div class=\"features-box\">\r\n                    <div class=\"image-holder\">\r\n                <img loading=\"lazy\" decoding=\"async\" width=\"350\" height=\"320\" src=\"https:\/\/bas-ip.com\/wp-content\/uploads\/2023\/04\/3-4-350x320.jpg\" class=\"attachment-thumbnail_350x320 size-thumbnail_350x320\" alt=\"\" \/>            <\/div>\r\n        \r\n        <div class=\"text-holder\">\r\n                        <h3 class=\"title-block\">Conmutador POE de 16 puertos BAS-IP SH-20.16<\/h3>\r\n          \r\n                        <div class=\"text-block\">\r\n                <p>El switch POE de 16 puertos SH-20.16 proporciona la potencia y conectividad necesarias para el sistema de intercomunicaci\u00f3n BAS-IP, garantizando un rendimiento fluido e ininterrumpido en todo el campus escolar.<\/p>\n              <\/div>\r\n                  <\/div>\r\n    <\/div>\r\n<\/div>\r\n                    <div class=\"features-item\" data-aos=\"fade-up\">\r\n    <div class=\"features-box\">\r\n                    <div class=\"image-holder\">\r\n                <img loading=\"lazy\" decoding=\"async\" width=\"350\" height=\"320\" src=\"https:\/\/bas-ip.com\/wp-content\/uploads\/2023\/04\/4-4-350x320.jpg\" class=\"attachment-thumbnail_350x320 size-thumbnail_350x320\" alt=\"\" \/>            <\/div>\r\n        \r\n        <div class=\"text-holder\">\r\n                        <h3 class=\"title-block\">Modelo de temperatura BAS-IP SH-31TM<\/h3>\r\n          \r\n                        <div class=\"text-block\">\r\n                <p>El modelo de temperatura SH-31TM se puede instalar en la entrada de la escuela, permitiendo el monitoreo de temperatura en tiempo real y ayudando a mantener un ambiente saludable para estudiantes, personal y visitantes. Al agregar esta capa adicional de seguridad, su escuela puede abordar de manera proactiva posibles preocupaciones de salud y garantizar el bienestar de todos en el campus.<\/p>\n              <\/div>\r\n                  <\/div>\r\n    <\/div>\r\n<\/div>\r\n                    <div class=\"features-item features-full-width\" data-aos=\"fade-up\">\r\n    <div class=\"features-box image-position-left\">\r\n                <div class=\"image-holder\">\r\n            <img loading=\"lazy\" decoding=\"async\" width=\"1\" height=\"1\" src=\"https:\/\/bas-ip.com\/wp-content\/uploads\/2023\/04\/school-1.svg\" class=\"attachment-thumbnail_350x320 size-thumbnail_350x320\" alt=\"\" \/>          <\/div>\r\n      \r\n      <div class=\"text-holder\">\r\n                        <h3 class=\"title-block\">Aprovechamiento de las redes IP para una integraci\u00f3n perfecta<\/h3>\r\n          \r\n                        <div class=\"text-block\">\r\n                <p>Los sistemas de intercomunicaci\u00f3n BAS-IP est\u00e1n dise\u00f1ados para funcionar de manera fluida dentro de la red local IP existente de su escuela, lo que permite una instalaci\u00f3n y mantenimiento sencillos. Esta integraci\u00f3n facilita una mejor comunicaci\u00f3n, control de acceso y seguridad en toda la instituci\u00f3n educativa.<\/p>\n              <\/div>\r\n                <\/div>\r\n    <\/div>\r\n<\/div>\r\n                    <div class=\"features-item features-full-width\" data-aos=\"fade-up\">\r\n    <div class=\"features-box image-position-right\">\r\n                <div class=\"image-holder\">\r\n            <img loading=\"lazy\" decoding=\"async\" width=\"1\" height=\"1\" src=\"https:\/\/bas-ip.com\/wp-content\/uploads\/2023\/04\/collage-1.svg\" class=\"attachment-thumbnail_350x320 size-thumbnail_350x320\" alt=\"\" \/>          <\/div>\r\n      \r\n      <div class=\"text-holder\">\r\n                        <h3 class=\"title-block\">Acceso y control remoto desde su PC<\/h3>\r\n          \r\n                        <div class=\"text-block\">\r\n                <p>Con el avanzado sistema de intercomunicaci\u00f3n BAS-IP, el personal escolar puede utilizar f\u00e1cilmente sus computadoras para comunicarse a trav\u00e9s del intercomunicador, monitorear entradas y controlar el acceso a las puertas. Esta flexibilidad permite mejorar los tiempos de respuesta y una mayor eficiencia en la gesti\u00f3n de tareas diarias y emergencias.<\/p>\n              <\/div>\r\n                <\/div>\r\n    <\/div>\r\n<\/div>\r\n            <\/div>\r\n<\/section>\r\n<!-- END Block Features -->\n\n<!-- START Block FAQ --><section id=\"block_64218de5ac119\" class=\"faq-section\">\r\n\t\t    <h2 class=\"title-section\" data-aos=\"fade-right\">Preguntas frecuentes<\/h2>\r\n\t\t\t    <div class=\"faq-list js-accordion\" data-aos=\"fade-up\">\r\n\t\t\t\t\t\t\t\t\t\t\t    <div class=\"accordion-item faq-item\">\r\n                        <div class=\"accordion-opener\">\r\n                            Q: \u00bfPuede el sistema de intercomunicaci\u00f3n BAS-IP para escuelas integrarse f\u00e1cilmente en nuestra infraestructura existente?                            <i class=\"fa-solid fa-chevron-down\"><\/i>\r\n                        <\/div>\r\n                        <div class=\"accordion-slide\">\r\n\t\t\t\t\t\t    <p>S\u00ed, los sistemas de intercomunicaci\u00f3n BAS-IP se pueden integrar f\u00e1cilmente en la red local IP existente de su escuela, lo que permite un proceso de instalaci\u00f3n fluido y rentable.<\/p>\n                        <\/div>\r\n\t\t\t\t\t<\/div>\r\n\t\t\t\t\t\t\t\t\t\t\t\t\t\t\t    <div class=\"accordion-item faq-item\">\r\n                        <div class=\"accordion-opener\">\r\n                            Q: \u00bfC\u00f3mo garantiza el sistema de intercomunicaci\u00f3n BAS-IP la seguridad de nuestros estudiantes y personal?                            <i class=\"fa-solid fa-chevron-down\"><\/i>\r\n                        <\/div>\r\n                        <div class=\"accordion-slide\">\r\n\t\t\t\t\t\t    <p>El sistema de intercomunicaci\u00f3n BAS-IP ofrece m\u00faltiples caracter\u00edsticas de seguridad, como el monitoreo de temperatura en las entradas, un control de acceso r\u00e1pido y la capacidad de monitorear y gestionar la comunicaci\u00f3n y el acceso a las puertas desde su PC, garantizando un entorno seguro para todos.<\/p>\n                        <\/div>\r\n\t\t\t\t\t<\/div>\r\n\t\t\t\t\t\t\t\t\t\t\t\t\t\t\t    <div class=\"accordion-item faq-item\">\r\n                        <div class=\"accordion-opener\">\r\n                            Q: \u00bfEl sistema de intercomunicaci\u00f3n BAS-IP es compatible con otros dispositivos y sistemas de comunicaci\u00f3n?                            <i class=\"fa-solid fa-chevron-down\"><\/i>\r\n                        <\/div>\r\n                        <div class=\"accordion-slide\">\r\n\t\t\t\t\t\t    <p>S\u00ed, el sistema de intercomunicaci\u00f3n BAS-IP est\u00e1 dise\u00f1ado para funcionar de manera fluida con una variedad de dispositivos y sistemas de comunicaci\u00f3n, proporcionando una soluci\u00f3n integral y flexible para las necesidades de comunicaci\u00f3n de su escuela.<\/p>\n                        <\/div>\r\n\t\t\t\t\t<\/div>\r\n\t\t\t\t\t\t\t\t\t\t\t\t\t\t\t    <div class=\"accordion-item faq-item\">\r\n                        <div class=\"accordion-opener\">\r\n                            Q: \u00bfQu\u00e9 tan confiables son los sistemas de intercomunicaci\u00f3n IP con cable en comparaci\u00f3n con los sistemas de intercomunicaci\u00f3n inal\u00e1mbricos?                            <i class=\"fa-solid fa-chevron-down\"><\/i>\r\n                        <\/div>\r\n                        <div class=\"accordion-slide\">\r\n\t\t\t\t\t\t    <p>Los sistemas de intercomunicaci\u00f3n IP cableados, como el sistema BAS-IP para escuelas, ofrecen una fiabilidad, seguridad y rendimiento superiores en comparaci\u00f3n con los sistemas de intercomunicaci\u00f3n inal\u00e1mbricos. Garantizan una comunicaci\u00f3n y control estables e ininterrumpidos, lo que los convierte en la opci\u00f3n ideal para las instituciones educativas.<\/p>\n                        <\/div>\r\n\t\t\t\t\t<\/div>\r\n\t\t\t\t\t\t\t\t\t\t\t\t\t\t\t    <div class=\"accordion-item faq-item\">\r\n                        <div class=\"accordion-opener\">\r\n                            Q: \u00bfPodemos personalizar el sistema de intercomunicaci\u00f3n BAS-IP para satisfacer las necesidades espec\u00edficas de nuestra escuela?                            <i class=\"fa-solid fa-chevron-down\"><\/i>\r\n                        <\/div>\r\n                        <div class=\"accordion-slide\">\r\n\t\t\t\t\t\t    <p>S\u00ed, el sistema de intercomunicaci\u00f3n BAS-IP es altamente personalizable y se puede adaptar para satisfacer los requisitos \u00fanicos de su escuela. Su dise\u00f1o modular permite la adici\u00f3n de varios componentes, como el modelo de temperatura, para mejorar la seguridad y funcionalidad.<\/p>\n                        <\/div>\r\n\t\t\t\t\t<\/div>\r\n\t\t\t\t\t\t\t\t\t<\/div>\r\n\t<\/section>\r\n<!-- END Block FAQ -->\n\n\n<p>Invertir en un sistema de intercomunicaci\u00f3n confiable, rico en caracter\u00edsticas y seguro es crucial para la seguridad y eficiencia de cualquier instituci\u00f3n educativa. El sistema de intercomunicaci\u00f3n BAS-IP para escuelas ofrece un rendimiento inigualable, caracter\u00edsticas innovadoras e integraci\u00f3n perfecta con las redes IP existentes. Al elegir BAS-IP, est\u00e1 invirtiendo en el futuro de la comunicaci\u00f3n y la infraestructura de seguridad de su escuela. Experimente la revoluci\u00f3n en la comunicaci\u00f3n con el mejor sistema de intercomunicaci\u00f3n escolar: BAS-IP. Mejore la seguridad, la comunicaci\u00f3n y el entorno general de su instituci\u00f3n educativa, asegurando el bienestar de estudiantes, personal y visitantes. No comprometa la calidad; conf\u00ede en BAS-IP para ofrecer un rendimiento y fiabilidad excepcionales para su escuela.<\/p>","protected":false},"excerpt":{"rendered":"<p>Sistemas de intercomunicaci\u00f3n para escuelas En el mundo actual, la comunicaci\u00f3n fluida y la seguridad son componentes esenciales de cualquier instituci\u00f3n educativa. Un sistema de intercomunicaci\u00f3n escolar eficiente no solo garantiza una comunicaci\u00f3n r\u00e1pida, sino que tambi\u00e9n mejora la seguridad de los estudiantes, profesores y personal. Presentamos el sistema de intercomunicaci\u00f3n BAS-IP para escuelas, la [&hellip;]<\/p>","protected":false},"author":1,"featured_media":0,"parent":0,"menu_order":0,"comment_status":"closed","ping_status":"closed","template":"","meta":{"inline_featured_image":false,"footnotes":""},"class_list":["post-133510","page","type-page","status-publish","hentry"],"acf":[],"_links":{"self":[{"href":"https:\/\/bas-ip.com\/es\/wp-json\/wp\/v2\/pages\/133510","targetHints":{"allow":["GET"]}}],"collection":[{"href":"https:\/\/bas-ip.com\/es\/wp-json\/wp\/v2\/pages"}],"about":[{"href":"https:\/\/bas-ip.com\/es\/wp-json\/wp\/v2\/types\/page"}],"author":[{"embeddable":true,"href":"https:\/\/bas-ip.com\/es\/wp-json\/wp\/v2\/users\/1"}],"replies":[{"embeddable":true,"href":"https:\/\/bas-ip.com\/es\/wp-json\/wp\/v2\/comments?post=133510"}],"version-history":[{"count":3,"href":"https:\/\/bas-ip.com\/es\/wp-json\/wp\/v2\/pages\/133510\/revisions"}],"predecessor-version":[{"id":133628,"href":"https:\/\/bas-ip.com\/es\/wp-json\/wp\/v2\/pages\/133510\/revisions\/133628"}],"wp:attachment":[{"href":"https:\/\/bas-ip.com\/es\/wp-json\/wp\/v2\/media?parent=133510"}],"curies":[{"name":"wp","href":"https:\/\/api.w.org\/{rel}","templated":true}]}}