{"id":131247,"date":"2025-02-19T15:47:09","date_gmt":"2025-02-19T15:47:09","guid":{"rendered":"https:\/\/bas-ip.com\/intercom-migration-to-link\/"},"modified":"2025-02-25T11:53:58","modified_gmt":"2025-02-25T11:53:58","slug":"intercom-migration-to-link","status":"publish","type":"page","link":"https:\/\/bas-ip.com\/es\/intercom-migration-to-link\/","title":{"rendered":"Migraci\u00f3n de Intercom a Link"},"content":{"rendered":"<h2 data-sourcepos=\"1:1-1:68\">Intercomunicador se traslada a Link: \u00bfQu\u00e9 significa esto para ti?<\/h2>\n<p data-sourcepos=\"3:1-3:366\">A partir del 4 de marzo de 2025, la aplicaci\u00f3n Intercomunicador para Android ya no estar\u00e1 disponible en Google Play Store. Sin embargo, la versi\u00f3n web y la aplicaci\u00f3n para iOS seguir\u00e1n funcionando sin cambios, y los servidores de Intercomunicador permanecer\u00e1n activos para garantizar la estabilidad y el acceso a tus datos hasta que finalice el soporte del servidor.<\/p>\n<p data-sourcepos=\"5:1-5:237\">Te invitamos a que te cambies a Link, una potente soluci\u00f3n dise\u00f1ada para tu comodidad. La plataforma ofrece capacidades de gesti\u00f3n avanzadas, un alto nivel de estabilidad y seguridad que cumple con los \u00faltimos est\u00e1ndares de la industria.<\/p>\n<p data-sourcepos=\"7:1-7:183\">Entendemos que este cambio puede generar preguntas, por lo que hemos preparado instrucciones detalladas y soporte completo para que la transici\u00f3n sea lo m\u00e1s fluida y sencilla posible.<\/p>\n<h2 data-sourcepos=\"9:1-9:41\">\u00bfPor qu\u00e9 estamos haciendo este cambio?<\/h2>\n<p data-sourcepos=\"11:1-11:436\">Nuestra decisi\u00f3n de cambiar a Link est\u00e1 impulsada por la necesidad de brindarte una mejor calidad de servicio y herramientas modernas para la gesti\u00f3n de dispositivos. La aplicaci\u00f3n Intercomunicador para Android est\u00e1 desactualizada y ya no cumple con los requisitos actuales. En lugar de actualizar la plataforma anterior, elegimos desarrollar una soluci\u00f3n m\u00e1s potente y f\u00e1cil de usar que establecer\u00e1 un nuevo est\u00e1ndar para tu comodidad.<\/p>\n<h2 data-sourcepos=\"13:1-13:16\">\u00bfQu\u00e9 es Link?<\/h2>\n<p data-sourcepos=\"15:1-15:226\">Link es una plataforma dise\u00f1ada para aquellos que valoran la comodidad y la confiabilidad. Reemplaza a Intercomunicador y ofrece m\u00e1s funciones, un dise\u00f1o mejorado y soporte a largo plazo. Esto es lo que puedes esperar de Link:<\/p>\n<ul data-sourcepos=\"17:1-21:0\">\n<li data-sourcepos=\"17:1-17:102\"><strong>Interfaz redise\u00f1ada:<\/strong> Un dise\u00f1o simple e intuitivo creado para una experiencia de usuario fluida.<\/li>\n<li data-sourcepos=\"18:1-18:137\"><strong>Soporte para dispositivos modernos:<\/strong> Link es compatible con los \u00faltimos sistemas operativos y se integra con las nuevas tecnolog\u00edas.<\/li>\n<li data-sourcepos=\"19:1-19:137\"><strong>Funciones avanzadas:<\/strong> Gesti\u00f3n de acceso, seguridad y configuraci\u00f3n flexible de dispositivos, todo disponible en la nueva plataforma.<\/li>\n<li data-sourcepos=\"20:1-21:0\"><strong>Estabilidad y confiabilidad:<\/strong> Creado para manejar altas cargas, lo que garantiza un rendimiento ininterrumpido.<\/li>\n<\/ul>\n<h2 data-sourcepos=\"22:1-22:41\">\u00bfC\u00f3mo se llevar\u00e1 a cabo la transici\u00f3n?<\/h2>\n<p data-sourcepos=\"24:1-24:426\">Hemos hecho que el proceso de transici\u00f3n sea lo m\u00e1s fluido posible. Las cuentas activas de Intercomunicador se migrar\u00e1n autom\u00e1ticamente a la plataforma Link, y los usuarios recibir\u00e1n licencias de la versi\u00f3n b\u00e1sica equivalentes a la cantidad de n\u00fameros SIP en su cuenta. El proceso est\u00e1 dise\u00f1ado para minimizar cualquier dificultad potencial al tiempo que garantiza el acceso a todas las funciones disponibles de la plataforma.<\/p>\n<p data-sourcepos=\"26:1-26:66\">Para los propietarios de propiedades, la transici\u00f3n ser\u00e1 sencilla:<\/p>\n<ol data-sourcepos=\"28:1-30:0\">\n<li data-sourcepos=\"28:1-28:83\">Configura tu cuenta y conecta los dispositivos de intercomunicaci\u00f3n al servidor.<\/li>\n<li data-sourcepos=\"29:1-30:0\">Completa una tabla con la informaci\u00f3n del residente y s\u00fabela al sistema.<\/li>\n<\/ol>\n<p data-sourcepos=\"31:1-31:164\">El sistema se encargar\u00e1 del resto: crear\u00e1 cuentas de usuario, enviar\u00e1 invitaciones, configurar\u00e1 dispositivos de intercomunicaci\u00f3n y otorgar\u00e1 acceso a la plataforma.<\/p>\n<p data-sourcepos=\"33:1-33:132\">Los residentes solo deber\u00e1n completar el registro a trav\u00e9s de la invitaci\u00f3n, y podr\u00e1n comenzar a usar el nuevo sistema de inmediato.<\/p>\n<h2 data-sourcepos=\"35:1-35:27\">\u00bfQu\u00e9 har\u00e1 la plataforma?<\/h2>\n<ul data-sourcepos=\"37:1-40:0\">\n<li data-sourcepos=\"37:1-37:105\">Vincular\u00e1 autom\u00e1ticamente las cuentas de usuario a sus dispositivos y proporcionar\u00e1 acceso al servicio.<\/li>\n<li data-sourcepos=\"38:1-38:118\">Configurar\u00e1 la integraci\u00f3n del intercomunicador, incluida la sincronizaci\u00f3n de la agenda telef\u00f3nica si es necesario.<\/li>\n<li data-sourcepos=\"39:1-40:0\">Procesar\u00e1 los datos y emitir\u00e1 licencias de la versi\u00f3n b\u00e1sica para Link.<\/li>\n<\/ul>\n<p data-sourcepos=\"41:1-41:181\">Para casos m\u00e1s complejos, como trabajar con dispositivos m\u00e1s antiguos o transferir datos manualmente, hemos desarrollado herramientas para ayudar a los socios a agilizar el proceso.<\/p>\n<h2 data-sourcepos=\"43:1-43:38\">\u00bfCu\u00e1les son los beneficios para ti?<\/h2>\n<p data-sourcepos=\"45:1-45:117\">Para que la transici\u00f3n sea lo m\u00e1s beneficiosa posible, la plataforma Link ofrece una amplia gama de nuevas funciones:<\/p>\n<p data-sourcepos=\"47:1-47:22\"><strong>Gesti\u00f3n de acceso:<\/strong><\/p>\n<ul data-sourcepos=\"49:1-50:0\">\n<li data-sourcepos=\"49:1-50:0\">Control total sobre el acceso al edificio a trav\u00e9s de la aplicaci\u00f3n m\u00f3vil, incluido el desbloqueo remoto de puertas y la gesti\u00f3n de acceso de invitados.<\/li>\n<\/ul>\n<p data-sourcepos=\"51:1-51:41\"><strong>Capacidades de interacci\u00f3n mejoradas:<\/strong><\/p>\n<ul data-sourcepos=\"53:1-54:0\">\n<li data-sourcepos=\"53:1-54:0\">Integraci\u00f3n con dispositivos modernos como Apple Watch y Siri, gesti\u00f3n de eventos familiares y reserva de habitaciones a trav\u00e9s de la plataforma.<\/li>\n<\/ul>\n<p data-sourcepos=\"55:1-55:25\"><strong>Registro y monitoreo:<\/strong><\/p>\n<ul data-sourcepos=\"57:1-58:0\">\n<li data-sourcepos=\"57:1-58:0\">Ver el historial de llamadas, los registros de acceso y administrar los horarios y las restricciones.<\/li>\n<\/ul>\n<p data-sourcepos=\"59:1-59:34\"><strong>Modularidad y personalizaci\u00f3n:<\/strong><\/p>\n<ul data-sourcepos=\"61:1-62:0\">\n<li data-sourcepos=\"61:1-62:0\">Crear espacios para propiedades residenciales y comerciales, configurar reglas flexibles de desv\u00edo de llamadas y administrar directorios telef\u00f3nicos.<\/li>\n<\/ul>\n<p data-sourcepos=\"63:1-63:37\"><strong>Funciones avanzadas de telefon\u00eda:<\/strong><\/p>\n<ul data-sourcepos=\"65:1-66:0\">\n<li data-sourcepos=\"65:1-66:0\">Soporte para troncales SIP, n\u00fameros virtuales y funcionalidad de softphone para una comunicaci\u00f3n fluida.<\/li>\n<\/ul>\n<p data-sourcepos=\"67:1-67:30\"><strong>Herramientas de seguridad:<\/strong><\/p>\n<ul data-sourcepos=\"69:1-70:0\">\n<li data-sourcepos=\"69:1-70:0\">Integraci\u00f3n con dispositivos de llamada de emergencia, gesti\u00f3n de acceso a ascensores y control sobre \u00e1reas restringidas.<\/li>\n<\/ul>\n<h2 data-sourcepos=\"71:1-71:38\">\u00bfC\u00f3mo notificaremos a los usuarios?<\/h2>\n<p data-sourcepos=\"73:1-73:97\">Hemos preparado una serie de notificaciones para guiarte a trav\u00e9s de cada etapa de la transici\u00f3n:<\/p>\n<ul data-sourcepos=\"75:1-79:0\">\n<li data-sourcepos=\"75:1-75:195\"><strong>Correos electr\u00f3nicos informativos:<\/strong> Recibir\u00e1s correos electr\u00f3nicos que detallan los cambios, el cronograma de transici\u00f3n, los beneficios de Link y las instrucciones de migraci\u00f3n paso a paso.<\/li>\n<li data-sourcepos=\"76:1-76:141\"><strong>Invitaciones de registro:<\/strong> Despu\u00e9s de la migraci\u00f3n de datos, recibir\u00e1s una invitaci\u00f3n para completar tu registro en la nueva plataforma.<\/li>\n<li data-sourcepos=\"77:1-77:153\"><strong>Recordatorios:<\/strong> Si es necesario, te enviaremos recordatorios para asegurarnos de que completes la configuraci\u00f3n y comiences a usar Link sin demoras.<\/li>\n<li data-sourcepos=\"78:1-79:0\"><strong>Soporte al usuario:<\/strong> Nuestro equipo estar\u00e1 disponible para responder tus preguntas por correo electr\u00f3nico y otros canales de soporte.<\/li>\n<\/ul>\n<h2 data-sourcepos=\"80:1-80:61\">Migraci\u00f3n de Intercomunicador a Link: una gu\u00eda paso a paso<\/h2>\n<p data-sourcepos=\"82:1-82:341\">Para garantizar una transici\u00f3n sin problemas, recibir\u00e1s una invitaci\u00f3n para unirte al nuevo servidor Link entre el 20 y el 25 de febrero. Esta invitaci\u00f3n se enviar\u00e1 a la direcci\u00f3n de correo electr\u00f3nico que utilizaste para registrarte en Intercomunicador. Revisa tu bandeja de entrada (y la carpeta de correo no deseado) durante este per\u00edodo.<\/p>\n<h2 data-sourcepos=\"84:1-84:22\">Introducci\u00f3n a Link<\/h2>\n<ol data-sourcepos=\"86:1-90:0\">\n<li data-sourcepos=\"86:1-86:118\"><strong>Acepta la invitaci\u00f3n:<\/strong> Haz clic en el enlace del correo electr\u00f3nico de invitaci\u00f3n para acceder al servidor Link.<\/li>\n<li data-sourcepos=\"87:1-87:95\"><strong>Crea una contrase\u00f1a:<\/strong> Se te pedir\u00e1 que crees una nueva contrase\u00f1a para tu cuenta de Link.<\/li>\n<li data-sourcepos=\"88:1-88:183\"><strong>Inicia sesi\u00f3n:<\/strong> Una vez que hayas creado tu contrase\u00f1a, puedes iniciar sesi\u00f3n en el servidor Link utilizando tu direcci\u00f3n de correo electr\u00f3nico registrada y tu nueva contrase\u00f1a.<\/li>\n<li data-sourcepos=\"89:1-90:0\"><strong>Sigue las instrucciones de configuraci\u00f3n:<\/strong> Despu\u00e9s de iniciar sesi\u00f3n, se te guiar\u00e1 a trav\u00e9s del proceso de configuraci\u00f3n. Las instrucciones variar\u00e1n seg\u00fan tu tipo de usuario y equipo.<\/li>\n<\/ol>\n<h2 data-sourcepos=\"91:1-91:44\">Instrucciones espec\u00edficas para el usuario<\/h2>\n<p data-sourcepos=\"93:1-93:139\">Para que el proceso de migraci\u00f3n sea lo m\u00e1s f\u00e1cil posible, hemos proporcionado instrucciones detalladas para diferentes grupos de usuarios:<\/p>\n<p data-sourcepos=\"95:1-95:11\"><strong>Socios<\/strong><strong style=\"font-size: revert; color: initial;\">:<\/strong><\/p>\n<div id=\"model-response-message-contentr_7cc64dd4d44cdcb4\" class=\"markdown markdown-main-panel\" dir=\"ltr\">\n<ul>\n<li><a href=\"https:\/\/basip.atlassian.net\/wiki\/spaces\/migrationtothelink\/pages\/354812908\" target=\"_blank\" rel=\"noopener\">Propietarios de equipos nuevos o aquellos responsables de su configuraci\u00f3n<\/a><\/li>\n<li><a href=\"https:\/\/basip.atlassian.net\/wiki\/spaces\/migrationtothelink\/pages\/354713882\" target=\"_blank\" rel=\"noopener\">Propietarios de equipos antiguos (o aquellos responsables de su configuraci\u00f3n) que no se pueden conectar al nuevo servidor Link<\/a><\/li>\n<li><a style=\"font-size: revert;\" href=\"https:\/\/basip.atlassian.net\/wiki\/spaces\/migrationtothelink\/pages\/354877460\" target=\"_blank\" rel=\"noopener\">Propietarios de equipos antiguos (o aquellos responsables de su configuraci\u00f3n) que admiten la conexi\u00f3n al nuevo servidor Link<\/a><\/li>\n<\/ul>\n<p><strong>Residentes de complejos residenciales o clientes privados:<\/strong><\/p>\n<ul>\n<li><a href=\"https:\/\/basip.atlassian.net\/wiki\/spaces\/migrationtothelink\/pages\/354713902\" target=\"_blank\" rel=\"noopener\">Usuarios de intercomunicador que no tienen un intercomunicador pero tienen una aplicaci\u00f3n m\u00f3vil<\/a><\/li>\n<li><a href=\"https:\/\/basip.atlassian.net\/wiki\/spaces\/migrationtothelink\/pages\/354713892\" target=\"_blank\" rel=\"noopener\">Usuarios de intercomunicador que tienen un intercomunicador y una aplicaci\u00f3n m\u00f3vil<\/a><\/li>\n<\/ul>\n<p data-sourcepos=\"106:1-106:238\">Te recomendamos que revises las instrucciones que son relevantes para tu tipo de usuario y equipo. Si tienes alguna pregunta o necesitas ayuda durante el proceso de migraci\u00f3n, no dudes en ponerte en contacto con nuestro equipo de soporte.<\/p>\n<p data-sourcepos=\"108:1-108:127\">\u00a1Estamos seguros de que disfrutar\u00e1s de la experiencia de comunicaci\u00f3n mejorada que ofrece Link! \u00a1Gracias por tu continuo apoyo!<\/p>\n<p data-sourcepos=\"110:1-110:19\">\u00a1Bienvenido a Link!<\/p>\n<\/div>\n\n<!-- START Block Sign Up --><section id=\"block_629678229e935\" class=\"sign-up-section\">\r\n\r\n    <div class=\"form-holder js-form\" data-aos=\"fade-right\">\r\n                    <div class=\"title-block h3\">Sign up for connection<\/div>\r\n        \r\n                    <div class=\"text-block\">\r\n                Filling out all the information needed to answer you as quickly as possible            <\/div>\r\n        \r\n                    \n<div class=\"wpcf7 no-js\" id=\"wpcf7-f102-o1\" lang=\"en-US\" dir=\"ltr\">\n<div class=\"screen-reader-response\"><p role=\"status\" aria-live=\"polite\" aria-atomic=\"true\"><\/p> <ul><\/ul><\/div>\n<form action=\"\/es\/wp-json\/wp\/v2\/pages\/131247#wpcf7-f102-o1\" method=\"post\" class=\"wpcf7-form init\" aria-label=\"Contact form\" enctype=\"multipart\/form-data\" novalidate=\"novalidate\" data-status=\"init\">\n<div style=\"display: none;\">\n<input type=\"hidden\" name=\"_wpcf7\" value=\"102\" \/>\n<input type=\"hidden\" name=\"_wpcf7_version\" value=\"5.8.3\" \/>\n<input type=\"hidden\" name=\"_wpcf7_locale\" value=\"en_US\" \/>\n<input type=\"hidden\" name=\"_wpcf7_unit_tag\" value=\"wpcf7-f102-o1\" \/>\n<input type=\"hidden\" name=\"_wpcf7_container_post\" value=\"0\" \/>\n<input type=\"hidden\" name=\"_wpcf7_posted_data_hash\" value=\"\" \/>\n<input type=\"hidden\" name=\"_wpcf7_recaptcha_response\" value=\"\" \/>\n<\/div>\n<div class=\"row\"> \n <label><span class=\"label-text\">Name<\/span> \n  <span class=\"wpcf7-form-control-wrap\" data-name=\"text-full-name\"><input size=\"40\" class=\"wpcf7-form-control wpcf7-text wpcf7-validates-as-required\" aria-required=\"true\" aria-invalid=\"false\" placeholder=\"Name\" value=\"\" type=\"text\" name=\"text-full-name\" \/><\/span><\/label> \n<\/div> \n<div class=\"row\"> \n <label><span class=\"label-text\">Phone*<\/span> \n<span class=\"wpcf7-form-control-wrap\" data-name=\"phonetext-270\"><input size=\"40\" class=\"wpcf7-form-control wpcf7-phonetext wpcf7-validates-as-required wpcf7-text wpcf7-validates-as-phonetext\" aria-required=\"true\" aria-invalid=\"false\" placeholder=\"Phone*\" value=\"\" type=\"text\" name=\"phonetext-270\" \/><input type=\"hidden\" name=\"phonetext-270-country-code\" class=\"wpcf7-phonetext-country-code\" \/><\/span><\/label> \n<\/div> \n<div class=\"row\"> \n <label><span class=\"label-text\">E-mail<\/span> \n  <span class=\"wpcf7-form-control-wrap\" data-name=\"email-e-mail\"><input size=\"40\" class=\"wpcf7-form-control wpcf7-email wpcf7-validates-as-required wpcf7-text wpcf7-validates-as-email\" aria-required=\"true\" aria-invalid=\"false\" placeholder=\"E-mail\" value=\"\" type=\"email\" name=\"email-e-mail\" \/><\/span><\/label> \n<\/div> \n<div class=\"row\"><span>Your country<\/span> \n <label><span class=\"wpcf7-form-control-wrap\" data-name=\"countrytext-126\"><input size=\"40\" class=\"wpcf7-form-control wpcf7-countrytext wpcf7-text wpcf7-validates-as-countrytext\" aria-invalid=\"false\" value=\"\" type=\"text\" name=\"countrytext-126\" \/><\/span> <\/label>\n<\/div> \n<div class=\"row\"> \n <button type=\"submit\" class=\"btn\">Send<\/button> \n<\/div> \n<div class=\"row\"> \n <span class=\"wpcf7-form-control-wrap\" data-name=\"checkbox-931\"><span class=\"wpcf7-form-control wpcf7-checkbox\"><span class=\"wpcf7-list-item first\"><label><input type=\"checkbox\" name=\"checkbox-931[]\" value=\"Integrator\" \/><span class=\"wpcf7-list-item-label\">Integrator<\/span><\/label><\/span><span class=\"wpcf7-list-item\"><label><input type=\"checkbox\" name=\"checkbox-931[]\" value=\"Builder\" \/><span class=\"wpcf7-list-item-label\">Builder<\/span><\/label><\/span><span class=\"wpcf7-list-item last\"><label><input type=\"checkbox\" name=\"checkbox-931[]\" value=\"End-User\" \/><span class=\"wpcf7-list-item-label\">End-User<\/span><\/label><\/span><\/span><\/span> \n<\/div> \n<div class=\"row row-upload-file\"> \n <label class=\"upload-file-block js-upload-file\">Attach file \n  <span class=\"wpcf7-form-control-wrap\" data-name=\"file-466\"><input size=\"40\" class=\"wpcf7-form-control wpcf7-file\" accept=\"audio\/*,video\/*,image\/*\" aria-invalid=\"false\" type=\"file\" name=\"file-466\" \/><\/span><\/label> \n<\/div><input type='hidden' class='wpcf7-pum' value='{\"closepopup\":false,\"closedelay\":0,\"openpopup\":false,\"openpopup_id\":0}' \/><div class=\"wpcf7-response-output\" aria-hidden=\"true\"><\/div>\n<\/form>\n<\/div>\n            <\/div>\r\n\r\n\t\t    <div class=\"text-holder\" data-aos=\"fade-left\">\r\n\t\t\t\t\t\t    <h3 class=\"title-block\">How Can We Help?<\/h3>\r\n\t\t\t\r\n\t\t\t                <div class=\"text-block\">\r\n                    Please select a topic below related to your inquiry. If you don&#8217;t find what you need, fill out our contact form.                <\/div>\r\n\t\t\t\r\n\t\t\t\t\t\t    <ul class=\"link-list\">\r\n\t\t\t\t\t\t\t\t\t\t\t\t\t\t\t\t\t\t<li>\r\n\t\t\t\t\t\t\t\t\t\t\t\t\t\t\t\t    <strong>Get Inspired<\/strong>\r\n\t\t\t\t\t\t\t\t\t\t\t\t\t\t\t\t\t\t\t\t\t\t\t\t    <a href=\"\/features\/\">\r\n\t\t\t\t\t\t\t\t        Discover what&#8217;s beneath our intercom\t\t\t\t\t\t\t\t    <\/a>\r\n\t\t\t\t\t\t\t\t\t\t\t\t\t\t\t<\/li>\r\n\t\t\t\t\t\t\t\t\t\t\t\t\t\t\t\t\t\t\t\t\t\t\t\t<li>\r\n\t\t\t\t\t\t\t\t\t\t\t\t\t\t\t\t    <strong>Become a Partner<\/strong>\r\n\t\t\t\t\t\t\t\t\t\t\t\t\t\t\t\t\t\t\t\t\t\t\t\t    <a href=\"\/distributors\/\">\r\n\t\t\t\t\t\t\t\t        Expand your business with BAS-IP intercom\t\t\t\t\t\t\t\t    <\/a>\r\n\t\t\t\t\t\t\t\t\t\t\t\t\t\t\t<\/li>\r\n\t\t\t\t\t\t\t\t\t\t\t\t\t\t\t\t\t\t\t\t\t\t\t\t<li>\r\n\t\t\t\t\t\t\t\t\t\t\t\t\t\t\t\t    <strong>Check the Guides<\/strong>\r\n\t\t\t\t\t\t\t\t\t\t\t\t\t\t\t\t\t\t\t\t\t\t\t\t    <a href=\"\/support\/\">\r\n\t\t\t\t\t\t\t\t        Download detailed manuals and schemes\t\t\t\t\t\t\t\t    <\/a>\r\n\t\t\t\t\t\t\t\t\t\t\t\t\t\t\t<\/li>\r\n\t\t\t\t\t\t\t\t\t\t\t\t\t\t\t<\/ul>\r\n\t\t\t\r\n\t\t\t\t\t\t    <h3 class=\"title-block\">Our contacts<\/h3>\r\n\t\t\t\r\n\t\t\t\t\t\t\t<ul class=\"contact-list\">\r\n\t\t\t\t\t\t\t\t\t\t\t\t\t\t\t\t\t\t<li>\r\n\t\t\t\t\t\t\t\t\t\t\t\t\t\t\t\t\t<strong>Sales:<\/strong>\r\n\t\t\t\t\t\t\t\t\t\t\t\t\t\t\t\t\t\t\t\t\t\t\t\t    <a href=\"mailto:s&#97;les&#64;b&#97;s-&#105;&#112;.c&#111;&#109;\">s&#97;le&#115;&#64;&#98;&#97;s&#45;&#105;p&#46;com<\/a>\r\n\t\t\t\t\t\t\t\t\t\t\t\t\t\t\t<\/li>\r\n\t\t\t\t\t\t\t\t\t\t\t\t\t\t\t\t\t\t\t\t\t\t\t\t<li>\r\n\t\t\t\t\t\t\t\t\t\t\t\t\t\t\t\t\t<strong>Technical support:<\/strong>\r\n\t\t\t\t\t\t\t\t\t\t\t\t\t\t\t\t\t\t\t\t\t\t\t\t    <a href=\"mailto:s&#117;p&#112;o&#114;t&#64;&#98;as-&#105;p&#46;&#99;o&#109;\">s&#117;p&#112;or&#116;&#64;ba&#115;&#45;i&#112;.&#99;om<\/a>\r\n\t\t\t\t\t\t\t\t\t\t\t\t\t\t\t<\/li>\r\n\t\t\t\t\t\t\t\t\t\t\t\t\t\t\t<\/ul>\r\n\t\t\t\t\t<\/div>\r\n\t<\/section>\r\n\r\n\r\n\r\n<!-- END Block Sign Up -->","protected":false},"excerpt":{"rendered":"<p>Intercomunicador se traslada a Link: \u00bfQu\u00e9 significa esto para ti? A partir del 4 de marzo de 2025, la aplicaci\u00f3n Intercomunicador para Android ya no estar\u00e1 disponible en Google Play Store. Sin embargo, la versi\u00f3n web y la aplicaci\u00f3n para iOS seguir\u00e1n funcionando sin cambios, y los servidores de Intercomunicador permanecer\u00e1n activos para garantizar la [&hellip;]<\/p>","protected":false},"author":1,"featured_media":0,"parent":0,"menu_order":0,"comment_status":"closed","ping_status":"closed","template":"","meta":{"inline_featured_image":false,"footnotes":""},"class_list":["post-131247","page","type-page","status-publish","hentry"],"acf":[],"_links":{"self":[{"href":"https:\/\/bas-ip.com\/es\/wp-json\/wp\/v2\/pages\/131247","targetHints":{"allow":["GET"]}}],"collection":[{"href":"https:\/\/bas-ip.com\/es\/wp-json\/wp\/v2\/pages"}],"about":[{"href":"https:\/\/bas-ip.com\/es\/wp-json\/wp\/v2\/types\/page"}],"author":[{"embeddable":true,"href":"https:\/\/bas-ip.com\/es\/wp-json\/wp\/v2\/users\/1"}],"replies":[{"embeddable":true,"href":"https:\/\/bas-ip.com\/es\/wp-json\/wp\/v2\/comments?post=131247"}],"version-history":[{"count":3,"href":"https:\/\/bas-ip.com\/es\/wp-json\/wp\/v2\/pages\/131247\/revisions"}],"predecessor-version":[{"id":131555,"href":"https:\/\/bas-ip.com\/es\/wp-json\/wp\/v2\/pages\/131247\/revisions\/131555"}],"wp:attachment":[{"href":"https:\/\/bas-ip.com\/es\/wp-json\/wp\/v2\/media?parent=131247"}],"curies":[{"name":"wp","href":"https:\/\/api.w.org\/{rel}","templated":true}]}}