{"id":123097,"date":"2023-03-31T12:50:05","date_gmt":"2023-03-31T12:50:05","guid":{"rendered":"https:\/\/bas-ip.com\/?page_id=123097"},"modified":"2024-11-25T20:38:28","modified_gmt":"2024-11-25T20:38:28","slug":"ascensor","status":"publish","type":"page","link":"https:\/\/bas-ip.com\/es\/ascensor\/","title":{"rendered":"Ascensor"},"content":{"rendered":"<h1 class=\"wp-block-heading\"><strong>Interfono de ascensor basado en tecnolog\u00eda IP<\/strong><\/h1>\n\n\n\n<p>En un mundo cada vez m\u00e1s conectado, la comunicaci\u00f3n se ha convertido en algo primordial. Esto es especialmente cierto en entornos donde la seguridad y la accesibilidad son cruciales, como en los ascensores. El sistema de interfon\u00eda para ascensores desempe\u00f1a un papel fundamental a la hora de garantizar el bienestar de los pasajeros y se considera cada vez m\u00e1s una caracter\u00edstica obligatoria. Profundicemos en las ventajas de utilizar sistemas de interfon\u00eda para ascensores basados en IP BAS-IP, y en c\u00f3mo est\u00e1n revolucionando la experiencia del ascensor.<\/p>\n\n\n<!-- START Block Features --><section id=\"block_6437d003aff43\" class=\"features-section\">\r\n\t\r\n    <div class=\"features-list\">\r\n                    <div class=\"features-item\" data-aos=\"fade-up\">\r\n    <div class=\"features-box\">\r\n                    <div class=\"image-holder\">\r\n                <img loading=\"lazy\" decoding=\"async\" width=\"350\" height=\"320\" src=\"https:\/\/bas-ip.com\/wp-content\/uploads\/2023\/04\/1-6-350x320.jpg\" class=\"attachment-thumbnail_350x320 size-thumbnail_350x320\" alt=\"\" \/>            <\/div>\r\n        \r\n        <div class=\"text-holder\">\r\n                        <h3 class=\"title-block\">La necesidad de intercomunicadores en los ascensores<\/h3>\r\n          \r\n                        <div class=\"text-block\">\r\n                <p>Los interfonos de ascensor sirven de salvavidas a los pasajeros en caso de emergencia o problemas t\u00e9cnicos. Proporcionan un canal de comunicaci\u00f3n directo con la direcci\u00f3n del edificio o los servicios de emergencia, garantizando una asistencia r\u00e1pida cuando se necesita. Por ello, disponer de un sistema de interfon\u00eda fiable y eficaz en los ascensores es esencial para mantener los niveles de seguridad y tranquilizar a los pasajeros.<\/p>\n              <\/div>\r\n                  <\/div>\r\n    <\/div>\r\n<\/div>\r\n                    <div class=\"features-item\" data-aos=\"fade-up\">\r\n    <div class=\"features-box\">\r\n                    <div class=\"image-holder\">\r\n                <img loading=\"lazy\" decoding=\"async\" width=\"350\" height=\"320\" src=\"https:\/\/bas-ip.com\/wp-content\/uploads\/2023\/04\/2-6-350x320.jpg\" class=\"attachment-thumbnail_350x320 size-thumbnail_350x320\" alt=\"\" \/>            <\/div>\r\n        \r\n        <div class=\"text-holder\">\r\n                        <h3 class=\"title-block\">Intercomunicadores basados \u200b\u200ben IP: un paso por encima de los sistemas tradicionales<\/h3>\r\n          \r\n                        <div class=\"text-block\">\r\n                <p>Los sistemas de interfon\u00eda anal\u00f3gicos tradicionales han sido la norma durante muchos a\u00f1os. Sin embargo, la llegada de las soluciones basadas en IP, que aprovechan el protocolo de Internet (IP) y el protocolo de inicio de sesi\u00f3n (SIP), ha supuesto un cambio de paradigma en la forma de comunicarnos dentro de los ascensores.<\/p>\n              <\/div>\r\n                  <\/div>\r\n    <\/div>\r\n<\/div>\r\n                    <div class=\"features-item\" data-aos=\"fade-up\">\r\n    <div class=\"features-box\">\r\n                    <div class=\"image-holder\">\r\n                <img loading=\"lazy\" decoding=\"async\" width=\"350\" height=\"320\" src=\"https:\/\/bas-ip.com\/wp-content\/uploads\/2023\/04\/3-6-350x320.jpg\" class=\"attachment-thumbnail_350x320 size-thumbnail_350x320\" alt=\"\" \/>            <\/div>\r\n        \r\n        <div class=\"text-holder\">\r\n                        <h3 class=\"title-block\">Asociaci\u00f3n con fabricantes de ascensores globales<\/h3>\r\n          \r\n                        <div class=\"text-block\">\r\n                <p>BAS-IP ha establecido colaboraciones con los principales fabricantes de ascensores, como Kone, para ofrecer una integraci\u00f3n perfecta con sus productos. Esta colaboraci\u00f3n permite el control total de los ascensores Kone desde los interfonos BAS-IP instalados en los apartamentos, creando una experiencia de usuario cohesionada y optimizada.<\/p>\n              <\/div>\r\n                  <\/div>\r\n    <\/div>\r\n<\/div>\r\n            <\/div>\r\n<\/section>\r\n<!-- END Block Features -->\n\n\n<h2 class=\"wp-block-heading\"><strong>Ventajas de los interfonos para ascensores BAS-IP<\/strong><\/h2>\n\n\n\n<p>En comparaci\u00f3n con los sistemas anal\u00f3gicos tradicionales, los interfonos para ascensores basados en IP, como la soluci\u00f3n BAS-IP, ofrecen varias ventajas:<\/p>\n\n\n<!-- START Block Features --><section id=\"block_6437d09daff47\" class=\"features-section\">\r\n\t\r\n    <div class=\"features-list\">\r\n                    <div class=\"features-item\" data-aos=\"fade-up\">\r\n    <div class=\"features-box\">\r\n                    <div class=\"image-holder\">\r\n                <img loading=\"lazy\" decoding=\"async\" width=\"350\" height=\"320\" src=\"https:\/\/bas-ip.com\/wp-content\/uploads\/2023\/04\/4-6-350x320.jpg\" class=\"attachment-thumbnail_350x320 size-thumbnail_350x320\" alt=\"\" \/>            <\/div>\r\n        \r\n        <div class=\"text-holder\">\r\n                        <h3 class=\"title-block\">Calidad de audio y video mejorada<\/h3>\r\n          \r\n                        <div class=\"text-block\">\r\n                <p>Los interfonos BAS-IP vienen con c\u00e1maras integradas, lo que garantiza que la direcci\u00f3n del edificio y el personal de seguridad puedan supervisar la actividad del ascensor en tiempo real. Esta caracter\u00edstica no s\u00f3lo mejora la seguridad general del edificio, sino que tambi\u00e9n sirve como elemento disuasorio para posibles malhechores.<\/p>\n              <\/div>\r\n                  <\/div>\r\n    <\/div>\r\n<\/div>\r\n                    <div class=\"features-item\" data-aos=\"fade-up\">\r\n    <div class=\"features-box\">\r\n                    <div class=\"image-holder\">\r\n                <img loading=\"lazy\" decoding=\"async\" width=\"350\" height=\"320\" src=\"https:\/\/bas-ip.com\/wp-content\/uploads\/2023\/04\/5-6-350x320.jpg\" class=\"attachment-thumbnail_350x320 size-thumbnail_350x320\" alt=\"\" \/>            <\/div>\r\n        \r\n        <div class=\"text-holder\">\r\n                        <h3 class=\"title-block\">Dispositivos ilimitados y soporte de terminal de conserjer\u00eda<\/h3>\r\n          \r\n                        <div class=\"text-block\">\r\n                <p>La soluci\u00f3n BAS-IP admite un n\u00famero ilimitado de dispositivos dentro de una red, incluida la integraci\u00f3n de un terminal de conserjer\u00eda. Esta escalabilidad garantiza que el sistema pueda crecer con el edificio, adapt\u00e1ndose a cualquier cambio en los requisitos sin comprometer el rendimiento ni la fiabilidad.<\/p>\n              <\/div>\r\n                  <\/div>\r\n    <\/div>\r\n<\/div>\r\n                    <div class=\"features-item\" data-aos=\"fade-up\">\r\n    <div class=\"features-box\">\r\n                    <div class=\"image-holder\">\r\n                <img loading=\"lazy\" decoding=\"async\" width=\"350\" height=\"320\" src=\"https:\/\/bas-ip.com\/wp-content\/uploads\/2023\/04\/6-5-350x320.jpg\" class=\"attachment-thumbnail_350x320 size-thumbnail_350x320\" alt=\"\" \/>            <\/div>\r\n        \r\n        <div class=\"text-holder\">\r\n                        <h3 class=\"title-block\">Instalaci\u00f3n y mantenimiento m\u00e1s sencillos<\/h3>\r\n          \r\n                        <div class=\"text-block\">\r\n                <p>Los interfonos IP para ascensores utilizan la infraestructura de red existente, lo que simplifica y abarata su instalaci\u00f3n y mantenimiento.<\/p>\n<p>En el mundo cada vez m\u00e1s conectado de hoy en d\u00eda, no se puede exagerar la necesidad de una comunicaci\u00f3n eficaz y fiable dentro de los ascensores. Los sistemas de interfon\u00eda para ascensores basados en IP, como la soluci\u00f3n BAS-IP, se han convertido en el est\u00e1ndar de referencia en este \u00e1mbito, ya que ofrecen numerosas ventajas con respecto a los sistemas anal\u00f3gicos tradicionales. Desde una calidad de audio y v\u00eddeo mejorada hasta una integraci\u00f3n perfecta con otros sistemas de gesti\u00f3n de edificios, los interfonos IP est\u00e1n transformando la experiencia del ascensor para mejor. Como resultado, los propietarios, administradores y ocupantes de los edificios pueden disfrutar de una mayor seguridad, comodidad y tranquilidad.<\/p>\n              <\/div>\r\n                  <\/div>\r\n    <\/div>\r\n<\/div>\r\n            <\/div>\r\n<\/section>\r\n<!-- END Block Features -->\n\n<!-- START Block FAQ --><section id=\"block_6426d69cbc4a0\" class=\"faq-section\">\r\n\t\t    <h2 class=\"title-section\" data-aos=\"fade-right\">Preguntas frecuentes<\/h2>\r\n\t\t\t    <div class=\"faq-list js-accordion\" data-aos=\"fade-up\">\r\n\t\t\t\t\t\t\t\t\t\t\t    <div class=\"accordion-item faq-item\">\r\n                        <div class=\"accordion-opener\">\r\n                            Q: \u00bfPor qu\u00e9 se consideran obligatorios los intercomunicadores en los ascensores?                            <i class=\"fa-solid fa-chevron-down\"><\/i>\r\n                        <\/div>\r\n                        <div class=\"accordion-slide\">\r\n\t\t\t\t\t\t    <p>Los interfonos de ascensor se consideran obligatorios porque proporcionan un canal de comunicaci\u00f3n directo entre los pasajeros y la direcci\u00f3n del edificio o los servicios de emergencia, garantizando una asistencia oportuna en caso de emergencia o problemas t\u00e9cnicos.<\/p>\n                        <\/div>\r\n\t\t\t\t\t<\/div>\r\n\t\t\t\t\t\t\t\t\t\t\t\t\t\t\t    <div class=\"accordion-item faq-item\">\r\n                        <div class=\"accordion-opener\">\r\n                            Q: \u00bfQu\u00e9 hace que los intercomunicadores de ascensor basados \u200b\u200ben IP sean mejores que los sistemas anal\u00f3gicos tradicionales?                            <i class=\"fa-solid fa-chevron-down\"><\/i>\r\n                        <\/div>\r\n                        <div class=\"accordion-slide\">\r\n\t\t\t\t\t\t    <p>Los interfonos para ascensores basados en IP, como la soluci\u00f3n BAS-IP, ofrecen varias ventajas sobre los sistemas anal\u00f3gicos tradicionales, como una mejor calidad de audio y v\u00eddeo, escalabilidad, instalaci\u00f3n y mantenimiento m\u00e1s sencillos, funciones de c\u00e1mara incorporadas y una integraci\u00f3n perfecta con otros sistemas basados en IP.<\/p>\n                        <\/div>\r\n\t\t\t\t\t<\/div>\r\n\t\t\t\t\t\t\t\t\t\t\t\t\t\t\t    <div class=\"accordion-item faq-item\">\r\n                        <div class=\"accordion-opener\">\r\n                            Q: \u00bfC\u00f3mo mejora la funci\u00f3n de c\u00e1mara incorporada en los intercomunicadores IP la seguridad del ascensor?                            <i class=\"fa-solid fa-chevron-down\"><\/i>\r\n                        <\/div>\r\n                        <div class=\"accordion-slide\">\r\n\t\t\t\t\t\t    <p>La funci\u00f3n de c\u00e1mara integrada en los interfonos IP permite al personal de gesti\u00f3n y seguridad del edificio supervisar la actividad del ascensor en tiempo real. Esta capa a\u00f1adida de seguridad puede actuar como elemento disuasorio para posibles malhechores y proporciona pruebas visuales en caso de cualquier incidente.<\/p>\n                        <\/div>\r\n\t\t\t\t\t<\/div>\r\n\t\t\t\t\t\t\t\t\t\t\t\t\t\t\t    <div class=\"accordion-item faq-item\">\r\n                        <div class=\"accordion-opener\">\r\n                            Q: \u00bfPueden los intercomunicadores de ascensores basados \u200b\u200ben IP funcionar con otros sistemas de gesti\u00f3n de edificios?                            <i class=\"fa-solid fa-chevron-down\"><\/i>\r\n                        <\/div>\r\n                        <div class=\"accordion-slide\">\r\n\t\t\t\t\t\t    <p>S\u00ed, los interfonos de ascensor basados en IP est\u00e1n dise\u00f1ados para integrarse perfectamente con otros sistemas de gesti\u00f3n de edificios basados en IP. Esto facilita un ecosistema de gesti\u00f3n de edificios m\u00e1s conectado y eficiente, mejorando la seguridad y la comodidad en general.<\/p>\n                        <\/div>\r\n\t\t\t\t\t<\/div>\r\n\t\t\t\t\t\t\t\t\t\t\t\t\t\t\t    <div class=\"accordion-item faq-item\">\r\n                        <div class=\"accordion-opener\">\r\n                            Q: \u00bfC\u00f3mo beneficia a los usuarios la asociaci\u00f3n entre BAS-IP y fabricantes de ascensores como Kone?                            <i class=\"fa-solid fa-chevron-down\"><\/i>\r\n                        <\/div>\r\n                        <div class=\"accordion-slide\">\r\n\t\t\t\t\t\t    <p>La asociaci\u00f3n entre BAS-IP y fabricantes de ascensores como Kone permite una integraci\u00f3n perfecta de sus respectivos productos. Esta colaboraci\u00f3n permite el control total de los ascensores Kone desde los interfonos BAS-IP instalados en los apartamentos, proporcionando una experiencia de usuario cohesionada y racionalizada.<\/p>\n                        <\/div>\r\n\t\t\t\t\t<\/div>\r\n\t\t\t\t\t\t\t\t\t<\/div>\r\n\t<\/section>\r\n<!-- END Block FAQ -->","protected":false},"excerpt":{"rendered":"<p>Interfono de ascensor basado en tecnolog\u00eda IP En un mundo cada vez m\u00e1s conectado, la comunicaci\u00f3n se ha convertido en algo primordial. Esto es especialmente cierto en entornos donde la seguridad y la accesibilidad son cruciales, como en los ascensores. El sistema de interfon\u00eda para ascensores desempe\u00f1a un papel fundamental a la hora de garantizar [&hellip;]<\/p>","protected":false},"author":3,"featured_media":0,"parent":0,"menu_order":0,"comment_status":"closed","ping_status":"closed","template":"","meta":{"inline_featured_image":false,"footnotes":""},"class_list":["post-123097","page","type-page","status-publish","hentry"],"acf":[],"_links":{"self":[{"href":"https:\/\/bas-ip.com\/es\/wp-json\/wp\/v2\/pages\/123097","targetHints":{"allow":["GET"]}}],"collection":[{"href":"https:\/\/bas-ip.com\/es\/wp-json\/wp\/v2\/pages"}],"about":[{"href":"https:\/\/bas-ip.com\/es\/wp-json\/wp\/v2\/types\/page"}],"author":[{"embeddable":true,"href":"https:\/\/bas-ip.com\/es\/wp-json\/wp\/v2\/users\/3"}],"replies":[{"embeddable":true,"href":"https:\/\/bas-ip.com\/es\/wp-json\/wp\/v2\/comments?post=123097"}],"version-history":[{"count":2,"href":"https:\/\/bas-ip.com\/es\/wp-json\/wp\/v2\/pages\/123097\/revisions"}],"predecessor-version":[{"id":123099,"href":"https:\/\/bas-ip.com\/es\/wp-json\/wp\/v2\/pages\/123097\/revisions\/123099"}],"wp:attachment":[{"href":"https:\/\/bas-ip.com\/es\/wp-json\/wp\/v2\/media?parent=123097"}],"curies":[{"name":"wp","href":"https:\/\/api.w.org\/{rel}","templated":true}]}}