{"id":122490,"date":"2024-05-15T14:21:12","date_gmt":"2024-05-15T14:21:12","guid":{"rendered":"https:\/\/bas-ip.com\/?page_id=122490"},"modified":"2024-11-05T14:49:31","modified_gmt":"2024-11-05T14:49:31","slug":"politica-de-soporte-de-firmware","status":"publish","type":"page","link":"https:\/\/bas-ip.com\/es\/politica-de-soporte-de-firmware\/","title":{"rendered":"Pol\u00edtica de soporte de firmware"},"content":{"rendered":"<p><strong>Mantenimiento del firmware<\/strong><\/p>\n\n\n\n<p id=\"block-b6bc7f19-2352-4132-8c15-8728416a378e\">BAS-IP puede, a su sola discreci\u00f3n, dar un soporte b\u00e1sico de firmware durante el per\u00edodo de garant\u00eda aplicable al hardware. Durante el per\u00edodo de garant\u00eda BAS-IP puede liberar versiones de mantenimiento o correcciones de errores en el hardware.<\/p>\n\n\n\n<p id=\"block-b5ac2e18-f484-4868-827b-91e4038c765c\">Una vez transcurrido el per\u00edodo de garant\u00eda, BAS-IP dejar\u00e1 de desarrollar, mantener o probar el firmware en cuesti\u00f3n. No obstante, BAS-IP podr\u00e1, a su entera discreci\u00f3n y en funci\u00f3n de cada producto, ofrecer asistencia una vez transcurrido el per\u00edodo de garant\u00eda. Todo el firmware BAS-IP, incluyendo pero no limitado al firmware entregado preinstalado en el hardware BAS-IP y donde el hardware est\u00e1 sujeto al servicio RMA, se entrega \u00abtal cual\u00bb.<\/p>\n\n\n\n<p>El firmware BAS-IP no est\u00e1 cubierto por la garant\u00eda BAS-IP.<\/p>\n\n\n\n<p><\/p>\n\n\n\n<p><\/p>","protected":false},"excerpt":{"rendered":"<p>Mantenimiento del firmware BAS-IP puede, a su sola discreci\u00f3n, dar un soporte b\u00e1sico de firmware durante el per\u00edodo de garant\u00eda aplicable al hardware. Durante el per\u00edodo de garant\u00eda BAS-IP puede liberar versiones de mantenimiento o correcciones de errores en el hardware. Una vez transcurrido el per\u00edodo de garant\u00eda, BAS-IP dejar\u00e1 de desarrollar, mantener o probar [&hellip;]<\/p>","protected":false},"author":3,"featured_media":0,"parent":0,"menu_order":0,"comment_status":"closed","ping_status":"closed","template":"","meta":{"inline_featured_image":false,"footnotes":""},"class_list":["post-122490","page","type-page","status-publish","hentry"],"acf":[],"_links":{"self":[{"href":"https:\/\/bas-ip.com\/es\/wp-json\/wp\/v2\/pages\/122490","targetHints":{"allow":["GET"]}}],"collection":[{"href":"https:\/\/bas-ip.com\/es\/wp-json\/wp\/v2\/pages"}],"about":[{"href":"https:\/\/bas-ip.com\/es\/wp-json\/wp\/v2\/types\/page"}],"author":[{"embeddable":true,"href":"https:\/\/bas-ip.com\/es\/wp-json\/wp\/v2\/users\/3"}],"replies":[{"embeddable":true,"href":"https:\/\/bas-ip.com\/es\/wp-json\/wp\/v2\/comments?post=122490"}],"version-history":[{"count":1,"href":"https:\/\/bas-ip.com\/es\/wp-json\/wp\/v2\/pages\/122490\/revisions"}],"predecessor-version":[{"id":122491,"href":"https:\/\/bas-ip.com\/es\/wp-json\/wp\/v2\/pages\/122490\/revisions\/122491"}],"wp:attachment":[{"href":"https:\/\/bas-ip.com\/es\/wp-json\/wp\/v2\/media?parent=122490"}],"curies":[{"name":"wp","href":"https:\/\/api.w.org\/{rel}","templated":true}]}}