{"id":77517,"date":"2023-04-05T10:35:01","date_gmt":"2023-04-05T10:35:01","guid":{"rendered":"https:\/\/bas-ip.com\/?page_id=77517"},"modified":"2023-05-02T06:39:10","modified_gmt":"2023-05-02T06:39:10","slug":"crestron","status":"publish","type":"page","link":"https:\/\/bas-ip.com\/de\/crestron\/","title":{"rendered":"Crestron"},"content":{"rendered":"<div class=\"wp-block-image\">\n<figure class=\"aligncenter size-full is-resized\"><img loading=\"lazy\" decoding=\"async\" src=\"https:\/\/bas-ip.com\/wp-content\/uploads\/2023\/04\/crestron_logo.png\" alt=\"\" class=\"wp-image-67973\" width=\"501\" height=\"284\" srcset=\"https:\/\/bas-ip.com\/wp-content\/uploads\/2023\/04\/crestron_logo.png 668w,  https:\/\/bas-ip.com\/wp-content\/uploads\/2023\/04\/crestron_logo-300x170.png 300w\" sizes=\"auto, (max-width: 501px) 100vw, 501px\" \/><\/figure>\n<\/div>\n\n<!-- START Block Integrations Text & Image --><section id=\"block_642d4e5e447ff\" class=\"integrations-text-image-section\">\r\n\t\t<div class=\"image-holder\" data-aos=\"fade-left\">\r\n\t\t<img loading=\"lazy\" decoding=\"async\" width=\"810\" height=\"579\" src=\"https:\/\/bas-ip.com\/wp-content\/uploads\/2023\/04\/crestron_pic2.jpg\" class=\"attachment-large size-large\" alt=\"\" srcset=\"https:\/\/bas-ip.com\/wp-content\/uploads\/2023\/04\/crestron_pic2.jpg 810w,  https:\/\/bas-ip.com\/wp-content\/uploads\/2023\/04\/crestron_pic2-300x214.jpg 300w,  https:\/\/bas-ip.com\/wp-content\/uploads\/2023\/04\/crestron_pic2-768x549.jpg 768w,  https:\/\/bas-ip.com\/wp-content\/uploads\/2023\/04\/crestron_pic2-767x548.jpg 767w\" sizes=\"auto, (max-width: 810px) 100vw, 810px\" \/>\t<\/div>\r\n\t\r\n\t<div class=\"text-holder\" data-aos=\"fade-right\">\r\n\t\t\t\t\t\t<div class=\"text-block\">\r\n\t\t\t<div class=\"wrapper container margin_t_b_80_p\">\n<div class=\"auntk_text_p\">\n<h1>BAS-IP SIP-Sprechanlagen erf\u00fcllen die Anforderungen von Crestron Smart Home Automation<\/h1>\n<p>Die Zukunft des intelligenten Wohnens ist da, denn wir haben die robusten F\u00e4higkeiten der BAS-IP SIP-Sprechanlagen mit der un\u00fcbertroffenen Intelligenz der Crestron Hausautomationssysteme kombiniert. Lassen Sie sich \u00fcberraschen und tauchen Sie ein in eine Symphonie fortschrittlicher Technologie, die Ihren Lebensstil in neue Dimensionen f\u00fchrt.<\/p>\n<h2>Schaffen Sie die perfekte Atmosph\u00e4re<\/h2>\n<p>Stellen Sie sich ein Haus vor, das nach Ihrer Pfeife tanzt, ein Haus, in dem Sie die perfekte Atmosph\u00e4re schaffen k\u00f6nnen, ohne den Monitor der BAS-IP-Sprechanlage zu verlassen. Hier kommt die Crestron-App ins Spiel, ein Meister, der die L\u00fccke zwischen Ihrer Gegensprechanlage und den an Ihren Crestron-Server angeschlossenen Ger\u00e4ten schlie\u00dft. Dank der Integrationsoption k\u00f6nnen Sie nun Vorh\u00e4nge, Jalousien, Licht und Musik direkt vom Sprechanlagenmonitor aus steuern und so eine harmonische Mischung aus Einfachheit und Raffinesse schaffen.<\/p>\n<h2>Nahtlose Integration f\u00fcr ein einheitliches Erlebnis<\/h2>\n<p>Der Prozess ist so einfach wie nur m\u00f6glich. Unsere nahtlose Integration wird direkt auf den BAS-IP-Innenmonitoren durchgef\u00fchrt, indem Sie einfach die Crestron-App installieren und ein registriertes Konto verwenden. Mit dieser innovativen L\u00f6sung k\u00f6nnen Sie ein einziges Erlebnis genie\u00dfen, das Kommunikation, Sicherheit und Smart Home Management in einem eleganten und effizienten Paket vereint.<\/p>\n<h2>Erh\u00f6hen Sie den IQ Ihrer Wohnung<\/h2>\n<p>Die Partnerschaft zwischen BAS-IP SIP-Sprechanlagen und Crestron erh\u00f6ht den IQ Ihres Hauses und macht Ihr t\u00e4gliches Leben nicht nur komfortabler und sicherer, sondern verleiht Ihrem Lebensstil auch einen Hauch von Elan. Von der Bewirtung von G\u00e4sten bis hin zur Schaffung des perfekten Ambientes f\u00fcr ein romantisches Abendessen &#8211; diese Integration verwandelt Ihr Zuhause in eine intelligente Oase, die alle Ihre W\u00fcnsche erf\u00fcllt.<\/p>\n<h2>Erleben Sie eine bezaubernde Verschmelzung<\/h2>\n<p>Erleben Sie die bezaubernde Verschmelzung von BAS-IP SIP-Sprechanlagen und intelligenten Hausautomationssystemen von Crestron und verwandeln Sie Ihr Zuhause in ein intelligentes Meisterwerk, das in jeder Hinsicht gl\u00e4nzt und erfreut. Sind Sie bereit, Ihr Zuhause mit neuen M\u00f6glichkeiten zu erf\u00fcllen? Steigen Sie noch heute in die Sinfonie der Innovation ein!<\/p>\n<h2>Umfassen Sie die Zukunft<\/h2>\n<p>Erleben Sie die Magie. Lassen Sie BAS-IP und Crestron Ihren Lebensstil verbessern.<\/p>\n<\/div>\n<\/div>\t\t<\/div>\r\n\t\t\r\n\t\t\r\n\t\t\t<\/div>\r\n<\/section>\r\n<!-- END Block Integrations Text & Image -->\n\n<!-- START Block Sign Up --><section id=\"block_629678229e935\" class=\"sign-up-section\">\r\n\r\n    <div class=\"form-holder js-form\" data-aos=\"fade-right\">\r\n                    <div class=\"title-block h3\">Sign up for connection<\/div>\r\n        \r\n                    <div class=\"text-block\">\r\n                Filling out all the information needed to answer you as quickly as possible            <\/div>\r\n        \r\n                    \n<div class=\"wpcf7 no-js\" id=\"wpcf7-f102-o1\" lang=\"en-US\" dir=\"ltr\">\n<div class=\"screen-reader-response\"><p role=\"status\" aria-live=\"polite\" aria-atomic=\"true\"><\/p> <ul><\/ul><\/div>\n<form action=\"\/de\/wp-json\/wp\/v2\/pages\/77517#wpcf7-f102-o1\" method=\"post\" class=\"wpcf7-form init\" aria-label=\"Contact form\" enctype=\"multipart\/form-data\" novalidate=\"novalidate\" data-status=\"init\">\n<div style=\"display: none;\">\n<input type=\"hidden\" name=\"_wpcf7\" value=\"102\" \/>\n<input type=\"hidden\" name=\"_wpcf7_version\" value=\"5.8.3\" \/>\n<input type=\"hidden\" name=\"_wpcf7_locale\" value=\"en_US\" \/>\n<input type=\"hidden\" name=\"_wpcf7_unit_tag\" value=\"wpcf7-f102-o1\" \/>\n<input type=\"hidden\" name=\"_wpcf7_container_post\" value=\"0\" \/>\n<input type=\"hidden\" name=\"_wpcf7_posted_data_hash\" value=\"\" \/>\n<input type=\"hidden\" name=\"_wpcf7_recaptcha_response\" value=\"\" \/>\n<\/div>\n<div class=\"row\"> \n <label><span class=\"label-text\">Name<\/span> \n  <span class=\"wpcf7-form-control-wrap\" data-name=\"text-full-name\"><input size=\"40\" class=\"wpcf7-form-control wpcf7-text wpcf7-validates-as-required\" aria-required=\"true\" aria-invalid=\"false\" placeholder=\"Name\" value=\"\" type=\"text\" name=\"text-full-name\" \/><\/span><\/label> \n<\/div> \n<div class=\"row\"> \n <label><span class=\"label-text\">Phone*<\/span> \n<span class=\"wpcf7-form-control-wrap\" data-name=\"phonetext-270\"><input size=\"40\" class=\"wpcf7-form-control wpcf7-phonetext wpcf7-validates-as-required wpcf7-text wpcf7-validates-as-phonetext\" aria-required=\"true\" aria-invalid=\"false\" placeholder=\"Phone*\" value=\"\" type=\"text\" name=\"phonetext-270\" \/><input type=\"hidden\" name=\"phonetext-270-country-code\" class=\"wpcf7-phonetext-country-code\" \/><\/span><\/label> \n<\/div> \n<div class=\"row\"> \n <label><span class=\"label-text\">E-mail<\/span> \n  <span class=\"wpcf7-form-control-wrap\" data-name=\"email-e-mail\"><input size=\"40\" class=\"wpcf7-form-control wpcf7-email wpcf7-validates-as-required wpcf7-text wpcf7-validates-as-email\" aria-required=\"true\" aria-invalid=\"false\" placeholder=\"E-mail\" value=\"\" type=\"email\" name=\"email-e-mail\" \/><\/span><\/label> \n<\/div> \n<div class=\"row\"><span>Your country<\/span> \n <label><span class=\"wpcf7-form-control-wrap\" data-name=\"countrytext-126\"><input size=\"40\" class=\"wpcf7-form-control wpcf7-countrytext wpcf7-text wpcf7-validates-as-countrytext\" aria-invalid=\"false\" value=\"\" type=\"text\" name=\"countrytext-126\" \/><\/span> <\/label>\n<\/div> \n<div class=\"row\"> \n <button type=\"submit\" class=\"btn\">Send<\/button> \n<\/div> \n<div class=\"row\"> \n <span class=\"wpcf7-form-control-wrap\" data-name=\"checkbox-931\"><span class=\"wpcf7-form-control wpcf7-checkbox\"><span class=\"wpcf7-list-item first\"><label><input type=\"checkbox\" name=\"checkbox-931[]\" value=\"Integrator\" \/><span class=\"wpcf7-list-item-label\">Integrator<\/span><\/label><\/span><span class=\"wpcf7-list-item\"><label><input type=\"checkbox\" name=\"checkbox-931[]\" value=\"Builder\" \/><span class=\"wpcf7-list-item-label\">Builder<\/span><\/label><\/span><span class=\"wpcf7-list-item last\"><label><input type=\"checkbox\" name=\"checkbox-931[]\" value=\"End-User\" \/><span class=\"wpcf7-list-item-label\">End-User<\/span><\/label><\/span><\/span><\/span> \n<\/div> \n<div class=\"row row-upload-file\"> \n <label class=\"upload-file-block js-upload-file\">Attach file \n  <span class=\"wpcf7-form-control-wrap\" data-name=\"file-466\"><input size=\"40\" class=\"wpcf7-form-control wpcf7-file\" accept=\"audio\/*,video\/*,image\/*\" aria-invalid=\"false\" type=\"file\" name=\"file-466\" \/><\/span><\/label> \n<\/div><input type='hidden' class='wpcf7-pum' value='{\"closepopup\":false,\"closedelay\":0,\"openpopup\":false,\"openpopup_id\":0}' \/><div class=\"wpcf7-response-output\" aria-hidden=\"true\"><\/div>\n<\/form>\n<\/div>\n            <\/div>\r\n\r\n\t\t    <div class=\"text-holder\" data-aos=\"fade-left\">\r\n\t\t\t\t\t\t    <h3 class=\"title-block\">How Can We Help?<\/h3>\r\n\t\t\t\r\n\t\t\t                <div class=\"text-block\">\r\n                    Please select a topic below related to your inquiry. If you don&#8217;t find what you need, fill out our contact form.                <\/div>\r\n\t\t\t\r\n\t\t\t\t\t\t    <ul class=\"link-list\">\r\n\t\t\t\t\t\t\t\t\t\t\t\t\t\t\t\t\t\t<li>\r\n\t\t\t\t\t\t\t\t\t\t\t\t\t\t\t\t    <strong>Get Inspired<\/strong>\r\n\t\t\t\t\t\t\t\t\t\t\t\t\t\t\t\t\t\t\t\t\t\t\t\t    <a href=\"\/features\/\">\r\n\t\t\t\t\t\t\t\t        Discover what&#8217;s beneath our intercom\t\t\t\t\t\t\t\t    <\/a>\r\n\t\t\t\t\t\t\t\t\t\t\t\t\t\t\t<\/li>\r\n\t\t\t\t\t\t\t\t\t\t\t\t\t\t\t\t\t\t\t\t\t\t\t\t<li>\r\n\t\t\t\t\t\t\t\t\t\t\t\t\t\t\t\t    <strong>Become a Partner<\/strong>\r\n\t\t\t\t\t\t\t\t\t\t\t\t\t\t\t\t\t\t\t\t\t\t\t\t    <a href=\"\/distributors\/\">\r\n\t\t\t\t\t\t\t\t        Expand your business with BAS-IP intercom\t\t\t\t\t\t\t\t    <\/a>\r\n\t\t\t\t\t\t\t\t\t\t\t\t\t\t\t<\/li>\r\n\t\t\t\t\t\t\t\t\t\t\t\t\t\t\t\t\t\t\t\t\t\t\t\t<li>\r\n\t\t\t\t\t\t\t\t\t\t\t\t\t\t\t\t    <strong>Check the Guides<\/strong>\r\n\t\t\t\t\t\t\t\t\t\t\t\t\t\t\t\t\t\t\t\t\t\t\t\t    <a href=\"\/support\/\">\r\n\t\t\t\t\t\t\t\t        Download detailed manuals and schemes\t\t\t\t\t\t\t\t    <\/a>\r\n\t\t\t\t\t\t\t\t\t\t\t\t\t\t\t<\/li>\r\n\t\t\t\t\t\t\t\t\t\t\t\t\t\t\t<\/ul>\r\n\t\t\t\r\n\t\t\t\t\t\t    <h3 class=\"title-block\">Our contacts<\/h3>\r\n\t\t\t\r\n\t\t\t\t\t\t\t<ul class=\"contact-list\">\r\n\t\t\t\t\t\t\t\t\t\t\t\t\t\t\t\t\t\t<li>\r\n\t\t\t\t\t\t\t\t\t\t\t\t\t\t\t\t\t<strong>Sales:<\/strong>\r\n\t\t\t\t\t\t\t\t\t\t\t\t\t\t\t\t\t\t\t\t\t\t\t\t    <a href=\"mailto:&#115;&#97;l&#101;s&#64;&#98;as-i&#112;.co&#109;\">s&#97;les&#64;b&#97;&#115;-ip&#46;&#99;o&#109;<\/a>\r\n\t\t\t\t\t\t\t\t\t\t\t\t\t\t\t<\/li>\r\n\t\t\t\t\t\t\t\t\t\t\t\t\t\t\t\t\t\t\t\t\t\t\t\t<li>\r\n\t\t\t\t\t\t\t\t\t\t\t\t\t\t\t\t\t<strong>Technical support:<\/strong>\r\n\t\t\t\t\t\t\t\t\t\t\t\t\t\t\t\t\t\t\t\t\t\t\t\t    <a href=\"mailto:&#115;u&#112;&#112;&#111;r&#116;&#64;b&#97;&#115;&#45;i&#112;.c&#111;&#109;\">su&#112;&#112;o&#114;t&#64;b&#97;&#115;&#45;i&#112;&#46;c&#111;&#109;<\/a>\r\n\t\t\t\t\t\t\t\t\t\t\t\t\t\t\t<\/li>\r\n\t\t\t\t\t\t\t\t\t\t\t\t\t\t\t<\/ul>\r\n\t\t\t\t\t<\/div>\r\n\t<\/section>\r\n\r\n\r\n\r\n<!-- END Block Sign Up -->","protected":false},"excerpt":{"rendered":"","protected":false},"author":1,"featured_media":0,"parent":0,"menu_order":0,"comment_status":"closed","ping_status":"closed","template":"page-custom-breadcrumbs.php","meta":{"inline_featured_image":false,"footnotes":""},"class_list":["post-77517","page","type-page","status-publish","hentry"],"acf":[],"_links":{"self":[{"href":"https:\/\/bas-ip.com\/de\/wp-json\/wp\/v2\/pages\/77517","targetHints":{"allow":["GET"]}}],"collection":[{"href":"https:\/\/bas-ip.com\/de\/wp-json\/wp\/v2\/pages"}],"about":[{"href":"https:\/\/bas-ip.com\/de\/wp-json\/wp\/v2\/types\/page"}],"author":[{"embeddable":true,"href":"https:\/\/bas-ip.com\/de\/wp-json\/wp\/v2\/users\/1"}],"replies":[{"embeddable":true,"href":"https:\/\/bas-ip.com\/de\/wp-json\/wp\/v2\/comments?post=77517"}],"version-history":[{"count":2,"href":"https:\/\/bas-ip.com\/de\/wp-json\/wp\/v2\/pages\/77517\/revisions"}],"predecessor-version":[{"id":77554,"href":"https:\/\/bas-ip.com\/de\/wp-json\/wp\/v2\/pages\/77517\/revisions\/77554"}],"wp:attachment":[{"href":"https:\/\/bas-ip.com\/de\/wp-json\/wp\/v2\/media?parent=77517"}],"curies":[{"name":"wp","href":"https:\/\/api.w.org\/{rel}","templated":true}]}}