{"id":29775,"date":"2022-05-31T21:22:07","date_gmt":"2022-05-31T21:22:07","guid":{"rendered":"https:\/\/bas-ip.com\/?page_id=29775"},"modified":"2025-12-22T11:21:04","modified_gmt":"2025-12-22T11:21:04","slug":"integrations","status":"publish","type":"page","link":"https:\/\/bas-ip.com\/de\/integrationen\/","title":{"rendered":"Integrationen"},"content":{"rendered":"<!-- START Block General Hero --><section id=\"block_62968804c83f8\" class=\"general-hero-section\">\r\n\t<div class=\"text-holder\" data-aos=\"fade-right\">\r\n                    <h1 class=\"page-title\">Maximieren Sie die Vorteile Ihrer Gegensprechanlage mit BAS-IP-Integrationen.<\/h1>\r\n                                    <div class=\"text-section\">\r\n                <p>BAS-IP arbeitet eng mit f\u00fchrenden Software- und Hardwareherstellern in den Bereichen Zutrittskontrollsysteme, Sicherheit und Informationstechnologie zusammen.<\/p>\n            <\/div>\r\n            <\/div>\r\n\t        <div class=\"image-holder\" data-aos=\"fade-left\">\r\n\t        <img loading=\"lazy\" decoding=\"async\" width=\"900\" height=\"671\" src=\"https:\/\/bas-ip.com\/wp-content\/uploads\/2022\/05\/Frame-6.svg\" class=\"attachment-large size-large\" alt=\"Audio Video IP Intercom Integrations\" \/>        <\/div>\r\n\t<\/section>\r\n<!-- END Block General Hero -->\n\n<!-- START Block Integrations Intro --><section id=\"block_62968ab105155\" class=\"integrations-intro-section\">\r\n\t\t    <h2 class=\"title-section\" data-aos=\"fade-right\">Alle Systeme in einem einzigen Ger\u00e4t vereinen<\/h2>\r\n\t\t        <div class=\"text-block\" data-aos=\"fade-right\">\r\n\t        <p>Durch Integrationen erweitern wir das Potenzial und verwalten verschiedene Zutrittskontroll- und Smart-Home-Systeme in einem einzigen Ger\u00e4t. Wir entwickeln kontinuierlich neue L\u00f6sungen und streben danach, unseren Kunden weltweit erstklassige Services zu bieten. Wenn Sie Ihre Marke in BAS-IP integrieren m\u00f6chten, kontaktieren Sie uns einfach.<\/p>\n        <\/div>\r\n\t<\/section>\r\n<!-- END Block Integrations Intro -->\n\n<!-- START Block Integrations Text & Image --><section id=\"block_62968ac005156\" class=\"integrations-text-image-section\">\r\n\t\t<div class=\"image-holder\" data-aos=\"fade-left\">\r\n\t\t<img loading=\"lazy\" decoding=\"async\" width=\"791\" height=\"339\" src=\"https:\/\/bas-ip.com\/wp-content\/uploads\/2022\/09\/1-1.jpg\" class=\"attachment-large size-large\" alt=\"Audio video intercom with access control integration\" srcset=\"https:\/\/bas-ip.com\/wp-content\/uploads\/2022\/09\/1-1.jpg 791w,  https:\/\/bas-ip.com\/wp-content\/uploads\/2022\/09\/1-1-300x129.jpg 300w,  https:\/\/bas-ip.com\/wp-content\/uploads\/2022\/09\/1-1-768x329.jpg 768w,  https:\/\/bas-ip.com\/wp-content\/uploads\/2022\/09\/1-1-767x329.jpg 767w\" sizes=\"auto, (max-width: 791px) 100vw, 791px\" \/>\t<\/div>\r\n\t\r\n\t<div class=\"text-holder\" data-aos=\"fade-right\">\r\n\t\t\t\t<h3 class=\"title-block\">Zugangskontrolle<\/h3>\r\n\t\t\t\t\t\t<div class=\"text-block\">\r\n\t\t\t<p data-path-to-node=\"1\"><b data-path-to-node=\"1\" data-index-in-node=\"0\">BAS-IP<\/b> ist eine Audio-Video-Sprechanlage mit integrierter Zutrittskontrolle, die eine umfassende Software- und Hardwarekompatibilit\u00e4t mit der Mehrheit der ACS-Ger\u00e4te (Zutrittskontrollsysteme) bietet.<\/p>\n<p data-path-to-node=\"2\">Die Implementierung von BAS-IP-Sprechanlagen zusammen mit einem Zutrittskontrollsystem ist f\u00fcr Bautr\u00e4ger, Installationsfirmen und Gewerbeimmobilien wie B\u00fcros und Einkaufszentren von gro\u00dfem Interesse. Durch die Verschmelzung der beiden Systeme zu einer Einheit ist ein beispielloses Ma\u00df an Sicherheit und Benutzerfreundlichkeit entstanden:<\/p>\n<ul data-path-to-node=\"3\">\n<li>\n<p data-path-to-node=\"3,0,0\"><b data-path-to-node=\"3,0,0\" data-index-in-node=\"0\">Umfassende Integration der Zutrittsleser<\/b> innerhalb der BAS-IP-Paneele in die Software des Zutrittskontrollsystems, was das Lesen, Hinzuf\u00fcgen und L\u00f6schen von Identifikationsmerkmalen erm\u00f6glicht.<\/p>\n<\/li>\n<li>\n<p data-path-to-node=\"3,1,0\"><b data-path-to-node=\"3,1,0\" data-index-in-node=\"0\">Optimierte Benutzeroberfl\u00e4che<\/b> f\u00fcr die Zutrittskontrolle.<\/p>\n<\/li>\n<li>\n<p data-path-to-node=\"3,2,0\"><b data-path-to-node=\"3,2,0\" data-index-in-node=\"0\">Nutzung von Smartphones<\/b> als Identifikationsmedien.<\/p>\n<\/li>\n<li>\n<p data-path-to-node=\"3,3,0\"><b data-path-to-node=\"3,3,0\" data-index-in-node=\"0\">Konsolidiertes Ereignisprotokoll<\/b> mit anpassbaren Filtern.<\/p>\n<\/li>\n<li>\n<p data-path-to-node=\"3,4,0\"><b data-path-to-node=\"3,4,0\" data-index-in-node=\"0\">Zentralisierte Vergabe von Zutrittsberechtigungen<\/b> sowohl auf BAS-IP-Ger\u00e4ten als auch auf Systemen von ACS-Herstellern.<\/p>\n<\/li>\n<\/ul>\t\t<\/div>\r\n\t\t\r\n\t\t\t\t<h4 class=\"title-logo-block\">Marken, mit denen wir integriert sind<\/h4>\r\n\t\t\r\n\t\t\r\n\t\t<ul class=\"logo-list\">\r\n\t\t\t\t\t\t<li class=\"logo-item\">\r\n\t\t\t\t\r\n\t\t\t\t<img loading=\"lazy\" decoding=\"async\" width=\"300\" height=\"83\" src=\"https:\/\/bas-ip.com\/wp-content\/uploads\/2022\/11\/inner-range-logo-300x83.png\" class=\"attachment-medium size-medium\" alt=\"\" srcset=\"https:\/\/bas-ip.com\/wp-content\/uploads\/2022\/11\/inner-range-logo-300x83.png 300w,  https:\/\/bas-ip.com\/wp-content\/uploads\/2022\/11\/inner-range-logo-768x212.png 768w,  https:\/\/bas-ip.com\/wp-content\/uploads\/2022\/11\/inner-range-logo-767x212.png 767w,  https:\/\/bas-ip.com\/wp-content\/uploads\/2022\/11\/inner-range-logo.png 836w\" sizes=\"auto, (max-width: 300px) 100vw, 300px\" \/>\r\n\t\t\t\t\r\n\t\t\t<\/li>\r\n\t\t\t\t\t\t<li class=\"logo-item\">\r\n\t\t\t\t\r\n\t\t\t\t<img loading=\"lazy\" decoding=\"async\" width=\"300\" height=\"88\" src=\"https:\/\/bas-ip.com\/wp-content\/uploads\/2022\/11\/u-prox_logo-300x88.png\" class=\"attachment-medium size-medium\" alt=\"\" srcset=\"https:\/\/bas-ip.com\/wp-content\/uploads\/2022\/11\/u-prox_logo-300x88.png 300w,  https:\/\/bas-ip.com\/wp-content\/uploads\/2022\/11\/u-prox_logo.png 674w\" sizes=\"auto, (max-width: 300px) 100vw, 300px\" \/>\r\n\t\t\t\t\r\n\t\t\t<\/li>\r\n\t\t\t\t\t\t<li class=\"logo-item\">\r\n\t\t\t\t\r\n\t\t\t\t<img loading=\"lazy\" decoding=\"async\" width=\"300\" height=\"74\" src=\"https:\/\/bas-ip.com\/wp-content\/uploads\/2022\/11\/galaxy-control-systems-300x74.png\" class=\"attachment-medium size-medium\" alt=\"\" srcset=\"https:\/\/bas-ip.com\/wp-content\/uploads\/2022\/11\/galaxy-control-systems-300x74.png 300w,  https:\/\/bas-ip.com\/wp-content\/uploads\/2022\/11\/galaxy-control-systems-768x190.png 768w,  https:\/\/bas-ip.com\/wp-content\/uploads\/2022\/11\/galaxy-control-systems-767x190.png 767w,  https:\/\/bas-ip.com\/wp-content\/uploads\/2022\/11\/galaxy-control-systems.png 924w\" sizes=\"auto, (max-width: 300px) 100vw, 300px\" \/>\r\n\t\t\t\t\r\n\t\t\t<\/li>\r\n\t\t\t\t\t\t<li class=\"logo-item\">\r\n\t\t\t\t\r\n\t\t\t\t<img loading=\"lazy\" decoding=\"async\" width=\"300\" height=\"120\" src=\"https:\/\/bas-ip.com\/wp-content\/uploads\/2023\/02\/Gallagher-long-300x120.png\" class=\"attachment-medium size-medium\" alt=\"\" srcset=\"https:\/\/bas-ip.com\/wp-content\/uploads\/2023\/02\/Gallagher-long-300x120.png 300w,  https:\/\/bas-ip.com\/wp-content\/uploads\/2023\/02\/Gallagher-long.png 500w\" sizes=\"auto, (max-width: 300px) 100vw, 300px\" \/>\r\n\t\t\t\t\r\n\t\t\t<\/li>\r\n\t\t\t\t\t\t<li class=\"logo-item\">\r\n\t\t\t\t\r\n\t\t\t\t<img loading=\"lazy\" decoding=\"async\" width=\"300\" height=\"62\" src=\"https:\/\/bas-ip.com\/wp-content\/uploads\/2024\/08\/napco_logo-1-300x62.png\" class=\"attachment-medium size-medium\" alt=\"\" srcset=\"https:\/\/bas-ip.com\/wp-content\/uploads\/2024\/08\/napco_logo-1-300x62.png 300w,  https:\/\/bas-ip.com\/wp-content\/uploads\/2024\/08\/napco_logo-1-1024x213.png 1024w,  https:\/\/bas-ip.com\/wp-content\/uploads\/2024\/08\/napco_logo-1-768x160.png 768w,  https:\/\/bas-ip.com\/wp-content\/uploads\/2024\/08\/napco_logo-1-767x159.png 767w,  https:\/\/bas-ip.com\/wp-content\/uploads\/2024\/08\/napco_logo-1.png 1227w\" sizes=\"auto, (max-width: 300px) 100vw, 300px\" \/>\r\n\t\t\t\t\r\n\t\t\t<\/li>\r\n\t\t\t\t\t\t<li class=\"logo-item\">\r\n\t\t\t\t\r\n\t\t\t\t<img loading=\"lazy\" decoding=\"async\" width=\"300\" height=\"48\" src=\"https:\/\/bas-ip.com\/wp-content\/uploads\/2025\/02\/Rosslare_logo_new-300x48.png\" class=\"attachment-medium size-medium\" alt=\"\" srcset=\"https:\/\/bas-ip.com\/wp-content\/uploads\/2025\/02\/Rosslare_logo_new-300x48.png 300w,  https:\/\/bas-ip.com\/wp-content\/uploads\/2025\/02\/Rosslare_logo_new-1024x166.png 1024w,  https:\/\/bas-ip.com\/wp-content\/uploads\/2025\/02\/Rosslare_logo_new-768x124.png 768w,  https:\/\/bas-ip.com\/wp-content\/uploads\/2025\/02\/Rosslare_logo_new-767x124.png 767w,  https:\/\/bas-ip.com\/wp-content\/uploads\/2025\/02\/Rosslare_logo_new.png 1064w\" sizes=\"auto, (max-width: 300px) 100vw, 300px\" \/>\r\n\t\t\t\t\r\n\t\t\t<\/li>\r\n\t\t\t\t\t\t<li class=\"logo-item\">\r\n\t\t\t\t\r\n\t\t\t\t<img loading=\"lazy\" decoding=\"async\" width=\"300\" height=\"162\" src=\"https:\/\/bas-ip.com\/wp-content\/uploads\/2025\/02\/ACTpro-300x162.png\" class=\"attachment-medium size-medium\" alt=\"\" srcset=\"https:\/\/bas-ip.com\/wp-content\/uploads\/2025\/02\/ACTpro-300x162.png 300w,  https:\/\/bas-ip.com\/wp-content\/uploads\/2025\/02\/ACTpro.png 594w\" sizes=\"auto, (max-width: 300px) 100vw, 300px\" \/>\r\n\t\t\t\t\r\n\t\t\t<\/li>\r\n\t\t\t\t\t\t<li class=\"logo-item\">\r\n\t\t\t\t\r\n\t\t\t\t<img loading=\"lazy\" decoding=\"async\" width=\"300\" height=\"175\" src=\"https:\/\/bas-ip.com\/wp-content\/uploads\/2025\/06\/Condo-Control2-300x175.png\" class=\"attachment-medium size-medium\" alt=\"\" srcset=\"https:\/\/bas-ip.com\/wp-content\/uploads\/2025\/06\/Condo-Control2-300x175.png 300w,  https:\/\/bas-ip.com\/wp-content\/uploads\/2025\/06\/Condo-Control2-1024x596.png 1024w,  https:\/\/bas-ip.com\/wp-content\/uploads\/2025\/06\/Condo-Control2-768x447.png 768w,  https:\/\/bas-ip.com\/wp-content\/uploads\/2025\/06\/Condo-Control2-767x447.png 767w,  https:\/\/bas-ip.com\/wp-content\/uploads\/2025\/06\/Condo-Control2.png 1178w\" sizes=\"auto, (max-width: 300px) 100vw, 300px\" \/>\r\n\t\t\t\t\r\n\t\t\t<\/li>\r\n\t\t\t\t\t<\/ul>\r\n\t\t\t<\/div>\r\n<\/section>\r\n<!-- END Block Integrations Text & Image -->\n\n<!-- START Block Integrations Text & Image --><section id=\"block_62968bc905157\" class=\"integrations-text-image-section\">\r\n\t\t<div class=\"image-holder\" data-aos=\"fade-left\">\r\n\t\t<img loading=\"lazy\" decoding=\"async\" width=\"791\" height=\"339\" src=\"https:\/\/bas-ip.com\/wp-content\/uploads\/2022\/09\/2-2.jpg\" class=\"attachment-large size-large\" alt=\"\" srcset=\"https:\/\/bas-ip.com\/wp-content\/uploads\/2022\/09\/2-2.jpg 791w,  https:\/\/bas-ip.com\/wp-content\/uploads\/2022\/09\/2-2-300x129.jpg 300w,  https:\/\/bas-ip.com\/wp-content\/uploads\/2022\/09\/2-2-768x329.jpg 768w,  https:\/\/bas-ip.com\/wp-content\/uploads\/2022\/09\/2-2-767x329.jpg 767w\" sizes=\"auto, (max-width: 791px) 100vw, 791px\" \/>\t<\/div>\r\n\t\r\n\t<div class=\"text-holder\" data-aos=\"fade-right\">\r\n\t\t\t\t<h3 class=\"title-block\">CCTV<\/h3>\r\n\t\t\t\t\t\t<div class=\"text-block\">\r\n\t\t\t<p>BAS-IP-<a href=\"https:\/\/bas-ip.com\/de\/hardware-kategorie\/tuersprechanlage-mit-kamera\/\">T\u00fcrsprechanlagen \u00fcbertragen<\/a> Videodaten digital und erm\u00f6glichen so die Aufzeichnung auf einem NVR (Netzwerk-Videorekorder). Eine solche Sprechanlage dient nicht nur als T\u00fcr\u00f6ffner, sondern auch als vollwertige IP-Kamera f\u00fcr zus\u00e4tzliche \u00dcberwachung und Videoaufzeichnung und erleichtert so die sp\u00e4tere Analyse und Auswertung von Statistiken.<\/p>\n<p>Dar\u00fcber hinaus sind diese T\u00fcrsprechanlagen mit einem integrierten Mikrofon ausgestattet, das so eingestellt werden kann, dass es erh\u00f6hte Ger\u00e4uschpegel oder Schreie erkennt und anschlie\u00dfend ein Signal an den NVR sendet. Sie k\u00f6nnen das System sogar so konfigurieren, dass es bei einem Ereignis die Aufzeichnung \u00fcber die Kamera der T\u00fcrsprechanlage und mehrere benachbarte Kameras startet und so eine umfassende \u00dcbersicht gew\u00e4hrleistet.<\/p>\t\t<\/div>\r\n\t\t\r\n\t\t\t\t<h4 class=\"title-logo-block\">Marken, mit denen wir integriert sind<\/h4>\r\n\t\t\r\n\t\t\r\n\t\t<ul class=\"logo-list\">\r\n\t\t\t\t\t\t<li class=\"logo-item\">\r\n\t\t\t\t\r\n\t\t\t\t<img loading=\"lazy\" decoding=\"async\" width=\"300\" height=\"54\" src=\"https:\/\/bas-ip.com\/wp-content\/uploads\/2022\/11\/Hikvision-logo1-300x54.png\" class=\"attachment-medium size-medium\" alt=\"\" srcset=\"https:\/\/bas-ip.com\/wp-content\/uploads\/2022\/11\/Hikvision-logo1-300x54.png 300w,  https:\/\/bas-ip.com\/wp-content\/uploads\/2022\/11\/Hikvision-logo1-768x138.png 768w,  https:\/\/bas-ip.com\/wp-content\/uploads\/2022\/11\/Hikvision-logo1-767x138.png 767w,  https:\/\/bas-ip.com\/wp-content\/uploads\/2022\/11\/Hikvision-logo1.png 900w\" sizes=\"auto, (max-width: 300px) 100vw, 300px\" \/>\r\n\t\t\t\t\r\n\t\t\t<\/li>\r\n\t\t\t\t\t\t<li class=\"logo-item\">\r\n\t\t\t\t\r\n\t\t\t\t<img loading=\"lazy\" decoding=\"async\" width=\"300\" height=\"110\" src=\"https:\/\/bas-ip.com\/wp-content\/uploads\/2022\/11\/axis-logo2-300x110.png\" class=\"attachment-medium size-medium\" alt=\"\" srcset=\"https:\/\/bas-ip.com\/wp-content\/uploads\/2022\/11\/axis-logo2-300x110.png 300w,  https:\/\/bas-ip.com\/wp-content\/uploads\/2022\/11\/axis-logo2-768x283.png 768w,  https:\/\/bas-ip.com\/wp-content\/uploads\/2022\/11\/axis-logo2-767x282.png 767w,  https:\/\/bas-ip.com\/wp-content\/uploads\/2022\/11\/axis-logo2.png 899w\" sizes=\"auto, (max-width: 300px) 100vw, 300px\" \/>\r\n\t\t\t\t\r\n\t\t\t<\/li>\r\n\t\t\t\t\t<\/ul>\r\n\t\t\t<\/div>\r\n<\/section>\r\n<!-- END Block Integrations Text & Image -->\n\n<!-- START Block Integrations Text & Image --><section id=\"block_62968c2505159\" class=\"integrations-text-image-section\">\r\n\t\t<div class=\"image-holder\" data-aos=\"fade-left\">\r\n\t\t<img loading=\"lazy\" decoding=\"async\" width=\"791\" height=\"339\" src=\"https:\/\/bas-ip.com\/wp-content\/uploads\/2022\/09\/3-1.jpg\" class=\"attachment-large size-large\" alt=\"\" srcset=\"https:\/\/bas-ip.com\/wp-content\/uploads\/2022\/09\/3-1.jpg 791w,  https:\/\/bas-ip.com\/wp-content\/uploads\/2022\/09\/3-1-300x129.jpg 300w,  https:\/\/bas-ip.com\/wp-content\/uploads\/2022\/09\/3-1-768x329.jpg 768w,  https:\/\/bas-ip.com\/wp-content\/uploads\/2022\/09\/3-1-767x329.jpg 767w\" sizes=\"auto, (max-width: 791px) 100vw, 791px\" \/>\t<\/div>\r\n\t\r\n\t<div class=\"text-holder\" data-aos=\"fade-right\">\r\n\t\t\t\t<h3 class=\"title-block\">Smart-Home-Automatisierung<\/h3>\r\n\t\t\t\t\t\t<div class=\"text-block\">\r\n\t\t\t<p>Die BAS-IP-<a href=\"https:\/\/bas-ip.com\/de\/hardware-kategorie\/video-tuersprechanlage\/\">Innenmonitore<\/a> dienen nicht nur als Gegensprechanlagen, sondern auch als Steuerung f\u00fcr andere Smart-Home-Ger\u00e4te. Im Prinzip verwandelt sich unser Monitor in ein Bedienfeld f\u00fcr ein fortschrittliches Hausautomationssystem. Verschiedene Funktionen, wie die Steuerung von Beleuchtung, Musik und Klimatisierung, k\u00f6nnen direkt \u00fcber den Monitor gesteuert werden.<\/p>\n<p>Umgekehrt werden Video- und Anrufsignale von den BAS-IP-Au\u00dfenmonitoren direkt an die bereits installierten Smart-Home-Bedienfelder vor Ort weitergeleitet.<\/p>\t\t<\/div>\r\n\t\t\r\n\t\t\t\t<h4 class=\"title-logo-block\">Marken, mit denen wir integriert sind<\/h4>\r\n\t\t\r\n\t\t\r\n\t\t<ul class=\"logo-list\">\r\n\t\t\t\t\t\t<li class=\"logo-item\">\r\n\t\t\t\t\r\n\t\t\t\t<img loading=\"lazy\" decoding=\"async\" width=\"135\" height=\"40\" src=\"https:\/\/bas-ip.com\/wp-content\/uploads\/2022\/05\/351406-3-1.png\" class=\"attachment-medium size-medium\" alt=\"\" \/>\r\n\t\t\t\t\r\n\t\t\t<\/li>\r\n\t\t\t\t\t<\/ul>\r\n\t\t\t<\/div>\r\n<\/section>\r\n<!-- END Block Integrations Text & Image -->\n\n<!-- START Block Integrations Text & Image --><section id=\"block_65f975e9f18ea\" class=\"integrations-text-image-section\">\r\n\t\t<div class=\"image-holder\" data-aos=\"fade-left\">\r\n\t\t<img loading=\"lazy\" decoding=\"async\" width=\"791\" height=\"339\" src=\"https:\/\/bas-ip.com\/wp-content\/uploads\/2024\/03\/lift.jpg\" class=\"attachment-large size-large\" alt=\"\" srcset=\"https:\/\/bas-ip.com\/wp-content\/uploads\/2024\/03\/lift.jpg 791w,  https:\/\/bas-ip.com\/wp-content\/uploads\/2024\/03\/lift-300x129.jpg 300w,  https:\/\/bas-ip.com\/wp-content\/uploads\/2024\/03\/lift-768x329.jpg 768w,  https:\/\/bas-ip.com\/wp-content\/uploads\/2024\/03\/lift-767x329.jpg 767w\" sizes=\"auto, (max-width: 791px) 100vw, 791px\" \/>\t<\/div>\r\n\t\r\n\t<div class=\"text-holder\" data-aos=\"fade-right\">\r\n\t\t\t\t<h3 class=\"title-block\">Hebesystem<\/h3>\r\n\t\t\t\t\t\t<div class=\"text-block\">\r\n\t\t\t<p data-path-to-node=\"6\">Die Integration von BAS-IP-Sprechanlagen mit Aufzugsanlagen bietet ein umfassendes System f\u00fcr Sicherheit und Komfort der Nutzer. Sie erm\u00f6glicht:<\/p>\n<ul data-path-to-node=\"7\">\n<li>\n<p data-path-to-node=\"7,0,0\"><b data-path-to-node=\"7,0,0\" data-index-in-node=\"0\">Rufen des Aufzugs<\/b> \u00fcber die T\u00fcrstation mittels RFID-Karten, PIN-Codes, QR-Codes oder biometrischen Daten.<\/p>\n<\/li>\n<li>\n<p data-path-to-node=\"7,1,0\"><b data-path-to-node=\"7,1,0\" data-index-in-node=\"0\">Beschr\u00e4nkung des Zugangs zu Etagen und Aufz\u00fcgen<\/b>, sodass der Zutritt nur autorisierten Personen gestattet wird.<\/p>\n<\/li>\n<li>\n<p data-path-to-node=\"7,2,0\"><b data-path-to-node=\"7,2,0\" data-index-in-node=\"0\">Erh\u00f6hung der Sicherheit<\/b> durch Video\u00fcberwachung und Zutrittskontrolle.<\/p>\n<\/li>\n<li>\n<p data-path-to-node=\"7,3,0\"><b data-path-to-node=\"7,3,0\" data-index-in-node=\"0\">Komfortablere und effizientere Geb\u00e4udeverwaltung.<\/b><\/p>\n<\/li>\n<\/ul>\t\t<\/div>\r\n\t\t\r\n\t\t\t\t<h4 class=\"title-logo-block\">Marken, mit denen wir integriert sind<\/h4>\r\n\t\t\r\n\t\t\r\n\t\t<ul class=\"logo-list\">\r\n\t\t\t\t\t\t<li class=\"logo-item\">\r\n\t\t\t\t\r\n\t\t\t\t<img loading=\"lazy\" decoding=\"async\" width=\"300\" height=\"152\" src=\"https:\/\/bas-ip.com\/wp-content\/uploads\/2023\/06\/800px-Kone.svg-300x152.png\" class=\"attachment-medium size-medium\" alt=\"\" srcset=\"https:\/\/bas-ip.com\/wp-content\/uploads\/2023\/06\/800px-Kone.svg-300x152.png 300w,  https:\/\/bas-ip.com\/wp-content\/uploads\/2023\/06\/800px-Kone.svg-768x389.png 768w,  https:\/\/bas-ip.com\/wp-content\/uploads\/2023\/06\/800px-Kone.svg-767x388.png 767w,  https:\/\/bas-ip.com\/wp-content\/uploads\/2023\/06\/800px-Kone.svg.png 800w\" sizes=\"auto, (max-width: 300px) 100vw, 300px\" \/>\r\n\t\t\t\t\r\n\t\t\t<\/li>\r\n\t\t\t\t\t<\/ul>\r\n\t\t\t<\/div>\r\n<\/section>\r\n<!-- END Block Integrations Text & Image -->\n\n<!-- START Block Integrations Text & Image --><section id=\"block_62968c560515a\" class=\"integrations-text-image-section\">\r\n\t\t<div class=\"image-holder\" data-aos=\"fade-left\">\r\n\t\t<img loading=\"lazy\" decoding=\"async\" width=\"791\" height=\"339\" src=\"https:\/\/bas-ip.com\/wp-content\/uploads\/2022\/09\/4.jpg\" class=\"attachment-large size-large\" alt=\"\" srcset=\"https:\/\/bas-ip.com\/wp-content\/uploads\/2022\/09\/4.jpg 791w,  https:\/\/bas-ip.com\/wp-content\/uploads\/2022\/09\/4-300x129.jpg 300w,  https:\/\/bas-ip.com\/wp-content\/uploads\/2022\/09\/4-768x329.jpg 768w,  https:\/\/bas-ip.com\/wp-content\/uploads\/2022\/09\/4-767x329.jpg 767w\" sizes=\"auto, (max-width: 791px) 100vw, 791px\" \/>\t<\/div>\r\n\t\r\n\t<div class=\"text-holder\" data-aos=\"fade-right\">\r\n\t\t\t\t<h3 class=\"title-block\">Microsoft Teams (Cloud-Aufzeichnung)<\/h3>\r\n\t\t\t\t\t\t<div class=\"text-block\">\r\n\t\t\t<p>Durch diese Integration kann die BAS-IP-T\u00fcrsprechanlage mit der Microsoft Teams-Plattform kommunizieren. Microsoft Teams-Nutzer k\u00f6nnen eingehende Anrufe \u00fcber die T\u00fcrsprechanlage entgegennehmen \u2013 mit Zwei-Wege-Audio und Live-Video \u2013 und Besuchern die T\u00fcr \u00f6ffnen.<\/p>\t\t<\/div>\r\n\t\t\r\n\t\t\t\t<h4 class=\"title-logo-block\">Marken, mit denen wir integriert sind<\/h4>\r\n\t\t\r\n\t\t\r\n\t\t<ul class=\"logo-list\">\r\n\t\t\t\t\t\t<li class=\"logo-item\">\r\n\t\t\t\t\r\n\t\t\t\t<img loading=\"lazy\" decoding=\"async\" width=\"200\" height=\"32\" src=\"https:\/\/bas-ip.com\/wp-content\/uploads\/2022\/05\/cybertwice-logo-1.png\" class=\"attachment-medium size-medium\" alt=\"\" \/>\r\n\t\t\t\t\r\n\t\t\t<\/li>\r\n\t\t\t\t\t<\/ul>\r\n\t\t\t<\/div>\r\n<\/section>\r\n<!-- END Block Integrations Text & Image -->\n\n<!-- START Block Integrations Text & Image --><section id=\"block_62968cd10515b\" class=\"integrations-text-image-section\">\r\n\t\t<div class=\"image-holder\" data-aos=\"fade-left\">\r\n\t\t<img loading=\"lazy\" decoding=\"async\" width=\"791\" height=\"339\" src=\"https:\/\/bas-ip.com\/wp-content\/uploads\/2022\/09\/5.jpg\" class=\"attachment-large size-large\" alt=\"\" srcset=\"https:\/\/bas-ip.com\/wp-content\/uploads\/2022\/09\/5.jpg 791w,  https:\/\/bas-ip.com\/wp-content\/uploads\/2022\/09\/5-300x129.jpg 300w,  https:\/\/bas-ip.com\/wp-content\/uploads\/2022\/09\/5-768x329.jpg 768w,  https:\/\/bas-ip.com\/wp-content\/uploads\/2022\/09\/5-767x329.jpg 767w\" sizes=\"auto, (max-width: 791px) 100vw, 791px\" \/>\t<\/div>\r\n\t\r\n\t<div class=\"text-holder\" data-aos=\"fade-right\">\r\n\t\t\t\t<h3 class=\"title-block\">Sicherheitsplattformen<\/h3>\r\n\t\t\t\t\t\t<div class=\"text-block\">\r\n\t\t\t<p>Sicherheitsplattformen kombinieren IP-Video\u00fcberwachung, Zutrittskontrolle, Managementsysteme, automatische Kennzeichenerkennung (ANPR) sowie Kommunikations- und Analysetools. Solche Systeme werden in weitl\u00e4ufigen Anlagen eingesetzt, wo es notwendig ist, viele verschiedene Systeme in einem zentralen Dashboard f\u00fcr eine einfache \u00dcberwachung zusammenzuf\u00fchren.<\/p>\t\t<\/div>\r\n\t\t\r\n\t\t\t\t<h4 class=\"title-logo-block\">Marken, mit denen wir integriert sind<\/h4>\r\n\t\t\r\n\t\t\r\n\t\t<ul class=\"logo-list\">\r\n\t\t\t\t\t\t<li class=\"logo-item\">\r\n\t\t\t\t\r\n\t\t\t\t<img loading=\"lazy\" decoding=\"async\" width=\"300\" height=\"69\" src=\"https:\/\/bas-ip.com\/wp-content\/uploads\/2025\/02\/Logo_Main-300x69.png\" class=\"attachment-medium size-medium\" alt=\"\" srcset=\"https:\/\/bas-ip.com\/wp-content\/uploads\/2025\/02\/Logo_Main-300x69.png 300w,  https:\/\/bas-ip.com\/wp-content\/uploads\/2025\/02\/Logo_Main-768x177.png 768w,  https:\/\/bas-ip.com\/wp-content\/uploads\/2025\/02\/Logo_Main-767x176.png 767w,  https:\/\/bas-ip.com\/wp-content\/uploads\/2025\/02\/Logo_Main.png 800w\" sizes=\"auto, (max-width: 300px) 100vw, 300px\" \/>\r\n\t\t\t\t\r\n\t\t\t<\/li>\r\n\t\t\t\t\t<\/ul>\r\n\t\t\t<\/div>\r\n<\/section>\r\n<!-- END Block Integrations Text & Image -->\n\n<!-- START Block CTA Banner --><section id=\"block_62968eac884ad\" class=\"cta-banner-section image-positionleft\">\r\n\t        <div class=\"image-holder\" data-aos=\"fade-right\">\r\n\t        <img loading=\"lazy\" decoding=\"async\" width=\"900\" height=\"426\" src=\"https:\/\/bas-ip.com\/wp-content\/uploads\/2022\/05\/Group-36737.svg\" class=\"attachment-large size-large\" alt=\"\" \/>        <\/div>\r\n\t\r\n    <div class=\"text-holder\" data-aos=\"fade-left\">\r\n                    <h2 class=\"title-section\">M\u00f6chten Sie integriert werden? Sehen Sie sich unsere API an.<\/h2>\r\n                            <div class=\"text-block\">\r\n                <p>Sie erreichen uns unter <a href=\"mailto:integrations@bas-ip.com\">integrations@bas-ip.com<\/a><\/p>\n            <\/div>\r\n                            <a class=\"btn\" href=\"\/become-integration-partner\/\">\r\n                Werden Sie Integrationspartner            <\/a>\r\n            <\/div>\r\n<\/section>\r\n<!-- END Block CTA Banner -->\n\n<!-- START Block FAQ --><section id=\"block_62968eda884ae\" class=\"faq-section\">\r\n\t\t    <h2 class=\"title-section\" data-aos=\"fade-right\">H\u00e4ufig gestellte Fragen<\/h2>\r\n\t\t\t    <div class=\"faq-list js-accordion\" data-aos=\"fade-up\">\r\n\t\t\t\t\t\t\t\t\t\t\t    <div class=\"accordion-item faq-item\">\r\n                        <div class=\"accordion-opener\">\r\n                            Q: Sind f\u00fcr die Nutzung von Integrationen Kosten anfallen?                            <i class=\"fa-solid fa-chevron-down\"><\/i>\r\n                        <\/div>\r\n                        <div class=\"accordion-slide\">\r\n\t\t\t\t\t\t    <p>Nein, alle BAS-IP-Integrationen sind kostenlos.<\/p>\n                        <\/div>\r\n\t\t\t\t\t<\/div>\r\n\t\t\t\t\t\t\t\t\t\t\t\t\t\t\t    <div class=\"accordion-item faq-item\">\r\n                        <div class=\"accordion-opener\">\r\n                            Q: Wie kann ich meine Integration im offiziellen Verzeichnis auflisten lassen?                            <i class=\"fa-solid fa-chevron-down\"><\/i>\r\n                        <\/div>\r\n                        <div class=\"accordion-slide\">\r\n\t\t\t\t\t\t    <p>Das Integrationsverzeichnis ist eine kuratierte Liste der beliebtesten Marken, die mit BAS-IP kompatibel sind, und wird auf Basis der Kundennachfrage aktualisiert. Gerne k\u00f6nnen Sie uns kontaktieren, wenn Sie hier ebenfalls aufgef\u00fchrt werden m\u00f6chten.<\/p>\n                        <\/div>\r\n\t\t\t\t\t<\/div>\r\n\t\t\t\t\t\t\t\t\t<\/div>\r\n\t<\/section>\r\n<!-- END Block FAQ -->","protected":false},"excerpt":{"rendered":"","protected":false},"author":1,"featured_media":0,"parent":0,"menu_order":0,"comment_status":"closed","ping_status":"closed","template":"","meta":{"inline_featured_image":false,"footnotes":""},"class_list":["post-29775","page","type-page","status-publish","hentry"],"acf":[],"_links":{"self":[{"href":"https:\/\/bas-ip.com\/de\/wp-json\/wp\/v2\/pages\/29775","targetHints":{"allow":["GET"]}}],"collection":[{"href":"https:\/\/bas-ip.com\/de\/wp-json\/wp\/v2\/pages"}],"about":[{"href":"https:\/\/bas-ip.com\/de\/wp-json\/wp\/v2\/types\/page"}],"author":[{"embeddable":true,"href":"https:\/\/bas-ip.com\/de\/wp-json\/wp\/v2\/users\/1"}],"replies":[{"embeddable":true,"href":"https:\/\/bas-ip.com\/de\/wp-json\/wp\/v2\/comments?post=29775"}],"version-history":[{"count":5,"href":"https:\/\/bas-ip.com\/de\/wp-json\/wp\/v2\/pages\/29775\/revisions"}],"predecessor-version":[{"id":153123,"href":"https:\/\/bas-ip.com\/de\/wp-json\/wp\/v2\/pages\/29775\/revisions\/153123"}],"wp:attachment":[{"href":"https:\/\/bas-ip.com\/de\/wp-json\/wp\/v2\/media?parent=29775"}],"curies":[{"name":"wp","href":"https:\/\/api.w.org\/{rel}","templated":true}]}}