{"id":23018,"date":"2022-08-31T21:02:49","date_gmt":"2022-08-31T21:02:49","guid":{"rendered":"https:\/\/bas-ip.com\/courses\/"},"modified":"2025-09-10T07:03:41","modified_gmt":"2025-09-10T07:03:41","slug":"courses","status":"publish","type":"page","link":"https:\/\/bas-ip.com\/de\/courses\/","title":{"rendered":"Kurse"},"content":{"rendered":"<!-- START Block Home Hero Slider --><section id=\"block_630fcbf3596ba\" class=\"home-hero-slider-section js-home-hero-slider-section\">\r\n            <div class=\"home-hero-slide\">\r\n        <picture>\r\n            \r\n            \r\n                        <img decoding=\"async\" class=\"d-block w-100\" src=\"https:\/\/bas-ip.com\/wp-content\/uploads\/2022\/09\/main_2-1.jpg\"\r\n                alt=\"slide\">\r\n            \r\n        <\/picture>\r\n        <div class=\"container\">\r\n            <div class=\"text-holder fullsize__device\">\r\n                                <div class=\"h1 title-page\">WERDEN SIE EIN BAS-IP-AUSR\u00dcSTUNGSEXPERTE<\/div>\r\n                                                <div class=\"text-block\">\r\n                    Kostenlose Schulung jederzeit und \u00fcberall auf Ihrem Laptop oder Smartphone! Erhalten Sie ein offizielles BAS-IP-Zertifikat.                <\/div>\r\n                                                <a class=\"btn\" href=\"https:\/\/courses.bas-ip.com\/registration\/bde40e6b-53a1-4310-a58f-6565bbfa861c\"\r\n                    >\r\n                    REGISTRIEREN SIE SICH                <\/a>\r\n                            <\/div>\r\n            <div class=\"text-holder medium__device__show\">\r\n                                                            <\/div>\r\n            <div class=\"text-holder small__device__show\">\r\n                                                            <\/div>\r\n        <\/div>\r\n    <\/div>\r\n        <\/section>\r\n<!-- END Block Home Hero Slider -->\n\n<!-- START Block Course --><section id=\"block_6314eb1d699f4\" class=\"course-section\">\r\n\r\n            <div class=\"course-holder js-course-holder\">\r\n            <div class=\"course-nav-holder\">\r\n                                    <h2 class=\"title-section\" data-aos=\"fade-right\">Worum geht es in diesem Kurs und f\u00fcr wen ist er gedacht?<\/h2>\r\n                                                    <ul class=\"course-nav course-nav-js\" data-aos=\"fade-right\">\r\n                                                                    <li class=\"active\" data-id=\"0\">Einf\u00fchrung<\/li>\r\n                                                                      <li  data-id=\"1\">Konfiguration<\/li>\r\n                                                                      <li  data-id=\"2\">Fehlerbehebung und Wartung<\/li>\r\n                                                                      <li  data-id=\"3\">Feinabstimmung, Integration<\/li>\r\n                                                                  <\/ul>\r\n                            <\/div>\r\n                      <div class=\"courses-slider js-courses-slider\" data-aos=\"fade-left\">\r\n                                    <div class=\"courses-slide\">\r\n                        <div class=\"name-block\">Feinabstimmung, Integration<\/div>\r\n                                                    <div class=\"image-holder\">\r\n                              <img loading=\"lazy\" decoding=\"async\" width=\"192\" height=\"300\" src=\"https:\/\/bas-ip.com\/wp-content\/uploads\/2022\/09\/block_1.jpg\" class=\"attachment-medium size-medium\" alt=\"\" \/>                            <\/div>\r\n                                                                            <div class=\"text-holder\">\r\n                                                                                              <div class=\"text-block\"><p>Teil eins konzentriert sich auf die Grundlagen von Gegensprechanlagen, einschlie\u00dflich der verf\u00fcgbaren Arten von Gegensprechanlagen, ihrer wesentlichen Komponenten und ihrer Funktionsweise. Dieser Abschnitt bietet einen \u00dcberblick \u00fcber die Gegensprechanlagentechnologie und hilft Integratoren, die Grundprinzipien hinter Gegensprechanlagen zu verstehen.<\/p><\/div>\r\n                                                          <\/div>\r\n                                            <\/div>\r\n                                    <div class=\"courses-slide\">\r\n                        <div class=\"name-block\">Feinabstimmung, Integration<\/div>\r\n                                                    <div class=\"image-holder\">\r\n                              <img loading=\"lazy\" decoding=\"async\" width=\"192\" height=\"300\" src=\"https:\/\/bas-ip.com\/wp-content\/uploads\/2023\/03\/Courses_4.jpg\" class=\"attachment-medium size-medium\" alt=\"\" \/>                            <\/div>\r\n                                                                            <div class=\"text-holder\">\r\n                                                                                              <div class=\"text-block\"><p>Teil zwei befasst sich eingehender mit den Besonderheiten der Integration von Gegensprechanlagen, einschlie\u00dflich Verkabelung, Netzwerkkonfiguration und Optimierung der Audioqualit\u00e4t. Dieser Abschnitt vermittelt Integratoren das technische Wissen, um effektive Gegensprechanlagen zu entwerfen und zu installieren.<\/p><\/div>\r\n                                                          <\/div>\r\n                                            <\/div>\r\n                                    <div class=\"courses-slide\">\r\n                        <div class=\"name-block\">Feinabstimmung, Integration<\/div>\r\n                                                    <div class=\"image-holder\">\r\n                              <img loading=\"lazy\" decoding=\"async\" width=\"192\" height=\"300\" src=\"https:\/\/bas-ip.com\/wp-content\/uploads\/2023\/03\/Courses_3.jpg\" class=\"attachment-medium size-medium\" alt=\"\" \/>                            <\/div>\r\n                                                                            <div class=\"text-holder\">\r\n                                                                                              <div class=\"text-block\"><p>Teil drei konzentriert sich auf die Fehlerbehebung und Wartung, behandelt h\u00e4ufige Probleme, auf die Integratoren sto\u00dfen k\u00f6nnen, und gibt Anleitungen zur Diagnose und Reparatur. Dieser Abschnitt behandelt auch regelm\u00e4\u00dfige Wartungsaufgaben, die Integratoren durchf\u00fchren sollten, um sicherzustellen, dass die Gegensprechanlagen optimal funktionieren.<\/p><\/div>\r\n                                                          <\/div>\r\n                                            <\/div>\r\n                                    <div class=\"courses-slide\">\r\n                        <div class=\"name-block\">Feinabstimmung, Integration<\/div>\r\n                                                    <div class=\"image-holder\">\r\n                              <img loading=\"lazy\" decoding=\"async\" width=\"192\" height=\"300\" src=\"https:\/\/bas-ip.com\/wp-content\/uploads\/2023\/03\/Courses_2.jpg\" class=\"attachment-medium size-medium\" alt=\"\" \/>                            <\/div>\r\n                                                                            <div class=\"text-holder\">\r\n                                                                                              <div class=\"text-block\"><p>Schlie\u00dflich behandelt Teil vier fortgeschrittene Themen der Integration von Gegensprechanlagen, wie z. B. die Integration von Gegensprechanlagen in andere Systeme, fortgeschrittene Techniken der Audioverarbeitung und die Verwendung von Gegensprechanlagen in spezialisierten Anwendungen. Dieser Abschnitt vermittelt Integratoren das erforderliche Wissen, um komplexe Integrationsprojekte zu bew\u00e4ltigen und in diesem sich schnell entwickelnden Bereich auf dem Laufenden zu bleiben.<\/p><\/div>\r\n                                                          <\/div>\r\n                                            <\/div>\r\n                            <\/div>\r\n                  <\/div>\r\n    \r\n\r\n            <ul class=\"icons-list\">\r\n                                      <li data-aos=\"fade-up\" data-aos-delay=\"100\">\r\n                                            <div class=\"icon-block\"><img loading=\"lazy\" decoding=\"async\" width=\"56\" height=\"56\" src=\"https:\/\/bas-ip.com\/wp-content\/uploads\/2022\/09\/Mask-group-3.png\" class=\"attachment-medium size-medium\" alt=\"\" \/><\/div>\r\n                    \r\n                                            <div class=\"title-block\">INSTALLATEURE<\/div>\r\n                    \r\n                                            <div class=\"text-block\">Informieren Sie sich direkt vom Hersteller \u00fcber die Installation und Konfiguration von BAS-IP-Ger\u00e4ten.<\/div>\r\n                                    <\/li>\r\n                                          <li data-aos=\"fade-up\" data-aos-delay=\"200\">\r\n                                            <div class=\"icon-block\"><img loading=\"lazy\" decoding=\"async\" width=\"56\" height=\"56\" src=\"https:\/\/bas-ip.com\/wp-content\/uploads\/2022\/09\/Mask-group-1.png\" class=\"attachment-medium size-medium\" alt=\"\" \/><\/div>\r\n                    \r\n                                            <div class=\"title-block\">VERTRIEBSLEITER<\/div>\r\n                    \r\n                                            <div class=\"text-block\">Tauchen Sie tief in das Produkt ein und erfahren Sie mehr \u00fcber seine Funktionen.<\/div>\r\n                                    <\/li>\r\n                                          <li data-aos=\"fade-up\" data-aos-delay=\"300\">\r\n                                            <div class=\"icon-block\"><img loading=\"lazy\" decoding=\"async\" width=\"52\" height=\"52\" src=\"https:\/\/bas-ip.com\/wp-content\/uploads\/2022\/09\/Mask-group-2.png\" class=\"attachment-medium size-medium\" alt=\"\" \/><\/div>\r\n                    \r\n                                            <div class=\"title-block\">INTEGRATOREN<\/div>\r\n                    \r\n                                            <div class=\"text-block\">Informieren Sie sich \u00fcber die M\u00f6glichkeiten der Implementierung vorgefertigter L\u00f6sungen von BAS-IP auf verschiedenen Objekttypen.<\/div>\r\n                                    <\/li>\r\n                                  <\/ul>\r\n    <\/section>\r\n<!-- END Block Course -->\n\n<!-- START Block Product Installation --><section id=\"block_6411dd14b579f\" class=\"product-installation-section\">\r\n\t<div class=\"text-holder\">\r\n                    <\/div>\r\n\r\n\t\t    <div class=\"installation-blocks-list\">\r\n\t\t\t\t\t\t\t\t\t\t\t\t<div class=\"installation-block-item image-position-right\">\r\n\t\t\t\t\t\t<div class=\"text-holder\" data-aos=\"fade-right\">\r\n                                                            <h3 class=\"h2 title-section\">WIE IST DER KURS AUFGEBAUT?<\/h3>\r\n                            \r\n                                                            <div class=\"text-section\">\r\n                                  <p>Der technische Schulungskurs ist modular aufgebaut, um sicherzustellen, dass die Teilnehmer in ihrem eigenen Tempo lernen und sich auf die f\u00fcr ihre Bed\u00fcrfnisse relevantesten Bereiche konzentrieren k\u00f6nnen. Der Kurs ist in mehrere Module unterteilt, die jeweils ein bestimmtes Thema in der Integration von Gegensprechanlagen abdecken. Jedes Modul besteht aus einer Kombination von Theorie und praktischen \u00dcbungen, die es den Teilnehmern erm\u00f6glichen, das Gelernte in realen Szenarien anzuwenden.<\/p>\n<p>Dieser Ansatz stellt sicher, dass die Teilnehmer die Idee verstehen und \u00fcber die praktischen F\u00e4higkeiten verf\u00fcgen, um Gegensprechanlagen effektiv zu entwerfen, zu installieren und zu warten. Dar\u00fcber hinaus enth\u00e4lt der Kurs eine Reihe von Multimedia-Materialien, einschlie\u00dflich Videos, Diagrammen und interaktiven Simulationen, um das Lernerlebnis zu verbessern. Die Teilnehmer haben auch Zugang zu Online-Ressourcen und einem Unterst\u00fctzungsnetzwerk, einschlie\u00dflich Trainern und anderen Teilnehmern, um ihnen zu helfen, auf Kurs zu bleiben und Fragen oder Probleme zu l\u00f6sen.<\/p>\n                                <\/div>\r\n                                                    <\/div>\r\n\r\n                                                    <div class=\"image-holder\" data-aos=\"fade-left\">\r\n                                <div class=\"image-block\">\r\n                                    <img loading=\"lazy\" decoding=\"async\" width=\"944\" height=\"560\" src=\"https:\/\/bas-ip.com\/wp-content\/uploads\/2023\/03\/337-1.jpg\" class=\"attachment-full size-full\" alt=\"\" srcset=\"https:\/\/bas-ip.com\/wp-content\/uploads\/2023\/03\/337-1.jpg 944w,  https:\/\/bas-ip.com\/wp-content\/uploads\/2023\/03\/337-1-300x178.jpg 300w,  https:\/\/bas-ip.com\/wp-content\/uploads\/2023\/03\/337-1-768x456.jpg 768w,  https:\/\/bas-ip.com\/wp-content\/uploads\/2023\/03\/337-1-767x455.jpg 767w\" sizes=\"auto, (max-width: 944px) 100vw, 944px\" \/>                                <\/div>\r\n                            <\/div>\r\n                            \t\t\t\t\t<\/div>\r\n\t\t\t\t\t\t\t\t\t<\/div>\r\n\t<\/section>\r\n<!-- END Block Product Installation -->\n\n<!-- START Block About Us Text & Image --><section id=\"block_630fd51d596c5\" class=\"about-text-image-section\">\r\n\t        <div class=\"image-holder\" data-aos=\"fade-right\">\r\n\t        <img loading=\"lazy\" decoding=\"async\" width=\"438\" height=\"798\" src=\"https:\/\/bas-ip.com\/wp-content\/uploads\/2022\/09\/phone.png\" class=\"attachment-medium_large size-medium_large\" alt=\"\" srcset=\"https:\/\/bas-ip.com\/wp-content\/uploads\/2022\/09\/phone.png 438w,  https:\/\/bas-ip.com\/wp-content\/uploads\/2022\/09\/phone-165x300.png 165w\" sizes=\"auto, (max-width: 438px) 100vw, 438px\" \/>        <\/div>\r\n\t\r\n    <div class=\"text-holder\" data-aos=\"fade-left\">\r\n                            <div class=\"text-block\">\r\n                <h4><span style=\"color: #d32d23;\">ONLINE<\/span><\/h4>\n<p>Die Online-Schulung besteht aus Video-Tutorials und ist in Bl\u00f6cke unterteilt. Nach dem Ansehen der Video-Tutorials in jedem Block m\u00fcssen Sie einen Zwischentest bestehen. Nach bestandenem Zwischentest k\u00f6nnen Sie auf den n\u00e4chsten Block zugreifen. Nach dem Ansehen aller Videos und dem Bestehen aller Zwischentests wird der abschlie\u00dfende Test abgelegt.<\/p>\n<h4><span style=\"color: #d32d23;\">OFFLINE<\/span><\/h4>\n<p>Jeder, der die Online-Schulung abgeschlossen und den abschlie\u00dfenden Test bestanden hat, darf an der praktischen Schulung und Zertifizierung teilnehmen. Die praktische Schulung und Zertifizierung finden regelm\u00e4\u00dfig im B\u00fcro eines offiziellen H\u00e4ndlers in Ihrem Land statt.<\/p>            <\/div>\r\n            <\/div>\r\n<\/section>\r\n<!-- END Block About Us Text & Image -->\n\n<!-- START Block About Us Text & Image --><section id=\"block_630fd575596c6\" class=\"about-text-image-section\">\r\n\t        <div class=\"image-holder\" data-aos=\"fade-right\">\r\n\t        <img loading=\"lazy\" decoding=\"async\" width=\"640\" height=\"780\" src=\"https:\/\/bas-ip.com\/wp-content\/uploads\/2022\/08\/license_img_c2-1.png\" class=\"attachment-medium_large size-medium_large\" alt=\"\" srcset=\"https:\/\/bas-ip.com\/wp-content\/uploads\/2022\/08\/license_img_c2-1.png 640w,  https:\/\/bas-ip.com\/wp-content\/uploads\/2022\/08\/license_img_c2-1-246x300.png 246w\" sizes=\"auto, (max-width: 640px) 100vw, 640px\" \/>        <\/div>\r\n\t\r\n    <div class=\"text-holder\" data-aos=\"fade-left\">\r\n                    <h2 class=\"title-section\">FACHZERTIFIKAT<\/h2>\r\n                            <div class=\"text-block\">\r\n                <p>Unser kostenloses Schulungsprogramm zielt darauf ab, zertifizierte Fachleute zu entwickeln und Unternehmen zu erm\u00f6glichen, sicherzustellen, dass ihre Mitarbeiter vollst\u00e4ndig geschult und sachkundig in der Implementierung von BAS-IP-Produkten sind. Und dieses Zertifikat wird dies best\u00e4tigen.<\/p>\n<p><a class=\"btn\" href=\"https:\/\/courses.bas-ip.com\/registration\/2b40036d-2bf1-4f55-9171-ba0e6b1811bd\">GET REGISTERED<\/a><\/p>            <\/div>\r\n            <\/div>\r\n<\/section>\r\n<!-- END Block About Us Text & Image -->\n\n<!-- START Block CTA Courses --><section data-aos=\"fade-up\" id=\"block_630fde6a1b048\" class=\"cta-courses-section\">\r\n    <div class=\"bg-block\" style=\"background-image: url('https:\/\/bas-ip.com\/wp-content\/uploads\/2022\/09\/block_install.jpg');\"><\/div>\r\n    <div class=\"text-holder\" data-aos=\"fade-right\" data-aos-delay=\"300\">\r\n                    <h2 class=\"title-section\">Sie haben keine M\u00f6glichkeit, im B\u00fcro zu lernen?<\/h2>\r\n        \r\n\r\n    <\/div>\r\n\r\n\t        <div class=\"link-holder\" data-aos=\"fade-left\" data-aos-delay=\"300\">\r\n                        <div class=\"text-section\">\r\n                Laden Sie unsere Kurse herunter und lernen Sie von Ihrem Smartphone aus.              <\/div>\r\n                                  <a href=\"https:\/\/apps.apple.com\/us\/app\/unicraft\/id1540267679?roistat_visit=220783\" class=\"icon-app-store\" target=\"_blank\" rel=\"noopener\">app store<\/a>\r\n          \r\n                        <a href=\"https:\/\/play.google.com\/store\/apps\/details?id=org.unicraft.app&#038;roistat_visit=220783\" class=\"icon-google-play\" target=\"_blank\" rel=\"noopener\">google play<\/a>\r\n                  <\/div>\r\n\t<\/section>\r\n<!-- END Block CTA Courses -->\n\n<!-- START Block Sign Up --><section id=\"block_630fd153596bc\" class=\"sign-up-section\">\r\n\r\n    <div class=\"form-holder js-form\" data-aos=\"fade-right\">\r\n                    <div class=\"title-block h3\">Melden Sie sich f\u00fcr die Verbindung an<\/div>\r\n        \r\n                    <div class=\"text-block\">\r\n                F\u00fcllen Sie alle erforderlichen Informationen aus, um Ihnen so schnell wie m\u00f6glich antworten zu k\u00f6nnen            <\/div>\r\n        \r\n                    \n<div class=\"wpcf7 no-js\" id=\"wpcf7-f102-o1\" lang=\"en-US\" dir=\"ltr\">\n<div class=\"screen-reader-response\"><p role=\"status\" aria-live=\"polite\" aria-atomic=\"true\"><\/p> <ul><\/ul><\/div>\n<form action=\"\/de\/wp-json\/wp\/v2\/pages\/23018#wpcf7-f102-o1\" method=\"post\" class=\"wpcf7-form init\" aria-label=\"Contact form\" enctype=\"multipart\/form-data\" novalidate=\"novalidate\" data-status=\"init\">\n<div style=\"display: none;\">\n<input type=\"hidden\" name=\"_wpcf7\" value=\"102\" \/>\n<input type=\"hidden\" name=\"_wpcf7_version\" value=\"5.8.3\" \/>\n<input type=\"hidden\" name=\"_wpcf7_locale\" value=\"en_US\" \/>\n<input type=\"hidden\" name=\"_wpcf7_unit_tag\" value=\"wpcf7-f102-o1\" \/>\n<input type=\"hidden\" name=\"_wpcf7_container_post\" value=\"0\" \/>\n<input type=\"hidden\" name=\"_wpcf7_posted_data_hash\" value=\"\" \/>\n<input type=\"hidden\" name=\"_wpcf7_recaptcha_response\" value=\"\" \/>\n<\/div>\n<div class=\"row\"> \n <label><span class=\"label-text\">Name<\/span> \n  <span class=\"wpcf7-form-control-wrap\" data-name=\"text-full-name\"><input size=\"40\" class=\"wpcf7-form-control wpcf7-text wpcf7-validates-as-required\" aria-required=\"true\" aria-invalid=\"false\" placeholder=\"Name\" value=\"\" type=\"text\" name=\"text-full-name\" \/><\/span><\/label> \n<\/div> \n<div class=\"row\"> \n <label><span class=\"label-text\">Phone*<\/span> \n<span class=\"wpcf7-form-control-wrap\" data-name=\"phonetext-270\"><input size=\"40\" class=\"wpcf7-form-control wpcf7-phonetext wpcf7-validates-as-required wpcf7-text wpcf7-validates-as-phonetext\" aria-required=\"true\" aria-invalid=\"false\" placeholder=\"Phone*\" value=\"\" type=\"text\" name=\"phonetext-270\" \/><input type=\"hidden\" name=\"phonetext-270-country-code\" class=\"wpcf7-phonetext-country-code\" \/><\/span><\/label> \n<\/div> \n<div class=\"row\"> \n <label><span class=\"label-text\">E-mail<\/span> \n  <span class=\"wpcf7-form-control-wrap\" data-name=\"email-e-mail\"><input size=\"40\" class=\"wpcf7-form-control wpcf7-email wpcf7-validates-as-required wpcf7-text wpcf7-validates-as-email\" aria-required=\"true\" aria-invalid=\"false\" placeholder=\"E-mail\" value=\"\" type=\"email\" name=\"email-e-mail\" \/><\/span><\/label> \n<\/div> \n<div class=\"row\"><span>Your country<\/span> \n <label><span class=\"wpcf7-form-control-wrap\" data-name=\"countrytext-126\"><input size=\"40\" class=\"wpcf7-form-control wpcf7-countrytext wpcf7-text wpcf7-validates-as-countrytext\" aria-invalid=\"false\" value=\"\" type=\"text\" name=\"countrytext-126\" \/><\/span> <\/label>\n<\/div> \n<div class=\"row\"> \n <button type=\"submit\" class=\"btn\">Send<\/button> \n<\/div> \n<div class=\"row\"> \n <span class=\"wpcf7-form-control-wrap\" data-name=\"checkbox-931\"><span class=\"wpcf7-form-control wpcf7-checkbox\"><span class=\"wpcf7-list-item first\"><label><input type=\"checkbox\" name=\"checkbox-931[]\" value=\"Integrator\" \/><span class=\"wpcf7-list-item-label\">Integrator<\/span><\/label><\/span><span class=\"wpcf7-list-item\"><label><input type=\"checkbox\" name=\"checkbox-931[]\" value=\"Builder\" \/><span class=\"wpcf7-list-item-label\">Builder<\/span><\/label><\/span><span class=\"wpcf7-list-item last\"><label><input type=\"checkbox\" name=\"checkbox-931[]\" value=\"End-User\" \/><span class=\"wpcf7-list-item-label\">End-User<\/span><\/label><\/span><\/span><\/span> \n<\/div> \n<div class=\"row row-upload-file\"> \n <label class=\"upload-file-block js-upload-file\">Attach file \n  <span class=\"wpcf7-form-control-wrap\" data-name=\"file-466\"><input size=\"40\" class=\"wpcf7-form-control wpcf7-file\" accept=\"audio\/*,video\/*,image\/*\" aria-invalid=\"false\" type=\"file\" name=\"file-466\" \/><\/span><\/label> \n<\/div><input type='hidden' class='wpcf7-pum' value='{\"closepopup\":false,\"closedelay\":0,\"openpopup\":false,\"openpopup_id\":0}' \/><div class=\"wpcf7-response-output\" aria-hidden=\"true\"><\/div>\n<\/form>\n<\/div>\n            <\/div>\r\n\r\n\t\t    <div class=\"text-holder\" data-aos=\"fade-left\">\r\n\t\t\t\t\t\t    <h3 class=\"title-block\">Wie k\u00f6nnen wir helfen?<\/h3>\r\n\t\t\t\r\n\t\t\t                <div class=\"text-block\">\r\n                    Bitte w\u00e4hlen Sie unten ein Thema aus, das zu Ihrer Anfrage passt. Sollten Sie nicht finden, was Sie ben\u00f6tigen, f\u00fcllen Sie bitte unser Kontaktformular aus.                <\/div>\r\n\t\t\t\r\n\t\t\t\t\t\t    <ul class=\"link-list\">\r\n\t\t\t\t\t\t\t\t\t\t\t\t\t\t\t\t\t\t<li>\r\n\t\t\t\t\t\t\t\t\t\t\t\t\t\t\t\t    <strong>Lassen Sie sich inspirieren<\/strong>\r\n\t\t\t\t\t\t\t\t\t\t\t\t\t\t\t\t\t\t\t\t\t\t\t\t    <a href=\"\/features\/\">\r\n\t\t\t\t\t\t\t\t        Entdecken Sie, was sich unter unserer Gegensprechanlage verbirgt\t\t\t\t\t\t\t\t    <\/a>\r\n\t\t\t\t\t\t\t\t\t\t\t\t\t\t\t<\/li>\r\n\t\t\t\t\t\t\t\t\t\t\t\t\t\t\t\t\t\t\t\t\t\t\t\t<li>\r\n\t\t\t\t\t\t\t\t\t\t\t\t\t\t\t\t    <strong>Werden Sie Partner<\/strong>\r\n\t\t\t\t\t\t\t\t\t\t\t\t\t\t\t\t\t\t\t\t\t\t\t\t    <a href=\"\/distributors\/\">\r\n\t\t\t\t\t\t\t\t        Erweitern Sie Ihr Gesch\u00e4ft mit der BAS-IP-Gegensprechanlage\t\t\t\t\t\t\t\t    <\/a>\r\n\t\t\t\t\t\t\t\t\t\t\t\t\t\t\t<\/li>\r\n\t\t\t\t\t\t\t\t\t\t\t\t\t\t\t\t\t\t\t\t\t\t\t\t<li>\r\n\t\t\t\t\t\t\t\t\t\t\t\t\t\t\t\t    <strong>Schauen Sie sich die Anleitungen an<\/strong>\r\n\t\t\t\t\t\t\t\t\t\t\t\t\t\t\t\t\t\t\t\t\t\t\t\t    <a href=\"\/support\/\">\r\n\t\t\t\t\t\t\t\t        Laden Sie detaillierte Handb\u00fccher und Schemata herunter\t\t\t\t\t\t\t\t    <\/a>\r\n\t\t\t\t\t\t\t\t\t\t\t\t\t\t\t<\/li>\r\n\t\t\t\t\t\t\t\t\t\t\t\t\t\t\t<\/ul>\r\n\t\t\t\r\n\t\t\t\t\t\t    <h3 class=\"title-block\">Unsere Kontakte<\/h3>\r\n\t\t\t\r\n\t\t\t\t\t\t\t<ul class=\"contact-list\">\r\n\t\t\t\t\t\t\t\t\t\t\t\t\t\t\t\t\t\t<li>\r\n\t\t\t\t\t\t\t\t\t\t\t\t\t\t\t\t\t<strong>Verk\u00e4ufe:<\/strong>\r\n\t\t\t\t\t\t\t\t\t\t\t\t\t\t\t\t\t\t\t\t\t\t\t\t    <a href=\"mailto:&#115;&#97;l&#101;&#115;&#64;&#98;a&#115;&#45;&#105;p.&#99;&#111;&#109;\">&#115;ale&#115;&#64;ba&#115;-ip.&#99;om<\/a>\r\n\t\t\t\t\t\t\t\t\t\t\t\t\t\t\t<\/li>\r\n\t\t\t\t\t\t\t\t\t\t\t\t\t\t\t\t\t\t\t\t\t\t\t\t<li>\r\n\t\t\t\t\t\t\t\t\t\t\t\t\t\t\t\t\t<strong>Technische Unterst\u00fctzung:<\/strong>\r\n\t\t\t\t\t\t\t\t\t\t\t\t\t\t\t\t\t\t\t\t\t\t\t\t    <a href=\"mailto:supp&#111;rt&#64;&#98;a&#115;&#45;&#105;p.com\">sup&#112;&#111;&#114;&#116;&#64;&#98;&#97;&#115;-ip&#46;co&#109;<\/a>\r\n\t\t\t\t\t\t\t\t\t\t\t\t\t\t\t<\/li>\r\n\t\t\t\t\t\t\t\t\t\t\t\t\t\t\t<\/ul>\r\n\t\t\t\t\t<\/div>\r\n\t<\/section>\r\n\r\n\r\n\r\n<!-- END Block Sign Up -->","protected":false},"excerpt":{"rendered":"","protected":false},"author":1,"featured_media":0,"parent":0,"menu_order":0,"comment_status":"closed","ping_status":"closed","template":"","meta":{"inline_featured_image":false,"footnotes":""},"class_list":["post-23018","page","type-page","status-publish","hentry"],"acf":[],"_links":{"self":[{"href":"https:\/\/bas-ip.com\/de\/wp-json\/wp\/v2\/pages\/23018","targetHints":{"allow":["GET"]}}],"collection":[{"href":"https:\/\/bas-ip.com\/de\/wp-json\/wp\/v2\/pages"}],"about":[{"href":"https:\/\/bas-ip.com\/de\/wp-json\/wp\/v2\/types\/page"}],"author":[{"embeddable":true,"href":"https:\/\/bas-ip.com\/de\/wp-json\/wp\/v2\/users\/1"}],"replies":[{"embeddable":true,"href":"https:\/\/bas-ip.com\/de\/wp-json\/wp\/v2\/comments?post=23018"}],"version-history":[{"count":18,"href":"https:\/\/bas-ip.com\/de\/wp-json\/wp\/v2\/pages\/23018\/revisions"}],"predecessor-version":[{"id":143340,"href":"https:\/\/bas-ip.com\/de\/wp-json\/wp\/v2\/pages\/23018\/revisions\/143340"}],"wp:attachment":[{"href":"https:\/\/bas-ip.com\/de\/wp-json\/wp\/v2\/media?parent=23018"}],"curies":[{"name":"wp","href":"https:\/\/api.w.org\/{rel}","templated":true}]}}