{"id":151739,"date":"2025-09-24T10:20:27","date_gmt":"2025-09-24T10:20:27","guid":{"rendered":"https:\/\/bas-ip.com\/warranty-policy-global-south\/"},"modified":"2025-12-03T11:42:59","modified_gmt":"2025-12-03T11:42:59","slug":"warranty-policy-global-south","status":"publish","type":"page","link":"https:\/\/bas-ip.com\/de\/warranty-policy-global-south\/","title":{"rendered":"Garantiebestimmungen (Globaler S\u00fcden)"},"content":{"rendered":"<p data-path-to-node=\"2\"><span class=\"\">Es gilt eine Richtlinie,<\/span><span class=\"\"> nach der Garantie-Teile von Ger\u00e4ten durch <\/span><b class=\"\">komplette vormontierte Module<\/b><span class=\"\"> ersetzt werden.<\/span><\/p>\n<p data-path-to-node=\"3\"><span class=\"\">Laut statistischen Daten zu Serviceanfragen kann die Mehrheit der Probleme aus der Ferne durch Firmware-Updates oder Ger\u00e4te-Rekonfiguration gel\u00f6st werden.<\/span><span class=\"\"> Um zu versuchen,<\/span><span class=\"\"> Ihr Problem aus der Ferne zu l\u00f6sen,<\/span><span class=\"\"> kontaktieren Sie uns bitte \u00fcber die folgenden Kommunikationskan\u00e4le:<\/span><\/p>\n<p data-path-to-node=\"4,0,0\"><b class=\"\">WhatsApp:<\/b> <a class=\"ng-star-inserted\" href=\"https:\/\/wa.me\/message\/TQPHTSMDUD6UE1\" target=\"_blank\" rel=\"noopener\" data-hveid=\"0\" data-ved=\"0CAAQ_4QMahgKEwjz2vOypaGRAxUAAAAAHQAAAAAQ2QE\">https:\/\/wa.me\/message\/TQPHTSMDUD6UE1<\/a><\/p>\n<p data-path-to-node=\"4,1,0\"><b class=\"\">Telegram:<\/b> <a class=\"ng-star-inserted\" href=\"https:\/\/t.me\/bas_ip_international_support_bot\" target=\"_blank\" rel=\"noopener\" data-hveid=\"0\" data-ved=\"0CAAQ_4QMahgKEwjz2vOypaGRAxUAAAAAHQAAAAAQ2gE\">https:\/\/t.me\/bas_ip_international_support_bot<\/a><\/p>\n<p data-path-to-node=\"4,2,0\"><b class=\"\">E-Mail:<\/b><a href=\"mailto:support@bas-ip.com\"><span class=\"\"> support@bas-ip.<\/span><span class=\"\">com<\/span><\/a><\/p>\n<p data-path-to-node=\"4,3,0\"><b class=\"\">Arbeitszeiten:<\/b><span class=\"\"> Montag bis Freitag,<\/span><span class=\"\"> 06:<\/span><span class=\"\">00\u201322:<\/span><span class=\"\">00 Uhr (GMT)<\/span><\/p>\n<p data-path-to-node=\"6\"><span class=\"\">Wenn Ihr Problem nicht aus der Ferne gel\u00f6st werden kann,<\/span><span class=\"\"> befolgen Sie bitte das unten beschriebene Verfahren:<\/span><\/p>\n<p data-path-to-node=\"7\"><span class=\"\">Bitte halten Sie die Informationen bez\u00fcglich des <\/span><b class=\"\">Kaufdatums<\/b><span class=\"\"> und des <\/span><b class=\"\">Partnerunternehmens<\/b><span class=\"\">,<\/span><span class=\"\"> bei dem das Produkt erworben wurde,<\/span><span class=\"\"> im Voraus bereit.<\/span><\/p>\n<p data-path-to-node=\"8,0,0\"><span class=\"\">&#8211; Auf Ihre Anfrage hin ben\u00f6tigen unsere Spezialisten <\/span><b class=\"\">alle notwendigen Informationen<\/b><span class=\"\"> (Ger\u00e4temodell,<\/span><span class=\"\"> Seriennummer,<\/span><span class=\"\"> Grund der Reklamation,<\/span><span class=\"\"> Kaufdatum,<\/span><span class=\"\"> m\u00f6gliche Beschwerden,<\/span><span class=\"\"> Fotos),<\/span><span class=\"\"> um das Verfahren zur Versendung von vollst\u00e4ndig vormontierten Modulen einzuleiten.<\/span><\/p>\n<p data-path-to-node=\"8,1,0\"><span class=\"\">&#8211; <\/span>Sobald alle bereitgestellten Informationen analysiert wurden, werden Sie \u00fcber Ihre angegebenen Kontaktdaten kontaktiert und \u00fcber die <b>getroffene Entscheidung und die nachfolgenden Schritte<\/b> zur Versendung der vollst\u00e4ndig vormontierten Module informiert.<\/p>\n<p data-path-to-node=\"8,2,0\"><span class=\"\">&#8211; <\/span>Im Falle der Versendung von vollst\u00e4ndig vormontierten Modulen erfolgt der <b>Versand von dem Partnerunternehmen<\/b>, bei dem Sie das Ger\u00e4t gekauft haben.<\/p>\n<p data-path-to-node=\"10\"><strong>Die Garantiezeit f\u00fcr das Produkt betr\u00e4gt sechsunddrei\u00dfig (36) Monate ab dem Verkaufsdatum.<\/strong><\/p>\n<p data-path-to-node=\"11,0,0\"><span class=\"\">&#8211; <\/span>Der Transport der Ger\u00e4te muss in der vom Verk\u00e4ufer gelieferten <b>Originalverpackung<\/b> oder einer Verpackung mit <b>gleichwertigen Schutz- und Betriebseigenschaften<\/b> erfolgen.<\/p>\n<p data-path-to-node=\"11,1,0\"><span class=\"\">&#8211; <\/span>Eine <b>eingeschr\u00e4nkte Garantie von zw\u00f6lf (12) Monaten<\/b> ab dem Verkaufsdatum gilt f\u00fcr verschiedene Arten von Montagehalterungen, einschlie\u00dflich Unterputz-, Aufputz-, Tischhalterungen, Regen- und Sonnenschutzd\u00e4chern sowie Schwenkecken.<\/p>\n<p data-path-to-node=\"11,2,0\"><span class=\"\">&#8211; <\/span>Diese Garantiebedingungen sind <b>erg\u00e4nzend<\/b> zu den verfassungsm\u00e4\u00dfigen und anderen Verbraucherrechten, die im Wohnsitzland des Verbrauchers gelten, und <b>schr\u00e4nken diese Rechte in keiner Weise ein<\/b>.<\/p>\n<h2 data-path-to-node=\"13\">Garantiebedingungen<\/h2>\n<ol>\n<li data-path-to-node=\"14\">Bei der Einreichung eines RMA-Anspruchs bei BAS-IP ist es erforderlich, detaillierte Informationen \u00fcber das genaue Ger\u00e4temodell einschlie\u00dflich seiner Farbe, die Seriennummer des Ger\u00e4ts, das Kaufdatum und die Reklamation mit einer vollst\u00e4ndigen und genauen Beschreibung des Problems, das zur RMA f\u00fchrt, anzugeben.<\/li>\n<li data-path-to-node=\"15\">Die Lieferung an BAS-IP oder sein Service-Center liegt in der Verantwortung und auf Kosten des K\u00e4ufers.<\/li>\n<li data-path-to-node=\"16\">Der Garantieservice wird nur innerhalb der in dieser Garantiebestimmung festgelegten Garantiezeit erbracht.<\/li>\n<li data-path-to-node=\"17\">Die Zeit, die f\u00fcr die Wiederherstellung der Funktionsf\u00e4higkeit des Ger\u00e4ts aufgewendet wird, wird zu der in dieser Garantiebestimmung festgelegten Garantiezeit hinzugerechnet.<\/li>\n<\/ol>\n<h2 data-path-to-node=\"19\">Verletzung der Garantiebedingungen<\/h2>\n<ol>\n<li data-path-to-node=\"20\">Diese Garantiebedingungen sind ung\u00fcltig, wenn die Standard- oder Seriennummern des Produkts ver\u00e4ndert, gel\u00f6scht, entfernt oder unleserlich gemacht werden.<\/li>\n<li data-path-to-node=\"21\">Die Garantiebestimmungen werden ung\u00fcltig, falls \u00c4nderungen, Anpassungen oder Modifikationen am Produkt vorgenommen werden, die darauf abzielen, den normalen, in der Bedienungsanleitung festgelegten Nutzungsumfang zu verbessern oder zu erweitern.<\/li>\n<li data-path-to-node=\"22\">Die Garantie ist ung\u00fcltig, wenn das Produkt entgegen seinem vorgesehenen Zweck oder in einer Weise verwendet wird, die nicht mit den Benutzer- und Wartungsanweisungen \u00fcbereinstimmt.<\/li>\n<li data-path-to-node=\"23\">Der Garantieanspruch verf\u00e4llt, wenn Fremdk\u00f6rper, Substanzen, Fl\u00fcssigkeiten, D\u00e4mpfe, korrosive Gase oder Insekten in die inneren oder \u00e4u\u00dferen Teile des Produkts eindringen, sei es versehentlich oder absichtlich.<\/li>\n<li data-path-to-node=\"24\">Die Garantie ist ung\u00fcltig in F\u00e4llen von unsachgem\u00e4\u00dfem Anschluss des Produkts an andere Systeme oder falscher Installation und Montage.<\/li>\n<li data-path-to-node=\"25\">Diese Garantie erstreckt sich nicht auf M\u00e4ngel oder Sch\u00e4den, die an Systemen entstehen, in die das Produkt integriert oder mit denen es zusammen verwendet wurde.<\/li>\n<li data-path-to-node=\"26\">Die Garantie gilt als ung\u00fcltig und nichtig, wenn das Produkt mechanische Sch\u00e4den, Abplatzungen, Dellen, Risse, Anzeichen von Manipulation oder \u00e4hnliche Defekte aufweist.<\/li>\n<li data-path-to-node=\"27\">Die Garantie deckt keine Produkte ab, die aufgrund von Nichtbeachtung der im Betriebsbereich geltenden Normen besch\u00e4digt wurden, einschlie\u00dflich Problemen im Zusammenhang mit Stromversorgungsparametern, Telekommunikation, Verkabelungsnetzen oder anderen externen Faktoren.<\/li>\n<li data-path-to-node=\"28\">Die Garantiedeckung schlie\u00dft Sch\u00e4den aus, die auf externe Faktoren wie Naturkatastrophen, Krieg, Feuer, \u00dcberschwemmung, Blitzschlag, St\u00fcrme, Spannungsschwankungen oder andere Ursachen au\u00dferhalb der Kontrolle des Herstellers zur\u00fcckzuf\u00fchren sind.<\/li>\n<li data-path-to-node=\"29\">Die Garantie ist ung\u00fcltig, wenn Reparaturen oder Modifikationen durch unautorisierte Servicezentren oder Personen\/Organisationen versucht werden, denen die gesetzliche Befugnis zur Durchf\u00fchrung solcher Reparaturen oder Modifikationen fehlt.<\/li>\n<li data-path-to-node=\"30\">Diese Garantiebedingungen gelten nicht f\u00fcr Zubeh\u00f6r (einschlie\u00dflich, aber nicht beschr\u00e4nkt auf Batterien, externe Netzteile, Verbindungskabel, Schl\u00fcsselanh\u00e4nger, Karten, Identifikatoren) oder Teile des Produkts, die einem normalen Verschlei\u00df unterliegen.<\/li>\n<\/ol>","protected":false},"excerpt":{"rendered":"<p>Es gilt eine Richtlinie, nach der Garantie-Teile von Ger\u00e4ten durch komplette vormontierte Module ersetzt werden. Laut statistischen Daten zu Serviceanfragen kann die Mehrheit der Probleme aus der Ferne durch Firmware-Updates oder Ger\u00e4te-Rekonfiguration gel\u00f6st werden. Um zu versuchen, Ihr Problem aus der Ferne zu l\u00f6sen, kontaktieren Sie uns bitte \u00fcber die folgenden Kommunikationskan\u00e4le: WhatsApp: https:\/\/wa.me\/message\/TQPHTSMDUD6UE1 Telegram: [&hellip;]<\/p>","protected":false},"author":1,"featured_media":0,"parent":0,"menu_order":0,"comment_status":"closed","ping_status":"closed","template":"","meta":{"inline_featured_image":false,"footnotes":""},"class_list":["post-151739","page","type-page","status-publish","hentry"],"acf":[],"_links":{"self":[{"href":"https:\/\/bas-ip.com\/de\/wp-json\/wp\/v2\/pages\/151739","targetHints":{"allow":["GET"]}}],"collection":[{"href":"https:\/\/bas-ip.com\/de\/wp-json\/wp\/v2\/pages"}],"about":[{"href":"https:\/\/bas-ip.com\/de\/wp-json\/wp\/v2\/types\/page"}],"author":[{"embeddable":true,"href":"https:\/\/bas-ip.com\/de\/wp-json\/wp\/v2\/users\/1"}],"replies":[{"embeddable":true,"href":"https:\/\/bas-ip.com\/de\/wp-json\/wp\/v2\/comments?post=151739"}],"version-history":[{"count":2,"href":"https:\/\/bas-ip.com\/de\/wp-json\/wp\/v2\/pages\/151739\/revisions"}],"predecessor-version":[{"id":151807,"href":"https:\/\/bas-ip.com\/de\/wp-json\/wp\/v2\/pages\/151739\/revisions\/151807"}],"wp:attachment":[{"href":"https:\/\/bas-ip.com\/de\/wp-json\/wp\/v2\/media?parent=151739"}],"curies":[{"name":"wp","href":"https:\/\/api.w.org\/{rel}","templated":true}]}}