{"id":151526,"date":"2025-09-24T10:12:14","date_gmt":"2025-09-24T10:12:14","guid":{"rendered":"https:\/\/bas-ip.com\/warranty-policy-north-america\/"},"modified":"2025-12-02T13:39:10","modified_gmt":"2025-12-02T13:39:10","slug":"warranty-policy-north-america","status":"publish","type":"page","link":"https:\/\/bas-ip.com\/de\/warranty-policy-north-america\/","title":{"rendered":"Garantiebestimmungen (Nordamerika)"},"content":{"rendered":"<p data-path-to-node=\"2\">Die Bedingungen f\u00fcr den Kundendienst unterscheiden sich und h\u00e4ngen von der geografischen Region ab, in der unsere Kunden ans\u00e4ssig sind und t\u00e4tig werden. Dementsprechend k\u00f6nnen auch die Garantiebestimmungen und -pflichten geringf\u00fcgige Abweichungen aufweisen, abh\u00e4ngig vom Standort und dem operativen Kontext des Kunden. F\u00fcr die ordnungsgem\u00e4\u00dfe Erbringung von Dienstleistungen w\u00e4hlen Sie bitte die Region aus, in der Sie sich derzeit befinden.<\/p>\n<p data-path-to-node=\"3\">Es gilt eine Richtlinie f\u00fcr den Austausch von Ger\u00e4ten im Rahmen der Garantie und den Ersatz von Ger\u00e4teteilen durch komplett montierte Module.<\/p>\n<p data-path-to-node=\"4\">Nach statistischen Daten zu Serviceanfragen kann <b>die Mehrheit der auftretenden Probleme remote gel\u00f6st werden<\/b> durch Firmware-Updates oder Ger\u00e4te-Rekonfiguration. Um zu versuchen, Ihr Problem remote zu l\u00f6sen, kontaktieren Sie uns bitte \u00fcber die folgenden Kommunikationskan\u00e4le:<\/p>\n<p data-path-to-node=\"5,0,0\"><b>WhatsApp:<\/b> <a class=\"ng-star-inserted\" href=\"https:\/\/wa.me\/message\/TQPHTSMDUD6UE1\" target=\"_blank\" rel=\"noopener\" data-hveid=\"0\" data-ved=\"0CAAQ_4QMahcKEwjIqcyM1J6RAxUAAAAAHQAAAAAQdA\">https:\/\/wa.me\/message\/TQPHTSMDUD6UE1<\/a><\/p>\n<p data-path-to-node=\"5,1,0\"><b>Telegram:<\/b> <a class=\"ng-star-inserted\" href=\"https:\/\/t.me\/bas_ip_international_support_bot\" target=\"_blank\" rel=\"noopener\" data-hveid=\"0\" data-ved=\"0CAAQ_4QMahcKEwjIqcyM1J6RAxUAAAAAHQAAAAAQdQ\">https:\/\/t.me\/bas_ip_international_support_bot<\/a><\/p>\n<p data-path-to-node=\"5,2,0\"><b>E-Mail:<\/b> <a href=\"mailto:support@bas-ip.com\">support@bas-ip.com<\/a><\/p>\n<p data-path-to-node=\"5,3,0\"><b>Arbeitszeiten:<\/b> Montag bis Freitag, 06:00\u201322:00 (GMT)<\/p>\n<p data-path-to-node=\"6\">Wenn Ihr Problem nicht remote gel\u00f6st werden kann, befolgen Sie bitte das folgende Verfahren:<\/p>\n<p data-path-to-node=\"7,0,0\"><b>Bitte bereiten Sie im Voraus die Informationen<\/b> bez\u00fcglich des Kaufdatums und der Details des Partners vor, bei dem das Produkt erworben wurde.<\/p>\n<p data-path-to-node=\"7,1,0\">&#8211; Auf Ihre Anfrage hin ben\u00f6tigen unsere Spezialisten alle notwendigen Informationen (Ger\u00e4temodell, Seriennummer, Grund der Reklamation, Kaufdatum, m\u00f6gliche Beschwerden, Fotos), um das Austauschverfahren oder den Versand von komplett montierten Modulen einzuleiten.<\/p>\n<p data-path-to-node=\"7,2,0\">&#8211; Nach Analyse aller eingereichten Informationen werden Sie \u00fcber die bereitgestellten Kontaktdaten kontaktiert, um Sie \u00fcber die Entscheidung und die weiteren Schritte, wie z. B. den Ger\u00e4teaustausch oder den Versand von komplett montierten Modulen, zu informieren. Zus\u00e4tzlich werden unsere Spezialisten Ihnen mitteilen, ob es notwendig ist, Ihr aktuelles Ger\u00e4t zur\u00fcckzusenden.<\/p>\n<p data-path-to-node=\"7,3,0\">&#8211; Im Falle eines vollst\u00e4ndigen Ger\u00e4teaustauschs oder der Versendung von komplett montierten Modulen erfolgt der Versand von dem Partnerunternehmen, bei dem Sie das Ger\u00e4t gekauft haben. Gegebenenfalls wird Ihr aktuelles defektes Ger\u00e4t an dasselbe Partnerunternehmen zur\u00fcckgesendet.<\/p>\n<p data-path-to-node=\"10\"><strong>Die Garantiezeit f\u00fcr das Produkt betr\u00e4gt sechsunddrei\u00dfig (36) Monate ab dem Verkaufsdatum.<\/strong><\/p>\n<p data-path-to-node=\"11,0,0\">&#8211; Der Transport von Ger\u00e4ten muss in der vom Verk\u00e4ufer gelieferten Originalverpackung oder in einer Verpackung mit gleichwertigen Schutz- und Betriebseigenschaften erfolgen.<\/p>\n<p data-path-to-node=\"11,1,0\">&#8211; Eine beschr\u00e4nkte Garantie von <b>zw\u00f6lf (12) Monaten<\/b> ab dem Verkaufsdatum gilt f\u00fcr verschiedene Arten von Montagehalterungen, einschlie\u00dflich Unterputz-, Aufputz-, Tischhalterungen, Regen- und Sonnenblenden sowie Schwenkecken.<\/p>\n<p data-path-to-node=\"11,2,0\">&#8211; Diese Garantiebedingungen erg\u00e4nzen die verfassungsm\u00e4\u00dfigen und sonstigen Verbraucherrechte, die im Wohnsitzland des Verbrauchers gelten, und schr\u00e4nken diese Rechte in keiner Weise ein.<\/p>\n<h3 data-path-to-node=\"13\">Garantiebedingungen<\/h3>\n<ol>\n<li data-path-to-node=\"14\">Bei Einreichung einer RMA-Reklamation bei BAS-IP ist es notwendig, detaillierte Informationen \u00fcber das <b>genaue Ger\u00e4temodell einschlie\u00dflich dessen Farbe, die Seriennummer des Ger\u00e4ts, das Kaufdatum und die Reklamation mit einer vollst\u00e4ndigen und genauen Beschreibung des Problems<\/b> anzugeben, das zur RMA f\u00fchrt.<\/li>\n<li data-path-to-node=\"14\">Die Lieferung an BAS-IP oder dessen Servicezentrum liegt in der Verantwortung und <b style=\"font-size: revert; color: initial;\">auf Kosten des K\u00e4ufers<\/b><span style=\"font-size: revert; color: initial;\">.<\/span><\/li>\n<li data-path-to-node=\"14\">Die Garantieleistung wird nur <b style=\"font-size: revert; color: initial;\">innerhalb der in dieser Garantiebestimmung festgelegten Garantiezeit<\/b><span style=\"font-size: revert; color: initial;\"> erbracht.<\/span><\/li>\n<li data-path-to-node=\"14\">Die zur Wiederherstellung der Funktionsf\u00e4higkeit des Ger\u00e4ts aufgewendete Zeit <b style=\"font-size: revert; color: initial;\">wird zur festgelegten Garantiezeit hinzugerechnet<\/b><span style=\"font-size: revert; color: initial;\">, die in dieser Garantiebestimmung dargelegt ist.<\/span><\/li>\n<\/ol>\n<h3 data-path-to-node=\"19\">Verletzung der Garantiebedingungen<\/h3>\n<ol>\n<li data-path-to-node=\"20\">Diese Garantiebedingungen <b>werden ung\u00fcltig<\/b>, wenn die Standard- oder Seriennummern des Produkts ver\u00e4ndert, gel\u00f6scht, entfernt oder unleserlich gemacht werden.<\/li>\n<li data-path-to-node=\"20\">Garantiebestimmungen <b style=\"font-size: revert; color: initial;\">werden im Falle von Modifikationen, Anpassungen oder \u00c4nderungen<\/b><span style=\"font-size: revert; color: initial;\"> am Produkt, die darauf abzielen, den normalen Nutzungsumfang, wie in der Bedienungsanleitung angegeben, zu verbessern oder zu erweitern, ung\u00fcltig.<\/span><\/li>\n<li data-path-to-node=\"20\">Die Garantie <b style=\"font-size: revert; color: initial;\">ist ung\u00fcltig<\/b><span style=\"font-size: revert; color: initial;\">, wenn das Produkt entgegen seinem vorgesehenen Zweck oder auf eine Weise verwendet wird, die nicht mit den Gebrauchs- und Wartungsanweisungen vereinbar ist.<\/span><\/li>\n<li data-path-to-node=\"20\">Der Garantieanspruch <b style=\"font-size: revert; color: initial;\">verf\u00e4llt<\/b><span style=\"font-size: revert; color: initial;\">, wenn Fremdk\u00f6rper, Substanzen, Fl\u00fcssigkeiten, D\u00e4mpfe, korrosive Gase oder Insekten entweder versehentlich oder absichtlich in die inneren oder \u00e4u\u00dferen Teile des Produkts eindringen.<\/span><\/li>\n<li data-path-to-node=\"20\">Die Garantie <b style=\"font-size: revert; color: initial;\">ist ung\u00fcltig<\/b><span style=\"font-size: revert; color: initial;\"> in F\u00e4llen einer unsachgem\u00e4\u00dfen Verbindung des Produkts mit anderen Systemen oder einer fehlerhaften Installation und Montage.<\/span><\/li>\n<li data-path-to-node=\"20\">Diese Garantie <b style=\"font-size: revert; color: initial;\">erstreckt sich nicht<\/b><span style=\"font-size: revert; color: initial;\"> auf Defekte oder Sch\u00e4den, die in einem System entstehen, in das das Produkt integriert oder in Verbindung mit dem es verwendet wurde.<\/span><\/li>\n<li data-path-to-node=\"20\">Die Garantie <b style=\"font-size: revert; color: initial;\">wird als ung\u00fcltig und nichtig erachtet<\/b><span style=\"font-size: revert; color: initial;\">, wenn das Produkt mechanische Sch\u00e4den, Abplatzungen, Dellen, Risse, Anzeichen von Manipulation oder \u00e4hnliche Defekte aufweist.<\/span><\/li>\n<li data-path-to-node=\"20\">Die Garantie <b style=\"font-size: revert; color: initial;\">deckt keine<\/b><span style=\"font-size: revert; color: initial;\"> Produkte ab, die durch die Nichteinhaltung der im Betriebsland geltenden Standards besch\u00e4digt wurden, einschlie\u00dflich Problemen im Zusammenhang mit Stromversorgungsparametern, Telekommunikation, Kabelnetzwerken oder anderen externen Faktoren.<\/span><\/li>\n<li data-path-to-node=\"20\">Der Garantieanspruch <b style=\"font-size: revert; color: initial;\">schlie\u00dft Sch\u00e4den aus<\/b><span style=\"font-size: revert; color: initial;\">, die durch externe Faktoren wie Naturkatastrophen, Krieg, Feuer, \u00dcberschwemmungen, Blitzschlag, St\u00fcrme, Spannungsschwankungen oder andere Ursachen au\u00dferhalb der Kontrolle des Herstellers entstehen.<\/span><\/li>\n<li data-path-to-node=\"20\">Die Garantie <b style=\"font-size: revert; color: initial;\">ist ung\u00fcltig<\/b><span style=\"font-size: revert; color: initial;\">, wenn Reparaturen oder Modifikationen von nicht autorisierten Servicezentren oder Personen\/Organisationen versucht werden, denen die gesetzliche Befugnis zur Durchf\u00fchrung solcher Reparaturen oder Modifikationen fehlt.<\/span><\/li>\n<li data-path-to-node=\"20\">Diese Garantiebedingungen <b style=\"font-size: revert; color: initial;\">gelten nicht f\u00fcr Zubeh\u00f6r<\/b><span style=\"font-size: revert; color: initial;\"> (einschlie\u00dflich, aber nicht beschr\u00e4nkt auf Batterien, externe Netzteile, Verbindungskabel, Schl\u00fcsselanh\u00e4nger, Karten, Identifikatoren) oder Teile des Produkts, die einem normalen Verschlei\u00df unterliegen.<\/span><\/li>\n<\/ol>","protected":false},"excerpt":{"rendered":"<p>Die Bedingungen f\u00fcr den Kundendienst unterscheiden sich und h\u00e4ngen von der geografischen Region ab, in der unsere Kunden ans\u00e4ssig sind und t\u00e4tig werden. Dementsprechend k\u00f6nnen auch die Garantiebestimmungen und -pflichten geringf\u00fcgige Abweichungen aufweisen, abh\u00e4ngig vom Standort und dem operativen Kontext des Kunden. F\u00fcr die ordnungsgem\u00e4\u00dfe Erbringung von Dienstleistungen w\u00e4hlen Sie bitte die Region aus, in [&hellip;]<\/p>","protected":false},"author":1,"featured_media":0,"parent":0,"menu_order":0,"comment_status":"closed","ping_status":"closed","template":"","meta":{"inline_featured_image":false,"footnotes":""},"class_list":["post-151526","page","type-page","status-publish","hentry"],"acf":[],"_links":{"self":[{"href":"https:\/\/bas-ip.com\/de\/wp-json\/wp\/v2\/pages\/151526","targetHints":{"allow":["GET"]}}],"collection":[{"href":"https:\/\/bas-ip.com\/de\/wp-json\/wp\/v2\/pages"}],"about":[{"href":"https:\/\/bas-ip.com\/de\/wp-json\/wp\/v2\/types\/page"}],"author":[{"embeddable":true,"href":"https:\/\/bas-ip.com\/de\/wp-json\/wp\/v2\/users\/1"}],"replies":[{"embeddable":true,"href":"https:\/\/bas-ip.com\/de\/wp-json\/wp\/v2\/comments?post=151526"}],"version-history":[{"count":3,"href":"https:\/\/bas-ip.com\/de\/wp-json\/wp\/v2\/pages\/151526\/revisions"}],"predecessor-version":[{"id":151619,"href":"https:\/\/bas-ip.com\/de\/wp-json\/wp\/v2\/pages\/151526\/revisions\/151619"}],"wp:attachment":[{"href":"https:\/\/bas-ip.com\/de\/wp-json\/wp\/v2\/media?parent=151526"}],"curies":[{"name":"wp","href":"https:\/\/api.w.org\/{rel}","templated":true}]}}