{"id":150913,"date":"2025-09-24T10:16:00","date_gmt":"2025-09-24T10:16:00","guid":{"rendered":"https:\/\/bas-ip.com\/warranty-policy-europe\/"},"modified":"2025-11-24T12:11:13","modified_gmt":"2025-11-24T12:11:13","slug":"warranty-policy-europe","status":"publish","type":"page","link":"https:\/\/bas-ip.com\/de\/warranty-policy-europe\/","title":{"rendered":"Gew\u00e4hrleistungsrichtlinie (Europa)"},"content":{"rendered":"<p data-path-to-node=\"2\">Die geltende Richtlinie umfasst die Wartung von Ger\u00e4ten im BAS-IP-Servicezentrum und den Versand von Ger\u00e4teteilen als vollst\u00e4ndig montierte Module an Kunden.<\/p>\n<p data-path-to-node=\"3\">Gem\u00e4\u00df statistischen Daten zu Serviceanfragen kann die Mehrheit der Probleme aus der Ferne durch Firmware-Updates oder die Neukonfiguration des Ger\u00e4ts behoben werden. Um zu versuchen, Ihr Problem aus der Ferne zu l\u00f6sen, kontaktieren Sie uns bitte \u00fcber die folgenden Kommunikationskan\u00e4le:<\/p>\n<p data-path-to-node=\"4,0,0\"><strong>WhatsApp<\/strong>: <a class=\"ng-star-inserted\" href=\"https:\/\/wa.me\/message\/TQPHTSMDUD6UE1\" target=\"_blank\" rel=\"noopener\" data-hveid=\"0\" data-ved=\"0CAAQ_4QMahgKEwjV2-GN1YqRAxUAAAAAHQAAAAAQ3gE\">https:\/\/wa.me\/message\/TQPHTSMDUD6UE1<\/a><\/p>\n<p data-path-to-node=\"4,1,0\"><strong>Telegram<\/strong>: <a class=\"ng-star-inserted\" href=\"https:\/\/t.me\/bas_ip_international_support_bot\" target=\"_blank\" rel=\"noopener\" data-hveid=\"0\" data-ved=\"0CAAQ_4QMahgKEwjV2-GN1YqRAxUAAAAAHQAAAAAQ3wE\">https:\/\/t.me\/bas_ip_international_support_bot<\/a><\/p>\n<p data-path-to-node=\"4,2,0\"><strong>E-Mail:<\/strong> <a href=\"mailto:support@bas-ip.com\">support@bas-ip.com<\/a><\/p>\n<p data-path-to-node=\"4,3,0\"><strong>Arbeitszeiten<\/strong>: Montag bis Freitag, 06:00\u201322:00 Uhr (GMT)<\/p>\n<p data-path-to-node=\"5\">Sollte Ihr Problem nicht aus der Ferne gel\u00f6st werden k\u00f6nnen, befolgen Sie bitte das unten dargelegte Verfahren:<\/p>\n<p data-path-to-node=\"6,0,0\">&#8211; Bitte halten Sie die folgenden Informationen im Voraus bereit, da unsere Spezialisten diese bei Ihrer Kontaktaufnahme anfordern werden: <b>Ger\u00e4temodell, Seriennummer, Grund der Reklamation, Kaufdatum, m\u00f6gliche Beschwerden und Fotos<\/b>. Diese Informationen sind erforderlich, um entweder das Verfahren zur Einsendung des Ger\u00e4ts an das BAS-IP-Servicezentrum oder den Versand von vollst\u00e4ndig montierten Modulen an Sie einzuleiten.<\/p>\n<p data-path-to-node=\"6,1,0\">&#8211; Nach Analyse aller eingereichten Informationen werden Sie \u00fcber die von Ihnen angegebenen Kontaktdaten kontaktiert und \u00fcber die getroffene Entscheidung sowie die weiteren Schritte informiert, wie z. B. die Einsendung des Ger\u00e4ts an das BAS-IP-Servicezentrum oder den Versand von vollst\u00e4ndig montierten Modulen an Sie.<\/p>\n<p data-path-to-node=\"6,2,0\">&#8211; Im Falle des Versands von vollst\u00e4ndig montierten Modulen werden diese Module von dem Partnerunternehmen an Sie versandt, bei dem das Ger\u00e4t urspr\u00fcnglich gekauft wurde.<\/p>\n<p data-path-to-node=\"6,3,0\">&#8211; Sollte es notwendig sein, Ihr Ger\u00e4t an das BAS-IP-Servicezentrum zu senden, verwenden Sie bitte die folgende Adresse und Kontaktdaten:<\/p>\n<ul>\n<li>Suchovr\u0161ice 110, 54232, \u00dapice, Czech Republic \/ \u010d.p. 110, 542 32 Suchovr\u0161ice, \u010cesk\u00e1 republika<\/li>\n<li>+420234715332<\/li>\n<li>E-Mail: <a href=\"mailto:service@bas-ip.com\">service@bas-ip.com<\/a><\/li>\n<li>Arbeitszeiten: Montag bis Freitag, 6:00 bis 14:00 Uhr (GMT+0)<\/li>\n<\/ul>\n<p data-path-to-node=\"7\">Ihr Ger\u00e4t ist <b>auf Kosten des Kunden<\/b> an das BAS-IP-Servicezentrum zu senden. Alternativ kann das Ger\u00e4t \u00fcber das Partnerunternehmen, bei dem Sie das Ger\u00e4t gekauft haben, an das BAS-IP-Servicezentrum gesendet werden.<\/p>\n<p data-path-to-node=\"8\">F\u00fcr den Fall, dass das Ger\u00e4t vom BAS-IP-Servicezentrum an Sie versandt wird, erfolgt der Versand entweder \u00fcber das Partnerunternehmen, bei dem das Ger\u00e4t urspr\u00fcnglich gekauft wurde, oder direkt vom BAS-IP-Servicezentrum.<\/p>\n<p data-path-to-node=\"9\"><strong>Die Gew\u00e4hrleistungsfrist f\u00fcr das Produkt betr\u00e4gt sechsunddrei\u00dfig (36) Monate ab dem Verkaufsdatum.<\/strong><\/p>\n<p data-path-to-node=\"10,0,0\">&#8211; Der Transport von Ger\u00e4ten muss in der vom Verk\u00e4ufer gelieferten <b>Originalverpackung<\/b> oder einer Verpackung mit gleichwertigen Schutz- und Betriebseigenschaften erfolgen.<\/p>\n<p data-path-to-node=\"10,1,0\">&#8211; Eine beschr\u00e4nkte Gew\u00e4hrleistung von <b>zw\u00f6lf (12) Monaten<\/b> ab dem Verkaufsdatum gilt f\u00fcr verschiedene Arten von Montagehalterungen, einschlie\u00dflich Unterputz-, Aufputz-, Tischhalterungen, Regen- und Sonnenschutzd\u00e4chern sowie Schwenkecken.<\/p>\n<p data-path-to-node=\"10,2,0\">&#8211; Diese Gew\u00e4hrleistungsbedingungen sind <b>erg\u00e4nzend<\/b> zu den verfassungsm\u00e4\u00dfigen und anderen Verbraucherrechten, die im Wohnsitzland des Verbrauchers gelten, und schr\u00e4nken diese Rechte in keiner Weise ein.<\/p>\n<h3>Gew\u00e4hrleistungsbedingungen<\/h3>\n<ol>\n<li data-path-to-node=\"13\">Bei Einreichung eines RMA-Antrags bei BAS-IP ist es erforderlich, detaillierte Informationen \u00fcber das genaue Ger\u00e4temodell einschlie\u00dflich seiner Farbe, die Seriennummer des Ger\u00e4ts, das Kaufdatum und die Reklamation mit einer vollst\u00e4ndigen und genauen Beschreibung des Problems, das zur RMA f\u00fchrt, anzugeben.<\/li>\n<li data-path-to-node=\"13\">Die Lieferung an BAS-IP oder dessen Servicezentrum liegt in der Verantwortung und auf Kosten des K\u00e4ufers<span style=\"font-size: revert; color: initial;\">.<\/span><\/li>\n<li data-path-to-node=\"13\">Die Gew\u00e4hrleistung wird nur innerhalb der in dieser Gew\u00e4hrleistungsrichtlinie festgelegten Gew\u00e4hrleistungsfrist erbracht.<\/li>\n<li data-path-to-node=\"13\">Die zur Wiederherstellung der Funktionsf\u00e4higkeit des Ger\u00e4ts aufgewendete Zeit wird zur in dieser Gew\u00e4hrleistungsrichtlinie festgelegten Gew\u00e4hrleistungsfrist hinzugerechnet<span style=\"font-size: revert; color: initial;\">.<\/span><\/li>\n<\/ol>\n<h3>Verletzung der Gew\u00e4hrleistungsbedingungen<\/h3>\n<ol>\n<li data-path-to-node=\"19\">Diese Gew\u00e4hrleistungsbedingungen werden ung\u00fcltig, wenn die Standard- oder Seriennummern des Produkts ver\u00e4ndert, gel\u00f6scht, entfernt oder unleserlich gemacht werden.<\/li>\n<li data-path-to-node=\"19\">Die Gew\u00e4hrleistungsbestimmungen werden ung\u00fcltig<span style=\"font-size: revert; color: initial;\"> im Falle von Modifikationen, Anpassungen oder \u00c4nderungen am Produkt, die darauf abzielen, den normalen Nutzungsumfang, wie im Benutzerhandbuch angegeben, zu verbessern oder zu erweitern.<\/span><\/li>\n<li data-path-to-node=\"19\">Die Gew\u00e4hrleistung ist ung\u00fcltig<span style=\"font-size: revert; color: initial;\">, wenn das Produkt entgegen seiner Bestimmung oder in einer Weise verwendet wird, die nicht mit den Benutzer- und Wartungsanweisungen \u00fcbereinstimmt.<\/span><\/li>\n<li data-path-to-node=\"19\">Der Gew\u00e4hrleistungsanspruch erlischt<span style=\"font-size: revert; color: initial;\">, wenn Fremdk\u00f6rper, Substanzen, Fl\u00fcssigkeiten, D\u00e4mpfe, korrosive Gase oder Insekten versehentlich oder absichtlich in die internen oder externen Teile des Produkts eindringen.<\/span><\/li>\n<li data-path-to-node=\"19\">Die Gew\u00e4hrleistung ist ung\u00fcltig<span style=\"font-size: revert; color: initial;\"> bei unsachgem\u00e4\u00dfer Verbindung des Produkts mit anderen Systemen oder falscher Installation und Montage.<\/span><\/li>\n<li data-path-to-node=\"19\">Diese Gew\u00e4hrleistung erstreckt sich nicht<span style=\"font-size: revert; color: initial;\"> auf M\u00e4ngel oder Sch\u00e4den, die in einem System entstehen, in das das Produkt integriert oder in Verbindung mit dem es verwendet wurde.<\/span><\/li>\n<li data-path-to-node=\"19\">Die Gew\u00e4hrleistung gilt als ung\u00fcltig und nichtig<span style=\"font-size: revert; color: initial;\">, wenn das Produkt mechanische Sch\u00e4den, Absplitterungen, Dellen, Risse, Anzeichen von Manipulation oder \u00e4hnliche Defekte aufweist.<\/span><\/li>\n<li data-path-to-node=\"19\">Die Gew\u00e4hrleistung deckt keine<span style=\"font-size: revert; color: initial;\"> Produkte ab, die aufgrund der Nichteinhaltung der im Betriebsland geltenden Normen besch\u00e4digt wurden, einschlie\u00dflich Problemen im Zusammenhang mit Stromversorgungsparametern, Telekommunikations-, Verkabelungsnetzen oder anderen externen Faktoren.<\/span><\/li>\n<li data-path-to-node=\"19\">Die Gew\u00e4hrleistung schlie\u00dft Sch\u00e4den aus<span style=\"font-size: revert; color: initial;\">, die durch externe Faktoren wie Naturkatastrophen, Krieg, Feuer, \u00dcberschwemmungen, Blitzschlag, St\u00fcrme, Spannungsschwankungen oder andere Ursachen au\u00dferhalb der Kontrolle des Herstellers entstehen.<\/span><\/li>\n<li data-path-to-node=\"19\">Die Gew\u00e4hrleistung ist ung\u00fcltig<span style=\"font-size: revert; color: initial;\">, wenn Reparaturen oder Modifikationen von nicht autorisierten Servicezentren oder Personen\/Organisationen ohne die rechtliche Befugnis zur Durchf\u00fchrung solcher Reparaturen oder Modifikationen versucht werden.<\/span><\/li>\n<li data-path-to-node=\"19\">Diese Gew\u00e4hrleistungsbedingungen gelten nicht<span style=\"font-size: revert; color: initial;\"> f\u00fcr Zubeh\u00f6r (einschlie\u00dflich, aber nicht beschr\u00e4nkt auf Batterien, externe Netzteile, Verbindungskabel, Schl\u00fcsselanh\u00e4nger, Karten, Identifikatoren) oder Teile des Produkts, die einem normalen Verschlei\u00df unterliegen.<\/span><\/li>\n<\/ol>","protected":false},"excerpt":{"rendered":"<p>Die geltende Richtlinie umfasst die Wartung von Ger\u00e4ten im BAS-IP-Servicezentrum und den Versand von Ger\u00e4teteilen als vollst\u00e4ndig montierte Module an Kunden. Gem\u00e4\u00df statistischen Daten zu Serviceanfragen kann die Mehrheit der Probleme aus der Ferne durch Firmware-Updates oder die Neukonfiguration des Ger\u00e4ts behoben werden. Um zu versuchen, Ihr Problem aus der Ferne zu l\u00f6sen, kontaktieren Sie [&hellip;]<\/p>","protected":false},"author":1,"featured_media":0,"parent":0,"menu_order":0,"comment_status":"closed","ping_status":"closed","template":"","meta":{"inline_featured_image":false,"footnotes":""},"class_list":["post-150913","page","type-page","status-publish","hentry"],"acf":[],"_links":{"self":[{"href":"https:\/\/bas-ip.com\/de\/wp-json\/wp\/v2\/pages\/150913","targetHints":{"allow":["GET"]}}],"collection":[{"href":"https:\/\/bas-ip.com\/de\/wp-json\/wp\/v2\/pages"}],"about":[{"href":"https:\/\/bas-ip.com\/de\/wp-json\/wp\/v2\/types\/page"}],"author":[{"embeddable":true,"href":"https:\/\/bas-ip.com\/de\/wp-json\/wp\/v2\/users\/1"}],"replies":[{"embeddable":true,"href":"https:\/\/bas-ip.com\/de\/wp-json\/wp\/v2\/comments?post=150913"}],"version-history":[{"count":3,"href":"https:\/\/bas-ip.com\/de\/wp-json\/wp\/v2\/pages\/150913\/revisions"}],"predecessor-version":[{"id":151001,"href":"https:\/\/bas-ip.com\/de\/wp-json\/wp\/v2\/pages\/150913\/revisions\/151001"}],"wp:attachment":[{"href":"https:\/\/bas-ip.com\/de\/wp-json\/wp\/v2\/media?parent=150913"}],"curies":[{"name":"wp","href":"https:\/\/api.w.org\/{rel}","templated":true}]}}