{"id":150007,"date":"2025-02-06T12:58:36","date_gmt":"2025-02-06T12:58:36","guid":{"rendered":"https:\/\/bas-ip.com\/napco\/"},"modified":"2025-11-18T11:24:08","modified_gmt":"2025-11-18T11:24:08","slug":"napco","status":"publish","type":"page","link":"https:\/\/bas-ip.com\/de\/napco\/","title":{"rendered":"NAPCO"},"content":{"rendered":"<h2 class=\"wp-block-heading\"><strong>BAS-IP und NAPCO: Integration f\u00fcr komfortables Zugangsmanagement<\/strong><\/h2>\n\n\n<div class=\"wp-block-image\">\n<figure class=\"aligncenter size-full\"><img loading=\"lazy\" decoding=\"async\" width=\"900\" height=\"183\" src=\"https:\/\/bas-ip.com\/wp-content\/uploads\/2025\/02\/napco-security-logo.png\" alt=\"\" class=\"wp-image-130197\" srcset=\"https:\/\/bas-ip.com\/wp-content\/uploads\/2025\/02\/napco-security-logo.png 900w,  https:\/\/bas-ip.com\/wp-content\/uploads\/2025\/02\/napco-security-logo-300x61.png 300w,  https:\/\/bas-ip.com\/wp-content\/uploads\/2025\/02\/napco-security-logo-768x156.png 768w,  https:\/\/bas-ip.com\/wp-content\/uploads\/2025\/02\/napco-security-logo-767x156.png 767w\" sizes=\"auto, (max-width: 900px) 100vw, 900px\" \/><\/figure>\n<\/div>\n\n<p data-path-to-node=\"2\">Die Integration mit <b>NAPCO<\/b> erfolgt \u00fcber das <b>Android-basierte<\/b> Panel <b>AV-08FB<\/b>. Durch die Verbindung des Panels mit der Software <b>Card Access Software v1.2.x<\/b> k\u00f6nnen Benutzer Anmeldeinformationen \u00fcber eine einzige Schnittstelle verwalten, wodurch die Notwendigkeit einer separaten Weboberfl\u00e4che entf\u00e4llt, was den Prozess vereinfacht.<\/p>\n<p data-path-to-node=\"3\">Die Integration umfasst <b>Zugangskontrolle<\/b>, <b>Video\u00fcberwachung<\/b> und <b>Echtzeit-Monitoring<\/b>, wodurch das System flexibel und komfortabel wird, insbesondere f\u00fcr Wohnkomplexe und B\u00fcros, wo schnelles Management und eine rasche Reaktion auf Ereignisse entscheidend sind.<\/p>\n<p data-path-to-node=\"5\">\u00a0<\/p>\n<h3>Vorteile der BAS-IP und NAPCO Integration:<\/h3>\n<p>\u00a0<\/p>\n<ul>\n<li data-path-to-node=\"6,0,0\"><b>Einfache Verwaltung:<\/b> Eine einzige Schnittstelle erm\u00f6glicht es Benutzern, Anmeldeinformationen und Zug\u00e4nge einfach zu verwalten, was den Verwaltungsprozess vereinfacht.<\/li>\n<li data-path-to-node=\"6,0,0\"><b>Flexibles System:<\/b> Die Integration erm\u00f6glicht die Nutzung verschiedener Funktionen, einschlie\u00dflich Zugangskontrolle und Video\u00fcberwachung, wodurch das System vielseitig wird.<\/li>\n<li data-path-to-node=\"6,0,0\"><b>Echtzeit-Monitoring:<\/b> Die F\u00e4higkeit, Ereignisse in Echtzeit zu \u00fcberwachen, erh\u00f6ht die Sicherheit und erm\u00f6glicht eine schnellere Reaktion auf Vorf\u00e4lle.<\/li>\n<li data-path-to-node=\"6,0,0\"><b>Ideal f\u00fcr Wohn- und B\u00fcrokomplexe:<\/b> Die L\u00f6sung eignet sich f\u00fcr Objekte, in denen schnelle Reaktion und komfortables Zugangsmanagement unerl\u00e4sslich sind.<\/li>\n<\/ul>\n<p data-path-to-node=\"8\">\u00a0<\/p>\n<h3>Wichtige Merkmale der Integration:<\/h3>\n<p>\u00a0<\/p>\n<p data-path-to-node=\"9\">Die Zusammenarbeit zwischen <b>BAS-IP<\/b> und <b>NAPCO<\/b> bietet:<\/p>\n<ul>\n<li data-path-to-node=\"10,0,0\">Integration mit dem <b>AV-08FB<\/b>-Panel und der <b>Card Access<\/b>-Software, was eine komfortable Zugangsverwaltung erm\u00f6glicht.<\/li>\n<li data-path-to-node=\"10,0,0\">Vernetzung verschiedener Sicherheitsaspekte, wie Video\u00fcberwachung und Zugangskontrolle.<\/li>\n<li data-path-to-node=\"10,0,0\">Flexible Konfigurationen zur Anpassung an unterschiedliche Benutzeranforderungen.<\/li>\n<\/ul>\n<p data-path-to-node=\"11\">Diese Integration erm\u00f6glicht die Konsolidierung von Zugangsmanagement und Video\u00fcberwachung in einem einzigen System, was sie zu einer idealen L\u00f6sung f\u00fcr moderne Immobilien macht. Die Zusammenarbeit zwischen <b>BAS-IP<\/b> und <b>NAPCO<\/b> bietet ein effektives und sicheres Werkzeug f\u00fcr die Zugangsverwaltung und \u00dcberwachung.<\/p>\n<p data-path-to-node=\"12\">F\u00fcr detailliertere Anweisungen zur Installation und Konfiguration konsultieren Sie bitte unser <a href=\"https:\/\/basip.atlassian.net\/wiki\/spaces\/Integrations\/pages\/248479748\/Integration+with+NAPCO\" target=\"_blank\" rel=\"noopener\"><b>Wiki-Handbuch<\/b>.<\/a><\/p>\n\n<!-- START Block Sign Up --><section id=\"block_629678229e935\" class=\"sign-up-section\">\r\n\r\n    <div class=\"form-holder js-form\" data-aos=\"fade-right\">\r\n                    <div class=\"title-block h3\">Sign up for connection<\/div>\r\n        \r\n                    <div class=\"text-block\">\r\n                Filling out all the information needed to answer you as quickly as possible            <\/div>\r\n        \r\n                    \n<div class=\"wpcf7 no-js\" id=\"wpcf7-f102-o1\" lang=\"en-US\" dir=\"ltr\">\n<div class=\"screen-reader-response\"><p role=\"status\" aria-live=\"polite\" aria-atomic=\"true\"><\/p> <ul><\/ul><\/div>\n<form action=\"\/de\/wp-json\/wp\/v2\/pages\/150007#wpcf7-f102-o1\" method=\"post\" class=\"wpcf7-form init\" aria-label=\"Contact form\" enctype=\"multipart\/form-data\" novalidate=\"novalidate\" data-status=\"init\">\n<div style=\"display: none;\">\n<input type=\"hidden\" name=\"_wpcf7\" value=\"102\" \/>\n<input type=\"hidden\" name=\"_wpcf7_version\" value=\"5.8.3\" \/>\n<input type=\"hidden\" name=\"_wpcf7_locale\" value=\"en_US\" \/>\n<input type=\"hidden\" name=\"_wpcf7_unit_tag\" value=\"wpcf7-f102-o1\" \/>\n<input type=\"hidden\" name=\"_wpcf7_container_post\" value=\"0\" \/>\n<input type=\"hidden\" name=\"_wpcf7_posted_data_hash\" value=\"\" \/>\n<input type=\"hidden\" name=\"_wpcf7_recaptcha_response\" value=\"\" \/>\n<\/div>\n<div class=\"row\"> \n <label><span class=\"label-text\">Name<\/span> \n  <span class=\"wpcf7-form-control-wrap\" data-name=\"text-full-name\"><input size=\"40\" class=\"wpcf7-form-control wpcf7-text wpcf7-validates-as-required\" aria-required=\"true\" aria-invalid=\"false\" placeholder=\"Name\" value=\"\" type=\"text\" name=\"text-full-name\" \/><\/span><\/label> \n<\/div> \n<div class=\"row\"> \n <label><span class=\"label-text\">Phone*<\/span> \n<span class=\"wpcf7-form-control-wrap\" data-name=\"phonetext-270\"><input size=\"40\" class=\"wpcf7-form-control wpcf7-phonetext wpcf7-validates-as-required wpcf7-text wpcf7-validates-as-phonetext\" aria-required=\"true\" aria-invalid=\"false\" placeholder=\"Phone*\" value=\"\" type=\"text\" name=\"phonetext-270\" \/><input type=\"hidden\" name=\"phonetext-270-country-code\" class=\"wpcf7-phonetext-country-code\" \/><\/span><\/label> \n<\/div> \n<div class=\"row\"> \n <label><span class=\"label-text\">E-mail<\/span> \n  <span class=\"wpcf7-form-control-wrap\" data-name=\"email-e-mail\"><input size=\"40\" class=\"wpcf7-form-control wpcf7-email wpcf7-validates-as-required wpcf7-text wpcf7-validates-as-email\" aria-required=\"true\" aria-invalid=\"false\" placeholder=\"E-mail\" value=\"\" type=\"email\" name=\"email-e-mail\" \/><\/span><\/label> \n<\/div> \n<div class=\"row\"><span>Your country<\/span> \n <label><span class=\"wpcf7-form-control-wrap\" data-name=\"countrytext-126\"><input size=\"40\" class=\"wpcf7-form-control wpcf7-countrytext wpcf7-text wpcf7-validates-as-countrytext\" aria-invalid=\"false\" value=\"\" type=\"text\" name=\"countrytext-126\" \/><\/span> <\/label>\n<\/div> \n<div class=\"row\"> \n <button type=\"submit\" class=\"btn\">Send<\/button> \n<\/div> \n<div class=\"row\"> \n <span class=\"wpcf7-form-control-wrap\" data-name=\"checkbox-931\"><span class=\"wpcf7-form-control wpcf7-checkbox\"><span class=\"wpcf7-list-item first\"><label><input type=\"checkbox\" name=\"checkbox-931[]\" value=\"Integrator\" \/><span class=\"wpcf7-list-item-label\">Integrator<\/span><\/label><\/span><span class=\"wpcf7-list-item\"><label><input type=\"checkbox\" name=\"checkbox-931[]\" value=\"Builder\" \/><span class=\"wpcf7-list-item-label\">Builder<\/span><\/label><\/span><span class=\"wpcf7-list-item last\"><label><input type=\"checkbox\" name=\"checkbox-931[]\" value=\"End-User\" \/><span class=\"wpcf7-list-item-label\">End-User<\/span><\/label><\/span><\/span><\/span> \n<\/div> \n<div class=\"row row-upload-file\"> \n <label class=\"upload-file-block js-upload-file\">Attach file \n  <span class=\"wpcf7-form-control-wrap\" data-name=\"file-466\"><input size=\"40\" class=\"wpcf7-form-control wpcf7-file\" accept=\"audio\/*,video\/*,image\/*\" aria-invalid=\"false\" type=\"file\" name=\"file-466\" \/><\/span><\/label> \n<\/div><input type='hidden' class='wpcf7-pum' value='{\"closepopup\":false,\"closedelay\":0,\"openpopup\":false,\"openpopup_id\":0}' \/><div class=\"wpcf7-response-output\" aria-hidden=\"true\"><\/div>\n<\/form>\n<\/div>\n            <\/div>\r\n\r\n\t\t    <div class=\"text-holder\" data-aos=\"fade-left\">\r\n\t\t\t\t\t\t    <h3 class=\"title-block\">How Can We Help?<\/h3>\r\n\t\t\t\r\n\t\t\t                <div class=\"text-block\">\r\n                    Please select a topic below related to your inquiry. If you don&#8217;t find what you need, fill out our contact form.                <\/div>\r\n\t\t\t\r\n\t\t\t\t\t\t    <ul class=\"link-list\">\r\n\t\t\t\t\t\t\t\t\t\t\t\t\t\t\t\t\t\t<li>\r\n\t\t\t\t\t\t\t\t\t\t\t\t\t\t\t\t    <strong>Get Inspired<\/strong>\r\n\t\t\t\t\t\t\t\t\t\t\t\t\t\t\t\t\t\t\t\t\t\t\t\t    <a href=\"\/features\/\">\r\n\t\t\t\t\t\t\t\t        Discover what&#8217;s beneath our intercom\t\t\t\t\t\t\t\t    <\/a>\r\n\t\t\t\t\t\t\t\t\t\t\t\t\t\t\t<\/li>\r\n\t\t\t\t\t\t\t\t\t\t\t\t\t\t\t\t\t\t\t\t\t\t\t\t<li>\r\n\t\t\t\t\t\t\t\t\t\t\t\t\t\t\t\t    <strong>Become a Partner<\/strong>\r\n\t\t\t\t\t\t\t\t\t\t\t\t\t\t\t\t\t\t\t\t\t\t\t\t    <a href=\"\/distributors\/\">\r\n\t\t\t\t\t\t\t\t        Expand your business with BAS-IP intercom\t\t\t\t\t\t\t\t    <\/a>\r\n\t\t\t\t\t\t\t\t\t\t\t\t\t\t\t<\/li>\r\n\t\t\t\t\t\t\t\t\t\t\t\t\t\t\t\t\t\t\t\t\t\t\t\t<li>\r\n\t\t\t\t\t\t\t\t\t\t\t\t\t\t\t\t    <strong>Check the Guides<\/strong>\r\n\t\t\t\t\t\t\t\t\t\t\t\t\t\t\t\t\t\t\t\t\t\t\t\t    <a href=\"\/support\/\">\r\n\t\t\t\t\t\t\t\t        Download detailed manuals and schemes\t\t\t\t\t\t\t\t    <\/a>\r\n\t\t\t\t\t\t\t\t\t\t\t\t\t\t\t<\/li>\r\n\t\t\t\t\t\t\t\t\t\t\t\t\t\t\t<\/ul>\r\n\t\t\t\r\n\t\t\t\t\t\t    <h3 class=\"title-block\">Our contacts<\/h3>\r\n\t\t\t\r\n\t\t\t\t\t\t\t<ul class=\"contact-list\">\r\n\t\t\t\t\t\t\t\t\t\t\t\t\t\t\t\t\t\t<li>\r\n\t\t\t\t\t\t\t\t\t\t\t\t\t\t\t\t\t<strong>Sales:<\/strong>\r\n\t\t\t\t\t\t\t\t\t\t\t\t\t\t\t\t\t\t\t\t\t\t\t\t    <a href=\"mailto:&#115;ale&#115;&#64;b&#97;s&#45;ip&#46;&#99;&#111;m\">s&#97;&#108;&#101;&#115;&#64;ba&#115;&#45;&#105;&#112;&#46;&#99;o&#109;<\/a>\r\n\t\t\t\t\t\t\t\t\t\t\t\t\t\t\t<\/li>\r\n\t\t\t\t\t\t\t\t\t\t\t\t\t\t\t\t\t\t\t\t\t\t\t\t<li>\r\n\t\t\t\t\t\t\t\t\t\t\t\t\t\t\t\t\t<strong>Technical support:<\/strong>\r\n\t\t\t\t\t\t\t\t\t\t\t\t\t\t\t\t\t\t\t\t\t\t\t\t    <a href=\"mailto:s&#117;&#112;&#112;o&#114;t&#64;&#98;as-&#105;p.co&#109;\">s&#117;&#112;po&#114;t&#64;&#98;&#97;s-&#105;&#112;.&#99;&#111;&#109;<\/a>\r\n\t\t\t\t\t\t\t\t\t\t\t\t\t\t\t<\/li>\r\n\t\t\t\t\t\t\t\t\t\t\t\t\t\t\t<\/ul>\r\n\t\t\t\t\t<\/div>\r\n\t<\/section>\r\n\r\n\r\n\r\n<!-- END Block Sign Up -->","protected":false},"excerpt":{"rendered":"<p>BAS-IP und NAPCO: Integration f\u00fcr komfortables Zugangsmanagement Die Integration mit NAPCO erfolgt \u00fcber das Android-basierte Panel AV-08FB. Durch die Verbindung des Panels mit der Software Card Access Software v1.2.x k\u00f6nnen Benutzer Anmeldeinformationen \u00fcber eine einzige Schnittstelle verwalten, wodurch die Notwendigkeit einer separaten Weboberfl\u00e4che entf\u00e4llt, was den Prozess vereinfacht. Die Integration umfasst Zugangskontrolle, Video\u00fcberwachung und Echtzeit-Monitoring, [&hellip;]<\/p>","protected":false},"author":1,"featured_media":0,"parent":0,"menu_order":0,"comment_status":"closed","ping_status":"closed","template":"page-custom-breadcrumbs.php","meta":{"inline_featured_image":false,"footnotes":""},"class_list":["post-150007","page","type-page","status-publish","hentry"],"acf":[],"_links":{"self":[{"href":"https:\/\/bas-ip.com\/de\/wp-json\/wp\/v2\/pages\/150007","targetHints":{"allow":["GET"]}}],"collection":[{"href":"https:\/\/bas-ip.com\/de\/wp-json\/wp\/v2\/pages"}],"about":[{"href":"https:\/\/bas-ip.com\/de\/wp-json\/wp\/v2\/types\/page"}],"author":[{"embeddable":true,"href":"https:\/\/bas-ip.com\/de\/wp-json\/wp\/v2\/users\/1"}],"replies":[{"embeddable":true,"href":"https:\/\/bas-ip.com\/de\/wp-json\/wp\/v2\/comments?post=150007"}],"version-history":[{"count":2,"href":"https:\/\/bas-ip.com\/de\/wp-json\/wp\/v2\/pages\/150007\/revisions"}],"predecessor-version":[{"id":150130,"href":"https:\/\/bas-ip.com\/de\/wp-json\/wp\/v2\/pages\/150007\/revisions\/150130"}],"wp:attachment":[{"href":"https:\/\/bas-ip.com\/de\/wp-json\/wp\/v2\/media?parent=150007"}],"curies":[{"name":"wp","href":"https:\/\/api.w.org\/{rel}","templated":true}]}}