{"id":140860,"date":"2025-06-03T12:48:57","date_gmt":"2025-06-03T12:48:57","guid":{"rendered":"https:\/\/bas-ip.com\/condo-control\/"},"modified":"2025-08-05T10:11:13","modified_gmt":"2025-08-05T10:11:13","slug":"condo-control","status":"publish","type":"page","link":"https:\/\/bas-ip.com\/de\/condo-control\/","title":{"rendered":"Condo Control"},"content":{"rendered":"<h2><strong>BAS-IP und Condo Control k\u00fcndigen Integration zur Verbesserung des Wohnerlebnisses an<\/strong><\/h2>\n\n<div class=\"wp-block-image\">\n<figure class=\"aligncenter size-large\"><img loading=\"lazy\" decoding=\"async\" width=\"1024\" height=\"235\" src=\"https:\/\/bas-ip.com\/wp-content\/uploads\/2025\/06\/Condo-Control-1024x235.png\" alt=\"\" class=\"wp-image-138764\" srcset=\"https:\/\/bas-ip.com\/wp-content\/uploads\/2025\/06\/Condo-Control-1024x235.png 1024w,  https:\/\/bas-ip.com\/wp-content\/uploads\/2025\/06\/Condo-Control-300x69.png 300w,  https:\/\/bas-ip.com\/wp-content\/uploads\/2025\/06\/Condo-Control-768x177.png 768w,  https:\/\/bas-ip.com\/wp-content\/uploads\/2025\/06\/Condo-Control-767x176.png 767w,  https:\/\/bas-ip.com\/wp-content\/uploads\/2025\/06\/Condo-Control.png 1266w\" sizes=\"auto, (max-width: 1024px) 100vw, 1024px\" \/><\/figure>\n<\/div>\n\n<p>BAS-IP, ein f\u00fchrender Entwickler von IP-Gegensprechanlagen, und Condo Control, die All-in-One-Plattform, die den Betrieb f\u00fcr mehr als 2 Millionen Bewohner digitalisiert, haben heute eine strategische Integration angek\u00fcndigt. Diese Zusammenarbeit schafft eine einzige verl\u00e4ssliche Datenquelle f\u00fcr Bewohnerdaten, eliminiert doppelte Eingaben und erm\u00f6glicht eine nahtlose Synchronisation der Bewohnerdaten zwischen den beiden Systemen. Dies bietet ein neues Ma\u00df an Komfort und Datengenauigkeit f\u00fcr Bewohner und Immobilienverwalter in Kanada.<\/p>\n<p>Das Hauptmerkmal dieser Integration ist die Synchronisation der Bewohnerliste von der Condo Control-Plattform mit den BAS-IP-Gegensprechanlagen. Anstatt Wohnungsnummern einzugeben, scrollen Besucher durch ein alphabetisches Smart-Verzeichnis, tippen auf einen Namen, und das Rufpanel zeigt nun ein Telefonbuch mit den Namen der Bewohner an, was eine intuitivere und benutzerzentriertere Herangehensweise erm\u00f6glicht.<\/p>\n<p>Das Condo Control-System dient als prim\u00e4re Schnittstelle f\u00fcr Immobilienverwalter, um Bewohnerdaten einfach hinzuzuf\u00fcgen, zu l\u00f6schen und zu aktualisieren. Diese \u00c4nderungen werden automatisch \u00fcber die BAS-IP Link-Verwaltungsplattform, die als Middleware fungiert, an das Smart-Verzeichnis der Gegensprechanlage \u00fcbertragen. BAS-IP Link verwaltet auch den Anrufprozess und gew\u00e4hrleistet eine zuverl\u00e4ssige Kommunikation.<\/p>\n<p>Diese Verbesserung wurde unter Ber\u00fccksichtigung der Pr\u00e4ferenzen der kanadischen Bewohner implementiert, die es gewohnt sind, Anrufe auf ihren pers\u00f6nlichen Mobilfunknummern anstatt auf einem fest installierten Ger\u00e4t in der Wohnung zu erhalten.<\/p>\n<p>\u201eUnsere Mission ist es, den Gemeinschaftsbetrieb zu digitalisieren und zu optimieren\u201c, sagte Brian Bosscher, Condo Control. \u201eDie Partnerschaft mit BAS-IP erm\u00f6glicht es Verwaltern, Daten einmal zu aktualisieren und gibt den Bewohnern den reibungslosen mobilen Zugang, den sie erwarten.\u201c<\/p>\n<p><strong><u>Wichtigste Vorteile:<\/u><\/strong><\/p>\n<ul>\n<li><b>Keine doppelten Eingaben<\/b> \u2013 Bewohnerdaten flie\u00dfen automatisch.<\/li>\n<li><b>Anrufe erreichen die richtige Person auf Anhieb<\/b> \u2013 weniger R\u00fcckrufe aus der Lobby.<\/li>\n<li><b>Mobile-First-Erfahrung<\/b> \u2013 Bewohner k\u00f6nnen von jedem Mobiltelefon aus antworten.<\/li>\n<li><b>Immer aktuell:<\/b> Telefonnummern sowie Ein- und Ausz\u00fcge werden sofort synchronisiert.<\/li>\n<\/ul>\n<p><strong><u>Der Anrufprozess wurde f\u00fcr maximale Flexibilit\u00e4t verbessert:<\/u><\/strong><\/p>\n<ul>\n<li><b>Direktes Anrufen von Bewohnern:<\/b> Besucher k\u00f6nnen einen bestimmten Bewohner \u00fcber seine pers\u00f6nliche Telefonnummer oder in der BAS-IP Link-Mobil-App anrufen, indem sie seinen Namen aus dem Smart-Verzeichnis ausw\u00e4hlen oder einen bestimmten Code eingeben.<\/li>\n<li><b>Anrufen der Wohnung:<\/b> Die traditionelle Option, alle Bewohner einer Wohnung gleichzeitig anzurufen, ist weiterhin verf\u00fcgbar.<\/li>\n<li><b>Hybridmodell:<\/b> Beide Optionen k\u00f6nnen gleichzeitig auf einem einzigen Anrufger\u00e4t unterst\u00fctzt werden.<\/li>\n<\/ul>\n<p><strong><u>So funktioniert die Integration:<\/u><\/strong><\/p>\n<ul>\n<li><b>Registrierung:<\/b> Der Verwalter registriert einen Bewohner im Condo Control-System und f\u00fcgt seine Kontaktinformationen hinzu.<\/li>\n<li><b>Synchronisation:<\/b> Der BAS-IP Link-Server sendet die Bewohnerdaten automatisch an das Smart-Verzeichnis des Rufpanels.<\/li>\n<li><b>Anruf:<\/b> Ein Kurier oder Gast w\u00e4hlt den Bewohner nach Namen aus oder gibt seinen Code ein.<\/li>\n<li><b>Antwort:<\/b> Der Bewohner antwortet auf den Anruf vom Panel aus auf seiner pers\u00f6nlichen Mobilfunknummer (\u00fcber einen verbundenen Twilio SIP-Trunk) oder in der BAS-IP Link-App.<\/li>\n<li><b>Zugang:<\/b> Der Bewohner kann die T\u00fcr ferngesteuert \u00f6ffnen.<\/li>\n<\/ul>\n<p>Die Integration gew\u00e4hrleistet auch automatische Datenaktualisierungen. Jede \u00c4nderung der Telefonnummer eines Bewohners, die L\u00f6schung eines Benutzers oder eine mobile App-Sitzung im Condo Control-System werden sofort im BAS-IP Link-Weiterleitungsschema reflektiert, wodurch sichergestellt wird, dass die Kontaktinformationen stets aktuell sind.<\/p>\n<p>Diese Integration stellt einen bedeutenden Schritt nach vorne bei der Schaffung intelligenterer und komfortablerer Wohnr\u00e4ume dar. Durch die Kombination der hochmodernen IP-Gegensprechanlagen-Technologie von BAS-IP mit den leistungsstarken Immobilienverwaltungsfunktionen von Condo Control bieten die Unternehmen eine L\u00f6sung, die den modernen Bed\u00fcrfnissen der Bewohner gerecht wird und den Arbeitsablauf f\u00fcr Verwalter vereinfacht.<\/p>\n\n<!-- START Block Sign Up --><section id=\"block_629678229e935\" class=\"sign-up-section\">\r\n\r\n    <div class=\"form-holder js-form\" data-aos=\"fade-right\">\r\n                    <div class=\"title-block h3\">Sign up for connection<\/div>\r\n        \r\n                    <div class=\"text-block\">\r\n                Filling out all the information needed to answer you as quickly as possible            <\/div>\r\n        \r\n                    \n<div class=\"wpcf7 no-js\" id=\"wpcf7-f102-o1\" lang=\"en-US\" dir=\"ltr\">\n<div class=\"screen-reader-response\"><p role=\"status\" aria-live=\"polite\" aria-atomic=\"true\"><\/p> <ul><\/ul><\/div>\n<form action=\"\/de\/wp-json\/wp\/v2\/pages\/140860#wpcf7-f102-o1\" method=\"post\" class=\"wpcf7-form init\" aria-label=\"Contact form\" enctype=\"multipart\/form-data\" novalidate=\"novalidate\" data-status=\"init\">\n<div style=\"display: none;\">\n<input type=\"hidden\" name=\"_wpcf7\" value=\"102\" \/>\n<input type=\"hidden\" name=\"_wpcf7_version\" value=\"5.8.3\" \/>\n<input type=\"hidden\" name=\"_wpcf7_locale\" value=\"en_US\" \/>\n<input type=\"hidden\" name=\"_wpcf7_unit_tag\" value=\"wpcf7-f102-o1\" \/>\n<input type=\"hidden\" name=\"_wpcf7_container_post\" value=\"0\" \/>\n<input type=\"hidden\" name=\"_wpcf7_posted_data_hash\" value=\"\" \/>\n<input type=\"hidden\" name=\"_wpcf7_recaptcha_response\" value=\"\" \/>\n<\/div>\n<div class=\"row\"> \n <label><span class=\"label-text\">Name<\/span> \n  <span class=\"wpcf7-form-control-wrap\" data-name=\"text-full-name\"><input size=\"40\" class=\"wpcf7-form-control wpcf7-text wpcf7-validates-as-required\" aria-required=\"true\" aria-invalid=\"false\" placeholder=\"Name\" value=\"\" type=\"text\" name=\"text-full-name\" \/><\/span><\/label> \n<\/div> \n<div class=\"row\"> \n <label><span class=\"label-text\">Phone*<\/span> \n<span class=\"wpcf7-form-control-wrap\" data-name=\"phonetext-270\"><input size=\"40\" class=\"wpcf7-form-control wpcf7-phonetext wpcf7-validates-as-required wpcf7-text wpcf7-validates-as-phonetext\" aria-required=\"true\" aria-invalid=\"false\" placeholder=\"Phone*\" value=\"\" type=\"text\" name=\"phonetext-270\" \/><input type=\"hidden\" name=\"phonetext-270-country-code\" class=\"wpcf7-phonetext-country-code\" \/><\/span><\/label> \n<\/div> \n<div class=\"row\"> \n <label><span class=\"label-text\">E-mail<\/span> \n  <span class=\"wpcf7-form-control-wrap\" data-name=\"email-e-mail\"><input size=\"40\" class=\"wpcf7-form-control wpcf7-email wpcf7-validates-as-required wpcf7-text wpcf7-validates-as-email\" aria-required=\"true\" aria-invalid=\"false\" placeholder=\"E-mail\" value=\"\" type=\"email\" name=\"email-e-mail\" \/><\/span><\/label> \n<\/div> \n<div class=\"row\"><span>Your country<\/span> \n <label><span class=\"wpcf7-form-control-wrap\" data-name=\"countrytext-126\"><input size=\"40\" class=\"wpcf7-form-control wpcf7-countrytext wpcf7-text wpcf7-validates-as-countrytext\" aria-invalid=\"false\" value=\"\" type=\"text\" name=\"countrytext-126\" \/><\/span> <\/label>\n<\/div> \n<div class=\"row\"> \n <button type=\"submit\" class=\"btn\">Send<\/button> \n<\/div> \n<div class=\"row\"> \n <span class=\"wpcf7-form-control-wrap\" data-name=\"checkbox-931\"><span class=\"wpcf7-form-control wpcf7-checkbox\"><span class=\"wpcf7-list-item first\"><label><input type=\"checkbox\" name=\"checkbox-931[]\" value=\"Integrator\" \/><span class=\"wpcf7-list-item-label\">Integrator<\/span><\/label><\/span><span class=\"wpcf7-list-item\"><label><input type=\"checkbox\" name=\"checkbox-931[]\" value=\"Builder\" \/><span class=\"wpcf7-list-item-label\">Builder<\/span><\/label><\/span><span class=\"wpcf7-list-item last\"><label><input type=\"checkbox\" name=\"checkbox-931[]\" value=\"End-User\" \/><span class=\"wpcf7-list-item-label\">End-User<\/span><\/label><\/span><\/span><\/span> \n<\/div> \n<div class=\"row row-upload-file\"> \n <label class=\"upload-file-block js-upload-file\">Attach file \n  <span class=\"wpcf7-form-control-wrap\" data-name=\"file-466\"><input size=\"40\" class=\"wpcf7-form-control wpcf7-file\" accept=\"audio\/*,video\/*,image\/*\" aria-invalid=\"false\" type=\"file\" name=\"file-466\" \/><\/span><\/label> \n<\/div><input type='hidden' class='wpcf7-pum' value='{\"closepopup\":false,\"closedelay\":0,\"openpopup\":false,\"openpopup_id\":0}' \/><div class=\"wpcf7-response-output\" aria-hidden=\"true\"><\/div>\n<\/form>\n<\/div>\n            <\/div>\r\n\r\n\t\t    <div class=\"text-holder\" data-aos=\"fade-left\">\r\n\t\t\t\t\t\t    <h3 class=\"title-block\">How Can We Help?<\/h3>\r\n\t\t\t\r\n\t\t\t                <div class=\"text-block\">\r\n                    Please select a topic below related to your inquiry. If you don&#8217;t find what you need, fill out our contact form.                <\/div>\r\n\t\t\t\r\n\t\t\t\t\t\t    <ul class=\"link-list\">\r\n\t\t\t\t\t\t\t\t\t\t\t\t\t\t\t\t\t\t<li>\r\n\t\t\t\t\t\t\t\t\t\t\t\t\t\t\t\t    <strong>Get Inspired<\/strong>\r\n\t\t\t\t\t\t\t\t\t\t\t\t\t\t\t\t\t\t\t\t\t\t\t\t    <a href=\"\/features\/\">\r\n\t\t\t\t\t\t\t\t        Discover what&#8217;s beneath our intercom\t\t\t\t\t\t\t\t    <\/a>\r\n\t\t\t\t\t\t\t\t\t\t\t\t\t\t\t<\/li>\r\n\t\t\t\t\t\t\t\t\t\t\t\t\t\t\t\t\t\t\t\t\t\t\t\t<li>\r\n\t\t\t\t\t\t\t\t\t\t\t\t\t\t\t\t    <strong>Become a Partner<\/strong>\r\n\t\t\t\t\t\t\t\t\t\t\t\t\t\t\t\t\t\t\t\t\t\t\t\t    <a href=\"\/distributors\/\">\r\n\t\t\t\t\t\t\t\t        Expand your business with BAS-IP intercom\t\t\t\t\t\t\t\t    <\/a>\r\n\t\t\t\t\t\t\t\t\t\t\t\t\t\t\t<\/li>\r\n\t\t\t\t\t\t\t\t\t\t\t\t\t\t\t\t\t\t\t\t\t\t\t\t<li>\r\n\t\t\t\t\t\t\t\t\t\t\t\t\t\t\t\t    <strong>Check the Guides<\/strong>\r\n\t\t\t\t\t\t\t\t\t\t\t\t\t\t\t\t\t\t\t\t\t\t\t\t    <a href=\"\/support\/\">\r\n\t\t\t\t\t\t\t\t        Download detailed manuals and schemes\t\t\t\t\t\t\t\t    <\/a>\r\n\t\t\t\t\t\t\t\t\t\t\t\t\t\t\t<\/li>\r\n\t\t\t\t\t\t\t\t\t\t\t\t\t\t\t<\/ul>\r\n\t\t\t\r\n\t\t\t\t\t\t    <h3 class=\"title-block\">Our contacts<\/h3>\r\n\t\t\t\r\n\t\t\t\t\t\t\t<ul class=\"contact-list\">\r\n\t\t\t\t\t\t\t\t\t\t\t\t\t\t\t\t\t\t<li>\r\n\t\t\t\t\t\t\t\t\t\t\t\t\t\t\t\t\t<strong>Sales:<\/strong>\r\n\t\t\t\t\t\t\t\t\t\t\t\t\t\t\t\t\t\t\t\t\t\t\t\t    <a href=\"mailto:&#115;&#97;&#108;es&#64;bas&#45;&#105;p.&#99;&#111;&#109;\">&#115;&#97;&#108;es&#64;&#98;&#97;s-&#105;p&#46;c&#111;&#109;<\/a>\r\n\t\t\t\t\t\t\t\t\t\t\t\t\t\t\t<\/li>\r\n\t\t\t\t\t\t\t\t\t\t\t\t\t\t\t\t\t\t\t\t\t\t\t\t<li>\r\n\t\t\t\t\t\t\t\t\t\t\t\t\t\t\t\t\t<strong>Technical support:<\/strong>\r\n\t\t\t\t\t\t\t\t\t\t\t\t\t\t\t\t\t\t\t\t\t\t\t\t    <a href=\"mailto:&#115;&#117;ppo&#114;&#116;&#64;ba&#115;-ip.c&#111;m\">s&#117;&#112;&#112;&#111;rt&#64;ba&#115;-&#105;&#112;.&#99;o&#109;<\/a>\r\n\t\t\t\t\t\t\t\t\t\t\t\t\t\t\t<\/li>\r\n\t\t\t\t\t\t\t\t\t\t\t\t\t\t\t<\/ul>\r\n\t\t\t\t\t<\/div>\r\n\t<\/section>\r\n\r\n\r\n\r\n<!-- END Block Sign Up -->","protected":false},"excerpt":{"rendered":"<p>BAS-IP und Condo Control k\u00fcndigen Integration zur Verbesserung des Wohnerlebnisses an BAS-IP, ein f\u00fchrender Entwickler von IP-Gegensprechanlagen, und Condo Control, die All-in-One-Plattform, die den Betrieb f\u00fcr mehr als 2 Millionen Bewohner digitalisiert, haben heute eine strategische Integration angek\u00fcndigt. Diese Zusammenarbeit schafft eine einzige verl\u00e4ssliche Datenquelle f\u00fcr Bewohnerdaten, eliminiert doppelte Eingaben und erm\u00f6glicht eine nahtlose Synchronisation [&hellip;]<\/p>","protected":false},"author":1,"featured_media":0,"parent":0,"menu_order":0,"comment_status":"closed","ping_status":"closed","template":"page-custom-breadcrumbs.php","meta":{"inline_featured_image":false,"footnotes":""},"class_list":["post-140860","page","type-page","status-publish","hentry"],"acf":[],"_links":{"self":[{"href":"https:\/\/bas-ip.com\/de\/wp-json\/wp\/v2\/pages\/140860","targetHints":{"allow":["GET"]}}],"collection":[{"href":"https:\/\/bas-ip.com\/de\/wp-json\/wp\/v2\/pages"}],"about":[{"href":"https:\/\/bas-ip.com\/de\/wp-json\/wp\/v2\/types\/page"}],"author":[{"embeddable":true,"href":"https:\/\/bas-ip.com\/de\/wp-json\/wp\/v2\/users\/1"}],"replies":[{"embeddable":true,"href":"https:\/\/bas-ip.com\/de\/wp-json\/wp\/v2\/comments?post=140860"}],"version-history":[{"count":2,"href":"https:\/\/bas-ip.com\/de\/wp-json\/wp\/v2\/pages\/140860\/revisions"}],"predecessor-version":[{"id":140934,"href":"https:\/\/bas-ip.com\/de\/wp-json\/wp\/v2\/pages\/140860\/revisions\/140934"}],"wp:attachment":[{"href":"https:\/\/bas-ip.com\/de\/wp-json\/wp\/v2\/media?parent=140860"}],"curies":[{"name":"wp","href":"https:\/\/api.w.org\/{rel}","templated":true}]}}