{"id":133478,"date":"2023-03-27T12:22:38","date_gmt":"2023-03-27T12:22:38","guid":{"rendered":"https:\/\/bas-ip.com\/school\/"},"modified":"2025-03-12T11:20:34","modified_gmt":"2025-03-12T11:20:34","slug":"school","status":"publish","type":"page","link":"https:\/\/bas-ip.com\/de\/school\/","title":{"rendered":"Schule"},"content":{"rendered":"<h1 class=\"wp-block-heading\"><strong>Sprechanlagen f\u00fcr Schulen<\/strong><\/h1>\n\n\n\n<p>In der heutigen Welt sind nahtlose Kommunikation und Sicherheit wesentliche Bestandteile jeder Bildungseinrichtung. Ein effizientes Schulsprechanlagensystem gew\u00e4hrleistet nicht nur eine schnelle Kommunikation, sondern erh\u00f6ht auch die Sicherheit von Sch\u00fclern, Lehrkr\u00e4ften und Mitarbeitern. Hier kommt das BAS-IP-Sprechanlagensystem f\u00fcr Schulen ins Spiel, die ultimative L\u00f6sung, die robuste Technologie, innovative Funktionen und un\u00fcbertroffene Leistung vereint. Dieser Artikel befasst sich mit den wichtigsten Funktionen und Vorteilen der BAS-IP-Sprechanlagensysteme und zeigt, warum sie die beste Wahl f\u00fcr Ihre Schule sind.<\/p>\n\n\n\n<h2 class=\"wp-block-heading\"><strong>Die Leistungsf\u00e4higkeit von IP-Gegensprechanlagen f\u00fcr Schulen<\/strong><\/h2>\n\n\n\n<h3 class=\"wp-block-heading\"><strong>Kabelgebundenes IP-Gegensprechsystem: Die beste Wahl<\/strong><\/h3>\n\n\n\n<p>W\u00e4hrend drahtlose Sprechanlagen einen gewissen Komfort bieten, gew\u00e4hrleisten kabelgebundene IP-Sprechanlagen ein h\u00f6heres Ma\u00df an Zuverl\u00e4ssigkeit, Sicherheit und Leistung. Mit dem BAS-IP-Sprechanlagensystem f\u00fcr Schulen investieren Sie in eine sichere und stabile L\u00f6sung, die eine ununterbrochene Kommunikation und Kontrolle garantiert.<\/p>\n\n\n\n<h3 class=\"wp-block-heading\"><strong>Eine umfassende L\u00f6sung f\u00fcr Bildungseinrichtungen<\/strong><\/h3>\n\n\n\n<p>Das BAS-IP-Sprechanlagensystem ist speziell f\u00fcr Schulen, Campusse und Hochschulen konzipiert. Es integriert nahtlos Audiopanels, Concierge-Terminals und POE-Switches und schafft so ein einheitliches Kommunikationsnetzwerk, das sowohl effizient als auch kosteng\u00fcnstig ist. Mit seinen einzigartigen Funktionen, wie der Temperatur\u00fcberwachung am Schuleingang, gew\u00e4hrleistet dieses Sprechanlagensystem erh\u00f6hte Sicherheit und Komfort f\u00fcr alle Nutzer.<\/p>\n\n\n\n<h2 class=\"wp-block-heading\"><strong>Schl\u00fcsselkomponenten des BAS-IP-Schulsprechsystems<\/strong><\/h2>\n\n\n<!-- START Block Features --><section id=\"block_6430565dc8a2b\" class=\"features-section\">\r\n\t\r\n    <div class=\"features-list\">\r\n                    <div class=\"features-item\" data-aos=\"fade-up\">\r\n    <div class=\"features-box\">\r\n                    <div class=\"image-holder\">\r\n                <img loading=\"lazy\" decoding=\"async\" width=\"350\" height=\"320\" src=\"https:\/\/bas-ip.com\/wp-content\/uploads\/2023\/04\/1-4-350x320.jpg\" class=\"attachment-thumbnail_350x320 size-thumbnail_350x320\" alt=\"\" \/>            <\/div>\r\n        \r\n        <div class=\"text-holder\">\r\n                        <h3 class=\"title-block\">BAS-IP AV-04AFD Audio-Panel<\/h3>\r\n          \r\n                        <div class=\"text-block\">\r\n                <p>Das Audiopanel AV-04AFD ist eine erschwingliche und funktionsreiche Sprechanlagenl\u00f6sung, die speziell f\u00fcr Bildungseinrichtungen entwickelt wurde. Es erm\u00f6glicht eine kristallklare Kommunikation zwischen verschiedenen Bereichen der Schule und gew\u00e4hrleistet gleichzeitig eine schnelle Zugangskontrolle.<\/p>\n              <\/div>\r\n                  <\/div>\r\n    <\/div>\r\n<\/div>\r\n                    <div class=\"features-item\" data-aos=\"fade-up\">\r\n    <div class=\"features-box\">\r\n                    <div class=\"image-holder\">\r\n                <img loading=\"lazy\" decoding=\"async\" width=\"350\" height=\"320\" src=\"https:\/\/bas-ip.com\/wp-content\/uploads\/2023\/04\/2-4-350x320.jpg\" class=\"attachment-thumbnail_350x320 size-thumbnail_350x320\" alt=\"\" \/>            <\/div>\r\n        \r\n        <div class=\"text-holder\">\r\n                        <h3 class=\"title-block\">BAS-IP AM-02 Concierge-Terminal<\/h3>\r\n          \r\n                        <div class=\"text-block\">\r\n                <p>Das Concierge-Terminal AM-02 dient als zentraler Kontrollpunkt f\u00fcr das gesamte Sprechanlagensystem und erm\u00f6glicht es dem Personal, Anrufe zu verwalten, Eing\u00e4nge zu \u00fcberwachen und den Zugang problemlos zu gew\u00e4hren. Seine benutzerfreundliche Oberfl\u00e4che macht es zur perfekten Wahl f\u00fcr effiziente Kommunikation und Verwaltung.<\/p>\n              <\/div>\r\n                  <\/div>\r\n    <\/div>\r\n<\/div>\r\n                    <div class=\"features-item\" data-aos=\"fade-up\">\r\n    <div class=\"features-box\">\r\n                    <div class=\"image-holder\">\r\n                <img loading=\"lazy\" decoding=\"async\" width=\"350\" height=\"320\" src=\"https:\/\/bas-ip.com\/wp-content\/uploads\/2023\/04\/3-4-350x320.jpg\" class=\"attachment-thumbnail_350x320 size-thumbnail_350x320\" alt=\"\" \/>            <\/div>\r\n        \r\n        <div class=\"text-holder\">\r\n                        <h3 class=\"title-block\">BAS-IP SH-20.16 16-Port POE-Switch<\/h3>\r\n          \r\n                        <div class=\"text-block\">\r\n                <p>Der 16-Port-POE-Switch SH-20.16 liefert die erforderliche Stromversorgung und Konnektivit\u00e4t f\u00fcr das BAS-IP-Sprechanlagensystem und gew\u00e4hrleistet so eine reibungslose und ununterbrochene Leistung auf dem gesamten Schulgel\u00e4nde.<\/p>\n              <\/div>\r\n                  <\/div>\r\n    <\/div>\r\n<\/div>\r\n                    <div class=\"features-item\" data-aos=\"fade-up\">\r\n    <div class=\"features-box\">\r\n                    <div class=\"image-holder\">\r\n                <img loading=\"lazy\" decoding=\"async\" width=\"350\" height=\"320\" src=\"https:\/\/bas-ip.com\/wp-content\/uploads\/2023\/04\/4-4-350x320.jpg\" class=\"attachment-thumbnail_350x320 size-thumbnail_350x320\" alt=\"\" \/>            <\/div>\r\n        \r\n        <div class=\"text-holder\">\r\n                        <h3 class=\"title-block\">BAS-IP SH-31TM Temperaturmodell<\/h3>\r\n          \r\n                        <div class=\"text-block\">\r\n                <p>Das Temperaturmodell SH-31TM kann am Schuleingang installiert werden und erm\u00f6glicht so eine Echtzeit-Temperatur\u00fcberwachung, die zur Aufrechterhaltung einer gesunden Umgebung f\u00fcr Sch\u00fcler, Mitarbeiter und Besucher beitr\u00e4gt. Durch das Hinzuf\u00fcgen dieser zus\u00e4tzlichen Sicherheitsebene kann Ihre Schule potenziellen gesundheitlichen Problemen proaktiv begegnen und das Wohlbefinden aller auf dem Campus gew\u00e4hrleisten.<\/p>\n              <\/div>\r\n                  <\/div>\r\n    <\/div>\r\n<\/div>\r\n                    <div class=\"features-item features-full-width\" data-aos=\"fade-up\">\r\n    <div class=\"features-box image-position-left\">\r\n                <div class=\"image-holder\">\r\n            <img loading=\"lazy\" decoding=\"async\" width=\"1\" height=\"1\" src=\"https:\/\/bas-ip.com\/wp-content\/uploads\/2023\/04\/school-1.svg\" class=\"attachment-thumbnail_350x320 size-thumbnail_350x320\" alt=\"\" \/>          <\/div>\r\n      \r\n      <div class=\"text-holder\">\r\n                        <h3 class=\"title-block\">Nutzung von IP-Netzwerken f\u00fcr eine nahtlose Integration<\/h3>\r\n          \r\n                        <div class=\"text-block\">\r\n                <p>BAS-IP-Sprechanlagensysteme sind so konzipiert, dass sie nahtlos in das bestehende IP-Lokalnetzwerk Ihrer Schule integriert werden k\u00f6nnen, was eine einfache Installation und Wartung erm\u00f6glicht. Diese Integration f\u00f6rdert eine bessere Kommunikation, Zugangskontrolle und Sicherheit in der gesamten Bildungseinrichtung.<\/p>\n              <\/div>\r\n                <\/div>\r\n    <\/div>\r\n<\/div>\r\n                    <div class=\"features-item features-full-width\" data-aos=\"fade-up\">\r\n    <div class=\"features-box image-position-right\">\r\n                <div class=\"image-holder\">\r\n            <img loading=\"lazy\" decoding=\"async\" width=\"1\" height=\"1\" src=\"https:\/\/bas-ip.com\/wp-content\/uploads\/2023\/04\/collage-1.svg\" class=\"attachment-thumbnail_350x320 size-thumbnail_350x320\" alt=\"\" \/>          <\/div>\r\n      \r\n      <div class=\"text-holder\">\r\n                        <h3 class=\"title-block\">Fernzugriff und -steuerung von Ihrem PC aus<\/h3>\r\n          \r\n                        <div class=\"text-block\">\r\n                <p>Mit dem fortschrittlichen Sprechanlagensystem von BAS-IP k\u00f6nnen Schulmitarbeiter ihre PCs problemlos nutzen, um \u00fcber die Sprechanlage zu kommunizieren, Eing\u00e4nge zu \u00fcberwachen und den T\u00fcrzugang zu steuern. Diese Flexibilit\u00e4t erm\u00f6glicht verbesserte Reaktionszeiten und eine h\u00f6here Effizienz bei der Bew\u00e4ltigung t\u00e4glicher Aufgaben und Notf\u00e4lle.<\/p>\n              <\/div>\r\n                <\/div>\r\n    <\/div>\r\n<\/div>\r\n            <\/div>\r\n<\/section>\r\n<!-- END Block Features -->\n\n<!-- START Block FAQ --><section id=\"block_64218de5ac119\" class=\"faq-section\">\r\n\t\t    <h2 class=\"title-section\" data-aos=\"fade-right\">H\u00e4ufig gestellte Fragen<\/h2>\r\n\t\t\t    <div class=\"faq-list js-accordion\" data-aos=\"fade-up\">\r\n\t\t\t\t\t\t\t\t\t\t\t    <div class=\"accordion-item faq-item\">\r\n                        <div class=\"accordion-opener\">\r\n                            Q: L\u00e4sst sich die BAS-IP Sprechanlage f\u00fcr Schulen problemlos in unsere bestehende Infrastruktur integrieren?                            <i class=\"fa-solid fa-chevron-down\"><\/i>\r\n                        <\/div>\r\n                        <div class=\"accordion-slide\">\r\n\t\t\t\t\t\t    <p>Ja, BAS-IP-Sprechanlagensysteme k\u00f6nnen problemlos in das bestehende IP-Lokalnetzwerk Ihrer Schule integriert werden, was einen reibungslosen und kosteng\u00fcnstigen Installationsprozess erm\u00f6glicht.<\/p>\n                        <\/div>\r\n\t\t\t\t\t<\/div>\r\n\t\t\t\t\t\t\t\t\t\t\t\t\t\t\t    <div class=\"accordion-item faq-item\">\r\n                        <div class=\"accordion-opener\">\r\n                            Q: Wie gew\u00e4hrleistet das BAS-IP-Gegensprechsystem die Sicherheit unserer Studenten und Mitarbeiter?                            <i class=\"fa-solid fa-chevron-down\"><\/i>\r\n                        <\/div>\r\n                        <div class=\"accordion-slide\">\r\n\t\t\t\t\t\t    <p>Das BAS-IP-Sprechanlagensystem bietet mehrere Sicherheitsfunktionen, wie z. B. Temperatur\u00fcberwachung an Eing\u00e4ngen, schnelle Zugangskontrolle und die M\u00f6glichkeit, Kommunikation und T\u00fcrzugang von Ihrem PC aus zu \u00fcberwachen und zu verwalten, um eine sichere Umgebung f\u00fcr alle zu gew\u00e4hrleisten.<\/p>\n                        <\/div>\r\n\t\t\t\t\t<\/div>\r\n\t\t\t\t\t\t\t\t\t\t\t\t\t\t\t    <div class=\"accordion-item faq-item\">\r\n                        <div class=\"accordion-opener\">\r\n                            Q: Ist die BAS-IP-Sprechanlage mit anderen Kommunikationsger\u00e4ten und -systemen kompatibel?                            <i class=\"fa-solid fa-chevron-down\"><\/i>\r\n                        <\/div>\r\n                        <div class=\"accordion-slide\">\r\n\t\t\t\t\t\t    <p>Ja, das BAS-IP-Sprechanlagensystem ist so konzipiert, dass es nahtlos mit einer Vielzahl von Kommunikationsger\u00e4ten und -systemen zusammenarbeitet und eine umfassende und flexible L\u00f6sung f\u00fcr die Kommunikationsbed\u00fcrfnisse Ihrer Schule bietet.<\/p>\n                        <\/div>\r\n\t\t\t\t\t<\/div>\r\n\t\t\t\t\t\t\t\t\t\t\t\t\t\t\t    <div class=\"accordion-item faq-item\">\r\n                        <div class=\"accordion-opener\">\r\n                            Q: Wie zuverl\u00e4ssig sind kabelgebundene IP-Gegensprechanlagen im Vergleich zu kabellosen Gegensprechanlagen?                            <i class=\"fa-solid fa-chevron-down\"><\/i>\r\n                        <\/div>\r\n                        <div class=\"accordion-slide\">\r\n\t\t\t\t\t\t    <p>Kabelgebundene IP-Sprechanlagensysteme, wie das BAS-IP-Sprechanlagensystem f\u00fcr Schulen, bieten im Vergleich zu drahtlosen Sprechanlagensystemen eine \u00fcberlegene Zuverl\u00e4ssigkeit, Sicherheit und Leistung. Sie gew\u00e4hrleisten eine stabile, ununterbrochene Kommunikation und Kontrolle und sind damit die ideale Wahl f\u00fcr Bildungseinrichtungen.<\/p>\n                        <\/div>\r\n\t\t\t\t\t<\/div>\r\n\t\t\t\t\t\t\t\t\t\t\t\t\t\t\t    <div class=\"accordion-item faq-item\">\r\n                        <div class=\"accordion-opener\">\r\n                            Q: K\u00f6nnen wir das BAS-IP-Gegensprechsystem an die spezifischen Anforderungen unserer Schule anpassen?                            <i class=\"fa-solid fa-chevron-down\"><\/i>\r\n                        <\/div>\r\n                        <div class=\"accordion-slide\">\r\n\t\t\t\t\t\t    <p>Ja, das BAS-IP-Sprechanlagensystem ist hochgradig anpassbar und kann auf die individuellen Anforderungen Ihrer Schule zugeschnitten werden. Sein modularer Aufbau erm\u00f6glicht das Hinzuf\u00fcgen verschiedener Komponenten, wie z. B. des Temperaturmodells, um Sicherheit und Funktionalit\u00e4t zu verbessern.<\/p>\n                        <\/div>\r\n\t\t\t\t\t<\/div>\r\n\t\t\t\t\t\t\t\t\t<\/div>\r\n\t<\/section>\r\n<!-- END Block FAQ -->\n\n\n<p>Die Investition in ein zuverl\u00e4ssiges, funktionsreiches und sicheres Sprechanlagensystem ist entscheidend f\u00fcr die Sicherheit und Effizienz jeder Bildungseinrichtung. Das BAS-IP-Sprechanlagensystem f\u00fcr Schulen bietet un\u00fcbertroffene Leistung, innovative Funktionen und nahtlose Integration in bestehende IP-Netzwerke. Mit der Wahl von BAS-IP investieren Sie in die Zukunft der Kommunikations- und Sicherheitsinfrastruktur Ihrer Schule. Erleben Sie die Revolution in der Kommunikation mit dem besten Schulsprechanlagensystem \u2013 BAS-IP. Verbessern Sie die Sicherheit, Kommunikation und das Gesamtumfeld Ihrer Bildungseinrichtung und gew\u00e4hrleisten Sie so das Wohlbefinden von Sch\u00fclern, Mitarbeitern und Besuchern. Gehen Sie keine Kompromisse bei der Qualit\u00e4t ein; vertrauen Sie auf BAS-IP, um au\u00dfergew\u00f6hnliche Leistung und Zuverl\u00e4ssigkeit f\u00fcr Ihre Schule zu liefern.<\/p>","protected":false},"excerpt":{"rendered":"<p>Sprechanlagen f\u00fcr Schulen In der heutigen Welt sind nahtlose Kommunikation und Sicherheit wesentliche Bestandteile jeder Bildungseinrichtung. Ein effizientes Schulsprechanlagensystem gew\u00e4hrleistet nicht nur eine schnelle Kommunikation, sondern erh\u00f6ht auch die Sicherheit von Sch\u00fclern, Lehrkr\u00e4ften und Mitarbeitern. Hier kommt das BAS-IP-Sprechanlagensystem f\u00fcr Schulen ins Spiel, die ultimative L\u00f6sung, die robuste Technologie, innovative Funktionen und un\u00fcbertroffene Leistung vereint. [&hellip;]<\/p>","protected":false},"author":1,"featured_media":0,"parent":0,"menu_order":0,"comment_status":"closed","ping_status":"closed","template":"","meta":{"inline_featured_image":false,"footnotes":""},"class_list":["post-133478","page","type-page","status-publish","hentry"],"acf":[],"_links":{"self":[{"href":"https:\/\/bas-ip.com\/de\/wp-json\/wp\/v2\/pages\/133478","targetHints":{"allow":["GET"]}}],"collection":[{"href":"https:\/\/bas-ip.com\/de\/wp-json\/wp\/v2\/pages"}],"about":[{"href":"https:\/\/bas-ip.com\/de\/wp-json\/wp\/v2\/types\/page"}],"author":[{"embeddable":true,"href":"https:\/\/bas-ip.com\/de\/wp-json\/wp\/v2\/users\/1"}],"replies":[{"embeddable":true,"href":"https:\/\/bas-ip.com\/de\/wp-json\/wp\/v2\/comments?post=133478"}],"version-history":[{"count":4,"href":"https:\/\/bas-ip.com\/de\/wp-json\/wp\/v2\/pages\/133478\/revisions"}],"predecessor-version":[{"id":133549,"href":"https:\/\/bas-ip.com\/de\/wp-json\/wp\/v2\/pages\/133478\/revisions\/133549"}],"wp:attachment":[{"href":"https:\/\/bas-ip.com\/de\/wp-json\/wp\/v2\/media?parent=133478"}],"curies":[{"name":"wp","href":"https:\/\/api.w.org\/{rel}","templated":true}]}}