{"id":133229,"date":"2023-03-27T09:04:54","date_gmt":"2023-03-27T09:04:54","guid":{"rendered":"https:\/\/bas-ip.com\/%d1%82%d1%8a%d1%80%d0%b3%d0%be%d0%b2%d1%81%d0%ba%d0%b8-%d0%bf%d1%80%d0%be%d0%bc%d0%b8%d1%88%d0%bb%d0%b5%d0%bd%d0%b8\/"},"modified":"2025-03-10T10:57:53","modified_gmt":"2025-03-10T10:57:53","slug":"commercial","status":"publish","type":"page","link":"https:\/\/bas-ip.com\/de\/kommerziell-industriell\/","title":{"rendered":"Kommerziell \/ Industriell"},"content":{"rendered":"<h1 class=\"wp-block-heading\"><strong>Revolutionieren Sie Ihren Arbeitsplatz mit Gesch\u00e4fts-Intercom-Systemen.<\/strong><\/h1>\n\n\n\n<p>Da sich die Technologie st\u00e4ndig weiterentwickelt, ist es f\u00fcr Unternehmen von entscheidender Bedeutung, mit den neuesten Fortschritten Schritt zu halten. Eine solche Entwicklung ist die Integration von Business-Intercom-Systemen, die f\u00fcr mehr Sicherheit und effiziente Kommunikation in B\u00fcros und Gewerbeimmobilien sorgen. Die IP-Intercoms von BAS-IP bieten eine umfassende L\u00f6sung mit einer Vielzahl einzigartiger Funktionen, die auf den modernen Arbeitsplatz zugeschnitten sind. Wir werden die Vorteile der Einf\u00fchrung eines Business-Intercom-Systems untersuchen und uns mit den Besonderheiten der Spitzenprodukte von BAS-IP befassen.<\/p>\n\n\n\n<h2 class=\"wp-block-heading\"><strong>Warum BAS-IP die beste Wahl f\u00fcr Ihr Business-Intercom-System ist?<\/strong><\/h2>\n\n\n\n<p>BAS-IP war ein Pionier in der Entwicklung fortschrittlicher Intercom-Systeme f\u00fcr Unternehmen und bietet eine Reihe innovativer Produkte, die auf die Anforderungen moderner Arbeitspl\u00e4tze zugeschnitten sind. Durch die Integration modernster Funktionen und zuverl\u00e4ssiger Hardware gew\u00e4hrleisten die kommerziellen Intercom-Systeme von BAS-IP effiziente Kommunikation und erh\u00f6hte Sicherheit f\u00fcr B\u00fcros und Industrieanlagen gleicherma\u00dfen.<\/p>\n\n\n<!-- START Block Features --><section id=\"block_642edd596eeb4\" class=\"features-section\">\r\n\t\r\n    <div class=\"features-list\">\r\n                    <div class=\"features-item\" data-aos=\"fade-up\">\r\n    <div class=\"features-box\">\r\n                    <div class=\"image-holder\">\r\n                <img loading=\"lazy\" decoding=\"async\" width=\"350\" height=\"320\" src=\"https:\/\/bas-ip.com\/wp-content\/uploads\/2023\/04\/1-350x320.jpg\" class=\"attachment-thumbnail_350x320 size-thumbnail_350x320\" alt=\"\" \/>            <\/div>\r\n        \r\n        <div class=\"text-holder\">\r\n                        <h3 class=\"title-block\">Die Kraft von IP-Intercoms am Arbeitsplatz<\/h3>\r\n          \r\n                        <div class=\"text-block\">\r\n                <p>Die IP-Intercom-Systeme von BAS-IP bieten eine Vielzahl von Vorteilen, einschlie\u00dflich der nahtlosen Integration in bestehende IP-Lokalnetzwerke.<\/p>\n<p>Dies erm\u00f6glicht es Mitarbeitern, einfach auf das Intercom-System zuzugreifen und T\u00fcren von ihren PCs aus zu \u00f6ffnen, wodurch die Kommunikation und Sicherheit im B\u00fcro optimiert werden.<\/p>\n<p>Dar\u00fcber hinaus erm\u00f6glicht die IP-basierte Infrastruktur Skalierbarkeit und Anpassungsf\u00e4higkeit, wodurch sichergestellt wird, dass Ihr Business-Intercom-System mit Ihrem Unternehmen wachsen und sich weiterentwickeln kann.<\/p>\n              <\/div>\r\n                  <\/div>\r\n    <\/div>\r\n<\/div>\r\n                    <div class=\"features-item\" data-aos=\"fade-up\">\r\n    <div class=\"features-box\">\r\n                    <div class=\"image-holder\">\r\n                <img loading=\"lazy\" decoding=\"async\" width=\"350\" height=\"320\" src=\"https:\/\/bas-ip.com\/wp-content\/uploads\/2023\/04\/2-350x320.jpg\" class=\"attachment-thumbnail_350x320 size-thumbnail_350x320\" alt=\"Business intercom systems\" \/>            <\/div>\r\n        \r\n        <div class=\"text-holder\">\r\n                        <h3 class=\"title-block\">Hochwertige Hardware-Komponenten<\/h3>\r\n          \r\n                        <div class=\"text-block\">\r\n                <p>Das beste Business-Intercom-System von BAS-IP besteht aus dem AV-08FBL, dem AT-10 und dem BR-AT10. Diese Komponenten arbeiten zusammen, um eine au\u00dfergew\u00f6hnliche Leistung und Benutzererfahrung zu bieten, wodurch sie ideal f\u00fcr B\u00fcros und Gewerbeimmobilien sind.<\/p>\n<p>AV-08FBL: Dieses Au\u00dfenpanel zeichnet sich durch ein schlankes Design, eine integrierte Kamera und einen RFID-Leser aus, was eine sichere Zugangskontrolle und visuelle Identifizierung von Besuchern gew\u00e4hrleistet.<\/p>\n<p>AT-10: Dieses stilvolle Innen-Touchpanel bietet einen hochaufl\u00f6senden Bildschirm, eine intuitive Benutzeroberfl\u00e4che und Kompatibilit\u00e4t mit verschiedenen Smart-Home- und Sicherheitsger\u00e4ten.<\/p>\n<p>BR-AT10: Diese multifunktionale Tischhalterung erleichtert die einfache Installation des AT-10-Panels auf dem Schreibtisch.<\/p>\n              <\/div>\r\n                  <\/div>\r\n    <\/div>\r\n<\/div>\r\n                    <div class=\"features-item\" data-aos=\"fade-up\">\r\n    <div class=\"features-box\">\r\n                    <div class=\"image-holder\">\r\n                <img loading=\"lazy\" decoding=\"async\" width=\"350\" height=\"320\" src=\"https:\/\/bas-ip.com\/wp-content\/uploads\/2023\/04\/3-350x320.jpg\" class=\"attachment-thumbnail_350x320 size-thumbnail_350x320\" alt=\"\" \/>            <\/div>\r\n        \r\n        <div class=\"text-holder\">\r\n                        <h3 class=\"title-block\">Zuverl\u00e4ssiger Kundensupport und Service<\/h3>\r\n          \r\n                        <div class=\"text-block\">\r\n                <p>BAS-IP ist bestrebt, einen au\u00dfergew\u00f6hnlichen Kundenservice zu bieten und professionelle Unterst\u00fctzung und Support f\u00fcr seine Produkte w\u00e4hrend des gesamten Installationsprozesses und dar\u00fcber hinaus anzubieten.<\/p>\n<p>Unser kompetentes Support-Team kann bei der Fehlerbehebung auftretender Probleme helfen und sicherstellen, dass Ihr Business-Intercom-System funktionsf\u00e4hig und effizient bleibt.<\/p>\n<p>Dar\u00fcber hinaus bedeutet unser Engagement f\u00fcr kontinuierliche Forschung und Entwicklung, dass die Produkte von BAS-IP st\u00e4ndig verbessert werden, wodurch Ihr Unternehmen eine Intercom-L\u00f6sung erh\u00e4lt, die in Bezug auf Technologie und Leistung immer einen Schritt voraus ist.<\/p>\n              <\/div>\r\n                  <\/div>\r\n    <\/div>\r\n<\/div>\r\n            <\/div>\r\n<\/section>\r\n<!-- END Block Features -->\n\n\n<h2 class=\"wp-block-heading\"><strong>Hauptmerkmale der BAS-IP Business-Intercom-Systeme<\/strong><\/h2>\n\n\n\n<p>Die Intercom-Systeme von BAS-IP f\u00fcr Unternehmen zeichnen sich durch eine Reihe einzigartiger Merkmale aus, die sie von der Konkurrenz abheben. Durch die Nutzung dieser fortschrittlichen F\u00e4higkeiten k\u00f6nnen Sie die Effizienz, Sicherheit und Gesamtfunktionalit\u00e4t Ihres Arbeitsplatzes verbessern.<\/p>\n\n\n<!-- START Block Features --><section id=\"block_642edfc06eeba\" class=\"features-section\">\r\n\t\r\n    <div class=\"features-list\">\r\n                    <div class=\"features-item\" data-aos=\"fade-up\">\r\n    <div class=\"features-box\">\r\n                    <div class=\"image-holder\">\r\n                <img loading=\"lazy\" decoding=\"async\" width=\"350\" height=\"320\" src=\"https:\/\/bas-ip.com\/wp-content\/uploads\/2023\/04\/4-350x320.jpg\" class=\"attachment-thumbnail_350x320 size-thumbnail_350x320\" alt=\"\" \/>            <\/div>\r\n        \r\n        <div class=\"text-holder\">\r\n                        <h3 class=\"title-block\">Drahtgebundene Intercom-Systeme f\u00fcr Unternehmen<\/h3>\r\n          \r\n                        <div class=\"text-block\">\r\n                <p>W\u00e4hrend die drahtlose Technologie weiterhin an Popularit\u00e4t gewinnt, bieten drahtgebundene Intercom-Systeme f\u00fcr Unternehmen mehrere Vorteile, darunter erh\u00f6hte Zuverl\u00e4ssigkeit, reduzierte St\u00f6rungen und verbesserte Sicherheit. Die drahtgebundenen Intercom-Systeme von BAS-IP sind auf konstante Leistung ausgelegt und gew\u00e4hrleisten eine nahtlose Kommunikation und Zugangskontrolle in Ihrem B\u00fcro oder Ihrer Gewerbeimmobilie.<\/p>\n              <\/div>\r\n                  <\/div>\r\n    <\/div>\r\n<\/div>\r\n                    <div class=\"features-item\" data-aos=\"fade-up\">\r\n    <div class=\"features-box\">\r\n                    <div class=\"image-holder\">\r\n                <img loading=\"lazy\" decoding=\"async\" width=\"350\" height=\"320\" src=\"https:\/\/bas-ip.com\/wp-content\/uploads\/2023\/04\/5-1-350x320.jpg\" class=\"attachment-thumbnail_350x320 size-thumbnail_350x320\" alt=\"\" \/>            <\/div>\r\n        \r\n        <div class=\"text-holder\">\r\n                        <h3 class=\"title-block\">Tisch-Intercom- und B\u00fcro-Intercom-Integration.<\/h3>\r\n          \r\n                        <div class=\"text-block\">\r\n                <p>Die Business-Intercom-Systeme von BAS-IP k\u00f6nnen problemlos in Tischtelefone und B\u00fcro-Intercom-Konfigurationen integriert werden, wodurch Mitarbeiter m\u00fchelos innerhalb des Arbeitsbereichs kommunizieren k\u00f6nnen. Dies f\u00f6rdert eine kollaborative Umgebung und stellt sicher, dass wichtige Informationen schnell und genau weitergeleitet werden k\u00f6nnen.<\/p>\n              <\/div>\r\n                  <\/div>\r\n    <\/div>\r\n<\/div>\r\n                    <div class=\"features-item\" data-aos=\"fade-up\">\r\n    <div class=\"features-box\">\r\n                    <div class=\"image-holder\">\r\n                <img loading=\"lazy\" decoding=\"async\" width=\"350\" height=\"320\" src=\"https:\/\/bas-ip.com\/wp-content\/uploads\/2023\/04\/6-350x320.jpg\" class=\"attachment-thumbnail_350x320 size-thumbnail_350x320\" alt=\"\" \/>            <\/div>\r\n        \r\n        <div class=\"text-holder\">\r\n                        <h3 class=\"title-block\">Kompatibilit\u00e4t von Industrie-Intercom-Systemen<\/h3>\r\n          \r\n                        <div class=\"text-block\">\r\n                <p>F\u00fcr Unternehmen, die in industriellen Umgebungen t\u00e4tig sind, bieten die Intercom-Systeme von BAS-IP robuste Kommunikationsl\u00f6sungen, die so konzipiert sind, dass sie rauen Bedingungen standhalten. Durch die Implementierung eines zuverl\u00e4ssigen Industrie-Intercom-Systems k\u00f6nnen Sie selbst in den anspruchsvollsten Umgebungen eine effiziente Kommunikation und eine sichere Zugangskontrolle aufrechterhalten.<\/p>\n              <\/div>\r\n                  <\/div>\r\n    <\/div>\r\n<\/div>\r\n            <\/div>\r\n<\/section>\r\n<!-- END Block Features -->\n\n<!-- START Block FAQ --><section id=\"block_64215db07ecd6\" class=\"faq-section\">\r\n\t\t    <h2 class=\"title-section\" data-aos=\"fade-right\">FAQs zu Business-Intercom-Systemen<\/h2>\r\n\t\t\t    <div class=\"faq-list js-accordion\" data-aos=\"fade-up\">\r\n\t\t\t\t\t\t\t\t\t\t\t    <div class=\"accordion-item faq-item\">\r\n                        <div class=\"accordion-opener\">\r\n                            Q: Wie kann ein Business-Intercom-System die B\u00fcrosicherheit verbessern?                            <i class=\"fa-solid fa-chevron-down\"><\/i>\r\n                        <\/div>\r\n                        <div class=\"accordion-slide\">\r\n\t\t\t\t\t\t    <p>Durch die Integration von Funktionen wie Video\u00fcberwachung, Zugangskontrolle und Besucheridentifikation helfen Business-Intercom-Systeme, Ihr B\u00fcro oder Ihre Gewerbeimmobilie vor unbefugtem Zugriff und potenziellen Bedrohungen zu sch\u00fctzen.<\/p>\n                        <\/div>\r\n\t\t\t\t\t<\/div>\r\n\t\t\t\t\t\t\t\t\t\t\t\t\t\t\t    <div class=\"accordion-item faq-item\">\r\n                        <div class=\"accordion-opener\">\r\n                            Q: Kann ich das Intercom-System von BAS-IP in mein bestehendes IP-Lokalnetzwerk integrieren?                            <i class=\"fa-solid fa-chevron-down\"><\/i>\r\n                        <\/div>\r\n                        <div class=\"accordion-slide\">\r\n\t\t\t\t\t\t    <p>Ja, die Intercom-Systeme von BAS-IP k\u00f6nnen nahtlos in bestehende IP-Lokalnetzwerke integriert werden, wodurch Mitarbeiter von ihren PCs und anderen verbundenen Ger\u00e4ten aus auf das System zugreifen und T\u00fcren \u00f6ffnen k\u00f6nnen. Dies vereinfacht die Kommunikation und Zugangskontrolle an Ihrem Arbeitsplatz.<\/p>\n                        <\/div>\r\n\t\t\t\t\t<\/div>\r\n\t\t\t\t\t\t\t\t\t\t\t\t\t\t\t    <div class=\"accordion-item faq-item\">\r\n                        <div class=\"accordion-opener\">\r\n                            Q: Was macht die drahtgebundenen Intercom-Systeme von BAS-IP zu einer besseren Wahl als drahtlose Optionen?                            <i class=\"fa-solid fa-chevron-down\"><\/i>\r\n                        <\/div>\r\n                        <div class=\"accordion-slide\">\r\n\t\t\t\t\t\t    <p>Drahtgebundene Intercom-Systeme bieten im Vergleich zu drahtlosen Optionen eine h\u00f6here Zuverl\u00e4ssigkeit, reduzierte St\u00f6rungen und verbesserte Sicherheit. Die drahtgebundenen Intercom-Systeme von BAS-IP sind auf konstante Leistung ausgelegt und eignen sich daher ideal f\u00fcr Unternehmen, die zuverl\u00e4ssige Kommunikationsl\u00f6sungen suchen.<\/p>\n                        <\/div>\r\n\t\t\t\t\t<\/div>\r\n\t\t\t\t\t\t\t\t\t\t\t\t\t\t\t    <div class=\"accordion-item faq-item\">\r\n                        <div class=\"accordion-opener\">\r\n                            Q: Sind die Intercom-Systeme von BAS-IP f\u00fcr industrielle Umgebungen geeignet?                            <i class=\"fa-solid fa-chevron-down\"><\/i>\r\n                        <\/div>\r\n                        <div class=\"accordion-slide\">\r\n\t\t\t\t\t\t    <p>Ja, die Intercom-Systeme von BAS-IP sind so konzipiert, dass sie mit industriellen Umgebungen kompatibel sind. Diese robusten Systeme halten rauen Bedingungen stand und gew\u00e4hrleisten in verschiedenen Branchen eine effiziente Kommunikation und sichere Zugangskontrolle.<\/p>\n                        <\/div>\r\n\t\t\t\t\t<\/div>\r\n\t\t\t\t\t\t\t\t\t\t\t\t\t\t\t    <div class=\"accordion-item faq-item\">\r\n                        <div class=\"accordion-opener\">\r\n                            Q: Kann ich das BAS-IP Intercom-System verwenden, um es in meine Smart-Office-Ger\u00e4te zu integrieren?                            <i class=\"fa-solid fa-chevron-down\"><\/i>\r\n                        <\/div>\r\n                        <div class=\"accordion-slide\">\r\n\t\t\t\t\t\t    <p>Ja, die Intercom-Systeme von BAS-IP sind so konzipiert, dass sie mit einer Reihe von Smart-Office-Ger\u00e4ten kompatibel sind, wie z. B. Beleuchtungs- und Klimatisierungssystemen. Dies erm\u00f6glicht eine nahtlose Integration und eine verbesserte Gesamtfunktionalit\u00e4t in Ihrem Arbeitsbereich.<\/p>\n                        <\/div>\r\n\t\t\t\t\t<\/div>\r\n\t\t\t\t\t\t\t\t\t<\/div>\r\n\t<\/section>\r\n<!-- END Block FAQ -->\n\n\n<p>In der heutigen schnelllebigen Gesch\u00e4ftswelt sind effektive Kommunikation und robuste Sicherheitsma\u00dfnahmen unerl\u00e4sslich. Die Business-Intercom-Systeme von BAS-IP bieten eine umfassende L\u00f6sung, die modernste Funktionen, zuverl\u00e4ssige Hardware und eine nahtlose Integration in bestehende IP-Lokalnetzwerke kombiniert. Durch die Implementierung eines BAS-IP Intercom-Systems f\u00fcr Ihr B\u00fcro oder Ihre Gewerbeimmobilie k\u00f6nnen Sie die Kommunikation, Sicherheit und Gesamtfunktionalit\u00e4t Ihres Arbeitsplatzes verbessern. Erleben Sie die Vorteile eines Weltklasse-Intercom-Systems und revolutionieren Sie Ihren Arbeitsplatz mit den innovativen Intercom-L\u00f6sungen von BAS-IP. Entdecken Sie die M\u00f6glichkeiten effizienter Kommunikation, fortschrittlicher Sicherheit und nahtloser Integration, die Ihr Unternehmen in einer zunehmend vernetzten Welt zum Erfolg f\u00fchren k\u00f6nnen.<\/p>","protected":false},"excerpt":{"rendered":"<p>Revolutionieren Sie Ihren Arbeitsplatz mit Gesch\u00e4fts-Intercom-Systemen. Da sich die Technologie st\u00e4ndig weiterentwickelt, ist es f\u00fcr Unternehmen von entscheidender Bedeutung, mit den neuesten Fortschritten Schritt zu halten. Eine solche Entwicklung ist die Integration von Business-Intercom-Systemen, die f\u00fcr mehr Sicherheit und effiziente Kommunikation in B\u00fcros und Gewerbeimmobilien sorgen. Die IP-Intercoms von BAS-IP bieten eine umfassende L\u00f6sung mit [&hellip;]<\/p>","protected":false},"author":1,"featured_media":0,"parent":0,"menu_order":0,"comment_status":"closed","ping_status":"closed","template":"","meta":{"inline_featured_image":false,"footnotes":""},"class_list":["post-133229","page","type-page","status-publish","hentry"],"acf":[],"_links":{"self":[{"href":"https:\/\/bas-ip.com\/de\/wp-json\/wp\/v2\/pages\/133229","targetHints":{"allow":["GET"]}}],"collection":[{"href":"https:\/\/bas-ip.com\/de\/wp-json\/wp\/v2\/pages"}],"about":[{"href":"https:\/\/bas-ip.com\/de\/wp-json\/wp\/v2\/types\/page"}],"author":[{"embeddable":true,"href":"https:\/\/bas-ip.com\/de\/wp-json\/wp\/v2\/users\/1"}],"replies":[{"embeddable":true,"href":"https:\/\/bas-ip.com\/de\/wp-json\/wp\/v2\/comments?post=133229"}],"version-history":[{"count":7,"href":"https:\/\/bas-ip.com\/de\/wp-json\/wp\/v2\/pages\/133229\/revisions"}],"predecessor-version":[{"id":133304,"href":"https:\/\/bas-ip.com\/de\/wp-json\/wp\/v2\/pages\/133229\/revisions\/133304"}],"wp:attachment":[{"href":"https:\/\/bas-ip.com\/de\/wp-json\/wp\/v2\/media?parent=133229"}],"curies":[{"name":"wp","href":"https:\/\/api.w.org\/{rel}","templated":true}]}}