{"id":133069,"date":"2023-03-28T17:03:55","date_gmt":"2023-03-28T17:03:55","guid":{"rendered":"https:\/\/bas-ip.com\/case-studies\/"},"modified":"2025-03-06T09:42:16","modified_gmt":"2025-03-06T09:42:16","slug":"case-studies","status":"publish","type":"page","link":"https:\/\/bas-ip.com\/de\/case-studies\/","title":{"rendered":"L\u00f6sungen"},"content":{"rendered":"<h1 class=\"wp-block-heading\"><strong>Intercom-L\u00f6sungen<\/strong><\/h1>\n\n\n\n<p>BAS-IP ist f\u00fchrend in der Bereitstellung modernster Intercom-L\u00f6sungen f\u00fcr verschiedene Branchen und bietet au\u00dfergew\u00f6hnliche Sicherheits- und Kommunikationserlebnisse. In diesem Artikel untersuchen wir sechs \u00fcberzeugende Intercom-Fallstudien, die die Vielseitigkeit und Effektivit\u00e4t der Produkte von BAS-IP in verschiedenen Umgebungen demonstrieren. Von Mehrfamilienh\u00e4usern bis hin zu Krankenhauseinrichtungen heben diese Fallstudien die transformative Kraft der Intercom-Systeme von BAS-IP hervor.<\/p>\n\n\n<!-- START Block Info 3 Columns with links --><section id=\"block_6437b6d9794a8\" class=\"info-columns-section\">\r\n   <div class=\"column-list\">\r\n                        <div class=\"column-item\" data-aos=\"fade-up\" data-aos-delay=\"100\">\r\n                  <div class=\"image-block\">\r\n            <a href=\"\/building-intercom-system\/\">\r\n               <img loading=\"lazy\" decoding=\"async\" width=\"320\" height=\"232\" src=\"https:\/\/bas-ip.com\/wp-content\/uploads\/2023\/04\/1-5.jpg\" class=\"attachment-thumbnail_345x250 size-thumbnail_345x250\" alt=\"\" srcset=\"https:\/\/bas-ip.com\/wp-content\/uploads\/2023\/04\/1-5.jpg 320w,  https:\/\/bas-ip.com\/wp-content\/uploads\/2023\/04\/1-5-300x218.jpg 300w\" sizes=\"auto, (max-width: 320px) 100vw, 320px\" \/><\/a>\r\n         <\/div>\r\n         \r\n                  <a href=\"\/building-intercom-system\/\">\r\n            <h3 class=\"title-section\">Mehrfamilienhaus: Ein nahtloses Wohnerlebnis<\/h3>\r\n         <\/a>\r\n                           <div class=\"text-block\">\r\n            <p>Die Intercom-L\u00f6sungen von BAS-IP haben die Art und Weise, wie Bewohner mit ihrem Wohnumfeld interagieren, revolutioniert. In einem Mehrfamilienhaus hat die Implementierung des BAS-IP-Intercom-Systems nicht nur die Sicherheit erh\u00f6ht, sondern auch die nahtlose Kommunikation zwischen Mietern, Besuchern und der Hausverwaltung erleichtert. Die benutzerfreundliche Oberfl\u00e4che des Systems und die Integration mit Smart-Home-Technologie boten den Bewohnern ein neues Ma\u00df an Komfort und Zug\u00e4nglichkeit und verbesserten so ihr Wohnerlebnis.<\/p>\n         <\/div>\r\n               <\/div>\r\n                              <div class=\"column-item\" data-aos=\"fade-up\" data-aos-delay=\"200\">\r\n                  <div class=\"image-block\">\r\n            <a href=\"\/business-intercom-systems-for-office\/\">\r\n               <img loading=\"lazy\" decoding=\"async\" width=\"320\" height=\"232\" src=\"https:\/\/bas-ip.com\/wp-content\/uploads\/2023\/04\/2-5.jpg\" class=\"attachment-thumbnail_345x250 size-thumbnail_345x250\" alt=\"\" srcset=\"https:\/\/bas-ip.com\/wp-content\/uploads\/2023\/04\/2-5.jpg 320w,  https:\/\/bas-ip.com\/wp-content\/uploads\/2023\/04\/2-5-300x218.jpg 300w\" sizes=\"auto, (max-width: 320px) 100vw, 320px\" \/><\/a>\r\n         <\/div>\r\n         \r\n                  <a href=\"\/business-intercom-systems-for-office\/\">\r\n            <h3 class=\"title-section\">Gewerbe: Optimierung von Betriebsabl\u00e4ufen und Sicherheit<\/h3>\r\n         <\/a>\r\n                           <div class=\"text-block\">\r\n            <p>In einem gewerblichen oder industriellen Umfeld sind effiziente Kommunikation und Sicherheit entscheidend f\u00fcr reibungslose Abl\u00e4ufe. Die Intercom-L\u00f6sungen von BAS-IP spielten eine entscheidende Rolle bei der Verbesserung der Arbeitsabl\u00e4ufe und Sicherheitsma\u00dfnahmen in einer gro\u00dfen Produktionsst\u00e4tte. Durch die Integration des Intercom-Systems mit Zutrittskontrolle, Video\u00fcberwachung und Notfallreaktionsfunktionen erlebte die Anlage eine deutliche Verbesserung der Kommunikation und der allgemeinen Sicherheit..<\/p>\n         <\/div>\r\n               <\/div>\r\n                              <div class=\"column-item\" data-aos=\"fade-up\" data-aos-delay=\"300\">\r\n                  <div class=\"image-block\">\r\n            <a href=\"\/intercom-systems-for-home-and-house\/\">\r\n               <img loading=\"lazy\" decoding=\"async\" width=\"320\" height=\"232\" src=\"https:\/\/bas-ip.com\/wp-content\/uploads\/2023\/04\/3-5.jpg\" class=\"attachment-thumbnail_345x250 size-thumbnail_345x250\" alt=\"\" srcset=\"https:\/\/bas-ip.com\/wp-content\/uploads\/2023\/04\/3-5.jpg 320w,  https:\/\/bas-ip.com\/wp-content\/uploads\/2023\/04\/3-5-300x218.jpg 300w\" sizes=\"auto, (max-width: 320px) 100vw, 320px\" \/><\/a>\r\n         <\/div>\r\n         \r\n                  <a href=\"\/intercom-systems-for-home-and-house\/\">\r\n            <h3 class=\"title-section\">Zuhause: Verbesserung von Sicherheit und Konnektivit\u00e4t<\/h3>\r\n         <\/a>\r\n                           <div class=\"text-block\">\r\n            <p>Da Hausbesitzer zunehmend Wert auf Sicherheit und Smart-Home-Technologie legen, haben sich die Intercom-L\u00f6sungen von BAS-IP als beliebte Wahl herausgestellt. In einem Vorstadthaus hat die Installation eines BAS-IP-Intercom-Systems nicht nur die Sicherheit erh\u00f6ht, sondern auch die Konnektivit\u00e4t mit Familienmitgliedern und G\u00e4sten verbessert. Die intuitive Benutzeroberfl\u00e4che und die Kompatibilit\u00e4t mit Smartphones erm\u00f6glichten es den Hausbesitzern, ihr Eigentum zu \u00fcberwachen und m\u00fchelos zu kommunizieren, wodurch ein sicheres und vernetztes Wohnumfeld geschaffen wurde.<\/p>\n         <\/div>\r\n               <\/div>\r\n                              <div class=\"column-item\" data-aos=\"fade-up\" data-aos-delay=\"400\">\r\n                  <div class=\"image-block\">\r\n            <a href=\"\/medical-hospital-intercom-system\/\">\r\n               <img loading=\"lazy\" decoding=\"async\" width=\"320\" height=\"232\" src=\"https:\/\/bas-ip.com\/wp-content\/uploads\/2023\/04\/4-5.jpg\" class=\"attachment-thumbnail_345x250 size-thumbnail_345x250\" alt=\"\" srcset=\"https:\/\/bas-ip.com\/wp-content\/uploads\/2023\/04\/4-5.jpg 320w,  https:\/\/bas-ip.com\/wp-content\/uploads\/2023\/04\/4-5-300x218.jpg 300w\" sizes=\"auto, (max-width: 320px) 100vw, 320px\" \/><\/a>\r\n         <\/div>\r\n         \r\n                  <a href=\"\/medical-hospital-intercom-system\/\">\r\n            <h3 class=\"title-section\">Krankenhaus: St\u00e4rkung der Patientenversorgung und -sicherheit<\/h3>\r\n         <\/a>\r\n                           <div class=\"text-block\">\r\n            <p>Krankenh\u00e4user und medizinische Einrichtungen ben\u00f6tigen fortschrittliche Kommunikationssysteme, um eine effiziente Patientenversorgung und Sicherheit zu gew\u00e4hrleisten. In einem hochmodernen Krankenhaus wurden die Intercom-L\u00f6sungen von BAS-IP eingesetzt, um die Kommunikation zwischen medizinischem Personal, Patienten und Besuchern zu optimieren. Das System erm\u00f6glichte eine schnelle Reaktion auf Notf\u00e4lle, verbesserte die Privatsph\u00e4re der Patienten und erh\u00f6hte die allgemeine Sicherheit des Krankenhauses. Die Integration des BAS-IP-Intercom-Systems erwies sich als bahnbrechend f\u00fcr die Bereitstellung einer au\u00dfergew\u00f6hnlichen Patientenversorgung.<\/p>\n         <\/div>\r\n               <\/div>\r\n                              <div class=\"column-item\" data-aos=\"fade-up\" data-aos-delay=\"500\">\r\n                  <div class=\"image-block\">\r\n            <a href=\"\/intercom-systems-for-schools\/\">\r\n               <img loading=\"lazy\" decoding=\"async\" width=\"320\" height=\"232\" src=\"https:\/\/bas-ip.com\/wp-content\/uploads\/2023\/04\/5-5.jpg\" class=\"attachment-thumbnail_345x250 size-thumbnail_345x250\" alt=\"\" srcset=\"https:\/\/bas-ip.com\/wp-content\/uploads\/2023\/04\/5-5.jpg 320w,  https:\/\/bas-ip.com\/wp-content\/uploads\/2023\/04\/5-5-300x218.jpg 300w\" sizes=\"auto, (max-width: 320px) 100vw, 320px\" \/><\/a>\r\n         <\/div>\r\n         \r\n                  <a href=\"\/intercom-systems-for-schools\/\">\r\n            <h3 class=\"title-section\">Schule: F\u00f6rderung einer sicheren Lernumgebung<\/h3>\r\n         <\/a>\r\n                           <div class=\"text-block\">\r\n            <p>Bildungseinrichtungen ben\u00f6tigen robuste Sicherheits- und Kommunikationssysteme, um Sch\u00fcler und Personal zu sch\u00fctzen. In einer fortschrittlichen Schule waren die Intercom-L\u00f6sungen von BAS-IP ma\u00dfgeblich an der Schaffung einer sicheren Lernumgebung beteiligt. Das System erm\u00f6glichte eine nahtlose Kommunikation zwischen Klassenzimmern, Verwaltungsb\u00fcros und externen Besuchern und gew\u00e4hrleistete so die Sicherheit von Sch\u00fclern und Personal. Dar\u00fcber hinaus verbesserte die Integration des Intercom-Systems mit Zutrittskontroll- und Video\u00fcberwachungsfunktionen die allgemeine Sicherheit der Schule erheblich.<\/p>\n         <\/div>\r\n               <\/div>\r\n                              <div class=\"column-item\" data-aos=\"fade-up\" data-aos-delay=\"600\">\r\n                  <div class=\"image-block\">\r\n            <a href=\"\/gate-intercom-system\/\">\r\n               <img loading=\"lazy\" decoding=\"async\" width=\"320\" height=\"232\" src=\"https:\/\/bas-ip.com\/wp-content\/uploads\/2023\/04\/6-4.jpg\" class=\"attachment-thumbnail_345x250 size-thumbnail_345x250\" alt=\"\" srcset=\"https:\/\/bas-ip.com\/wp-content\/uploads\/2023\/04\/6-4.jpg 320w,  https:\/\/bas-ip.com\/wp-content\/uploads\/2023\/04\/6-4-300x218.jpg 300w\" sizes=\"auto, (max-width: 320px) 100vw, 320px\" \/><\/a>\r\n         <\/div>\r\n         \r\n                  <a href=\"\/gate-intercom-system\/\">\r\n            <h3 class=\"title-section\">Tore: Verst\u00e4rkung der Perimetersicherheit<\/h3>\r\n         <\/a>\r\n                           <div class=\"text-block\">\r\n            <p>Torsicherheit ist entscheidend, um Eigentum zu sch\u00fctzen und die Privatsph\u00e4re zu wahren. In einer gehobenen Wohnanlage wurden die Intercom-L\u00f6sungen von BAS-IP implementiert, um die Perimetersicherheit zu verst\u00e4rken. Das System erm\u00f6glichte es den Bewohnern, Besuchern aus der Ferne den Zutritt zu gew\u00e4hren oder zu verweigern, und die Integration mit der Video\u00fcberwachung erm\u00f6glichte eine nahtlose \u00dcberwachung der Ein- und Ausg\u00e4nge der Anlage. Diese fortschrittliche Intercom-L\u00f6sung trug zu einem gesteigerten Sicherheitsgef\u00fchl und zur Beruhigung der Bewohner bei.<\/p>\n         <\/div>\r\n               <\/div>\r\n                     <\/div>\r\n<\/section>\r\n<!-- END Block Info 3 Columns with links -->\n\n\n<p>Diese Intercom-Fallstudien zeigen die bemerkenswerte Vielseitigkeit und Effektivit\u00e4t der Intercom-L\u00f6sungen von BAS-IP in verschiedenen Sektoren. Von Wohnanlagen bis hin zu Krankenh\u00e4usern hat die Implementierung von BAS-IP-Intercom-Systemen die Kommunikation, Sicherheit und das gesamte Benutzererlebnis ver\u00e4ndert. W\u00e4hrend die Technologie weiter voranschreitet, bleibt BAS-IP bestrebt, innovative und \u00fcberlegene Intercom-L\u00f6sungen anzubieten, die den sich entwickelnden Bed\u00fcrfnissen verschiedener Branchen gerecht werden.<\/p>\n\n\n<!-- START Block FAQ --><section id=\"block_64231e53deae2\" class=\"faq-section\">\r\n\t\t    <h2 class=\"title-section\" data-aos=\"fade-right\">H\u00e4ufig gestellte Fragen<\/h2>\r\n\t\t\t    <div class=\"faq-list js-accordion\" data-aos=\"fade-up\">\r\n\t\t\t\t\t\t\t\t\t\t\t    <div class=\"accordion-item faq-item\">\r\n                        <div class=\"accordion-opener\">\r\n                            Q: Wie stellt BAS-IP die Sicherheit und Zuverl\u00e4ssigkeit seiner Intercom-L\u00f6sungen sicher                            <i class=\"fa-solid fa-chevron-down\"><\/i>\r\n                        <\/div>\r\n                        <div class=\"accordion-slide\">\r\n\t\t\t\t\t\t    <p>BAS-IP verwendet fortschrittliche Verschl\u00fcsselungsprotokolle und robuste Hardware, um die Sicherheit und Zuverl\u00e4ssigkeit seiner Intercom-Systeme zu gew\u00e4hrleisten. Dieses Engagement f\u00fcr die Bereitstellung modernster Technologie hat BAS-IP zu einer vertrauensw\u00fcrdigen Wahl f\u00fcr verschiedene Branchen weltweit gemacht<\/p>\n                        <\/div>\r\n\t\t\t\t\t<\/div>\r\n\t\t\t\t\t\t\t\t\t\t\t\t\t\t\t    <div class=\"accordion-item faq-item\">\r\n                        <div class=\"accordion-opener\">\r\n                            Q: Wie tragen die Intercom-L\u00f6sungen von BAS-IP zur Energieeffizienz bei?                            <i class=\"fa-solid fa-chevron-down\"><\/i>\r\n                        <\/div>\r\n                        <div class=\"accordion-slide\">\r\n\t\t\t\t\t\t    <p>Die Intercom-Systeme von BAS-IP sind mit Blick auf Energieeffizienz entwickelt. Durch die Integration von Funktionen wie bewegungsaktivierter Beleuchtung, intelligenter Klimasteuerung und energiesparenden Standby-Modi tragen die Intercom-L\u00f6sungen von BAS-IP zu einer umweltfreundlicheren und nachhaltigeren Umgebung bei.<\/p>\n                        <\/div>\r\n\t\t\t\t\t<\/div>\r\n\t\t\t\t\t\t\t\t\t\t\t\t\t\t\t    <div class=\"accordion-item faq-item\">\r\n                        <div class=\"accordion-opener\">\r\n                            Q: \u041e\u0441\u044c \u043f\u0435\u0440\u0435\u043a\u043b\u0430\u0434 \u043d\u0430 \u043d\u0456\u043c\u0435\u0446\u044c\u043a\u0443 \u043c\u043e\u0432\u0443:  Welche Art von Support bietet BAS-IP f\u00fcr seine Intercom-L\u00f6sungen an?                            <i class=\"fa-solid fa-chevron-down\"><\/i>\r\n                        <\/div>\r\n                        <div class=\"accordion-slide\">\r\n\t\t\t\t\t\t    <p>BAS-IP ist bestrebt, au\u00dfergew\u00f6hnlichen Kundensupport zu bieten und umfassende technische Unterst\u00fctzung und Ressourcen bereitzustellen, um eine reibungslose Implementierung und einen reibungslosen Betrieb seiner Intercom-Systeme zu gew\u00e4hrleisten. Dieses Engagement f\u00fcr Kundenzufriedenheit hat BAS-IP einen hervorragenden Ruf in der Branche eingebracht.<\/p>\n                        <\/div>\r\n\t\t\t\t\t<\/div>\r\n\t\t\t\t\t\t\t\t\t<\/div>\r\n\t<\/section>\r\n<!-- END Block FAQ -->","protected":false},"excerpt":{"rendered":"<p>Intercom-L\u00f6sungen BAS-IP ist f\u00fchrend in der Bereitstellung modernster Intercom-L\u00f6sungen f\u00fcr verschiedene Branchen und bietet au\u00dfergew\u00f6hnliche Sicherheits- und Kommunikationserlebnisse. In diesem Artikel untersuchen wir sechs \u00fcberzeugende Intercom-Fallstudien, die die Vielseitigkeit und Effektivit\u00e4t der Produkte von BAS-IP in verschiedenen Umgebungen demonstrieren. Von Mehrfamilienh\u00e4usern bis hin zu Krankenhauseinrichtungen heben diese Fallstudien die transformative Kraft der Intercom-Systeme von BAS-IP [&hellip;]<\/p>","protected":false},"author":1,"featured_media":0,"parent":0,"menu_order":0,"comment_status":"closed","ping_status":"closed","template":"","meta":{"inline_featured_image":false,"footnotes":""},"class_list":["post-133069","page","type-page","status-publish","hentry"],"acf":[],"_links":{"self":[{"href":"https:\/\/bas-ip.com\/de\/wp-json\/wp\/v2\/pages\/133069","targetHints":{"allow":["GET"]}}],"collection":[{"href":"https:\/\/bas-ip.com\/de\/wp-json\/wp\/v2\/pages"}],"about":[{"href":"https:\/\/bas-ip.com\/de\/wp-json\/wp\/v2\/types\/page"}],"author":[{"embeddable":true,"href":"https:\/\/bas-ip.com\/de\/wp-json\/wp\/v2\/users\/1"}],"replies":[{"embeddable":true,"href":"https:\/\/bas-ip.com\/de\/wp-json\/wp\/v2\/comments?post=133069"}],"version-history":[{"count":3,"href":"https:\/\/bas-ip.com\/de\/wp-json\/wp\/v2\/pages\/133069\/revisions"}],"predecessor-version":[{"id":133138,"href":"https:\/\/bas-ip.com\/de\/wp-json\/wp\/v2\/pages\/133069\/revisions\/133138"}],"wp:attachment":[{"href":"https:\/\/bas-ip.com\/de\/wp-json\/wp\/v2\/media?parent=133069"}],"curies":[{"name":"wp","href":"https:\/\/api.w.org\/{rel}","templated":true}]}}