{"id":131215,"date":"2025-02-19T15:47:09","date_gmt":"2025-02-19T15:47:09","guid":{"rendered":"https:\/\/bas-ip.com\/intercom-migration-to-link\/"},"modified":"2025-02-24T11:44:48","modified_gmt":"2025-02-24T11:44:48","slug":"intercom-migration-to-link","status":"publish","type":"page","link":"https:\/\/bas-ip.com\/de\/intercom-migration-to-link\/","title":{"rendered":"Intercom-Migration zu Link"},"content":{"rendered":"<h2 data-sourcepos=\"1:1-1:55\">Intercom wechselt zu Link: Was bedeutet das f\u00fcr Sie?<\/h2>\n<p data-sourcepos=\"3:1-3:315\">Ab dem 4. M\u00e4rz 2025 wird die Intercom-App f\u00fcr Android nicht mehr im Google Play Store verf\u00fcgbar sein. Die Webversion und die iOS-App werden jedoch weiterhin ohne \u00c4nderungen funktionieren, und die Intercom-Server bleiben aktiv, um Stabilit\u00e4t und Zugriff auf Ihre Daten zu gew\u00e4hrleisten, bis der Server-Support endet.<\/p>\n<p data-sourcepos=\"5:1-5:261\">Wir laden Sie ein, zu Link zu wechseln \u2013 einer leistungsstarken L\u00f6sung, die f\u00fcr Ihre Bed\u00fcrfnisse entwickelt wurde. Die Plattform bietet erweiterte Verwaltungsfunktionen, ein hohes Ma\u00df an Stabilit\u00e4t und Sicherheit, die den neuesten Industriestandards entspricht.<\/p>\n<p data-sourcepos=\"7:1-7:204\">Wir verstehen, dass diese \u00c4nderung Fragen aufwerfen kann, daher haben wir detaillierte Anweisungen und umfassenden Support vorbereitet, um den \u00dcbergang so reibungslos und einfach wie m\u00f6glich zu gestalten.<\/p>\n<h2 data-sourcepos=\"9:1-9:39\">Warum nehmen wir diese \u00c4nderung vor?<\/h2>\n<p data-sourcepos=\"11:1-11:444\">Unsere Entscheidung, zu Link zu wechseln, basiert auf dem Wunsch, Ihnen eine bessere Servicequalit\u00e4t und moderne Tools f\u00fcr die Ger\u00e4teverwaltung zu bieten. Die Intercom-App f\u00fcr Android ist veraltet und entspricht nicht mehr den aktuellen Anforderungen. Anstatt die alte Plattform zu aktualisieren, haben wir uns entschieden, eine leistungsst\u00e4rkere und benutzerfreundlichere L\u00f6sung zu entwickeln, die einen neuen Standard f\u00fcr Ihren Komfort setzt.<\/p>\n<h2 data-sourcepos=\"13:1-13:16\">Was ist Link?<\/h2>\n<p data-sourcepos=\"15:1-15:227\">Link ist eine Plattform f\u00fcr diejenigen, die Wert auf Komfort und Zuverl\u00e4ssigkeit legen. Sie ersetzt Intercom und bietet mehr Funktionen, ein verbessertes Design und langfristigen Support. Folgendes k\u00f6nnen Sie von Link erwarten:<\/p>\n<ul data-sourcepos=\"17:1-21:0\">\n<li data-sourcepos=\"17:1-17:112\"><strong>\u00dcberarbeitete Benutzeroberfl\u00e4che:<\/strong> Ein einfaches und intuitives Design f\u00fcr eine nahtlose Benutzererfahrung.<\/li>\n<li data-sourcepos=\"18:1-18:142\"><strong>Unterst\u00fctzung f\u00fcr moderne Ger\u00e4te:<\/strong> Link ist mit den neuesten Betriebssystemen kompatibel und l\u00e4sst sich in neue Technologien integrieren.<\/li>\n<li data-sourcepos=\"19:1-19:135\"><strong>Erweiterte Funktionen:<\/strong> Zugriffsverwaltung, Sicherheit und flexible Ger\u00e4tekonfiguration \u2013 alles auf der neuen Plattform verf\u00fcgbar.<\/li>\n<li data-sourcepos=\"20:1-21:0\"><strong>Stabilit\u00e4t und Zuverl\u00e4ssigkeit:<\/strong> Entwickelt f\u00fcr hohe Belastungen und sorgt f\u00fcr unterbrechungsfreie Leistung.<\/li>\n<\/ul>\n<h2 data-sourcepos=\"22:1-22:37\">Wie wird der \u00dcbergang stattfinden?<\/h2>\n<p data-sourcepos=\"24:1-24:413\">Wir haben den \u00dcbergangsprozess so nahtlos wie m\u00f6glich gestaltet. Aktive Intercom-Konten werden automatisch auf die Link-Plattform migriert, und Benutzer erhalten Lizenzen f\u00fcr die Basic-Version in H\u00f6he der Anzahl der SIP-Nummern in ihrem Konto. Der Prozess ist so konzipiert, dass potenzielle Schwierigkeiten minimiert werden und gleichzeitig der Zugriff auf alle verf\u00fcgbaren Plattformfunktionen gew\u00e4hrleistet ist.<\/p>\n<p data-sourcepos=\"26:1-26:56\">F\u00fcr Immobilieneigent\u00fcmer ist der \u00dcbergang unkompliziert:<\/p>\n<ol data-sourcepos=\"28:1-30:0\">\n<li data-sourcepos=\"28:1-28:82\">Richten Sie Ihr Konto ein und verbinden Sie die Intercom-Ger\u00e4te mit dem Server.<\/li>\n<li data-sourcepos=\"29:1-30:0\">F\u00fcllen Sie eine Tabelle mit Informationen zu den Bewohnern aus und laden Sie sie in das System hoch.<\/li>\n<\/ol>\n<p data-sourcepos=\"31:1-31:148\">Das System erledigt den Rest: Es erstellt Benutzerkonten, versendet Einladungen, konfiguriert Intercom-Ger\u00e4te und gew\u00e4hrt Zugriff auf die Plattform.<\/p>\n<p data-sourcepos=\"33:1-33:112\">Die Bewohner m\u00fcssen sich nur noch \u00fcber die Einladung registrieren \u2013 und schon k\u00f6nnen sie das neue System nutzen.<\/p>\n<h2 data-sourcepos=\"35:1-35:30\">Was die Plattform tun wird:<\/h2>\n<ul data-sourcepos=\"37:1-40:0\">\n<li data-sourcepos=\"37:1-37:94\">Benutzerkonten automatisch mit ihren Ger\u00e4ten verkn\u00fcpfen und Zugriff auf den Dienst gew\u00e4hren.<\/li>\n<li data-sourcepos=\"38:1-38:115\">Die Intercom-Integration konfigurieren, einschlie\u00dflich der Synchronisierung des Telefonbuchs, falls erforderlich.<\/li>\n<li data-sourcepos=\"39:1-40:0\">Daten verarbeiten und Lizenzen f\u00fcr die Basic-Version von Link ausstellen.<\/li>\n<\/ul>\n<p data-sourcepos=\"41:1-41:179\">F\u00fcr komplexere F\u00e4lle, wie z. B. die Arbeit mit \u00e4lteren Ger\u00e4ten oder die manuelle \u00dcbertragung von Daten, haben wir Tools entwickelt, die Partnern helfen, den Prozess zu optimieren.<\/p>\n<h2 data-sourcepos=\"43:1-43:33\">Was sind die Vorteile f\u00fcr Sie?<\/h2>\n<p data-sourcepos=\"45:1-45:114\">Um den \u00dcbergang so vorteilhaft wie m\u00f6glich zu gestalten, bietet die Link-Plattform eine Vielzahl neuer Funktionen:<\/p>\n<p data-sourcepos=\"47:1-47:23\"><strong>Zugriffsverwaltung:<\/strong><\/p>\n<ul data-sourcepos=\"49:1-50:0\">\n<li data-sourcepos=\"49:1-50:0\">Vollst\u00e4ndige Kontrolle \u00fcber den Geb\u00e4udezugang \u00fcber die mobile App, einschlie\u00dflich der Remote-T\u00fcr\u00f6ffnung und der Verwaltung des Gastzugangs.<\/li>\n<\/ul>\n<p data-sourcepos=\"51:1-51:42\"><strong>Verbesserte Interaktionsm\u00f6glichkeiten:<\/strong><\/p>\n<ul data-sourcepos=\"53:1-54:0\">\n<li data-sourcepos=\"53:1-54:0\">Integration mit modernen Ger\u00e4ten wie Apple Watch und Siri, Verwaltung von Familienereignissen und Raumbuchung \u00fcber die Plattform.<\/li>\n<\/ul>\n<p data-sourcepos=\"55:1-55:36\"><strong>Protokollierung und \u00dcberwachung:<\/strong><\/p>\n<ul data-sourcepos=\"57:1-58:0\">\n<li data-sourcepos=\"57:1-58:0\">Anrufverlauf und Zugriffsprotokolle anzeigen sowie Zeitpl\u00e4ne und Einschr\u00e4nkungen verwalten.<\/li>\n<\/ul>\n<p data-sourcepos=\"59:1-59:30\"><strong>Modularit\u00e4t und Anpassung:<\/strong><\/p>\n<ul data-sourcepos=\"61:1-62:0\">\n<li data-sourcepos=\"61:1-62:0\">Bereiche f\u00fcr Wohn- und Gewerbeimmobilien erstellen, flexible Regeln f\u00fcr die Anrufweiterleitung konfigurieren und Telefonverzeichnisse verwalten.<\/li>\n<\/ul>\n<p data-sourcepos=\"63:1-63:35\"><strong>Erweiterte Telefoniefunktionen:<\/strong><\/p>\n<ul data-sourcepos=\"65:1-66:0\">\n<li data-sourcepos=\"65:1-66:0\">Unterst\u00fctzung f\u00fcr SIP-Trunks, virtuelle Nummern und Softphone-Funktionalit\u00e4t f\u00fcr nahtlose Kommunikation.<\/li>\n<\/ul>\n<p data-sourcepos=\"67:1-67:21\"><strong>Sicherheitstools:<\/strong><\/p>\n<ul data-sourcepos=\"69:1-70:0\">\n<li data-sourcepos=\"69:1-70:0\">Integration mit Notrufger\u00e4ten, Verwaltung des Aufzugs Zugangs und Kontrolle \u00fcber Sperrbereiche.<\/li>\n<\/ul>\n<h2 data-sourcepos=\"71:1-71:47\">Wie werden wir die Benutzer benachrichtigen?<\/h2>\n<p data-sourcepos=\"73:1-73:105\">Wir haben eine Reihe von Benachrichtigungen vorbereitet, um Sie durch jede Phase des \u00dcbergangs zu f\u00fchren:<\/p>\n<ul data-sourcepos=\"75:1-79:0\">\n<li data-sourcepos=\"75:1-75:194\"><strong>Informations-E-Mails:<\/strong> Sie erhalten E-Mails mit detaillierten Informationen zu den \u00c4nderungen, dem Zeitplan f\u00fcr den \u00dcbergang, den Vorteilen von Link und schrittweisen Migrationsanweisungen.<\/li>\n<li data-sourcepos=\"76:1-76:143\"><strong>Registrierungseinladungen:<\/strong> Nach der Datenmigration erhalten Sie eine Einladung, Ihre Registrierung auf der neuen Plattform abzuschlie\u00dfen.<\/li>\n<li data-sourcepos=\"77:1-77:161\"><strong>Erinnerungen:<\/strong> Bei Bedarf senden wir Ihnen Erinnerungen, um sicherzustellen, dass Sie die Einrichtung abschlie\u00dfen und Link ohne Verz\u00f6gerungen nutzen k\u00f6nnen.<\/li>\n<li data-sourcepos=\"78:1-79:0\"><strong>Benutzersupport:<\/strong> Unser Team steht Ihnen per E-Mail und \u00fcber andere Supportkan\u00e4le zur Verf\u00fcgung, um Ihre Fragen zu beantworten.<\/li>\n<\/ul>\n<h2 data-sourcepos=\"80:1-80:69\">Migration von Intercom zu Link: Eine Schritt-f\u00fcr-Schritt-Anleitung<\/h2>\n<p data-sourcepos=\"82:1-82:336\">Um einen reibungslosen \u00dcbergang zu gew\u00e4hrleisten, erhalten Sie zwischen dem 20. und 25. Februar eine Einladung, dem neuen Link-Server beizutreten. Diese Einladung wird an die E-Mail-Adresse gesendet, die Sie f\u00fcr die Registrierung bei Intercom verwendet haben. Bitte \u00fcberpr\u00fcfen Sie Ihren Posteingang (und Spam-Ordner) in diesem Zeitraum.<\/p>\n<h2 data-sourcepos=\"84:1-84:26\">Erste Schritte mit Link<\/h2>\n<ol data-sourcepos=\"86:1-90:0\">\n<li data-sourcepos=\"86:1-86:124\"><strong>Akzeptieren Sie die Einladung:<\/strong> Klicken Sie auf den Link in der Einladungs-E-Mail, um auf den Link-Server zuzugreifen.<\/li>\n<li data-sourcepos=\"87:1-87:111\"><strong>Erstellen Sie ein Passwort:<\/strong> Sie werden aufgefordert, ein neues Passwort f\u00fcr Ihr Link-Konto zu erstellen.<\/li>\n<li data-sourcepos=\"88:1-88:173\"><strong>Melden Sie sich an:<\/strong> Sobald Sie Ihr Passwort erstellt haben, k\u00f6nnen Sie sich mit Ihrer registrierten E-Mail-Adresse und Ihrem neuen Passwort beim Link-Server anmelden.<\/li>\n<li data-sourcepos=\"89:1-90:0\"><strong>Befolgen Sie die Einrichtungsanweisungen:<\/strong> Nach der Anmeldung werden Sie durch den Einrichtungsprozess gef\u00fchrt. Die Anweisungen variieren je nach Benutzertyp und Ausr\u00fcstung.<\/li>\n<\/ol>\n<h2 data-sourcepos=\"91:1-91:34\">Benutzerspezifische Anweisungen<\/h2>\n<p data-sourcepos=\"93:1-93:145\">Um den Migrationsprozess so einfach wie m\u00f6glich zu gestalten, haben wir detaillierte Anweisungen f\u00fcr verschiedene Benutzergruppen bereitgestellt:<\/p>\n<p data-sourcepos=\"95:1-95:12\"><strong>Partner<\/strong><strong style=\"font-size: revert; color: initial;\">:<\/strong><\/p>\n<div id=\"model-response-message-contentr_7cc64dd4d44cdcb4\" class=\"markdown markdown-main-panel\" dir=\"ltr\">\n<ul>\n<li><a href=\"https:\/\/basip.atlassian.net\/wiki\/spaces\/migrationtothelink\/pages\/354812908\" target=\"_blank\" rel=\"noopener\">Besitzer neuer Ger\u00e4te oder diejenigen, die f\u00fcr deren Einrichtung zust\u00e4ndig sind<\/a><\/li>\n<li><a href=\"https:\/\/basip.atlassian.net\/wiki\/spaces\/migrationtothelink\/pages\/354713882\" target=\"_blank\" rel=\"noopener\">Besitzer alter Ger\u00e4te (oder diejenigen, die f\u00fcr deren Einrichtung zust\u00e4ndig sind), die <em>nicht<\/em> mit dem neuen Link-Server verbunden werden k\u00f6nnen<\/a><\/li>\n<li><a style=\"font-size: revert;\" href=\"https:\/\/basip.atlassian.net\/wiki\/spaces\/migrationtothelink\/pages\/354877460\" target=\"_blank\" rel=\"noopener\">Besitzer alter Ger\u00e4te (oder diejenigen, die f\u00fcr deren Einrichtung zust\u00e4ndig sind), die eine Verbindung zum neuen Link-Server <em>unterst\u00fctzen<\/em><\/a><\/li>\n<\/ul>\n<p><strong>Bewohner von Wohnanlagen oder Privatkunden:<\/strong><\/p>\n<ul>\n<li><a href=\"https:\/\/basip.atlassian.net\/wiki\/spaces\/migrationtothelink\/pages\/354713902\" target=\"_blank\" rel=\"noopener\">Intercom-Benutzer, die kein Intercom-Ger\u00e4t, aber eine mobile App haben<\/a><\/li>\n<li><a href=\"https:\/\/basip.atlassian.net\/wiki\/spaces\/migrationtothelink\/pages\/354713892\" target=\"_blank\" rel=\"noopener\">Intercom-Benutzer, die sowohl ein Intercom-Ger\u00e4t als auch eine mobile App haben<\/a><\/li>\n<\/ul>\n<p data-sourcepos=\"1:1-1:239\">Wir empfehlen Ihnen, die Anweisungen zu lesen, die f\u00fcr Ihren Benutzertyp und Ihre Ger\u00e4te relevant sind. Wenn Sie Fragen haben oder w\u00e4hrend des Migrationsprozesses Hilfe ben\u00f6tigen, z\u00f6gern Sie bitte nicht, unser Support-Team zu kontaktieren.<\/p>\n<p data-sourcepos=\"3:1-3:155\">Wir sind zuversichtlich, dass Sie die verbesserte Kommunikationserfahrung, die Link bietet, genie\u00dfen werden. Vielen Dank f\u00fcr Ihre anhaltende Unterst\u00fctzung!<\/p>\n<p data-sourcepos=\"5:1-5:20\">Willkommen bei Link!<\/p>\n<\/div>\n\n<!-- START Block Sign Up --><section id=\"block_629678229e935\" class=\"sign-up-section\">\r\n\r\n    <div class=\"form-holder js-form\" data-aos=\"fade-right\">\r\n                    <div class=\"title-block h3\">Sign up for connection<\/div>\r\n        \r\n                    <div class=\"text-block\">\r\n                Filling out all the information needed to answer you as quickly as possible            <\/div>\r\n        \r\n                    \n<div class=\"wpcf7 no-js\" id=\"wpcf7-f102-o1\" lang=\"en-US\" dir=\"ltr\">\n<div class=\"screen-reader-response\"><p role=\"status\" aria-live=\"polite\" aria-atomic=\"true\"><\/p> <ul><\/ul><\/div>\n<form action=\"\/de\/wp-json\/wp\/v2\/pages\/131215#wpcf7-f102-o1\" method=\"post\" class=\"wpcf7-form init\" aria-label=\"Contact form\" enctype=\"multipart\/form-data\" novalidate=\"novalidate\" data-status=\"init\">\n<div style=\"display: none;\">\n<input type=\"hidden\" name=\"_wpcf7\" value=\"102\" \/>\n<input type=\"hidden\" name=\"_wpcf7_version\" value=\"5.8.3\" \/>\n<input type=\"hidden\" name=\"_wpcf7_locale\" value=\"en_US\" \/>\n<input type=\"hidden\" name=\"_wpcf7_unit_tag\" value=\"wpcf7-f102-o1\" \/>\n<input type=\"hidden\" name=\"_wpcf7_container_post\" value=\"0\" \/>\n<input type=\"hidden\" name=\"_wpcf7_posted_data_hash\" value=\"\" \/>\n<input type=\"hidden\" name=\"_wpcf7_recaptcha_response\" value=\"\" \/>\n<\/div>\n<div class=\"row\"> \n <label><span class=\"label-text\">Name<\/span> \n  <span class=\"wpcf7-form-control-wrap\" data-name=\"text-full-name\"><input size=\"40\" class=\"wpcf7-form-control wpcf7-text wpcf7-validates-as-required\" aria-required=\"true\" aria-invalid=\"false\" placeholder=\"Name\" value=\"\" type=\"text\" name=\"text-full-name\" \/><\/span><\/label> \n<\/div> \n<div class=\"row\"> \n <label><span class=\"label-text\">Phone*<\/span> \n<span class=\"wpcf7-form-control-wrap\" data-name=\"phonetext-270\"><input size=\"40\" class=\"wpcf7-form-control wpcf7-phonetext wpcf7-validates-as-required wpcf7-text wpcf7-validates-as-phonetext\" aria-required=\"true\" aria-invalid=\"false\" placeholder=\"Phone*\" value=\"\" type=\"text\" name=\"phonetext-270\" \/><input type=\"hidden\" name=\"phonetext-270-country-code\" class=\"wpcf7-phonetext-country-code\" \/><\/span><\/label> \n<\/div> \n<div class=\"row\"> \n <label><span class=\"label-text\">E-mail<\/span> \n  <span class=\"wpcf7-form-control-wrap\" data-name=\"email-e-mail\"><input size=\"40\" class=\"wpcf7-form-control wpcf7-email wpcf7-validates-as-required wpcf7-text wpcf7-validates-as-email\" aria-required=\"true\" aria-invalid=\"false\" placeholder=\"E-mail\" value=\"\" type=\"email\" name=\"email-e-mail\" \/><\/span><\/label> \n<\/div> \n<div class=\"row\"><span>Your country<\/span> \n <label><span class=\"wpcf7-form-control-wrap\" data-name=\"countrytext-126\"><input size=\"40\" class=\"wpcf7-form-control wpcf7-countrytext wpcf7-text wpcf7-validates-as-countrytext\" aria-invalid=\"false\" value=\"\" type=\"text\" name=\"countrytext-126\" \/><\/span> <\/label>\n<\/div> \n<div class=\"row\"> \n <button type=\"submit\" class=\"btn\">Send<\/button> \n<\/div> \n<div class=\"row\"> \n <span class=\"wpcf7-form-control-wrap\" data-name=\"checkbox-931\"><span class=\"wpcf7-form-control wpcf7-checkbox\"><span class=\"wpcf7-list-item first\"><label><input type=\"checkbox\" name=\"checkbox-931[]\" value=\"Integrator\" \/><span class=\"wpcf7-list-item-label\">Integrator<\/span><\/label><\/span><span class=\"wpcf7-list-item\"><label><input type=\"checkbox\" name=\"checkbox-931[]\" value=\"Builder\" \/><span class=\"wpcf7-list-item-label\">Builder<\/span><\/label><\/span><span class=\"wpcf7-list-item last\"><label><input type=\"checkbox\" name=\"checkbox-931[]\" value=\"End-User\" \/><span class=\"wpcf7-list-item-label\">End-User<\/span><\/label><\/span><\/span><\/span> \n<\/div> \n<div class=\"row row-upload-file\"> \n <label class=\"upload-file-block js-upload-file\">Attach file \n  <span class=\"wpcf7-form-control-wrap\" data-name=\"file-466\"><input size=\"40\" class=\"wpcf7-form-control wpcf7-file\" accept=\"audio\/*,video\/*,image\/*\" aria-invalid=\"false\" type=\"file\" name=\"file-466\" \/><\/span><\/label> \n<\/div><input type='hidden' class='wpcf7-pum' value='{\"closepopup\":false,\"closedelay\":0,\"openpopup\":false,\"openpopup_id\":0}' \/><div class=\"wpcf7-response-output\" aria-hidden=\"true\"><\/div>\n<\/form>\n<\/div>\n            <\/div>\r\n\r\n\t\t    <div class=\"text-holder\" data-aos=\"fade-left\">\r\n\t\t\t\t\t\t    <h3 class=\"title-block\">How Can We Help?<\/h3>\r\n\t\t\t\r\n\t\t\t                <div class=\"text-block\">\r\n                    Please select a topic below related to your inquiry. If you don&#8217;t find what you need, fill out our contact form.                <\/div>\r\n\t\t\t\r\n\t\t\t\t\t\t    <ul class=\"link-list\">\r\n\t\t\t\t\t\t\t\t\t\t\t\t\t\t\t\t\t\t<li>\r\n\t\t\t\t\t\t\t\t\t\t\t\t\t\t\t\t    <strong>Get Inspired<\/strong>\r\n\t\t\t\t\t\t\t\t\t\t\t\t\t\t\t\t\t\t\t\t\t\t\t\t    <a href=\"\/features\/\">\r\n\t\t\t\t\t\t\t\t        Discover what&#8217;s beneath our intercom\t\t\t\t\t\t\t\t    <\/a>\r\n\t\t\t\t\t\t\t\t\t\t\t\t\t\t\t<\/li>\r\n\t\t\t\t\t\t\t\t\t\t\t\t\t\t\t\t\t\t\t\t\t\t\t\t<li>\r\n\t\t\t\t\t\t\t\t\t\t\t\t\t\t\t\t    <strong>Become a Partner<\/strong>\r\n\t\t\t\t\t\t\t\t\t\t\t\t\t\t\t\t\t\t\t\t\t\t\t\t    <a href=\"\/distributors\/\">\r\n\t\t\t\t\t\t\t\t        Expand your business with BAS-IP intercom\t\t\t\t\t\t\t\t    <\/a>\r\n\t\t\t\t\t\t\t\t\t\t\t\t\t\t\t<\/li>\r\n\t\t\t\t\t\t\t\t\t\t\t\t\t\t\t\t\t\t\t\t\t\t\t\t<li>\r\n\t\t\t\t\t\t\t\t\t\t\t\t\t\t\t\t    <strong>Check the Guides<\/strong>\r\n\t\t\t\t\t\t\t\t\t\t\t\t\t\t\t\t\t\t\t\t\t\t\t\t    <a href=\"\/support\/\">\r\n\t\t\t\t\t\t\t\t        Download detailed manuals and schemes\t\t\t\t\t\t\t\t    <\/a>\r\n\t\t\t\t\t\t\t\t\t\t\t\t\t\t\t<\/li>\r\n\t\t\t\t\t\t\t\t\t\t\t\t\t\t\t<\/ul>\r\n\t\t\t\r\n\t\t\t\t\t\t    <h3 class=\"title-block\">Our contacts<\/h3>\r\n\t\t\t\r\n\t\t\t\t\t\t\t<ul class=\"contact-list\">\r\n\t\t\t\t\t\t\t\t\t\t\t\t\t\t\t\t\t\t<li>\r\n\t\t\t\t\t\t\t\t\t\t\t\t\t\t\t\t\t<strong>Sales:<\/strong>\r\n\t\t\t\t\t\t\t\t\t\t\t\t\t\t\t\t\t\t\t\t\t\t\t\t    <a href=\"mailto:&#115;al&#101;s&#64;&#98;as-i&#112;.c&#111;m\">&#115;&#97;&#108;&#101;s&#64;b&#97;s&#45;i&#112;&#46;&#99;om<\/a>\r\n\t\t\t\t\t\t\t\t\t\t\t\t\t\t\t<\/li>\r\n\t\t\t\t\t\t\t\t\t\t\t\t\t\t\t\t\t\t\t\t\t\t\t\t<li>\r\n\t\t\t\t\t\t\t\t\t\t\t\t\t\t\t\t\t<strong>Technical support:<\/strong>\r\n\t\t\t\t\t\t\t\t\t\t\t\t\t\t\t\t\t\t\t\t\t\t\t\t    <a href=\"mailto:&#115;&#117;p&#112;ort&#64;&#98;&#97;s&#45;i&#112;.&#99;&#111;&#109;\">s&#117;&#112;p&#111;&#114;t&#64;&#98;a&#115;-i&#112;.&#99;om<\/a>\r\n\t\t\t\t\t\t\t\t\t\t\t\t\t\t\t<\/li>\r\n\t\t\t\t\t\t\t\t\t\t\t\t\t\t\t<\/ul>\r\n\t\t\t\t\t<\/div>\r\n\t<\/section>\r\n\r\n\r\n\r\n<!-- END Block Sign Up -->","protected":false},"excerpt":{"rendered":"<p>Intercom wechselt zu Link: Was bedeutet das f\u00fcr Sie? Ab dem 4. M\u00e4rz 2025 wird die Intercom-App f\u00fcr Android nicht mehr im Google Play Store verf\u00fcgbar sein. Die Webversion und die iOS-App werden jedoch weiterhin ohne \u00c4nderungen funktionieren, und die Intercom-Server bleiben aktiv, um Stabilit\u00e4t und Zugriff auf Ihre Daten zu gew\u00e4hrleisten, bis der Server-Support [&hellip;]<\/p>","protected":false},"author":1,"featured_media":0,"parent":0,"menu_order":0,"comment_status":"closed","ping_status":"closed","template":"","meta":{"inline_featured_image":false,"footnotes":""},"class_list":["post-131215","page","type-page","status-publish","hentry"],"acf":[],"_links":{"self":[{"href":"https:\/\/bas-ip.com\/de\/wp-json\/wp\/v2\/pages\/131215","targetHints":{"allow":["GET"]}}],"collection":[{"href":"https:\/\/bas-ip.com\/de\/wp-json\/wp\/v2\/pages"}],"about":[{"href":"https:\/\/bas-ip.com\/de\/wp-json\/wp\/v2\/types\/page"}],"author":[{"embeddable":true,"href":"https:\/\/bas-ip.com\/de\/wp-json\/wp\/v2\/users\/1"}],"replies":[{"embeddable":true,"href":"https:\/\/bas-ip.com\/de\/wp-json\/wp\/v2\/comments?post=131215"}],"version-history":[{"count":2,"href":"https:\/\/bas-ip.com\/de\/wp-json\/wp\/v2\/pages\/131215\/revisions"}],"predecessor-version":[{"id":131507,"href":"https:\/\/bas-ip.com\/de\/wp-json\/wp\/v2\/pages\/131215\/revisions\/131507"}],"wp:attachment":[{"href":"https:\/\/bas-ip.com\/de\/wp-json\/wp\/v2\/media?parent=131215"}],"curies":[{"name":"wp","href":"https:\/\/api.w.org\/{rel}","templated":true}]}}