{"id":123047,"date":"2023-03-31T12:50:05","date_gmt":"2023-03-31T12:50:05","guid":{"rendered":"https:\/\/bas-ip.com\/?page_id=123047"},"modified":"2025-03-14T09:58:36","modified_gmt":"2025-03-14T09:58:36","slug":"aufzug-lift","status":"publish","type":"page","link":"https:\/\/bas-ip.com\/de\/aufzug\/","title":{"rendered":"Aufzug"},"content":{"rendered":"<h1 class=\"wp-block-heading\"><strong>Aufzug-Gegensprechanlage auf Basis von IP-Technologie<\/strong><\/h1>\n\n\n\n<p>In einer immer st\u00e4rker vernetzten Welt ist die Kommunikation von entscheidender Bedeutung. Dies gilt insbesondere f\u00fcr Umgebungen, in denen Sicherheit und Zug\u00e4nglichkeit entscheidend sind, wie z. B. in Aufz\u00fcgen. Die Aufzugssprechanlage spielt eine wichtige Rolle bei der Gew\u00e4hrleistung des Wohlbefindens der Fahrg\u00e4ste und wird zunehmend als obligatorisches Merkmal angesehen. Lassen Sie uns einen Blick auf die Vorteile von BAS-IP IP-basierten Aufzugssprechanlagen werfen und erfahren Sie, wie sie das Aufzugserlebnis revolutionieren.<\/p>\n\n\n<!-- START Block Features --><section id=\"block_6437d003aff43\" class=\"features-section\">\r\n\t\r\n    <div class=\"features-list\">\r\n                    <div class=\"features-item\" data-aos=\"fade-up\">\r\n    <div class=\"features-box\">\r\n                    <div class=\"image-holder\">\r\n                <img loading=\"lazy\" decoding=\"async\" width=\"350\" height=\"320\" src=\"https:\/\/bas-ip.com\/wp-content\/uploads\/2023\/04\/1-6-350x320.jpg\" class=\"attachment-thumbnail_350x320 size-thumbnail_350x320\" alt=\"\" \/>            <\/div>\r\n        \r\n        <div class=\"text-holder\">\r\n                        <h3 class=\"title-block\">Die Notwendigkeit von Gegensprechanlagen in Aufz\u00fcgen<\/h3>\r\n          \r\n                        <div class=\"text-block\">\r\n                <p>Aufzugssprechanlagen dienen als Rettungsanker f\u00fcr Fahrg\u00e4ste in Notf\u00e4llen oder bei technischen Problemen. Sie bieten einen direkten Kommunikationskanal zum Geb\u00e4udemanagement oder zu den Notdiensten und sorgen daf\u00fcr, dass im Bedarfsfall schnell Hilfe geleistet wird. Eine zuverl\u00e4ssige und effiziente Gegensprechanlage in Aufz\u00fcgen ist daher f\u00fcr die Aufrechterhaltung der Sicherheitsstandards und die Beruhigung der Fahrg\u00e4ste unerl\u00e4sslich.<\/p>\n              <\/div>\r\n                  <\/div>\r\n    <\/div>\r\n<\/div>\r\n                    <div class=\"features-item\" data-aos=\"fade-up\">\r\n    <div class=\"features-box\">\r\n                    <div class=\"image-holder\">\r\n                <img loading=\"lazy\" decoding=\"async\" width=\"350\" height=\"320\" src=\"https:\/\/bas-ip.com\/wp-content\/uploads\/2023\/04\/2-6-350x320.jpg\" class=\"attachment-thumbnail_350x320 size-thumbnail_350x320\" alt=\"\" \/>            <\/div>\r\n        \r\n        <div class=\"text-holder\">\r\n                        <h3 class=\"title-block\">IP-basierte Gegensprechanlagen: Eine Stufe \u00fcber herk\u00f6mmlichen Systemen<\/h3>\r\n          \r\n                        <div class=\"text-block\">\r\n                <p>Traditionelle analoge Gegensprechanlagen waren viele Jahre lang der Standard. Das Aufkommen von IP-basierten L\u00f6sungen, die das Internetprotokoll (IP) und das Session Initiation Protocol (SIP) nutzen, hat jedoch einen Paradigmenwechsel in der Art und Weise der Kommunikation in Aufz\u00fcgen bewirkt.<\/p>\n              <\/div>\r\n                  <\/div>\r\n    <\/div>\r\n<\/div>\r\n                    <div class=\"features-item\" data-aos=\"fade-up\">\r\n    <div class=\"features-box\">\r\n                    <div class=\"image-holder\">\r\n                <img loading=\"lazy\" decoding=\"async\" width=\"350\" height=\"320\" src=\"https:\/\/bas-ip.com\/wp-content\/uploads\/2023\/04\/3-6-350x320.jpg\" class=\"attachment-thumbnail_350x320 size-thumbnail_350x320\" alt=\"\" \/>            <\/div>\r\n        \r\n        <div class=\"text-holder\">\r\n                        <h3 class=\"title-block\">Partnerschaft mit globalen Aufzugsherstellern<\/h3>\r\n          \r\n                        <div class=\"text-block\">\r\n                <p>BAS-IP hat Partnerschaften mit f\u00fchrenden Aufzugsherstellern wie Kone geschlossen, um eine nahtlose Integration mit deren Produkten zu erm\u00f6glichen. Diese Zusammenarbeit erm\u00f6glicht die vollst\u00e4ndige Steuerung von Kone-Aufz\u00fcgen \u00fcber die in den Wohnungen installierten BAS-IP-Gegensprechanlagen und schafft so eine einheitliche und optimierte Benutzererfahrung.<\/p>\n              <\/div>\r\n                  <\/div>\r\n    <\/div>\r\n<\/div>\r\n            <\/div>\r\n<\/section>\r\n<!-- END Block Features -->\n\n\n<h2 class=\"wp-block-heading\"><strong>Vorteile der BAS-IP Aufzugssprechanlagen<\/strong><\/h2>\n\n\n\n<p>Im Vergleich zu herk\u00f6mmlichen analogen Systemen bieten IP-basierte Aufzugssprechanlagen, wie die BAS-IP-L\u00f6sung, mehrere Vorteile:<\/p>\n\n\n<!-- START Block Features --><section id=\"block_6437d09daff47\" class=\"features-section\">\r\n\t\r\n    <div class=\"features-list\">\r\n                    <div class=\"features-item\" data-aos=\"fade-up\">\r\n    <div class=\"features-box\">\r\n                    <div class=\"image-holder\">\r\n                <img loading=\"lazy\" decoding=\"async\" width=\"350\" height=\"320\" src=\"https:\/\/bas-ip.com\/wp-content\/uploads\/2023\/04\/4-6-350x320.jpg\" class=\"attachment-thumbnail_350x320 size-thumbnail_350x320\" alt=\"\" \/>            <\/div>\r\n        \r\n        <div class=\"text-holder\">\r\n                        <h3 class=\"title-block\">Verbesserte Audio- und Videoqualit\u00e4t<\/h3>\r\n          \r\n                        <div class=\"text-block\">\r\n                <p>BAS-IP-Sprechanlagen sind mit eingebauten Kameras ausgestattet, die sicherstellen, dass das Geb\u00e4udemanagement und das Sicherheitspersonal die Aufzugsaktivit\u00e4ten in Echtzeit \u00fcberwachen k\u00f6nnen. Diese Funktion erh\u00f6ht nicht nur die allgemeine Sicherheit des Geb\u00e4udes, sondern dient auch als Abschreckung f\u00fcr potenzielle \u00dcbelt\u00e4ter.<\/p>\n              <\/div>\r\n                  <\/div>\r\n    <\/div>\r\n<\/div>\r\n                    <div class=\"features-item\" data-aos=\"fade-up\">\r\n    <div class=\"features-box\">\r\n                    <div class=\"image-holder\">\r\n                <img loading=\"lazy\" decoding=\"async\" width=\"350\" height=\"320\" src=\"https:\/\/bas-ip.com\/wp-content\/uploads\/2023\/04\/5-6-350x320.jpg\" class=\"attachment-thumbnail_350x320 size-thumbnail_350x320\" alt=\"\" \/>            <\/div>\r\n        \r\n        <div class=\"text-holder\">\r\n                        <h3 class=\"title-block\">Unbegrenzte Ger\u00e4te und Concierge-Terminal-Support<\/h3>\r\n          \r\n                        <div class=\"text-block\">\r\n                <p>Die BAS-IP-L\u00f6sung unterst\u00fctzt eine unbegrenzte Anzahl von Ger\u00e4ten innerhalb eines Netzwerks, einschlie\u00dflich der Integration eines Pf\u00f6rtnerterminals. Diese Skalierbarkeit stellt sicher, dass das System mit dem Geb\u00e4ude mitwachsen kann und alle \u00c4nderungen der Anforderungen ohne Kompromisse bei der Leistung oder Zuverl\u00e4ssigkeit ber\u00fccksichtigt.<\/p>\n              <\/div>\r\n                  <\/div>\r\n    <\/div>\r\n<\/div>\r\n                    <div class=\"features-item\" data-aos=\"fade-up\">\r\n    <div class=\"features-box\">\r\n                    <div class=\"image-holder\">\r\n                <img loading=\"lazy\" decoding=\"async\" width=\"350\" height=\"320\" src=\"https:\/\/bas-ip.com\/wp-content\/uploads\/2023\/04\/6-5-350x320.jpg\" class=\"attachment-thumbnail_350x320 size-thumbnail_350x320\" alt=\"\" \/>            <\/div>\r\n        \r\n        <div class=\"text-holder\">\r\n                        <h3 class=\"title-block\">Einfachere Installation und Wartung<\/h3>\r\n          \r\n                        <div class=\"text-block\">\r\n                <p>IP-Aufzugssprechanlagen nutzen die vorhandene Netzwerkinfrastruktur und sind daher einfacher und kosteng\u00fcnstiger zu installieren und zu warten.<\/p>\n<p>In der heutigen, zunehmend vernetzten Welt kann der Bedarf an effizienter und zuverl\u00e4ssiger Kommunikation in Aufz\u00fcgen nicht hoch genug eingesch\u00e4tzt werden. IP-basierte Aufzugssprechanlagen, wie die BAS-IP-L\u00f6sung, haben sich zum Goldstandard in diesem Bereich entwickelt und bieten zahlreiche Vorteile gegen\u00fcber herk\u00f6mmlichen analogen Systemen. Von der verbesserten Audio- und Videoqualit\u00e4t bis hin zur nahtlosen Integration mit anderen Geb\u00e4udemanagementsystemen ver\u00e4ndern IP-Sprechanlagen das Aufzugserlebnis zum Positiven. Das Ergebnis ist, dass Geb\u00e4udeeigent\u00fcmer, -verwalter und -bewohner mehr Sicherheit, Komfort und Seelenfrieden genie\u00dfen k\u00f6nnen.<\/p>\n              <\/div>\r\n                  <\/div>\r\n    <\/div>\r\n<\/div>\r\n            <\/div>\r\n<\/section>\r\n<!-- END Block Features -->\n\n<!-- START Block FAQ --><section id=\"block_6426d69cbc4a0\" class=\"faq-section\">\r\n\t\t    <h2 class=\"title-section\" data-aos=\"fade-right\">H\u00e4ufig gestellte Fragen<\/h2>\r\n\t\t\t    <div class=\"faq-list js-accordion\" data-aos=\"fade-up\">\r\n\t\t\t\t\t\t\t\t\t\t\t    <div class=\"accordion-item faq-item\">\r\n                        <div class=\"accordion-opener\">\r\n                            Q: Warum gelten Aufzugssprechanlagen als Pflicht?                            <i class=\"fa-solid fa-chevron-down\"><\/i>\r\n                        <\/div>\r\n                        <div class=\"accordion-slide\">\r\n\t\t\t\t\t\t    <p>Aufzugssprechanlagen gelten als obligatorisch, da sie einen direkten Kommunikationskanal zwischen den Fahrg\u00e4sten und dem Geb\u00e4udemanagement oder den Notdiensten bieten und so eine rechtzeitige Hilfeleistung bei Notf\u00e4llen oder technischen Problemen gew\u00e4hrleisten.<\/p>\n                        <\/div>\r\n\t\t\t\t\t<\/div>\r\n\t\t\t\t\t\t\t\t\t\t\t\t\t\t\t    <div class=\"accordion-item faq-item\">\r\n                        <div class=\"accordion-opener\">\r\n                            Q: Was macht IP-basierte Aufzugssprechanlagen besser als herk\u00f6mmliche analoge Systeme?                            <i class=\"fa-solid fa-chevron-down\"><\/i>\r\n                        <\/div>\r\n                        <div class=\"accordion-slide\">\r\n\t\t\t\t\t\t    <p>IP-basierte Aufzugssprechanlagen, wie die BAS-IP-L\u00f6sung, bieten mehrere Vorteile gegen\u00fcber herk\u00f6mmlichen analogen Systemen, darunter verbesserte Audio- und Videoqualit\u00e4t, Skalierbarkeit, einfachere Installation und Wartung, integrierte Kamerafunktionen und nahtlose Integration mit anderen IP-basierten Systemen.<\/p>\n                        <\/div>\r\n\t\t\t\t\t<\/div>\r\n\t\t\t\t\t\t\t\t\t\t\t\t\t\t\t    <div class=\"accordion-item faq-item\">\r\n                        <div class=\"accordion-opener\">\r\n                            Q: Wie verbessert die integrierte Kamerafunktion in IP-Gegensprechanlagen die Aufzugssicherheit?                            <i class=\"fa-solid fa-chevron-down\"><\/i>\r\n                        <\/div>\r\n                        <div class=\"accordion-slide\">\r\n\t\t\t\t\t\t    <p>Die in IP-Sprechanlagen integrierte Kamerafunktion erm\u00f6glicht es dem Geb\u00e4udemanagement und dem Sicherheitspersonal, die Aufzugsaktivit\u00e4ten in Echtzeit zu \u00fcberwachen. Diese zus\u00e4tzliche Sicherheitsebene kann als Abschreckung f\u00fcr potenzielle \u00dcbelt\u00e4ter dienen und liefert visuelle Beweise im Falle von Zwischenf\u00e4llen.<\/p>\n                        <\/div>\r\n\t\t\t\t\t<\/div>\r\n\t\t\t\t\t\t\t\t\t\t\t\t\t\t\t    <div class=\"accordion-item faq-item\">\r\n                        <div class=\"accordion-opener\">\r\n                            Q: K\u00f6nnen IP-basierte Aufzugssprechanlagen mit anderen Geb\u00e4udemanagementsystemen zusammenarbeiten?                            <i class=\"fa-solid fa-chevron-down\"><\/i>\r\n                        <\/div>\r\n                        <div class=\"accordion-slide\">\r\n\t\t\t\t\t\t    <p>Ja, IP-basierte Aufzugssprechanlagen sind so konzipiert, dass sie sich nahtlos in andere IP-basierte Geb\u00e4udemanagementsysteme integrieren lassen. Dies erm\u00f6glicht ein vernetzteres und effizienteres Geb\u00e4udemanagement-\u00d6kosystem, das die Sicherheit und den Komfort insgesamt verbessert.<\/p>\n                        <\/div>\r\n\t\t\t\t\t<\/div>\r\n\t\t\t\t\t\t\t\t\t\t\t\t\t\t\t    <div class=\"accordion-item faq-item\">\r\n                        <div class=\"accordion-opener\">\r\n                            Q: Welche Vorteile bietet die Partnerschaft zwischen BAS-IP und Aufzugsherstellern wie Kone den Benutzern?                            <i class=\"fa-solid fa-chevron-down\"><\/i>\r\n                        <\/div>\r\n                        <div class=\"accordion-slide\">\r\n\t\t\t\t\t\t    <p>Die Partnerschaft zwischen BAS-IP und Aufzugherstellern wie Kone erm\u00f6glicht eine nahtlose Integration ihrer jeweiligen Produkte. Diese Zusammenarbeit erm\u00f6glicht die vollst\u00e4ndige Steuerung von Kone-Aufz\u00fcgen \u00fcber die in den Wohnungen installierten BAS-IP-Gegensprechanlagen und bietet so eine einheitliche und optimierte Benutzererfahrung.<\/p>\n                        <\/div>\r\n\t\t\t\t\t<\/div>\r\n\t\t\t\t\t\t\t\t\t<\/div>\r\n\t<\/section>\r\n<!-- END Block FAQ -->","protected":false},"excerpt":{"rendered":"<p>Aufzug-Gegensprechanlage auf Basis von IP-Technologie In einer immer st\u00e4rker vernetzten Welt ist die Kommunikation von entscheidender Bedeutung. Dies gilt insbesondere f\u00fcr Umgebungen, in denen Sicherheit und Zug\u00e4nglichkeit entscheidend sind, wie z. B. in Aufz\u00fcgen. Die Aufzugssprechanlage spielt eine wichtige Rolle bei der Gew\u00e4hrleistung des Wohlbefindens der Fahrg\u00e4ste und wird zunehmend als obligatorisches Merkmal angesehen. Lassen [&hellip;]<\/p>","protected":false},"author":3,"featured_media":0,"parent":0,"menu_order":0,"comment_status":"closed","ping_status":"closed","template":"","meta":{"inline_featured_image":false,"footnotes":""},"class_list":["post-123047","page","type-page","status-publish","hentry"],"acf":[],"_links":{"self":[{"href":"https:\/\/bas-ip.com\/de\/wp-json\/wp\/v2\/pages\/123047","targetHints":{"allow":["GET"]}}],"collection":[{"href":"https:\/\/bas-ip.com\/de\/wp-json\/wp\/v2\/pages"}],"about":[{"href":"https:\/\/bas-ip.com\/de\/wp-json\/wp\/v2\/types\/page"}],"author":[{"embeddable":true,"href":"https:\/\/bas-ip.com\/de\/wp-json\/wp\/v2\/users\/3"}],"replies":[{"embeddable":true,"href":"https:\/\/bas-ip.com\/de\/wp-json\/wp\/v2\/comments?post=123047"}],"version-history":[{"count":3,"href":"https:\/\/bas-ip.com\/de\/wp-json\/wp\/v2\/pages\/123047\/revisions"}],"predecessor-version":[{"id":133675,"href":"https:\/\/bas-ip.com\/de\/wp-json\/wp\/v2\/pages\/123047\/revisions\/133675"}],"wp:attachment":[{"href":"https:\/\/bas-ip.com\/de\/wp-json\/wp\/v2\/media?parent=123047"}],"curies":[{"name":"wp","href":"https:\/\/api.w.org\/{rel}","templated":true}]}}