{"id":122532,"date":"2024-03-06T15:43:22","date_gmt":"2024-03-06T15:43:22","guid":{"rendered":"https:\/\/bas-ip.com\/?page_id=122532"},"modified":"2024-11-07T12:35:21","modified_gmt":"2024-11-07T12:35:21","slug":"galaxy","status":"publish","type":"page","link":"https:\/\/bas-ip.com\/de\/galaxy\/","title":{"rendered":"Galaxy"},"content":{"rendered":"<div class=\"wp-block-image\">\n<figure class=\"aligncenter size-full is-resized\"><img loading=\"lazy\" decoding=\"async\" width=\"924\" height=\"229\" src=\"https:\/\/bas-ip.com\/wp-content\/uploads\/2022\/11\/galaxy-control-systems.png\" alt=\"\" class=\"wp-image-23711\" style=\"width:450px\" srcset=\"https:\/\/bas-ip.com\/wp-content\/uploads\/2022\/11\/galaxy-control-systems.png 924w,  https:\/\/bas-ip.com\/wp-content\/uploads\/2022\/11\/galaxy-control-systems-300x74.png 300w,  https:\/\/bas-ip.com\/wp-content\/uploads\/2022\/11\/galaxy-control-systems-768x190.png 768w,  https:\/\/bas-ip.com\/wp-content\/uploads\/2022\/11\/galaxy-control-systems-767x190.png 767w\" sizes=\"auto, (max-width: 924px) 100vw, 924px\" \/><\/figure>\n<\/div>\n\n<!-- START Block Integrations Text & Image --><section id=\"block_65e88d1111f30\" class=\"integrations-text-image-section\">\r\n\t\t<div class=\"image-holder\" data-aos=\"fade-left\">\r\n\t\t<img loading=\"lazy\" decoding=\"async\" width=\"900\" height=\"598\" src=\"https:\/\/bas-ip.com\/wp-content\/uploads\/2024\/03\/Galaxy-1024x680.png\" class=\"attachment-large size-large\" alt=\"\" srcset=\"https:\/\/bas-ip.com\/wp-content\/uploads\/2024\/03\/Galaxy-1024x680.png 1024w,  https:\/\/bas-ip.com\/wp-content\/uploads\/2024\/03\/Galaxy-300x199.png 300w,  https:\/\/bas-ip.com\/wp-content\/uploads\/2024\/03\/Galaxy-768x510.png 768w,  https:\/\/bas-ip.com\/wp-content\/uploads\/2024\/03\/Galaxy-767x510.png 767w,  https:\/\/bas-ip.com\/wp-content\/uploads\/2024\/03\/Galaxy.png 1055w\" sizes=\"auto, (max-width: 900px) 100vw, 900px\" \/>\t<\/div>\r\n\t\r\n\t<div class=\"text-holder\" data-aos=\"fade-right\">\r\n\t\t\t\t\t\t<div class=\"text-block\">\r\n\t\t\t<p data-renderer-start-pos=\"1\">Die Galaxy-Zutrittskontrollsysteme wurden in BAS-IP integriert, um sich selbst zu bef\u00e4higen und sicherzustellen, dass die Zutrittskontrolll\u00f6sungen nahtlos funktionieren.<\/p>\n<p data-renderer-start-pos=\"131\">\n<p data-renderer-start-pos=\"1\">Wenn ein Kunde BAS-IP-Ausr\u00fcstung von Galaxy erwirbt, hat er folgende M\u00f6glichkeiten:<\/p>\n<ul class=\"ak-ul\" data-indent-level=\"1\">\n<li>\n<p data-renderer-start-pos=\"230\"><strong data-renderer-mark=\"true\">Keine Integration: <\/strong>Die Ger\u00e4te funktionieren und kommunizieren nur innerhalb eines lokalen Netzwerks. Es werden keine zus\u00e4tzlichen Plattformen verwendet und die Ger\u00e4tekonfiguration erfolgt nur \u00fcber die Webschnittstelle.<\/p>\n<\/li>\n<li>\n<p data-renderer-start-pos=\"401\"><strong data-renderer-mark=\"true\">SIP-Integration<\/strong>: Die Ger\u00e4te funktionieren und kommunizieren nur innerhalb eines lokalen Netzwerks, aber die Ger\u00e4te k\u00f6nnen den Galaxy SIP-Trunk-Service nutzen (gegen Aufpreis). Benutzer k\u00f6nnen SIP-Trunks verwenden, um \u00fcber Mobilfunknummern mit Mietern zu sprechen und sie zu bitten, das Schloss zu \u00f6ffnen. Beachten Sie, dass f\u00fcr den SIP-Dienst eine Internetverbindung erforderlich ist. Es werden keine anderen Dienste verwendet und die Ger\u00e4tekonfiguration erfolgt ausschlie\u00dflich \u00fcber die Weboberfl\u00e4che.<\/p>\n<\/li>\n<li>\n<p data-renderer-start-pos=\"805\"><strong data-renderer-mark=\"true\">Vollst\u00e4ndige<\/strong> <strong data-renderer-mark=\"true\">Integration: <\/strong>Ger\u00e4te und Benutzer haben Zugriff auf die <strong data-renderer-mark=\"true\">Cloud Concierge Platform von Galaxy<\/strong>. Diese Plattform wird verwendet, um Zugangskontrolldatens\u00e4tze vom Galaxy-Sicherheitssystem \u00fcber die Cloud LaunchPoint-Webschnittstelle an Ger\u00e4te zu senden. Au\u00dferdem erm\u00f6glicht die Plattform die automatische Programmierung des BAS-IP-Panels f\u00fcr die Zugangseingabe und Mieterwahlinformationen wie z. B.:<\/p>\n<\/li>\n<\/ul>\n<p style=\"padding-left: 40px;\" data-renderer-start-pos=\"1152\">&#8211; Vorname und Nachname<br \/>\n&#8211; Telefonnummer (Mieterwahl)<br \/>\n&#8211; SIP ID (BAS-IP Mobile App-Wahl)<br \/>\n&#8211; 26-bit Wiegand Prox-Karte (f\u00fcr Karteneingabe)<br \/>\n&#8211; QR-Code (f\u00fcr QR-Code-Eingabe)<br \/>\n&#8211; Zugriffsgruppe und Zeitplan (Zugriffsberechtigung vom Panel)<br \/>\n&#8211; Anzahl der Durchz\u00fcge (Limit der Karteneingabe-Durchz\u00fcge oder QR-Code-Nutzung f\u00fcr das Panel)<br \/>\n&#8211; Aktivit\u00e4ts-\/Ablaufdatum der Prox-Karte oder des QR-Codes<\/p>\n<p data-renderer-start-pos=\"1152\">Weitere Einzelheiten finden Sie in <a href=\"https:\/\/basip.atlassian.net\/wiki\/spaces\/Integrations\/pages\/73826355\/Integration+with+Galaxy+Access+Control+Systems\" target=\"_blank\" rel=\"noopener\"><strong>unserem Wiki<\/strong><\/a>.<\/p>\t\t<\/div>\r\n\t\t\r\n\t\t\r\n\t\t\t<\/div>\r\n<\/section>\r\n<!-- END Block Integrations Text & Image -->\n\n<!-- START Block Sign Up --><section id=\"block_629678229e935\" class=\"sign-up-section\">\r\n\r\n    <div class=\"form-holder js-form\" data-aos=\"fade-right\">\r\n                    <div class=\"title-block h3\">Sign up for connection<\/div>\r\n        \r\n                    <div class=\"text-block\">\r\n                Filling out all the information needed to answer you as quickly as possible            <\/div>\r\n        \r\n                    \n<div class=\"wpcf7 no-js\" id=\"wpcf7-f102-o1\" lang=\"en-US\" dir=\"ltr\">\n<div class=\"screen-reader-response\"><p role=\"status\" aria-live=\"polite\" aria-atomic=\"true\"><\/p> <ul><\/ul><\/div>\n<form action=\"\/de\/wp-json\/wp\/v2\/pages\/122532#wpcf7-f102-o1\" method=\"post\" class=\"wpcf7-form init\" aria-label=\"Contact form\" enctype=\"multipart\/form-data\" novalidate=\"novalidate\" data-status=\"init\">\n<div style=\"display: none;\">\n<input type=\"hidden\" name=\"_wpcf7\" value=\"102\" \/>\n<input type=\"hidden\" name=\"_wpcf7_version\" value=\"5.8.3\" \/>\n<input type=\"hidden\" name=\"_wpcf7_locale\" value=\"en_US\" \/>\n<input type=\"hidden\" name=\"_wpcf7_unit_tag\" value=\"wpcf7-f102-o1\" \/>\n<input type=\"hidden\" name=\"_wpcf7_container_post\" value=\"0\" \/>\n<input type=\"hidden\" name=\"_wpcf7_posted_data_hash\" value=\"\" \/>\n<input type=\"hidden\" name=\"_wpcf7_recaptcha_response\" value=\"\" \/>\n<\/div>\n<div class=\"row\"> \n <label><span class=\"label-text\">Name<\/span> \n  <span class=\"wpcf7-form-control-wrap\" data-name=\"text-full-name\"><input size=\"40\" class=\"wpcf7-form-control wpcf7-text wpcf7-validates-as-required\" aria-required=\"true\" aria-invalid=\"false\" placeholder=\"Name\" value=\"\" type=\"text\" name=\"text-full-name\" \/><\/span><\/label> \n<\/div> \n<div class=\"row\"> \n <label><span class=\"label-text\">Phone*<\/span> \n<span class=\"wpcf7-form-control-wrap\" data-name=\"phonetext-270\"><input size=\"40\" class=\"wpcf7-form-control wpcf7-phonetext wpcf7-validates-as-required wpcf7-text wpcf7-validates-as-phonetext\" aria-required=\"true\" aria-invalid=\"false\" placeholder=\"Phone*\" value=\"\" type=\"text\" name=\"phonetext-270\" \/><input type=\"hidden\" name=\"phonetext-270-country-code\" class=\"wpcf7-phonetext-country-code\" \/><\/span><\/label> \n<\/div> \n<div class=\"row\"> \n <label><span class=\"label-text\">E-mail<\/span> \n  <span class=\"wpcf7-form-control-wrap\" data-name=\"email-e-mail\"><input size=\"40\" class=\"wpcf7-form-control wpcf7-email wpcf7-validates-as-required wpcf7-text wpcf7-validates-as-email\" aria-required=\"true\" aria-invalid=\"false\" placeholder=\"E-mail\" value=\"\" type=\"email\" name=\"email-e-mail\" \/><\/span><\/label> \n<\/div> \n<div class=\"row\"><span>Your country<\/span> \n <label><span class=\"wpcf7-form-control-wrap\" data-name=\"countrytext-126\"><input size=\"40\" class=\"wpcf7-form-control wpcf7-countrytext wpcf7-text wpcf7-validates-as-countrytext\" aria-invalid=\"false\" value=\"\" type=\"text\" name=\"countrytext-126\" \/><\/span> <\/label>\n<\/div> \n<div class=\"row\"> \n <button type=\"submit\" class=\"btn\">Send<\/button> \n<\/div> \n<div class=\"row\"> \n <span class=\"wpcf7-form-control-wrap\" data-name=\"checkbox-931\"><span class=\"wpcf7-form-control wpcf7-checkbox\"><span class=\"wpcf7-list-item first\"><label><input type=\"checkbox\" name=\"checkbox-931[]\" value=\"Integrator\" \/><span class=\"wpcf7-list-item-label\">Integrator<\/span><\/label><\/span><span class=\"wpcf7-list-item\"><label><input type=\"checkbox\" name=\"checkbox-931[]\" value=\"Builder\" \/><span class=\"wpcf7-list-item-label\">Builder<\/span><\/label><\/span><span class=\"wpcf7-list-item last\"><label><input type=\"checkbox\" name=\"checkbox-931[]\" value=\"End-User\" \/><span class=\"wpcf7-list-item-label\">End-User<\/span><\/label><\/span><\/span><\/span> \n<\/div> \n<div class=\"row row-upload-file\"> \n <label class=\"upload-file-block js-upload-file\">Attach file \n  <span class=\"wpcf7-form-control-wrap\" data-name=\"file-466\"><input size=\"40\" class=\"wpcf7-form-control wpcf7-file\" accept=\"audio\/*,video\/*,image\/*\" aria-invalid=\"false\" type=\"file\" name=\"file-466\" \/><\/span><\/label> \n<\/div><input type='hidden' class='wpcf7-pum' value='{\"closepopup\":false,\"closedelay\":0,\"openpopup\":false,\"openpopup_id\":0}' \/><div class=\"wpcf7-response-output\" aria-hidden=\"true\"><\/div>\n<\/form>\n<\/div>\n            <\/div>\r\n\r\n\t\t    <div class=\"text-holder\" data-aos=\"fade-left\">\r\n\t\t\t\t\t\t    <h3 class=\"title-block\">How Can We Help?<\/h3>\r\n\t\t\t\r\n\t\t\t                <div class=\"text-block\">\r\n                    Please select a topic below related to your inquiry. If you don&#8217;t find what you need, fill out our contact form.                <\/div>\r\n\t\t\t\r\n\t\t\t\t\t\t    <ul class=\"link-list\">\r\n\t\t\t\t\t\t\t\t\t\t\t\t\t\t\t\t\t\t<li>\r\n\t\t\t\t\t\t\t\t\t\t\t\t\t\t\t\t    <strong>Get Inspired<\/strong>\r\n\t\t\t\t\t\t\t\t\t\t\t\t\t\t\t\t\t\t\t\t\t\t\t\t    <a href=\"\/features\/\">\r\n\t\t\t\t\t\t\t\t        Discover what&#8217;s beneath our intercom\t\t\t\t\t\t\t\t    <\/a>\r\n\t\t\t\t\t\t\t\t\t\t\t\t\t\t\t<\/li>\r\n\t\t\t\t\t\t\t\t\t\t\t\t\t\t\t\t\t\t\t\t\t\t\t\t<li>\r\n\t\t\t\t\t\t\t\t\t\t\t\t\t\t\t\t    <strong>Become a Partner<\/strong>\r\n\t\t\t\t\t\t\t\t\t\t\t\t\t\t\t\t\t\t\t\t\t\t\t\t    <a href=\"\/distributors\/\">\r\n\t\t\t\t\t\t\t\t        Expand your business with BAS-IP intercom\t\t\t\t\t\t\t\t    <\/a>\r\n\t\t\t\t\t\t\t\t\t\t\t\t\t\t\t<\/li>\r\n\t\t\t\t\t\t\t\t\t\t\t\t\t\t\t\t\t\t\t\t\t\t\t\t<li>\r\n\t\t\t\t\t\t\t\t\t\t\t\t\t\t\t\t    <strong>Check the Guides<\/strong>\r\n\t\t\t\t\t\t\t\t\t\t\t\t\t\t\t\t\t\t\t\t\t\t\t\t    <a href=\"\/support\/\">\r\n\t\t\t\t\t\t\t\t        Download detailed manuals and schemes\t\t\t\t\t\t\t\t    <\/a>\r\n\t\t\t\t\t\t\t\t\t\t\t\t\t\t\t<\/li>\r\n\t\t\t\t\t\t\t\t\t\t\t\t\t\t\t<\/ul>\r\n\t\t\t\r\n\t\t\t\t\t\t    <h3 class=\"title-block\">Our contacts<\/h3>\r\n\t\t\t\r\n\t\t\t\t\t\t\t<ul class=\"contact-list\">\r\n\t\t\t\t\t\t\t\t\t\t\t\t\t\t\t\t\t\t<li>\r\n\t\t\t\t\t\t\t\t\t\t\t\t\t\t\t\t\t<strong>Sales:<\/strong>\r\n\t\t\t\t\t\t\t\t\t\t\t\t\t\t\t\t\t\t\t\t\t\t\t\t    <a href=\"mailto:&#115;al&#101;s&#64;&#98;as&#45;&#105;p.&#99;om\">sa&#108;e&#115;&#64;b&#97;s-&#105;p.&#99;&#111;m<\/a>\r\n\t\t\t\t\t\t\t\t\t\t\t\t\t\t\t<\/li>\r\n\t\t\t\t\t\t\t\t\t\t\t\t\t\t\t\t\t\t\t\t\t\t\t\t<li>\r\n\t\t\t\t\t\t\t\t\t\t\t\t\t\t\t\t\t<strong>Technical support:<\/strong>\r\n\t\t\t\t\t\t\t\t\t\t\t\t\t\t\t\t\t\t\t\t\t\t\t\t    <a href=\"mailto:su&#112;&#112;&#111;&#114;t&#64;b&#97;&#115;&#45;&#105;&#112;.co&#109;\">s&#117;&#112;&#112;o&#114;t&#64;b&#97;&#115;-&#105;p&#46;co&#109;<\/a>\r\n\t\t\t\t\t\t\t\t\t\t\t\t\t\t\t<\/li>\r\n\t\t\t\t\t\t\t\t\t\t\t\t\t\t\t<\/ul>\r\n\t\t\t\t\t<\/div>\r\n\t<\/section>\r\n\r\n\r\n\r\n<!-- END Block Sign Up -->","protected":false},"excerpt":{"rendered":"","protected":false},"author":3,"featured_media":0,"parent":0,"menu_order":0,"comment_status":"closed","ping_status":"closed","template":"page-custom-breadcrumbs.php","meta":{"inline_featured_image":false,"footnotes":""},"class_list":["post-122532","page","type-page","status-publish","hentry"],"acf":[],"_links":{"self":[{"href":"https:\/\/bas-ip.com\/de\/wp-json\/wp\/v2\/pages\/122532","targetHints":{"allow":["GET"]}}],"collection":[{"href":"https:\/\/bas-ip.com\/de\/wp-json\/wp\/v2\/pages"}],"about":[{"href":"https:\/\/bas-ip.com\/de\/wp-json\/wp\/v2\/types\/page"}],"author":[{"embeddable":true,"href":"https:\/\/bas-ip.com\/de\/wp-json\/wp\/v2\/users\/3"}],"replies":[{"embeddable":true,"href":"https:\/\/bas-ip.com\/de\/wp-json\/wp\/v2\/comments?post=122532"}],"version-history":[{"count":2,"href":"https:\/\/bas-ip.com\/de\/wp-json\/wp\/v2\/pages\/122532\/revisions"}],"predecessor-version":[{"id":122534,"href":"https:\/\/bas-ip.com\/de\/wp-json\/wp\/v2\/pages\/122532\/revisions\/122534"}],"wp:attachment":[{"href":"https:\/\/bas-ip.com\/de\/wp-json\/wp\/v2\/media?parent=122532"}],"curies":[{"name":"wp","href":"https:\/\/api.w.org\/{rel}","templated":true}]}}