{"id":122455,"date":"2024-05-15T14:21:12","date_gmt":"2024-05-15T14:21:12","guid":{"rendered":"https:\/\/bas-ip.com\/?page_id=122455"},"modified":"2024-11-05T14:25:36","modified_gmt":"2024-11-05T14:25:36","slug":"firmware-support-richtlinie","status":"publish","type":"page","link":"https:\/\/bas-ip.com\/de\/firmware-support-richtlinie\/","title":{"rendered":"Firmware-Support-Richtlinie"},"content":{"rendered":"<p><strong>Wartung der Firmware<\/strong><\/p>\n\n\n\n<p id=\"block-5b28d8c7-9c67-4688-865a-8bcfbc5d1e18\">BAS-IP kann nach eigenem Ermessen einen Basis-Firmware-Support w\u00e4hrend der geltenden Garantiezeit f\u00fcr die Hardware gew\u00e4hren. W\u00e4hrend der Garantiezeit kann BAS-IP Wartungsversionen oder Fehlerbehebungen f\u00fcr die Hardware herausgeben.<\/p>\n\n\n\n<p id=\"block-79999a42-619c-47e6-a3d5-fe2920347534\">Nach Ablauf der Garantiezeit wird BAS-IP die betreffende Firmware nicht mehr weiterentwickeln, warten oder testen. BAS-IP kann jedoch nach eigenem Ermessen und auf einer produktspezifischen Basis Support nach Ablauf der Garantiezeit anbieten. Alle BAS-IP Firmware, einschlie\u00dflich, aber nicht beschr\u00e4nkt auf Firmware, die auf BAS-IP Hardware vorinstalliert ist und bei der die Hardware einem RMA-Service unterliegt, wird &#8222;wie besehen&#8220; geliefert.<\/p>\n\n\n\n<p>BAS-IP-Firmware ist nicht durch die BAS-IP-Garantie abgedeckt.<\/p>\n\n\n\n<p><\/p>\n\n\n\n<p><\/p>","protected":false},"excerpt":{"rendered":"<p>Wartung der Firmware BAS-IP kann nach eigenem Ermessen einen Basis-Firmware-Support w\u00e4hrend der geltenden Garantiezeit f\u00fcr die Hardware gew\u00e4hren. W\u00e4hrend der Garantiezeit kann BAS-IP Wartungsversionen oder Fehlerbehebungen f\u00fcr die Hardware herausgeben. Nach Ablauf der Garantiezeit wird BAS-IP die betreffende Firmware nicht mehr weiterentwickeln, warten oder testen. BAS-IP kann jedoch nach eigenem Ermessen und auf einer produktspezifischen [&hellip;]<\/p>","protected":false},"author":3,"featured_media":0,"parent":0,"menu_order":0,"comment_status":"closed","ping_status":"closed","template":"","meta":{"inline_featured_image":false,"footnotes":""},"class_list":["post-122455","page","type-page","status-publish","hentry"],"acf":[],"_links":{"self":[{"href":"https:\/\/bas-ip.com\/de\/wp-json\/wp\/v2\/pages\/122455","targetHints":{"allow":["GET"]}}],"collection":[{"href":"https:\/\/bas-ip.com\/de\/wp-json\/wp\/v2\/pages"}],"about":[{"href":"https:\/\/bas-ip.com\/de\/wp-json\/wp\/v2\/types\/page"}],"author":[{"embeddable":true,"href":"https:\/\/bas-ip.com\/de\/wp-json\/wp\/v2\/users\/3"}],"replies":[{"embeddable":true,"href":"https:\/\/bas-ip.com\/de\/wp-json\/wp\/v2\/comments?post=122455"}],"version-history":[{"count":1,"href":"https:\/\/bas-ip.com\/de\/wp-json\/wp\/v2\/pages\/122455\/revisions"}],"predecessor-version":[{"id":122456,"href":"https:\/\/bas-ip.com\/de\/wp-json\/wp\/v2\/pages\/122455\/revisions\/122456"}],"wp:attachment":[{"href":"https:\/\/bas-ip.com\/de\/wp-json\/wp\/v2\/media?parent=122455"}],"curies":[{"name":"wp","href":"https:\/\/api.w.org\/{rel}","templated":true}]}}