{"id":77512,"date":"2023-04-05T10:35:01","date_gmt":"2023-04-05T10:35:01","guid":{"rendered":"https:\/\/bas-ip.com\/?page_id=77512"},"modified":"2023-05-02T06:31:42","modified_gmt":"2023-05-02T06:31:42","slug":"crestron","status":"publish","type":"page","link":"https:\/\/bas-ip.com\/da\/crestron\/","title":{"rendered":"Crestron"},"content":{"rendered":"<div class=\"wp-block-image\">\n<figure class=\"aligncenter size-full is-resized\"><img loading=\"lazy\" decoding=\"async\" src=\"https:\/\/bas-ip.com\/wp-content\/uploads\/2023\/04\/crestron_logo.png\" alt=\"\" class=\"wp-image-67973\" width=\"501\" height=\"284\" srcset=\"https:\/\/bas-ip.com\/wp-content\/uploads\/2023\/04\/crestron_logo.png 668w,  https:\/\/bas-ip.com\/wp-content\/uploads\/2023\/04\/crestron_logo-300x170.png 300w\" sizes=\"auto, (max-width: 501px) 100vw, 501px\" \/><\/figure>\n<\/div>\n\n<!-- START Block Integrations Text & Image --><section id=\"block_642d4e5e447ff\" class=\"integrations-text-image-section\">\r\n\t\t<div class=\"image-holder\" data-aos=\"fade-left\">\r\n\t\t<img loading=\"lazy\" decoding=\"async\" width=\"810\" height=\"579\" src=\"https:\/\/bas-ip.com\/wp-content\/uploads\/2023\/04\/crestron_pic2.jpg\" class=\"attachment-large size-large\" alt=\"\" srcset=\"https:\/\/bas-ip.com\/wp-content\/uploads\/2023\/04\/crestron_pic2.jpg 810w,  https:\/\/bas-ip.com\/wp-content\/uploads\/2023\/04\/crestron_pic2-300x214.jpg 300w,  https:\/\/bas-ip.com\/wp-content\/uploads\/2023\/04\/crestron_pic2-768x549.jpg 768w,  https:\/\/bas-ip.com\/wp-content\/uploads\/2023\/04\/crestron_pic2-767x548.jpg 767w\" sizes=\"auto, (max-width: 810px) 100vw, 810px\" \/>\t<\/div>\r\n\t\r\n\t<div class=\"text-holder\" data-aos=\"fade-right\">\r\n\t\t\t\t\t\t<div class=\"text-block\">\r\n\t\t\t<div class=\"wrapper container margin_t_b_80_p\">\n<div class=\"auntk_text_p\">\n<h1>BAS-IP SIP intercoms opfylder kravene til Crestron Smart Home Automation<\/h1>\n<p>Fremtiden for smart living er allerede kommet, da vi har kombineret de robuste funktioner i BAS-IP SIP intercoms med den uovertrufne intelligens i Crestron Home Automation-systemer. Forbered dig p\u00e5 at blive forbl\u00f8ffet, n\u00e5r du fordyber dig i en symfoni af avanceret teknologi, der vil bringe din livsstil til nye h\u00f8jder.<\/p>\n<h2>Skab den perfekte atmosf\u00e6re<\/h2>\n<p>Forestil dig et hus, der danser efter din melodi, et hus, hvor du kan skabe den perfekte atmosf\u00e6re uden at forlade BAS-IP intercom-monitoren. Kom ind i Crestron-appen, en maestro, der bygger bro mellem din intercom og de enheder, der er tilsluttet din Crestron-server. Takket v\u00e6re integrationsmuligheden kan du nu nemt styre gardiner, persienner, lys og musik direkte fra intercom-monitoren, hvilket skaber en harmonisk blanding af enkelhed og raffinement.<\/p>\n<h2>Problemfri integration for en ensartet oplevelse<\/h2>\n<p>Processen er s\u00e5 enkel som den kan blive. Vores problemfri integration udf\u00f8res direkte p\u00e5 BAS-IP indend\u00f8rs monitorer ved blot at installere Crestron-appen og bruge en registreret konto. Med denne innovative l\u00f8sning kan du nyde godt af en enkelt oplevelse, der kombinerer kommunikation, sikkerhed og smart home management i \u00e9n stilfuld og effektiv pakke.<\/p>\n<h2>For\u00f8g IQ&#8217;en i dit hjem<\/h2>\n<p>Partnerskabet mellem BAS-IP SIP-intercom og Crestron forbedrer IQ i dit hjem og g\u00f8r din hverdag ikke kun mere komfortabel og sikker, men giver ogs\u00e5 din livsstil et strejf af elegance. Fra at modtage g\u00e6ster til at skabe den perfekte atmosf\u00e6re til en romantisk middag &#8211; denne integration forvandler dit hjem til en smart havn, der im\u00f8dekommer alle dine \u00f8nsker.<\/p>\n<h2>Oplev en fortryllende fusion<\/h2>\n<p>Oplev den fortryllende sammensmeltning af BAS-IP SIP intercoms og Crestron intelligente hjemmeautomatiseringssystemer, og forvandl dit hjem til et intelligent mesterv\u00e6rk, der bl\u00e6nder og begejstrer p\u00e5 alle m\u00e5der. Er du klar til at f\u00e5 dit hjem til at synge af muligheder? Deltag i innovationens symfoni i dag!<\/p>\n<h2>Omfavn fremtiden<\/h2>\n<p>Oplev magien. Lad BAS-IP og Crestron g\u00f8re din livsstil bedre.<\/p>\n<\/div>\n<\/div>\t\t<\/div>\r\n\t\t\r\n\t\t\r\n\t\t\t<\/div>\r\n<\/section>\r\n<!-- END Block Integrations Text & Image -->\n\n<!-- START Block Sign Up --><section id=\"block_629678229e935\" class=\"sign-up-section\">\r\n\r\n    <div class=\"form-holder js-form\" data-aos=\"fade-right\">\r\n                    <div class=\"title-block h3\">Sign up for connection<\/div>\r\n        \r\n                    <div class=\"text-block\">\r\n                Filling out all the information needed to answer you as quickly as possible            <\/div>\r\n        \r\n                    \n<div class=\"wpcf7 no-js\" id=\"wpcf7-f102-o1\" lang=\"en-US\" dir=\"ltr\">\n<div class=\"screen-reader-response\"><p role=\"status\" aria-live=\"polite\" aria-atomic=\"true\"><\/p> <ul><\/ul><\/div>\n<form action=\"\/da\/wp-json\/wp\/v2\/pages\/77512#wpcf7-f102-o1\" method=\"post\" class=\"wpcf7-form init\" aria-label=\"Contact form\" enctype=\"multipart\/form-data\" novalidate=\"novalidate\" data-status=\"init\">\n<div style=\"display: none;\">\n<input type=\"hidden\" name=\"_wpcf7\" value=\"102\" \/>\n<input type=\"hidden\" name=\"_wpcf7_version\" value=\"5.8.3\" \/>\n<input type=\"hidden\" name=\"_wpcf7_locale\" value=\"en_US\" \/>\n<input type=\"hidden\" name=\"_wpcf7_unit_tag\" value=\"wpcf7-f102-o1\" \/>\n<input type=\"hidden\" name=\"_wpcf7_container_post\" value=\"0\" \/>\n<input type=\"hidden\" name=\"_wpcf7_posted_data_hash\" value=\"\" \/>\n<input type=\"hidden\" name=\"_wpcf7_recaptcha_response\" value=\"\" \/>\n<\/div>\n<div class=\"row\"> \n <label><span class=\"label-text\">Name<\/span> \n  <span class=\"wpcf7-form-control-wrap\" data-name=\"text-full-name\"><input size=\"40\" class=\"wpcf7-form-control wpcf7-text wpcf7-validates-as-required\" aria-required=\"true\" aria-invalid=\"false\" placeholder=\"Name\" value=\"\" type=\"text\" name=\"text-full-name\" \/><\/span><\/label> \n<\/div> \n<div class=\"row\"> \n <label><span class=\"label-text\">Phone*<\/span> \n<span class=\"wpcf7-form-control-wrap\" data-name=\"phonetext-270\"><input size=\"40\" class=\"wpcf7-form-control wpcf7-phonetext wpcf7-validates-as-required wpcf7-text wpcf7-validates-as-phonetext\" aria-required=\"true\" aria-invalid=\"false\" placeholder=\"Phone*\" value=\"\" type=\"text\" name=\"phonetext-270\" \/><input type=\"hidden\" name=\"phonetext-270-country-code\" class=\"wpcf7-phonetext-country-code\" \/><\/span><\/label> \n<\/div> \n<div class=\"row\"> \n <label><span class=\"label-text\">E-mail<\/span> \n  <span class=\"wpcf7-form-control-wrap\" data-name=\"email-e-mail\"><input size=\"40\" class=\"wpcf7-form-control wpcf7-email wpcf7-validates-as-required wpcf7-text wpcf7-validates-as-email\" aria-required=\"true\" aria-invalid=\"false\" placeholder=\"E-mail\" value=\"\" type=\"email\" name=\"email-e-mail\" \/><\/span><\/label> \n<\/div> \n<div class=\"row\"><span>Your country<\/span> \n <label><span class=\"wpcf7-form-control-wrap\" data-name=\"countrytext-126\"><input size=\"40\" class=\"wpcf7-form-control wpcf7-countrytext wpcf7-text wpcf7-validates-as-countrytext\" aria-invalid=\"false\" value=\"\" type=\"text\" name=\"countrytext-126\" \/><\/span> <\/label>\n<\/div> \n<div class=\"row\"> \n <button type=\"submit\" class=\"btn\">Send<\/button> \n<\/div> \n<div class=\"row\"> \n <span class=\"wpcf7-form-control-wrap\" data-name=\"checkbox-931\"><span class=\"wpcf7-form-control wpcf7-checkbox\"><span class=\"wpcf7-list-item first\"><label><input type=\"checkbox\" name=\"checkbox-931[]\" value=\"Integrator\" \/><span class=\"wpcf7-list-item-label\">Integrator<\/span><\/label><\/span><span class=\"wpcf7-list-item\"><label><input type=\"checkbox\" name=\"checkbox-931[]\" value=\"Builder\" \/><span class=\"wpcf7-list-item-label\">Builder<\/span><\/label><\/span><span class=\"wpcf7-list-item last\"><label><input type=\"checkbox\" name=\"checkbox-931[]\" value=\"End-User\" \/><span class=\"wpcf7-list-item-label\">End-User<\/span><\/label><\/span><\/span><\/span> \n<\/div> \n<div class=\"row row-upload-file\"> \n <label class=\"upload-file-block js-upload-file\">Attach file \n  <span class=\"wpcf7-form-control-wrap\" data-name=\"file-466\"><input size=\"40\" class=\"wpcf7-form-control wpcf7-file\" accept=\"audio\/*,video\/*,image\/*\" aria-invalid=\"false\" type=\"file\" name=\"file-466\" \/><\/span><\/label> \n<\/div><input type='hidden' class='wpcf7-pum' value='{\"closepopup\":false,\"closedelay\":0,\"openpopup\":false,\"openpopup_id\":0}' \/><div class=\"wpcf7-response-output\" aria-hidden=\"true\"><\/div>\n<\/form>\n<\/div>\n            <\/div>\r\n\r\n\t\t    <div class=\"text-holder\" data-aos=\"fade-left\">\r\n\t\t\t\t\t\t    <h3 class=\"title-block\">How Can We Help?<\/h3>\r\n\t\t\t\r\n\t\t\t                <div class=\"text-block\">\r\n                    Please select a topic below related to your inquiry. If you don&#8217;t find what you need, fill out our contact form.                <\/div>\r\n\t\t\t\r\n\t\t\t\t\t\t    <ul class=\"link-list\">\r\n\t\t\t\t\t\t\t\t\t\t\t\t\t\t\t\t\t\t<li>\r\n\t\t\t\t\t\t\t\t\t\t\t\t\t\t\t\t    <strong>Get Inspired<\/strong>\r\n\t\t\t\t\t\t\t\t\t\t\t\t\t\t\t\t\t\t\t\t\t\t\t\t    <a href=\"\/features\/\">\r\n\t\t\t\t\t\t\t\t        Discover what&#8217;s beneath our intercom\t\t\t\t\t\t\t\t    <\/a>\r\n\t\t\t\t\t\t\t\t\t\t\t\t\t\t\t<\/li>\r\n\t\t\t\t\t\t\t\t\t\t\t\t\t\t\t\t\t\t\t\t\t\t\t\t<li>\r\n\t\t\t\t\t\t\t\t\t\t\t\t\t\t\t\t    <strong>Become a Partner<\/strong>\r\n\t\t\t\t\t\t\t\t\t\t\t\t\t\t\t\t\t\t\t\t\t\t\t\t    <a href=\"\/distributors\/\">\r\n\t\t\t\t\t\t\t\t        Expand your business with BAS-IP intercom\t\t\t\t\t\t\t\t    <\/a>\r\n\t\t\t\t\t\t\t\t\t\t\t\t\t\t\t<\/li>\r\n\t\t\t\t\t\t\t\t\t\t\t\t\t\t\t\t\t\t\t\t\t\t\t\t<li>\r\n\t\t\t\t\t\t\t\t\t\t\t\t\t\t\t\t    <strong>Check the Guides<\/strong>\r\n\t\t\t\t\t\t\t\t\t\t\t\t\t\t\t\t\t\t\t\t\t\t\t\t    <a href=\"\/support\/\">\r\n\t\t\t\t\t\t\t\t        Download detailed manuals and schemes\t\t\t\t\t\t\t\t    <\/a>\r\n\t\t\t\t\t\t\t\t\t\t\t\t\t\t\t<\/li>\r\n\t\t\t\t\t\t\t\t\t\t\t\t\t\t\t<\/ul>\r\n\t\t\t\r\n\t\t\t\t\t\t    <h3 class=\"title-block\">Our contacts<\/h3>\r\n\t\t\t\r\n\t\t\t\t\t\t\t<ul class=\"contact-list\">\r\n\t\t\t\t\t\t\t\t\t\t\t\t\t\t\t\t\t\t<li>\r\n\t\t\t\t\t\t\t\t\t\t\t\t\t\t\t\t\t<strong>Sales:<\/strong>\r\n\t\t\t\t\t\t\t\t\t\t\t\t\t\t\t\t\t\t\t\t\t\t\t\t    <a href=\"mailto:s&#97;&#108;es&#64;bas-&#105;&#112;&#46;co&#109;\">&#115;al&#101;s&#64;ba&#115;-i&#112;&#46;c&#111;&#109;<\/a>\r\n\t\t\t\t\t\t\t\t\t\t\t\t\t\t\t<\/li>\r\n\t\t\t\t\t\t\t\t\t\t\t\t\t\t\t\t\t\t\t\t\t\t\t\t<li>\r\n\t\t\t\t\t\t\t\t\t\t\t\t\t\t\t\t\t<strong>Technical support:<\/strong>\r\n\t\t\t\t\t\t\t\t\t\t\t\t\t\t\t\t\t\t\t\t\t\t\t\t    <a href=\"mailto:&#115;&#117;&#112;&#112;&#111;r&#116;&#64;bas-&#105;&#112;.&#99;o&#109;\">sup&#112;&#111;&#114;t&#64;&#98;as-i&#112;.&#99;&#111;m<\/a>\r\n\t\t\t\t\t\t\t\t\t\t\t\t\t\t\t<\/li>\r\n\t\t\t\t\t\t\t\t\t\t\t\t\t\t\t<\/ul>\r\n\t\t\t\t\t<\/div>\r\n\t<\/section>\r\n\r\n\r\n\r\n<!-- END Block Sign Up -->","protected":false},"excerpt":{"rendered":"","protected":false},"author":1,"featured_media":0,"parent":0,"menu_order":0,"comment_status":"closed","ping_status":"closed","template":"page-custom-breadcrumbs.php","meta":{"inline_featured_image":false,"footnotes":""},"class_list":["post-77512","page","type-page","status-publish","hentry"],"acf":[],"_links":{"self":[{"href":"https:\/\/bas-ip.com\/da\/wp-json\/wp\/v2\/pages\/77512","targetHints":{"allow":["GET"]}}],"collection":[{"href":"https:\/\/bas-ip.com\/da\/wp-json\/wp\/v2\/pages"}],"about":[{"href":"https:\/\/bas-ip.com\/da\/wp-json\/wp\/v2\/types\/page"}],"author":[{"embeddable":true,"href":"https:\/\/bas-ip.com\/da\/wp-json\/wp\/v2\/users\/1"}],"replies":[{"embeddable":true,"href":"https:\/\/bas-ip.com\/da\/wp-json\/wp\/v2\/comments?post=77512"}],"version-history":[{"count":2,"href":"https:\/\/bas-ip.com\/da\/wp-json\/wp\/v2\/pages\/77512\/revisions"}],"predecessor-version":[{"id":77544,"href":"https:\/\/bas-ip.com\/da\/wp-json\/wp\/v2\/pages\/77512\/revisions\/77544"}],"wp:attachment":[{"href":"https:\/\/bas-ip.com\/da\/wp-json\/wp\/v2\/media?parent=77512"}],"curies":[{"name":"wp","href":"https:\/\/api.w.org\/{rel}","templated":true}]}}