{"id":151729,"date":"2025-09-24T10:20:27","date_gmt":"2025-09-24T10:20:27","guid":{"rendered":"https:\/\/bas-ip.com\/warranty-policy-global-south\/"},"modified":"2025-12-03T11:34:35","modified_gmt":"2025-12-03T11:34:35","slug":"warranty-policy-global-south","status":"publish","type":"page","link":"https:\/\/bas-ip.com\/da\/warranty-policy-global-south\/","title":{"rendered":"Garantipolitik (Global Syd)"},"content":{"rendered":"<p data-path-to-node=\"2\">Der er indf\u00f8rt en politik om <b>udskiftning af garantidele i enheder med komplette samlede moduler<\/b>.<\/p>\n<p data-path-to-node=\"3\">If\u00f8lge statistiske data om serviceanmodninger kan st\u00f8rstedelen af problemerne l\u00f8ses eksternt gennem firmwareopdateringer eller enhedens rekonfiguration. For at fors\u00f8ge at l\u00f8se dit problem eksternt bedes du kontakte os via f\u00f8lgende kommunikationskanaler:<\/p>\n<p data-path-to-node=\"4,0,0\"><b>WhatsApp:<\/b> <a class=\"ng-star-inserted\" href=\"https:\/\/wa.me\/message\/TQPHTSMDUD6UE1\" target=\"_blank\" rel=\"noopener\" data-hveid=\"0\" data-ved=\"0CAAQ_4QMahcKEwjz2vOypaGRAxUAAAAAHQAAAAAQdw\">https:\/\/wa.me\/message\/TQPHTSMDUD6UE1<\/a><\/p>\n<p data-path-to-node=\"4,1,0\"><b>Telegram:<\/b> <a class=\"ng-star-inserted\" href=\"https:\/\/t.me\/bas_ip_international_support_bot\" target=\"_blank\" rel=\"noopener\" data-hveid=\"0\" data-ved=\"0CAAQ_4QMahcKEwjz2vOypaGRAxUAAAAAHQAAAAAQeA\">https:\/\/t.me\/bas_ip_international_support_bot<\/a><\/p>\n<p data-path-to-node=\"4,2,0\"><b>E-mail:<\/b> <a href=\"mailto:support@bas-ip.com\">support@bas-ip.com<\/a><\/p>\n<p data-path-to-node=\"4,3,0\"><b>Arbejdstid:<\/b> Mandag til fredag, 06:00\u201322:00 (GMT)<\/p>\n<p data-path-to-node=\"6\">Hvis dit problem ikke kan l\u00f8ses eksternt, bedes du f\u00f8lge nedenst\u00e5ende procedure:<\/p>\n<p data-path-to-node=\"7\">Venligst forbered oplysningerne om <b>k\u00f8bsdatoen<\/b> og <b>partnerfirmaet<\/b>, hvorfra produktet blev k\u00f8bt, p\u00e5 forh\u00e5nd.<\/p>\n<p data-path-to-node=\"8,0,0\">&#8211; Efter din anmodning vil vores specialister kr\u00e6ve <b>alle n\u00f8dvendige oplysninger<\/b> (enhedsmodel, serienummer, \u00e5rsag til reklamationen, k\u00f8bsdato, eventuelle klager, fotografier) for at igangs\u00e6tte proceduren for afsendelse af fuldt samlede moduler.<\/p>\n<p data-path-to-node=\"8,1,0\">&#8211; N\u00e5r alle de leverede oplysninger er blevet analyseret, vil du blive kontaktet via dine angivne kontaktoplysninger og <b>informeret om den trufne beslutning og de efterf\u00f8lgende skridt<\/b>, der skal tages for afsendelse af fuldt samlede moduler.<\/p>\n<p data-path-to-node=\"8,2,0\">&#8211; I tilf\u00e6lde af afsendelse af fuldt samlede moduler, vil <b>forsendelsen blive udf\u00f8rt fra det partnerfirma<\/b>, hvorfra du k\u00f8bte enheden.<\/p>\n<p data-path-to-node=\"10\"><strong>Garantiperioden for produktet er tredive-seks (36) m\u00e5neder fra salgsdatoen.<\/strong><\/p>\n<p data-path-to-node=\"11,0,0\">&#8211; Transport af enheder skal udf\u00f8res i <b>originalemballagen<\/b> leveret af s\u00e6lgeren eller i emballage med <b>tilsvarende beskyttende og operationelle egenskaber<\/b>.<\/p>\n<p data-path-to-node=\"11,1,0\">&#8211; En <b>begr\u00e6nset garanti p\u00e5 tolv (12) m\u00e5neder<\/b> fra salgsdatoen g\u00e6lder for forskellige typer monteringsbeslag, herunder fors\u00e6nkede, overflademonterede, bordmonteringer, regn- og solsk\u00e6rme, drejbare hj\u00f8rner.<\/p>\n<p data-path-to-node=\"11,2,0\">&#8211; Disse garantibetingelser er <b>supplerende<\/b> til de forfatningsm\u00e6ssige og andre forbrugerrettigheder, der g\u00e6lder i forbrugerens bop\u00e6lsland, og <b>begr\u00e6nser p\u00e5 ingen m\u00e5de<\/b> disse rettigheder.<\/p>\n<h2 data-path-to-node=\"13\">Garantibetingelser<\/h2>\n<ol>\n<li data-path-to-node=\"14\">Ved indsendelse af en RMA-reklamation til BAS-IP er det n\u00f8dvendigt at give <b>detaljerede oplysninger<\/b> om den n\u00f8jagtige <b>enhedsmodel<\/b> inklusive dens <b>farve<\/b>, <b>serienummeret<\/b> p\u00e5 enheden, <b>k\u00f8bsdatoen<\/b> og <b>reklamationen<\/b> med en fuld og n\u00f8jagtig <b>beskrivelse af det problem<\/b>, der giver anledning til RMA.<\/li>\n<li data-path-to-node=\"14\"><b style=\"font-size: revert; color: initial;\">Levering<\/b><span style=\"font-size: revert; color: initial;\"> til BAS-IP eller dets Servicecenter er <\/span><b style=\"font-size: revert; color: initial;\">k\u00f8berens ansvar og for k\u00f8berens regning<\/b><span style=\"font-size: revert; color: initial;\">.<\/span><\/li>\n<li data-path-to-node=\"14\">Garantiservice ydes <b style=\"font-size: revert; color: initial;\">kun inden for den garantiperiode<\/b><span style=\"font-size: revert; color: initial;\">, der er specificeret i denne garantipolitik.<\/span><\/li>\n<li data-path-to-node=\"14\"><b style=\"font-size: revert; color: initial;\">Tiden brugt p\u00e5 at genoprette<\/b><span style=\"font-size: revert; color: initial;\"> enhedens funktionalitet <\/span><b style=\"font-size: revert; color: initial;\">vil blive lagt til<\/b><span style=\"font-size: revert; color: initial;\"> den fastsatte garantiperiode, der er angivet i denne garantipolitik.<\/span><\/li>\n<\/ol>\n<h2 data-path-to-node=\"19\">Overtr\u00e6delse af Garantibetingelser<\/h2>\n<ol>\n<li data-path-to-node=\"20\">Disse garantibetingelser er <b>ugyldige<\/b>, hvis produktets standard- eller serienumre er <b>\u00e6ndret, slettet, fjernet eller gjort ul\u00e6selige<\/b>.<\/li>\n<li data-path-to-node=\"20\">Garantibestemmelserne vil blive <b style=\"font-size: revert; color: initial;\">ugyldiggjort<\/b><span style=\"font-size: revert; color: initial;\"> i tilf\u00e6lde af <\/span><b style=\"font-size: revert; color: initial;\">enhver form for modifikationer, tilpasninger eller \u00e6ndringer<\/b><span style=\"font-size: revert; color: initial;\"> af produktet, der er beregnet til at forbedre eller udvide det normale anvendelsesomr\u00e5de som specificeret i brugervejledningen.<\/span><\/li>\n<li data-path-to-node=\"20\">Garantien er <b style=\"font-size: revert; color: initial;\">ugyldig<\/b><span style=\"font-size: revert; color: initial;\">, hvis produktet bruges <\/span><b style=\"font-size: revert; color: initial;\">i strid med dets tilsigtede form\u00e5l<\/b><span style=\"font-size: revert; color: initial;\"> eller p\u00e5 en m\u00e5de, der er <\/span><b style=\"font-size: revert; color: initial;\">inkonsistent med bruger- og vedligeholdelsesinstruktionerne<\/b><span style=\"font-size: revert; color: initial;\">.<\/span><\/li>\n<li data-path-to-node=\"20\">Garantiens d\u00e6kning <b style=\"font-size: revert; color: initial;\">bortfalder<\/b><span style=\"font-size: revert; color: initial;\">, hvis <\/span><b style=\"font-size: revert; color: initial;\">fremmedlegemer, stoffer, v\u00e6sker, dampe, korrosive gasser eller insekter<\/b><span style=\"font-size: revert; color: initial;\"> infiltrerer enten de interne eller eksterne dele af produktet, hvad enten det er ved et uheld eller tilsigtet.<\/span><\/li>\n<li data-path-to-node=\"20\">Garantien er <b style=\"font-size: revert; color: initial;\">ugyldig<\/b><span style=\"font-size: revert; color: initial;\"> i tilf\u00e6lde af <\/span><b style=\"font-size: revert; color: initial;\">forkert tilslutning<\/b><span style=\"font-size: revert; color: initial;\"> af produktet til andre systemer eller <\/span><b style=\"font-size: revert; color: initial;\">forkert installation og montering<\/b><span style=\"font-size: revert; color: initial;\">.<\/span><\/li>\n<li data-path-to-node=\"20\">Denne garanti <b style=\"font-size: revert; color: initial;\">d\u00e6kker ikke<\/b><span style=\"font-size: revert; color: initial;\"> defekter eller skader, der er opst\u00e5et p\u00e5 <\/span><b style=\"font-size: revert; color: initial;\">ethvert system<\/b><span style=\"font-size: revert; color: initial;\">, hvori produktet er blevet integreret eller brugt i forbindelse med.<\/span><\/li>\n<li data-path-to-node=\"20\">Garantien anses for at v\u00e6re <b style=\"font-size: revert; color: initial;\">ugyldig og ugyldig<\/b><span style=\"font-size: revert; color: initial;\">, hvis produktet udviser <\/span><b style=\"font-size: revert; color: initial;\">mekaniske skader, sk\u00e5r, buler, revner, tegn p\u00e5 manipulation<\/b><span style=\"font-size: revert; color: initial;\"> eller lignende defekter.<\/span><\/li>\n<li data-path-to-node=\"20\">Garantien <b style=\"font-size: revert; color: initial;\">d\u00e6kker ikke<\/b><span style=\"font-size: revert; color: initial;\"> produkter beskadiget p\u00e5 grund af <\/span><b style=\"font-size: revert; color: initial;\">manglende overholdelse af standarder<\/b><span style=\"font-size: revert; color: initial;\">, der g\u00e6lder i driftslandet, herunder problemer vedr\u00f8rende <\/span><b style=\"font-size: revert; color: initial;\">str\u00f8mforsyningsparametre, telekommunikation, kabelnetv\u00e6rk<\/b><span style=\"font-size: revert; color: initial;\"> eller andre eksterne faktorer.<\/span><\/li>\n<li data-path-to-node=\"20\">Garantiens d\u00e6kning <b style=\"font-size: revert; color: initial;\">udelukker<\/b><span style=\"font-size: revert; color: initial;\"> skader som f\u00f8lge af <\/span><b style=\"font-size: revert; color: initial;\">eksterne faktorer<\/b><span style=\"font-size: revert; color: initial;\"> s\u00e5som naturkatastrofer, krig, brand, oversv\u00f8mmelse, lynnedslag, storme, sp\u00e6ndingsudsving eller andre \u00e5rsager uden for producentens kontrol.<\/span><\/li>\n<li data-path-to-node=\"20\">Garantien er <b style=\"font-size: revert; color: initial;\">ugyldig<\/b><span style=\"font-size: revert; color: initial;\">, hvis fors\u00f8g p\u00e5 reparationer eller modifikationer udf\u00f8res af <\/span><b style=\"font-size: revert; color: initial;\">uautoriserede servicecentre<\/b><span style=\"font-size: revert; color: initial;\"> eller personer\/organisationer, der <\/span><b style=\"font-size: revert; color: initial;\">mangler lovm\u00e6ssig bemyndigelse<\/b><span style=\"font-size: revert; color: initial;\"> til at udf\u00f8re s\u00e5danne reparationer eller modifikationer.<\/span><\/li>\n<li data-path-to-node=\"20\">Disse garantibetingelser <b style=\"font-size: revert; color: initial;\">g\u00e6lder ikke for tilbeh\u00f8r<\/b><span style=\"font-size: revert; color: initial;\"> (herunder, men ikke begr\u00e6nset til, batterier, eksterne str\u00f8mforsyninger, tilslutningskabler, n\u00f8glebrikker, kort, identifikatorer) eller <\/span><b style=\"font-size: revert; color: initial;\">dele af produktet, der er genstand for normal slitage<\/b><span style=\"font-size: revert; color: initial;\">.<\/span><\/li>\n<\/ol>","protected":false},"excerpt":{"rendered":"<p>Der er indf\u00f8rt en politik om udskiftning af garantidele i enheder med komplette samlede moduler. If\u00f8lge statistiske data om serviceanmodninger kan st\u00f8rstedelen af problemerne l\u00f8ses eksternt gennem firmwareopdateringer eller enhedens rekonfiguration. For at fors\u00f8ge at l\u00f8se dit problem eksternt bedes du kontakte os via f\u00f8lgende kommunikationskanaler: WhatsApp: https:\/\/wa.me\/message\/TQPHTSMDUD6UE1 Telegram: https:\/\/t.me\/bas_ip_international_support_bot E-mail: support@bas-ip.com Arbejdstid: Mandag til [&hellip;]<\/p>","protected":false},"author":1,"featured_media":0,"parent":0,"menu_order":0,"comment_status":"closed","ping_status":"closed","template":"","meta":{"inline_featured_image":false,"footnotes":""},"class_list":["post-151729","page","type-page","status-publish","hentry"],"acf":[],"_links":{"self":[{"href":"https:\/\/bas-ip.com\/da\/wp-json\/wp\/v2\/pages\/151729","targetHints":{"allow":["GET"]}}],"collection":[{"href":"https:\/\/bas-ip.com\/da\/wp-json\/wp\/v2\/pages"}],"about":[{"href":"https:\/\/bas-ip.com\/da\/wp-json\/wp\/v2\/types\/page"}],"author":[{"embeddable":true,"href":"https:\/\/bas-ip.com\/da\/wp-json\/wp\/v2\/users\/1"}],"replies":[{"embeddable":true,"href":"https:\/\/bas-ip.com\/da\/wp-json\/wp\/v2\/comments?post=151729"}],"version-history":[{"count":2,"href":"https:\/\/bas-ip.com\/da\/wp-json\/wp\/v2\/pages\/151729\/revisions"}],"predecessor-version":[{"id":151795,"href":"https:\/\/bas-ip.com\/da\/wp-json\/wp\/v2\/pages\/151729\/revisions\/151795"}],"wp:attachment":[{"href":"https:\/\/bas-ip.com\/da\/wp-json\/wp\/v2\/media?parent=151729"}],"curies":[{"name":"wp","href":"https:\/\/api.w.org\/{rel}","templated":true}]}}