{"id":149369,"date":"2025-02-06T13:42:37","date_gmt":"2025-02-06T13:42:37","guid":{"rendered":"https:\/\/bas-ip.com\/rosslare\/"},"modified":"2025-11-17T14:34:27","modified_gmt":"2025-11-17T14:34:27","slug":"rosslare","status":"publish","type":"page","link":"https:\/\/bas-ip.com\/da\/rosslare\/","title":{"rendered":"Rosslare"},"content":{"rendered":"<h2 class=\"wp-block-heading\">BAS-IP og Rosslare: Avanceret adgangskontrol og integration af d\u00f8rtelefoni<\/h2>\n\n\n<div class=\"wp-block-image\">\n<figure class=\"aligncenter size-large is-resized\"><img loading=\"lazy\" decoding=\"async\" width=\"1024\" height=\"166\" src=\"https:\/\/bas-ip.com\/wp-content\/uploads\/2025\/02\/Rosslare_logo_new-1024x166.png\" alt=\"\" class=\"wp-image-130233\" style=\"width:900px\" srcset=\"https:\/\/bas-ip.com\/wp-content\/uploads\/2025\/02\/Rosslare_logo_new-1024x166.png 1024w,  https:\/\/bas-ip.com\/wp-content\/uploads\/2025\/02\/Rosslare_logo_new-300x48.png 300w,  https:\/\/bas-ip.com\/wp-content\/uploads\/2025\/02\/Rosslare_logo_new-768x124.png 768w,  https:\/\/bas-ip.com\/wp-content\/uploads\/2025\/02\/Rosslare_logo_new-767x124.png 767w,  https:\/\/bas-ip.com\/wp-content\/uploads\/2025\/02\/Rosslare_logo_new.png 1064w\" sizes=\"auto, (max-width: 1024px) 100vw, 1024px\" \/><\/figure>\n<\/div>\n\n<p data-path-to-node=\"2\">Integrationen af BAS-IP\u2019s d\u00f8rtelefonsystemer med Rosslares AxTraxPro\u2122-platform samler to kraftfulde l\u00f8sninger til problemfri sikkerheds- og kommunikationsstyring. Rosslares AxTraxPro\u2122 er fremragende til styring af adgangspunkter, brugerrettigheder og overv\u00e5gning af sikkerhedsh\u00e6ndelser, mens BAS-IP Link Cloud Server centraliserer d\u00f8rtelefonsstyring og integration med tredjeparter. Tilsammen leverer disse systemer str\u00f8mlinede operationer og \u00f8get sikkerhed for bolig- og erhvervsejendomme.<\/p>\n<p data-path-to-node=\"3\">Denne forenede tilgang g\u00f8r det muligt for operat\u00f8rer at h\u00e5ndtere adgangs- og kommunikationsfunktioner gennem \u00e9n enkelt gr\u00e6nseflade. AxTraxPro\u2122 styrer overv\u00e5gning og tilladelser i realtid, mens BAS-IP Link Cloud Server sikrer effektiv d\u00f8rtelefonsfunktionalitet. Ved at integrere disse teknologier forenkler l\u00f8sningen administrationen, forbedrer sikkerheden og \u00f8ger oplevelsen for alle brugere.<\/p>\n<p data-path-to-node=\"4\">M\u00e5let med denne integration er at im\u00f8deg\u00e5 almindelige udfordringer, som operat\u00f8rer st\u00e5r over for, s\u00e5som behovet for at skifte mellem flere systemer til adgangskontrol og d\u00f8rtelefonsstyring. Ved at konsolidere disse funktioner drager brugerne fordel af forbedret overblik, hurtigere reaktionstider p\u00e5 sikkerhedsh\u00e6ndelser og en mere brugervenlig oplevelse for b\u00e5de administratorer og slutbrugere.<\/p>\n<hr data-path-to-node=\"5\" \/>\n<p data-path-to-node=\"6\">\u00a0<\/p>\n<h3>N\u00f8glefordele ved integrationen<\/h3>\n<p>\u00a0<\/p>\n<ul>\n<li data-path-to-node=\"7,0,0\"><b>Samlet kontrol:<\/b> Administrer adgangspunkter og d\u00f8rtelefoner fra \u00e9n enkelt platform, hvilket forenkler administrationen.<\/li>\n<li data-path-to-node=\"7,0,0\"><b>Forbedret sikkerhed:<\/b> Overv\u00e5gning af h\u00e6ndelser i realtid muligg\u00f8r hurtigere reaktion p\u00e5 h\u00e6ndelser.<\/li>\n<li data-path-to-node=\"7,0,0\"><b>Forbedret brugeroplevelse:<\/b> Problemfri integration giver en sammenh\u00e6ngende oplevelse for operat\u00f8rer og slutbrugere.<\/li>\n<li data-path-to-node=\"7,0,0\"><b>Fleksibilitet:<\/b> Underst\u00f8tter flere sprog og regioner for bred kompatibilitet.<\/li>\n<li data-path-to-node=\"7,0,0\"><b>Skalerbarhed:<\/b> Velegnet til ejendomme af enhver st\u00f8rrelse, fra sm\u00e5 kontorer til store boligkomplekser.<\/li>\n<\/ul>\n<p data-path-to-node=\"8\">For at opn\u00e5 det fulde potentiale af denne integration er begge systemer afh\u00e6ngige af Rosslare AxTraxPro\u2122 GraphQL API og skal v\u00e6re forbundet til det samme netv\u00e6rk. L\u00f8sningen underst\u00f8tter flere sprog, herunder engelsk, ukrainsk, russisk, polsk, spansk og tyrkisk, og er tilg\u00e6ngelig i Asien, Europa og USA.<\/p>\n\n<div class=\"wp-block-image\">\n<figure class=\"aligncenter size-large\"><img loading=\"lazy\" decoding=\"async\" width=\"1024\" height=\"662\" src=\"https:\/\/bas-ip.com\/wp-content\/uploads\/2025\/02\/AxTraxPro-BasIP-Diagram2-1024x662.png\" alt=\"\" class=\"wp-image-130297\" srcset=\"https:\/\/bas-ip.com\/wp-content\/uploads\/2025\/02\/AxTraxPro-BasIP-Diagram2-1024x662.png 1024w,  https:\/\/bas-ip.com\/wp-content\/uploads\/2025\/02\/AxTraxPro-BasIP-Diagram2-300x194.png 300w,  https:\/\/bas-ip.com\/wp-content\/uploads\/2025\/02\/AxTraxPro-BasIP-Diagram2-768x497.png 768w,  https:\/\/bas-ip.com\/wp-content\/uploads\/2025\/02\/AxTraxPro-BasIP-Diagram2-767x496.png 767w,  https:\/\/bas-ip.com\/wp-content\/uploads\/2025\/02\/AxTraxPro-BasIP-Diagram2-1534x992.png 1534w,  https:\/\/bas-ip.com\/wp-content\/uploads\/2025\/02\/AxTraxPro-BasIP-Diagram2.png 1536w\" sizes=\"auto, (max-width: 1024px) 100vw, 1024px\" \/><\/figure>\n<\/div>\n\n<!-- START Block Sign Up --><section id=\"block_629678229e935\" class=\"sign-up-section\">\r\n\r\n    <div class=\"form-holder js-form\" data-aos=\"fade-right\">\r\n                    <div class=\"title-block h3\">Sign up for connection<\/div>\r\n        \r\n                    <div class=\"text-block\">\r\n                Filling out all the information needed to answer you as quickly as possible            <\/div>\r\n        \r\n                    \n<div class=\"wpcf7 no-js\" id=\"wpcf7-f102-o1\" lang=\"en-US\" dir=\"ltr\">\n<div class=\"screen-reader-response\"><p role=\"status\" aria-live=\"polite\" aria-atomic=\"true\"><\/p> <ul><\/ul><\/div>\n<form action=\"\/da\/wp-json\/wp\/v2\/pages\/149369#wpcf7-f102-o1\" method=\"post\" class=\"wpcf7-form init\" aria-label=\"Contact form\" enctype=\"multipart\/form-data\" novalidate=\"novalidate\" data-status=\"init\">\n<div style=\"display: none;\">\n<input type=\"hidden\" name=\"_wpcf7\" value=\"102\" \/>\n<input type=\"hidden\" name=\"_wpcf7_version\" value=\"5.8.3\" \/>\n<input type=\"hidden\" name=\"_wpcf7_locale\" value=\"en_US\" \/>\n<input type=\"hidden\" name=\"_wpcf7_unit_tag\" value=\"wpcf7-f102-o1\" \/>\n<input type=\"hidden\" name=\"_wpcf7_container_post\" value=\"0\" \/>\n<input type=\"hidden\" name=\"_wpcf7_posted_data_hash\" value=\"\" \/>\n<input type=\"hidden\" name=\"_wpcf7_recaptcha_response\" value=\"\" \/>\n<\/div>\n<div class=\"row\"> \n <label><span class=\"label-text\">Name<\/span> \n  <span class=\"wpcf7-form-control-wrap\" data-name=\"text-full-name\"><input size=\"40\" class=\"wpcf7-form-control wpcf7-text wpcf7-validates-as-required\" aria-required=\"true\" aria-invalid=\"false\" placeholder=\"Name\" value=\"\" type=\"text\" name=\"text-full-name\" \/><\/span><\/label> \n<\/div> \n<div class=\"row\"> \n <label><span class=\"label-text\">Phone*<\/span> \n<span class=\"wpcf7-form-control-wrap\" data-name=\"phonetext-270\"><input size=\"40\" class=\"wpcf7-form-control wpcf7-phonetext wpcf7-validates-as-required wpcf7-text wpcf7-validates-as-phonetext\" aria-required=\"true\" aria-invalid=\"false\" placeholder=\"Phone*\" value=\"\" type=\"text\" name=\"phonetext-270\" \/><input type=\"hidden\" name=\"phonetext-270-country-code\" class=\"wpcf7-phonetext-country-code\" \/><\/span><\/label> \n<\/div> \n<div class=\"row\"> \n <label><span class=\"label-text\">E-mail<\/span> \n  <span class=\"wpcf7-form-control-wrap\" data-name=\"email-e-mail\"><input size=\"40\" class=\"wpcf7-form-control wpcf7-email wpcf7-validates-as-required wpcf7-text wpcf7-validates-as-email\" aria-required=\"true\" aria-invalid=\"false\" placeholder=\"E-mail\" value=\"\" type=\"email\" name=\"email-e-mail\" \/><\/span><\/label> \n<\/div> \n<div class=\"row\"><span>Your country<\/span> \n <label><span class=\"wpcf7-form-control-wrap\" data-name=\"countrytext-126\"><input size=\"40\" class=\"wpcf7-form-control wpcf7-countrytext wpcf7-text wpcf7-validates-as-countrytext\" aria-invalid=\"false\" value=\"\" type=\"text\" name=\"countrytext-126\" \/><\/span> <\/label>\n<\/div> \n<div class=\"row\"> \n <button type=\"submit\" class=\"btn\">Send<\/button> \n<\/div> \n<div class=\"row\"> \n <span class=\"wpcf7-form-control-wrap\" data-name=\"checkbox-931\"><span class=\"wpcf7-form-control wpcf7-checkbox\"><span class=\"wpcf7-list-item first\"><label><input type=\"checkbox\" name=\"checkbox-931[]\" value=\"Integrator\" \/><span class=\"wpcf7-list-item-label\">Integrator<\/span><\/label><\/span><span class=\"wpcf7-list-item\"><label><input type=\"checkbox\" name=\"checkbox-931[]\" value=\"Builder\" \/><span class=\"wpcf7-list-item-label\">Builder<\/span><\/label><\/span><span class=\"wpcf7-list-item last\"><label><input type=\"checkbox\" name=\"checkbox-931[]\" value=\"End-User\" \/><span class=\"wpcf7-list-item-label\">End-User<\/span><\/label><\/span><\/span><\/span> \n<\/div> \n<div class=\"row row-upload-file\"> \n <label class=\"upload-file-block js-upload-file\">Attach file \n  <span class=\"wpcf7-form-control-wrap\" data-name=\"file-466\"><input size=\"40\" class=\"wpcf7-form-control wpcf7-file\" accept=\"audio\/*,video\/*,image\/*\" aria-invalid=\"false\" type=\"file\" name=\"file-466\" \/><\/span><\/label> \n<\/div><input type='hidden' class='wpcf7-pum' value='{\"closepopup\":false,\"closedelay\":0,\"openpopup\":false,\"openpopup_id\":0}' \/><div class=\"wpcf7-response-output\" aria-hidden=\"true\"><\/div>\n<\/form>\n<\/div>\n            <\/div>\r\n\r\n\t\t    <div class=\"text-holder\" data-aos=\"fade-left\">\r\n\t\t\t\t\t\t    <h3 class=\"title-block\">How Can We Help?<\/h3>\r\n\t\t\t\r\n\t\t\t                <div class=\"text-block\">\r\n                    Please select a topic below related to your inquiry. If you don&#8217;t find what you need, fill out our contact form.                <\/div>\r\n\t\t\t\r\n\t\t\t\t\t\t    <ul class=\"link-list\">\r\n\t\t\t\t\t\t\t\t\t\t\t\t\t\t\t\t\t\t<li>\r\n\t\t\t\t\t\t\t\t\t\t\t\t\t\t\t\t    <strong>Get Inspired<\/strong>\r\n\t\t\t\t\t\t\t\t\t\t\t\t\t\t\t\t\t\t\t\t\t\t\t\t    <a href=\"\/features\/\">\r\n\t\t\t\t\t\t\t\t        Discover what&#8217;s beneath our intercom\t\t\t\t\t\t\t\t    <\/a>\r\n\t\t\t\t\t\t\t\t\t\t\t\t\t\t\t<\/li>\r\n\t\t\t\t\t\t\t\t\t\t\t\t\t\t\t\t\t\t\t\t\t\t\t\t<li>\r\n\t\t\t\t\t\t\t\t\t\t\t\t\t\t\t\t    <strong>Become a Partner<\/strong>\r\n\t\t\t\t\t\t\t\t\t\t\t\t\t\t\t\t\t\t\t\t\t\t\t\t    <a href=\"\/distributors\/\">\r\n\t\t\t\t\t\t\t\t        Expand your business with BAS-IP intercom\t\t\t\t\t\t\t\t    <\/a>\r\n\t\t\t\t\t\t\t\t\t\t\t\t\t\t\t<\/li>\r\n\t\t\t\t\t\t\t\t\t\t\t\t\t\t\t\t\t\t\t\t\t\t\t\t<li>\r\n\t\t\t\t\t\t\t\t\t\t\t\t\t\t\t\t    <strong>Check the Guides<\/strong>\r\n\t\t\t\t\t\t\t\t\t\t\t\t\t\t\t\t\t\t\t\t\t\t\t\t    <a href=\"\/support\/\">\r\n\t\t\t\t\t\t\t\t        Download detailed manuals and schemes\t\t\t\t\t\t\t\t    <\/a>\r\n\t\t\t\t\t\t\t\t\t\t\t\t\t\t\t<\/li>\r\n\t\t\t\t\t\t\t\t\t\t\t\t\t\t\t<\/ul>\r\n\t\t\t\r\n\t\t\t\t\t\t    <h3 class=\"title-block\">Our contacts<\/h3>\r\n\t\t\t\r\n\t\t\t\t\t\t\t<ul class=\"contact-list\">\r\n\t\t\t\t\t\t\t\t\t\t\t\t\t\t\t\t\t\t<li>\r\n\t\t\t\t\t\t\t\t\t\t\t\t\t\t\t\t\t<strong>Sales:<\/strong>\r\n\t\t\t\t\t\t\t\t\t\t\t\t\t\t\t\t\t\t\t\t\t\t\t\t    <a href=\"mailto:sal&#101;s&#64;b&#97;&#115;&#45;i&#112;.c&#111;&#109;\">s&#97;l&#101;s&#64;&#98;&#97;&#115;-i&#112;&#46;c&#111;m<\/a>\r\n\t\t\t\t\t\t\t\t\t\t\t\t\t\t\t<\/li>\r\n\t\t\t\t\t\t\t\t\t\t\t\t\t\t\t\t\t\t\t\t\t\t\t\t<li>\r\n\t\t\t\t\t\t\t\t\t\t\t\t\t\t\t\t\t<strong>Technical support:<\/strong>\r\n\t\t\t\t\t\t\t\t\t\t\t\t\t\t\t\t\t\t\t\t\t\t\t\t    <a href=\"mailto:s&#117;p&#112;&#111;rt&#64;ba&#115;-&#105;p&#46;&#99;&#111;m\">&#115;&#117;&#112;&#112;or&#116;&#64;&#98;&#97;s&#45;i&#112;&#46;c&#111;&#109;<\/a>\r\n\t\t\t\t\t\t\t\t\t\t\t\t\t\t\t<\/li>\r\n\t\t\t\t\t\t\t\t\t\t\t\t\t\t\t<\/ul>\r\n\t\t\t\t\t<\/div>\r\n\t<\/section>\r\n\r\n\r\n\r\n<!-- END Block Sign Up -->","protected":false},"excerpt":{"rendered":"<p>BAS-IP og Rosslare: Avanceret adgangskontrol og integration af d\u00f8rtelefoni Integrationen af BAS-IP\u2019s d\u00f8rtelefonsystemer med Rosslares AxTraxPro\u2122-platform samler to kraftfulde l\u00f8sninger til problemfri sikkerheds- og kommunikationsstyring. Rosslares AxTraxPro\u2122 er fremragende til styring af adgangspunkter, brugerrettigheder og overv\u00e5gning af sikkerhedsh\u00e6ndelser, mens BAS-IP Link Cloud Server centraliserer d\u00f8rtelefonsstyring og integration med tredjeparter. Tilsammen leverer disse systemer str\u00f8mlinede operationer [&hellip;]<\/p>","protected":false},"author":1,"featured_media":0,"parent":0,"menu_order":0,"comment_status":"closed","ping_status":"closed","template":"page-custom-breadcrumbs.php","meta":{"inline_featured_image":false,"footnotes":""},"class_list":["post-149369","page","type-page","status-publish","hentry"],"acf":[],"_links":{"self":[{"href":"https:\/\/bas-ip.com\/da\/wp-json\/wp\/v2\/pages\/149369","targetHints":{"allow":["GET"]}}],"collection":[{"href":"https:\/\/bas-ip.com\/da\/wp-json\/wp\/v2\/pages"}],"about":[{"href":"https:\/\/bas-ip.com\/da\/wp-json\/wp\/v2\/types\/page"}],"author":[{"embeddable":true,"href":"https:\/\/bas-ip.com\/da\/wp-json\/wp\/v2\/users\/1"}],"replies":[{"embeddable":true,"href":"https:\/\/bas-ip.com\/da\/wp-json\/wp\/v2\/comments?post=149369"}],"version-history":[{"count":2,"href":"https:\/\/bas-ip.com\/da\/wp-json\/wp\/v2\/pages\/149369\/revisions"}],"predecessor-version":[{"id":149428,"href":"https:\/\/bas-ip.com\/da\/wp-json\/wp\/v2\/pages\/149369\/revisions\/149428"}],"wp:attachment":[{"href":"https:\/\/bas-ip.com\/da\/wp-json\/wp\/v2\/media?parent=149369"}],"curies":[{"name":"wp","href":"https:\/\/api.w.org\/{rel}","templated":true}]}}