{"id":148225,"date":"2023-04-05T09:42:38","date_gmt":"2023-04-05T09:42:38","guid":{"rendered":"https:\/\/bas-ip.com\/integration-u-prox\/"},"modified":"2025-11-13T11:38:13","modified_gmt":"2025-11-13T11:38:13","slug":"integration-u-prox","status":"publish","type":"page","link":"https:\/\/bas-ip.com\/da\/integration-u-prox\/","title":{"rendered":"U-Prox"},"content":{"rendered":"<div class=\"wp-block-image\">\n<figure class=\"aligncenter size-large is-resized\"><img loading=\"lazy\" decoding=\"async\" width=\"1024\" height=\"225\" src=\"https:\/\/bas-ip.com\/wp-content\/uploads\/2023\/04\/UPROX-2-1024x225.png\" alt=\"\" class=\"wp-image-67550\" style=\"width:768px;height:169px\" srcset=\"https:\/\/bas-ip.com\/wp-content\/uploads\/2023\/04\/UPROX-2-1024x225.png 1024w,  https:\/\/bas-ip.com\/wp-content\/uploads\/2023\/04\/UPROX-2-300x66.png 300w,  https:\/\/bas-ip.com\/wp-content\/uploads\/2023\/04\/UPROX-2-768x169.png 768w,  https:\/\/bas-ip.com\/wp-content\/uploads\/2023\/04\/UPROX-2-767x169.png 767w,  https:\/\/bas-ip.com\/wp-content\/uploads\/2023\/04\/UPROX-2.png 1200w\" sizes=\"auto, (max-width: 1024px) 100vw, 1024px\" \/><\/figure>\n<\/div>\n\n<!-- START Block Integrations Text & Image --><section id=\"block_642d403e495e8\" class=\"integrations-text-image-section\">\r\n\t\t<div class=\"image-holder\" data-aos=\"fade-left\">\r\n\t\t<img loading=\"lazy\" decoding=\"async\" width=\"900\" height=\"195\" src=\"https:\/\/bas-ip.com\/wp-content\/uploads\/2023\/04\/upro_image-1024x222.jpg\" class=\"attachment-large size-large\" alt=\"\" srcset=\"https:\/\/bas-ip.com\/wp-content\/uploads\/2023\/04\/upro_image-1024x222.jpg 1024w,  https:\/\/bas-ip.com\/wp-content\/uploads\/2023\/04\/upro_image-300x65.jpg 300w,  https:\/\/bas-ip.com\/wp-content\/uploads\/2023\/04\/upro_image-768x166.jpg 768w,  https:\/\/bas-ip.com\/wp-content\/uploads\/2023\/04\/upro_image-767x166.jpg 767w,  https:\/\/bas-ip.com\/wp-content\/uploads\/2023\/04\/upro_image.jpg 1029w\" sizes=\"auto, (max-width: 900px) 100vw, 900px\" \/>\t<\/div>\r\n\t\r\n\t<div class=\"text-holder\" data-aos=\"fade-right\">\r\n\t\t\t\t\t\t<div class=\"text-block\">\r\n\t\t\t<div class=\"wrapper container margin_t_b_80_p\">\n<div class=\"auntk_text_p\">\n<h1>U-Prox Security Integration (U-Prox Sikkerhedsintegration)<\/h1>\n<p>&nbsp;<\/p>\n<p>Brugen af <b>BAS-IP<\/b> d\u00f8rtelefonsystemer i kombination med <b>U-Prox<\/b> udstyr er af interesse ikke kun for udviklere og installationsvirksomheder, men ogs\u00e5 for selve virksomhederne, kontor- eller indk\u00f8bscentrene.<\/p>\n<p>Kun <b>U-Prox<\/b> serveren og <b>BAS-IP<\/b> d\u00f8rtelefonpanelerne skal installeres p\u00e5 anl\u00e6gget. Det er nok at angive proxy-serverens adresse i <b>BAS-IP<\/b> d\u00f8rtelefonen, og udstyret i d\u00f8rtelefonsystemet vil automatisk blive tilf\u00f8jet til serveren i en samlet gr\u00e6nseflade.<\/p>\n<p>Dette vil hj\u00e6lpe med at udvide mulighederne i de udf\u00f8rte opgaver, samt reducere omkostningerne til ekstra udstyr eller arbejdspladser.<\/p>\n<p>Takket v\u00e6re sammenl\u00e6gningen af de to systemer til \u00e9t, er et nyt niveau af <b>sikkerhed<\/b> og <b>brugervenlighed<\/b> blevet tilg\u00e6ngeligt:<\/p>\n<ul>\n<li>Mulighed for at <b>styre l\u00e5se<\/b><\/li>\n<li><b>L\u00e6sning, tilf\u00f8jelse og sletning af identifikatorer<\/b><\/li>\n<li><b>Passagestatistik<\/b><\/li>\n<li>Fuld <b>underst\u00f8ttelse af BAS-IP paneler<\/b> i U-Prox softwaren<\/li>\n<li>Brug af en <b>smartphone som identifikator<\/b><\/li>\n<li><b>Samlet gr\u00e6nseflade for adgangskontrol<\/b><\/li>\n<li><b>Samlet h\u00e6ndelseslog<\/b> med brugerdefinerbare filtre<\/li>\n<li><b>Centraliseret distribution af adgangsniveauer<\/b> p\u00e5 BAS-IP og U-Prox enheder<\/li>\n<\/ul>\n<p>For mere detaljeret information, bes\u00f8g venligst vores <a href=\"https:\/\/basip.atlassian.net\/wiki\/spaces\/Integrations\/pages\/5046964\/Integration+with+U-Prox+software\" target=\"_blank\" rel=\"noopener\"><b>WIKI<\/b><\/a>.<\/p>\n<\/div>\n<\/div>\t\t<\/div>\r\n\t\t\r\n\t\t\r\n\t\t\t<\/div>\r\n<\/section>\r\n<!-- END Block Integrations Text & Image -->\n\n<!-- START Block Sign Up --><section id=\"block_642d4169495e9\" class=\"sign-up-section\">\r\n\r\n    <div class=\"form-holder js-form\" data-aos=\"fade-right\">\r\n                    <div class=\"title-block h3\">Tilmeld dig til forbindelse<\/div>\r\n        \r\n                    <div class=\"text-block\">\r\n                Udfylder alle n\u00f8dvendige oplysninger for at svare dig s\u00e5 hurtigt som muligt            <\/div>\r\n        \r\n                    \n<div class=\"wpcf7 no-js\" id=\"wpcf7-f102-o1\" lang=\"en-US\" dir=\"ltr\">\n<div class=\"screen-reader-response\"><p role=\"status\" aria-live=\"polite\" aria-atomic=\"true\"><\/p> <ul><\/ul><\/div>\n<form action=\"\/da\/wp-json\/wp\/v2\/pages\/148225#wpcf7-f102-o1\" method=\"post\" class=\"wpcf7-form init\" aria-label=\"Contact form\" enctype=\"multipart\/form-data\" novalidate=\"novalidate\" data-status=\"init\">\n<div style=\"display: none;\">\n<input type=\"hidden\" name=\"_wpcf7\" value=\"102\" \/>\n<input type=\"hidden\" name=\"_wpcf7_version\" value=\"5.8.3\" \/>\n<input type=\"hidden\" name=\"_wpcf7_locale\" value=\"en_US\" \/>\n<input type=\"hidden\" name=\"_wpcf7_unit_tag\" value=\"wpcf7-f102-o1\" \/>\n<input type=\"hidden\" name=\"_wpcf7_container_post\" value=\"0\" \/>\n<input type=\"hidden\" name=\"_wpcf7_posted_data_hash\" value=\"\" \/>\n<input type=\"hidden\" name=\"_wpcf7_recaptcha_response\" value=\"\" \/>\n<\/div>\n<div class=\"row\"> \n <label><span class=\"label-text\">Name<\/span> \n  <span class=\"wpcf7-form-control-wrap\" data-name=\"text-full-name\"><input size=\"40\" class=\"wpcf7-form-control wpcf7-text wpcf7-validates-as-required\" aria-required=\"true\" aria-invalid=\"false\" placeholder=\"Name\" value=\"\" type=\"text\" name=\"text-full-name\" \/><\/span><\/label> \n<\/div> \n<div class=\"row\"> \n <label><span class=\"label-text\">Phone*<\/span> \n<span class=\"wpcf7-form-control-wrap\" data-name=\"phonetext-270\"><input size=\"40\" class=\"wpcf7-form-control wpcf7-phonetext wpcf7-validates-as-required wpcf7-text wpcf7-validates-as-phonetext\" aria-required=\"true\" aria-invalid=\"false\" placeholder=\"Phone*\" value=\"\" type=\"text\" name=\"phonetext-270\" \/><input type=\"hidden\" name=\"phonetext-270-country-code\" class=\"wpcf7-phonetext-country-code\" \/><\/span><\/label> \n<\/div> \n<div class=\"row\"> \n <label><span class=\"label-text\">E-mail<\/span> \n  <span class=\"wpcf7-form-control-wrap\" data-name=\"email-e-mail\"><input size=\"40\" class=\"wpcf7-form-control wpcf7-email wpcf7-validates-as-required wpcf7-text wpcf7-validates-as-email\" aria-required=\"true\" aria-invalid=\"false\" placeholder=\"E-mail\" value=\"\" type=\"email\" name=\"email-e-mail\" \/><\/span><\/label> \n<\/div> \n<div class=\"row\"><span>Your country<\/span> \n <label><span class=\"wpcf7-form-control-wrap\" data-name=\"countrytext-126\"><input size=\"40\" class=\"wpcf7-form-control wpcf7-countrytext wpcf7-text wpcf7-validates-as-countrytext\" aria-invalid=\"false\" value=\"\" type=\"text\" name=\"countrytext-126\" \/><\/span> <\/label>\n<\/div> \n<div class=\"row\"> \n <button type=\"submit\" class=\"btn\">Send<\/button> \n<\/div> \n<div class=\"row\"> \n <span class=\"wpcf7-form-control-wrap\" data-name=\"checkbox-931\"><span class=\"wpcf7-form-control wpcf7-checkbox\"><span class=\"wpcf7-list-item first\"><label><input type=\"checkbox\" name=\"checkbox-931[]\" value=\"Integrator\" \/><span class=\"wpcf7-list-item-label\">Integrator<\/span><\/label><\/span><span class=\"wpcf7-list-item\"><label><input type=\"checkbox\" name=\"checkbox-931[]\" value=\"Builder\" \/><span class=\"wpcf7-list-item-label\">Builder<\/span><\/label><\/span><span class=\"wpcf7-list-item last\"><label><input type=\"checkbox\" name=\"checkbox-931[]\" value=\"End-User\" \/><span class=\"wpcf7-list-item-label\">End-User<\/span><\/label><\/span><\/span><\/span> \n<\/div> \n<div class=\"row row-upload-file\"> \n <label class=\"upload-file-block js-upload-file\">Attach file \n  <span class=\"wpcf7-form-control-wrap\" data-name=\"file-466\"><input size=\"40\" class=\"wpcf7-form-control wpcf7-file\" accept=\"audio\/*,video\/*,image\/*\" aria-invalid=\"false\" type=\"file\" name=\"file-466\" \/><\/span><\/label> \n<\/div><input type='hidden' class='wpcf7-pum' value='{\"closepopup\":false,\"closedelay\":0,\"openpopup\":false,\"openpopup_id\":0}' \/><div class=\"wpcf7-response-output\" aria-hidden=\"true\"><\/div>\n<\/form>\n<\/div>\n            <\/div>\r\n\r\n\t\t    <div class=\"text-holder\" data-aos=\"fade-left\">\r\n\t\t\t\t\t\t    <h3 class=\"title-block\">How Can We Help?<\/h3>\r\n\t\t\t\r\n\t\t\t                <div class=\"text-block\">\r\n                    V\u00e6lg venligst et emne nedenfor, der er relateret til din foresp\u00f8rgsel. Hvis du ikke finder det, du har brug for, kan du udfylde vores kontaktformular.                <\/div>\r\n\t\t\t\r\n\t\t\t\t\t\t    <ul class=\"link-list\">\r\n\t\t\t\t\t\t\t\t\t\t\t\t\t\t\t\t\t\t<li>\r\n\t\t\t\t\t\t\t\t\t\t\t\t\t\t\t\t    <strong>Bliv inspireret<\/strong>\r\n\t\t\t\t\t\t\t\t\t\t\t\t\t\t\t\t\t\t\t\t\t\t\t\t    <a href=\"\/features\/\">\r\n\t\t\t\t\t\t\t\t        Opdag, hvad der gemmer sig under vores intercom\t\t\t\t\t\t\t\t    <\/a>\r\n\t\t\t\t\t\t\t\t\t\t\t\t\t\t\t<\/li>\r\n\t\t\t\t\t\t\t\t\t\t\t\t\t\t\t\t\t\t\t\t\t\t\t\t<li>\r\n\t\t\t\t\t\t\t\t\t\t\t\t\t\t\t\t    <strong>Bliv partner<\/strong>\r\n\t\t\t\t\t\t\t\t\t\t\t\t\t\t\t\t\t\t\t\t\t\t\t\t    <a href=\"\/distributors\/\">\r\n\t\t\t\t\t\t\t\t        Udvid din forretning med BAS-IP intercom\t\t\t\t\t\t\t\t    <\/a>\r\n\t\t\t\t\t\t\t\t\t\t\t\t\t\t\t<\/li>\r\n\t\t\t\t\t\t\t\t\t\t\t\t\t\t\t\t\t\t\t\t\t\t\t\t<li>\r\n\t\t\t\t\t\t\t\t\t\t\t\t\t\t\t\t    <strong>Tjek guiderne<\/strong>\r\n\t\t\t\t\t\t\t\t\t\t\t\t\t\t\t\t\t\t\t\t\t\t\t\t    <a href=\"\/support\/\">\r\n\t\t\t\t\t\t\t\t        Download detaljerede manualer og skemaer\t\t\t\t\t\t\t\t    <\/a>\r\n\t\t\t\t\t\t\t\t\t\t\t\t\t\t\t<\/li>\r\n\t\t\t\t\t\t\t\t\t\t\t\t\t\t\t<\/ul>\r\n\t\t\t\r\n\t\t\t\t\t\t    <h3 class=\"title-block\">Vores kontakter<\/h3>\r\n\t\t\t\r\n\t\t\t\t\t\t\t<ul class=\"contact-list\">\r\n\t\t\t\t\t\t\t\t\t\t\t\t\t\t\t\t\t\t<li>\r\n\t\t\t\t\t\t\t\t\t\t\t\t\t\t\t\t\t<strong>Salg:<\/strong>\r\n\t\t\t\t\t\t\t\t\t\t\t\t\t\t\t\t\t\t\t\t\t\t\t\t    <a href=\"mailto:&#115;a&#108;es&#64;b&#97;&#115;-ip.c&#111;m\">s&#97;&#108;&#101;&#115;&#64;b&#97;s-i&#112;&#46;&#99;o&#109;<\/a>\r\n\t\t\t\t\t\t\t\t\t\t\t\t\t\t\t<\/li>\r\n\t\t\t\t\t\t\t\t\t\t\t\t\t\t\t\t\t\t\t\t\t\t\t\t<li>\r\n\t\t\t\t\t\t\t\t\t\t\t\t\t\t\t\t\t<strong>Teknisk support:<\/strong>\r\n\t\t\t\t\t\t\t\t\t\t\t\t\t\t\t\t\t\t\t\t\t\t\t\t    <a href=\"mailto:sup&#112;or&#116;&#64;&#98;as&#45;i&#112;&#46;co&#109;\">s&#117;p&#112;o&#114;t&#64;&#98;as-i&#112;&#46;&#99;om<\/a>\r\n\t\t\t\t\t\t\t\t\t\t\t\t\t\t\t<\/li>\r\n\t\t\t\t\t\t\t\t\t\t\t\t\t\t\t<\/ul>\r\n\t\t\t\t\t<\/div>\r\n\t<\/section>\r\n\r\n\r\n\r\n<!-- END Block Sign Up -->","protected":false},"excerpt":{"rendered":"","protected":false},"author":1,"featured_media":0,"parent":0,"menu_order":0,"comment_status":"closed","ping_status":"closed","template":"page-custom-breadcrumbs.php","meta":{"inline_featured_image":false,"footnotes":""},"class_list":["post-148225","page","type-page","status-publish","hentry"],"acf":[],"_links":{"self":[{"href":"https:\/\/bas-ip.com\/da\/wp-json\/wp\/v2\/pages\/148225","targetHints":{"allow":["GET"]}}],"collection":[{"href":"https:\/\/bas-ip.com\/da\/wp-json\/wp\/v2\/pages"}],"about":[{"href":"https:\/\/bas-ip.com\/da\/wp-json\/wp\/v2\/types\/page"}],"author":[{"embeddable":true,"href":"https:\/\/bas-ip.com\/da\/wp-json\/wp\/v2\/users\/1"}],"replies":[{"embeddable":true,"href":"https:\/\/bas-ip.com\/da\/wp-json\/wp\/v2\/comments?post=148225"}],"version-history":[{"count":3,"href":"https:\/\/bas-ip.com\/da\/wp-json\/wp\/v2\/pages\/148225\/revisions"}],"predecessor-version":[{"id":148301,"href":"https:\/\/bas-ip.com\/da\/wp-json\/wp\/v2\/pages\/148225\/revisions\/148301"}],"wp:attachment":[{"href":"https:\/\/bas-ip.com\/da\/wp-json\/wp\/v2\/media?parent=148225"}],"curies":[{"name":"wp","href":"https:\/\/api.w.org\/{rel}","templated":true}]}}