{"id":145982,"date":"2025-09-23T08:45:01","date_gmt":"2025-09-23T08:45:01","guid":{"rendered":"https:\/\/bas-ip.com\/cookies-policy\/"},"modified":"2025-10-15T10:38:04","modified_gmt":"2025-10-15T10:38:04","slug":"cookies-policy","status":"publish","type":"page","link":"https:\/\/bas-ip.com\/da\/cookies-policy\/","title":{"rendered":"COOKIESPOLITIK"},"content":{"rendered":"<h1><strong>OMFANGET AF DENNE POLITIK<\/strong><\/h1>\n<p>Denne cookiepolitik (\u201c <strong>Politik <\/strong>\u201d) er udarbejdet af <strong>BAS-IP DISTRIBUTION LTD <\/strong>(\u201c <strong>BAS-IP <\/strong>\u201d, \u201c <strong>Virksomheden <\/strong>\u201d, \u201c <strong>vi <\/strong>\u201d, \u201c <strong>os <\/strong>\u201d eller \u201c <strong>vores <\/strong>\u201d) for at informere brugerne af hjemmesiden om den behandling, der udf\u00f8res vedr\u00f8rende deres personoplysninger ved hj\u00e6lp af cookies.<\/p>\n<p>Vi bruger cookies p\u00e5 vores hjemmeside <a href=\"https:\/\/bas-ip.com\/\">https:\/\/bas-ip.com\/ <\/a>(\u201c <strong>Hjemmesiden\u201d <\/strong>) til f\u00f8lgende form\u00e5l:<\/p>\n<ul>\n<li>at genkende din enhed og gemme de handlinger, du tidligere har foretaget;<\/li>\n<li>at analysere brugernes brug af hjemmesiden for at forbedre vores tjenester;<\/li>\n<li>at forhindre bedrageri;<\/li>\n<li>for at sikre hjemmesidens funktionalitet;<\/li>\n<li>til andre form\u00e5l beskrevet i denne politik.<\/li>\n<\/ul>\n<h1><strong>HVAD ER COOKIES?<\/strong><\/h1>\n<p>En cookie er et lille stykke data, ofte indeholdende et unikt identifikationsnavn, som et websted sender til din computer, tablet eller mobiltelefon (&#8221; <strong>enhed <\/strong>&#8220;). Cookies bruges til at huske dine pr\u00e6ferencer, enheds- og browserindstillinger. Selvom cookies ikke altid identificerer dig direkte, bidrager de til en mere personlig onlineoplevelse.<\/p>\n<p><strong><u>Cookies fra udbyder:<\/u><\/strong><\/p>\n<p>Der er to typer cookies, opdelt efter udbyderkategori, nemlig:<\/p>\n<ul>\n<li><strong>F\u00f8rstepartscookies <\/strong>er cookies, der placeres p\u00e5 webstedet af v\u00e6rten for det dom\u00e6ne, som brugeren bes\u00f8ger.<\/li>\n<li><strong>Tredjepartscookies <\/strong>er cookies, der placeres p\u00e5 webstedet af andre dom\u00e6ner end det, brugeren bes\u00f8ger.<\/li>\n<\/ul>\n<p>Du kan finde relevante oplysninger om tredjepartsudbyderes brug af cookies i deres respektive dokumenter om beskyttelse af personlige oplysninger.<\/p>\n<p><strong>P\u00e5 vores hjemmeside bruger vi b\u00e5de f\u00f8rsteparts- og tredjepartscookies.<\/strong><\/p>\n<p><strong><u>Cookies efter udl\u00f8bsperiode:<\/u><\/strong><\/p>\n<p>Cookies varierer ogs\u00e5 afh\u00e6ngigt af opbevaringsperioden, nemlig:<\/p>\n<ul>\n<li><strong>Sessionscookies <\/strong>udl\u00f8ber automatisk, n\u00e5r du lukker browseren;<\/li>\n<li><strong>Permanente cookies <\/strong>gemmes, indtil de udl\u00f8ber, eller du sletter dem.<\/li>\n<\/ul>\n<p><strong>P\u00e5 vores hjemmeside bruger vi b\u00e5de sessionscookies og permanente cookies.<\/strong><\/p>\n<h1><strong>DINE VALG<\/strong><\/h1>\n<p>Du har ret til at v\u00e6lge, om du vil acceptere de specifikke cookies. Cookies er dog en v\u00e6sentlig del af, hvordan vores hjemmeside fungerer. V\u00e6r opm\u00e6rksom p\u00e5, at hvis du beslutter dig for at blokere eller slette bestemte cookies, fungerer nogle funktioner p\u00e5 vores hjemmeside muligvis ikke ordentligt eller bliver utilg\u00e6ngelige.<\/p>\n<p>De fleste webbrowsere er som standard indstillet til at acceptere cookies. Du kan dog stadig indstille din browser til at blokere eller slette cookies. For at \u00e6ndre indstillingerne i din browser skal du f\u00f8lge instruktionerne i f\u00f8lgende links:<\/p>\n<ul>\n<li><a href=\"https:\/\/support.google.com\/chrome\/answer\/95647?hl=en\" target=\"_blank\" rel=\"noopener\">Google Chrome<\/a>;<\/li>\n<li><a href=\"https:\/\/support.apple.com\/en-gb\/guide\/safari\/sfri11471\/mac\" target=\"_blank\" rel=\"noopener\">Safari<\/a>;<\/li>\n<li><a href=\"https:\/\/help.opera.com\/en\/latest\/web-preferences\/\" target=\"_blank\" rel=\"noopener\">Opera<\/a>;<\/li>\n<li><a href=\"https:\/\/support.microsoft.com\/en-us\/topic\/delete-and-manage-cookies-168dab11-0753-043d-7c16-ede5947fc64d\" target=\"_blank\" rel=\"noopener\">Microsoft Edge<\/a>;<\/li>\n<li><a href=\"https:\/\/support.mozilla.org\/en-US\/kb\/cookies-information-websites-store-on-your-computer\" target=\"_blank\" rel=\"noopener\">Mozilla Firefox<\/a>.<\/li>\n<\/ul>\n<p>De fleste webbrowsere indsamler muligvis personoplysninger i henhold til deres egne praksisser og politikker. Vi behandler ikke s\u00e5danne data og er ikke ansvarlige for deres indsamling og behandling.<\/p>\n<p><strong>Husk venligst, at denne politik IKKE d\u00e6kker cookies leveret af tredjeparter, n\u00e5r du f\u00f8lger links til andre websteder end vores.<\/strong><\/p>\n<h1><strong>TYPER AF COOKIES VI BRUGER<\/strong><\/h1>\n<p>Vi kan bruge fire hovedtyper af cookies, herunder dem der placeres af tredjepartstjenester, p\u00e5 vores hjemmeside:<\/p>\n<ul>\n<li><strong>N\u00f8dvendigt <\/strong>: G\u00f8r det muligt for brugerne at bruge hjemmesiden ved at tilbyde grundl\u00e6ggende funktioner, s\u00e5som at sikre sikkerhed. Hjemmesiden kan ikke fungere korrekt uden disse cookies.<\/li>\n<li><strong>Analyse: <\/strong>Disse cookies indsamler oplysninger om, hvordan brugerne interagerer med vores hjemmeside (f.eks. sidebes\u00f8g og sideindl\u00e6sningshastighed). Disse cookies placeres undertiden af tredjepartsudbydere af webtrafikanalysetjenester.<\/li>\n<li><strong>Markedsf\u00f8ring: <\/strong>Disse cookies bruges til at spore bes\u00f8gendes interesse for et bestemt produkt, m\u00e5le antallet af unikke bes\u00f8g, genkende tilbagevendende brugere og levere en m\u00e5lrettet annonce til brugerne. Disse cookies placeres af os og udvalgte tredjeparter, hvilket g\u00f8r det muligt at pr\u00e6sentere annoncer for dig p\u00e5 tredjepartswebsteder.<\/li>\n<li><strong>Pr\u00e6ferencer <\/strong>: g\u00f8r det muligt for vores hjemmeside at huske valg, du foretager (f.eks. sprogpr\u00e6ferencer), og genkende dig, n\u00e5r du vender tilbage.<\/li>\n<\/ul>\n<h1><strong>RETLIGE BEGRUNDELSER<\/strong><\/h1>\n<p>Vi bruger cookies i henhold til artikel 6 i den britiske GDPR og GDPR baseret p\u00e5 f\u00f8lgende grundlag:<\/p>\n<ul>\n<li>brugernes samtykke;<\/li>\n<li>virksomhedens legitime interesse.<\/li>\n<\/ul>\n<p>Vi kan bruge n\u00f8dvendige og foretrukne cookies baseret p\u00e5 vores legitime interesse, nemlig:<\/p>\n<ul>\n<li>at kontrollere, om brugernes browser underst\u00f8tter cookies;<\/li>\n<li>at registrere, om den bes\u00f8gende har accepteret cookies i cookiebanneret;<\/li>\n<li>til load balancing (for at optimere brugeroplevelsen);<\/li>\n<li>at bevare brugersessionsstatus p\u00e5 tv\u00e6rs af sideforesp\u00f8rgsler;<\/li>\n<li>af sikkerhedsm\u00e6ssige \u00e5rsager, s\u00e5som at begr\u00e6nse indg\u00e5ende trafik;<\/li>\n<li>forbedre brugeroplevelsen ved at aktivere personlige funktioner s\u00e5som sprogindstillinger<\/li>\n<\/ul>\n<p><strong>N\u00f8dvendige cookies er altid aktive <\/strong>.<\/p>\n<p>Pr\u00e6ferencecookies er sl\u00e5et fra, medmindre brugeren f.eks. v\u00e6lger at administrere sine sprogpr\u00e6ferencer. I dette tilf\u00e6lde <strong>aktiveres de pr\u00e6ferencecookies automatisk for at sikre brugerens anmodning.<\/strong><\/p>\n<p><strong>Andre cookies, nemlig analyse- og marketingcookies, bruges kun baseret p\u00e5 brugerens samtykke.<\/strong><\/p>\n<p><span style=\"font-size: revert; color: initial;\">F\u00f8lgende tabel viser de forskellige kategorier af cookies, vi bruger, og de form\u00e5l, vi bruger dem til, udbydere og opbevaringsperioder.<\/span><\/p>\n<h1><strong>S\u00c5DAN BRUGER VI COOKIES<\/strong><\/h1>\n<p>V\u00e6r opm\u00e6rksom p\u00e5 listen over cookies. Vi har markeret med r\u00f8dt de cookies, som vi ikke kunne finde ved hj\u00e6lp af online cookiescannere.<\/p>\n<p>Gennemg\u00e5 venligst tabellerne nedenfor, og foretag n\u00f8dvendige \u00e6ndringer.<\/p>\n<p><strong>N\u00f8dvendige cookies (12)<\/strong><\/p>\n<table width=\"680\">\n<tbody>\n<tr>\n<td width=\"129\"><strong>SM\u00c5KAGER<\/strong><\/p>\n<p><strong>NAVN<\/strong><\/td>\n<td width=\"152\"><strong>UDBYDER<\/strong><\/td>\n<td width=\"286\"><strong>FORM\u00c5L<\/strong><\/td>\n<td width=\"113\"><strong>TILBAGEHOLDELSE<\/strong><\/td>\n<\/tr>\n<tr>\n<td width=\"129\">_GRECAPTCHA<\/td>\n<td width=\"152\">google.com<\/td>\n<td width=\"286\">Denne cookie er indstillet til at identificere bots for at beskytte webstedet mod ondsindede spamangreb.<\/td>\n<td width=\"113\">6 m\u00e5neder<\/td>\n<\/tr>\n<tr>\n<td width=\"129\">rc::a<\/td>\n<td width=\"152\">google.com<\/td>\n<td width=\"286\">Denne cookie er indstillet til at identificere bots for at beskytte webstedet mod ondsindede spamangreb.<\/td>\n<td width=\"113\">Aldrig<\/td>\n<\/tr>\n<tr>\n<td width=\"129\">rc::f<\/td>\n<td width=\"152\">google.com<\/td>\n<td width=\"286\">Denne cookie er indstillet til at identificere bots for at beskytte webstedet mod ondsindede spamangreb.<\/td>\n<td width=\"113\">Aldrig<\/td>\n<\/tr>\n<tr>\n<td width=\"129\">rc::b<\/td>\n<td width=\"152\">google.com<\/td>\n<td width=\"286\">Denne cookie er indstillet til at identificere bots for at beskytte webstedet mod ondsindede spamangreb.<\/td>\n<td width=\"113\">Session<\/td>\n<\/tr>\n<tr>\n<td width=\"129\">rc::c<\/td>\n<td width=\"152\">google.com<\/td>\n<td width=\"286\">Denne cookie er indstillet til at identificere bots for at beskytte webstedet mod ondsindede spamangreb.<\/td>\n<td width=\"113\">Session<\/td>\n<\/tr>\n<tr>\n<td width=\"129\">__q_state_37pXYrro6wCZbsU7<\/td>\n<td width=\"152\">cloudflare.com<\/td>\n<td width=\"286\">Denne cookie gemmer oplysninger om brugerens sessionsstatus for at sikre problemfri hjemmesidefunktionalitet, s\u00e5som at opretholde navigation og sessionskontinuitet.<\/td>\n<td width=\"113\">1 \u00e5r<\/td>\n<\/tr>\n<tr>\n<td width=\"129\">AEC<\/td>\n<td width=\"152\">google.com<\/td>\n<td width=\"286\">Sikrer, at anmodninger i en browsersession foretages af brugeren og ikke af andre websteder. Denne cookie forhindrer ondsindede websteder i at handle p\u00e5 vegne af en bruger uden brugerens viden.<\/td>\n<td width=\"113\">6 m\u00e5neder<\/td>\n<\/tr>\n<tr>\n<td width=\"129\">S\u00d8G_SAMESTED<\/td>\n<td width=\"152\">google.com<\/td>\n<td width=\"286\">Denne cookie bruges til at forhindre browseren i at sende denne cookie sammen med anmodninger p\u00e5 tv\u00e6rs af websteder.<\/td>\n<td width=\"113\">2 m\u00e5neder<\/td>\n<\/tr>\n<tr>\n<td width=\"129\">HSID<\/td>\n<td width=\"152\">google.com<\/td>\n<td width=\"286\">Sikkerhedscookie til at bekr\u00e6fte bes\u00f8gendes \u00e6gthed, forhindre svigagtig brug af logindata og beskytte bes\u00f8gendes data mod uautoriseret adgang.<\/td>\n<td width=\"113\">13 m\u00e5neder<\/td>\n<\/tr>\n<tr>\n<td width=\"129\">SID<\/td>\n<td width=\"152\">google.com<\/td>\n<td width=\"286\">Sikkerhedscookies bruges til at bekr\u00e6fte bes\u00f8gendes \u00e6gthed, forhindre svigagtig brug af logindata og beskytte bes\u00f8gendes data mod uautoriseret adgang.<\/td>\n<td width=\"113\">13 m\u00e5neder<\/td>\n<\/tr>\n<tr>\n<td width=\"129\">SIDCC<\/td>\n<td width=\"152\">google.com<\/td>\n<td width=\"286\">Sikkerhedscookies bruges til at bekr\u00e6fte bes\u00f8gendes \u00e6gthed, forhindre svigagtig brug af logindata og beskytte bes\u00f8gendes data mod uautoriseret adgang.<\/td>\n<td width=\"113\">1 \u00e5r<\/td>\n<\/tr>\n<tr>\n<td width=\"129\">__Sikker-ENID<\/td>\n<td width=\"152\">google.com<\/td>\n<td width=\"286\">Gemmer krypterede og digitalt signerede oplysninger, der er knyttet til et unikt Google-id og brugerens seneste logintidspunkt. Hj\u00e6lper Google med at identificere bes\u00f8gende, forhindre svigagtig brug af loginoplysninger og beskytte brugerdata mod uautoriseret adgang.<\/td>\n<td width=\"113\">6 m\u00e5neder<\/td>\n<\/tr>\n<\/tbody>\n<\/table>\n<p><strong>Analysecookies (24)<\/strong><\/p>\n<table width=\"680\">\n<tbody>\n<tr>\n<td width=\"129\"><strong>SM\u00c5KAGER<\/strong><\/p>\n<p><strong>NAVN<\/strong><\/td>\n<td width=\"151\"><strong>UDBYDER<\/strong><\/td>\n<td width=\"287\"><strong>FORM\u00c5L<\/strong><\/td>\n<td width=\"113\"><strong>TILBAGEHOLDELSE<\/strong><\/td>\n<\/tr>\n<tr>\n<td width=\"129\">_ga_*<\/td>\n<td width=\"151\">\n<p>bas-ip.com<\/td>\n<td width=\"287\">Denne cookie bruges til at identificere unikke brugere ved at tildele et tilf\u00e6ldigt genereret nummer som klientidentifikator.<\/td>\n<td width=\"113\">13 m\u00e5neder<\/td>\n<\/tr>\n<tr>\n<td width=\"129\">nQ_cookieId<\/td>\n<td width=\"151\">bas-ip.com<\/td>\n<td width=\"287\">Denne cookie bruges til at identificere brugersessionen ved at tildele et unikt ID til brugeren.<\/td>\n<td width=\"113\">1 \u00e5r<\/td>\n<\/tr>\n<tr>\n<td width=\"129\">nQ_brugerbes\u00f8gs-ID<\/td>\n<td width=\"151\">bas-ip.com<\/td>\n<td width=\"287\">Denne cookie bruges til at identificere brugersessionen ved at tildele et unikt ID til brugeren.<\/td>\n<td width=\"113\">30 minutter<\/td>\n<\/tr>\n<tr>\n<td width=\"129\">_ga<\/td>\n<td width=\"151\">cloudflare.com<\/td>\n<td width=\"287\">Denne cookie bruges til at identificere unikke brugere ved at tildele et tilf\u00e6ldigt genereret nummer som klientidentifikator.<\/td>\n<td width=\"113\">13 m\u00e5neder<\/td>\n<\/tr>\n<tr>\n<td width=\"129\">_ga_HX4PVT7PBH<\/td>\n<td width=\"151\">cloudflare.com<\/td>\n<td width=\"287\">Bruges til at sende data om den bes\u00f8gendes enhed og adf\u00e6rd til Google Analytics.<\/td>\n<td width=\"113\">13 m\u00e5neder<\/td>\n<\/tr>\n<tr>\n<td width=\"129\">_ga_SQCRB0TXZW<\/td>\n<td width=\"151\">cloudflare.com<\/td>\n<td width=\"287\">Denne cookie bruges til at gemme og t\u00e6lle sidevisninger.<\/td>\n<td width=\"113\">13 m\u00e5neder<\/td>\n<\/tr>\n<tr>\n<td width=\"129\">AMCV_8AD56F28618A50850A495FB6%40AdobeOrg<\/td>\n<td width=\"151\">\n<p>cloudflare.com<\/td>\n<td width=\"287\">Denne cookie bruges til at identificere brugersessionen ved at tildele et unikt ID til brugeren.<\/td>\n<td width=\"113\">13 m\u00e5neder<\/td>\n<\/tr>\n<tr>\n<td width=\"129\">AMCVS_8AD56F28618A50850A495FB6%40AdobeOrg<\/td>\n<td width=\"151\">cloudflare.com<\/td>\n<td width=\"287\">Fungerer som et flag, der angiver, at sessionen er blevet initialiseret.<\/td>\n<td width=\"113\">Session<\/td>\n<\/tr>\n<tr>\n<td width=\"129\">cfz_adobe<\/td>\n<td width=\"151\">cloudflare.com<\/td>\n<td width=\"287\">Denne cookie bruges til analyse- og statistiske form\u00e5l.<\/td>\n<td width=\"113\">1 \u00e5r<\/td>\n<\/tr>\n<tr>\n<td width=\"129\">cfz_amplitude<\/td>\n<td width=\"151\">cloudflare.com<\/td>\n<td width=\"287\">Denne cookie bruges til analyse- og statistiske form\u00e5l.<\/td>\n<td width=\"113\">1 \u00e5r<\/td>\n<\/tr>\n<tr>\n<td width=\"129\">cfzs_amplitude<\/td>\n<td width=\"151\">cloudflare.com<\/td>\n<td width=\"287\">Denne cookie bruges til analyse- og statistiske form\u00e5l.<\/td>\n<td width=\"113\">Session<\/td>\n<\/tr>\n<tr>\n<td width=\"129\">cfz_google-analytics_v4<\/td>\n<td width=\"151\">cloudflare.com<\/td>\n<td width=\"287\">Denne cookie bruges til analyse- og statistiske form\u00e5l.<\/td>\n<td width=\"113\">1 \u00e5r<\/td>\n<\/tr>\n<tr>\n<td width=\"129\">cfzs_google-analytics_v4<\/td>\n<td width=\"151\">cloudflare.com<\/td>\n<td width=\"287\">Denne cookie bruges til analyse- og statistiske form\u00e5l.<\/td>\n<td width=\"113\">Session<\/td>\n<\/tr>\n<tr>\n<td width=\"129\">kndctr_8AD56F28618A50850A495FB6_AdobeOrg_identitet<\/td>\n<td width=\"151\">cloudflare.com<\/td>\n<td width=\"287\">Registrerer statistiske data om brugernes adf\u00e6rd p\u00e5 hjemmesiden. Bruges til intern analyse af hjemmesideoperat\u00f8ren.<\/td>\n<td width=\"113\">13 m\u00e5neder<\/td>\n<\/tr>\n<tr>\n<td width=\"129\">s_kvadrat<\/td>\n<td width=\"151\">cloudflare.com<\/td>\n<td width=\"287\">Indeholder oplysninger om det link, som den bes\u00f8gende forrige har klikket p\u00e5.<\/td>\n<td width=\"113\">Session<\/td>\n<\/tr>\n<tr>\n<td width=\"129\">utm_kampagne<\/td>\n<td width=\"151\">cloudflare.com<\/td>\n<td width=\"287\">Angiver parametre til URL&#8217;er for at identificere de kampagner, der henviser trafik.<\/td>\n<td width=\"113\">1 m\u00e5ned<\/td>\n<\/tr>\n<tr>\n<td width=\"129\">utm_indhold<\/td>\n<td width=\"151\">cloudflare.com<\/td>\n<td width=\"287\">Angiver parametre til URL&#8217;er for at identificere de kampagner, der henviser trafik.<\/td>\n<td width=\"113\">1 m\u00e5ned<\/td>\n<\/tr>\n<tr>\n<td width=\"129\">utm_medium<\/td>\n<td width=\"151\">cloudflare.com<\/td>\n<td width=\"287\">Angiver parametre til URL&#8217;er for at identificere de kampagner, der henviser trafik.<\/td>\n<td width=\"113\">1 m\u00e5ned<\/td>\n<\/tr>\n<tr>\n<td width=\"129\">utm_source<\/td>\n<td width=\"151\">cloudflare.com<\/td>\n<td width=\"287\">Angiver parametre til URL&#8217;er for at identificere de kampagner, der henviser trafik.<\/td>\n<td width=\"113\">1 m\u00e5ned<\/td>\n<\/tr>\n<tr>\n<td width=\"129\">utm_term<\/td>\n<td width=\"151\">cloudflare.com<\/td>\n<td width=\"287\">Angiver parametre til URL&#8217;er for at identificere de kampagner, der henviser trafik.<\/td>\n<td width=\"113\">1 m\u00e5ned<\/td>\n<\/tr>\n<tr>\n<td width=\"129\">_virksomhedsflagA<\/td>\n<td width=\"151\">cloudflare.com<\/td>\n<td width=\"287\">Sporer bes\u00f8gendes aktivitet til analyseform\u00e5l.<\/td>\n<td width=\"113\">1 \u00e5r<\/td>\n<\/tr>\n<tr>\n<td width=\"129\">_biz_nA<\/td>\n<td width=\"151\">cloudflare.com<\/td>\n<td width=\"287\">Sporer bes\u00f8gendes aktivitet til analyseform\u00e5l.<\/td>\n<td width=\"113\">1 \u00e5r<\/td>\n<\/tr>\n<tr>\n<td width=\"129\">_biz_pendingA<\/td>\n<td width=\"151\">cloudflare.com<\/td>\n<td width=\"287\">Sporer bes\u00f8gendes aktivitet til analyseform\u00e5l.<\/td>\n<td width=\"113\">1 \u00e5r<\/td>\n<\/tr>\n<tr>\n<td width=\"129\">_biz_uid<\/td>\n<td width=\"151\">cloudflare.com<\/td>\n<td width=\"287\">Identificerer entydigt en bruger p\u00e5 det aktuelle dom\u00e6ne.<\/td>\n<td width=\"113\">1 \u00e5r<\/td>\n<\/tr>\n<\/tbody>\n<\/table>\n<p><strong>Markedsf\u00f8ringscookies (17)<\/strong><\/p>\n<table width=\"680\">\n<tbody>\n<tr>\n<td width=\"129\"><strong>SM\u00c5KAGER<\/strong><\/p>\n<p><strong>NAVN<\/strong><\/td>\n<td width=\"151\"><strong>UDBYDER<\/strong><\/td>\n<td width=\"287\"><strong>FORM\u00c5L<\/strong><\/td>\n<td width=\"113\"><strong>TILBAGEHOLDELSE<\/strong><\/td>\n<\/tr>\n<tr>\n<td width=\"129\">_gcl_au<\/td>\n<td width=\"151\">cloudflare.com<\/td>\n<td width=\"287\">Bruges af Google AdSense til at eksperimentere med annonceringseffektivitet p\u00e5 tv\u00e6rs af websteder, der bruger deres tjenester.<\/td>\n<td width=\"113\">90 dage<\/td>\n<\/tr>\n<tr>\n<td width=\"129\">_mkto_trk<\/td>\n<td width=\"151\">cloudflare.com<\/td>\n<td width=\"287\">Denne trackingcookie g\u00f8r det muligt for et websted at forbinde bes\u00f8gendes adf\u00e6rd med modtageren af en e-mailmarketingkampagne for at m\u00e5le kampagnens effektivitet.<\/td>\n<td width=\"113\">13 m\u00e5neder<\/td>\n<\/tr>\n<tr>\n<td width=\"129\">_uetvid<\/td>\n<td width=\"151\">cloudflare.com<\/td>\n<td width=\"287\">Bruges af Microsoft Advertising til at gemme et unikt, anonymiseret bes\u00f8gs-ID for at personligg\u00f8re markedsf\u00f8ring.<\/td>\n<td width=\"113\">13 m\u00e5neder<\/td>\n<\/tr>\n<tr>\n<td width=\"129\">cfz_facebook-pixel<\/td>\n<td width=\"151\">cloudflare.com<\/td>\n<td width=\"287\">Denne cookie bruges til konverteringssporing og marketinganalyse.<\/td>\n<td width=\"113\">1 \u00e5r<\/td>\n<\/tr>\n<tr>\n<td width=\"129\">cfz_reddit<\/td>\n<td width=\"151\">cloudflare.com<\/td>\n<td width=\"287\">Denne cookie bruges til konverteringssporing og marketinganalyse.<\/td>\n<td width=\"113\">1 \u00e5r<\/td>\n<\/tr>\n<tr>\n<td width=\"129\">gclid<\/td>\n<td width=\"151\">cloudflare.com<\/td>\n<td width=\"287\">Denne cookie registrerer et Google Ads-klik-ID for at identificere kampagnen og andre attributter for det klik, der er knyttet til annoncen.<\/td>\n<td width=\"113\">1 m\u00e5ned<\/td>\n<\/tr>\n<tr>\n<td width=\"129\">APISID<\/td>\n<td width=\"151\">google.com<\/td>\n<td width=\"287\">Tilpasser Google-annoncer p\u00e5 websteder baseret p\u00e5 nylige s\u00f8gninger og interaktioner.<\/td>\n<td width=\"113\">13 m\u00e5neder<\/td>\n<\/tr>\n<tr>\n<td width=\"129\">SAPISID<\/td>\n<td width=\"151\">google.com<\/td>\n<td width=\"287\">Denne cookie bruges af Google til at vise personlige annoncer p\u00e5 Googles websteder baseret p\u00e5 nylige s\u00f8gninger og tidligere interaktioner.<\/td>\n<td width=\"113\">13 m\u00e5neder<\/td>\n<\/tr>\n<tr>\n<td width=\"129\">SSID<\/td>\n<td width=\"151\">google.com<\/td>\n<td width=\"287\">Denne cookie bruges af Google til at vise personlige annoncer p\u00e5 Googles websteder baseret p\u00e5 nylige s\u00f8gninger og tidligere interaktioner.<\/td>\n<td width=\"113\">13 m\u00e5neder<\/td>\n<\/tr>\n<tr>\n<td width=\"129\">__Sikker-1PAPISID<\/td>\n<td width=\"151\">google.com<\/td>\n<td width=\"287\">Sikker cookie til brugeridentifikation og personalisering, integreret med Google-tjenester.<\/td>\n<td width=\"113\">13 m\u00e5neder<\/td>\n<\/tr>\n<tr>\n<td width=\"129\">__Sikker-1PSID<\/td>\n<td width=\"151\">google.com<\/td>\n<td width=\"287\">Sikker cookie til brugeridentifikation og personalisering, integreret med Google-tjenester.<\/td>\n<td width=\"113\">13 m\u00e5neder<\/td>\n<\/tr>\n<tr>\n<td width=\"129\">__Secure-1PSIDCC<\/td>\n<td width=\"151\">google.com<\/td>\n<td width=\"287\">Sikker cookie til brugeridentifikation og personalisering, integreret med Google-tjenester.<\/td>\n<td width=\"113\">1 \u00e5r<\/td>\n<\/tr>\n<tr>\n<td width=\"129\">__Sikker-1PSIDTS<\/td>\n<td width=\"151\">google.com<\/td>\n<td width=\"287\">Sikker cookie til brugeridentifikation og personalisering, integreret med Google-tjenester.<\/td>\n<td width=\"113\">1 \u00e5r<\/td>\n<\/tr>\n<tr>\n<td width=\"129\">__Sikker-3PAPISID<\/td>\n<td width=\"151\">google.com<\/td>\n<td width=\"287\">Sikker cookie til brugeridentifikation og personalisering, integreret med Google-tjenester.<\/td>\n<td width=\"113\">13 m\u00e5neder<\/td>\n<\/tr>\n<tr>\n<td width=\"129\">__Sikker-3PSID<\/td>\n<td width=\"151\">google.com<\/td>\n<td width=\"287\">Sikker cookie til brugeridentifikation og personalisering, integreret med Google-tjenester.<\/td>\n<td width=\"113\">13 m\u00e5neder<\/td>\n<\/tr>\n<tr>\n<td width=\"129\">__Secure-3PSIDCC<\/td>\n<td width=\"151\">google.com<\/td>\n<td width=\"287\">Sikker cookie til brugeridentifikation og personalisering, integreret med Google-tjenester.<\/td>\n<td width=\"113\">1 \u00e5r<\/td>\n<\/tr>\n<tr>\n<td width=\"129\">__Sikker-3PSIDTS<\/td>\n<td width=\"151\">google.com<\/td>\n<td width=\"287\">Sikker cookie til brugeridentifikation og personalisering, integreret med Google-tjenester.<\/td>\n<td width=\"113\">1 \u00e5r<\/td>\n<\/tr>\n<\/tbody>\n<\/table>\n<p><strong>Pr\u00e6ferencecookies (4)<\/strong><\/p>\n<table width=\"680\">\n<tbody>\n<tr>\n<td width=\"129\"><strong>SM\u00c5KAGER<\/strong><\/p>\n<p><strong>NAVN<\/strong><\/td>\n<td width=\"151\"><strong>UDBYDER<\/strong><\/td>\n<td width=\"287\"><strong>FORM\u00c5L<\/strong><\/td>\n<td width=\"113\"><strong>TILBAGEHOLDELSE<\/strong><\/td>\n<\/tr>\n<tr>\n<td width=\"129\">cookieja-samtykke<\/td>\n<td width=\"151\">bas-ip.com<\/td>\n<td width=\"287\">Denne cookie bruges til at bestemme brugerens foretrukne cookies.<\/td>\n<td width=\"113\">1 \u00e5r<\/td>\n<\/tr>\n<tr>\n<td width=\"129\">NID<\/td>\n<td width=\"151\">google.com<\/td>\n<td width=\"287\">Bruges til at huske dine pr\u00e6ferencer og andre oplysninger, s\u00e5som dit foretrukne sprog og hvor mange resultater du foretr\u00e6kker at f\u00e5 vist p\u00e5 en s\u00f8geresultatside.<\/td>\n<td width=\"113\">6 m\u00e5neder<\/td>\n<\/tr>\n<tr>\n<td width=\"129\">zaraz-samtykke<\/td>\n<td width=\"151\">cloudflare.com<\/td>\n<td width=\"287\">Denne cookie bruges til at bestemme brugerens foretrukne cookies.<\/td>\n<td width=\"113\">1 \u00e5r<\/td>\n<\/tr>\n<tr>\n<td width=\"129\">OptanonSamtykke<\/td>\n<td width=\"151\">cloudflare.com<\/td>\n<td width=\"287\">Gemmer oplysninger om de kategorier af cookies, som webstedet bruger, og om bes\u00f8gende har givet eller trukket samtykke til brugen af hver kategori tilbage.<\/td>\n<td width=\"113\">1 \u00e5r<\/td>\n<\/tr>\n<\/tbody>\n<\/table>\n<h1><strong>\u00c6NDRINGER TIL POLITIKKEN<\/strong><\/h1>\n<p>Denne cookiepolitik er en del af vores <u>privatlivspolitik <\/u>. Vi kan opdatere denne cookiepolitik fra tid til anden. Eventuelle \u00e6ndringer vil blive meddelt ved at offentligg\u00f8re en revideret version af cookiepolitikken p\u00e5 vores hjemmeside.<\/p>\n<p>Vi opfordrer dig til at gennemg\u00e5 denne politik med j\u00e6vne mellemrum. Hvis det er muligt, giver vi altid besked om kommende \u00e6ndringer ved at angive, hvorn\u00e5r den nye version af cookiepolitikken tr\u00e6der i kraft. Hvis du forts\u00e6tter med at bruge vores hjemmeside, efter at den nye version af cookiepolitikken er tr\u00e5dt i kraft, antager vi, at du accepterer \u00e6ndringerne.<\/p>\n<h1><strong>S\u00c5DAN KONTAKTER DU OS<\/strong><\/h1>\n<p>Kontakt os venligst, hvis du har sp\u00f8rgsm\u00e5l om vores brug af cookies, denne cookiepolitik eller dine rettigheder. Hvis du har et sp\u00f8rgsm\u00e5l vedr\u00f8rende denne cookiepolitik, vores behandlingsaktiviteter eller dine rettigheder som registreret person i henhold til den britiske GDPR, GDPR og andre g\u00e6ldende databeskyttelseslove, kan du kontakte vores databeskyttelsesr\u00e5dgiver direkte ved hj\u00e6lp af f\u00f8lgende oplysninger:<\/p>\n<p><strong>Ekstern databeskyttelsesr\u00e5dgiver<br \/>\nPrivacy GmbH<br \/>\nTyskland, Hamborg,<br \/>\nNeuer Wall 50, 20354<br \/>\nE-mail: <\/strong><a href=\"mailto:privacy@bas-ip.com\"><strong>privacy@bas-ip.com <\/strong><\/a>.<\/p>","protected":false},"excerpt":{"rendered":"<p>OMFANGET AF DENNE POLITIK Denne cookiepolitik (\u201c Politik \u201d) er udarbejdet af BAS-IP DISTRIBUTION LTD (\u201c BAS-IP \u201d, \u201c Virksomheden \u201d, \u201c vi \u201d, \u201c os \u201d eller \u201c vores \u201d) for at informere brugerne af hjemmesiden om den behandling, der udf\u00f8res vedr\u00f8rende deres personoplysninger ved hj\u00e6lp af cookies. Vi bruger cookies p\u00e5 vores hjemmeside [&hellip;]<\/p>","protected":false},"author":1,"featured_media":0,"parent":0,"menu_order":0,"comment_status":"closed","ping_status":"closed","template":"","meta":{"inline_featured_image":false,"footnotes":""},"class_list":["post-145982","page","type-page","status-publish","hentry"],"acf":[],"_links":{"self":[{"href":"https:\/\/bas-ip.com\/da\/wp-json\/wp\/v2\/pages\/145982","targetHints":{"allow":["GET"]}}],"collection":[{"href":"https:\/\/bas-ip.com\/da\/wp-json\/wp\/v2\/pages"}],"about":[{"href":"https:\/\/bas-ip.com\/da\/wp-json\/wp\/v2\/types\/page"}],"author":[{"embeddable":true,"href":"https:\/\/bas-ip.com\/da\/wp-json\/wp\/v2\/users\/1"}],"replies":[{"embeddable":true,"href":"https:\/\/bas-ip.com\/da\/wp-json\/wp\/v2\/comments?post=145982"}],"version-history":[{"count":3,"href":"https:\/\/bas-ip.com\/da\/wp-json\/wp\/v2\/pages\/145982\/revisions"}],"predecessor-version":[{"id":146084,"href":"https:\/\/bas-ip.com\/da\/wp-json\/wp\/v2\/pages\/145982\/revisions\/146084"}],"wp:attachment":[{"href":"https:\/\/bas-ip.com\/da\/wp-json\/wp\/v2\/media?parent=145982"}],"curies":[{"name":"wp","href":"https:\/\/api.w.org\/{rel}","templated":true}]}}