{"id":145699,"date":"2025-09-22T13:03:10","date_gmt":"2025-09-22T13:03:10","guid":{"rendered":"https:\/\/bas-ip.com\/career\/"},"modified":"2025-10-02T10:19:38","modified_gmt":"2025-10-02T10:19:38","slug":"career","status":"publish","type":"page","link":"https:\/\/bas-ip.com\/da\/career\/","title":{"rendered":"Karriere"},"content":{"rendered":"<!-- START Block Career Hero -->   <div class=\"careers-hero\" style=\"background-image:url(https:\/\/bas-ip.com\/wp-content\/uploads\/2025\/09\/career_top_bg_2-scaled.jpg)\">\r\n    <div class=\"careers-hero__overlay\"><\/div>\r\n    <div class=\"careers-container careers-hero__content\">\r\n      <h1 class=\"careers-hero__title\">vi <span>leder efter<\/span> dygtige mennesker<\/h1>\r\n              <p class=\"careers-hero__subtitle\">Vi udvikler banebrydende l\u00f8sninger inden for sikkerhed \u2014 fra IP-d\u00f8rtelefoner til adgangskontrol og videooverv\u00e5gningssystemer.<br>\r\nMen det vigtigste, vi bygger, er et team.<\/p>\r\n                    <a class=\"careers-btn careers-btn--primary\" href=\"https:\/\/bas-ip.com\/vacancies\/\">\r\n          arbejde med os        <\/a>\r\n          <\/div>\r\n  <\/div>\r\n     <section class=\"careers-benefits\">\r\n    <div class=\"careers-container\">\r\n              <h2 class=\"careers-section-title\">Hvorfor blive en del af os<\/h2>\r\n                    <div class=\"careers-benefits__grid\">\r\n                      <div class=\"careers-benefit\">\r\n                              <div class=\"careers-benefit__icon\"><img decoding=\"async\" src=\"https:\/\/bas-ip.com\/wp-content\/uploads\/2025\/09\/hugeicons_global.svg\" alt=\"icon\"><\/div>\r\n                                            <h3>Fjernbetjening f\u00f8rst<\/h3>\r\n                                            <p>Arbejd fra hvor som helst i verden<\/p>\r\n                          <\/div>\r\n                      <div class=\"careers-benefit\">\r\n                              <div class=\"careers-benefit__icon\"><img decoding=\"async\" src=\"https:\/\/bas-ip.com\/wp-content\/uploads\/2025\/09\/iconoir_brain.svg\" alt=\"icon\"><\/div>\r\n                                            <h3>Innovative produkter<\/h3>\r\n                                            <p>Banebrydende teknologi p\u00e5 sikkerhedsmarkedet<\/p>\r\n                          <\/div>\r\n                      <div class=\"careers-benefit\">\r\n                              <div class=\"careers-benefit__icon\"><img decoding=\"async\" src=\"https:\/\/bas-ip.com\/wp-content\/uploads\/2025\/09\/fluent_people-team-16-regular.svg\" alt=\"icon\"><\/div>\r\n                                            <h3>Globalt team<\/h3>\r\n                                            <p>Samarbejd p\u00e5 tv\u00e6rs af gr\u00e6nser og tidszoner<\/p>\r\n                          <\/div>\r\n                      <div class=\"careers-benefit\">\r\n                              <div class=\"careers-benefit__icon\"><img decoding=\"async\" src=\"https:\/\/bas-ip.com\/wp-content\/uploads\/2025\/09\/tabler_rocket.svg\" alt=\"icon\"><\/div>\r\n                                            <h3>V\u00e6kstdrevet<\/h3>\r\n                                            <p>Vi st\u00f8tter din l\u00e6ring og karriereudvikling<\/p>\r\n                          <\/div>\r\n                      <div class=\"careers-benefit\">\r\n                              <div class=\"careers-benefit__icon\"><img decoding=\"async\" src=\"https:\/\/bas-ip.com\/wp-content\/uploads\/2025\/09\/octicon_goal-24.svg\" alt=\"icon\"><\/div>\r\n                                            <h3>Resultater frem for bureaukrati<\/h3>\r\n                                            <p>Vi v\u00e6rds\u00e6tter handling og ejerskab<\/p>\r\n                          <\/div>\r\n                      <div class=\"careers-benefit\">\r\n                              <div class=\"careers-benefit__icon\"><img decoding=\"async\" src=\"https:\/\/bas-ip.com\/wp-content\/uploads\/2025\/09\/hugeicons_idea.svg\" alt=\"icon\"><\/div>\r\n                                            <h3>Din stemme betyder noget<\/h3>\r\n                                            <p>Initiativ er velkomment og bel\u00f8nnes<\/p>\r\n                          <\/div>\r\n                  <\/div>\r\n          <\/div>\r\n  <\/section>\r\n    <section class=\"careers-vision\">\r\n    <div class=\"careers-container careers-vision__grid\">\r\n      <div class=\"careers-vision__media\">\r\n                  <img decoding=\"async\" src=\"https:\/\/bas-ip.com\/wp-content\/uploads\/2025\/09\/vision.jpg\" alt=\"\" class=\"careers-vision__img careers-vision__img--single\">\r\n              <\/div>\r\n      <div class=\"careers-vision__text\">\r\n                  <h2 class=\"careers-section-title careers-section-title--left\">vores vision<\/h2>\r\n                          <p>I <b>BAS-IP<\/b> f\u00e5r du mulighed for at vokse, arbejde p\u00e5 inspirerende projekter og blive en del af et globalt team, der skaber fremtidens intelligente sikkerhedsl\u00f8sninger.<\/p>\n<p>Vi er <b>over 60 kolleger<\/b>, der arbejder p\u00e5 tv\u00e6rs af landegr\u00e6nser \u2014 for talent kender ingen gr\u00e6nser.<\/p>\n<p>Vores team best\u00e5r af specialister inden for R&amp;D, Salg, Support, Marketing, Indk\u00f8b &amp; Logistik, Finans og HR. Vores <b>mangfoldighed<\/b> er vores st\u00f8rste aktiv.<\/p>\n<p>Vi hj\u00e6lper nye i gang, inspirerer hinanden, tr\u00e6ffer hurtige beslutninger og bel\u00f8nner initiativ. Her f\u00e5r du ikke bare et job \u2014 du f\u00e5r <b>indflydelse<\/b>.<\/p>\n                          <a class=\"careers-btn careers-btn--primary\" href=\"https:\/\/bas-ip.com\/vacancies\/\">\r\n            arbejde med os          <\/a>\r\n              <\/div>\r\n    <\/div>\r\n  <\/section>\r\n  <section class=\"careers-values\">\r\n    <div class=\"careers-container\">\r\n              <h2 class=\"careers-section-title\">Vores v\u00e6rdier<\/h2>\r\n        <p>Hos BAS-IP er vores kultur bygget p\u00e5 mere end m\u00e5l \u2013 den er formet af f\u00e6lles v\u00e6rdier, der styrer, hvordan vi arbejder hver dag:<\/p>\r\n                    <div class=\"careers-values__grid\">\r\n                      <article class=\"careers-card\">\r\n                              <img decoding=\"async\" src=\"https:\/\/bas-ip.com\/wp-content\/uploads\/2025\/09\/honesty3.jpg\" alt=\"\">\r\n                            <div class=\"careers-card__body\">\r\n                                  <h3>\u00c6rlighed<\/h3>\r\n                                                  <p>\u00c5benhed og gennemsigtighed i alt, hvad vi g\u00f8r<\/p>\r\n                              <\/div>\r\n            <\/article>\r\n                      <article class=\"careers-card\">\r\n                              <img decoding=\"async\" src=\"https:\/\/bas-ip.com\/wp-content\/uploads\/2025\/09\/optimism.jpg\" alt=\"\">\r\n                            <div class=\"careers-card__body\">\r\n                                  <h3>Optimisme<\/h3>\r\n                                                  <p>Troen p\u00e5 os selv og vores teams succes<\/p>\r\n                              <\/div>\r\n            <\/article>\r\n                      <article class=\"careers-card\">\r\n                              <img decoding=\"async\" src=\"https:\/\/bas-ip.com\/wp-content\/uploads\/2025\/09\/support2.jpg\" alt=\"\">\r\n                            <div class=\"careers-card__body\">\r\n                                  <h3>St\u00f8tte<\/h3>\r\n                                                  <p>Hj\u00e6lper hinanden med venlighed og omsorg<\/p>\r\n                              <\/div>\r\n            <\/article>\r\n                      <article class=\"careers-card\">\r\n                              <img decoding=\"async\" src=\"https:\/\/bas-ip.com\/wp-content\/uploads\/2025\/09\/selfdev-1.jpg\" alt=\"\">\r\n                            <div class=\"careers-card__body\">\r\n                                  <h3>Selvudvikling<\/h3>\r\n                                                  <p>Str\u00e6ber altid efter at l\u00e6re og vokse<\/p>\r\n                              <\/div>\r\n            <\/article>\r\n                  <\/div>\r\n          <\/div>\r\n  <\/section>\r\n    <section class=\"careers-banner\">\r\n    <div class=\"careers-banner__bg\" style=\"background-image:url(https:\/\/bas-ip.com\/wp-content\/uploads\/2025\/09\/careerbannerbg1-scaled.jpg)\"><\/div>\r\n    <div class=\"careers-container careers-banner__content\">\r\n              <p class=\"careers-banner__title\">VI BYGGER IKKE BARE TEKNOLOGI \u2014 <span>VI BYGGER<br>\r\nET TEAM<\/span> SOM AFSL\u00d8RER DISSE V\u00c6RDIER P\u00c5 HVER ENKELT TRIN.<\/p>\r\n          <\/div>\r\n  <\/section>\r\n\r\n  \r\n    <section id=\"open\" class=\"careers-open\">\r\n    <div class=\"careers-container careers-open__inner\">\r\n              <h2 class=\"careers-section-title\">Ledige stillinger<\/h2>\r\n                    <p>Udforsk vores ledige stillinger og ans\u00f8g direkte. Vi er altid p\u00e5 udkig efter passionerede fagfolk, der vil v\u00e6re med p\u00e5 vores rejse.<\/p>\r\n                    <a class=\"careers-btn careers-btn--primary\" href=\"https:\/\/bas-ip.com\/vacancies\/\">\r\n          arbejde med os        <\/a>\r\n          <\/div>\r\n  <\/section><!-- END Block Career Hero -->","protected":false},"excerpt":{"rendered":"","protected":false},"author":2,"featured_media":0,"parent":0,"menu_order":0,"comment_status":"closed","ping_status":"closed","template":"","meta":{"inline_featured_image":false,"footnotes":""},"class_list":["post-145699","page","type-page","status-publish","hentry"],"acf":[],"_links":{"self":[{"href":"https:\/\/bas-ip.com\/da\/wp-json\/wp\/v2\/pages\/145699","targetHints":{"allow":["GET"]}}],"collection":[{"href":"https:\/\/bas-ip.com\/da\/wp-json\/wp\/v2\/pages"}],"about":[{"href":"https:\/\/bas-ip.com\/da\/wp-json\/wp\/v2\/types\/page"}],"author":[{"embeddable":true,"href":"https:\/\/bas-ip.com\/da\/wp-json\/wp\/v2\/users\/2"}],"replies":[{"embeddable":true,"href":"https:\/\/bas-ip.com\/da\/wp-json\/wp\/v2\/comments?post=145699"}],"version-history":[{"count":3,"href":"https:\/\/bas-ip.com\/da\/wp-json\/wp\/v2\/pages\/145699\/revisions"}],"predecessor-version":[{"id":145755,"href":"https:\/\/bas-ip.com\/da\/wp-json\/wp\/v2\/pages\/145699\/revisions\/145755"}],"wp:attachment":[{"href":"https:\/\/bas-ip.com\/da\/wp-json\/wp\/v2\/media?parent=145699"}],"curies":[{"name":"wp","href":"https:\/\/api.w.org\/{rel}","templated":true}]}}