{"id":140850,"date":"2025-06-03T12:48:57","date_gmt":"2025-06-03T12:48:57","guid":{"rendered":"https:\/\/bas-ip.com\/condo-control\/"},"modified":"2025-08-05T09:46:12","modified_gmt":"2025-08-05T09:46:12","slug":"condo-control","status":"publish","type":"page","link":"https:\/\/bas-ip.com\/da\/condo-control\/","title":{"rendered":"Condo Control"},"content":{"rendered":"<h2><strong>BAS-IP og Condo Control annoncerer integration for at forbedre beboernes boligoplevelse<\/strong><\/h2>\n\n<div class=\"wp-block-image\">\n<figure class=\"aligncenter size-large\"><img loading=\"lazy\" decoding=\"async\" width=\"1024\" height=\"235\" src=\"https:\/\/bas-ip.com\/wp-content\/uploads\/2025\/06\/Condo-Control-1024x235.png\" alt=\"\" class=\"wp-image-138764\" srcset=\"https:\/\/bas-ip.com\/wp-content\/uploads\/2025\/06\/Condo-Control-1024x235.png 1024w,  https:\/\/bas-ip.com\/wp-content\/uploads\/2025\/06\/Condo-Control-300x69.png 300w,  https:\/\/bas-ip.com\/wp-content\/uploads\/2025\/06\/Condo-Control-768x177.png 768w,  https:\/\/bas-ip.com\/wp-content\/uploads\/2025\/06\/Condo-Control-767x176.png 767w,  https:\/\/bas-ip.com\/wp-content\/uploads\/2025\/06\/Condo-Control.png 1266w\" sizes=\"auto, (max-width: 1024px) 100vw, 1024px\" \/><\/figure>\n<\/div>\n\n<p>BAS-IP, en f\u00f8rende udvikler af IP-interkomsystemer, og Condo Control, den alt-i-\u00e9n-platform, der digitaliserer driften for mere end 2 millioner beboere, har i dag annonceret en strategisk integration. Dette samarbejde skaber en enkelt kilde til beboerdata, eliminerer dobbeltindtastning og muligg\u00f8r problemfri synkronisering af beboerdata mellem de to systemer, hvilket leverer et nyt niveau af bekvemmelighed og datan\u00f8jagtighed for beboere og ejendomsadministratorer i Canada.<\/p>\n<p>N\u00f8glefunktionen i denne integration er synkroniseringen af beboerlisten fra Condo Control-platformen med BAS-IP-interkom. I stedet for at taste lejlighedsnumre, kan bes\u00f8gende rulle igennem et alfabetisk smart-telefonbog, trykke p\u00e5 et navn, og opkaldspanelet viser nu en telefonbog med beboernes navne, hvilket giver en mere intuitiv og brugercentreret tilgang.<\/p>\n<p>Condo Control-systemet fungerer som den prim\u00e6re gr\u00e6nseflade for ejendomsadministratorer til nemt at tilf\u00f8je, slette og opdatere beboeroplysninger. Disse \u00e6ndringer overf\u00f8res automatisk til interkomsystemets smart-telefonbog via BAS-IP Link-styringsplatformen, der fungerer som middleware. BAS-IP Link administrerer ogs\u00e5 opkaldsprocessen, hvilket sikrer p\u00e5lidelig kommunikation.<\/p>\n<p>Denne forbedring blev implementeret med canadiske beboeres pr\u00e6ferencer i tankerne, da de er vant til at modtage opkald p\u00e5 deres personlige mobilnumre frem for p\u00e5 en fast enhed i lejligheden.<\/p>\n<p>&#8220;Vores mission er at digitalisere og str\u00f8mline driften i samfundet,&#8221; sagde Brian Bosscher, Condo Control. &#8220;Ved at samarbejde med BAS-IP kan administratorer opdatere data \u00e9n gang og give beboerne den gnidningsfri, mobile adgang, de forventer.&#8221;<\/p>\n<p><strong><u>Hovedfordele:<\/u><\/strong><\/p>\n<ul>\n<li><b>Ingen dobbeltindtastning<\/b> \u2013 beboeroplysninger flyder automatisk.<\/li>\n<li><b>Opkald n\u00e5r den rigtige person f\u00f8rste gang<\/b> \u2013 f\u00e6rre opkald til receptionen.<\/li>\n<li><b>Mobil-f\u00f8rst-oplevelse<\/b> \u2013 beboere kan svare fra enhver mobiltelefon.<\/li>\n<li><b>Altid opdateret:<\/b> telefonnumre og ind-\/udflytninger synkroniseres \u00f8jeblikkeligt.<\/li>\n<\/ul>\n<p><strong><u>Opkaldsprocessen er blevet forbedret for maksimal fleksibilitet:<\/u><\/strong><\/p>\n<ul>\n<li><b>Direkte opkald til beboer:<\/b> Bes\u00f8gende kan ringe til en specifik beboer p\u00e5 deres personlige telefonnummer eller i BAS-IP Link-mobilappen ved at v\u00e6lge deres navn fra smart-telefonbogen eller ved at taste en specifik kode.<\/li>\n<li><b>Opkald til lejlighed:<\/b> Den traditionelle mulighed for at ringe til alle beboere i en lejlighed samtidigt er stadig tilg\u00e6ngelig.<\/li>\n<li><b>Hybridmodel:<\/b> Begge muligheder kan underst\u00f8ttes samtidigt p\u00e5 en enkelt opkaldsenhed.<\/li>\n<\/ul>\n<p><strong><u>S\u00e5dan fungerer integrationen:<\/u><\/strong><\/p>\n<ul>\n<li><b>Registrering:<\/b> Administratoren registrerer en beboer i Condo Control-systemet og tilf\u00f8jer deres kontaktoplysninger.<\/li>\n<li><b>Synkronisering:<\/b> BAS-IP Link-serveren sender automatisk beboerens data til opkaldspanelets Smart-telefonbog..<\/li>\n<li><b>Opkald:<\/b> En kurer eller g\u00e6st v\u00e6lger beboeren ved navn eller taster deres kode.<\/li>\n<li><b>Svar:<\/b> Beboeren besvarer opkaldet fra panelet p\u00e5 deres personlige mobilnummer (via en tilsluttet Twilio SIP trunk) eller i BAS-IP Link-appen.<\/li>\n<li><b>Adgang:<\/b> Beboeren kan fjern\u00e5bne d\u00f8ren.<\/li>\n<\/ul>\n<p>Integrationen sikrer ogs\u00e5 automatiske dataopdateringer. Eventuelle \u00e6ndringer i en beboers telefonnummer, sletning af en bruger eller en mobilappsession i Condo Control-systemet afspejles \u00f8jeblikkeligt i BAS-IP Link-videresendelsesskemaet, hvilket garanterer, at kontaktoplysninger altid er aktuelle.<\/p>\n<p>Denne integration repr\u00e6senterer et betydeligt skridt fremad i skabelsen af smartere, mere bekvemme boligomr\u00e5der. Ved at kombinere BAS-IP&#8217;s banebrydende IP-interkomteknologi med Condo Controls kraftfulde ejendomsstyringsfunktioner leverer virksomhederne en l\u00f8sning, der im\u00f8dekommer beboernes moderne behov og forenkler arbejdsgangen for administratorer.<\/p>\n\n<!-- START Block Sign Up --><section id=\"block_629678229e935\" class=\"sign-up-section\">\r\n\r\n    <div class=\"form-holder js-form\" data-aos=\"fade-right\">\r\n                    <div class=\"title-block h3\">Sign up for connection<\/div>\r\n        \r\n                    <div class=\"text-block\">\r\n                Filling out all the information needed to answer you as quickly as possible            <\/div>\r\n        \r\n                    \n<div class=\"wpcf7 no-js\" id=\"wpcf7-f102-o1\" lang=\"en-US\" dir=\"ltr\">\n<div class=\"screen-reader-response\"><p role=\"status\" aria-live=\"polite\" aria-atomic=\"true\"><\/p> <ul><\/ul><\/div>\n<form action=\"\/da\/wp-json\/wp\/v2\/pages\/140850#wpcf7-f102-o1\" method=\"post\" class=\"wpcf7-form init\" aria-label=\"Contact form\" enctype=\"multipart\/form-data\" novalidate=\"novalidate\" data-status=\"init\">\n<div style=\"display: none;\">\n<input type=\"hidden\" name=\"_wpcf7\" value=\"102\" \/>\n<input type=\"hidden\" name=\"_wpcf7_version\" value=\"5.8.3\" \/>\n<input type=\"hidden\" name=\"_wpcf7_locale\" value=\"en_US\" \/>\n<input type=\"hidden\" name=\"_wpcf7_unit_tag\" value=\"wpcf7-f102-o1\" \/>\n<input type=\"hidden\" name=\"_wpcf7_container_post\" value=\"0\" \/>\n<input type=\"hidden\" name=\"_wpcf7_posted_data_hash\" value=\"\" \/>\n<input type=\"hidden\" name=\"_wpcf7_recaptcha_response\" value=\"\" \/>\n<\/div>\n<div class=\"row\"> \n <label><span class=\"label-text\">Name<\/span> \n  <span class=\"wpcf7-form-control-wrap\" data-name=\"text-full-name\"><input size=\"40\" class=\"wpcf7-form-control wpcf7-text wpcf7-validates-as-required\" aria-required=\"true\" aria-invalid=\"false\" placeholder=\"Name\" value=\"\" type=\"text\" name=\"text-full-name\" \/><\/span><\/label> \n<\/div> \n<div class=\"row\"> \n <label><span class=\"label-text\">Phone*<\/span> \n<span class=\"wpcf7-form-control-wrap\" data-name=\"phonetext-270\"><input size=\"40\" class=\"wpcf7-form-control wpcf7-phonetext wpcf7-validates-as-required wpcf7-text wpcf7-validates-as-phonetext\" aria-required=\"true\" aria-invalid=\"false\" placeholder=\"Phone*\" value=\"\" type=\"text\" name=\"phonetext-270\" \/><input type=\"hidden\" name=\"phonetext-270-country-code\" class=\"wpcf7-phonetext-country-code\" \/><\/span><\/label> \n<\/div> \n<div class=\"row\"> \n <label><span class=\"label-text\">E-mail<\/span> \n  <span class=\"wpcf7-form-control-wrap\" data-name=\"email-e-mail\"><input size=\"40\" class=\"wpcf7-form-control wpcf7-email wpcf7-validates-as-required wpcf7-text wpcf7-validates-as-email\" aria-required=\"true\" aria-invalid=\"false\" placeholder=\"E-mail\" value=\"\" type=\"email\" name=\"email-e-mail\" \/><\/span><\/label> \n<\/div> \n<div class=\"row\"><span>Your country<\/span> \n <label><span class=\"wpcf7-form-control-wrap\" data-name=\"countrytext-126\"><input size=\"40\" class=\"wpcf7-form-control wpcf7-countrytext wpcf7-text wpcf7-validates-as-countrytext\" aria-invalid=\"false\" value=\"\" type=\"text\" name=\"countrytext-126\" \/><\/span> <\/label>\n<\/div> \n<div class=\"row\"> \n <button type=\"submit\" class=\"btn\">Send<\/button> \n<\/div> \n<div class=\"row\"> \n <span class=\"wpcf7-form-control-wrap\" data-name=\"checkbox-931\"><span class=\"wpcf7-form-control wpcf7-checkbox\"><span class=\"wpcf7-list-item first\"><label><input type=\"checkbox\" name=\"checkbox-931[]\" value=\"Integrator\" \/><span class=\"wpcf7-list-item-label\">Integrator<\/span><\/label><\/span><span class=\"wpcf7-list-item\"><label><input type=\"checkbox\" name=\"checkbox-931[]\" value=\"Builder\" \/><span class=\"wpcf7-list-item-label\">Builder<\/span><\/label><\/span><span class=\"wpcf7-list-item last\"><label><input type=\"checkbox\" name=\"checkbox-931[]\" value=\"End-User\" \/><span class=\"wpcf7-list-item-label\">End-User<\/span><\/label><\/span><\/span><\/span> \n<\/div> \n<div class=\"row row-upload-file\"> \n <label class=\"upload-file-block js-upload-file\">Attach file \n  <span class=\"wpcf7-form-control-wrap\" data-name=\"file-466\"><input size=\"40\" class=\"wpcf7-form-control wpcf7-file\" accept=\"audio\/*,video\/*,image\/*\" aria-invalid=\"false\" type=\"file\" name=\"file-466\" \/><\/span><\/label> \n<\/div><input type='hidden' class='wpcf7-pum' value='{\"closepopup\":false,\"closedelay\":0,\"openpopup\":false,\"openpopup_id\":0}' \/><div class=\"wpcf7-response-output\" aria-hidden=\"true\"><\/div>\n<\/form>\n<\/div>\n            <\/div>\r\n\r\n\t\t    <div class=\"text-holder\" data-aos=\"fade-left\">\r\n\t\t\t\t\t\t    <h3 class=\"title-block\">How Can We Help?<\/h3>\r\n\t\t\t\r\n\t\t\t                <div class=\"text-block\">\r\n                    Please select a topic below related to your inquiry. If you don&#8217;t find what you need, fill out our contact form.                <\/div>\r\n\t\t\t\r\n\t\t\t\t\t\t    <ul class=\"link-list\">\r\n\t\t\t\t\t\t\t\t\t\t\t\t\t\t\t\t\t\t<li>\r\n\t\t\t\t\t\t\t\t\t\t\t\t\t\t\t\t    <strong>Get Inspired<\/strong>\r\n\t\t\t\t\t\t\t\t\t\t\t\t\t\t\t\t\t\t\t\t\t\t\t\t    <a href=\"\/features\/\">\r\n\t\t\t\t\t\t\t\t        Discover what&#8217;s beneath our intercom\t\t\t\t\t\t\t\t    <\/a>\r\n\t\t\t\t\t\t\t\t\t\t\t\t\t\t\t<\/li>\r\n\t\t\t\t\t\t\t\t\t\t\t\t\t\t\t\t\t\t\t\t\t\t\t\t<li>\r\n\t\t\t\t\t\t\t\t\t\t\t\t\t\t\t\t    <strong>Become a Partner<\/strong>\r\n\t\t\t\t\t\t\t\t\t\t\t\t\t\t\t\t\t\t\t\t\t\t\t\t    <a href=\"\/distributors\/\">\r\n\t\t\t\t\t\t\t\t        Expand your business with BAS-IP intercom\t\t\t\t\t\t\t\t    <\/a>\r\n\t\t\t\t\t\t\t\t\t\t\t\t\t\t\t<\/li>\r\n\t\t\t\t\t\t\t\t\t\t\t\t\t\t\t\t\t\t\t\t\t\t\t\t<li>\r\n\t\t\t\t\t\t\t\t\t\t\t\t\t\t\t\t    <strong>Check the Guides<\/strong>\r\n\t\t\t\t\t\t\t\t\t\t\t\t\t\t\t\t\t\t\t\t\t\t\t\t    <a href=\"\/support\/\">\r\n\t\t\t\t\t\t\t\t        Download detailed manuals and schemes\t\t\t\t\t\t\t\t    <\/a>\r\n\t\t\t\t\t\t\t\t\t\t\t\t\t\t\t<\/li>\r\n\t\t\t\t\t\t\t\t\t\t\t\t\t\t\t<\/ul>\r\n\t\t\t\r\n\t\t\t\t\t\t    <h3 class=\"title-block\">Our contacts<\/h3>\r\n\t\t\t\r\n\t\t\t\t\t\t\t<ul class=\"contact-list\">\r\n\t\t\t\t\t\t\t\t\t\t\t\t\t\t\t\t\t\t<li>\r\n\t\t\t\t\t\t\t\t\t\t\t\t\t\t\t\t\t<strong>Sales:<\/strong>\r\n\t\t\t\t\t\t\t\t\t\t\t\t\t\t\t\t\t\t\t\t\t\t\t\t    <a href=\"mailto:s&#97;les&#64;b&#97;s&#45;i&#112;&#46;com\">&#115;&#97;l&#101;s&#64;bas&#45;&#105;p&#46;&#99;o&#109;<\/a>\r\n\t\t\t\t\t\t\t\t\t\t\t\t\t\t\t<\/li>\r\n\t\t\t\t\t\t\t\t\t\t\t\t\t\t\t\t\t\t\t\t\t\t\t\t<li>\r\n\t\t\t\t\t\t\t\t\t\t\t\t\t\t\t\t\t<strong>Technical support:<\/strong>\r\n\t\t\t\t\t\t\t\t\t\t\t\t\t\t\t\t\t\t\t\t\t\t\t\t    <a href=\"mailto:&#115;&#117;&#112;por&#116;&#64;bas-ip&#46;com\">&#115;&#117;ppo&#114;&#116;&#64;&#98;a&#115;-i&#112;&#46;&#99;om<\/a>\r\n\t\t\t\t\t\t\t\t\t\t\t\t\t\t\t<\/li>\r\n\t\t\t\t\t\t\t\t\t\t\t\t\t\t\t<\/ul>\r\n\t\t\t\t\t<\/div>\r\n\t<\/section>\r\n\r\n\r\n\r\n<!-- END Block Sign Up -->","protected":false},"excerpt":{"rendered":"<p>BAS-IP og Condo Control annoncerer integration for at forbedre beboernes boligoplevelse BAS-IP, en f\u00f8rende udvikler af IP-interkomsystemer, og Condo Control, den alt-i-\u00e9n-platform, der digitaliserer driften for mere end 2 millioner beboere, har i dag annonceret en strategisk integration. Dette samarbejde skaber en enkelt kilde til beboerdata, eliminerer dobbeltindtastning og muligg\u00f8r problemfri synkronisering af beboerdata mellem [&hellip;]<\/p>","protected":false},"author":1,"featured_media":0,"parent":0,"menu_order":0,"comment_status":"closed","ping_status":"closed","template":"page-custom-breadcrumbs.php","meta":{"inline_featured_image":false,"footnotes":""},"class_list":["post-140850","page","type-page","status-publish","hentry"],"acf":[],"_links":{"self":[{"href":"https:\/\/bas-ip.com\/da\/wp-json\/wp\/v2\/pages\/140850","targetHints":{"allow":["GET"]}}],"collection":[{"href":"https:\/\/bas-ip.com\/da\/wp-json\/wp\/v2\/pages"}],"about":[{"href":"https:\/\/bas-ip.com\/da\/wp-json\/wp\/v2\/types\/page"}],"author":[{"embeddable":true,"href":"https:\/\/bas-ip.com\/da\/wp-json\/wp\/v2\/users\/1"}],"replies":[{"embeddable":true,"href":"https:\/\/bas-ip.com\/da\/wp-json\/wp\/v2\/comments?post=140850"}],"version-history":[{"count":2,"href":"https:\/\/bas-ip.com\/da\/wp-json\/wp\/v2\/pages\/140850\/revisions"}],"predecessor-version":[{"id":140922,"href":"https:\/\/bas-ip.com\/da\/wp-json\/wp\/v2\/pages\/140850\/revisions\/140922"}],"wp:attachment":[{"href":"https:\/\/bas-ip.com\/da\/wp-json\/wp\/v2\/media?parent=140850"}],"curies":[{"name":"wp","href":"https:\/\/api.w.org\/{rel}","templated":true}]}}