{"id":133934,"date":"2023-03-27T09:32:04","date_gmt":"2023-03-27T09:32:04","guid":{"rendered":"https:\/\/bas-ip.com\/medical\/"},"modified":"2025-03-20T11:12:34","modified_gmt":"2025-03-20T11:12:34","slug":"medical","status":"publish","type":"page","link":"https:\/\/bas-ip.com\/da\/medical\/","title":{"rendered":"Til hospitaler\/Medicinske faciliteter"},"content":{"rendered":"<h1 class=\"wp-block-heading\"><strong>Hospitalssamtaleanl\u00e6g fra BAS-IP &#8211; Elevate Patient Care<\/strong><\/h1>\n\n\n\n<p>Den medicinske industri udvikler sig konstant for at give patienterne den bedst mulige pleje. Da kommunikation spiller en afg\u00f8rende rolle i at levere effektive og sikre medicinske tjenester, er opgradering til et banebrydende hospitalsintercomsystem et must. BAS-IP&#8217;s innovative medicinske intercom-systemer, der er designet specielt til reng\u00f8ringsrum og medicinske faciliteter, giver en uovertruffen bekvemmelighed og p\u00e5lidelighed for sundhedspersonale og deres patienter. I denne artikel udforsker vi funktionerne og fordelene ved BAS-IP&#8217;s hospitalsintercom og hvordan det kan revolutionere m\u00e5den, hvorp\u00e5 medicinske faciliteter opererer.<\/p>\n\n\n\n<h2 class=\"wp-block-heading\"><strong>Styrken ved BAS-IP&#8217;s Hospitalssamtaleanl\u00e6g<\/strong><\/h2>\n\n\n<!-- START Block Features --><section id=\"block_64304f018b5e4\" class=\"features-section\">\r\n\t\r\n    <div class=\"features-list\">\r\n                    <div class=\"features-item\" data-aos=\"fade-up\">\r\n    <div class=\"features-box\">\r\n                    <div class=\"image-holder\">\r\n                <img loading=\"lazy\" decoding=\"async\" width=\"350\" height=\"320\" src=\"https:\/\/bas-ip.com\/wp-content\/uploads\/2023\/04\/1-2-350x320.jpg\" class=\"attachment-thumbnail_350x320 size-thumbnail_350x320\" alt=\"\" \/>            <\/div>\r\n        \r\n        <div class=\"text-holder\">\r\n                        <h3 class=\"title-block\">S\u00f8ml\u00f8s integration med IP lokale netv\u00e6rk<\/h3>\r\n          \r\n                        <div class=\"text-block\">\r\n                <p>En af de v\u00e6sentlige fordele ved BAS-IP&#8217;s medicinske intercom-systemer er deres evne til at fungere problemfrit inden for det samme IP-lokalnetv\u00e6rk. Denne kompatibilitet sikrer en j\u00e6vn kommunikation mellem forskellige intercom-enheder, hvilket reducerer ventetiden og forbedrer den overordnede effektivitet.<\/p>\n              <\/div>\r\n                  <\/div>\r\n    <\/div>\r\n<\/div>\r\n                    <div class=\"features-item\" data-aos=\"fade-up\">\r\n    <div class=\"features-box\">\r\n                    <div class=\"image-holder\">\r\n                <img loading=\"lazy\" decoding=\"async\" width=\"350\" height=\"320\" src=\"https:\/\/bas-ip.com\/wp-content\/uploads\/2023\/04\/2-2-350x320.jpg\" class=\"attachment-thumbnail_350x320 size-thumbnail_350x320\" alt=\"\" \/>            <\/div>\r\n        \r\n        <div class=\"text-holder\">\r\n                        <h3 class=\"title-block\">Avancerede funktioner til forbedret kommunikation<\/h3>\r\n          \r\n                        <div class=\"text-block\">\r\n                <p>BAS-IP tilbyder en bred vifte af unikke funktioner til deres hospitalsintercom-system, hvilket adskiller det fra konkurrenterne. Nogle af disse funktioner inkluderer HD-videokald, adgangskontrol og kompatibilitet med forskellige IP-enheder, hvilket sikrer str\u00f8mlinet kommunikation og \u00f8get sikkerhed for medicinske faciliteter.<\/p>\n              <\/div>\r\n                  <\/div>\r\n    <\/div>\r\n<\/div>\r\n                    <div class=\"features-item\" data-aos=\"fade-up\">\r\n    <div class=\"features-box\">\r\n                    <div class=\"image-holder\">\r\n                <img loading=\"lazy\" decoding=\"async\" width=\"350\" height=\"320\" src=\"https:\/\/bas-ip.com\/wp-content\/uploads\/2023\/04\/3-2-350x320.jpg\" class=\"attachment-thumbnail_350x320 size-thumbnail_350x320\" alt=\"\" \/>            <\/div>\r\n        \r\n        <div class=\"text-holder\">\r\n                        <h3 class=\"title-block\">Funktioner for Intercom til Reng\u00f8ringsrum<\/h3>\r\n          \r\n                        <div class=\"text-block\">\r\n                <p>Reng\u00f8ringsrum kr\u00e6ver strenge hygiejnestandarder, og BAS-IP&#8217;s hospitalsintercom-system er designet til at opfylde disse krav. Intercom-systemet til reng\u00f8ringsrum sikrer, at kommunikationen mellem sundhedspersonale forbliver uafbrudt uden at g\u00e5 p\u00e5 kompromis med sterilitets- og sikkerhedskravene i disse specialiserede milj\u00f8er.<\/p>\n              <\/div>\r\n                  <\/div>\r\n    <\/div>\r\n<\/div>\r\n            <\/div>\r\n<\/section>\r\n<!-- END Block Features -->\n\n\n<h2 class=\"wp-block-heading\"><strong>BAS-IP&#8217;s h\u00f8jkvalitets hardwarekomponenter<\/strong><\/h2>\n\n\n<!-- START Block Features --><section id=\"block_64304f888b5e8\" class=\"features-section\">\r\n\t\r\n    <div class=\"features-list\">\r\n                    <div class=\"features-item\" data-aos=\"fade-up\">\r\n    <div class=\"features-box\">\r\n                    <div class=\"image-holder\">\r\n                <img loading=\"lazy\" decoding=\"async\" width=\"350\" height=\"320\" src=\"https:\/\/bas-ip.com\/wp-content\/uploads\/2023\/04\/4-2-350x320.jpg\" class=\"attachment-thumbnail_350x320 size-thumbnail_350x320\" alt=\"\" \/>            <\/div>\r\n        \r\n        <div class=\"text-holder\">\r\n                        <h3 class=\"title-block\">AV-04AFD \u2013 Den ultimative intercom-enhed<\/h3>\r\n          \r\n                        <div class=\"text-block\">\r\n                <p>AV-04AFD er en alsidig intercom-enhed designet til at levere toppr\u00e6stationer for medicinske faciliteter. Med sin HD lydopkaldsfunktion, adgangskontrolintegration og kompatibilitet med forskellige IP-enheder tilbyder den uovertrufne kommunikations- og sikkerhedsfunktioner i et slankt og moderne design.<\/p>\n              <\/div>\r\n                  <\/div>\r\n    <\/div>\r\n<\/div>\r\n                    <div class=\"features-item\" data-aos=\"fade-up\">\r\n    <div class=\"features-box\">\r\n                    <div class=\"image-holder\">\r\n                <img loading=\"lazy\" decoding=\"async\" width=\"350\" height=\"320\" src=\"https:\/\/bas-ip.com\/wp-content\/uploads\/2023\/04\/5-3-350x320.jpg\" class=\"attachment-thumbnail_350x320 size-thumbnail_350x320\" alt=\"\" \/>            <\/div>\r\n        \r\n        <div class=\"text-holder\">\r\n                        <h3 class=\"title-block\">AM-02 \u2013 Effektiv consiergeterminal<\/h3>\r\n          \r\n                        <div class=\"text-block\">\r\n                <p>AM-02 concierge-terminalen sikrer klar og p\u00e5lidelig kommunikation mellem sundhedspersonale. Denne nemme at installere enhed kan integreres problemfrit i hospitalets intercom-system og giver en effektiv og omkostningseffektiv l\u00f8sning for medicinske faciliteter.<\/p>\n              <\/div>\r\n                  <\/div>\r\n    <\/div>\r\n<\/div>\r\n                    <div class=\"features-item\" data-aos=\"fade-up\">\r\n    <div class=\"features-box\">\r\n                    <div class=\"image-holder\">\r\n                <img loading=\"lazy\" decoding=\"async\" width=\"350\" height=\"320\" src=\"https:\/\/bas-ip.com\/wp-content\/uploads\/2023\/04\/6-2-350x320.jpg\" class=\"attachment-thumbnail_350x320 size-thumbnail_350x320\" alt=\"\" \/>            <\/div>\r\n        \r\n        <div class=\"text-holder\">\r\n                        <h3 class=\"title-block\">SH-31TM &#8211; Entry Panel Temperature Module<\/h3>\r\n          \r\n                        <div class=\"text-block\">\r\n                <p>D\u00f8r-intercom temperaturmodulet med kontaktfri h\u00e5ndledstemperaturm\u00e5ling er en essentiel del af et hospitalsintercom-system. Denne innovative enhed kombinerer adgangskontrol og sundhedstjek-funktioner for at sikre et sikkert og trygt milj\u00f8 for b\u00e5de patienter og personale i sundhedsfaciliteter.<\/p>\n              <\/div>\r\n                  <\/div>\r\n    <\/div>\r\n<\/div>\r\n            <\/div>\r\n<\/section>\r\n<!-- END Block Features -->\n\n<!-- START Block FAQ --><section id=\"block_642163c6f4e28\" class=\"faq-section\">\r\n\t\t    <h2 class=\"title-section\" data-aos=\"fade-right\">Ofte stillede sp\u00f8rgsm\u00e5l (ofte stillede sp\u00f8rgsm\u00e5l)<\/h2>\r\n\t\t\t    <div class=\"faq-list js-accordion\" data-aos=\"fade-up\">\r\n\t\t\t\t\t\t\t\t\t\t\t    <div class=\"accordion-item faq-item\">\r\n                        <div class=\"accordion-opener\">\r\n                            Q: Hvordan forbedrer BAS-IPs hospitalssamtalesystem effektiviteten i medicinske faciliteter?                            <i class=\"fa-solid fa-chevron-down\"><\/i>\r\n                        <\/div>\r\n                        <div class=\"accordion-slide\">\r\n\t\t\t\t\t\t    <p>BAS-IP&#8217;s hospitalsintercom-system g\u00f8r det muligt for sundhedspersonale at kommunikere problemfrit og sikkert, hvilket \u00f8ger den samlede effektivitet. Ved at integrere avancerede funktioner som HD-lyd- og videokald, adgangskontrol og kompatibilitet med forskellige IP-enheder, str\u00f8mliner systemet kommunikationen og reducerer responstiden i kritiske situationer.<\/p>\n                        <\/div>\r\n\t\t\t\t\t<\/div>\r\n\t\t\t\t\t\t\t\t\t\t\t\t\t\t\t    <div class=\"accordion-item faq-item\">\r\n                        <div class=\"accordion-opener\">\r\n                            Q: Kan BAS-IP hospitals samtaleanl\u00e6gget tilpasses, s\u00e5 det passer til en specifik medicinsk facilitets behov?                            <i class=\"fa-solid fa-chevron-down\"><\/i>\r\n                        <\/div>\r\n                        <div class=\"accordion-slide\">\r\n\t\t\t\t\t\t    <p>Ja, BAS-IP&#8217;s hospitalsintercom-system kan tilpasses for at im\u00f8dekomme de specifikke behov i en medicinsk facilitet. Dets kompatibilitet med forskellige IP-enheder og problemfri integration med IP-lokalnetv\u00e6rk sikrer, at systemet kan tilpasses for at levere den mest effektive og funktionelle kommunikationsl\u00f8sning for din facilitet.<\/p>\n                        <\/div>\r\n\t\t\t\t\t<\/div>\r\n\t\t\t\t\t\t\t\t\t\t\t\t\t\t\t    <div class=\"accordion-item faq-item\">\r\n                        <div class=\"accordion-opener\">\r\n                            Q: Hvad g\u00f8r BAS-IPs renrumssamtaleanl\u00e6g velegnet til sterile milj\u00f8er?                            <i class=\"fa-solid fa-chevron-down\"><\/i>\r\n                        <\/div>\r\n                        <div class=\"accordion-slide\">\r\n\t\t\t\t\t\t    <p>BAS-IP&#8217;s intercom til reng\u00f8ringsrum er designet til at opfylde de strenge hygiejnestandarder, der kr\u00e6ves i sterile milj\u00f8er. Systemet sikrer uafbrudt kommunikation uden at g\u00e5 p\u00e5 kompromis med sterilitets- og sikkerhedskravene i reng\u00f8ringsrum, hvilket g\u00f8r det til et ideelt valg for medicinske faciliteter med strenge hygiejnekrav.<\/p>\n                        <\/div>\r\n\t\t\t\t\t<\/div>\r\n\t\t\t\t\t\t\t\t\t\t\t\t\t\t\t    <div class=\"accordion-item faq-item\">\r\n                        <div class=\"accordion-opener\">\r\n                            Q: Hvor nemt er det at installere og vedligeholde BAS-IP&#8217;s intercomsystem p\u00e5 hospitalet?                            <i class=\"fa-solid fa-chevron-down\"><\/i>\r\n                        <\/div>\r\n                        <div class=\"accordion-slide\">\r\n\t\t\t\t\t\t    <p>BAS-IP&#8217;s hospitalsintercom-system er designet til nem installation og vedligeholdelse. Systemets problemfrie integration med IP-lokalnetv\u00e6rk forenkler installationsprocessen, mens dets h\u00f8jkvalitets hardwarekomponenter, som AV-04AFD og AM-02, sikrer p\u00e5lidelighed og holdbarhed til langvarig brug.<\/p>\n                        <\/div>\r\n\t\t\t\t\t<\/div>\r\n\t\t\t\t\t\t\t\t\t<\/div>\r\n\t<\/section>\r\n<!-- END Block FAQ -->\n\n\n<p>BAS-IP&#8217;s hospitalsintercom-system tilbyder en avanceret kommunikationsl\u00f8sning for medicinske faciliteter, som forbedrer effektivitet, sikkerhed og hygiejne. Opgrader til BAS-IP&#8217;s hospitalsintercom-system i dag og oplev forskellen i din sundhedsfacilitets kommunikation og drift.<\/p>","protected":false},"excerpt":{"rendered":"<p>Hospitalssamtaleanl\u00e6g fra BAS-IP &#8211; Elevate Patient Care Den medicinske industri udvikler sig konstant for at give patienterne den bedst mulige pleje. Da kommunikation spiller en afg\u00f8rende rolle i at levere effektive og sikre medicinske tjenester, er opgradering til et banebrydende hospitalsintercomsystem et must. BAS-IP&#8217;s innovative medicinske intercom-systemer, der er designet specielt til reng\u00f8ringsrum og medicinske [&hellip;]<\/p>","protected":false},"author":1,"featured_media":0,"parent":0,"menu_order":0,"comment_status":"closed","ping_status":"closed","template":"","meta":{"inline_featured_image":false,"footnotes":""},"class_list":["post-133934","page","type-page","status-publish","hentry"],"acf":[],"_links":{"self":[{"href":"https:\/\/bas-ip.com\/da\/wp-json\/wp\/v2\/pages\/133934","targetHints":{"allow":["GET"]}}],"collection":[{"href":"https:\/\/bas-ip.com\/da\/wp-json\/wp\/v2\/pages"}],"about":[{"href":"https:\/\/bas-ip.com\/da\/wp-json\/wp\/v2\/types\/page"}],"author":[{"embeddable":true,"href":"https:\/\/bas-ip.com\/da\/wp-json\/wp\/v2\/users\/1"}],"replies":[{"embeddable":true,"href":"https:\/\/bas-ip.com\/da\/wp-json\/wp\/v2\/comments?post=133934"}],"version-history":[{"count":3,"href":"https:\/\/bas-ip.com\/da\/wp-json\/wp\/v2\/pages\/133934\/revisions"}],"predecessor-version":[{"id":133997,"href":"https:\/\/bas-ip.com\/da\/wp-json\/wp\/v2\/pages\/133934\/revisions\/133997"}],"wp:attachment":[{"href":"https:\/\/bas-ip.com\/da\/wp-json\/wp\/v2\/media?parent=133934"}],"curies":[{"name":"wp","href":"https:\/\/api.w.org\/{rel}","templated":true}]}}