{"id":133749,"date":"2023-03-27T16:07:41","date_gmt":"2023-03-27T16:07:41","guid":{"rendered":"https:\/\/bas-ip.com\/gates\/"},"modified":"2025-03-17T11:37:44","modified_gmt":"2025-03-17T11:37:44","slug":"gates","status":"publish","type":"page","link":"https:\/\/bas-ip.com\/da\/gates\/","title":{"rendered":"Porte"},"content":{"rendered":"<h1 class=\"wp-block-heading\"><strong>Gate Intercom System: Forbedre din sikkerhed<\/strong><\/h1>\n\n\n\n<p>Velkommen til fremtiden for ejendomsadgangsstyring, hvor bekvemmelighed, sikkerhed og banebrydende teknologi forenes. Med et BAS-IP porttelefonsystem kan du opleve uovertruffen kontrol over din ejendoms adgangspunkter. Uanset om det er en privatbolig, et lejlighedskompleks eller en erhvervsejendom, tilbyder vores porttelefonsystemer unikke funktioner, der im\u00f8dekommer ethvert behov. Vi vil dykke ned i de vigtigste funktioner og fordele ved BAS-IP porttelefoner, og give dig al den information, du beh\u00f8ver for at tr\u00e6ffe en velinformeret beslutning.<\/p>\n\n\n\n<h2 class=\"wp-block-heading\"><strong>Hvorfor v\u00e6lge et BAS-IP Intercom Gate System?<\/strong><\/h2>\n\n\n\n<p>BAS-IP porttelefonsystemer tilbyder et v\u00e6ld af funktioner, der adskiller dem fra traditionelle porttelefoner. Her er nogle af de v\u00e6sentligste fordele ved at v\u00e6lge et BAS-IP frontporttelefonsystem:<\/p>\n\n\n<!-- START Block Features --><section id=\"block_6430528dc3f3e\" class=\"features-section\">\r\n\t\r\n    <div class=\"features-list\">\r\n                    <div class=\"features-item\" data-aos=\"fade-up\">\r\n    <div class=\"features-box\">\r\n                    <div class=\"image-holder\">\r\n                <img loading=\"lazy\" decoding=\"async\" width=\"350\" height=\"320\" src=\"https:\/\/bas-ip.com\/wp-content\/uploads\/2023\/04\/1-3-350x320.jpg\" class=\"attachment-thumbnail_350x320 size-thumbnail_350x320\" alt=\"\" \/>            <\/div>\r\n        \r\n        <div class=\"text-holder\">\r\n                        <h3 class=\"title-block\">S\u00f8ml\u00f8s integration i IP lokalt netv\u00e6rk<\/h3>\r\n          \r\n                        <div class=\"text-block\">\r\n                <p>BAS-IP porttelefonsystemer er designet til at fungere problemfrit inden for det samme IP-lokalnetv\u00e6rk, hvilket sikrer nem installation og konfiguration. Denne s\u00f8ml\u00f8se integration giver dig mulighed for ubesv\u00e6ret at indarbejde dit porttelefonsystem i din eksisterende netv\u00e6rksinfrastruktur, hvilket minimerer kompatibilitetsproblemer og reducerer kompleksiteten.<\/p>\n              <\/div>\r\n                  <\/div>\r\n    <\/div>\r\n<\/div>\r\n                    <div class=\"features-item\" data-aos=\"fade-up\">\r\n    <div class=\"features-box\">\r\n                    <div class=\"image-holder\">\r\n                <img loading=\"lazy\" decoding=\"async\" width=\"350\" height=\"320\" src=\"https:\/\/bas-ip.com\/wp-content\/uploads\/2023\/04\/2-3-350x320.jpg\" class=\"attachment-thumbnail_350x320 size-thumbnail_350x320\" alt=\"\" \/>            <\/div>\r\n        \r\n        <div class=\"text-holder\">\r\n                        <h3 class=\"title-block\">Langdistanceforbindelse<\/h3>\r\n          \r\n                        <div class=\"text-block\">\r\n                <p>En af de mest fremtr\u00e6dende funktioner ved BAS-IP porttelefonsystemer er deres evne til at fungere over lange afstande. Dette g\u00f8r dem til et ideelt valg for store ejendomme, vidtstrakte boligkomplekser eller kommercielle faciliteter, hvor adgangspunkter kan v\u00e6re spredt ud. Med BAS-IP porttelefonl\u00f8sninger kan du opretholde sikker kommunikation og kontrol p\u00e5 tv\u00e6rs af hele din ejendom, uanset afstand.<\/p>\n              <\/div>\r\n                  <\/div>\r\n    <\/div>\r\n<\/div>\r\n                    <div class=\"features-item\" data-aos=\"fade-up\">\r\n    <div class=\"features-box\">\r\n                    <div class=\"image-holder\">\r\n                <img loading=\"lazy\" decoding=\"async\" width=\"350\" height=\"320\" src=\"https:\/\/bas-ip.com\/wp-content\/uploads\/2023\/04\/3-3-350x320.jpg\" class=\"attachment-thumbnail_350x320 size-thumbnail_350x320\" alt=\"\" \/>            <\/div>\r\n        \r\n        <div class=\"text-holder\">\r\n                        <h3 class=\"title-block\">PC-baseret Gate Control<\/h3>\r\n          \r\n                        <div class=\"text-block\">\r\n                <p>BAS-IP porttelefonsystemer tilbyder fleksibiliteten til at \u00e5bne og administrere dine porte fra en PC. Dette betyder, at du kan kontrollere adgangen fjernbetjent og bekvemt uden behov for en dedikeret fysisk gr\u00e6nseflade. Uanset om du er hjemme eller p\u00e5 kontoret, har du fuld kontrol over din ejendoms adgangspunkter lige ved h\u00e5nden.<\/p>\n              <\/div>\r\n                  <\/div>\r\n    <\/div>\r\n<\/div>\r\n                    <div class=\"features-item\" data-aos=\"fade-up\">\r\n    <div class=\"features-box\">\r\n                    <div class=\"image-holder\">\r\n                <img loading=\"lazy\" decoding=\"async\" width=\"350\" height=\"320\" src=\"https:\/\/bas-ip.com\/wp-content\/uploads\/2023\/04\/4-3-350x320.jpg\" class=\"attachment-thumbnail_350x320 size-thumbnail_350x320\" alt=\"\" \/>            <\/div>\r\n        \r\n        <div class=\"text-holder\">\r\n                        <h3 class=\"title-block\">Dual Lock Modul til Multiple Gate Management<\/h3>\r\n          \r\n                        <div class=\"text-block\">\r\n                <p>BAS-IP SH-42 dobbeltl\u00e5smodulet giver dig mulighed for at styre to porte samtidigt ved hj\u00e6lp af et enkelt porttelefonsystem. Denne funktion er perfekt til ejendomme med flere adgangspunkter eller separate indgange for fodg\u00e6ngere og k\u00f8ret\u00f8jer, hvilket muligg\u00f8r effektiv administration af alle dine porte fra et centraliseret system.<\/p>\n              <\/div>\r\n                  <\/div>\r\n    <\/div>\r\n<\/div>\r\n                    <div class=\"features-item\" data-aos=\"fade-up\">\r\n    <div class=\"features-box\">\r\n                    <div class=\"image-holder\">\r\n                <img loading=\"lazy\" decoding=\"async\" width=\"350\" height=\"320\" src=\"https:\/\/bas-ip.com\/wp-content\/uploads\/2023\/04\/5-4-350x320.jpg\" class=\"attachment-thumbnail_350x320 size-thumbnail_350x320\" alt=\"\" \/>            <\/div>\r\n        \r\n        <div class=\"text-holder\">\r\n                        <h3 class=\"title-block\">Integration med eksisterende IP CCTV-systemer<\/h3>\r\n          \r\n                        <div class=\"text-block\">\r\n                <p>BAS-IP portvideointercomsystemer kan nemt integreres med din eksisterende IP CCTV-infrastruktur. Dette giver dig mulighed for at overv\u00e5ge og kontrollere din ejendoms adgangspunkter ved hj\u00e6lp af den samme gr\u00e6nseflade som dine overv\u00e5gningskameraer, hvilket str\u00f8mliner din sikkerhedsadministration og forbedrer den samlede effektivitet.<\/p>\n              <\/div>\r\n                  <\/div>\r\n    <\/div>\r\n<\/div>\r\n                    <div class=\"features-item\" data-aos=\"fade-up\">\r\n    <div class=\"features-box\">\r\n                    <div class=\"image-holder\">\r\n                <img loading=\"lazy\" decoding=\"async\" width=\"350\" height=\"320\" src=\"https:\/\/bas-ip.com\/wp-content\/uploads\/2023\/04\/6-3-350x320.jpg\" class=\"attachment-thumbnail_350x320 size-thumbnail_350x320\" alt=\"\" \/>            <\/div>\r\n        \r\n        <div class=\"text-holder\">\r\n                        <h3 class=\"title-block\">Integration af nummerpladegenkendelse<\/h3>\r\n          \r\n                        <div class=\"text-block\">\r\n                <p>BAS-IP indgangspaneler kan integreres med nummerpladegenkendelseskameraer, hvilket giver dig mulighed for at automatisere adgangen for forh\u00e5ndsgodkendte k\u00f8ret\u00f8jer. Denne avancerede funktion forbedrer sikkerheden og bekvemmeligheden betydeligt ved automatisk at \u00e5bne barrierer for autoriserede k\u00f8ret\u00f8jer, minimere ventetider og reducere behovet for manuel adgangskontrol.<\/p>\n              <\/div>\r\n                  <\/div>\r\n    <\/div>\r\n<\/div>\r\n            <\/div>\r\n<\/section>\r\n<!-- END Block Features -->\n\n\n<h2 class=\"wp-block-heading\"><strong>Kompatibel med forskellige typer porte<\/strong><\/h2>\n\n\n\n<p>BAS-IP porttelefoner kan integreres med forskellige portmekanismer, hvilket giver en problemfri kommunikationsoplevelse for brugerne:<\/p>\n\n\n\n<ol class=\"wp-block-list\">\n<li><strong>Svingporte:<\/strong> Disse porte \u00e5bner og lukker med en svingende bev\u00e6gelse, enten indad eller udad. De er popul\u00e6re i bolig- og erhvervsmilj\u00f8er p\u00e5 grund af deres klassiske udseende og brugervenlighed.<\/li>\n\n\n\n<li><strong>Skydeporte:<\/strong> Almindeligt anvendt i erhvervs- og industrimilj\u00f8er, skydeporte bev\u00e6ger sig vandret langs et spor for at \u00e5bne og lukke.<\/li>\n\n\n\n<li><strong>Bomme:<\/strong> Ofte fundet p\u00e5 parkeringspladser og omr\u00e5der med adgangskontrol, bomme bruger en lodret arm til at kontrollere ind- og udk\u00f8rsel.<\/li>\n\n\n\n<li><strong>Foldeporte:<\/strong> Disse porte best\u00e5r af to paneler, der foldes sammen ved \u00e5bning, hvilket sparer plads og giver et stilfuldt udseende.<\/li>\n\n\n\n<li><strong>Vertikale l\u00f8fteporte:<\/strong> Typisk anvendt i omr\u00e5der med h\u00f8j sikkerhed, vertikale l\u00f8fteporte bev\u00e6ger sig op og ned for at \u00e5bne og lukke.<\/li>\n\n\n\n<li><strong>Drejekors:<\/strong> Almindeligt i offentlige transportknudepunkter og nogle erhvervsbygninger, drejekors kontrollerer adgangen ved kun at tillade \u00e9n person at passere ad gangen.<\/li>\n\n\n\n<li><strong>Fodg\u00e6ngerporte:<\/strong> Disse porte er designet specifikt til fodg\u00e6ngertrafik og kan findes i forskellige milj\u00f8er, s\u00e5som boligomr\u00e5der, parker eller erhvervskomplekser.<\/li>\n<\/ol>\n\n\n\n<p>BAS-IP intercomens tilpasningsevne g\u00f8r den til et ideelt valg for en bred vifte af porttyper, hvilket sikrer effektiv og sikker adgangskontrol for bolig-, erhvervs- og industri-ejendomme.<\/p>\n\n\n\n<h2 class=\"wp-block-heading\"><strong>Forst\u00e5else af komponenterne i et BAS-IP intercomsystem til porte<\/strong><\/h2>\n\n\n\n<p>BAS-IP porttelefonsystemer best\u00e5r af tre hovedkomponenter, der hver is\u00e6r spiller en afg\u00f8rende rolle i at skabe et omfattende og effektivt portadgangs-intercomsystem:<\/p>\n\n\n<!-- START Block Features --><section id=\"block_643053d1c3f45\" class=\"features-section\">\r\n\t\r\n    <div class=\"features-list\">\r\n                    <div class=\"features-item\" data-aos=\"fade-up\">\r\n    <div class=\"features-box\">\r\n                    <div class=\"image-holder\">\r\n                <img loading=\"lazy\" decoding=\"async\" width=\"350\" height=\"320\" src=\"https:\/\/bas-ip.com\/wp-content\/uploads\/2023\/04\/7-1-350x320.jpg\" class=\"attachment-thumbnail_350x320 size-thumbnail_350x320\" alt=\"\" \/>            <\/div>\r\n        \r\n        <div class=\"text-holder\">\r\n                        <h3 class=\"title-block\">IP intercom d\u00f8rpaneler<\/h3>\r\n          \r\n                        <div class=\"text-block\">\r\n                <p>BAS-IP d\u00f8rindgangspaneler fungerer som den prim\u00e6re gr\u00e6nseflade for dit porttelefonsystem. De er designet til at v\u00e6re holdbare, vejrbestandige og nemme at bruge. Med en r\u00e6kke designs og finish kan disse paneler tilpasses, s\u00e5 de passer til din ejendoms \u00e6stetik. Med indbyggede kameraer, mikrofoner og h\u00f8jttalere giver BAS-IP d\u00f8rpaneler krystalklar lyd- og videokommunikation mellem den bes\u00f8gende og beboeren eller sikkerhedspersonalet.<\/p>\n              <\/div>\r\n                  <\/div>\r\n    <\/div>\r\n<\/div>\r\n                    <div class=\"features-item\" data-aos=\"fade-up\">\r\n    <div class=\"features-box\">\r\n                    <div class=\"image-holder\">\r\n                <img loading=\"lazy\" decoding=\"async\" width=\"350\" height=\"320\" src=\"https:\/\/bas-ip.com\/wp-content\/uploads\/2023\/04\/8-1-350x320.jpg\" class=\"attachment-thumbnail_350x320 size-thumbnail_350x320\" alt=\"\" \/>            <\/div>\r\n        \r\n        <div class=\"text-holder\">\r\n                        <h3 class=\"title-block\">Video telefoner<\/h3>\r\n          \r\n                        <div class=\"text-block\">\r\n                <p>BAS-IP videod\u00f8rtelefoner fungerer som den interne gr\u00e6nseflade for dit intercomsystem, hvilket giver dig mulighed for at se og tale med bes\u00f8gende ved din port. Disse enheder tilbyder video- og lydkommunikation af h\u00f8j kvalitet, hvilket sikrer, at du tydeligt kan identificere og kommunikere med dine bes\u00f8gende, f\u00f8r du giver dem adgang til din ejendom.<\/p>\n              <\/div>\r\n                  <\/div>\r\n    <\/div>\r\n<\/div>\r\n                    <div class=\"features-item\" data-aos=\"fade-up\">\r\n    <div class=\"features-box\">\r\n                    <div class=\"image-holder\">\r\n                <img loading=\"lazy\" decoding=\"async\" width=\"350\" height=\"320\" src=\"https:\/\/bas-ip.com\/wp-content\/uploads\/2023\/04\/9-1-350x320.jpg\" class=\"attachment-thumbnail_350x320 size-thumbnail_350x320\" alt=\"\" \/>            <\/div>\r\n        \r\n        <div class=\"text-holder\">\r\n                        <h3 class=\"title-block\">POE-omskiftere<\/h3>\r\n          \r\n                        <div class=\"text-block\">\r\n                <p>Power over Ethernet (POE) switches er en essentiel komponent i et BAS-IP intercomsystem til elektriske porte. De leverer b\u00e5de str\u00f8m og dataforbindelse til dine intercomenheder ved hj\u00e6lp af et enkelt Ethernet-kabel. Dette forenkler installationen, reducerer kabelrod og sikrer en p\u00e5lidelig h\u00f8jhastighedsforbindelse mellem dine portintercomkomponenter.<\/p>\n              <\/div>\r\n                  <\/div>\r\n    <\/div>\r\n<\/div>\r\n            <\/div>\r\n<\/section>\r\n<!-- END Block Features -->\n\n<!-- START Block FAQ --><section id=\"block_6421c0e7ae86e\" class=\"faq-section\">\r\n\t\t    <h2 class=\"title-section\" data-aos=\"fade-right\">Ofte stillede sp\u00f8rgsm\u00e5l<\/h2>\r\n\t\t\t    <div class=\"faq-list js-accordion\" data-aos=\"fade-up\">\r\n\t\t\t\t\t\t\t\t\t\t\t    <div class=\"accordion-item faq-item\">\r\n                        <div class=\"accordion-opener\">\r\n                            Q: Kan jeg bruge et BAS-IP intercom-gatesystem med mit eksisterende IP lokale netv\u00e6rk?                            <i class=\"fa-solid fa-chevron-down\"><\/i>\r\n                        <\/div>\r\n                        <div class=\"accordion-slide\">\r\n\t\t\t\t\t\t    <p>Ja, BAS-IP porttelefonsystemer er designet til at fungere problemfrit inden for dit eksisterende IP-lokalnetv\u00e6rk, hvilket g\u00f8r integrationen nem og problemfri.<\/p>\n                        <\/div>\r\n\t\t\t\t\t<\/div>\r\n\t\t\t\t\t\t\t\t\t\t\t\t\t\t\t    <div class=\"accordion-item faq-item\">\r\n                        <div class=\"accordion-opener\">\r\n                            Q: Hvordan fungerer BAS-IP samtaleanl\u00e6g til porte over lange afstande?                            <i class=\"fa-solid fa-chevron-down\"><\/i>\r\n                        <\/div>\r\n                        <div class=\"accordion-slide\">\r\n\t\t\t\t\t\t    <p>BAS-IP porttelefonsystemer er designet til at fungere effektivt over lange afstande, hvilket g\u00f8r dem til et ideelt valg for ejendomme med spredte adgangspunkter eller store faciliteter.<\/p>\n                        <\/div>\r\n\t\t\t\t\t<\/div>\r\n\t\t\t\t\t\t\t\t\t\t\t\t\t\t\t    <div class=\"accordion-item faq-item\">\r\n                        <div class=\"accordion-opener\">\r\n                            Q: Hvordan kan jeg integrere mit BAS-IP gate video intercom med mit eksisterende IP CCTV system?                            <i class=\"fa-solid fa-chevron-down\"><\/i>\r\n                        <\/div>\r\n                        <div class=\"accordion-slide\">\r\n\t\t\t\t\t\t    <p>BAS-IP porttelefonsystemer kan nemt integreres med din eksisterende IP CCTV-infrastruktur, hvilket giver dig mulighed for at administrere og overv\u00e5ge din ejendoms adgangspunkter ved hj\u00e6lp af den samme gr\u00e6nseflade som dine overv\u00e5gningskameraer.<\/p>\n                        <\/div>\r\n\t\t\t\t\t<\/div>\r\n\t\t\t\t\t\t\t\t\t\t\t\t\t\t\t    <div class=\"accordion-item faq-item\">\r\n                        <div class=\"accordion-opener\">\r\n                            Q: Er det muligt at styre flere porte ved hj\u00e6lp af en enkelt BAS-IP samtaleanl\u00e6g?                            <i class=\"fa-solid fa-chevron-down\"><\/i>\r\n                        <\/div>\r\n                        <div class=\"accordion-slide\">\r\n\t\t\t\t\t\t    <p>Ja, med BAS-IP SH-42 dobbeltl\u00e5smodulet kan du styre to porte samtidigt ved hj\u00e6lp af et enkelt porttelefonsystem. Denne funktion er perfekt til ejendomme med flere adgangspunkter eller separate indgange for fodg\u00e6ngere og k\u00f8ret\u00f8jer.<\/p>\n                        <\/div>\r\n\t\t\t\t\t<\/div>\r\n\t\t\t\t\t\t\t\t\t<\/div>\r\n\t<\/section>\r\n<!-- END Block FAQ -->\n\n\n<p>BAS-IP porttelefonsystemer tilbyder en perfekt blanding af bekvemmelighed, sikkerhed og avanceret teknologi for uovertruffen kontrol over din ejendoms adgang. Med unikke funktioner s\u00e5som problemfri IP-lokalnetv\u00e6rksintegration, langdistanceforbindelse, PC-baseret portkontrol, dobbeltl\u00e5smodulfunktionalitet, IP CCTV-systemintegration og kompatibilitet med nummerpladegenkendelseskameraer, er BAS-IP intercomsystemer til porte et enest\u00e5ende valg for enhver ejendomsejer, der \u00f8nsker at forbedre deres adgangsstyring.<\/p>\n\n\n\n<p>Ved at v\u00e6lge et BAS-IP frontporttelefonsystem investerer du i en l\u00f8sning, der let kan tilpasse sig dine behov, vokse med din ejendom og give dig den ro i sindet, der f\u00f8lger med at vide, at din ejendom er sikker og kun tilg\u00e6ngelig for dem, du stoler p\u00e5. Oplev den forskel, et BAS-IP porttelefonsystem kan g\u00f8re for din ejendom i dag.<\/p>","protected":false},"excerpt":{"rendered":"<p>Gate Intercom System: Forbedre din sikkerhed Velkommen til fremtiden for ejendomsadgangsstyring, hvor bekvemmelighed, sikkerhed og banebrydende teknologi forenes. Med et BAS-IP porttelefonsystem kan du opleve uovertruffen kontrol over din ejendoms adgangspunkter. Uanset om det er en privatbolig, et lejlighedskompleks eller en erhvervsejendom, tilbyder vores porttelefonsystemer unikke funktioner, der im\u00f8dekommer ethvert behov. Vi vil dykke ned [&hellip;]<\/p>","protected":false},"author":1,"featured_media":0,"parent":0,"menu_order":0,"comment_status":"closed","ping_status":"closed","template":"","meta":{"inline_featured_image":false,"footnotes":""},"class_list":["post-133749","page","type-page","status-publish","hentry"],"acf":[],"_links":{"self":[{"href":"https:\/\/bas-ip.com\/da\/wp-json\/wp\/v2\/pages\/133749","targetHints":{"allow":["GET"]}}],"collection":[{"href":"https:\/\/bas-ip.com\/da\/wp-json\/wp\/v2\/pages"}],"about":[{"href":"https:\/\/bas-ip.com\/da\/wp-json\/wp\/v2\/types\/page"}],"author":[{"embeddable":true,"href":"https:\/\/bas-ip.com\/da\/wp-json\/wp\/v2\/users\/1"}],"replies":[{"embeddable":true,"href":"https:\/\/bas-ip.com\/da\/wp-json\/wp\/v2\/comments?post=133749"}],"version-history":[{"count":3,"href":"https:\/\/bas-ip.com\/da\/wp-json\/wp\/v2\/pages\/133749\/revisions"}],"predecessor-version":[{"id":133844,"href":"https:\/\/bas-ip.com\/da\/wp-json\/wp\/v2\/pages\/133749\/revisions\/133844"}],"wp:attachment":[{"href":"https:\/\/bas-ip.com\/da\/wp-json\/wp\/v2\/media?parent=133749"}],"curies":[{"name":"wp","href":"https:\/\/api.w.org\/{rel}","templated":true}]}}