{"id":133468,"date":"2023-03-27T12:22:38","date_gmt":"2023-03-27T12:22:38","guid":{"rendered":"https:\/\/bas-ip.com\/school\/"},"modified":"2025-03-12T10:11:32","modified_gmt":"2025-03-12T10:11:32","slug":"school","status":"publish","type":"page","link":"https:\/\/bas-ip.com\/da\/school\/","title":{"rendered":"Skole"},"content":{"rendered":"<h1 class=\"wp-block-heading\"><strong>Samtalesystemer til skoler<\/strong><\/h1>\n\n\n\n<p>I dagens verden er problemfri kommunikation og sikkerhed essentielle komponenter i enhver uddannelsesinstitution. Et effektivt skole intercom-system sikrer ikke kun hurtig kommunikation, men forbedrer ogs\u00e5 sikkerheden for elever, l\u00e6rere og personale. Her kommer BAS-IP intercom-systemet til skoler, den ultimative l\u00f8sning, der kombinerer robust teknologi, innovative funktioner og uovertruffen ydeevne. Denne artikel dykker ned i de vigtigste funktioner og fordele ved BAS-IP intercom-systemerne og viser, hvorfor de er det bedste valg for din skole.<\/p>\n\n\n\n<h2 class=\"wp-block-heading\"><strong>Kraften ved IP-intercom til skoler<\/strong><\/h2>\n\n\n\n<h3 class=\"wp-block-heading\"><strong>Kabelf\u00f8rt IP-intercomsystem: Det overlegne valg<\/strong><\/h3>\n\n\n\n<p>Selvom tr\u00e5dl\u00f8se intercom-systemer tilbyder en vis grad af bekvemmelighed, giver kablede IP-intercom-systemer et h\u00f8jere niveau af p\u00e5lidelighed, sikkerhed og ydeevne. Ved at bruge BAS-IP intercom-systemet til skoler investerer du i en sikker og stabil l\u00f8sning, der garanterer uafbrudt kommunikation og kontrol.<\/p>\n\n\n\n<h3 class=\"wp-block-heading\"><strong>En omfattende l\u00f8sning til uddannelsesinstitutioner<\/strong><\/h3>\n\n\n\n<p>BAS-IP intercom-systemet er designet til at im\u00f8dekomme behovene hos skoler, universiteter og college. Det integrerer problemfrit lydpaneler, concierge-terminaler og POE-switches, og skaber et samlet kommunikationsnetv\u00e6rk, der b\u00e5de er effektivt og omkostningseffektivt. Med sine unikke funktioner, s\u00e5som temperaturoverv\u00e5gning ved skoleindgangen, sikrer dette intercom-system \u00f8get sikkerhed og komfort for alle brugere.<\/p>\n\n\n\n<h2 class=\"wp-block-heading\"><strong>N\u00f8glekomponenter i BAS-IP School Intercom System<\/strong><\/h2>\n\n\n<!-- START Block Features --><section id=\"block_6430565dc8a2b\" class=\"features-section\">\r\n\t\r\n    <div class=\"features-list\">\r\n                    <div class=\"features-item\" data-aos=\"fade-up\">\r\n    <div class=\"features-box\">\r\n                    <div class=\"image-holder\">\r\n                <img loading=\"lazy\" decoding=\"async\" width=\"350\" height=\"320\" src=\"https:\/\/bas-ip.com\/wp-content\/uploads\/2023\/04\/1-4-350x320.jpg\" class=\"attachment-thumbnail_350x320 size-thumbnail_350x320\" alt=\"\" \/>            <\/div>\r\n        \r\n        <div class=\"text-holder\">\r\n                        <h3 class=\"title-block\">BAS-IP AV-04AFD lydpanel<\/h3>\r\n          \r\n                        <div class=\"text-block\">\r\n                <p>AV-04AFD lydpanelet er en overkommelig og funktionel intercom-l\u00f8sning, der er designet specifikt til uddannelsesinstitutioner. Det muligg\u00f8r krystalklar kommunikation mellem forskellige omr\u00e5der af skolen, samtidig med at det sikrer hurtig adgangskontrol.<\/p>\n              <\/div>\r\n                  <\/div>\r\n    <\/div>\r\n<\/div>\r\n                    <div class=\"features-item\" data-aos=\"fade-up\">\r\n    <div class=\"features-box\">\r\n                    <div class=\"image-holder\">\r\n                <img loading=\"lazy\" decoding=\"async\" width=\"350\" height=\"320\" src=\"https:\/\/bas-ip.com\/wp-content\/uploads\/2023\/04\/2-4-350x320.jpg\" class=\"attachment-thumbnail_350x320 size-thumbnail_350x320\" alt=\"\" \/>            <\/div>\r\n        \r\n        <div class=\"text-holder\">\r\n                        <h3 class=\"title-block\">BAS-IP AM-02 Concierge Terminal<\/h3>\r\n          \r\n                        <div class=\"text-block\">\r\n                <p>AM-02 concierge-terminalen fungerer som et centralt kontrolpunkt for hele intercom-systemet, hvilket g\u00f8r det muligt for personalet at h\u00e5ndtere opkald, overv\u00e5ge indgange og give adgang med lethed. Dens brugervenlige gr\u00e6nseflade g\u00f8r den til det perfekte valg for effektiv kommunikation og administration.<\/p>\n              <\/div>\r\n                  <\/div>\r\n    <\/div>\r\n<\/div>\r\n                    <div class=\"features-item\" data-aos=\"fade-up\">\r\n    <div class=\"features-box\">\r\n                    <div class=\"image-holder\">\r\n                <img loading=\"lazy\" decoding=\"async\" width=\"350\" height=\"320\" src=\"https:\/\/bas-ip.com\/wp-content\/uploads\/2023\/04\/3-4-350x320.jpg\" class=\"attachment-thumbnail_350x320 size-thumbnail_350x320\" alt=\"\" \/>            <\/div>\r\n        \r\n        <div class=\"text-holder\">\r\n                        <h3 class=\"title-block\">BAS-IP SH-20.16 16-Port POE Switch<\/h3>\r\n          \r\n                        <div class=\"text-block\">\r\n                <p>SH-20.16 16-port POE-switchen leverer den n\u00f8dvendige str\u00f8m og tilslutning til BAS-IP intercom-systemet, hvilket sikrer en j\u00e6vn og uafbrudt ydeevne p\u00e5 hele skolecampus.<\/p>\n              <\/div>\r\n                  <\/div>\r\n    <\/div>\r\n<\/div>\r\n                    <div class=\"features-item\" data-aos=\"fade-up\">\r\n    <div class=\"features-box\">\r\n                    <div class=\"image-holder\">\r\n                <img loading=\"lazy\" decoding=\"async\" width=\"350\" height=\"320\" src=\"https:\/\/bas-ip.com\/wp-content\/uploads\/2023\/04\/4-4-350x320.jpg\" class=\"attachment-thumbnail_350x320 size-thumbnail_350x320\" alt=\"\" \/>            <\/div>\r\n        \r\n        <div class=\"text-holder\">\r\n                        <h3 class=\"title-block\">BAS-IP SH-31TM Temperaturmodel<\/h3>\r\n          \r\n                        <div class=\"text-block\">\r\n                <p>SH-31TM temperaturmodellen kan installeres ved skoleindgangen, hvilket muligg\u00f8r overv\u00e5gning af temperaturen i realtid og hj\u00e6lper med at opretholde et sundt milj\u00f8 for elever, personale og bes\u00f8gende. Ved at tilf\u00f8je dette ekstra lag af sikkerhed kan din skole proaktivt h\u00e5ndtere potentielle sundhedsproblemer og sikre alles velv\u00e6re p\u00e5 campus.<\/p>\n              <\/div>\r\n                  <\/div>\r\n    <\/div>\r\n<\/div>\r\n                    <div class=\"features-item features-full-width\" data-aos=\"fade-up\">\r\n    <div class=\"features-box image-position-left\">\r\n                <div class=\"image-holder\">\r\n            <img loading=\"lazy\" decoding=\"async\" width=\"1\" height=\"1\" src=\"https:\/\/bas-ip.com\/wp-content\/uploads\/2023\/04\/school-1.svg\" class=\"attachment-thumbnail_350x320 size-thumbnail_350x320\" alt=\"\" \/>          <\/div>\r\n      \r\n      <div class=\"text-holder\">\r\n                        <h3 class=\"title-block\">Udnyttelse af IP-netv\u00e6rk til problemfri integration<\/h3>\r\n          \r\n                        <div class=\"text-block\">\r\n                <p>BAS-IP intercom-systemer er designet til at fungere problemfrit inden for din skoles eksisterende IP-lokalnetv\u00e6rk, hvilket muligg\u00f8r nem installation og vedligeholdelse. Denne integration fremmer bedre kommunikation, adgangskontrol og sikkerhed p\u00e5 tv\u00e6rs af uddannelsesinstitutionen.<\/p>\n              <\/div>\r\n                <\/div>\r\n    <\/div>\r\n<\/div>\r\n                    <div class=\"features-item features-full-width\" data-aos=\"fade-up\">\r\n    <div class=\"features-box image-position-right\">\r\n                <div class=\"image-holder\">\r\n            <img loading=\"lazy\" decoding=\"async\" width=\"1\" height=\"1\" src=\"https:\/\/bas-ip.com\/wp-content\/uploads\/2023\/04\/collage-1.svg\" class=\"attachment-thumbnail_350x320 size-thumbnail_350x320\" alt=\"\" \/>          <\/div>\r\n      \r\n      <div class=\"text-holder\">\r\n                        <h3 class=\"title-block\">Fjernadgang og kontrol fra din pc<\/h3>\r\n          \r\n                        <div class=\"text-block\">\r\n                <p>Med BAS-IP\u2019s avancerede intercom-system kan skolens personale nemt bruge deres pc\u2019er til at kommunikere via intercom, overv\u00e5ge indgange og kontrollere d\u00f8radgang. Denne fleksibilitet muligg\u00f8r forbedrede responstider og st\u00f8rre effektivitet i h\u00e5ndteringen af daglige opgaver og n\u00f8dsituationer.<\/p>\n              <\/div>\r\n                <\/div>\r\n    <\/div>\r\n<\/div>\r\n            <\/div>\r\n<\/section>\r\n<!-- END Block Features -->\n\n<!-- START Block FAQ --><section id=\"block_64218de5ac119\" class=\"faq-section\">\r\n\t\t    <h2 class=\"title-section\" data-aos=\"fade-right\">Ofte stillede sp\u00f8rgsm\u00e5l<\/h2>\r\n\t\t\t    <div class=\"faq-list js-accordion\" data-aos=\"fade-up\">\r\n\t\t\t\t\t\t\t\t\t\t\t    <div class=\"accordion-item faq-item\">\r\n                        <div class=\"accordion-opener\">\r\n                            Q: Kan BAS-IP samtaleanl\u00e6gget til skoler nemt integreres i vores eksisterende infrastruktur?                            <i class=\"fa-solid fa-chevron-down\"><\/i>\r\n                        <\/div>\r\n                        <div class=\"accordion-slide\">\r\n\t\t\t\t\t\t    <p>Ja, BAS-IP intercom-systemer kan nemt integreres i din skoles eksisterende IP-lokalnetv\u00e6rk, hvilket muligg\u00f8r en problemfri og omkostningseffektiv installationsproces.<\/p>\n                        <\/div>\r\n\t\t\t\t\t<\/div>\r\n\t\t\t\t\t\t\t\t\t\t\t\t\t\t\t    <div class=\"accordion-item faq-item\">\r\n                        <div class=\"accordion-opener\">\r\n                            Q: Hvordan sikrer BAS-IP samtaleanl\u00e6gget sikkerheden for vores elever og medarbejdere?                            <i class=\"fa-solid fa-chevron-down\"><\/i>\r\n                        <\/div>\r\n                        <div class=\"accordion-slide\">\r\n\t\t\t\t\t\t    <p>BAS-IP intercom-systemet tilbyder flere sikkerhedsfunktioner, s\u00e5som temperaturoverv\u00e5gning ved indgange, hurtig adgangskontrol og muligheden for at overv\u00e5ge og administrere kommunikation og d\u00f8radgang fra din pc, hvilket sikrer et trygt milj\u00f8 for alle.<\/p>\n                        <\/div>\r\n\t\t\t\t\t<\/div>\r\n\t\t\t\t\t\t\t\t\t\t\t\t\t\t\t    <div class=\"accordion-item faq-item\">\r\n                        <div class=\"accordion-opener\">\r\n                            Q: Er BAS-IP samtaleanl\u00e6gget kompatibelt med andre kommunikationsenheder og systemer?                            <i class=\"fa-solid fa-chevron-down\"><\/i>\r\n                        <\/div>\r\n                        <div class=\"accordion-slide\">\r\n\t\t\t\t\t\t    <p>Ja, BAS-IP intercom-systemet er designet til at arbejde problemfrit med en r\u00e6kke kommunikationsenheder og -systemer, hvilket giver en omfattende og fleksibel l\u00f8sning til din skoles kommunikationsbehov.<\/p>\n                        <\/div>\r\n\t\t\t\t\t<\/div>\r\n\t\t\t\t\t\t\t\t\t\t\t\t\t\t\t    <div class=\"accordion-item faq-item\">\r\n                        <div class=\"accordion-opener\">\r\n                            Q: Hvor p\u00e5lidelige er kablede IP-intercom-systemer sammenlignet med tr\u00e5dl\u00f8se intercom-systemer?                            <i class=\"fa-solid fa-chevron-down\"><\/i>\r\n                        <\/div>\r\n                        <div class=\"accordion-slide\">\r\n\t\t\t\t\t\t    <p>Kablede IP-intercom-systemer, som BAS-IP intercom-systemet til skoler, tilbyder overlegen p\u00e5lidelighed, sikkerhed og ydeevne sammenlignet med tr\u00e5dl\u00f8se intercom-systemer. De sikrer stabil, uafbrudt kommunikation og kontrol, hvilket g\u00f8r dem til det ideelle valg for uddannelsesinstitutioner.<\/p>\n                        <\/div>\r\n\t\t\t\t\t<\/div>\r\n\t\t\t\t\t\t\t\t\t\t\t\t\t\t\t    <div class=\"accordion-item faq-item\">\r\n                        <div class=\"accordion-opener\">\r\n                            Q: Kan vi tilpasse BAS-IP samtaleanl\u00e6gget til at opfylde de specifikke behov p\u00e5 vores skole?                            <i class=\"fa-solid fa-chevron-down\"><\/i>\r\n                        <\/div>\r\n                        <div class=\"accordion-slide\">\r\n\t\t\t\t\t\t    <p>Ja, BAS-IP intercom-systemet er meget tilpasseligt og kan skr\u00e6ddersys til at im\u00f8dekomme din skoles unikke behov. Dets modul\u00e6re design g\u00f8r det muligt at tilf\u00f8je forskellige komponenter, s\u00e5som temperaturmodellen, for at forbedre sikkerhed og funktionalitet.<\/p>\n                        <\/div>\r\n\t\t\t\t\t<\/div>\r\n\t\t\t\t\t\t\t\t\t<\/div>\r\n\t<\/section>\r\n<!-- END Block FAQ -->\n\n\n<p>At investere i et p\u00e5lideligt, funktionelt og sikkert intercom-system er afg\u00f8rende for sikkerheden og effektiviteten i enhver uddannelsesinstitution. BAS-IP intercom-systemet til skoler tilbyder uovertruffen ydeevne, innovative funktioner og problemfri integration med eksisterende IP-netv\u00e6rk. Ved at v\u00e6lge BAS-IP investerer du i fremtiden for din skoles kommunikations- og sikkerhedsinfrastruktur. Oplev revolutionen inden for kommunikation med det bedste skole-intercom-system \u2013 BAS-IP. Forbedr din uddannelsesinstitutions sikkerhed, kommunikation og det samlede milj\u00f8, og sikr velv\u00e6re for elever, personale og bes\u00f8gende. G\u00e5 ikke p\u00e5 kompromis med kvaliteten; stol p\u00e5 BAS-IP for at levere exceptionel ydeevne og p\u00e5lidelighed til din skole.<\/p>","protected":false},"excerpt":{"rendered":"<p>Samtalesystemer til skoler I dagens verden er problemfri kommunikation og sikkerhed essentielle komponenter i enhver uddannelsesinstitution. Et effektivt skole intercom-system sikrer ikke kun hurtig kommunikation, men forbedrer ogs\u00e5 sikkerheden for elever, l\u00e6rere og personale. Her kommer BAS-IP intercom-systemet til skoler, den ultimative l\u00f8sning, der kombinerer robust teknologi, innovative funktioner og uovertruffen ydeevne. Denne artikel dykker [&hellip;]<\/p>","protected":false},"author":1,"featured_media":0,"parent":0,"menu_order":0,"comment_status":"closed","ping_status":"closed","template":"","meta":{"inline_featured_image":false,"footnotes":""},"class_list":["post-133468","page","type-page","status-publish","hentry"],"acf":[],"_links":{"self":[{"href":"https:\/\/bas-ip.com\/da\/wp-json\/wp\/v2\/pages\/133468","targetHints":{"allow":["GET"]}}],"collection":[{"href":"https:\/\/bas-ip.com\/da\/wp-json\/wp\/v2\/pages"}],"about":[{"href":"https:\/\/bas-ip.com\/da\/wp-json\/wp\/v2\/types\/page"}],"author":[{"embeddable":true,"href":"https:\/\/bas-ip.com\/da\/wp-json\/wp\/v2\/users\/1"}],"replies":[{"embeddable":true,"href":"https:\/\/bas-ip.com\/da\/wp-json\/wp\/v2\/comments?post=133468"}],"version-history":[{"count":3,"href":"https:\/\/bas-ip.com\/da\/wp-json\/wp\/v2\/pages\/133468\/revisions"}],"predecessor-version":[{"id":133533,"href":"https:\/\/bas-ip.com\/da\/wp-json\/wp\/v2\/pages\/133468\/revisions\/133533"}],"wp:attachment":[{"href":"https:\/\/bas-ip.com\/da\/wp-json\/wp\/v2\/media?parent=133468"}],"curies":[{"name":"wp","href":"https:\/\/api.w.org\/{rel}","templated":true}]}}